



{"id":1103,"date":"2018-03-16T12:25:48","date_gmt":"2018-03-16T10:25:48","guid":{"rendered":"https:\/\/igfae.usc.es\/centrosingular\/?page_id=1103"},"modified":"2024-02-06T13:41:51","modified_gmt":"2024-02-06T11:41:51","slug":"outreach-2024","status":"publish","type":"page","link":"https:\/\/igfae.usc.es\/~igfae-old\/outreach-2024\/","title":{"rendered":"Outreach"},"content":{"rendered":"<p>[vc_row full_width=&#8221;stretch_row&#8221; foundry_padding=&#8221;pt0 pb0&#8243; foundry_parallax=&#8221;not-parallax&#8221; css=&#8221;.vc_custom_1511969745245{background-image: url(https:\/\/igfae.usc.es\/~igfae-old\/wp-content\/uploads\/2017\/11\/fondo.jpg?id=122) !important;}&#8221;][vc_column][vc_row_inner][vc_column_inner width=&#8221;5\/12&#8243; css=&#8221;.vc_custom_1511969894880{margin-bottom: 0px !important;padding-bottom: 0px !important;}&#8221;][vc_single_image image=&#8221;1293&#8243; img_size=&#8221;full&#8221;][\/vc_column_inner][vc_column_inner width=&#8221;5\/12&#8243; offset=&#8221;vc_col-lg-offset-1&#8243; css=&#8221;.vc_custom_1536316223177{margin-bottom: 0px !important;padding-top: 60px !important;padding-bottom: 0px !important;}&#8221;][vc_column_text css=&#8221;.vc_custom_1631534722652{margin-top: 0px !important;padding-top: 0px !important;}&#8221;]<\/p>\n<h2><span style=\"color: #065dc4;\"><strong>MASTERCLASS<\/strong><\/span><\/h2>\n<p class=\"lead\">IGFAE hosts a Masterclass in particle physics in spring every year. During this activity, we invite Galician high school students to participate and become high energy physicists for one day. The students take a day off from school to analyse data of the CMS experiment at the Large Hadron Collider (LHC) under the supervision of IGFAE scientists. At the end of the day, the students discuss the obtained results in a video conference other scientists at CERN or Femilab, and with other participating institutes from around the world. This gives students the experience of working in an international collaboration, which is part of CERN\u2019s everyday life.<\/p>\n<p class=\"lead\">The Masterclass at IGFAE is part of an annual program called International Masterclasses. Scientists at about 210 universities and laboratories host Masterclasses at their home institutions. The Masterclasses this year are organized from February until April in more than 50 countries worldwide.<\/p>\n<p class=\"lead\">More information: <a href=\"http:\/\/igfae.usc.es\/masterclass\/\">http:\/\/igfae.usc.es\/masterclass\/<\/a><\/p>\n<h2><span style=\"color: #065dc4;\"><strong>MASTERCLASS &#8220;Day of Women and Girls in Science&#8221;<\/strong><\/span><\/h2>\n<p class=\"lead\">IGFAE believes it is essential to promote the full and equitable access and participation of all people in science. Moved by this same principle of equity, the\u00a0General Assembly of\u00a0United Nations proclaimed February 11 as the \u201cInternational Day of Women and Girls in Science\u201d. For the second year in a row, IGFAE joins this anniversary with an event aimed at female high school students.<\/p>\n<p class=\"lead\">The objectives of the masterclass are, on the one hand, to bring female high school students closer to the work of the researchers of the institute, thus making visible the scientific work carried out by women and promoting scientific vocations in girls. A series of introductory lectures on current Particle Physics will be given. In addition, a computer training will be done in groups with real data from a CERN experiment. Later, the results will be discussed by videoconference with CERN and other European centers that partcipate in the event simultaneously.<\/p>\n<p class=\"lead\">More information: <a href=\"https:\/\/igfae.usc.es\/masterclass_women_in_science\/\">https:\/\/igfae.usc.es\/masterclass_women_in_science\/<\/a><\/p>\n<p>[\/vc_column_text][\/vc_column_inner][\/vc_row_inner][\/vc_column][\/vc_row][vc_row full_width=&#8221;stretch_row&#8221;][vc_column css=&#8221;.vc_custom_1530095549496{padding-top: 45px !important;}&#8221;][vc_row_inner content_placement=&#8221;middle&#8221;][vc_column_inner width=&#8221;5\/12&#8243; css=&#8221;.vc_custom_1511969894880{margin-bottom: 0px !important;padding-bottom: 0px !important;}&#8221;][vc_column_text]<iframe loading=\"lazy\" src=\"https:\/\/www.youtube.com\/embed\/I_5mnUULU-I?list=PLrNPyN_QBwXNdWqPV3lxJXB7xz26OQ1Lz\" width=\"560\" height=\"315\" frameborder=\"0\" allowfullscreen=\"allowfullscreen\"><\/iframe>[\/vc_column_text][vc_column_text]<iframe loading=\"lazy\" src=\"https:\/\/www.youtube.com\/embed\/eB5OXKND6PM?list=PLrNPyN_QBwXOcXiJd-4O7CMqmXgjeP1aq\" width=\"560\" height=\"315\" frameborder=\"0\" allowfullscreen=\"allowfullscreen\"><\/iframe>[\/vc_column_text][\/vc_column_inner][vc_column_inner width=&#8221;5\/12&#8243; offset=&#8221;vc_col-lg-offset-1&#8243; css=&#8221;.vc_custom_1512057467443{margin-bottom: 0px !important;padding-top: 25px !important;padding-bottom: 0px !important;}&#8221;][vc_column_text css=&#8221;.vc_custom_1549790274708{margin-top: 0px !important;padding-top: 0px !important;}&#8221;]<\/p>\n<h2><span style=\"color: #065dc4;\"><strong>STORIES AT WEATHER FORECAST TIME<\/strong><\/span><\/h2>\n<p class=\"lead\">In autumn 2015 a crew of the TV station VTv (grupo La Voz de Galicia), lead by Xavier Fonseca, traveled to Geneva, Bern and Berlin accompanied by IGFAE researchers to record two special series of the TV program \u201cHistorias del Tiempo\u201d. This program gives the weather forecast every night at 9pm accompanied by a short five minute scientific report. The two video series consisted of one set of nineteen episodes to commemorate the centenary of Einsteins\u2019 General Relativity and an special of eleven Particle Physics programs focused on CERN activities and beyond. These videos were shown on TV during spring, summer and fall of 2016 and also linked from \u201cLa Voz de Galicia\u201d web page attaining tens of thousands of visions.<\/p>\n<p class=\"lead\">The scientific advising of the videos was done by\u00a0Jos\u00e9 Edelstein, Javier Mas and Cibr\u00e1n Santamarina (IGFAE) and the special was partially funded by IGFAE and\u00a0Vicerreitor\u00eda de Comunicaci\u00f3n e Coordinaci\u00f3n of USC. Xavier Fonseca was awarded the VII CPAN outreach prize in the video modality for the CERN series of these specials.\u00a0The two series of videos can be seen in his youtube channel.<\/p>\n<p>[\/vc_column_text][\/vc_column_inner][\/vc_row_inner][vc_row_inner content_placement=&#8221;middle&#8221;][vc_column_inner width=&#8221;5\/12&#8243; css=&#8221;.vc_custom_1511969894880{margin-bottom: 0px !important;padding-bottom: 0px !important;}&#8221;][vc_column_text]<iframe loading=\"lazy\" src=\"https:\/\/www.youtube.com\/embed\/yURu_enF-vE\" width=\"560\" height=\"315\" frameborder=\"0\" allowfullscreen=\"allowfullscreen\"><\/iframe>[\/vc_column_text][\/vc_column_inner][vc_column_inner width=&#8221;5\/12&#8243; offset=&#8221;vc_col-lg-offset-1&#8243; css=&#8221;.vc_custom_1512057467443{margin-bottom: 0px !important;padding-top: 25px !important;padding-bottom: 0px !important;}&#8221;][vc_column_text css=&#8221;.vc_custom_1561643691559{margin-top: 0px !important;padding-top: 0px !important;}&#8221;]<\/p>\n<h2><span style=\"color: #065dc4;\"><strong>SCIENTIFIC SUMMER CAMPUS<\/strong><\/span><\/h2>\n<p class=\"lead\">Every year, members of the Department of Particle Physics of the University of Santiago de Compostela and the Galician Institute of High Energy Physics participate in the Summer Scientific Campus\u00a0 through the program &#8220;A Ponte entre o Ensino Medio a USC&#8221; of the University of Santiago de Compostela.<\/p>\n<p class=\"lead\">The Summer Campus Scientific Program is organized by the Spanish Foundation for Science and Technology (FECYT) and the Ministry of Education, Culture and Sports, with the support of the Obra Social &#8220;la Caixa&#8221;. The purpose of this program is to promote the interest of students in 4th ESO and 1st year of Bachillerato in Spain for science, technology and innovation, and encourage access to scientific-technical qualifications.<\/p>\n<p>[\/vc_column_text][\/vc_column_inner][\/vc_row_inner][\/vc_column][\/vc_row]<\/p>\n","protected":false},"excerpt":{"rendered":"<p>[vc_row full_width=&#8221;stretch_row&#8221; foundry_padding=&#8221;pt0 pb0&#8243; foundry_parallax=&#8221;not-parallax&#8221; css=&#8221;.vc_custom_1511969745245{background-image: url(https:\/\/igfae.usc.es\/~igfae-old\/wp-content\/uploads\/2017\/11\/fondo.jpg?id=122) !important;}&#8221;][vc_column][vc_row_inner][vc_column_inner width=&#8221;5\/12&#8243; css=&#8221;.vc_custom_1511969894880{margin-bottom: 0px !important;padding-bottom: 0px !important;}&#8221;][vc_single_image image=&#8221;1293&#8243; img_size=&#8221;full&#8221;][\/vc_column_inner][vc_column_inner width=&#8221;5\/12&#8243; offset=&#8221;vc_col-lg-offset-1&#8243; css=&#8221;.vc_custom_1536316223177{margin-bottom: 0px !important;padding-top:&#8230;<\/p>\n","protected":false},"author":1,"featured_media":120,"parent":0,"menu_order":0,"comment_status":"closed","ping_status":"closed","template":"","meta":{"om_disable_all_campaigns":false,"_monsterinsights_skip_tracking":false,"_monsterinsights_sitenote_active":false,"_monsterinsights_sitenote_note":"","_monsterinsights_sitenote_category":0},"aioseo_notices":[],"yoast_head":"<!-- This site is optimized with the Yoast SEO plugin v18.4.1 - https:\/\/yoast.com\/wordpress\/plugins\/seo\/ -->\n<title>Outreach - IGFAE<\/title>\n<meta name=\"robots\" content=\"index, follow, max-snippet:-1, max-image-preview:large, max-video-preview:-1\" \/>\n<link rel=\"canonical\" href=\"https:\/\/igfae.usc.es\/~igfae-old\/outreach-2024\/\" \/>\n<meta property=\"og:locale\" content=\"en_US\" \/>\n<meta property=\"og:type\" content=\"article\" \/>\n<meta property=\"og:title\" content=\"Outreach - IGFAE\" \/>\n<meta property=\"og:description\" content=\"[vc_row full_width=&#8221;stretch_row&#8221; foundry_padding=&#8221;pt0 pb0&#8243; foundry_parallax=&#8221;not-parallax&#8221; css=&#8221;.vc_custom_1511969745245{background-image: url(https:\/\/igfae.usc.es\/~igfae-old\/wp-content\/uploads\/2017\/11\/fondo.jpg?id=122) !important;}&#8221;][vc_column][vc_row_inner][vc_column_inner width=&#8221;5\/12&#8243; css=&#8221;.vc_custom_1511969894880{margin-bottom: 0px !important;padding-bottom: 0px !important;}&#8221;][vc_single_image image=&#8221;1293&#8243; img_size=&#8221;full&#8221;][\/vc_column_inner][vc_column_inner width=&#8221;5\/12&#8243; offset=&#8221;vc_col-lg-offset-1&#8243; css=&#8221;.vc_custom_1536316223177{margin-bottom: 0px !important;padding-top:...\" \/>\n<meta property=\"og:url\" content=\"https:\/\/igfae.usc.es\/~igfae-old\/outreach-2024\/\" \/>\n<meta property=\"og:site_name\" content=\"IGFAE\" \/>\n<meta property=\"article:modified_time\" content=\"2024-02-06T11:41:51+00:00\" \/>\n<meta property=\"og:image\" content=\"https:\/\/igfae.usc.es\/~igfae-old\/wp-content\/uploads\/2017\/11\/Transicion-azul-Indicadores.png\" \/>\n\t<meta property=\"og:image:width\" content=\"1920\" \/>\n\t<meta property=\"og:image:height\" content=\"847\" \/>\n\t<meta property=\"og:image:type\" content=\"image\/png\" \/>\n<meta name=\"twitter:card\" content=\"summary_large_image\" \/>\n<meta name=\"twitter:site\" content=\"@igfae_hep\" \/>\n<meta name=\"twitter:label1\" content=\"Est. reading time\" \/>\n\t<meta name=\"twitter:data1\" content=\"4 minutes\" \/>\n<script type=\"application\/ld+json\" class=\"yoast-schema-graph\">{\"@context\":\"https:\/\/schema.org\",\"@graph\":[{\"@type\":\"WebSite\",\"@id\":\"https:\/\/igfae.usc.es\/~igfae-old\/#website\",\"url\":\"https:\/\/igfae.usc.es\/~igfae-old\/\",\"name\":\"IGFAE\",\"description\":\"Instituto Galego de F\u00edsica de Altas Enerx\u00edas\",\"potentialAction\":[{\"@type\":\"SearchAction\",\"target\":{\"@type\":\"EntryPoint\",\"urlTemplate\":\"https:\/\/igfae.usc.es\/~igfae-old\/?s={search_term_string}\"},\"query-input\":\"required name=search_term_string\"}],\"inLanguage\":\"en-US\"},{\"@type\":\"ImageObject\",\"@id\":\"https:\/\/igfae.usc.es\/~igfae-old\/outreach-2024\/#primaryimage\",\"inLanguage\":\"en-US\",\"url\":\"https:\/\/igfae.usc.es\/~igfae-old\/wp-content\/uploads\/2017\/11\/Transicion-azul-Indicadores.png\",\"contentUrl\":\"https:\/\/igfae.usc.es\/~igfae-old\/wp-content\/uploads\/2017\/11\/Transicion-azul-Indicadores.png\",\"width\":1920,\"height\":847},{\"@type\":\"WebPage\",\"@id\":\"https:\/\/igfae.usc.es\/~igfae-old\/outreach-2024\/#webpage\",\"url\":\"https:\/\/igfae.usc.es\/~igfae-old\/outreach-2024\/\",\"name\":\"Outreach - IGFAE\",\"isPartOf\":{\"@id\":\"https:\/\/igfae.usc.es\/~igfae-old\/#website\"},\"primaryImageOfPage\":{\"@id\":\"https:\/\/igfae.usc.es\/~igfae-old\/outreach-2024\/#primaryimage\"},\"datePublished\":\"2018-03-16T10:25:48+00:00\",\"dateModified\":\"2024-02-06T11:41:51+00:00\",\"breadcrumb\":{\"@id\":\"https:\/\/igfae.usc.es\/~igfae-old\/outreach-2024\/#breadcrumb\"},\"inLanguage\":\"en-US\",\"potentialAction\":[{\"@type\":\"ReadAction\",\"target\":[\"https:\/\/igfae.usc.es\/~igfae-old\/outreach-2024\/\"]}]},{\"@type\":\"BreadcrumbList\",\"@id\":\"https:\/\/igfae.usc.es\/~igfae-old\/outreach-2024\/#breadcrumb\",\"itemListElement\":[{\"@type\":\"ListItem\",\"position\":1,\"name\":\"Home\",\"item\":\"https:\/\/igfae.usc.es\/~igfae-old\/\"},{\"@type\":\"ListItem\",\"position\":2,\"name\":\"Outreach\"}]}]}<\/script>\n<!-- \/ Yoast SEO plugin. -->","yoast_head_json":{"title":"Outreach - IGFAE","robots":{"index":"index","follow":"follow","max-snippet":"max-snippet:-1","max-image-preview":"max-image-preview:large","max-video-preview":"max-video-preview:-1"},"canonical":"https:\/\/igfae.usc.es\/~igfae-old\/outreach-2024\/","og_locale":"en_US","og_type":"article","og_title":"Outreach - IGFAE","og_description":"[vc_row full_width=&#8221;stretch_row&#8221; foundry_padding=&#8221;pt0 pb0&#8243; foundry_parallax=&#8221;not-parallax&#8221; css=&#8221;.vc_custom_1511969745245{background-image: url(https:\/\/igfae.usc.es\/~igfae-old\/wp-content\/uploads\/2017\/11\/fondo.jpg?id=122) !important;}&#8221;][vc_column][vc_row_inner][vc_column_inner width=&#8221;5\/12&#8243; css=&#8221;.vc_custom_1511969894880{margin-bottom: 0px !important;padding-bottom: 0px !important;}&#8221;][vc_single_image image=&#8221;1293&#8243; img_size=&#8221;full&#8221;][\/vc_column_inner][vc_column_inner width=&#8221;5\/12&#8243; offset=&#8221;vc_col-lg-offset-1&#8243; css=&#8221;.vc_custom_1536316223177{margin-bottom: 0px !important;padding-top:...","og_url":"https:\/\/igfae.usc.es\/~igfae-old\/outreach-2024\/","og_site_name":"IGFAE","article_modified_time":"2024-02-06T11:41:51+00:00","og_image":[{"width":1920,"height":847,"url":"https:\/\/igfae.usc.es\/~igfae-old\/wp-content\/uploads\/2017\/11\/Transicion-azul-Indicadores.png","type":"image\/png"}],"twitter_card":"summary_large_image","twitter_site":"@igfae_hep","twitter_misc":{"Est. reading time":"4 minutes"},"schema":{"@context":"https:\/\/schema.org","@graph":[{"@type":"WebSite","@id":"https:\/\/igfae.usc.es\/~igfae-old\/#website","url":"https:\/\/igfae.usc.es\/~igfae-old\/","name":"IGFAE","description":"Instituto Galego de F\u00edsica de Altas Enerx\u00edas","potentialAction":[{"@type":"SearchAction","target":{"@type":"EntryPoint","urlTemplate":"https:\/\/igfae.usc.es\/~igfae-old\/?s={search_term_string}"},"query-input":"required name=search_term_string"}],"inLanguage":"en-US"},{"@type":"ImageObject","@id":"https:\/\/igfae.usc.es\/~igfae-old\/outreach-2024\/#primaryimage","inLanguage":"en-US","url":"https:\/\/igfae.usc.es\/~igfae-old\/wp-content\/uploads\/2017\/11\/Transicion-azul-Indicadores.png","contentUrl":"https:\/\/igfae.usc.es\/~igfae-old\/wp-content\/uploads\/2017\/11\/Transicion-azul-Indicadores.png","width":1920,"height":847},{"@type":"WebPage","@id":"https:\/\/igfae.usc.es\/~igfae-old\/outreach-2024\/#webpage","url":"https:\/\/igfae.usc.es\/~igfae-old\/outreach-2024\/","name":"Outreach - IGFAE","isPartOf":{"@id":"https:\/\/igfae.usc.es\/~igfae-old\/#website"},"primaryImageOfPage":{"@id":"https:\/\/igfae.usc.es\/~igfae-old\/outreach-2024\/#primaryimage"},"datePublished":"2018-03-16T10:25:48+00:00","dateModified":"2024-02-06T11:41:51+00:00","breadcrumb":{"@id":"https:\/\/igfae.usc.es\/~igfae-old\/outreach-2024\/#breadcrumb"},"inLanguage":"en-US","potentialAction":[{"@type":"ReadAction","target":["https:\/\/igfae.usc.es\/~igfae-old\/outreach-2024\/"]}]},{"@type":"BreadcrumbList","@id":"https:\/\/igfae.usc.es\/~igfae-old\/outreach-2024\/#breadcrumb","itemListElement":[{"@type":"ListItem","position":1,"name":"Home","item":"https:\/\/igfae.usc.es\/~igfae-old\/"},{"@type":"ListItem","position":2,"name":"Outreach"}]}]}},"_links":{"self":[{"href":"https:\/\/igfae.usc.es\/~igfae-old\/wp-json\/wp\/v2\/pages\/1103"}],"collection":[{"href":"https:\/\/igfae.usc.es\/~igfae-old\/wp-json\/wp\/v2\/pages"}],"about":[{"href":"https:\/\/igfae.usc.es\/~igfae-old\/wp-json\/wp\/v2\/types\/page"}],"author":[{"embeddable":true,"href":"https:\/\/igfae.usc.es\/~igfae-old\/wp-json\/wp\/v2\/users\/1"}],"replies":[{"embeddable":true,"href":"https:\/\/igfae.usc.es\/~igfae-old\/wp-json\/wp\/v2\/comments?post=1103"}],"version-history":[{"count":39,"href":"https:\/\/igfae.usc.es\/~igfae-old\/wp-json\/wp\/v2\/pages\/1103\/revisions"}],"predecessor-version":[{"id":15223,"href":"https:\/\/igfae.usc.es\/~igfae-old\/wp-json\/wp\/v2\/pages\/1103\/revisions\/15223"}],"wp:featuredmedia":[{"embeddable":true,"href":"https:\/\/igfae.usc.es\/~igfae-old\/wp-json\/wp\/v2\/media\/120"}],"wp:attachment":[{"href":"https:\/\/igfae.usc.es\/~igfae-old\/wp-json\/wp\/v2\/media?parent=1103"}],"curies":[{"name":"wp","href":"https:\/\/api.w.org\/{rel}","templated":true}]}}