



{"id":10082,"date":"2021-09-20T09:47:00","date_gmt":"2021-09-20T07:47:00","guid":{"rendered":"https:\/\/igfae.usc.es\/~igfae-old\/?page_id=10082"},"modified":"2021-09-24T09:50:43","modified_gmt":"2021-09-24T07:50:43","slug":"cloud-chamber-workshop","status":"publish","type":"page","link":"https:\/\/igfae.usc.es\/~igfae-old\/cloud-chamber-workshop\/","title":{"rendered":"Cloud chamber workshop"},"content":{"rendered":"<p>[vc_row full_width=&#8221;stretch_row&#8221; foundry_padding=&#8221;pt0 pb0&#8243; foundry_parallax=&#8221;not-parallax&#8221; css=&#8221;.vc_custom_1511969745245{background-image: url(https:\/\/igfae.usc.es\/~igfae-old\/wp-content\/uploads\/2017\/11\/fondo.jpg?id=122) !important;}&#8221;][vc_column][vc_row_inner][vc_column_inner width=&#8221;5\/12&#8243; css=&#8221;.vc_custom_1613646072263{margin-top: 40px !important;margin-bottom: 0px !important;margin-left: 40px !important;padding-bottom: 0px !important;}&#8221;][vc_column_text css=&#8221;.vc_custom_1632469839291{margin-top: 0px !important;padding-top: 0px !important;}&#8221;]<\/p>\n<p class=\"lead\">Seguindo co compromiso de divulgar a nosa actividade investigadora \u00e1 sociedade, o Instituto Galego de F\u00edsica de Altas Enerx\u00edas (IGFAE), a trav\u00e9s do seu laboratorio educativo EduLab, ofrece un obradoiro de construcci\u00f3n de c\u00e1maras de n\u00e9boa para profesorado de secundaria e bacharelato.<\/p>\n<p class=\"lead\">Os raios c\u00f3smicos son part\u00edculas subat\u00f3micas de alta enerx\u00eda que bombardean constantemente a Terra desde o espazo exterior. Miles destas part\u00edculas atravesan o noso planeta e a n\u00f3s mesmos cada segundo. Esta radiaci\u00f3n natural \u00e9 inofensiva e invisible, pero as pegadas que deixan as part\u00edculas poden verse utilizando unha c\u00e1mara de n\u00e9boa. Inventada a principios do s\u00e9culo XX, \u00e9 un dos primeiros e m\u00e1is sinxelos detectores de part\u00edculas subat\u00f3micas que se poden constru\u00edr. Coa colaboraci\u00f3n de MakerGal, o programa EduLab do IGFAE dese\u00f1ou un prototipo a partir do cal constru\u00edr estes detectores cun orzamento reducido e con materiais que non requiren dun mantemento nin manexo complexos.<\/p>\n<p class=\"lead\">Nesta actividade, impartiremos un obradoiro para profesorado de secundaria e bacharelato no que se ensinar\u00e1 o funcionamento b\u00e1sico destes dispositivos e o procedemento para montalos a partir dun kit de montaxe e de materiais proporcionado polo IGFAE. Unha vez finalizado o obradoiro, o detector entregarase aos centros educativos dos docentes con obxecto de que poida ser utilizado como recurso educativo.<\/p>\n<p class=\"lead\"><strong>Data:<\/strong> S\u00e1bado 9 de outubro.<br \/>\n<strong>Hora:<\/strong> 9:00 \u2013 13:00 h aproximadamente.<br \/>\n<strong>Lugar:<\/strong> Aula C (IGFAE).<\/p>\n<p class=\"lead\"><strong>Se queres participar neste obradoiro inscr\u00edbete no formulario ata o venres 1 de outubro. As prazas son limitadas.<\/strong><\/p>\n<p>[\/vc_column_text][vc_images_carousel images=&#8221;10153,10108&#8243; img_size=&#8221;large&#8221; onclick=&#8221;link_no&#8221; speed=&#8221;2500&#8243; autoplay=&#8221;yes&#8221; wrap=&#8221;yes&#8221;][\/vc_column_inner][vc_column_inner width=&#8221;5\/12&#8243; offset=&#8221;vc_col-lg-offset-1&#8243; css=&#8221;.vc_custom_1536316223177{margin-bottom: 0px !important;padding-top: 60px !important;padding-bottom: 0px !important;}&#8221;]<noscript class=\"ninja-forms-noscript-message\">\n\tNotice: JavaScript is required for this content.<\/noscript>\nThis form is currently undergoing maintenance. Please try again later.[\/vc_column_inner][\/vc_row_inner][\/vc_column][\/vc_row]<\/p>\n","protected":false},"excerpt":{"rendered":"<p>[vc_row full_width=&#8221;stretch_row&#8221; foundry_padding=&#8221;pt0 pb0&#8243; foundry_parallax=&#8221;not-parallax&#8221; css=&#8221;.vc_custom_1511969745245{background-image: url(https:\/\/igfae.usc.es\/~igfae-old\/wp-content\/uploads\/2017\/11\/fondo.jpg?id=122) !important;}&#8221;][vc_column][vc_row_inner][vc_column_inner width=&#8221;5\/12&#8243; css=&#8221;.vc_custom_1613646072263{margin-top: 40px !important;margin-bottom: 0px !important;margin-left: 40px !important;padding-bottom: 0px !important;}&#8221;][vc_column_text css=&#8221;.vc_custom_1632469839291{margin-top: 0px !important;padding-top:&#8230;<\/p>\n","protected":false},"author":21,"featured_media":120,"parent":0,"menu_order":0,"comment_status":"closed","ping_status":"closed","template":"","meta":{"om_disable_all_campaigns":false,"_monsterinsights_skip_tracking":false,"_monsterinsights_sitenote_active":false,"_monsterinsights_sitenote_note":"","_monsterinsights_sitenote_category":0},"aioseo_notices":[],"yoast_head":"<!-- This site is optimized with the Yoast SEO plugin v18.4.1 - https:\/\/yoast.com\/wordpress\/plugins\/seo\/ -->\n<title>Cloud chamber workshop - IGFAE<\/title>\n<meta name=\"robots\" content=\"index, follow, max-snippet:-1, max-image-preview:large, max-video-preview:-1\" \/>\n<link rel=\"canonical\" href=\"https:\/\/igfae.usc.es\/~igfae-old\/cloud-chamber-workshop\/\" \/>\n<meta property=\"og:locale\" content=\"en_US\" \/>\n<meta property=\"og:type\" content=\"article\" \/>\n<meta property=\"og:title\" content=\"Cloud chamber workshop - IGFAE\" \/>\n<meta property=\"og:description\" content=\"[vc_row full_width=&#8221;stretch_row&#8221; foundry_padding=&#8221;pt0 pb0&#8243; foundry_parallax=&#8221;not-parallax&#8221; css=&#8221;.vc_custom_1511969745245{background-image: url(https:\/\/igfae.usc.es\/~igfae-old\/wp-content\/uploads\/2017\/11\/fondo.jpg?id=122) !important;}&#8221;][vc_column][vc_row_inner][vc_column_inner width=&#8221;5\/12&#8243; css=&#8221;.vc_custom_1613646072263{margin-top: 40px !important;margin-bottom: 0px !important;margin-left: 40px !important;padding-bottom: 0px !important;}&#8221;][vc_column_text css=&#8221;.vc_custom_1632469839291{margin-top: 0px !important;padding-top:...\" \/>\n<meta property=\"og:url\" content=\"https:\/\/igfae.usc.es\/~igfae-old\/cloud-chamber-workshop\/\" \/>\n<meta property=\"og:site_name\" content=\"IGFAE\" \/>\n<meta property=\"article:modified_time\" content=\"2021-09-24T07:50:43+00:00\" \/>\n<meta property=\"og:image\" content=\"https:\/\/igfae.usc.es\/~igfae-old\/wp-content\/uploads\/2017\/11\/Transicion-azul-Indicadores.png\" \/>\n\t<meta property=\"og:image:width\" content=\"1920\" \/>\n\t<meta property=\"og:image:height\" content=\"847\" \/>\n\t<meta property=\"og:image:type\" content=\"image\/png\" \/>\n<meta name=\"twitter:card\" content=\"summary_large_image\" \/>\n<meta name=\"twitter:site\" content=\"@igfae_hep\" \/>\n<meta name=\"twitter:label1\" content=\"Est. reading time\" \/>\n\t<meta name=\"twitter:data1\" content=\"2 minutes\" \/>\n<script type=\"application\/ld+json\" class=\"yoast-schema-graph\">{\"@context\":\"https:\/\/schema.org\",\"@graph\":[{\"@type\":\"WebSite\",\"@id\":\"https:\/\/igfae.usc.es\/~igfae-old\/#website\",\"url\":\"https:\/\/igfae.usc.es\/~igfae-old\/\",\"name\":\"IGFAE\",\"description\":\"Instituto Galego de F\u00edsica de Altas Enerx\u00edas\",\"potentialAction\":[{\"@type\":\"SearchAction\",\"target\":{\"@type\":\"EntryPoint\",\"urlTemplate\":\"https:\/\/igfae.usc.es\/~igfae-old\/?s={search_term_string}\"},\"query-input\":\"required name=search_term_string\"}],\"inLanguage\":\"en-US\"},{\"@type\":\"ImageObject\",\"@id\":\"https:\/\/igfae.usc.es\/~igfae-old\/cloud-chamber-workshop\/#primaryimage\",\"inLanguage\":\"en-US\",\"url\":\"https:\/\/igfae.usc.es\/~igfae-old\/wp-content\/uploads\/2017\/11\/Transicion-azul-Indicadores.png\",\"contentUrl\":\"https:\/\/igfae.usc.es\/~igfae-old\/wp-content\/uploads\/2017\/11\/Transicion-azul-Indicadores.png\",\"width\":1920,\"height\":847},{\"@type\":\"WebPage\",\"@id\":\"https:\/\/igfae.usc.es\/~igfae-old\/cloud-chamber-workshop\/#webpage\",\"url\":\"https:\/\/igfae.usc.es\/~igfae-old\/cloud-chamber-workshop\/\",\"name\":\"Cloud chamber workshop - IGFAE\",\"isPartOf\":{\"@id\":\"https:\/\/igfae.usc.es\/~igfae-old\/#website\"},\"primaryImageOfPage\":{\"@id\":\"https:\/\/igfae.usc.es\/~igfae-old\/cloud-chamber-workshop\/#primaryimage\"},\"datePublished\":\"2021-09-20T07:47:00+00:00\",\"dateModified\":\"2021-09-24T07:50:43+00:00\",\"breadcrumb\":{\"@id\":\"https:\/\/igfae.usc.es\/~igfae-old\/cloud-chamber-workshop\/#breadcrumb\"},\"inLanguage\":\"en-US\",\"potentialAction\":[{\"@type\":\"ReadAction\",\"target\":[\"https:\/\/igfae.usc.es\/~igfae-old\/cloud-chamber-workshop\/\"]}]},{\"@type\":\"BreadcrumbList\",\"@id\":\"https:\/\/igfae.usc.es\/~igfae-old\/cloud-chamber-workshop\/#breadcrumb\",\"itemListElement\":[{\"@type\":\"ListItem\",\"position\":1,\"name\":\"Home\",\"item\":\"https:\/\/igfae.usc.es\/~igfae-old\/\"},{\"@type\":\"ListItem\",\"position\":2,\"name\":\"Cloud chamber workshop\"}]}]}<\/script>\n<!-- \/ Yoast SEO plugin. -->","yoast_head_json":{"title":"Cloud chamber workshop - IGFAE","robots":{"index":"index","follow":"follow","max-snippet":"max-snippet:-1","max-image-preview":"max-image-preview:large","max-video-preview":"max-video-preview:-1"},"canonical":"https:\/\/igfae.usc.es\/~igfae-old\/cloud-chamber-workshop\/","og_locale":"en_US","og_type":"article","og_title":"Cloud chamber workshop - IGFAE","og_description":"[vc_row full_width=&#8221;stretch_row&#8221; foundry_padding=&#8221;pt0 pb0&#8243; foundry_parallax=&#8221;not-parallax&#8221; css=&#8221;.vc_custom_1511969745245{background-image: url(https:\/\/igfae.usc.es\/~igfae-old\/wp-content\/uploads\/2017\/11\/fondo.jpg?id=122) !important;}&#8221;][vc_column][vc_row_inner][vc_column_inner width=&#8221;5\/12&#8243; css=&#8221;.vc_custom_1613646072263{margin-top: 40px !important;margin-bottom: 0px !important;margin-left: 40px !important;padding-bottom: 0px !important;}&#8221;][vc_column_text css=&#8221;.vc_custom_1632469839291{margin-top: 0px !important;padding-top:...","og_url":"https:\/\/igfae.usc.es\/~igfae-old\/cloud-chamber-workshop\/","og_site_name":"IGFAE","article_modified_time":"2021-09-24T07:50:43+00:00","og_image":[{"width":1920,"height":847,"url":"https:\/\/igfae.usc.es\/~igfae-old\/wp-content\/uploads\/2017\/11\/Transicion-azul-Indicadores.png","type":"image\/png"}],"twitter_card":"summary_large_image","twitter_site":"@igfae_hep","twitter_misc":{"Est. reading time":"2 minutes"},"schema":{"@context":"https:\/\/schema.org","@graph":[{"@type":"WebSite","@id":"https:\/\/igfae.usc.es\/~igfae-old\/#website","url":"https:\/\/igfae.usc.es\/~igfae-old\/","name":"IGFAE","description":"Instituto Galego de F\u00edsica de Altas Enerx\u00edas","potentialAction":[{"@type":"SearchAction","target":{"@type":"EntryPoint","urlTemplate":"https:\/\/igfae.usc.es\/~igfae-old\/?s={search_term_string}"},"query-input":"required name=search_term_string"}],"inLanguage":"en-US"},{"@type":"ImageObject","@id":"https:\/\/igfae.usc.es\/~igfae-old\/cloud-chamber-workshop\/#primaryimage","inLanguage":"en-US","url":"https:\/\/igfae.usc.es\/~igfae-old\/wp-content\/uploads\/2017\/11\/Transicion-azul-Indicadores.png","contentUrl":"https:\/\/igfae.usc.es\/~igfae-old\/wp-content\/uploads\/2017\/11\/Transicion-azul-Indicadores.png","width":1920,"height":847},{"@type":"WebPage","@id":"https:\/\/igfae.usc.es\/~igfae-old\/cloud-chamber-workshop\/#webpage","url":"https:\/\/igfae.usc.es\/~igfae-old\/cloud-chamber-workshop\/","name":"Cloud chamber workshop - IGFAE","isPartOf":{"@id":"https:\/\/igfae.usc.es\/~igfae-old\/#website"},"primaryImageOfPage":{"@id":"https:\/\/igfae.usc.es\/~igfae-old\/cloud-chamber-workshop\/#primaryimage"},"datePublished":"2021-09-20T07:47:00+00:00","dateModified":"2021-09-24T07:50:43+00:00","breadcrumb":{"@id":"https:\/\/igfae.usc.es\/~igfae-old\/cloud-chamber-workshop\/#breadcrumb"},"inLanguage":"en-US","potentialAction":[{"@type":"ReadAction","target":["https:\/\/igfae.usc.es\/~igfae-old\/cloud-chamber-workshop\/"]}]},{"@type":"BreadcrumbList","@id":"https:\/\/igfae.usc.es\/~igfae-old\/cloud-chamber-workshop\/#breadcrumb","itemListElement":[{"@type":"ListItem","position":1,"name":"Home","item":"https:\/\/igfae.usc.es\/~igfae-old\/"},{"@type":"ListItem","position":2,"name":"Cloud chamber workshop"}]}]}},"_links":{"self":[{"href":"https:\/\/igfae.usc.es\/~igfae-old\/wp-json\/wp\/v2\/pages\/10082"}],"collection":[{"href":"https:\/\/igfae.usc.es\/~igfae-old\/wp-json\/wp\/v2\/pages"}],"about":[{"href":"https:\/\/igfae.usc.es\/~igfae-old\/wp-json\/wp\/v2\/types\/page"}],"author":[{"embeddable":true,"href":"https:\/\/igfae.usc.es\/~igfae-old\/wp-json\/wp\/v2\/users\/21"}],"replies":[{"embeddable":true,"href":"https:\/\/igfae.usc.es\/~igfae-old\/wp-json\/wp\/v2\/comments?post=10082"}],"version-history":[{"count":6,"href":"https:\/\/igfae.usc.es\/~igfae-old\/wp-json\/wp\/v2\/pages\/10082\/revisions"}],"predecessor-version":[{"id":10221,"href":"https:\/\/igfae.usc.es\/~igfae-old\/wp-json\/wp\/v2\/pages\/10082\/revisions\/10221"}],"wp:featuredmedia":[{"embeddable":true,"href":"https:\/\/igfae.usc.es\/~igfae-old\/wp-json\/wp\/v2\/media\/120"}],"wp:attachment":[{"href":"https:\/\/igfae.usc.es\/~igfae-old\/wp-json\/wp\/v2\/media?parent=10082"}],"curies":[{"name":"wp","href":"https:\/\/api.w.org\/{rel}","templated":true}]}}