



{"id":9883,"date":"2021-09-14T13:34:44","date_gmt":"2021-09-14T11:34:44","guid":{"rendered":"https:\/\/igfae.usc.es\/~igfae-old\/?page_id=9883"},"modified":"2023-06-09T11:00:11","modified_gmt":"2023-06-09T09:00:11","slug":"igfae-labs","status":"publish","type":"page","link":"https:\/\/igfae.usc.es\/~igfae-old\/gl\/igfae-labs\/","title":{"rendered":"IGFAE Labs"},"content":{"rendered":"<p>[vc_row foundry_background_style=&#8221;bg-secondary&#8221;][vc_column css=&#8221;.vc_custom_1565621136979{margin-top: 40px !important;}&#8221;][vc_row_inner][vc_column_inner][vc_column_text]<\/p>\n<p class=\"lead\">Os Labs do IGFAE son uns espazos de recente creaci\u00f3n para dirixir e estruturar a nosa investigaci\u00f3n cara a unha investigaci\u00f3n e unha innovaci\u00f3n m\u00e1is responsable (RRI, Responsible Research &amp; Innovation) coa sociedade e a s\u00faa contorna m\u00e1is inmediata.<\/p>\n<p class=\"lead\">Esta nova estratexia de compromiso industrial e social divide as s\u00faas actividades en tres laboratorios que serven como espazos para discutir novas iniciativas con actores externos e colaboradores do IGFAE segundo tres \u00e1reas tem\u00e1ticas:<\/p>\n<p>[\/vc_column_text][vc_column_text css=&#8221;.vc_custom_1631618331609{border-left-width: 25px !important;padding-left: 10px !important;border-left-color: #055dbe !important;border-left-style: solid !important;}&#8221;]<\/p>\n<h4><span style=\"color: #055dbe;\"><strong>ArtLab<\/strong><\/span><\/h4>\n<p>[\/vc_column_text][vc_column_text]<\/p>\n<p class=\"lead\">ArtLab, un espazo de di\u00e1logo entre arte e ciencia composto por persoal investigador do IGFAE e colaboradores externos que propo\u00f1en e desenvolven novas ideas para fomentar as conversaci\u00f3ns entre as d\u00faas disciplinas.<\/p>\n<p class=\"lead\"><a href=\"https:\/\/igfae.usc.es\/labs\/area\/artlab\/\" target=\"_blank\" rel=\"noopener\">Co\u00f1ece m\u00e1is iniciativas de ArtLab.<\/a><\/p>\n<p>[\/vc_column_text][vc_column_text css=&#8221;.vc_custom_1631618384308{border-left-width: 25px !important;padding-left: 10px !important;border-left-color: #055dbe !important;border-left-style: solid !important;}&#8221;]<\/p>\n<h4><span style=\"color: #055dbe;\"><strong>EduLab<\/strong><\/span><\/h4>\n<p>[\/vc_column_text][vc_column_text]<\/p>\n<p class=\"lead\">EduLab, un foro de intercambio e co-creaci\u00f3n coa comunidade educativa onde persoal cient\u00edfico do IGFAE e membros da comunidade educativa (profesores, estudantes) \u00fanense para po\u00f1er en marcha novos proxectos colaborativos.<\/p>\n<p class=\"lead\"><a href=\"https:\/\/igfae.usc.es\/labs\/area\/edulab\/\" target=\"_blank\" rel=\"noopener\">Co\u00f1ece m\u00e1s iniciativas de EduLab.<\/a><\/p>\n<p>[\/vc_column_text][vc_column_text css=&#8221;.vc_custom_1631618398422{border-left-width: 25px !important;padding-left: 10px !important;border-left-color: #055dbe !important;border-left-style: solid !important;}&#8221;]<\/p>\n<h4><span style=\"color: #055dbe;\"><strong>TechLab<\/strong><\/span><\/h4>\n<p>[\/vc_column_text][vc_column_text]<\/p>\n<p class=\"lead\">TechLab son unha serie de talleres e intercambios coa industria para estimular a innovaci\u00f3n en colaboraci\u00f3n e a explotaci\u00f3n dos co\u00f1ecementos e resultados do IGFAE, as\u00ed como unha ferramenta para que o persoal investigador do IGFAE explore sa\u00eddas profesionais no sector.<\/p>\n<p class=\"lead\"><a href=\"https:\/\/igfae.usc.es\/labs\/area\/techlab\/\" target=\"_blank\" rel=\"noopener\">Co\u00f1ece m\u00e1s iniciativas de TechLab.<\/a><\/p>\n<p>[\/vc_column_text][\/vc_column_inner][\/vc_row_inner][\/vc_column][\/vc_row]<\/p>\n","protected":false},"excerpt":{"rendered":"<p>[vc_row foundry_background_style=&#8221;bg-secondary&#8221;][vc_column css=&#8221;.vc_custom_1565621136979{margin-top: 40px !important;}&#8221;][vc_row_inner][vc_column_inner][vc_column_text] Os Labs do IGFAE son uns espazos de recente creaci\u00f3n para dirixir e estruturar a nosa&#8230;<\/p>\n","protected":false},"author":21,"featured_media":1977,"parent":0,"menu_order":0,"comment_status":"closed","ping_status":"closed","template":"","meta":{"om_disable_all_campaigns":false,"_monsterinsights_skip_tracking":false,"_monsterinsights_sitenote_active":false,"_monsterinsights_sitenote_note":"","_monsterinsights_sitenote_category":0},"aioseo_notices":[],"yoast_head":"<!-- This site is optimized with the Yoast SEO plugin v18.4.1 - https:\/\/yoast.com\/wordpress\/plugins\/seo\/ -->\n<title>IGFAE Labs - IGFAE<\/title>\n<meta name=\"robots\" content=\"index, follow, max-snippet:-1, max-image-preview:large, max-video-preview:-1\" \/>\n<link rel=\"canonical\" href=\"https:\/\/igfae.usc.es\/~igfae-old\/gl\/igfae-labs\/\" \/>\n<meta property=\"og:locale\" content=\"gl_ES\" \/>\n<meta property=\"og:type\" content=\"article\" \/>\n<meta property=\"og:title\" content=\"IGFAE Labs - IGFAE\" \/>\n<meta property=\"og:description\" content=\"[vc_row foundry_background_style=&#8221;bg-secondary&#8221;][vc_column css=&#8221;.vc_custom_1565621136979{margin-top: 40px !important;}&#8221;][vc_row_inner][vc_column_inner][vc_column_text] Os Labs do IGFAE son uns espazos de recente creaci\u00f3n para dirixir e estruturar a nosa...\" \/>\n<meta property=\"og:url\" content=\"https:\/\/igfae.usc.es\/~igfae-old\/gl\/igfae-labs\/\" \/>\n<meta property=\"og:site_name\" content=\"IGFAE\" \/>\n<meta property=\"article:modified_time\" content=\"2023-06-09T09:00:11+00:00\" \/>\n<meta property=\"og:image\" content=\"https:\/\/igfae.usc.es\/~igfae-old\/wp-content\/uploads\/2017\/11\/Transicion-azul-Indicadores.png\" \/>\n\t<meta property=\"og:image:width\" content=\"1920\" \/>\n\t<meta property=\"og:image:height\" content=\"847\" \/>\n\t<meta property=\"og:image:type\" content=\"image\/png\" \/>\n<meta name=\"twitter:card\" content=\"summary_large_image\" \/>\n<meta name=\"twitter:site\" content=\"@igfae_hep\" \/>\n<meta name=\"twitter:label1\" content=\"Tempo de lectura\" \/>\n\t<meta name=\"twitter:data1\" content=\"2 minutos\" \/>\n<script type=\"application\/ld+json\" class=\"yoast-schema-graph\">{\"@context\":\"https:\/\/schema.org\",\"@graph\":[{\"@type\":\"WebSite\",\"@id\":\"https:\/\/igfae.usc.es\/~igfae-old\/#website\",\"url\":\"https:\/\/igfae.usc.es\/~igfae-old\/\",\"name\":\"IGFAE\",\"description\":\"Instituto Galego de F\u00edsica de Altas Enerx\u00edas\",\"potentialAction\":[{\"@type\":\"SearchAction\",\"target\":{\"@type\":\"EntryPoint\",\"urlTemplate\":\"https:\/\/igfae.usc.es\/~igfae-old\/?s={search_term_string}\"},\"query-input\":\"required name=search_term_string\"}],\"inLanguage\":\"gl-ES\"},{\"@type\":\"ImageObject\",\"@id\":\"https:\/\/igfae.usc.es\/~igfae-old\/gl\/igfae-labs\/#primaryimage\",\"inLanguage\":\"gl-ES\",\"url\":\"https:\/\/igfae.usc.es\/~igfae-old\/wp-content\/uploads\/2017\/11\/Transicion-azul-Indicadores.png\",\"contentUrl\":\"https:\/\/igfae.usc.es\/~igfae-old\/wp-content\/uploads\/2017\/11\/Transicion-azul-Indicadores.png\",\"width\":1920,\"height\":847},{\"@type\":\"WebPage\",\"@id\":\"https:\/\/igfae.usc.es\/~igfae-old\/gl\/igfae-labs\/#webpage\",\"url\":\"https:\/\/igfae.usc.es\/~igfae-old\/gl\/igfae-labs\/\",\"name\":\"IGFAE Labs - IGFAE\",\"isPartOf\":{\"@id\":\"https:\/\/igfae.usc.es\/~igfae-old\/#website\"},\"primaryImageOfPage\":{\"@id\":\"https:\/\/igfae.usc.es\/~igfae-old\/gl\/igfae-labs\/#primaryimage\"},\"datePublished\":\"2021-09-14T11:34:44+00:00\",\"dateModified\":\"2023-06-09T09:00:11+00:00\",\"breadcrumb\":{\"@id\":\"https:\/\/igfae.usc.es\/~igfae-old\/gl\/igfae-labs\/#breadcrumb\"},\"inLanguage\":\"gl-ES\",\"potentialAction\":[{\"@type\":\"ReadAction\",\"target\":[\"https:\/\/igfae.usc.es\/~igfae-old\/gl\/igfae-labs\/\"]}]},{\"@type\":\"BreadcrumbList\",\"@id\":\"https:\/\/igfae.usc.es\/~igfae-old\/gl\/igfae-labs\/#breadcrumb\",\"itemListElement\":[{\"@type\":\"ListItem\",\"position\":1,\"name\":\"Home\",\"item\":\"https:\/\/igfae.usc.es\/~igfae-old\/gl\/\"},{\"@type\":\"ListItem\",\"position\":2,\"name\":\"IGFAE Labs\"}]}]}<\/script>\n<!-- \/ Yoast SEO plugin. -->","yoast_head_json":{"title":"IGFAE Labs - IGFAE","robots":{"index":"index","follow":"follow","max-snippet":"max-snippet:-1","max-image-preview":"max-image-preview:large","max-video-preview":"max-video-preview:-1"},"canonical":"https:\/\/igfae.usc.es\/~igfae-old\/gl\/igfae-labs\/","og_locale":"gl_ES","og_type":"article","og_title":"IGFAE Labs - IGFAE","og_description":"[vc_row foundry_background_style=&#8221;bg-secondary&#8221;][vc_column css=&#8221;.vc_custom_1565621136979{margin-top: 40px !important;}&#8221;][vc_row_inner][vc_column_inner][vc_column_text] Os Labs do IGFAE son uns espazos de recente creaci\u00f3n para dirixir e estruturar a nosa...","og_url":"https:\/\/igfae.usc.es\/~igfae-old\/gl\/igfae-labs\/","og_site_name":"IGFAE","article_modified_time":"2023-06-09T09:00:11+00:00","og_image":[{"width":1920,"height":847,"url":"https:\/\/igfae.usc.es\/~igfae-old\/wp-content\/uploads\/2017\/11\/Transicion-azul-Indicadores.png","type":"image\/png"}],"twitter_card":"summary_large_image","twitter_site":"@igfae_hep","twitter_misc":{"Tempo de lectura":"2 minutos"},"schema":{"@context":"https:\/\/schema.org","@graph":[{"@type":"WebSite","@id":"https:\/\/igfae.usc.es\/~igfae-old\/#website","url":"https:\/\/igfae.usc.es\/~igfae-old\/","name":"IGFAE","description":"Instituto Galego de F\u00edsica de Altas Enerx\u00edas","potentialAction":[{"@type":"SearchAction","target":{"@type":"EntryPoint","urlTemplate":"https:\/\/igfae.usc.es\/~igfae-old\/?s={search_term_string}"},"query-input":"required name=search_term_string"}],"inLanguage":"gl-ES"},{"@type":"ImageObject","@id":"https:\/\/igfae.usc.es\/~igfae-old\/gl\/igfae-labs\/#primaryimage","inLanguage":"gl-ES","url":"https:\/\/igfae.usc.es\/~igfae-old\/wp-content\/uploads\/2017\/11\/Transicion-azul-Indicadores.png","contentUrl":"https:\/\/igfae.usc.es\/~igfae-old\/wp-content\/uploads\/2017\/11\/Transicion-azul-Indicadores.png","width":1920,"height":847},{"@type":"WebPage","@id":"https:\/\/igfae.usc.es\/~igfae-old\/gl\/igfae-labs\/#webpage","url":"https:\/\/igfae.usc.es\/~igfae-old\/gl\/igfae-labs\/","name":"IGFAE Labs - IGFAE","isPartOf":{"@id":"https:\/\/igfae.usc.es\/~igfae-old\/#website"},"primaryImageOfPage":{"@id":"https:\/\/igfae.usc.es\/~igfae-old\/gl\/igfae-labs\/#primaryimage"},"datePublished":"2021-09-14T11:34:44+00:00","dateModified":"2023-06-09T09:00:11+00:00","breadcrumb":{"@id":"https:\/\/igfae.usc.es\/~igfae-old\/gl\/igfae-labs\/#breadcrumb"},"inLanguage":"gl-ES","potentialAction":[{"@type":"ReadAction","target":["https:\/\/igfae.usc.es\/~igfae-old\/gl\/igfae-labs\/"]}]},{"@type":"BreadcrumbList","@id":"https:\/\/igfae.usc.es\/~igfae-old\/gl\/igfae-labs\/#breadcrumb","itemListElement":[{"@type":"ListItem","position":1,"name":"Home","item":"https:\/\/igfae.usc.es\/~igfae-old\/gl\/"},{"@type":"ListItem","position":2,"name":"IGFAE Labs"}]}]}},"_links":{"self":[{"href":"https:\/\/igfae.usc.es\/~igfae-old\/gl\/wp-json\/wp\/v2\/pages\/9883"}],"collection":[{"href":"https:\/\/igfae.usc.es\/~igfae-old\/gl\/wp-json\/wp\/v2\/pages"}],"about":[{"href":"https:\/\/igfae.usc.es\/~igfae-old\/gl\/wp-json\/wp\/v2\/types\/page"}],"author":[{"embeddable":true,"href":"https:\/\/igfae.usc.es\/~igfae-old\/gl\/wp-json\/wp\/v2\/users\/21"}],"replies":[{"embeddable":true,"href":"https:\/\/igfae.usc.es\/~igfae-old\/gl\/wp-json\/wp\/v2\/comments?post=9883"}],"version-history":[{"count":11,"href":"https:\/\/igfae.usc.es\/~igfae-old\/gl\/wp-json\/wp\/v2\/pages\/9883\/revisions"}],"predecessor-version":[{"id":13481,"href":"https:\/\/igfae.usc.es\/~igfae-old\/gl\/wp-json\/wp\/v2\/pages\/9883\/revisions\/13481"}],"wp:featuredmedia":[{"embeddable":true,"href":"https:\/\/igfae.usc.es\/~igfae-old\/gl\/wp-json\/wp\/v2\/media\/1977"}],"wp:attachment":[{"href":"https:\/\/igfae.usc.es\/~igfae-old\/gl\/wp-json\/wp\/v2\/media?parent=9883"}],"curies":[{"name":"wp","href":"https:\/\/api.w.org\/{rel}","templated":true}]}}