



{"id":4555,"date":"2019-09-06T13:49:32","date_gmt":"2019-09-06T11:49:32","guid":{"rendered":"https:\/\/igfae.usc.es\/centrosingular\/experiments\/ligo\/"},"modified":"2023-06-14T16:30:11","modified_gmt":"2023-06-14T14:30:11","slug":"ligo","status":"publish","type":"page","link":"https:\/\/igfae.usc.es\/~igfae-old\/gl\/experiments\/ligo\/","title":{"rendered":"LIGO"},"content":{"rendered":"<p>[vc_row full_width=&#8221;stretch_row&#8221; foundry_padding=&#8221;pt0 pb0&#8243; foundry_parallax=&#8221;not-parallax&#8221; css=&#8221;.vc_custom_1511969745245{background-image: url(https:\/\/igfae.usc.es\/~igfae-old\/wp-content\/uploads\/2017\/11\/fondo.jpg?id=122) !important;}&#8221;][vc_column][vc_row_inner content_placement=&#8221;top&#8221;][vc_column_inner width=&#8221;5\/12&#8243; css=&#8221;.vc_custom_1543710957781{margin-top: 0px !important;margin-bottom: 0px !important;padding-top: 0px !important;padding-bottom: 0px !important;background-image: url(https:\/\/igfae.usc.es\/~igfae-old\/wp-content\/uploads\/2018\/12\/DetectionSlide.jpg?id=1799) !important;background-position: center !important;background-repeat: no-repeat !important;background-size: cover !important;}&#8221;][vc_empty_space height=&#8221;500&#8243;][\/vc_column_inner][vc_column_inner width=&#8221;5\/12&#8243; offset=&#8221;vc_col-lg-offset-1&#8243; css=&#8221;.vc_custom_1531310250965{margin-bottom: 0px !important;padding-top: 25px !important;padding-right: 15px !important;padding-bottom: 0px !important;padding-left: 15px !important;}&#8221;][vc_column_text css=&#8221;.vc_custom_1686753009650{margin-top: 0px !important;padding-top: 0px !important;}&#8221;]<\/p>\n<h3><span style=\"color: #055dbe;\"><strong>LIGO<\/strong><\/span><\/h3>\n<p class=\"lead\">En outubro de 2018, o IGFAE uniuse \u00e1 Colaboraci\u00f3n Cient\u00edfica LIGO (LSC, LIGO Scientific Collaboration), unha iniciativa centrada na ciencia de ondas gravitacionais. Estas son oscilaci\u00f3ns no espazo-tempo preditas por Einstein hai m\u00e1is de 100 anos e observadas por primeira vez en setembro de 2015 polo Observatorio de Ondas Gravitacionais por Interferometr\u00eda L\u00e1ser (LIGO).<\/p>\n<p class=\"lead\">Estas primeiras detecci\u00f3ns foron reco\u00f1ecidas por, entre outros, o Premio Especial en F\u00edsica Fundamental en 2016 para as colaboraci\u00f3ns LIGO e Virgo \u2013inclu\u00eddos dous membros do IGFAE \u2013, e o Premio Nobel de F\u00edsica 2017 para tres cient\u00edficos pioneiros de LIGO.<\/p>\n<p class=\"lead\">Desde a detecci\u00f3n de m\u00e1is de 90 sinais de ondas gravitacionais nos tres primeiros periodos de observaci\u00f3n dos detectores avanzados LIGO e Virgo ata 2020, a rede de intercambio de datos ampliouse co novo detector criox\u00e9nico KAGRA no Xap\u00f3n. A cuarta rolda de observaci\u00f3n comezou en maio de 2023 cunha maior sensibilidade da rede, e esp\u00e9rase que produza centos de detecci\u00f3ns m\u00e1is nos pr\u00f3ximos 15 meses.<\/p>\n<p class=\"lead\">Despois de ser acreditado o IGFAE como Unidade de Excelencia \u00abMar\u00eda de Maeztu\u00bb en 2017, identificouse o estudo de ondas gravitacionais como unha li\u00f1a de investigaci\u00f3n cun impacto potencial moi alto, particularmente en relaci\u00f3n coa denominada \u00abastrof\u00edsica multimensaxero\u00bb. Esta \u00e9 unha rama da astrof\u00edsica que ten como obxectivo explotar a detecci\u00f3n de diferentes de tipos de sinais (fot\u00f3ns, ondas gravitacionais, raios c\u00f3smicos, neutrinos) para mellorar e complementar a informaci\u00f3n das fontes astrof\u00edsicas. Esta nova li\u00f1a tam\u00e9n ten sinerxias coas investigaci\u00f3ns actuais do Instituto, en concreto, coa forte participaci\u00f3n te\u00f3rica en moitos aspectos da gravidade, o uso de ondas gravitacionais como sondas de materia nuclear ultradensa en estrelas de neutr\u00f3ns, as\u00ed como con actividades experimentais no marco do Observatorio Pierre Auger, o detector de raios c\u00f3smicos de ultra alta enerx\u00eda m\u00e1is grande e preciso do mundo.<\/p>\n<p>[\/vc_column_text][\/vc_column_inner][\/vc_row_inner][\/vc_column][\/vc_row]<\/p>\n","protected":false},"excerpt":{"rendered":"<p>[vc_row full_width=&#8221;stretch_row&#8221; foundry_padding=&#8221;pt0 pb0&#8243; foundry_parallax=&#8221;not-parallax&#8221; css=&#8221;.vc_custom_1511969745245{background-image: url(https:\/\/igfae.usc.es\/~igfae-old\/wp-content\/uploads\/2017\/11\/fondo.jpg?id=122) !important;}&#8221;][vc_column][vc_row_inner content_placement=&#8221;top&#8221;][vc_column_inner width=&#8221;5\/12&#8243; css=&#8221;.vc_custom_1543710957781{margin-top: 0px !important;margin-bottom: 0px !important;padding-top: 0px !important;padding-bottom: 0px !important;background-image: url(https:\/\/igfae.usc.es\/~igfae-old\/wp-content\/uploads\/2018\/12\/DetectionSlide.jpg?id=1799) !important;background-position:&#8230;<\/p>\n","protected":false},"author":13,"featured_media":1977,"parent":2063,"menu_order":0,"comment_status":"closed","ping_status":"closed","template":"","meta":{"om_disable_all_campaigns":false,"_monsterinsights_skip_tracking":false,"_monsterinsights_sitenote_active":false,"_monsterinsights_sitenote_note":"","_monsterinsights_sitenote_category":0},"aioseo_notices":[],"yoast_head":"<!-- This site is optimized with the Yoast SEO plugin v18.4.1 - https:\/\/yoast.com\/wordpress\/plugins\/seo\/ -->\n<title>LIGO - IGFAE<\/title>\n<meta name=\"robots\" content=\"index, follow, max-snippet:-1, max-image-preview:large, max-video-preview:-1\" \/>\n<link rel=\"canonical\" href=\"https:\/\/igfae.usc.es\/~igfae-old\/gl\/experiments\/ligo\/\" \/>\n<meta property=\"og:locale\" content=\"gl_ES\" \/>\n<meta property=\"og:type\" content=\"article\" \/>\n<meta property=\"og:title\" content=\"LIGO - IGFAE\" \/>\n<meta property=\"og:description\" content=\"[vc_row full_width=&#8221;stretch_row&#8221; foundry_padding=&#8221;pt0 pb0&#8243; foundry_parallax=&#8221;not-parallax&#8221; css=&#8221;.vc_custom_1511969745245{background-image: url(https:\/\/igfae.usc.es\/~igfae-old\/wp-content\/uploads\/2017\/11\/fondo.jpg?id=122) !important;}&#8221;][vc_column][vc_row_inner content_placement=&#8221;top&#8221;][vc_column_inner width=&#8221;5\/12&#8243; css=&#8221;.vc_custom_1543710957781{margin-top: 0px !important;margin-bottom: 0px !important;padding-top: 0px !important;padding-bottom: 0px !important;background-image: url(https:\/\/igfae.usc.es\/~igfae-old\/wp-content\/uploads\/2018\/12\/DetectionSlide.jpg?id=1799) !important;background-position:...\" \/>\n<meta property=\"og:url\" content=\"https:\/\/igfae.usc.es\/~igfae-old\/gl\/experiments\/ligo\/\" \/>\n<meta property=\"og:site_name\" content=\"IGFAE\" \/>\n<meta property=\"article:modified_time\" content=\"2023-06-14T14:30:11+00:00\" \/>\n<meta property=\"og:image\" content=\"https:\/\/igfae.usc.es\/~igfae-old\/wp-content\/uploads\/2017\/11\/Transicion-azul-Indicadores.png\" \/>\n\t<meta property=\"og:image:width\" content=\"1920\" \/>\n\t<meta property=\"og:image:height\" content=\"847\" \/>\n\t<meta property=\"og:image:type\" content=\"image\/png\" \/>\n<meta name=\"twitter:card\" content=\"summary_large_image\" \/>\n<meta name=\"twitter:site\" content=\"@igfae_hep\" \/>\n<meta name=\"twitter:label1\" content=\"Tempo de lectura\" \/>\n\t<meta name=\"twitter:data1\" content=\"2 minutos\" \/>\n<script type=\"application\/ld+json\" class=\"yoast-schema-graph\">{\"@context\":\"https:\/\/schema.org\",\"@graph\":[{\"@type\":\"WebSite\",\"@id\":\"https:\/\/igfae.usc.es\/~igfae-old\/#website\",\"url\":\"https:\/\/igfae.usc.es\/~igfae-old\/\",\"name\":\"IGFAE\",\"description\":\"Instituto Galego de F\u00edsica de Altas Enerx\u00edas\",\"potentialAction\":[{\"@type\":\"SearchAction\",\"target\":{\"@type\":\"EntryPoint\",\"urlTemplate\":\"https:\/\/igfae.usc.es\/~igfae-old\/?s={search_term_string}\"},\"query-input\":\"required name=search_term_string\"}],\"inLanguage\":\"gl-ES\"},{\"@type\":\"ImageObject\",\"@id\":\"https:\/\/igfae.usc.es\/~igfae-old\/gl\/experiments\/ligo\/#primaryimage\",\"inLanguage\":\"gl-ES\",\"url\":\"https:\/\/igfae.usc.es\/~igfae-old\/wp-content\/uploads\/2017\/11\/Transicion-azul-Indicadores.png\",\"contentUrl\":\"https:\/\/igfae.usc.es\/~igfae-old\/wp-content\/uploads\/2017\/11\/Transicion-azul-Indicadores.png\",\"width\":1920,\"height\":847},{\"@type\":\"WebPage\",\"@id\":\"https:\/\/igfae.usc.es\/~igfae-old\/gl\/experiments\/ligo\/#webpage\",\"url\":\"https:\/\/igfae.usc.es\/~igfae-old\/gl\/experiments\/ligo\/\",\"name\":\"LIGO - IGFAE\",\"isPartOf\":{\"@id\":\"https:\/\/igfae.usc.es\/~igfae-old\/#website\"},\"primaryImageOfPage\":{\"@id\":\"https:\/\/igfae.usc.es\/~igfae-old\/gl\/experiments\/ligo\/#primaryimage\"},\"datePublished\":\"2019-09-06T11:49:32+00:00\",\"dateModified\":\"2023-06-14T14:30:11+00:00\",\"breadcrumb\":{\"@id\":\"https:\/\/igfae.usc.es\/~igfae-old\/gl\/experiments\/ligo\/#breadcrumb\"},\"inLanguage\":\"gl-ES\",\"potentialAction\":[{\"@type\":\"ReadAction\",\"target\":[\"https:\/\/igfae.usc.es\/~igfae-old\/gl\/experiments\/ligo\/\"]}]},{\"@type\":\"BreadcrumbList\",\"@id\":\"https:\/\/igfae.usc.es\/~igfae-old\/gl\/experiments\/ligo\/#breadcrumb\",\"itemListElement\":[{\"@type\":\"ListItem\",\"position\":1,\"name\":\"Home\",\"item\":\"https:\/\/igfae.usc.es\/~igfae-old\/gl\/\"},{\"@type\":\"ListItem\",\"position\":2,\"name\":\"Experimentos\",\"item\":\"https:\/\/igfae.usc.es\/~igfae-old\/gl\/experiments\/\"},{\"@type\":\"ListItem\",\"position\":3,\"name\":\"LIGO\"}]}]}<\/script>\n<!-- \/ Yoast SEO plugin. -->","yoast_head_json":{"title":"LIGO - IGFAE","robots":{"index":"index","follow":"follow","max-snippet":"max-snippet:-1","max-image-preview":"max-image-preview:large","max-video-preview":"max-video-preview:-1"},"canonical":"https:\/\/igfae.usc.es\/~igfae-old\/gl\/experiments\/ligo\/","og_locale":"gl_ES","og_type":"article","og_title":"LIGO - IGFAE","og_description":"[vc_row full_width=&#8221;stretch_row&#8221; foundry_padding=&#8221;pt0 pb0&#8243; foundry_parallax=&#8221;not-parallax&#8221; css=&#8221;.vc_custom_1511969745245{background-image: url(https:\/\/igfae.usc.es\/~igfae-old\/wp-content\/uploads\/2017\/11\/fondo.jpg?id=122) !important;}&#8221;][vc_column][vc_row_inner content_placement=&#8221;top&#8221;][vc_column_inner width=&#8221;5\/12&#8243; css=&#8221;.vc_custom_1543710957781{margin-top: 0px !important;margin-bottom: 0px !important;padding-top: 0px !important;padding-bottom: 0px !important;background-image: url(https:\/\/igfae.usc.es\/~igfae-old\/wp-content\/uploads\/2018\/12\/DetectionSlide.jpg?id=1799) !important;background-position:...","og_url":"https:\/\/igfae.usc.es\/~igfae-old\/gl\/experiments\/ligo\/","og_site_name":"IGFAE","article_modified_time":"2023-06-14T14:30:11+00:00","og_image":[{"width":1920,"height":847,"url":"https:\/\/igfae.usc.es\/~igfae-old\/wp-content\/uploads\/2017\/11\/Transicion-azul-Indicadores.png","type":"image\/png"}],"twitter_card":"summary_large_image","twitter_site":"@igfae_hep","twitter_misc":{"Tempo de lectura":"2 minutos"},"schema":{"@context":"https:\/\/schema.org","@graph":[{"@type":"WebSite","@id":"https:\/\/igfae.usc.es\/~igfae-old\/#website","url":"https:\/\/igfae.usc.es\/~igfae-old\/","name":"IGFAE","description":"Instituto Galego de F\u00edsica de Altas Enerx\u00edas","potentialAction":[{"@type":"SearchAction","target":{"@type":"EntryPoint","urlTemplate":"https:\/\/igfae.usc.es\/~igfae-old\/?s={search_term_string}"},"query-input":"required name=search_term_string"}],"inLanguage":"gl-ES"},{"@type":"ImageObject","@id":"https:\/\/igfae.usc.es\/~igfae-old\/gl\/experiments\/ligo\/#primaryimage","inLanguage":"gl-ES","url":"https:\/\/igfae.usc.es\/~igfae-old\/wp-content\/uploads\/2017\/11\/Transicion-azul-Indicadores.png","contentUrl":"https:\/\/igfae.usc.es\/~igfae-old\/wp-content\/uploads\/2017\/11\/Transicion-azul-Indicadores.png","width":1920,"height":847},{"@type":"WebPage","@id":"https:\/\/igfae.usc.es\/~igfae-old\/gl\/experiments\/ligo\/#webpage","url":"https:\/\/igfae.usc.es\/~igfae-old\/gl\/experiments\/ligo\/","name":"LIGO - IGFAE","isPartOf":{"@id":"https:\/\/igfae.usc.es\/~igfae-old\/#website"},"primaryImageOfPage":{"@id":"https:\/\/igfae.usc.es\/~igfae-old\/gl\/experiments\/ligo\/#primaryimage"},"datePublished":"2019-09-06T11:49:32+00:00","dateModified":"2023-06-14T14:30:11+00:00","breadcrumb":{"@id":"https:\/\/igfae.usc.es\/~igfae-old\/gl\/experiments\/ligo\/#breadcrumb"},"inLanguage":"gl-ES","potentialAction":[{"@type":"ReadAction","target":["https:\/\/igfae.usc.es\/~igfae-old\/gl\/experiments\/ligo\/"]}]},{"@type":"BreadcrumbList","@id":"https:\/\/igfae.usc.es\/~igfae-old\/gl\/experiments\/ligo\/#breadcrumb","itemListElement":[{"@type":"ListItem","position":1,"name":"Home","item":"https:\/\/igfae.usc.es\/~igfae-old\/gl\/"},{"@type":"ListItem","position":2,"name":"Experimentos","item":"https:\/\/igfae.usc.es\/~igfae-old\/gl\/experiments\/"},{"@type":"ListItem","position":3,"name":"LIGO"}]}]}},"_links":{"self":[{"href":"https:\/\/igfae.usc.es\/~igfae-old\/gl\/wp-json\/wp\/v2\/pages\/4555"}],"collection":[{"href":"https:\/\/igfae.usc.es\/~igfae-old\/gl\/wp-json\/wp\/v2\/pages"}],"about":[{"href":"https:\/\/igfae.usc.es\/~igfae-old\/gl\/wp-json\/wp\/v2\/types\/page"}],"author":[{"embeddable":true,"href":"https:\/\/igfae.usc.es\/~igfae-old\/gl\/wp-json\/wp\/v2\/users\/13"}],"replies":[{"embeddable":true,"href":"https:\/\/igfae.usc.es\/~igfae-old\/gl\/wp-json\/wp\/v2\/comments?post=4555"}],"version-history":[{"count":7,"href":"https:\/\/igfae.usc.es\/~igfae-old\/gl\/wp-json\/wp\/v2\/pages\/4555\/revisions"}],"predecessor-version":[{"id":13664,"href":"https:\/\/igfae.usc.es\/~igfae-old\/gl\/wp-json\/wp\/v2\/pages\/4555\/revisions\/13664"}],"up":[{"embeddable":true,"href":"https:\/\/igfae.usc.es\/~igfae-old\/gl\/wp-json\/wp\/v2\/pages\/2063"}],"wp:featuredmedia":[{"embeddable":true,"href":"https:\/\/igfae.usc.es\/~igfae-old\/gl\/wp-json\/wp\/v2\/media\/1977"}],"wp:attachment":[{"href":"https:\/\/igfae.usc.es\/~igfae-old\/gl\/wp-json\/wp\/v2\/media?parent=4555"}],"curies":[{"name":"wp","href":"https:\/\/api.w.org\/{rel}","templated":true}]}}