



{"id":4166,"date":"2019-10-22T22:52:04","date_gmt":"2019-10-22T20:52:04","guid":{"rendered":"https:\/\/igfae.usc.es\/centrosingular\/?page_id=4166"},"modified":"2024-12-18T19:22:43","modified_gmt":"2024-12-18T17:22:43","slug":"transparencia","status":"publish","type":"page","link":"https:\/\/igfae.usc.es\/~igfae-old\/gl\/transparencia\/","title":{"rendered":"Transparencia"},"content":{"rendered":"<p>[vc_row foundry_parallax=&#8221;not-parallax&#8221; css=&#8221;.vc_custom_1571151771808{background-color: rgba(249,249,249,0.52) !important;*background-color: rgb(249,249,249) !important;}&#8221;][vc_column][vc_tta_tour style=&#8221;flat&#8221; shape=&#8221;square&#8221; color=&#8221;sky&#8221; spacing=&#8221;&#8221; active_section=&#8221;1&#8243; no_fill_content_area=&#8221;true&#8221;][vc_tta_section i_icon_fontawesome=&#8221;fa fa-plus&#8221; add_icon=&#8221;true&#8221; title=&#8221;Introduci\u00f3n&#8221; tab_id=&#8221;1571067827576-a74a7881-9d68&#8243;][vc_column_text]<\/p>\n<p class=\"lead\">O IGFAE \u00e9 un centro de investigaci\u00f3n mixto da Universidade de Santiago de Compostela e da Xunta de Galicia, creado oficialmente o 2 de xullo de 1999. Desde ent\u00f3n, a s\u00faa misi\u00f3n bas\u00e9ase na coordinaci\u00f3n e a promoci\u00f3n da investigaci\u00f3n cient\u00edfica e t\u00e9cnica en varios campos: F\u00edsica de Altas Enerx\u00edas, F\u00edsica de Part\u00edculas e Nuclear e \u00e1reas relacionadas como Astrof\u00edsica, F\u00edsica M\u00e9dica e Instrumentaci\u00f3n.<\/p>\n<p class=\"lead\">Os valores do centro expl\u00edcanse polo desempe\u00f1o eficiente en termos de produci\u00f3n cient\u00edfica, adquisici\u00f3n de talento e recadaci\u00f3n de fondos, a posta en marcha dunha nova organizaci\u00f3n da investigaci\u00f3n en \u00c1reas Estrat\u00e9xicas (SA) e, finalmente, unha importante actividade internacional, especificamente dentro de grandes colaboraci\u00f3ns experimentais como o LHC, GSI \/ FAIR, o Observatorio Pierre Auger e LIGO.<\/p>\n<p class=\"lead\">As\u00ed mesmo, a planificaci\u00f3n e difusi\u00f3n das relaci\u00f3ns e a colaboraci\u00f3n con grandes instalaci\u00f3ns experimentais son de gran importancia para o instituto.<\/p>\n<p class=\"lead\">Os obxectivos de IGFAE incl\u00faen aumentar a eficiencia das instalaci\u00f3ns de investigaci\u00f3n e as capacidades tecnol\u00f3xicas, implementar unha estratexia de investigaci\u00f3n responsable e adaptar a xesti\u00f3n \u00e1s mellores pr\u00e1cticas internacionais, entre outros.<\/p>\n<p class=\"lead\">Para cumprir coa visi\u00f3n, misi\u00f3n e valores do IGFAE, o instituto elaborou un C\u00f3digo de Conduta para atender, en caso necesario, situaci\u00f3ns delicadas que cuestionen a s\u00faa integridade cient\u00edfica ou xestionar conflitos internos.<\/p>\n<p class=\"lead\"><a href=\"https:\/\/igfae.usc.es\/~igfae-old\/wp-content\/uploads\/2022\/03\/1_Codigo-de-conduta-IGFAE_GAL.pdf\">C\u00f3digo de conduta do IGFAE<\/a><\/p>\n<p class=\"lead\">Nesta secci\u00f3n da web, o IGFAE ofrece \u00e1 cidadan\u00eda acceso \u00e1 informaci\u00f3n p\u00fablica de conformidade coa <a href=\"http:\/\/www.usc.gal\/gl\/transparencia\/index.html\">Lei 1\/2016, sobre Transparencia e Bo Goberno<\/a> e <a href=\"http:\/\/www.usc.es\/gl\/transparencia\/index.html\">Transparencia da USC.<\/a><\/p>\n<p>[\/vc_column_text][\/vc_tta_section][vc_tta_section i_icon_fontawesome=&#8221;fa fa-sitemap&#8221; add_icon=&#8221;true&#8221; title=&#8221;Organizaci\u00f3n&#8221; tab_id=&#8221;1571067827600-7cb371c2-66ee&#8221;][vc_column_text]<\/p>\n<p class=\"lead\">De acordo co Regulamento Interno do IGFAE aprobado no Consello de Goberno do 20 de marzo de 2018, a gobernanza do Instituto bas\u00e9ase en:<\/p>\n<p class=\"lead\">\u2013 Unha Xunta de Goberno, composta por representantes da Xunta de Galicia e a Universidade de Santiago de Compostela (USC) como instituto mixto, presidido por Antonio L\u00f3pez D\u00edaz, actual Reitor da USC.<\/p>\n<p class=\"lead\">\u2013 Un Consello Cient\u00edfico Asesor (SAB), que asume a tarefa principal de levar a cabo avaliaci\u00f3ns peri\u00f3dicas do Instituto e os seus membros. Os seus membros actuais son:<\/p>\n<p class=\"lead\" style=\"padding-left: 40px;\">\u2013 Sergio Bertolucci (U. Bolonia): Director de investigaci\u00f3n do CERN 2009-2016.<br \/>\n\u2013 Paolo GIubelino: Director Cient\u00edfico de GSI, Darmstadt.<br \/>\n\u2013 Gabriela Gonz\u00e1lez (Universidade Estatal de Lousiana): portavoz de LIGO en 2011-2017.<br \/>\n\u2013 Francis Halzen (U. Wisconsin): portavoz do Observatorio de Neutrinos IceCube, Ant\u00e1rtida.<br \/>\n\u2013 Larry McLerran: Director do Instituto de Teor\u00eda Nuclear, Seattle.<br \/>\n\u2013 Giula Zanderighi: Divisi\u00f3n de Teor\u00eda do CERN e Universidade T\u00e9cnica de Munich.<\/p>\n<p class=\"lead\">\u2013 Unha Direcci\u00f3n Executiva encabezada por Carlos Alberto Salgado e unha Direcci\u00f3n Asociada, encabezada por Abraham Antonio Gallas.<\/p>\n<p class=\"lead\">\u2013 Un Comit\u00e9 Cient\u00edfico ( SC), composto por:<\/p>\n<p class=\"lead\" style=\"padding-left: 40px;\">\u2013 Jaime \u00c1lvarez Mu\u00f1iz<br \/>\n\u2013 N\u00e9stor Armesto P\u00e9rez<br \/>\n\u2013 Xabier Cid Vidal<br \/>\n\u2013 Beatriz Fern\u00e1ndez Dom\u00ednguez<br \/>\n\u2013 Abraham Gallas Torreira<br \/>\n\u2013 Elena Gonz\u00e1lez Ferreiro<br \/>\n\u2013 Jos\u00e9 \u00c1ngel Hernando Morata<br \/>\n\u2013 Jos\u00e9 Luis Miramontes Antas<br \/>\n\u2013 Juan Jos\u00e9 Saborido Silva<br \/>\n\u2013 Carlos A. Salgado L\u00f3pez<br \/>\n\u2013 Enrique Zas Arregui<\/p>\n<p class=\"lead\">\u2013 Unha Xunta Executiva ( EB), composta por:<\/p>\n<p class=\"lead\" style=\"padding-left: 40px;\">\u2013 Jaime \u00c1lvarez<br \/>\n\u2013 Nestor Armesto<br \/>\n\u2013 Beatriz Fern\u00e1ndez<br \/>\n\u2013 Abraham Antonio Gallas<br \/>\n\u2013 Elena Gonz\u00e1lez<br \/>\n\u2013 Carlos Alberto Salgado<\/p>\n<p class=\"lead\">\u2013 Unha Unidade de Xesti\u00f3n ( MU), formada por:<\/p>\n<p class=\"lead\">\u2013 Berta Mari\u00f1o, responsable de xesti\u00f3n.<br \/>\n\u2013 Manuel Rey, responsable de comunicaci\u00f3n.<br \/>\n\u2013 Ricardo Julio Rodr\u00edguez, director de operaci\u00f3ns.<br \/>\n\u2013 Marcos Antonio Seco, Oficial de Ciencia de Datos.<br \/>\n\u2013 Sonia del R\u00edo, responsable de Asuntos Econ\u00f3micos.<br \/>\n\u2013 Alba Mart\u00ednez, persoal de Administraci\u00f3n e Xesti\u00f3n.<\/p>\n<p class=\"lead\">\u2013 Tres \u00e1reas estrat\u00e9xicas (SA) e unha li\u00f1a horizontal (HL) que apoian a investigaci\u00f3n cient\u00edfica:<\/p>\n<p class=\"lead\" style=\"padding-left: 40px;\">1. O modelo est\u00e1ndar ata os l\u00edmites<br \/>\n2. Part\u00edculas C\u00f3smicas e F\u00edsica Fundamental<br \/>\n3. F\u00edsica nuclear do laboratorio para mellorar a sa\u00fade das persoas<br \/>\n4. Estratexias para novas instalaci\u00f3ns<\/p>\n<p class=\"lead\">Avaliaci\u00f3ns de calidade<\/p>\n<p class=\"lead\">O IGFAE, como centro de investigaci\u00f3n pertencente \u00e1 Universidade de Santiago de Compostela, forma parte da s\u00faa <a href=\"http:\/\/www.usc.es\/en\/servizos\/calidade\/certificados.html\">\u00c1rea de Mellora de Calidade e Procedementos.<\/a><\/p>\n<p>[\/vc_column_text][\/vc_tta_section][vc_tta_section i_icon_fontawesome=&#8221;fa fa-users&#8221; add_icon=&#8221;true&#8221; title=&#8221;Persoal&#8221; tab_id=&#8221;1571071155332-dd9f0615-d08b&#8221;][vc_column_text]<\/p>\n<p class=\"lead\">O persoal do IGFAE estaba composto por 117 persoas, organizadas da seguinte maneira:<\/p>\n<p class=\"lead\">\u2013 Por x\u00e9nero: 90 homes e 27 mulleres.<br \/>\n\u2013 Por colectivo:<\/p>\n<p class=\"lead\">\u2013 45 estudantes de doutoramento.<br \/>\n\u2013 33 persoal cient\u00edfico.<br \/>\n\u2013 22 investigadores postdoutorais.<br \/>\n\u2013 18 persoal t\u00e9cnico e administrativo.<br \/>\n\u2013 1 profesor em\u00e9rito.<br \/>\n\u2013 1 colaborador.<\/p>\n<p class=\"lead\"><a href=\"https:\/\/igfae.usc.es\/~igfae-old\/gl\/o-instituto\/organizacion\/\">Nesta ligaz\u00f3n pode acceder ao organigrama do instituto.<\/a><\/p>\n<p>[\/vc_column_text][\/vc_tta_section][vc_tta_section i_icon_fontawesome=&#8221;fa fa-handshake-o&#8221; add_icon=&#8221;true&#8221; title=&#8221;Acordos&#8221; tab_id=&#8221;1571071812685-d806e51e-b37c&#8221;][vc_column_text]<\/p>\n<p class=\"lead\">O IGFAE desenvolve a s\u00faa actividade en colaboraci\u00f3n con instituci\u00f3ns nacionais e internacionais no marco de memorandos de entendemento ou acordos espec\u00edficos. Nesta secci\u00f3n at\u00f3pase a a lista de acordos participados polo IGFAE:<\/p>\n<p class=\"lead\">&#8211; Acordo co CERN: o IGFAE alberga un nivel 2 do a Rede Mundial de Computaci\u00f3n do experimento LHCb do Gran Colisionador de Hadrones ( HC), que representa o 60% dos recursos inform\u00e1ticos a nivel estatal.<\/p>\n<p class=\"lead\">&#8211; Acordo co Observatorio Pierre Auger: o centro colabora na investigaci\u00f3n dun conxunto xigante de fervenzas de aire en Arxentina, proposto polo premio nobel Jim Croninel e o profesor Alan Watson.<\/p>\n<p class=\"lead\">&#8211; Acordo con LIGO (Observatorio de ondas gravitacionais por interferometr\u00eda l\u00e1ser): o instituto de axuda na investigaci\u00f3n sobre a detecci\u00f3n directa de ondas gravitacionales.<\/p>\n<p class=\"lead\">&#8211; GSI<\/p>\n<p>[\/vc_column_text][\/vc_tta_section][vc_tta_section i_icon_fontawesome=&#8221;fa fa-book&#8221; add_icon=&#8221;true&#8221; title=&#8221;Memorias anuais&#8221; tab_id=&#8221;1571071838920-69df2dd2-e1d0&#8243;][vc_column_text]<\/p>\n<div class=\"vc_tta-tabs-container\"><\/div>\n<div class=\"vc_tta-panels-container\">\n<div class=\"vc_tta-panels\">\n<div id=\"1571071838920-69df2dd2-e1d0\" class=\"vc_tta-panel vc_active\" data-vc-content=\".vc_tta-panel-body\">\n<div class=\"vc_tta-panel-body\">\n<div class=\"wpb_text_column wpb_content_element \">\n<div class=\"wpb_wrapper\">\n<p class=\"lead\">Desde 2017, todos os membros de IGFAE contrib\u00faen \u00e1 redacci\u00f3n da memoria anual, proporcionando un resumo das actividades que desenvolveron ese ano. Est\u00e1n dispo\u00f1ibles nas seguintes ligaz\u00f3ns:<\/p>\n<ul>\n<li class=\"lead\"><a href=\"https:\/\/igfae.usc.es\/~igfae-old\/wp-content\/uploads\/2019\/09\/AnnualReport2017.pdf\" target=\"_blank\" rel=\"noopener\">Memoria anual IGFAE (2017)<\/a><\/li>\n<li class=\"lead\"><a href=\"https:\/\/igfae.usc.es\/~igfae-old\/wp-content\/uploads\/2019\/09\/AnnualReport2018.pdf\" target=\"_blank\" rel=\"noopener\">Memoria anual IGFAE (2018)<\/a><\/li>\n<li class=\"lead\"><a href=\"https:\/\/igfae.usc.es\/~igfae-old\/wp-content\/uploads\/2021\/05\/AnnualReport2019_200705.pdf\" target=\"_blank\" rel=\"noopener\">Memoria anual IGFAE (2019)<\/a><\/li>\n<li class=\"lead\"><a href=\"https:\/\/igfae.usc.es\/~igfae-old\/wp-content\/uploads\/2022\/01\/AnnualReport2020_approved.pdf\" target=\"_blank\" rel=\"noopener\">Memoria anual IGFAE (2020)<\/a><\/li>\n<li class=\"lead\"><a href=\"https:\/\/igfae.usc.es\/~igfae-old\/wp-content\/uploads\/2022\/04\/AnnualReport2021_Cast_V01.pdf\" target=\"_blank\" rel=\"noopener\">Memoria anual IGFAE (2021)<\/a><\/li>\n<li class=\"lead\"><a href=\"https:\/\/igfae.usc.es\/~igfae-old\/wp-content\/uploads\/2023\/07\/AnnualReport2022_V02.pdf\" target=\"_blank\" rel=\"noopener\">Memoria anual IGFAE (2022)<\/a><\/li>\n<li class=\"lead\"><a href=\"https:\/\/igfae.usc.es\/~igfae-old\/wp-content\/uploads\/2024\/10\/AnnualReport2023_GA_Final.pdf\" target=\"_blank\" rel=\"noopener\">Memoria anual IGFAE (2023)<\/a><\/li>\n<\/ul>\n<\/div>\n<\/div>\n<\/div>\n<\/div>\n<\/div>\n<\/div>\n<p>[\/vc_column_text][\/vc_tta_section][vc_tta_section i_icon_fontawesome=&#8221;fa fa-info&#8221; add_icon=&#8221;true&#8221; title=&#8221;Solicitude de informaci\u00f3n&#8221; tab_id=&#8221;1571073798950-fd362b06-476b&#8221;][vc_column_text]<\/p>\n<p class=\"lead\">Pode enviar solicitudes para acceder a informaci\u00f3n p\u00fablica de conformidade coa <a href=\"https:\/\/www.boe.es\/eli\/es-ga\/l\/2016\/01\/18\/1\/con\">Lei 1\/2016, sobre Transparencia e bo goberno<\/a> e <a href=\"http:\/\/www.usc.es\/gl\/transparencia\/index.html\">transparencia da USC<\/a>. Pode exercer isto directamente a trav\u00e9s do correo electr\u00f3nico <a href=\"mailto:igfae@usc.es\">igfae@usc.es<\/a>.<\/p>\n<p>[\/vc_column_text][\/vc_tta_section][\/vc_tta_tour][\/vc_column][\/vc_row]<\/p>\n","protected":false},"excerpt":{"rendered":"<p>[vc_row foundry_parallax=&#8221;not-parallax&#8221; css=&#8221;.vc_custom_1571151771808{background-color: rgba(249,249,249,0.52) !important;*background-color: rgb(249,249,249) !important;}&#8221;][vc_column][vc_tta_tour style=&#8221;flat&#8221; shape=&#8221;square&#8221; color=&#8221;sky&#8221; spacing=&#8221;&#8221; active_section=&#8221;1&#8243; no_fill_content_area=&#8221;true&#8221;][vc_tta_section i_icon_fontawesome=&#8221;fa fa-plus&#8221; add_icon=&#8221;true&#8221; title=&#8221;Introduci\u00f3n&#8221; tab_id=&#8221;1571067827576-a74a7881-9d68&#8243;][vc_column_text] O IGFAE \u00e9&#8230;<\/p>\n","protected":false},"author":23,"featured_media":1977,"parent":0,"menu_order":0,"comment_status":"closed","ping_status":"closed","template":"","meta":{"om_disable_all_campaigns":false,"_monsterinsights_skip_tracking":false,"_monsterinsights_sitenote_active":false,"_monsterinsights_sitenote_note":"","_monsterinsights_sitenote_category":0},"aioseo_notices":[],"yoast_head":"<!-- This site is optimized with the Yoast SEO plugin v18.4.1 - https:\/\/yoast.com\/wordpress\/plugins\/seo\/ -->\n<title>Transparencia - IGFAE<\/title>\n<meta name=\"robots\" content=\"index, follow, max-snippet:-1, max-image-preview:large, max-video-preview:-1\" \/>\n<link rel=\"canonical\" href=\"https:\/\/igfae.usc.es\/~igfae-old\/gl\/transparencia\/\" \/>\n<meta property=\"og:locale\" content=\"gl_ES\" \/>\n<meta property=\"og:type\" content=\"article\" \/>\n<meta property=\"og:title\" content=\"Transparencia - IGFAE\" \/>\n<meta property=\"og:description\" content=\"[vc_row foundry_parallax=&#8221;not-parallax&#8221; css=&#8221;.vc_custom_1571151771808{background-color: rgba(249,249,249,0.52) !important;*background-color: rgb(249,249,249) !important;}&#8221;][vc_column][vc_tta_tour style=&#8221;flat&#8221; shape=&#8221;square&#8221; color=&#8221;sky&#8221; spacing=&#8221;&#8221; active_section=&#8221;1&#8243; no_fill_content_area=&#8221;true&#8221;][vc_tta_section i_icon_fontawesome=&#8221;fa fa-plus&#8221; add_icon=&#8221;true&#8221; title=&#8221;Introduci\u00f3n&#8221; tab_id=&#8221;1571067827576-a74a7881-9d68&#8243;][vc_column_text] O IGFAE \u00e9...\" \/>\n<meta property=\"og:url\" content=\"https:\/\/igfae.usc.es\/~igfae-old\/gl\/transparencia\/\" \/>\n<meta property=\"og:site_name\" content=\"IGFAE\" \/>\n<meta property=\"article:modified_time\" content=\"2024-12-18T17:22:43+00:00\" \/>\n<meta property=\"og:image\" content=\"https:\/\/igfae.usc.es\/~igfae-old\/wp-content\/uploads\/2017\/11\/Transicion-azul-Indicadores.png\" \/>\n\t<meta property=\"og:image:width\" content=\"1920\" \/>\n\t<meta property=\"og:image:height\" content=\"847\" \/>\n\t<meta property=\"og:image:type\" content=\"image\/png\" \/>\n<meta name=\"twitter:card\" content=\"summary_large_image\" \/>\n<meta name=\"twitter:site\" content=\"@igfae_hep\" \/>\n<meta name=\"twitter:label1\" content=\"Tempo de lectura\" \/>\n\t<meta name=\"twitter:data1\" content=\"4 minutos\" \/>\n<script type=\"application\/ld+json\" class=\"yoast-schema-graph\">{\"@context\":\"https:\/\/schema.org\",\"@graph\":[{\"@type\":\"WebSite\",\"@id\":\"https:\/\/igfae.usc.es\/~igfae-old\/#website\",\"url\":\"https:\/\/igfae.usc.es\/~igfae-old\/\",\"name\":\"IGFAE\",\"description\":\"Instituto Galego de F\u00edsica de Altas Enerx\u00edas\",\"potentialAction\":[{\"@type\":\"SearchAction\",\"target\":{\"@type\":\"EntryPoint\",\"urlTemplate\":\"https:\/\/igfae.usc.es\/~igfae-old\/?s={search_term_string}\"},\"query-input\":\"required name=search_term_string\"}],\"inLanguage\":\"gl-ES\"},{\"@type\":\"ImageObject\",\"@id\":\"https:\/\/igfae.usc.es\/~igfae-old\/gl\/transparencia\/#primaryimage\",\"inLanguage\":\"gl-ES\",\"url\":\"https:\/\/igfae.usc.es\/~igfae-old\/wp-content\/uploads\/2017\/11\/Transicion-azul-Indicadores.png\",\"contentUrl\":\"https:\/\/igfae.usc.es\/~igfae-old\/wp-content\/uploads\/2017\/11\/Transicion-azul-Indicadores.png\",\"width\":1920,\"height\":847},{\"@type\":\"WebPage\",\"@id\":\"https:\/\/igfae.usc.es\/~igfae-old\/gl\/transparencia\/#webpage\",\"url\":\"https:\/\/igfae.usc.es\/~igfae-old\/gl\/transparencia\/\",\"name\":\"Transparencia - IGFAE\",\"isPartOf\":{\"@id\":\"https:\/\/igfae.usc.es\/~igfae-old\/#website\"},\"primaryImageOfPage\":{\"@id\":\"https:\/\/igfae.usc.es\/~igfae-old\/gl\/transparencia\/#primaryimage\"},\"datePublished\":\"2019-10-22T20:52:04+00:00\",\"dateModified\":\"2024-12-18T17:22:43+00:00\",\"breadcrumb\":{\"@id\":\"https:\/\/igfae.usc.es\/~igfae-old\/gl\/transparencia\/#breadcrumb\"},\"inLanguage\":\"gl-ES\",\"potentialAction\":[{\"@type\":\"ReadAction\",\"target\":[\"https:\/\/igfae.usc.es\/~igfae-old\/gl\/transparencia\/\"]}]},{\"@type\":\"BreadcrumbList\",\"@id\":\"https:\/\/igfae.usc.es\/~igfae-old\/gl\/transparencia\/#breadcrumb\",\"itemListElement\":[{\"@type\":\"ListItem\",\"position\":1,\"name\":\"Home\",\"item\":\"https:\/\/igfae.usc.es\/~igfae-old\/gl\/\"},{\"@type\":\"ListItem\",\"position\":2,\"name\":\"Transparencia\"}]}]}<\/script>\n<!-- \/ Yoast SEO plugin. -->","yoast_head_json":{"title":"Transparencia - IGFAE","robots":{"index":"index","follow":"follow","max-snippet":"max-snippet:-1","max-image-preview":"max-image-preview:large","max-video-preview":"max-video-preview:-1"},"canonical":"https:\/\/igfae.usc.es\/~igfae-old\/gl\/transparencia\/","og_locale":"gl_ES","og_type":"article","og_title":"Transparencia - IGFAE","og_description":"[vc_row foundry_parallax=&#8221;not-parallax&#8221; css=&#8221;.vc_custom_1571151771808{background-color: rgba(249,249,249,0.52) !important;*background-color: rgb(249,249,249) !important;}&#8221;][vc_column][vc_tta_tour style=&#8221;flat&#8221; shape=&#8221;square&#8221; color=&#8221;sky&#8221; spacing=&#8221;&#8221; active_section=&#8221;1&#8243; no_fill_content_area=&#8221;true&#8221;][vc_tta_section i_icon_fontawesome=&#8221;fa fa-plus&#8221; add_icon=&#8221;true&#8221; title=&#8221;Introduci\u00f3n&#8221; tab_id=&#8221;1571067827576-a74a7881-9d68&#8243;][vc_column_text] O IGFAE \u00e9...","og_url":"https:\/\/igfae.usc.es\/~igfae-old\/gl\/transparencia\/","og_site_name":"IGFAE","article_modified_time":"2024-12-18T17:22:43+00:00","og_image":[{"width":1920,"height":847,"url":"https:\/\/igfae.usc.es\/~igfae-old\/wp-content\/uploads\/2017\/11\/Transicion-azul-Indicadores.png","type":"image\/png"}],"twitter_card":"summary_large_image","twitter_site":"@igfae_hep","twitter_misc":{"Tempo de lectura":"4 minutos"},"schema":{"@context":"https:\/\/schema.org","@graph":[{"@type":"WebSite","@id":"https:\/\/igfae.usc.es\/~igfae-old\/#website","url":"https:\/\/igfae.usc.es\/~igfae-old\/","name":"IGFAE","description":"Instituto Galego de F\u00edsica de Altas Enerx\u00edas","potentialAction":[{"@type":"SearchAction","target":{"@type":"EntryPoint","urlTemplate":"https:\/\/igfae.usc.es\/~igfae-old\/?s={search_term_string}"},"query-input":"required name=search_term_string"}],"inLanguage":"gl-ES"},{"@type":"ImageObject","@id":"https:\/\/igfae.usc.es\/~igfae-old\/gl\/transparencia\/#primaryimage","inLanguage":"gl-ES","url":"https:\/\/igfae.usc.es\/~igfae-old\/wp-content\/uploads\/2017\/11\/Transicion-azul-Indicadores.png","contentUrl":"https:\/\/igfae.usc.es\/~igfae-old\/wp-content\/uploads\/2017\/11\/Transicion-azul-Indicadores.png","width":1920,"height":847},{"@type":"WebPage","@id":"https:\/\/igfae.usc.es\/~igfae-old\/gl\/transparencia\/#webpage","url":"https:\/\/igfae.usc.es\/~igfae-old\/gl\/transparencia\/","name":"Transparencia - IGFAE","isPartOf":{"@id":"https:\/\/igfae.usc.es\/~igfae-old\/#website"},"primaryImageOfPage":{"@id":"https:\/\/igfae.usc.es\/~igfae-old\/gl\/transparencia\/#primaryimage"},"datePublished":"2019-10-22T20:52:04+00:00","dateModified":"2024-12-18T17:22:43+00:00","breadcrumb":{"@id":"https:\/\/igfae.usc.es\/~igfae-old\/gl\/transparencia\/#breadcrumb"},"inLanguage":"gl-ES","potentialAction":[{"@type":"ReadAction","target":["https:\/\/igfae.usc.es\/~igfae-old\/gl\/transparencia\/"]}]},{"@type":"BreadcrumbList","@id":"https:\/\/igfae.usc.es\/~igfae-old\/gl\/transparencia\/#breadcrumb","itemListElement":[{"@type":"ListItem","position":1,"name":"Home","item":"https:\/\/igfae.usc.es\/~igfae-old\/gl\/"},{"@type":"ListItem","position":2,"name":"Transparencia"}]}]}},"_links":{"self":[{"href":"https:\/\/igfae.usc.es\/~igfae-old\/gl\/wp-json\/wp\/v2\/pages\/4166"}],"collection":[{"href":"https:\/\/igfae.usc.es\/~igfae-old\/gl\/wp-json\/wp\/v2\/pages"}],"about":[{"href":"https:\/\/igfae.usc.es\/~igfae-old\/gl\/wp-json\/wp\/v2\/types\/page"}],"author":[{"embeddable":true,"href":"https:\/\/igfae.usc.es\/~igfae-old\/gl\/wp-json\/wp\/v2\/users\/23"}],"replies":[{"embeddable":true,"href":"https:\/\/igfae.usc.es\/~igfae-old\/gl\/wp-json\/wp\/v2\/comments?post=4166"}],"version-history":[{"count":22,"href":"https:\/\/igfae.usc.es\/~igfae-old\/gl\/wp-json\/wp\/v2\/pages\/4166\/revisions"}],"predecessor-version":[{"id":17192,"href":"https:\/\/igfae.usc.es\/~igfae-old\/gl\/wp-json\/wp\/v2\/pages\/4166\/revisions\/17192"}],"wp:featuredmedia":[{"embeddable":true,"href":"https:\/\/igfae.usc.es\/~igfae-old\/gl\/wp-json\/wp\/v2\/media\/1977"}],"wp:attachment":[{"href":"https:\/\/igfae.usc.es\/~igfae-old\/gl\/wp-json\/wp\/v2\/media?parent=4166"}],"curies":[{"name":"wp","href":"https:\/\/api.w.org\/{rel}","templated":true}]}}