



{"id":3843,"date":"2019-10-23T01:20:44","date_gmt":"2019-10-22T23:20:44","guid":{"rendered":"https:\/\/igfae.usc.es\/centrosingular\/?page_id=3843"},"modified":"2020-01-22T17:48:05","modified_gmt":"2020-01-22T15:48:05","slug":"eventos","status":"publish","type":"page","link":"https:\/\/igfae.usc.es\/~igfae-old\/gl\/eventos\/","title":{"rendered":"Eventos"},"content":{"rendered":"<p>[vc_row foundry_background_style=&#8221;bg-secondary&#8221;][vc_column css=&#8221;.vc_custom_1565621136979{margin-top: 40px !important;}&#8221;][vc_column_text css=&#8221;.vc_custom_1565616296727{border-left-width: 25px !important;padding-left: 10px !important;border-left-color: #055dbe !important;border-left-style: solid !important;}&#8221;]<\/p>\n<h4><span style=\"color: #055dbe;\"><strong>Eventos<\/strong><\/span><\/h4>\n<p>[\/vc_column_text][vc_column_text]<\/p>\n<p class=\"lead\"><span style=\"color: #333333;\">Desde eventos de divulgaci\u00f3n ata as conferencias m\u00e1is importantes no seu campo, o IGFAE frecuentemente acolle e organiza varias reuni\u00f3ns internacionais, conferencias ou seminarios durante o ano.<\/span><\/p>\n<p>[\/vc_column_text][vc_row_inner][vc_column_inner width=&#8221;2\/3&#8243; css=&#8221;.vc_custom_1530097449062{padding-right: 10px !important;padding-left: 10px !important;}&#8221;][vc_masonry_media_grid style=&#8221;lazy&#8221; items_per_page=&#8221;4&#8243; grid_id=&#8221;vc_gid:1579708035763-1fd1b58d-24bb-5&#8243; include=&#8221;3847,3868,3862,3859,3865,3856,3853,3601,3850,3106&#8243;][\/vc_column_inner][vc_column_inner width=&#8221;1\/3&#8243;][vc_column_text css=&#8221;.vc_custom_1565617799882{border-left-width: 25px !important;padding-left: 10px !important;border-left-color: #154074 !important;border-left-style: solid !important;}&#8221;]<\/p>\n<h4><a href=\"https:\/\/igfae.usc.es\/~igfae-old\/gl\/calendario-de-eventos\/\"><span style=\"color: #154074;\"><strong>Calendar<\/strong><\/span><\/a><\/h4>\n<p>[\/vc_column_text][vc_column_text]<\/p>\n<p class=\"lead\">Calendario de actividades do IGFAE, organizadas por data.<\/p>\n<p>[\/vc_column_text][vc_column_text css=&#8221;.vc_custom_1565617672527{border-left-width: 25px !important;padding-left: 10px !important;border-left-color: #154074 !important;border-left-style: solid !important;}&#8221;]<\/p>\n<h4><a href=\"https:\/\/indico.cern.ch\/category\/10863\/\"><span style=\"color: #154074;\"><strong>IGFAE en INDICO<\/strong><\/span><\/a><\/h4>\n<p>[\/vc_column_text][vc_column_text]<\/p>\n<p class=\"lead\"><a href=\"http:\/\/indico.cern.ch\">Indico<\/a> (Integrated Digital Conference) \u00e9 un sistema de xesti\u00f3n de congresos multiplataforma desenvolto polo CERN no que as instituci\u00f3ns cient\u00edficas como IGFAE poden crear e xestionar os seus eventos facilmente.<\/p>\n<p>[\/vc_column_text][vc_column_text css=&#8221;.vc_custom_1579708083944{border-left-width: 25px !important;padding-left: 10px !important;border-left-color: #154074 !important;border-left-style: solid !important;}&#8221;]<\/p>\n<h4><a href=\"https:\/\/igfae.usc.es\/~igfae-old\/events__trashed\/events-list\/\"><span style=\"color: #154074;\"><strong>Buscador<\/strong><\/span><\/a><\/h4>\n<p>[\/vc_column_text][vc_column_text]<\/p>\n<p class=\"lead\">Buscas un congreso, curso, tema ou relator espec\u00edfico? Usa o noso buscador.<\/p>\n<p>[\/vc_column_text][\/vc_column_inner][\/vc_row_inner][\/vc_column][vc_column][\/vc_column][\/vc_row][vc_row foundry_background_style=&#8221;bg-secondary&#8221;][vc_column][vc_row_inner][vc_column_inner width=&#8221;1\/4&#8243; css=&#8221;.vc_custom_1530097449062{padding-right: 10px !important;padding-left: 10px !important;}&#8221;][\/vc_column_inner][vc_column_inner width=&#8221;1\/4&#8243;][\/vc_column_inner][vc_column_inner width=&#8221;1\/4&#8243;][\/vc_column_inner][vc_column_inner width=&#8221;1\/4&#8243;][\/vc_column_inner][\/vc_row_inner][\/vc_column][\/vc_row]<\/p>\n","protected":false},"excerpt":{"rendered":"<p>[vc_row foundry_background_style=&#8221;bg-secondary&#8221;][vc_column css=&#8221;.vc_custom_1565621136979{margin-top: 40px !important;}&#8221;][vc_column_text css=&#8221;.vc_custom_1565616296727{border-left-width: 25px !important;padding-left: 10px !important;border-left-color: #055dbe !important;border-left-style: solid !important;}&#8221;] Eventos [\/vc_column_text][vc_column_text] Desde eventos de divulgaci\u00f3n ata&#8230;<\/p>\n","protected":false},"author":21,"featured_media":1977,"parent":0,"menu_order":0,"comment_status":"closed","ping_status":"closed","template":"","meta":{"om_disable_all_campaigns":false,"_monsterinsights_skip_tracking":false,"_monsterinsights_sitenote_active":false,"_monsterinsights_sitenote_note":"","_monsterinsights_sitenote_category":0},"aioseo_notices":[],"yoast_head":"<!-- This site is optimized with the Yoast SEO plugin v18.4.1 - https:\/\/yoast.com\/wordpress\/plugins\/seo\/ -->\n<title>Eventos - IGFAE<\/title>\n<meta name=\"robots\" content=\"index, follow, max-snippet:-1, max-image-preview:large, max-video-preview:-1\" \/>\n<link rel=\"canonical\" href=\"https:\/\/igfae.usc.es\/~igfae-old\/gl\/eventos\/\" \/>\n<meta property=\"og:locale\" content=\"gl_ES\" \/>\n<meta property=\"og:type\" content=\"article\" \/>\n<meta property=\"og:title\" content=\"Eventos - IGFAE\" \/>\n<meta property=\"og:description\" content=\"[vc_row foundry_background_style=&#8221;bg-secondary&#8221;][vc_column css=&#8221;.vc_custom_1565621136979{margin-top: 40px !important;}&#8221;][vc_column_text css=&#8221;.vc_custom_1565616296727{border-left-width: 25px !important;padding-left: 10px !important;border-left-color: #055dbe !important;border-left-style: solid !important;}&#8221;] Eventos [\/vc_column_text][vc_column_text] Desde eventos de divulgaci\u00f3n ata...\" \/>\n<meta property=\"og:url\" content=\"https:\/\/igfae.usc.es\/~igfae-old\/gl\/eventos\/\" \/>\n<meta property=\"og:site_name\" content=\"IGFAE\" \/>\n<meta property=\"article:modified_time\" content=\"2020-01-22T15:48:05+00:00\" \/>\n<meta property=\"og:image\" content=\"https:\/\/igfae.usc.es\/~igfae-old\/wp-content\/uploads\/2017\/11\/Transicion-azul-Indicadores.png\" \/>\n\t<meta property=\"og:image:width\" content=\"1920\" \/>\n\t<meta property=\"og:image:height\" content=\"847\" \/>\n\t<meta property=\"og:image:type\" content=\"image\/png\" \/>\n<meta name=\"twitter:card\" content=\"summary_large_image\" \/>\n<meta name=\"twitter:site\" content=\"@igfae_hep\" \/>\n<meta name=\"twitter:label1\" content=\"Tempo de lectura\" \/>\n\t<meta name=\"twitter:data1\" content=\"2 minutos\" \/>\n<script type=\"application\/ld+json\" class=\"yoast-schema-graph\">{\"@context\":\"https:\/\/schema.org\",\"@graph\":[{\"@type\":\"WebSite\",\"@id\":\"https:\/\/igfae.usc.es\/~igfae-old\/#website\",\"url\":\"https:\/\/igfae.usc.es\/~igfae-old\/\",\"name\":\"IGFAE\",\"description\":\"Instituto Galego de F\u00edsica de Altas Enerx\u00edas\",\"potentialAction\":[{\"@type\":\"SearchAction\",\"target\":{\"@type\":\"EntryPoint\",\"urlTemplate\":\"https:\/\/igfae.usc.es\/~igfae-old\/?s={search_term_string}\"},\"query-input\":\"required name=search_term_string\"}],\"inLanguage\":\"gl-ES\"},{\"@type\":\"ImageObject\",\"@id\":\"https:\/\/igfae.usc.es\/~igfae-old\/gl\/eventos\/#primaryimage\",\"inLanguage\":\"gl-ES\",\"url\":\"https:\/\/igfae.usc.es\/~igfae-old\/wp-content\/uploads\/2017\/11\/Transicion-azul-Indicadores.png\",\"contentUrl\":\"https:\/\/igfae.usc.es\/~igfae-old\/wp-content\/uploads\/2017\/11\/Transicion-azul-Indicadores.png\",\"width\":1920,\"height\":847},{\"@type\":\"WebPage\",\"@id\":\"https:\/\/igfae.usc.es\/~igfae-old\/gl\/eventos\/#webpage\",\"url\":\"https:\/\/igfae.usc.es\/~igfae-old\/gl\/eventos\/\",\"name\":\"Eventos - IGFAE\",\"isPartOf\":{\"@id\":\"https:\/\/igfae.usc.es\/~igfae-old\/#website\"},\"primaryImageOfPage\":{\"@id\":\"https:\/\/igfae.usc.es\/~igfae-old\/gl\/eventos\/#primaryimage\"},\"datePublished\":\"2019-10-22T23:20:44+00:00\",\"dateModified\":\"2020-01-22T15:48:05+00:00\",\"breadcrumb\":{\"@id\":\"https:\/\/igfae.usc.es\/~igfae-old\/gl\/eventos\/#breadcrumb\"},\"inLanguage\":\"gl-ES\",\"potentialAction\":[{\"@type\":\"ReadAction\",\"target\":[\"https:\/\/igfae.usc.es\/~igfae-old\/gl\/eventos\/\"]}]},{\"@type\":\"BreadcrumbList\",\"@id\":\"https:\/\/igfae.usc.es\/~igfae-old\/gl\/eventos\/#breadcrumb\",\"itemListElement\":[{\"@type\":\"ListItem\",\"position\":1,\"name\":\"Home\",\"item\":\"https:\/\/igfae.usc.es\/~igfae-old\/gl\/\"},{\"@type\":\"ListItem\",\"position\":2,\"name\":\"Eventos\"}]}]}<\/script>\n<!-- \/ Yoast SEO plugin. -->","yoast_head_json":{"title":"Eventos - IGFAE","robots":{"index":"index","follow":"follow","max-snippet":"max-snippet:-1","max-image-preview":"max-image-preview:large","max-video-preview":"max-video-preview:-1"},"canonical":"https:\/\/igfae.usc.es\/~igfae-old\/gl\/eventos\/","og_locale":"gl_ES","og_type":"article","og_title":"Eventos - IGFAE","og_description":"[vc_row foundry_background_style=&#8221;bg-secondary&#8221;][vc_column css=&#8221;.vc_custom_1565621136979{margin-top: 40px !important;}&#8221;][vc_column_text css=&#8221;.vc_custom_1565616296727{border-left-width: 25px !important;padding-left: 10px !important;border-left-color: #055dbe !important;border-left-style: solid !important;}&#8221;] Eventos [\/vc_column_text][vc_column_text] Desde eventos de divulgaci\u00f3n ata...","og_url":"https:\/\/igfae.usc.es\/~igfae-old\/gl\/eventos\/","og_site_name":"IGFAE","article_modified_time":"2020-01-22T15:48:05+00:00","og_image":[{"width":1920,"height":847,"url":"https:\/\/igfae.usc.es\/~igfae-old\/wp-content\/uploads\/2017\/11\/Transicion-azul-Indicadores.png","type":"image\/png"}],"twitter_card":"summary_large_image","twitter_site":"@igfae_hep","twitter_misc":{"Tempo de lectura":"2 minutos"},"schema":{"@context":"https:\/\/schema.org","@graph":[{"@type":"WebSite","@id":"https:\/\/igfae.usc.es\/~igfae-old\/#website","url":"https:\/\/igfae.usc.es\/~igfae-old\/","name":"IGFAE","description":"Instituto Galego de F\u00edsica de Altas Enerx\u00edas","potentialAction":[{"@type":"SearchAction","target":{"@type":"EntryPoint","urlTemplate":"https:\/\/igfae.usc.es\/~igfae-old\/?s={search_term_string}"},"query-input":"required name=search_term_string"}],"inLanguage":"gl-ES"},{"@type":"ImageObject","@id":"https:\/\/igfae.usc.es\/~igfae-old\/gl\/eventos\/#primaryimage","inLanguage":"gl-ES","url":"https:\/\/igfae.usc.es\/~igfae-old\/wp-content\/uploads\/2017\/11\/Transicion-azul-Indicadores.png","contentUrl":"https:\/\/igfae.usc.es\/~igfae-old\/wp-content\/uploads\/2017\/11\/Transicion-azul-Indicadores.png","width":1920,"height":847},{"@type":"WebPage","@id":"https:\/\/igfae.usc.es\/~igfae-old\/gl\/eventos\/#webpage","url":"https:\/\/igfae.usc.es\/~igfae-old\/gl\/eventos\/","name":"Eventos - IGFAE","isPartOf":{"@id":"https:\/\/igfae.usc.es\/~igfae-old\/#website"},"primaryImageOfPage":{"@id":"https:\/\/igfae.usc.es\/~igfae-old\/gl\/eventos\/#primaryimage"},"datePublished":"2019-10-22T23:20:44+00:00","dateModified":"2020-01-22T15:48:05+00:00","breadcrumb":{"@id":"https:\/\/igfae.usc.es\/~igfae-old\/gl\/eventos\/#breadcrumb"},"inLanguage":"gl-ES","potentialAction":[{"@type":"ReadAction","target":["https:\/\/igfae.usc.es\/~igfae-old\/gl\/eventos\/"]}]},{"@type":"BreadcrumbList","@id":"https:\/\/igfae.usc.es\/~igfae-old\/gl\/eventos\/#breadcrumb","itemListElement":[{"@type":"ListItem","position":1,"name":"Home","item":"https:\/\/igfae.usc.es\/~igfae-old\/gl\/"},{"@type":"ListItem","position":2,"name":"Eventos"}]}]}},"_links":{"self":[{"href":"https:\/\/igfae.usc.es\/~igfae-old\/gl\/wp-json\/wp\/v2\/pages\/3843"}],"collection":[{"href":"https:\/\/igfae.usc.es\/~igfae-old\/gl\/wp-json\/wp\/v2\/pages"}],"about":[{"href":"https:\/\/igfae.usc.es\/~igfae-old\/gl\/wp-json\/wp\/v2\/types\/page"}],"author":[{"embeddable":true,"href":"https:\/\/igfae.usc.es\/~igfae-old\/gl\/wp-json\/wp\/v2\/users\/21"}],"replies":[{"embeddable":true,"href":"https:\/\/igfae.usc.es\/~igfae-old\/gl\/wp-json\/wp\/v2\/comments?post=3843"}],"version-history":[{"count":6,"href":"https:\/\/igfae.usc.es\/~igfae-old\/gl\/wp-json\/wp\/v2\/pages\/3843\/revisions"}],"predecessor-version":[{"id":5237,"href":"https:\/\/igfae.usc.es\/~igfae-old\/gl\/wp-json\/wp\/v2\/pages\/3843\/revisions\/5237"}],"wp:featuredmedia":[{"embeddable":true,"href":"https:\/\/igfae.usc.es\/~igfae-old\/gl\/wp-json\/wp\/v2\/media\/1977"}],"wp:attachment":[{"href":"https:\/\/igfae.usc.es\/~igfae-old\/gl\/wp-json\/wp\/v2\/media?parent=3843"}],"curies":[{"name":"wp","href":"https:\/\/api.w.org\/{rel}","templated":true}]}}