



{"id":3803,"date":"2019-10-15T16:24:48","date_gmt":"2019-10-15T14:24:48","guid":{"rendered":"https:\/\/igfae.usc.es\/centrosingular\/?page_id=3803"},"modified":"2021-07-30T13:50:53","modified_gmt":"2021-07-30T11:50:53","slug":"programa-doutoramento-internacional","status":"publish","type":"page","link":"https:\/\/igfae.usc.es\/~igfae-old\/gl\/programa-doutoramento-internacional\/","title":{"rendered":"Programa de doutoramento internacional"},"content":{"rendered":"<p>[vc_row full_width=&#8221;stretch_row&#8221; foundry_padding=&#8221;pt0 pb0&#8243; foundry_parallax=&#8221;not-parallax&#8221; css=&#8221;.vc_custom_1529688996618{background-image: url(https:\/\/igfae.usc.es\/~igfae-old\/wp-content\/uploads\/2017\/11\/fondo.jpg?id=122) !important;}&#8221;][vc_column][vc_row_inner][vc_column_inner width=&#8221;5\/12&#8243; css=&#8221;.vc_custom_1511969894880{margin-bottom: 0px !important;padding-bottom: 0px !important;}&#8221;][vc_single_image image=&#8221;5913&#8243; img_size=&#8221;full&#8221;][\/vc_column_inner][vc_column_inner width=&#8221;5\/12&#8243; offset=&#8221;vc_col-lg-offset-1&#8243; css=&#8221;.vc_custom_1536316171685{margin-bottom: 0px !important;padding-top: 60px !important;padding-bottom: 0px !important;}&#8221;][vc_column_text css=&#8221;.vc_custom_1627644656344{margin-top: 0px !important;padding-top: 0px !important;}&#8221;]A formaci\u00f3n en F\u00edsica de Altas Enerx\u00edas, F\u00edsica de Astropart\u00edculas e Cosmolox\u00eda ou F\u00edsica Nuclear, cunha forte \u00e9nfase na dimensi\u00f3n internacional, foi sempre unha actividade crave no Instituto. O noso programa de doutoramento en F\u00edsica de Part\u00edculas e Nuclear ofrece unha formaci\u00f3n de primeiro nivel a mozos licenciados en F\u00edsica e \u00e1reas af\u00edns interesados en iniciar unha carreira cient\u00edfica nalg\u00fan dos temas inclu\u00eddos nos nosos Programas de Investigaci\u00f3n.<\/p>\n<p>O acceso ao programa de doutoramento segue as normas da Universidade de Santiago de Compostela (<a href=\"https:\/\/www.usc.gal\/gl\/estudos\/doutoramentos\">https:\/\/www.usc.gal\/gl\/estudos\/doutoramentos<\/a>). Convidamos a todas as persoas candidatas interesadas a que se po\u00f1an en contacto connosco para informarse en <a href=\"mailto:phd_program@igfae.usc.es\">phd_program@igfae.usc.es<\/a>. Alg\u00fans temas espec\u00edficos para as teses son:[\/vc_column_text][\/vc_column_inner][\/vc_row_inner][\/vc_column][\/vc_row][vc_row foundry_background_style=&#8221;bg-secondary&#8221; foundry_padding=&#8221;pt64 pb64&#8243; css=&#8221;.vc_custom_1529946170895{background-image: url(https:\/\/igfae.usc.es\/~igfae-old\/wp-content\/uploads\/2017\/11\/Transicion-azul-Indicadores.png?id=120) !important;background-position: center !important;background-repeat: no-repeat !important;background-size: cover !important;}&#8221;][vc_column][vc_row_inner css=&#8221;.vc_custom_1585916755393{margin-top: 10px !important;}&#8221;][vc_column_inner width=&#8221;1\/2&#8243;][vc_column_text]<\/p>\n<h4><strong>F\u00edsica de altas enerx\u00edas<\/strong><\/h4>\n<h5><strong><a href=\"https:\/\/igfae.usc.es\/~igfae-old\/gl\/investigacion\/o-modelo-estandar-ata-os-limites\/\">SA1: O Modelo Est\u00e1ndar ata os l\u00edmites<\/a><\/strong><\/h5>\n<ul>\n<li style=\"list-style-type: none;\">\n<ul>\n<li>Detectores de p\u00edxeles de silicio resistentes \u00e1 radiaci\u00f3n con capacidade de temporizaci\u00f3n<\/li>\n<li>Desenvolvemento de sistemas de lectura para detectores de p\u00edxeles de silicio<\/li>\n<li>Medici\u00f3ns de observables que violan o CP no LHCb<\/li>\n<li>Exploraci\u00f3n dos sectores escuros co experimento LHCb no CERN<\/li>\n<li>Probas de universalidade do sabor do lept\u00f3n no experimento LHCb<\/li>\n<li>Procura de nova f\u00edsica no LHCb<\/li>\n<li>Estudo das colisi\u00f3ns de i\u00f3ns pesados no LHCb<\/li>\n<\/ul>\n<\/li>\n<\/ul>\n<p>[\/vc_column_text][\/vc_column_inner][vc_column_inner width=&#8221;1\/2&#8243;][vc_column_text]<\/p>\n<h4><strong>F\u00edsica te\u00f3rica<\/strong><\/h4>\n<h5><strong><a href=\"https:\/\/igfae.usc.es\/~igfae-old\/gl\/investigacion\/o-modelo-estandar-ata-os-limites\/\">SA1: O Modelo Est\u00e1ndar ata os l\u00edmites<\/a><\/strong><\/h5>\n<ul>\n<li>Establecemento do r\u00e9xime non lineal da QCD no LHC e en futuros colisionadores<\/li>\n<li>Imaxes en yoctosegundos da colectividade QCD<\/li>\n<li>A estrutura das estrelas de neutr\u00f3ns nas teor\u00edas de campo efectivo e os observables de ondas gravitacionales<\/li>\n<li>Estudos na dualidade gauge\/gravidade, integrabilidade e Teor\u00eda de Cordas<\/li>\n<li>Informaci\u00f3n cu\u00e1ntica<\/li>\n<li>Fenomenolog\u00eda da f\u00edsica do modelo est\u00e1ndar e m\u00e1is al\u00f3 do modelo est\u00e1ndar<\/li>\n<\/ul>\n<p>[\/vc_column_text][\/vc_column_inner][\/vc_row_inner][vc_row_inner css=&#8221;.vc_custom_1529945870708{padding-top: 25px !important;}&#8221;][vc_column_inner width=&#8221;1\/2&#8243;][vc_column_text]<\/p>\n<h4><strong>Part\u00edculas c\u00f3smicas e F\u00edsica Fundamental<\/strong><\/h4>\n<h5><a href=\"https:\/\/igfae.usc.es\/~igfae-old\/gl\/investigacion\/particulas-cosmicas-e-fisica-fundamental\/\"><strong>SA2: Part\u00edculas c\u00f3smicas e f\u00edsica fundamental<\/strong><\/a><\/h5>\n<ul>\n<li>Detecci\u00f3n de raios c\u00f3smicos de ultra alta enerx\u00eda e de neutrinos na f\u00edsica das astropart\u00edculas<\/li>\n<li>Procura da natureza dos neutrinos co detector NEXT-100 no Laboratorio Subterr\u00e1neo de Canfranc<\/li>\n<li>Ondas gravitacionais e astronom\u00eda multimensaxeiro<\/li>\n<li>I+D en TPC \u00f3pticos para experimentos con neutrinos e materia escura<\/li>\n<\/ul>\n<p>[\/vc_column_text][\/vc_column_inner][vc_column_inner width=&#8221;1\/2&#8243;][vc_column_text]<\/p>\n<h4><strong>F\u00edsica nuclear e aplicaci\u00f3ns<\/strong><\/h4>\n<h5><strong><a href=\"https:\/\/igfae.usc.es\/~igfae-old\/gl\/investigacion\/fisica-nuclear-desde-o-laboratorio-ata-mellorar-a-saude-das-persoas\/\">SA3: F\u00edsica nuclear desde o laboratorio ata mellorar a sa\u00fade das persoas<\/a><\/strong><\/h5>\n<ul>\n<li>Aceleraci\u00f3n de part\u00edculas inducidas por l\u00e1ser e aplicaci\u00f3ns m\u00e9dicas en L2A2<\/li>\n<li>Reacci\u00f3ns para a estrutura nuclear, a din\u00e1mica e os estudos astrof\u00edsicos con feixes de i\u00f3ns relativistas raros en R3 B<\/li>\n<li>Estrutura e din\u00e1mica de n\u00facleos ex\u00f3ticos en instalaci\u00f3ns RIB de baixa enerx\u00eda<\/li>\n<li>Desenvolvo da instrumentaci\u00f3n nuclear desde os experimentos ata as aplicaci\u00f3ns<\/li>\n<\/ul>\n<p>[\/vc_column_text][\/vc_column_inner][\/vc_row_inner][vc_row_inner][vc_column_inner width=&#8221;1\/6&#8243;][\/vc_column_inner][vc_column_inner width=&#8221;2\/3&#8243;][vc_cta h2=&#8221;&#8221; style=&#8221;custom&#8221; custom_text=&#8221;#3a3a3a&#8221;]<\/p>\n<h5 style=\"text-align: center;\"><strong><span style=\"color: #333333;\">O programa de doutoramento incl\u00fae estancias en centros de investigaci\u00f3n internacionais como o CERN, GSI\/FAIR, Pierre Auger, LIGO, LSC, etc., un programa de titor\u00eda, cursos de formaci\u00f3n e escolas. O Instituto proporciona axuda cos tr\u00e1mites burocr\u00e1ticos e un paquete de benvida para os estudantes internacionais.<br \/>\nSe est\u00e1 interesado en realizar un doutoramento nun dos temas mencionados, env\u00ede a s\u00faa expresi\u00f3n de interese a trav\u00e9s de<\/span><\/strong><\/h5>\n<h5 style=\"text-align: center;\"><strong><span style=\"color: #333333;\"><span style=\"color: #0000ff;\"><a style=\"color: #0000ff;\" href=\"https:\/\/igfae.usc.es\/~igfae-old\/job-offer\/open-call-phd-program-2021\/\">https:\/\/igfae.usc.es\/~igfae-old\/job-offer\/open-call-phd-program-2021\/<\/a><\/span><\/span><\/strong><\/h5>\n<h5 style=\"text-align: center;\"><strong><span style=\"color: #333333;\">Traballamos na definici\u00f3n de doutoramentos industriais en colaboraci\u00f3n con empresas externas. As peroas candidatas innteresadas nesta posibilidade deben facer claramente esta declaraci\u00f3n na s\u00faa Carta de Motivaci\u00f3n<br \/>\nIGFAE \u00e9 un empregador con igualdade de oportunidades. IGFAE comprom\u00e9tese a aumentar a diversidade do seu persoal e agradece especialmente as solicitudes de mulleres, minor\u00edas e persoas con discapacidade.<\/span><\/strong><\/h5>\n<p>[\/vc_cta][\/vc_column_inner][vc_column_inner width=&#8221;1\/6&#8243;][\/vc_column_inner][\/vc_row_inner][\/vc_column][\/vc_row]<\/p>\n","protected":false},"excerpt":{"rendered":"<p>[vc_row full_width=&#8221;stretch_row&#8221; foundry_padding=&#8221;pt0 pb0&#8243; foundry_parallax=&#8221;not-parallax&#8221; css=&#8221;.vc_custom_1529688996618{background-image: url(https:\/\/igfae.usc.es\/~igfae-old\/wp-content\/uploads\/2017\/11\/fondo.jpg?id=122) !important;}&#8221;][vc_column][vc_row_inner][vc_column_inner width=&#8221;5\/12&#8243; css=&#8221;.vc_custom_1511969894880{margin-bottom: 0px !important;padding-bottom: 0px !important;}&#8221;][vc_single_image image=&#8221;5913&#8243; img_size=&#8221;full&#8221;][\/vc_column_inner][vc_column_inner width=&#8221;5\/12&#8243; offset=&#8221;vc_col-lg-offset-1&#8243; css=&#8221;.vc_custom_1536316171685{margin-bottom: 0px !important;padding-top:&#8230;<\/p>\n","protected":false},"author":21,"featured_media":1977,"parent":0,"menu_order":0,"comment_status":"closed","ping_status":"closed","template":"","meta":{"om_disable_all_campaigns":false,"_monsterinsights_skip_tracking":false,"_monsterinsights_sitenote_active":false,"_monsterinsights_sitenote_note":"","_monsterinsights_sitenote_category":0},"aioseo_notices":[],"yoast_head":"<!-- This site is optimized with the Yoast SEO plugin v18.4.1 - https:\/\/yoast.com\/wordpress\/plugins\/seo\/ -->\n<title>Programa de doutoramento internacional - IGFAE<\/title>\n<meta name=\"robots\" content=\"index, follow, max-snippet:-1, max-image-preview:large, max-video-preview:-1\" \/>\n<link rel=\"canonical\" href=\"https:\/\/igfae.usc.es\/~igfae-old\/gl\/programa-doutoramento-internacional\/\" \/>\n<meta property=\"og:locale\" content=\"gl_ES\" \/>\n<meta property=\"og:type\" content=\"article\" \/>\n<meta property=\"og:title\" content=\"Programa de doutoramento internacional - IGFAE\" \/>\n<meta property=\"og:description\" content=\"[vc_row full_width=&#8221;stretch_row&#8221; foundry_padding=&#8221;pt0 pb0&#8243; foundry_parallax=&#8221;not-parallax&#8221; css=&#8221;.vc_custom_1529688996618{background-image: url(https:\/\/igfae.usc.es\/~igfae-old\/wp-content\/uploads\/2017\/11\/fondo.jpg?id=122) !important;}&#8221;][vc_column][vc_row_inner][vc_column_inner width=&#8221;5\/12&#8243; css=&#8221;.vc_custom_1511969894880{margin-bottom: 0px !important;padding-bottom: 0px !important;}&#8221;][vc_single_image image=&#8221;5913&#8243; img_size=&#8221;full&#8221;][\/vc_column_inner][vc_column_inner width=&#8221;5\/12&#8243; offset=&#8221;vc_col-lg-offset-1&#8243; css=&#8221;.vc_custom_1536316171685{margin-bottom: 0px !important;padding-top:...\" \/>\n<meta property=\"og:url\" content=\"https:\/\/igfae.usc.es\/~igfae-old\/gl\/programa-doutoramento-internacional\/\" \/>\n<meta property=\"og:site_name\" content=\"IGFAE\" \/>\n<meta property=\"article:modified_time\" content=\"2021-07-30T11:50:53+00:00\" \/>\n<meta property=\"og:image\" content=\"https:\/\/igfae.usc.es\/~igfae-old\/wp-content\/uploads\/2017\/11\/Transicion-azul-Indicadores.png\" \/>\n\t<meta property=\"og:image:width\" content=\"1920\" \/>\n\t<meta property=\"og:image:height\" content=\"847\" \/>\n\t<meta property=\"og:image:type\" content=\"image\/png\" \/>\n<meta name=\"twitter:card\" content=\"summary_large_image\" \/>\n<meta name=\"twitter:site\" content=\"@igfae_hep\" \/>\n<meta name=\"twitter:label1\" content=\"Tempo de lectura\" \/>\n\t<meta name=\"twitter:data1\" content=\"3 minutos\" \/>\n<script type=\"application\/ld+json\" class=\"yoast-schema-graph\">{\"@context\":\"https:\/\/schema.org\",\"@graph\":[{\"@type\":\"WebSite\",\"@id\":\"https:\/\/igfae.usc.es\/~igfae-old\/#website\",\"url\":\"https:\/\/igfae.usc.es\/~igfae-old\/\",\"name\":\"IGFAE\",\"description\":\"Instituto Galego de F\u00edsica de Altas Enerx\u00edas\",\"potentialAction\":[{\"@type\":\"SearchAction\",\"target\":{\"@type\":\"EntryPoint\",\"urlTemplate\":\"https:\/\/igfae.usc.es\/~igfae-old\/?s={search_term_string}\"},\"query-input\":\"required name=search_term_string\"}],\"inLanguage\":\"gl-ES\"},{\"@type\":\"ImageObject\",\"@id\":\"https:\/\/igfae.usc.es\/~igfae-old\/gl\/programa-doutoramento-internacional\/#primaryimage\",\"inLanguage\":\"gl-ES\",\"url\":\"https:\/\/igfae.usc.es\/~igfae-old\/wp-content\/uploads\/2017\/11\/Transicion-azul-Indicadores.png\",\"contentUrl\":\"https:\/\/igfae.usc.es\/~igfae-old\/wp-content\/uploads\/2017\/11\/Transicion-azul-Indicadores.png\",\"width\":1920,\"height\":847},{\"@type\":\"WebPage\",\"@id\":\"https:\/\/igfae.usc.es\/~igfae-old\/gl\/programa-doutoramento-internacional\/#webpage\",\"url\":\"https:\/\/igfae.usc.es\/~igfae-old\/gl\/programa-doutoramento-internacional\/\",\"name\":\"Programa de doutoramento internacional - IGFAE\",\"isPartOf\":{\"@id\":\"https:\/\/igfae.usc.es\/~igfae-old\/#website\"},\"primaryImageOfPage\":{\"@id\":\"https:\/\/igfae.usc.es\/~igfae-old\/gl\/programa-doutoramento-internacional\/#primaryimage\"},\"datePublished\":\"2019-10-15T14:24:48+00:00\",\"dateModified\":\"2021-07-30T11:50:53+00:00\",\"breadcrumb\":{\"@id\":\"https:\/\/igfae.usc.es\/~igfae-old\/gl\/programa-doutoramento-internacional\/#breadcrumb\"},\"inLanguage\":\"gl-ES\",\"potentialAction\":[{\"@type\":\"ReadAction\",\"target\":[\"https:\/\/igfae.usc.es\/~igfae-old\/gl\/programa-doutoramento-internacional\/\"]}]},{\"@type\":\"BreadcrumbList\",\"@id\":\"https:\/\/igfae.usc.es\/~igfae-old\/gl\/programa-doutoramento-internacional\/#breadcrumb\",\"itemListElement\":[{\"@type\":\"ListItem\",\"position\":1,\"name\":\"Home\",\"item\":\"https:\/\/igfae.usc.es\/~igfae-old\/gl\/\"},{\"@type\":\"ListItem\",\"position\":2,\"name\":\"Programa de doutoramento internacional\"}]}]}<\/script>\n<!-- \/ Yoast SEO plugin. -->","yoast_head_json":{"title":"Programa de doutoramento internacional - IGFAE","robots":{"index":"index","follow":"follow","max-snippet":"max-snippet:-1","max-image-preview":"max-image-preview:large","max-video-preview":"max-video-preview:-1"},"canonical":"https:\/\/igfae.usc.es\/~igfae-old\/gl\/programa-doutoramento-internacional\/","og_locale":"gl_ES","og_type":"article","og_title":"Programa de doutoramento internacional - IGFAE","og_description":"[vc_row full_width=&#8221;stretch_row&#8221; foundry_padding=&#8221;pt0 pb0&#8243; foundry_parallax=&#8221;not-parallax&#8221; css=&#8221;.vc_custom_1529688996618{background-image: url(https:\/\/igfae.usc.es\/~igfae-old\/wp-content\/uploads\/2017\/11\/fondo.jpg?id=122) !important;}&#8221;][vc_column][vc_row_inner][vc_column_inner width=&#8221;5\/12&#8243; css=&#8221;.vc_custom_1511969894880{margin-bottom: 0px !important;padding-bottom: 0px !important;}&#8221;][vc_single_image image=&#8221;5913&#8243; img_size=&#8221;full&#8221;][\/vc_column_inner][vc_column_inner width=&#8221;5\/12&#8243; offset=&#8221;vc_col-lg-offset-1&#8243; css=&#8221;.vc_custom_1536316171685{margin-bottom: 0px !important;padding-top:...","og_url":"https:\/\/igfae.usc.es\/~igfae-old\/gl\/programa-doutoramento-internacional\/","og_site_name":"IGFAE","article_modified_time":"2021-07-30T11:50:53+00:00","og_image":[{"width":1920,"height":847,"url":"https:\/\/igfae.usc.es\/~igfae-old\/wp-content\/uploads\/2017\/11\/Transicion-azul-Indicadores.png","type":"image\/png"}],"twitter_card":"summary_large_image","twitter_site":"@igfae_hep","twitter_misc":{"Tempo de lectura":"3 minutos"},"schema":{"@context":"https:\/\/schema.org","@graph":[{"@type":"WebSite","@id":"https:\/\/igfae.usc.es\/~igfae-old\/#website","url":"https:\/\/igfae.usc.es\/~igfae-old\/","name":"IGFAE","description":"Instituto Galego de F\u00edsica de Altas Enerx\u00edas","potentialAction":[{"@type":"SearchAction","target":{"@type":"EntryPoint","urlTemplate":"https:\/\/igfae.usc.es\/~igfae-old\/?s={search_term_string}"},"query-input":"required name=search_term_string"}],"inLanguage":"gl-ES"},{"@type":"ImageObject","@id":"https:\/\/igfae.usc.es\/~igfae-old\/gl\/programa-doutoramento-internacional\/#primaryimage","inLanguage":"gl-ES","url":"https:\/\/igfae.usc.es\/~igfae-old\/wp-content\/uploads\/2017\/11\/Transicion-azul-Indicadores.png","contentUrl":"https:\/\/igfae.usc.es\/~igfae-old\/wp-content\/uploads\/2017\/11\/Transicion-azul-Indicadores.png","width":1920,"height":847},{"@type":"WebPage","@id":"https:\/\/igfae.usc.es\/~igfae-old\/gl\/programa-doutoramento-internacional\/#webpage","url":"https:\/\/igfae.usc.es\/~igfae-old\/gl\/programa-doutoramento-internacional\/","name":"Programa de doutoramento internacional - IGFAE","isPartOf":{"@id":"https:\/\/igfae.usc.es\/~igfae-old\/#website"},"primaryImageOfPage":{"@id":"https:\/\/igfae.usc.es\/~igfae-old\/gl\/programa-doutoramento-internacional\/#primaryimage"},"datePublished":"2019-10-15T14:24:48+00:00","dateModified":"2021-07-30T11:50:53+00:00","breadcrumb":{"@id":"https:\/\/igfae.usc.es\/~igfae-old\/gl\/programa-doutoramento-internacional\/#breadcrumb"},"inLanguage":"gl-ES","potentialAction":[{"@type":"ReadAction","target":["https:\/\/igfae.usc.es\/~igfae-old\/gl\/programa-doutoramento-internacional\/"]}]},{"@type":"BreadcrumbList","@id":"https:\/\/igfae.usc.es\/~igfae-old\/gl\/programa-doutoramento-internacional\/#breadcrumb","itemListElement":[{"@type":"ListItem","position":1,"name":"Home","item":"https:\/\/igfae.usc.es\/~igfae-old\/gl\/"},{"@type":"ListItem","position":2,"name":"Programa de doutoramento internacional"}]}]}},"_links":{"self":[{"href":"https:\/\/igfae.usc.es\/~igfae-old\/gl\/wp-json\/wp\/v2\/pages\/3803"}],"collection":[{"href":"https:\/\/igfae.usc.es\/~igfae-old\/gl\/wp-json\/wp\/v2\/pages"}],"about":[{"href":"https:\/\/igfae.usc.es\/~igfae-old\/gl\/wp-json\/wp\/v2\/types\/page"}],"author":[{"embeddable":true,"href":"https:\/\/igfae.usc.es\/~igfae-old\/gl\/wp-json\/wp\/v2\/users\/21"}],"replies":[{"embeddable":true,"href":"https:\/\/igfae.usc.es\/~igfae-old\/gl\/wp-json\/wp\/v2\/comments?post=3803"}],"version-history":[{"count":8,"href":"https:\/\/igfae.usc.es\/~igfae-old\/gl\/wp-json\/wp\/v2\/pages\/3803\/revisions"}],"predecessor-version":[{"id":9698,"href":"https:\/\/igfae.usc.es\/~igfae-old\/gl\/wp-json\/wp\/v2\/pages\/3803\/revisions\/9698"}],"wp:featuredmedia":[{"embeddable":true,"href":"https:\/\/igfae.usc.es\/~igfae-old\/gl\/wp-json\/wp\/v2\/media\/1977"}],"wp:attachment":[{"href":"https:\/\/igfae.usc.es\/~igfae-old\/gl\/wp-json\/wp\/v2\/media?parent=3803"}],"curies":[{"name":"wp","href":"https:\/\/api.w.org\/{rel}","templated":true}]}}