



{"id":3410,"date":"2019-10-23T00:38:34","date_gmt":"2019-10-22T22:38:34","guid":{"rendered":"https:\/\/igfae.usc.es\/centrosingular\/?page_id=3410"},"modified":"2019-10-23T00:39:44","modified_gmt":"2019-10-22T22:39:44","slug":"socios-colaboradores-redes","status":"publish","type":"page","link":"https:\/\/igfae.usc.es\/~igfae-old\/gl\/socios-colaboradores-redes\/","title":{"rendered":"Socios, colaboradores e redes de investigaci\u00f3n"},"content":{"rendered":"<p>[vc_row foundry_padding=&#8221;pt64 pb64&#8243;][vc_column][vc_column_text css=&#8221;.vc_custom_1547547837261{margin-top: 10px !important;border-left-width: 25px !important;padding-left: 10px !important;border-left-color: #154074 !important;border-left-style: solid !important;}&#8221;]<\/p>\n<h3 style=\"color: #333333;\"><strong>Socios<\/strong><\/h3>\n<p>[\/vc_column_text][vc_row_inner][vc_column_inner width=&#8221;1\/4&#8243;][vc_single_image image=&#8221;384&#8243; img_size=&#8221;200&#215;151&#8243; alignment=&#8221;center&#8221; onclick=&#8221;custom_link&#8221; link=&#8221;https:\/\/home.cern\/&#8221;][\/vc_column_inner][vc_column_inner width=&#8221;3\/4&#8243;][vc_column_text]<\/p>\n<h4><strong>CERN<\/strong><\/h4>\n<p class=\"lead\">No CERN, a Organizaci\u00f3n Europea para a Investigaci\u00f3n Nuclear, f\u00edsicos e enxe\u00f1eiros est\u00e1n a investigar a estrutura fundamental do universo. Utilizan os instrumentos cient\u00edficos m\u00e1is grandes e complexos do mundo para estudar os compo\u00f1entes b\u00e1sicos da materia, as part\u00edculas fundamentais. As part\u00edculas acel\u00e9ranse ata preto da velocidade da luz e fanse chocar. O proceso proporciona \u00e1s f\u00edsicos pistas sobre como interact\u00faan as part\u00edculas ademais de informaci\u00f3n sobre as leis fundamentais da natureza.<\/p>\n<p>[\/vc_column_text][vc_column_text]<a class=\"btn\" href=\"https:\/\/home.cern\/\">M\u00e1is informaci\u00f3n<\/a>[\/vc_column_text][\/vc_column_inner][\/vc_row_inner][\/vc_column][\/vc_row][vc_row foundry_background_style=&#8221;bg-secondary&#8221; foundry_padding=&#8221;pt64 pb64&#8243;][vc_column][vc_row_inner][vc_column_inner width=&#8221;1\/4&#8243;][vc_single_image image=&#8221;388&#8243; img_size=&#8221;200&#215;151&#8243; alignment=&#8221;center&#8221; onclick=&#8221;custom_link&#8221; link=&#8221;http:\/\/gain.xunta.gal\/&#8221;][\/vc_column_inner][vc_column_inner width=&#8221;3\/4&#8243;][vc_column_text]<\/p>\n<h4><strong>GAIN<\/strong><\/h4>\n<p class=\"lead\">A Axencia Galega de Innovaci\u00f3n \u00e9 unha axencia p\u00fablica aut\u00f3noma, adscrita \u00e1 Conseller\u00edade Econom\u00eda, Emprego e Industria do Goberno Rexional de Galicia, pero con personalidade xur\u00eddica propia. O seu obxectivo \u00e9 promover e estruturar as pol\u00edticas de innovaci\u00f3n nas administraci\u00f3ns p\u00fablicas galegas, e apoiar e fomentar o crecemento e a competitividade das empresas galegas a trav\u00e9s da implementaci\u00f3n de estratexias e programas de innovaci\u00f3n eficientes.<\/p>\n<p>[\/vc_column_text][vc_column_text]<a class=\"btn\" href=\"http:\/\/gain.xunta.gal\/?locale=gl_ES\">M\u00e1is informaci\u00f3n<\/a>[\/vc_column_text][\/vc_column_inner][\/vc_row_inner][\/vc_column][\/vc_row][vc_row foundry_padding=&#8221;pt64 pb64&#8243;][vc_column][vc_row_inner][vc_column_inner width=&#8221;1\/4&#8243;][vc_single_image image=&#8221;386&#8243; img_size=&#8221;295&#215;151&#8243; alignment=&#8221;center&#8221; onclick=&#8221;custom_link&#8221; link=&#8221;http:\/\/www.cnm.es\/&#8221;][\/vc_column_inner][vc_column_inner width=&#8221;3\/4&#8243;][vc_column_text]<\/p>\n<h4><strong>IMB-CNM<\/strong><\/h4>\n<p class=\"lead\">IMB-CNM \u00e9 a sede barcelonesa do Centro Nacional de Microelectr\u00f3nica. Nel desenv\u00f3lvense tecnolox\u00edas, dispositivos e circu\u00edtos integrados baseados en micro e nano electr\u00f3nica. Os sensores, actuadores e microsistemas al\u00ed creados son de alto interese para a construci\u00f3n de detectores e aceleradores relacionados coas li\u00f1as experimentais do IGFAE.<\/p>\n<p>[\/vc_column_text][vc_column_text]<a class=\"btn\" href=\"http:\/\/www.imb-cnm.csic.es\/index.php\/en\/\">M\u00e1is informaci\u00f3n<\/a>[\/vc_column_text][\/vc_column_inner][\/vc_row_inner][\/vc_column][\/vc_row][vc_row foundry_background_style=&#8221;bg-secondary&#8221; foundry_padding=&#8221;pt64 pb64&#8243;][vc_column][vc_row_inner][vc_column_inner width=&#8221;1\/4&#8243;][vc_single_image image=&#8221;385&#8243; img_size=&#8221;200&#215;151&#8243; alignment=&#8221;center&#8221; onclick=&#8221;custom_link&#8221; link=&#8221;http:\/\/www.cmam.uam.es\/&#8221;][\/vc_column_inner][vc_column_inner width=&#8221;3\/4&#8243;][vc_column_text]<\/p>\n<h4><strong>CMAN<\/strong><\/h4>\n<p class=\"lead\">O Centro de Microan\u00e1lise de Materiais \u00e9 un centro de investigaci\u00f3n pertencente \u00e1 Universitat Aut\u00f3noma de Barcelona (UAB) que ten por principal ferramenta un acelerador de i\u00f3ns electrost\u00e1ticos cunha voltaxe m\u00e1xima terminal de 5MV, adicado \u00e1 an\u00e1lise e modificaci\u00f3n de materiais.<\/p>\n<p>[\/vc_column_text][vc_column_text]<a class=\"btn\" href=\"http:\/\/www.cmam.uam.es\/es\">M\u00e1is informaci\u00f3n<\/a>[\/vc_column_text][\/vc_column_inner][\/vc_row_inner][\/vc_column][\/vc_row][vc_row foundry_padding=&#8221;pt64 pb64&#8243;][vc_column][vc_row_inner][vc_column_inner width=&#8221;1\/4&#8243;][vc_single_image image=&#8221;389&#8243; img_size=&#8221;244&#215;151&#8243; alignment=&#8221;center&#8221; onclick=&#8221;custom_link&#8221; link=&#8221;https:\/\/tecnico.ulisboa.pt\/en\/&#8221;][\/vc_column_inner][vc_column_inner width=&#8221;3\/4&#8243;][vc_column_text]<\/p>\n<h4><strong>IFT<\/strong><\/h4>\n<p class=\"lead\">O Instituto Superior T\u00e9cnico ten como obxectivo contribu\u00edr ao desenvolvemento da sociedade, promovendo a excelencia na educaci\u00f3n superior, nos campos de Arquitectura, Enxe\u00f1er\u00eda, Ciencia e Tecnolox\u00eda mediante o desenvolvemento de actividades de Investigaci\u00f3n, Desenvolvemento e Innovaci\u00f3n (I+D+i).<\/p>\n<p>[\/vc_column_text][vc_column_text]<a class=\"btn\" href=\"https:\/\/tecnico.ulisboa.pt\/pt\/\">M\u00e1is informaci\u00f3n<\/a>[\/vc_column_text][\/vc_column_inner][\/vc_row_inner][\/vc_column][\/vc_row][vc_row foundry_background_style=&#8221;bg-secondary&#8221; foundry_padding=&#8221;pt64 pb64&#8243;][vc_column][vc_row_inner][vc_column_inner width=&#8221;1\/4&#8243;][vc_single_image image=&#8221;387&#8243; img_size=&#8221;200&#215;151&#8243; alignment=&#8221;center&#8221; onclick=&#8221;custom_link&#8221; link=&#8221;https:\/\/fair-center.eu&#8221;][\/vc_column_inner][vc_column_inner width=&#8221;3\/4&#8243;][vc_column_text]<\/p>\n<h4><strong>FAIR<\/strong><\/h4>\n<p class=\"lead\">O centro do acelerador FAIR que se construir\u00e1 en Darmstadt, \u00e9 un dos proxectos m\u00e1is grandes de investigaci\u00f3n b\u00e1sica en f\u00edsica en todo o mundo. Aproximadamente 3.000 cient\u00edficos de m\u00e1is de 50 pa\u00edses xa est\u00e1n a traballar na planificaci\u00f3n das instalaci\u00f3ns do experimento e do acelerador. Un proxecto a gran escala como FAIR s\u00f3 pode realizarse mediante unha intensa cooperaci\u00f3n internacional. As vantaxes a ter en conta son a reduci\u00f3n de custos e a ampliaci\u00f3n dos co\u00f1ecementos e os cient\u00edficos dispo\u00f1ibles para FAIR.<\/p>\n<p>[\/vc_column_text][vc_column_text]<a class=\"btn\" href=\"https:\/\/fair-center.eu\/\">M\u00e1is informaci\u00f3n<\/a>[\/vc_column_text][\/vc_column_inner][\/vc_row_inner][\/vc_column][\/vc_row]<\/p>\n","protected":false},"excerpt":{"rendered":"<p>[vc_row foundry_padding=&#8221;pt64 pb64&#8243;][vc_column][vc_column_text css=&#8221;.vc_custom_1547547837261{margin-top: 10px !important;border-left-width: 25px !important;padding-left: 10px !important;border-left-color: #154074 !important;border-left-style: solid !important;}&#8221;] Socios [\/vc_column_text][vc_row_inner][vc_column_inner width=&#8221;1\/4&#8243;][vc_single_image image=&#8221;384&#8243; img_size=&#8221;200&#215;151&#8243; alignment=&#8221;center&#8221; onclick=&#8221;custom_link&#8221;&#8230;<\/p>\n","protected":false},"author":21,"featured_media":1977,"parent":0,"menu_order":0,"comment_status":"closed","ping_status":"closed","template":"","meta":{"om_disable_all_campaigns":false,"_monsterinsights_skip_tracking":false,"_monsterinsights_sitenote_active":false,"_monsterinsights_sitenote_note":"","_monsterinsights_sitenote_category":0},"aioseo_notices":[],"yoast_head":"<!-- This site is optimized with the Yoast SEO plugin v18.4.1 - https:\/\/yoast.com\/wordpress\/plugins\/seo\/ -->\n<title>Socios, colaboradores e redes de investigaci\u00f3n - IGFAE<\/title>\n<meta name=\"robots\" content=\"index, follow, max-snippet:-1, max-image-preview:large, max-video-preview:-1\" \/>\n<link rel=\"canonical\" href=\"https:\/\/igfae.usc.es\/~igfae-old\/gl\/socios-colaboradores-redes\/\" \/>\n<meta property=\"og:locale\" content=\"gl_ES\" \/>\n<meta property=\"og:type\" content=\"article\" \/>\n<meta property=\"og:title\" content=\"Socios, colaboradores e redes de investigaci\u00f3n - IGFAE\" \/>\n<meta property=\"og:description\" content=\"[vc_row foundry_padding=&#8221;pt64 pb64&#8243;][vc_column][vc_column_text css=&#8221;.vc_custom_1547547837261{margin-top: 10px !important;border-left-width: 25px !important;padding-left: 10px !important;border-left-color: #154074 !important;border-left-style: solid !important;}&#8221;] Socios [\/vc_column_text][vc_row_inner][vc_column_inner width=&#8221;1\/4&#8243;][vc_single_image image=&#8221;384&#8243; img_size=&#8221;200&#215;151&#8243; alignment=&#8221;center&#8221; onclick=&#8221;custom_link&#8221;...\" \/>\n<meta property=\"og:url\" content=\"https:\/\/igfae.usc.es\/~igfae-old\/gl\/socios-colaboradores-redes\/\" \/>\n<meta property=\"og:site_name\" content=\"IGFAE\" \/>\n<meta property=\"article:modified_time\" content=\"2019-10-22T22:39:44+00:00\" \/>\n<meta property=\"og:image\" content=\"https:\/\/igfae.usc.es\/~igfae-old\/wp-content\/uploads\/2017\/11\/Transicion-azul-Indicadores.png\" \/>\n\t<meta property=\"og:image:width\" content=\"1920\" \/>\n\t<meta property=\"og:image:height\" content=\"847\" \/>\n\t<meta property=\"og:image:type\" content=\"image\/png\" \/>\n<meta name=\"twitter:card\" content=\"summary_large_image\" \/>\n<meta name=\"twitter:site\" content=\"@igfae_hep\" \/>\n<meta name=\"twitter:label1\" content=\"Tempo de lectura\" \/>\n\t<meta name=\"twitter:data1\" content=\"4 minutos\" \/>\n<script type=\"application\/ld+json\" class=\"yoast-schema-graph\">{\"@context\":\"https:\/\/schema.org\",\"@graph\":[{\"@type\":\"WebSite\",\"@id\":\"https:\/\/igfae.usc.es\/~igfae-old\/#website\",\"url\":\"https:\/\/igfae.usc.es\/~igfae-old\/\",\"name\":\"IGFAE\",\"description\":\"Instituto Galego de F\u00edsica de Altas Enerx\u00edas\",\"potentialAction\":[{\"@type\":\"SearchAction\",\"target\":{\"@type\":\"EntryPoint\",\"urlTemplate\":\"https:\/\/igfae.usc.es\/~igfae-old\/?s={search_term_string}\"},\"query-input\":\"required name=search_term_string\"}],\"inLanguage\":\"gl-ES\"},{\"@type\":\"ImageObject\",\"@id\":\"https:\/\/igfae.usc.es\/~igfae-old\/gl\/socios-colaboradores-redes\/#primaryimage\",\"inLanguage\":\"gl-ES\",\"url\":\"https:\/\/igfae.usc.es\/~igfae-old\/wp-content\/uploads\/2017\/11\/Transicion-azul-Indicadores.png\",\"contentUrl\":\"https:\/\/igfae.usc.es\/~igfae-old\/wp-content\/uploads\/2017\/11\/Transicion-azul-Indicadores.png\",\"width\":1920,\"height\":847},{\"@type\":\"WebPage\",\"@id\":\"https:\/\/igfae.usc.es\/~igfae-old\/gl\/socios-colaboradores-redes\/#webpage\",\"url\":\"https:\/\/igfae.usc.es\/~igfae-old\/gl\/socios-colaboradores-redes\/\",\"name\":\"Socios, colaboradores e redes de investigaci\u00f3n - IGFAE\",\"isPartOf\":{\"@id\":\"https:\/\/igfae.usc.es\/~igfae-old\/#website\"},\"primaryImageOfPage\":{\"@id\":\"https:\/\/igfae.usc.es\/~igfae-old\/gl\/socios-colaboradores-redes\/#primaryimage\"},\"datePublished\":\"2019-10-22T22:38:34+00:00\",\"dateModified\":\"2019-10-22T22:39:44+00:00\",\"breadcrumb\":{\"@id\":\"https:\/\/igfae.usc.es\/~igfae-old\/gl\/socios-colaboradores-redes\/#breadcrumb\"},\"inLanguage\":\"gl-ES\",\"potentialAction\":[{\"@type\":\"ReadAction\",\"target\":[\"https:\/\/igfae.usc.es\/~igfae-old\/gl\/socios-colaboradores-redes\/\"]}]},{\"@type\":\"BreadcrumbList\",\"@id\":\"https:\/\/igfae.usc.es\/~igfae-old\/gl\/socios-colaboradores-redes\/#breadcrumb\",\"itemListElement\":[{\"@type\":\"ListItem\",\"position\":1,\"name\":\"Home\",\"item\":\"https:\/\/igfae.usc.es\/~igfae-old\/gl\/\"},{\"@type\":\"ListItem\",\"position\":2,\"name\":\"Socios, colaboradores e redes de investigaci\u00f3n\"}]}]}<\/script>\n<!-- \/ Yoast SEO plugin. -->","yoast_head_json":{"title":"Socios, colaboradores e redes de investigaci\u00f3n - IGFAE","robots":{"index":"index","follow":"follow","max-snippet":"max-snippet:-1","max-image-preview":"max-image-preview:large","max-video-preview":"max-video-preview:-1"},"canonical":"https:\/\/igfae.usc.es\/~igfae-old\/gl\/socios-colaboradores-redes\/","og_locale":"gl_ES","og_type":"article","og_title":"Socios, colaboradores e redes de investigaci\u00f3n - IGFAE","og_description":"[vc_row foundry_padding=&#8221;pt64 pb64&#8243;][vc_column][vc_column_text css=&#8221;.vc_custom_1547547837261{margin-top: 10px !important;border-left-width: 25px !important;padding-left: 10px !important;border-left-color: #154074 !important;border-left-style: solid !important;}&#8221;] Socios [\/vc_column_text][vc_row_inner][vc_column_inner width=&#8221;1\/4&#8243;][vc_single_image image=&#8221;384&#8243; img_size=&#8221;200&#215;151&#8243; alignment=&#8221;center&#8221; onclick=&#8221;custom_link&#8221;...","og_url":"https:\/\/igfae.usc.es\/~igfae-old\/gl\/socios-colaboradores-redes\/","og_site_name":"IGFAE","article_modified_time":"2019-10-22T22:39:44+00:00","og_image":[{"width":1920,"height":847,"url":"https:\/\/igfae.usc.es\/~igfae-old\/wp-content\/uploads\/2017\/11\/Transicion-azul-Indicadores.png","type":"image\/png"}],"twitter_card":"summary_large_image","twitter_site":"@igfae_hep","twitter_misc":{"Tempo de lectura":"4 minutos"},"schema":{"@context":"https:\/\/schema.org","@graph":[{"@type":"WebSite","@id":"https:\/\/igfae.usc.es\/~igfae-old\/#website","url":"https:\/\/igfae.usc.es\/~igfae-old\/","name":"IGFAE","description":"Instituto Galego de F\u00edsica de Altas Enerx\u00edas","potentialAction":[{"@type":"SearchAction","target":{"@type":"EntryPoint","urlTemplate":"https:\/\/igfae.usc.es\/~igfae-old\/?s={search_term_string}"},"query-input":"required name=search_term_string"}],"inLanguage":"gl-ES"},{"@type":"ImageObject","@id":"https:\/\/igfae.usc.es\/~igfae-old\/gl\/socios-colaboradores-redes\/#primaryimage","inLanguage":"gl-ES","url":"https:\/\/igfae.usc.es\/~igfae-old\/wp-content\/uploads\/2017\/11\/Transicion-azul-Indicadores.png","contentUrl":"https:\/\/igfae.usc.es\/~igfae-old\/wp-content\/uploads\/2017\/11\/Transicion-azul-Indicadores.png","width":1920,"height":847},{"@type":"WebPage","@id":"https:\/\/igfae.usc.es\/~igfae-old\/gl\/socios-colaboradores-redes\/#webpage","url":"https:\/\/igfae.usc.es\/~igfae-old\/gl\/socios-colaboradores-redes\/","name":"Socios, colaboradores e redes de investigaci\u00f3n - IGFAE","isPartOf":{"@id":"https:\/\/igfae.usc.es\/~igfae-old\/#website"},"primaryImageOfPage":{"@id":"https:\/\/igfae.usc.es\/~igfae-old\/gl\/socios-colaboradores-redes\/#primaryimage"},"datePublished":"2019-10-22T22:38:34+00:00","dateModified":"2019-10-22T22:39:44+00:00","breadcrumb":{"@id":"https:\/\/igfae.usc.es\/~igfae-old\/gl\/socios-colaboradores-redes\/#breadcrumb"},"inLanguage":"gl-ES","potentialAction":[{"@type":"ReadAction","target":["https:\/\/igfae.usc.es\/~igfae-old\/gl\/socios-colaboradores-redes\/"]}]},{"@type":"BreadcrumbList","@id":"https:\/\/igfae.usc.es\/~igfae-old\/gl\/socios-colaboradores-redes\/#breadcrumb","itemListElement":[{"@type":"ListItem","position":1,"name":"Home","item":"https:\/\/igfae.usc.es\/~igfae-old\/gl\/"},{"@type":"ListItem","position":2,"name":"Socios, colaboradores e redes de investigaci\u00f3n"}]}]}},"_links":{"self":[{"href":"https:\/\/igfae.usc.es\/~igfae-old\/gl\/wp-json\/wp\/v2\/pages\/3410"}],"collection":[{"href":"https:\/\/igfae.usc.es\/~igfae-old\/gl\/wp-json\/wp\/v2\/pages"}],"about":[{"href":"https:\/\/igfae.usc.es\/~igfae-old\/gl\/wp-json\/wp\/v2\/types\/page"}],"author":[{"embeddable":true,"href":"https:\/\/igfae.usc.es\/~igfae-old\/gl\/wp-json\/wp\/v2\/users\/21"}],"replies":[{"embeddable":true,"href":"https:\/\/igfae.usc.es\/~igfae-old\/gl\/wp-json\/wp\/v2\/comments?post=3410"}],"version-history":[{"count":3,"href":"https:\/\/igfae.usc.es\/~igfae-old\/gl\/wp-json\/wp\/v2\/pages\/3410\/revisions"}],"predecessor-version":[{"id":13200,"href":"https:\/\/igfae.usc.es\/~igfae-old\/gl\/wp-json\/wp\/v2\/pages\/3410\/revisions\/13200"}],"wp:featuredmedia":[{"embeddable":true,"href":"https:\/\/igfae.usc.es\/~igfae-old\/gl\/wp-json\/wp\/v2\/media\/1977"}],"wp:attachment":[{"href":"https:\/\/igfae.usc.es\/~igfae-old\/gl\/wp-json\/wp\/v2\/media?parent=3410"}],"curies":[{"name":"wp","href":"https:\/\/api.w.org\/{rel}","templated":true}]}}