



{"id":2354,"date":"2018-06-22T16:50:25","date_gmt":"2018-06-22T16:50:25","guid":{"rendered":"https:\/\/igfae.usc.es\/centrosingular\/postdoctoral-training-program\/"},"modified":"2019-01-16T16:29:00","modified_gmt":"2019-01-16T16:29:00","slug":"programa-de-capacitacion-posdoutoral","status":"publish","type":"page","link":"https:\/\/igfae.usc.es\/~igfae-old\/gl\/programa-de-capacitacion-posdoutoral\/","title":{"rendered":"Programa de capacitaci\u00f3n posdoutoral"},"content":{"rendered":"<p>[vc_row full_width=&#8221;stretch_row&#8221; foundry_padding=&#8221;pt0 pb0&#8243; foundry_parallax=&#8221;not-parallax&#8221; css=&#8221;.vc_custom_1529688996618{background-image: url(https:\/\/igfae.usc.es\/~igfae-old\/wp-content\/uploads\/2017\/11\/fondo.jpg?id=122) !important;}&#8221;][vc_column][vc_row_inner][vc_column_inner width=&#8221;5\/12&#8243; css=&#8221;.vc_custom_1511969894880{margin-bottom: 0px !important;padding-bottom: 0px !important;}&#8221;][vc_single_image image=&#8221;1315&#8243; img_size=&#8221;full&#8221;][\/vc_column_inner][vc_column_inner width=&#8221;5\/12&#8243; offset=&#8221;vc_col-lg-offset-1&#8243; css=&#8221;.vc_custom_1536316171685{margin-bottom: 0px !important;padding-top: 60px !important;padding-bottom: 0px !important;}&#8221;][vc_column_text css=&#8221;.vc_custom_1547572632459{margin-top: 0px !important;padding-top: 0px !important;}&#8221;]<\/p>\n<h3><span style=\"color: #055dbe;\"><strong>Programa de capacitaci\u00f3n posdoutoral internacional e plan de desenvolvemento profesional: as claves para o \u00e9xito<\/strong><\/span><\/h3>\n<p class=\"lead\">A nosa oferta como centro de formaci\u00f3n posdoutoral incl\u00fae:<\/p>\n<p>[\/vc_column_text][vc_column_text]<\/p>\n<ul class=\"training-anchor\">\n<li>Mentoring<\/li>\n<li>Visibilidade internacional<\/li>\n<li>Financiamento discrecional<\/li>\n<li>Recadaci\u00f3n de fondos<\/li>\n<li>Responsabilidades organizacionais<\/li>\n<\/ul>\n<p>[\/vc_column_text][\/vc_column_inner][\/vc_row_inner][\/vc_column][\/vc_row][vc_row foundry_background_style=&#8221;bg-secondary&#8221; foundry_padding=&#8221;pt64 pb64&#8243; css=&#8221;.vc_custom_1529946170895{background-image: url(https:\/\/igfae.usc.es\/~igfae-old\/wp-content\/uploads\/2017\/11\/Transicion-azul-Indicadores.png?id=120) !important;background-position: center !important;background-repeat: no-repeat !important;background-size: cover !important;}&#8221;][vc_column][vc_row_inner][vc_column_inner width=&#8221;1\/2&#8243;][vc_column_text]<\/p>\n<h3><strong>Mentoring<\/strong><\/h3>\n<p class=\"lead\">A cada posdoutorado asignar\u00e1selle un membro do persoal docente de IGFAE como mentor. Ao longo da estad\u00eda posdoutoral, o mentor brindar\u00e1 asesoramento e apoio para o desenvolvemento profesional do posdoutorado.<\/p>\n<p>[\/vc_column_text][\/vc_column_inner][vc_column_inner width=&#8221;1\/2&#8243;][vc_column_text]<\/p>\n<h3><strong>Visibilidade internacional<\/strong><\/h3>\n<p class=\"lead\">Recomendarase aos posdoutorados que asistan a escolas avanzadas e presenten o seu traballo en conferencias internacionais. Tam\u00e9n ser\u00e1n motivados para solicitar responsabilidades de colaboraci\u00f3n en colaboraci\u00f3ns experimentais, redes de investigaci\u00f3n, etc.<\/p>\n<p>[\/vc_column_text][\/vc_column_inner][\/vc_row_inner][vc_row_inner css=&#8221;.vc_custom_1529945870708{padding-top: 25px !important;}&#8221;][vc_column_inner width=&#8221;1\/2&#8243;][vc_column_text]<\/p>\n<h3><strong>Financiamento discrecional<\/strong><\/h3>\n<p class=\"lead\">Asignarase unha cantidade de di\u00f1eiro a cada posdoutorado para o seu uso \u00e1 s\u00faa propia discreci\u00f3n. Este orzamento poder\u00eda utilizarse para comprar recursos inform\u00e1ticos, pagar tarifas de programas de capacitaci\u00f3n, cubrir gastos de colaboraci\u00f3n, etc.<\/p>\n<p>[\/vc_column_text][\/vc_column_inner][vc_column_inner width=&#8221;1\/2&#8243;][vc_column_text]<\/p>\n<h3><strong>Responsabilidades organizativas<\/strong><\/h3>\n<p class=\"lead\">Os posdoutorados ser\u00e1n inclu\u00eddos nas tarefas acad\u00e9micas regulares, tales como a organizaci\u00f3n de escolas e talleres, as\u00ed como programas de seminarios. Isto mellorar\u00e1 tanto a s\u00faa interacci\u00f3n cos membros s\u00e9nior de IGFAE como a s\u00faa visibilidade internacional.<\/p>\n<p>[\/vc_column_text][\/vc_column_inner][\/vc_row_inner][vc_row_inner css=&#8221;.vc_custom_1529945875310{padding-top: 25px !important;}&#8221;][vc_column_inner width=&#8221;2\/3&#8243;][vc_column_text]<\/p>\n<h3><strong>Recadaci\u00f3n de fondos<\/strong><\/h3>\n<p class=\"lead\">Recomendarase encarecidamente aos posdoutorados que soliciten recursos para mellorar e fortalecer a s\u00faa relaci\u00f3n con IGFAE. Tam\u00e9n recibir\u00e1n apoio administrativo e asesoramento da Universidade de Santiago de Compostela (USC), a Xunta de Galicia (goberno rexional) e o persoal de IGFAE, especialmente no que respecta ao financiamento da investigaci\u00f3n europea. Farase especial fincap\u00e9 nas propostas para as bolsas Marie Curie e o Consello Europeo de Investigaci\u00f3n (ERC), as\u00ed como para as posici\u00f3ns posdoctorais Ram\u00f3n y Cajal e Juan de la Cierva fundadas polo Goberno espa\u00f1ol.<\/p>\n<p>[\/vc_column_text][\/vc_column_inner][\/vc_row_inner][\/vc_column][\/vc_row]<\/p>\n","protected":false},"excerpt":{"rendered":"<p>[vc_row full_width=&#8221;stretch_row&#8221; foundry_padding=&#8221;pt0 pb0&#8243; foundry_parallax=&#8221;not-parallax&#8221; css=&#8221;.vc_custom_1529688996618{background-image: url(https:\/\/igfae.usc.es\/~igfae-old\/wp-content\/uploads\/2017\/11\/fondo.jpg?id=122) !important;}&#8221;][vc_column][vc_row_inner][vc_column_inner width=&#8221;5\/12&#8243; css=&#8221;.vc_custom_1511969894880{margin-bottom: 0px !important;padding-bottom: 0px !important;}&#8221;][vc_single_image image=&#8221;1315&#8243; img_size=&#8221;full&#8221;][\/vc_column_inner][vc_column_inner width=&#8221;5\/12&#8243; offset=&#8221;vc_col-lg-offset-1&#8243; css=&#8221;.vc_custom_1536316171685{margin-bottom: 0px !important;padding-top:&#8230;<\/p>\n","protected":false},"author":1,"featured_media":1977,"parent":0,"menu_order":0,"comment_status":"closed","ping_status":"closed","template":"","meta":{"om_disable_all_campaigns":false,"_monsterinsights_skip_tracking":false,"_monsterinsights_sitenote_active":false,"_monsterinsights_sitenote_note":"","_monsterinsights_sitenote_category":0},"aioseo_notices":[],"yoast_head":"<!-- This site is optimized with the Yoast SEO plugin v18.4.1 - https:\/\/yoast.com\/wordpress\/plugins\/seo\/ -->\n<title>Programa de capacitaci\u00f3n posdoutoral - IGFAE<\/title>\n<meta name=\"robots\" content=\"index, follow, max-snippet:-1, max-image-preview:large, max-video-preview:-1\" \/>\n<link rel=\"canonical\" href=\"https:\/\/igfae.usc.es\/~igfae-old\/gl\/programa-de-capacitacion-posdoutoral\/\" \/>\n<meta property=\"og:locale\" content=\"gl_ES\" \/>\n<meta property=\"og:type\" content=\"article\" \/>\n<meta property=\"og:title\" content=\"Programa de capacitaci\u00f3n posdoutoral - IGFAE\" \/>\n<meta property=\"og:description\" content=\"[vc_row full_width=&#8221;stretch_row&#8221; foundry_padding=&#8221;pt0 pb0&#8243; foundry_parallax=&#8221;not-parallax&#8221; css=&#8221;.vc_custom_1529688996618{background-image: url(https:\/\/igfae.usc.es\/~igfae-old\/wp-content\/uploads\/2017\/11\/fondo.jpg?id=122) !important;}&#8221;][vc_column][vc_row_inner][vc_column_inner width=&#8221;5\/12&#8243; css=&#8221;.vc_custom_1511969894880{margin-bottom: 0px !important;padding-bottom: 0px !important;}&#8221;][vc_single_image image=&#8221;1315&#8243; img_size=&#8221;full&#8221;][\/vc_column_inner][vc_column_inner width=&#8221;5\/12&#8243; offset=&#8221;vc_col-lg-offset-1&#8243; css=&#8221;.vc_custom_1536316171685{margin-bottom: 0px !important;padding-top:...\" \/>\n<meta property=\"og:url\" content=\"https:\/\/igfae.usc.es\/~igfae-old\/gl\/programa-de-capacitacion-posdoutoral\/\" \/>\n<meta property=\"og:site_name\" content=\"IGFAE\" \/>\n<meta property=\"article:modified_time\" content=\"2019-01-16T16:29:00+00:00\" \/>\n<meta property=\"og:image\" content=\"https:\/\/igfae.usc.es\/~igfae-old\/wp-content\/uploads\/2017\/11\/Transicion-azul-Indicadores.png\" \/>\n\t<meta property=\"og:image:width\" content=\"1920\" \/>\n\t<meta property=\"og:image:height\" content=\"847\" \/>\n\t<meta property=\"og:image:type\" content=\"image\/png\" \/>\n<meta name=\"twitter:card\" content=\"summary_large_image\" \/>\n<meta name=\"twitter:site\" content=\"@igfae_hep\" \/>\n<meta name=\"twitter:label1\" content=\"Tempo de lectura\" \/>\n\t<meta name=\"twitter:data1\" content=\"3 minutos\" \/>\n<script type=\"application\/ld+json\" class=\"yoast-schema-graph\">{\"@context\":\"https:\/\/schema.org\",\"@graph\":[{\"@type\":\"WebSite\",\"@id\":\"https:\/\/igfae.usc.es\/~igfae-old\/#website\",\"url\":\"https:\/\/igfae.usc.es\/~igfae-old\/\",\"name\":\"IGFAE\",\"description\":\"Instituto Galego de F\u00edsica de Altas Enerx\u00edas\",\"potentialAction\":[{\"@type\":\"SearchAction\",\"target\":{\"@type\":\"EntryPoint\",\"urlTemplate\":\"https:\/\/igfae.usc.es\/~igfae-old\/?s={search_term_string}\"},\"query-input\":\"required name=search_term_string\"}],\"inLanguage\":\"gl-ES\"},{\"@type\":\"ImageObject\",\"@id\":\"https:\/\/igfae.usc.es\/~igfae-old\/gl\/programa-de-capacitacion-posdoutoral\/#primaryimage\",\"inLanguage\":\"gl-ES\",\"url\":\"https:\/\/igfae.usc.es\/~igfae-old\/wp-content\/uploads\/2017\/11\/Transicion-azul-Indicadores.png\",\"contentUrl\":\"https:\/\/igfae.usc.es\/~igfae-old\/wp-content\/uploads\/2017\/11\/Transicion-azul-Indicadores.png\",\"width\":1920,\"height\":847},{\"@type\":\"WebPage\",\"@id\":\"https:\/\/igfae.usc.es\/~igfae-old\/gl\/programa-de-capacitacion-posdoutoral\/#webpage\",\"url\":\"https:\/\/igfae.usc.es\/~igfae-old\/gl\/programa-de-capacitacion-posdoutoral\/\",\"name\":\"Programa de capacitaci\u00f3n posdoutoral - IGFAE\",\"isPartOf\":{\"@id\":\"https:\/\/igfae.usc.es\/~igfae-old\/#website\"},\"primaryImageOfPage\":{\"@id\":\"https:\/\/igfae.usc.es\/~igfae-old\/gl\/programa-de-capacitacion-posdoutoral\/#primaryimage\"},\"datePublished\":\"2018-06-22T16:50:25+00:00\",\"dateModified\":\"2019-01-16T16:29:00+00:00\",\"breadcrumb\":{\"@id\":\"https:\/\/igfae.usc.es\/~igfae-old\/gl\/programa-de-capacitacion-posdoutoral\/#breadcrumb\"},\"inLanguage\":\"gl-ES\",\"potentialAction\":[{\"@type\":\"ReadAction\",\"target\":[\"https:\/\/igfae.usc.es\/~igfae-old\/gl\/programa-de-capacitacion-posdoutoral\/\"]}]},{\"@type\":\"BreadcrumbList\",\"@id\":\"https:\/\/igfae.usc.es\/~igfae-old\/gl\/programa-de-capacitacion-posdoutoral\/#breadcrumb\",\"itemListElement\":[{\"@type\":\"ListItem\",\"position\":1,\"name\":\"Home\",\"item\":\"https:\/\/igfae.usc.es\/~igfae-old\/gl\/\"},{\"@type\":\"ListItem\",\"position\":2,\"name\":\"Programa de capacitaci\u00f3n posdoutoral\"}]}]}<\/script>\n<!-- \/ Yoast SEO plugin. -->","yoast_head_json":{"title":"Programa de capacitaci\u00f3n posdoutoral - IGFAE","robots":{"index":"index","follow":"follow","max-snippet":"max-snippet:-1","max-image-preview":"max-image-preview:large","max-video-preview":"max-video-preview:-1"},"canonical":"https:\/\/igfae.usc.es\/~igfae-old\/gl\/programa-de-capacitacion-posdoutoral\/","og_locale":"gl_ES","og_type":"article","og_title":"Programa de capacitaci\u00f3n posdoutoral - IGFAE","og_description":"[vc_row full_width=&#8221;stretch_row&#8221; foundry_padding=&#8221;pt0 pb0&#8243; foundry_parallax=&#8221;not-parallax&#8221; css=&#8221;.vc_custom_1529688996618{background-image: url(https:\/\/igfae.usc.es\/~igfae-old\/wp-content\/uploads\/2017\/11\/fondo.jpg?id=122) !important;}&#8221;][vc_column][vc_row_inner][vc_column_inner width=&#8221;5\/12&#8243; css=&#8221;.vc_custom_1511969894880{margin-bottom: 0px !important;padding-bottom: 0px !important;}&#8221;][vc_single_image image=&#8221;1315&#8243; img_size=&#8221;full&#8221;][\/vc_column_inner][vc_column_inner width=&#8221;5\/12&#8243; offset=&#8221;vc_col-lg-offset-1&#8243; css=&#8221;.vc_custom_1536316171685{margin-bottom: 0px !important;padding-top:...","og_url":"https:\/\/igfae.usc.es\/~igfae-old\/gl\/programa-de-capacitacion-posdoutoral\/","og_site_name":"IGFAE","article_modified_time":"2019-01-16T16:29:00+00:00","og_image":[{"width":1920,"height":847,"url":"https:\/\/igfae.usc.es\/~igfae-old\/wp-content\/uploads\/2017\/11\/Transicion-azul-Indicadores.png","type":"image\/png"}],"twitter_card":"summary_large_image","twitter_site":"@igfae_hep","twitter_misc":{"Tempo de lectura":"3 minutos"},"schema":{"@context":"https:\/\/schema.org","@graph":[{"@type":"WebSite","@id":"https:\/\/igfae.usc.es\/~igfae-old\/#website","url":"https:\/\/igfae.usc.es\/~igfae-old\/","name":"IGFAE","description":"Instituto Galego de F\u00edsica de Altas Enerx\u00edas","potentialAction":[{"@type":"SearchAction","target":{"@type":"EntryPoint","urlTemplate":"https:\/\/igfae.usc.es\/~igfae-old\/?s={search_term_string}"},"query-input":"required name=search_term_string"}],"inLanguage":"gl-ES"},{"@type":"ImageObject","@id":"https:\/\/igfae.usc.es\/~igfae-old\/gl\/programa-de-capacitacion-posdoutoral\/#primaryimage","inLanguage":"gl-ES","url":"https:\/\/igfae.usc.es\/~igfae-old\/wp-content\/uploads\/2017\/11\/Transicion-azul-Indicadores.png","contentUrl":"https:\/\/igfae.usc.es\/~igfae-old\/wp-content\/uploads\/2017\/11\/Transicion-azul-Indicadores.png","width":1920,"height":847},{"@type":"WebPage","@id":"https:\/\/igfae.usc.es\/~igfae-old\/gl\/programa-de-capacitacion-posdoutoral\/#webpage","url":"https:\/\/igfae.usc.es\/~igfae-old\/gl\/programa-de-capacitacion-posdoutoral\/","name":"Programa de capacitaci\u00f3n posdoutoral - IGFAE","isPartOf":{"@id":"https:\/\/igfae.usc.es\/~igfae-old\/#website"},"primaryImageOfPage":{"@id":"https:\/\/igfae.usc.es\/~igfae-old\/gl\/programa-de-capacitacion-posdoutoral\/#primaryimage"},"datePublished":"2018-06-22T16:50:25+00:00","dateModified":"2019-01-16T16:29:00+00:00","breadcrumb":{"@id":"https:\/\/igfae.usc.es\/~igfae-old\/gl\/programa-de-capacitacion-posdoutoral\/#breadcrumb"},"inLanguage":"gl-ES","potentialAction":[{"@type":"ReadAction","target":["https:\/\/igfae.usc.es\/~igfae-old\/gl\/programa-de-capacitacion-posdoutoral\/"]}]},{"@type":"BreadcrumbList","@id":"https:\/\/igfae.usc.es\/~igfae-old\/gl\/programa-de-capacitacion-posdoutoral\/#breadcrumb","itemListElement":[{"@type":"ListItem","position":1,"name":"Home","item":"https:\/\/igfae.usc.es\/~igfae-old\/gl\/"},{"@type":"ListItem","position":2,"name":"Programa de capacitaci\u00f3n posdoutoral"}]}]}},"_links":{"self":[{"href":"https:\/\/igfae.usc.es\/~igfae-old\/gl\/wp-json\/wp\/v2\/pages\/2354"}],"collection":[{"href":"https:\/\/igfae.usc.es\/~igfae-old\/gl\/wp-json\/wp\/v2\/pages"}],"about":[{"href":"https:\/\/igfae.usc.es\/~igfae-old\/gl\/wp-json\/wp\/v2\/types\/page"}],"author":[{"embeddable":true,"href":"https:\/\/igfae.usc.es\/~igfae-old\/gl\/wp-json\/wp\/v2\/users\/1"}],"replies":[{"embeddable":true,"href":"https:\/\/igfae.usc.es\/~igfae-old\/gl\/wp-json\/wp\/v2\/comments?post=2354"}],"version-history":[{"count":5,"href":"https:\/\/igfae.usc.es\/~igfae-old\/gl\/wp-json\/wp\/v2\/pages\/2354\/revisions"}],"predecessor-version":[{"id":2491,"href":"https:\/\/igfae.usc.es\/~igfae-old\/gl\/wp-json\/wp\/v2\/pages\/2354\/revisions\/2491"}],"wp:featuredmedia":[{"embeddable":true,"href":"https:\/\/igfae.usc.es\/~igfae-old\/gl\/wp-json\/wp\/v2\/media\/1977"}],"wp:attachment":[{"href":"https:\/\/igfae.usc.es\/~igfae-old\/gl\/wp-json\/wp\/v2\/media?parent=2354"}],"curies":[{"name":"wp","href":"https:\/\/api.w.org\/{rel}","templated":true}]}}