



{"id":2313,"date":"2018-03-16T12:25:48","date_gmt":"2018-03-16T10:25:48","guid":{"rendered":"https:\/\/igfae.usc.es\/centrosingular\/outreach-igfae\/"},"modified":"2023-04-13T10:05:58","modified_gmt":"2023-04-13T08:05:58","slug":"divulgacion-2","status":"publish","type":"page","link":"https:\/\/igfae.usc.es\/~igfae-old\/gl\/divulgacion-2\/","title":{"rendered":"Divulgaci\u00f3n"},"content":{"rendered":"<p>[vc_row full_width=&#8221;stretch_row&#8221; foundry_padding=&#8221;pt0 pb0&#8243; foundry_parallax=&#8221;not-parallax&#8221; css=&#8221;.vc_custom_1511969745245{background-image: url(https:\/\/igfae.usc.es\/~igfae-old\/wp-content\/uploads\/2017\/11\/fondo.jpg?id=122) !important;}&#8221;][vc_column][vc_row_inner][vc_column_inner width=&#8221;5\/12&#8243; css=&#8221;.vc_custom_1511969894880{margin-bottom: 0px !important;padding-bottom: 0px !important;}&#8221;][vc_single_image image=&#8221;1293&#8243; img_size=&#8221;full&#8221;][\/vc_column_inner][vc_column_inner width=&#8221;5\/12&#8243; offset=&#8221;vc_col-lg-offset-1&#8243; css=&#8221;.vc_custom_1536316223177{margin-bottom: 0px !important;padding-top: 60px !important;padding-bottom: 0px !important;}&#8221;][vc_column_text css=&#8221;.vc_custom_1579701446529{margin-top: 0px !important;padding-top: 0px !important;}&#8221;]<\/p>\n<h2><span style=\"color: #065dc4;\"><strong>MASTERCLASS<\/strong><\/span><\/h2>\n<p class=\"lead\">IGFAE alberga unha Clase Maxistral en f\u00edsica de part\u00edculas en primavera cada ano. Durante esta actividade, convidamos os estudantes de secundaria de Galicia a participar e converterse en f\u00edsicos de alta enerx\u00eda por un d\u00eda. Os estudantes toman un d\u00eda libre da escola para analizar os datos do experimento CMS no Gran Colisionador de Hadr\u00f3ns (LHC) baixo a supervisi\u00f3n dos cient\u00edficos de IGFAE. Ao final do d\u00eda, os estudantes discuten os resultados obtidos nunha videoconferencia con outros cient\u00edficos en CERN ou Femilab, e con outros institutos participantes de todo o mundo. Isto br\u00edndalles aos estudantes a experiencia de traballar nunha colaboraci\u00f3n internacional, que forma parte da vida coti\u00e1 do CERN.<\/p>\n<p class=\"lead\">A Masterclass en IGFAE \u00e9 parte dun programa anual chamado International Masterclasses. Os cient\u00edficos de aproximadamente 210 universidades e laboratorios albergan Masterclasses nas s\u00faas instituci\u00f3ns de orixe. As clases maxistrais deste ano organ\u00edzanse desde febreiro ata abril en m\u00e1is de 50 pa\u00edses en todo o mundo.<\/p>\n<p class=\"lead\">M\u00e1is informaci\u00f3n: <a href=\"http:\/\/igfae.usc.es\/masterclass\/\">http:\/\/igfae.usc.es\/masterclass\/<\/a><\/p>\n<h2><span style=\"color: #065dc4;\"><strong>MASTERCLASS &#8220;D\u00eda Internacional da Muller e Nena na Ciencia&#8221;<\/strong><\/span><\/h2>\n<p class=\"lead\">O Instituto Galego de F\u00edsica de Altas Enerx\u00edas (IGFAE) cree que \u00e9 esencial promover o acceso e participaci\u00f3n plena e equitativa de todas as persoas na ciencia. Movida por este mesmo principio de equidade, a Asamblea Xeral das Naci\u00f3ns Unidas decide proclamar o 11 de febreiro como o \u201cD\u00eda Internacional da Muller e a Nena na Ciencia\u201d. Por segundo ano consecutivo, o IGFAE s\u00famase a esta efem\u00e9ride cun evento evento dirixido \u00e1s alumnas de bacharelato.<\/p>\n<p class=\"lead\">Na xornada ou \u201cMasterclass\u201d levaranse a cabo actividades relacionadas coa F\u00edsica de Part\u00edculas, nunha actividade que nace como froito da colaboraci\u00f3n do IGFAE co Grupo Internacional de Divulgaci\u00f3n de F\u00edsica de Part\u00edculas\u201d (promotores da mesma) e o CERN (Organizaci\u00f3n Europea para a Investigaci\u00f3n Nuclear).<\/p>\n<p class=\"lead\">M\u00e1is informaci\u00f3n: <a href=\"https:\/\/igfae.usc.es\/masterclass_women_in_science\/\">https:\/\/igfae.usc.es\/masterclass_women_in_science\/<\/a><\/p>\n<p>[\/vc_column_text][\/vc_column_inner][\/vc_row_inner][\/vc_column][\/vc_row][vc_row full_width=&#8221;stretch_row&#8221;][vc_column css=&#8221;.vc_custom_1530095549496{padding-top: 45px !important;}&#8221;][vc_row_inner content_placement=&#8221;middle&#8221;][vc_column_inner width=&#8221;5\/12&#8243; css=&#8221;.vc_custom_1511969894880{margin-bottom: 0px !important;padding-bottom: 0px !important;}&#8221;][vc_column_text]<iframe loading=\"lazy\" src=\"https:\/\/www.youtube.com\/embed\/I_5mnUULU-I?list=PLrNPyN_QBwXNdWqPV3lxJXB7xz26OQ1Lz\" width=\"560\" height=\"315\" frameborder=\"0\" allowfullscreen=\"allowfullscreen\"><\/iframe>[\/vc_column_text][vc_column_text]<iframe loading=\"lazy\" src=\"https:\/\/www.youtube.com\/embed\/eB5OXKND6PM?list=PLrNPyN_QBwXOcXiJd-4O7CMqmXgjeP1aq\" width=\"560\" height=\"315\" frameborder=\"0\" allowfullscreen=\"allowfullscreen\"><\/iframe>[\/vc_column_text][\/vc_column_inner][vc_column_inner width=&#8221;5\/12&#8243; offset=&#8221;vc_col-lg-offset-1&#8243; css=&#8221;.vc_custom_1512057467443{margin-bottom: 0px !important;padding-top: 25px !important;padding-bottom: 0px !important;}&#8221;][vc_column_text css=&#8221;.vc_custom_1681373095215{margin-top: 0px !important;padding-top: 0px !important;}&#8221;]<\/p>\n<h2><span style=\"color: #065dc4;\"><strong>HISTORIAS DO TEMPO<\/strong><\/span><\/h2>\n<p class=\"lead\">No outono de 2015, un equipo da cadea de televisi\u00f3n V Televisi\u00f3n (grupo La Voz de Galicia), liderado por Xavier Fonseca, viaxou a Xenebra, Berna e Berl\u00edn, acompa\u00f1ados por investigadores de IGFAE para gravar d\u00faas series especiais do programa de televisi\u00f3n &#8220;Historias do Tempo&#8221;. Este programa proporciona o progn\u00f3stico do tempo todas as noites \u00e1s 21h acompa\u00f1ado dun breve informe cient\u00edfico de cinco minutos. As d\u00faas series de v\u00eddeos consistiron nun conxunto de dezanove episodios para conmemorar o centenario da Relatividade Xeral de Einstein e un programa especial de once Programas de F\u00edsica de Part\u00edculas centrado nas actividades do CERN. Estes v\u00eddeos mostr\u00e1ronse na televisi\u00f3n durante a primavera, o ver\u00e1n e o outono de 2016 e tam\u00e9n se vincularon desde a p\u00e1xina web &#8220;La Voz de Galicia&#8221;, que alcanzou decenas de miles de visi\u00f3ns.<\/p>\n<p class=\"lead\">A asesor\u00eda cient\u00edfica dos v\u00eddeos foi realizada por Jos\u00e9 Edelstein, Javier Mas e Cibr\u00e1n Santamarina (IGFAE) e o especial foi parcialmente financiado por IGFAE e a Vicerreitor\u00eda de Comunicaci\u00f3n e Coordinaci\u00f3n da USC. Xavier Fonseca recibiu o VII premio de divulgaci\u00f3n CPAN na modalidade de v\u00eddeo para a serie CERN destes especiais. As d\u00faas series de v\u00eddeos p\u00f3dense ver na s\u00faa canle de YouTube.<\/p>\n<p>[\/vc_column_text][\/vc_column_inner][\/vc_row_inner][\/vc_column][\/vc_row]<\/p>\n","protected":false},"excerpt":{"rendered":"<p>[vc_row full_width=&#8221;stretch_row&#8221; foundry_padding=&#8221;pt0 pb0&#8243; foundry_parallax=&#8221;not-parallax&#8221; css=&#8221;.vc_custom_1511969745245{background-image: url(https:\/\/igfae.usc.es\/~igfae-old\/wp-content\/uploads\/2017\/11\/fondo.jpg?id=122) !important;}&#8221;][vc_column][vc_row_inner][vc_column_inner width=&#8221;5\/12&#8243; css=&#8221;.vc_custom_1511969894880{margin-bottom: 0px !important;padding-bottom: 0px !important;}&#8221;][vc_single_image image=&#8221;1293&#8243; img_size=&#8221;full&#8221;][\/vc_column_inner][vc_column_inner width=&#8221;5\/12&#8243; offset=&#8221;vc_col-lg-offset-1&#8243; css=&#8221;.vc_custom_1536316223177{margin-bottom: 0px !important;padding-top:&#8230;<\/p>\n","protected":false},"author":1,"featured_media":1977,"parent":0,"menu_order":0,"comment_status":"closed","ping_status":"closed","template":"","meta":{"om_disable_all_campaigns":false,"_monsterinsights_skip_tracking":false,"_monsterinsights_sitenote_active":false,"_monsterinsights_sitenote_note":"","_monsterinsights_sitenote_category":0},"aioseo_notices":[],"yoast_head":"<!-- This site is optimized with the Yoast SEO plugin v18.4.1 - https:\/\/yoast.com\/wordpress\/plugins\/seo\/ -->\n<title>Divulgaci\u00f3n - IGFAE<\/title>\n<meta name=\"robots\" content=\"index, follow, max-snippet:-1, max-image-preview:large, max-video-preview:-1\" \/>\n<link rel=\"canonical\" href=\"https:\/\/igfae.usc.es\/~igfae-old\/gl\/divulgacion-2\/\" \/>\n<meta property=\"og:locale\" content=\"gl_ES\" \/>\n<meta property=\"og:type\" content=\"article\" \/>\n<meta property=\"og:title\" content=\"Divulgaci\u00f3n - IGFAE\" \/>\n<meta property=\"og:description\" content=\"[vc_row full_width=&#8221;stretch_row&#8221; foundry_padding=&#8221;pt0 pb0&#8243; foundry_parallax=&#8221;not-parallax&#8221; css=&#8221;.vc_custom_1511969745245{background-image: url(https:\/\/igfae.usc.es\/~igfae-old\/wp-content\/uploads\/2017\/11\/fondo.jpg?id=122) !important;}&#8221;][vc_column][vc_row_inner][vc_column_inner width=&#8221;5\/12&#8243; css=&#8221;.vc_custom_1511969894880{margin-bottom: 0px !important;padding-bottom: 0px !important;}&#8221;][vc_single_image image=&#8221;1293&#8243; img_size=&#8221;full&#8221;][\/vc_column_inner][vc_column_inner width=&#8221;5\/12&#8243; offset=&#8221;vc_col-lg-offset-1&#8243; css=&#8221;.vc_custom_1536316223177{margin-bottom: 0px !important;padding-top:...\" \/>\n<meta property=\"og:url\" content=\"https:\/\/igfae.usc.es\/~igfae-old\/gl\/divulgacion-2\/\" \/>\n<meta property=\"og:site_name\" content=\"IGFAE\" \/>\n<meta property=\"article:modified_time\" content=\"2023-04-13T08:05:58+00:00\" \/>\n<meta property=\"og:image\" content=\"https:\/\/igfae.usc.es\/~igfae-old\/wp-content\/uploads\/2017\/11\/Transicion-azul-Indicadores.png\" \/>\n\t<meta property=\"og:image:width\" content=\"1920\" \/>\n\t<meta property=\"og:image:height\" content=\"847\" \/>\n\t<meta property=\"og:image:type\" content=\"image\/png\" \/>\n<meta name=\"twitter:card\" content=\"summary_large_image\" \/>\n<meta name=\"twitter:site\" content=\"@igfae_hep\" \/>\n<meta name=\"twitter:label1\" content=\"Tempo de lectura\" \/>\n\t<meta name=\"twitter:data1\" content=\"4 minutos\" \/>\n<script type=\"application\/ld+json\" class=\"yoast-schema-graph\">{\"@context\":\"https:\/\/schema.org\",\"@graph\":[{\"@type\":\"WebSite\",\"@id\":\"https:\/\/igfae.usc.es\/~igfae-old\/#website\",\"url\":\"https:\/\/igfae.usc.es\/~igfae-old\/\",\"name\":\"IGFAE\",\"description\":\"Instituto Galego de F\u00edsica de Altas Enerx\u00edas\",\"potentialAction\":[{\"@type\":\"SearchAction\",\"target\":{\"@type\":\"EntryPoint\",\"urlTemplate\":\"https:\/\/igfae.usc.es\/~igfae-old\/?s={search_term_string}\"},\"query-input\":\"required name=search_term_string\"}],\"inLanguage\":\"gl-ES\"},{\"@type\":\"ImageObject\",\"@id\":\"https:\/\/igfae.usc.es\/~igfae-old\/gl\/divulgacion-2\/#primaryimage\",\"inLanguage\":\"gl-ES\",\"url\":\"https:\/\/igfae.usc.es\/~igfae-old\/wp-content\/uploads\/2017\/11\/Transicion-azul-Indicadores.png\",\"contentUrl\":\"https:\/\/igfae.usc.es\/~igfae-old\/wp-content\/uploads\/2017\/11\/Transicion-azul-Indicadores.png\",\"width\":1920,\"height\":847},{\"@type\":\"WebPage\",\"@id\":\"https:\/\/igfae.usc.es\/~igfae-old\/gl\/divulgacion-2\/#webpage\",\"url\":\"https:\/\/igfae.usc.es\/~igfae-old\/gl\/divulgacion-2\/\",\"name\":\"Divulgaci\u00f3n - IGFAE\",\"isPartOf\":{\"@id\":\"https:\/\/igfae.usc.es\/~igfae-old\/#website\"},\"primaryImageOfPage\":{\"@id\":\"https:\/\/igfae.usc.es\/~igfae-old\/gl\/divulgacion-2\/#primaryimage\"},\"datePublished\":\"2018-03-16T10:25:48+00:00\",\"dateModified\":\"2023-04-13T08:05:58+00:00\",\"breadcrumb\":{\"@id\":\"https:\/\/igfae.usc.es\/~igfae-old\/gl\/divulgacion-2\/#breadcrumb\"},\"inLanguage\":\"gl-ES\",\"potentialAction\":[{\"@type\":\"ReadAction\",\"target\":[\"https:\/\/igfae.usc.es\/~igfae-old\/gl\/divulgacion-2\/\"]}]},{\"@type\":\"BreadcrumbList\",\"@id\":\"https:\/\/igfae.usc.es\/~igfae-old\/gl\/divulgacion-2\/#breadcrumb\",\"itemListElement\":[{\"@type\":\"ListItem\",\"position\":1,\"name\":\"Home\",\"item\":\"https:\/\/igfae.usc.es\/~igfae-old\/gl\/\"},{\"@type\":\"ListItem\",\"position\":2,\"name\":\"Divulgaci\u00f3n\"}]}]}<\/script>\n<!-- \/ Yoast SEO plugin. -->","yoast_head_json":{"title":"Divulgaci\u00f3n - IGFAE","robots":{"index":"index","follow":"follow","max-snippet":"max-snippet:-1","max-image-preview":"max-image-preview:large","max-video-preview":"max-video-preview:-1"},"canonical":"https:\/\/igfae.usc.es\/~igfae-old\/gl\/divulgacion-2\/","og_locale":"gl_ES","og_type":"article","og_title":"Divulgaci\u00f3n - IGFAE","og_description":"[vc_row full_width=&#8221;stretch_row&#8221; foundry_padding=&#8221;pt0 pb0&#8243; foundry_parallax=&#8221;not-parallax&#8221; css=&#8221;.vc_custom_1511969745245{background-image: url(https:\/\/igfae.usc.es\/~igfae-old\/wp-content\/uploads\/2017\/11\/fondo.jpg?id=122) !important;}&#8221;][vc_column][vc_row_inner][vc_column_inner width=&#8221;5\/12&#8243; css=&#8221;.vc_custom_1511969894880{margin-bottom: 0px !important;padding-bottom: 0px !important;}&#8221;][vc_single_image image=&#8221;1293&#8243; img_size=&#8221;full&#8221;][\/vc_column_inner][vc_column_inner width=&#8221;5\/12&#8243; offset=&#8221;vc_col-lg-offset-1&#8243; css=&#8221;.vc_custom_1536316223177{margin-bottom: 0px !important;padding-top:...","og_url":"https:\/\/igfae.usc.es\/~igfae-old\/gl\/divulgacion-2\/","og_site_name":"IGFAE","article_modified_time":"2023-04-13T08:05:58+00:00","og_image":[{"width":1920,"height":847,"url":"https:\/\/igfae.usc.es\/~igfae-old\/wp-content\/uploads\/2017\/11\/Transicion-azul-Indicadores.png","type":"image\/png"}],"twitter_card":"summary_large_image","twitter_site":"@igfae_hep","twitter_misc":{"Tempo de lectura":"4 minutos"},"schema":{"@context":"https:\/\/schema.org","@graph":[{"@type":"WebSite","@id":"https:\/\/igfae.usc.es\/~igfae-old\/#website","url":"https:\/\/igfae.usc.es\/~igfae-old\/","name":"IGFAE","description":"Instituto Galego de F\u00edsica de Altas Enerx\u00edas","potentialAction":[{"@type":"SearchAction","target":{"@type":"EntryPoint","urlTemplate":"https:\/\/igfae.usc.es\/~igfae-old\/?s={search_term_string}"},"query-input":"required name=search_term_string"}],"inLanguage":"gl-ES"},{"@type":"ImageObject","@id":"https:\/\/igfae.usc.es\/~igfae-old\/gl\/divulgacion-2\/#primaryimage","inLanguage":"gl-ES","url":"https:\/\/igfae.usc.es\/~igfae-old\/wp-content\/uploads\/2017\/11\/Transicion-azul-Indicadores.png","contentUrl":"https:\/\/igfae.usc.es\/~igfae-old\/wp-content\/uploads\/2017\/11\/Transicion-azul-Indicadores.png","width":1920,"height":847},{"@type":"WebPage","@id":"https:\/\/igfae.usc.es\/~igfae-old\/gl\/divulgacion-2\/#webpage","url":"https:\/\/igfae.usc.es\/~igfae-old\/gl\/divulgacion-2\/","name":"Divulgaci\u00f3n - IGFAE","isPartOf":{"@id":"https:\/\/igfae.usc.es\/~igfae-old\/#website"},"primaryImageOfPage":{"@id":"https:\/\/igfae.usc.es\/~igfae-old\/gl\/divulgacion-2\/#primaryimage"},"datePublished":"2018-03-16T10:25:48+00:00","dateModified":"2023-04-13T08:05:58+00:00","breadcrumb":{"@id":"https:\/\/igfae.usc.es\/~igfae-old\/gl\/divulgacion-2\/#breadcrumb"},"inLanguage":"gl-ES","potentialAction":[{"@type":"ReadAction","target":["https:\/\/igfae.usc.es\/~igfae-old\/gl\/divulgacion-2\/"]}]},{"@type":"BreadcrumbList","@id":"https:\/\/igfae.usc.es\/~igfae-old\/gl\/divulgacion-2\/#breadcrumb","itemListElement":[{"@type":"ListItem","position":1,"name":"Home","item":"https:\/\/igfae.usc.es\/~igfae-old\/gl\/"},{"@type":"ListItem","position":2,"name":"Divulgaci\u00f3n"}]}]}},"_links":{"self":[{"href":"https:\/\/igfae.usc.es\/~igfae-old\/gl\/wp-json\/wp\/v2\/pages\/2313"}],"collection":[{"href":"https:\/\/igfae.usc.es\/~igfae-old\/gl\/wp-json\/wp\/v2\/pages"}],"about":[{"href":"https:\/\/igfae.usc.es\/~igfae-old\/gl\/wp-json\/wp\/v2\/types\/page"}],"author":[{"embeddable":true,"href":"https:\/\/igfae.usc.es\/~igfae-old\/gl\/wp-json\/wp\/v2\/users\/1"}],"replies":[{"embeddable":true,"href":"https:\/\/igfae.usc.es\/~igfae-old\/gl\/wp-json\/wp\/v2\/comments?post=2313"}],"version-history":[{"count":15,"href":"https:\/\/igfae.usc.es\/~igfae-old\/gl\/wp-json\/wp\/v2\/pages\/2313\/revisions"}],"predecessor-version":[{"id":13166,"href":"https:\/\/igfae.usc.es\/~igfae-old\/gl\/wp-json\/wp\/v2\/pages\/2313\/revisions\/13166"}],"wp:featuredmedia":[{"embeddable":true,"href":"https:\/\/igfae.usc.es\/~igfae-old\/gl\/wp-json\/wp\/v2\/media\/1977"}],"wp:attachment":[{"href":"https:\/\/igfae.usc.es\/~igfae-old\/gl\/wp-json\/wp\/v2\/media?parent=2313"}],"curies":[{"name":"wp","href":"https:\/\/api.w.org\/{rel}","templated":true}]}}