



{"id":2295,"date":"2018-07-03T10:01:31","date_gmt":"2018-07-03T10:01:31","guid":{"rendered":"https:\/\/igfae.usc.es\/centrosingular\/experiments\/fair-r3b\/"},"modified":"2019-01-15T17:13:41","modified_gmt":"2019-01-15T17:13:41","slug":"fair-r3b","status":"publish","type":"page","link":"https:\/\/igfae.usc.es\/~igfae-old\/gl\/experiments\/fair-r3b\/","title":{"rendered":"FAIR R3B"},"content":{"rendered":"<p>[vc_row full_width=&#8221;stretch_row&#8221; foundry_padding=&#8221;pt0 pb0&#8243; foundry_parallax=&#8221;not-parallax&#8221; css=&#8221;.vc_custom_1531310175070{background-image: url(https:\/\/igfae.usc.es\/~igfae-old\/wp-content\/uploads\/2017\/11\/fondo.jpg?id=122) !important;}&#8221;][vc_column][vc_row_inner content_placement=&#8221;top&#8221;][vc_column_inner width=&#8221;5\/12&#8243; css=&#8221;.vc_custom_1531731768121{margin-top: 0px !important;margin-bottom: 0px !important;padding-top: 0px !important;padding-bottom: 0px !important;background-image: url(https:\/\/igfae.usc.es\/~igfae-old\/wp-content\/uploads\/2018\/07\/FairR3B.jpg?id=1542) !important;background-position: center !important;background-repeat: no-repeat !important;background-size: cover !important;}&#8221;][vc_empty_space height=&#8221;500&#8243;][\/vc_column_inner][vc_column_inner width=&#8221;5\/12&#8243; offset=&#8221;vc_col-lg-offset-1&#8243; css=&#8221;.vc_custom_1531310209562{margin-bottom: 0px !important;padding-top: 25px !important;padding-right: 15px !important;padding-bottom: 0px !important;padding-left: 15px !important;}&#8221;][vc_column_text css=&#8221;.vc_custom_1547572419816{margin-top: 0px !important;padding-top: 0px !important;}&#8221;]<\/p>\n<h3><span style=\"color: #055dbe;\"><strong>FAIR R3B<\/strong><\/span><\/h3>\n<p class=\"lead\">O equipo experimental para estudos de reacci\u00f3ns con feixes radioactivos relativistas R3B \u00e9 parte do proxecto FAIR. O obxectivo da colaboraci\u00f3n internacional de R3B \u00e9 desenvolver e constru\u00edr un equipo de reacci\u00f3n vers\u00e1til con alta eficiencia, aceptaci\u00f3n e resoluci\u00f3n para medici\u00f3ns de reacci\u00f3ns con feixes radioactivos de alta enerx\u00eda completas cinem\u00e1ticamente. O equipo situarase no plano focal da rama de alta enerx\u00eda do Super-FRS. A configuraci\u00f3n experimental bas\u00e9ase nun concepto como a configuraci\u00f3n de reacci\u00f3n R3 B\/ LAND existente en GSI introducindo melloras substanciais con respecto \u00e1 resoluci\u00f3n e un esquema de detecci\u00f3n estendido, que comprende a detecci\u00f3n adicional de part\u00edculas de retroceso de luz (tipo obxectivo) e un espectr\u00f3metro de fragmentos de alta resoluci\u00f3n. O equipo ad\u00e1ptase \u00e1s enerx\u00edas de feixe m\u00e1is altas (correspondentes a unha rixidez magn\u00e9tica de 20 Tm) provistas polo Super-FRS aproveitando a transmisi\u00f3n m\u00e1is alta posible de feixes secundarios.<\/p>\n<p class=\"lead\">A configuraci\u00f3n de R3B cubrir\u00e1 os estudos de reacci\u00f3n experimentais con n\u00facleos ex\u00f3ticos moi afastados da estabilidade, o que permitir\u00e1 un amplo programa de f\u00edsica con feixes de is\u00f3topos raros con \u00e9nfases na estrutura e din\u00e1mica nuclear. Tam\u00e9n se comprenden os aspectos astrof\u00edsicos e as aplicaci\u00f3ns t\u00e9cnicas. Para cubrir un programa de f\u00edsica tan grande, planif\u00edcanse varios subsistemas de detecci\u00f3n diferentes, as\u00ed como un sofisticado sistema DAQ e un software de an\u00e1lise de datos. O traballo real\u00edzase dentro da colaboraci\u00f3n R3B que incl\u00fae m\u00e1is de 50 institutos diferentes de todo o mundo.<\/p>\n<p>[\/vc_column_text][\/vc_column_inner][\/vc_row_inner][\/vc_column][\/vc_row]<\/p>\n","protected":false},"excerpt":{"rendered":"<p>[vc_row full_width=&#8221;stretch_row&#8221; foundry_padding=&#8221;pt0 pb0&#8243; foundry_parallax=&#8221;not-parallax&#8221; css=&#8221;.vc_custom_1531310175070{background-image: url(https:\/\/igfae.usc.es\/~igfae-old\/wp-content\/uploads\/2017\/11\/fondo.jpg?id=122) !important;}&#8221;][vc_column][vc_row_inner content_placement=&#8221;top&#8221;][vc_column_inner width=&#8221;5\/12&#8243; css=&#8221;.vc_custom_1531731768121{margin-top: 0px !important;margin-bottom: 0px !important;padding-top: 0px !important;padding-bottom: 0px !important;background-image: url(https:\/\/igfae.usc.es\/~igfae-old\/wp-content\/uploads\/2018\/07\/FairR3B.jpg?id=1542) !important;background-position:&#8230;<\/p>\n","protected":false},"author":1,"featured_media":1977,"parent":2063,"menu_order":0,"comment_status":"closed","ping_status":"closed","template":"","meta":{"om_disable_all_campaigns":false,"_monsterinsights_skip_tracking":false,"_monsterinsights_sitenote_active":false,"_monsterinsights_sitenote_note":"","_monsterinsights_sitenote_category":0},"aioseo_notices":[],"yoast_head":"<!-- This site is optimized with the Yoast SEO plugin v18.4.1 - https:\/\/yoast.com\/wordpress\/plugins\/seo\/ -->\n<title>FAIR R3B - IGFAE<\/title>\n<meta name=\"robots\" content=\"index, follow, max-snippet:-1, max-image-preview:large, max-video-preview:-1\" \/>\n<link rel=\"canonical\" href=\"https:\/\/igfae.usc.es\/~igfae-old\/gl\/experiments\/fair-r3b\/\" \/>\n<meta property=\"og:locale\" content=\"gl_ES\" \/>\n<meta property=\"og:type\" content=\"article\" \/>\n<meta property=\"og:title\" content=\"FAIR R3B - IGFAE\" \/>\n<meta property=\"og:description\" content=\"[vc_row full_width=&#8221;stretch_row&#8221; foundry_padding=&#8221;pt0 pb0&#8243; foundry_parallax=&#8221;not-parallax&#8221; css=&#8221;.vc_custom_1531310175070{background-image: url(https:\/\/igfae.usc.es\/~igfae-old\/wp-content\/uploads\/2017\/11\/fondo.jpg?id=122) !important;}&#8221;][vc_column][vc_row_inner content_placement=&#8221;top&#8221;][vc_column_inner width=&#8221;5\/12&#8243; css=&#8221;.vc_custom_1531731768121{margin-top: 0px !important;margin-bottom: 0px !important;padding-top: 0px !important;padding-bottom: 0px !important;background-image: url(https:\/\/igfae.usc.es\/~igfae-old\/wp-content\/uploads\/2018\/07\/FairR3B.jpg?id=1542) !important;background-position:...\" \/>\n<meta property=\"og:url\" content=\"https:\/\/igfae.usc.es\/~igfae-old\/gl\/experiments\/fair-r3b\/\" \/>\n<meta property=\"og:site_name\" content=\"IGFAE\" \/>\n<meta property=\"article:modified_time\" content=\"2019-01-15T17:13:41+00:00\" \/>\n<meta property=\"og:image\" content=\"https:\/\/igfae.usc.es\/~igfae-old\/wp-content\/uploads\/2017\/11\/Transicion-azul-Indicadores.png\" \/>\n\t<meta property=\"og:image:width\" content=\"1920\" \/>\n\t<meta property=\"og:image:height\" content=\"847\" \/>\n\t<meta property=\"og:image:type\" content=\"image\/png\" \/>\n<meta name=\"twitter:card\" content=\"summary_large_image\" \/>\n<meta name=\"twitter:site\" content=\"@igfae_hep\" \/>\n<meta name=\"twitter:label1\" content=\"Tempo de lectura\" \/>\n\t<meta name=\"twitter:data1\" content=\"2 minutos\" \/>\n<script type=\"application\/ld+json\" class=\"yoast-schema-graph\">{\"@context\":\"https:\/\/schema.org\",\"@graph\":[{\"@type\":\"WebSite\",\"@id\":\"https:\/\/igfae.usc.es\/~igfae-old\/#website\",\"url\":\"https:\/\/igfae.usc.es\/~igfae-old\/\",\"name\":\"IGFAE\",\"description\":\"Instituto Galego de F\u00edsica de Altas Enerx\u00edas\",\"potentialAction\":[{\"@type\":\"SearchAction\",\"target\":{\"@type\":\"EntryPoint\",\"urlTemplate\":\"https:\/\/igfae.usc.es\/~igfae-old\/?s={search_term_string}\"},\"query-input\":\"required name=search_term_string\"}],\"inLanguage\":\"gl-ES\"},{\"@type\":\"ImageObject\",\"@id\":\"https:\/\/igfae.usc.es\/~igfae-old\/gl\/experiments\/fair-r3b\/#primaryimage\",\"inLanguage\":\"gl-ES\",\"url\":\"https:\/\/igfae.usc.es\/~igfae-old\/wp-content\/uploads\/2017\/11\/Transicion-azul-Indicadores.png\",\"contentUrl\":\"https:\/\/igfae.usc.es\/~igfae-old\/wp-content\/uploads\/2017\/11\/Transicion-azul-Indicadores.png\",\"width\":1920,\"height\":847},{\"@type\":\"WebPage\",\"@id\":\"https:\/\/igfae.usc.es\/~igfae-old\/gl\/experiments\/fair-r3b\/#webpage\",\"url\":\"https:\/\/igfae.usc.es\/~igfae-old\/gl\/experiments\/fair-r3b\/\",\"name\":\"FAIR R3B - IGFAE\",\"isPartOf\":{\"@id\":\"https:\/\/igfae.usc.es\/~igfae-old\/#website\"},\"primaryImageOfPage\":{\"@id\":\"https:\/\/igfae.usc.es\/~igfae-old\/gl\/experiments\/fair-r3b\/#primaryimage\"},\"datePublished\":\"2018-07-03T10:01:31+00:00\",\"dateModified\":\"2019-01-15T17:13:41+00:00\",\"breadcrumb\":{\"@id\":\"https:\/\/igfae.usc.es\/~igfae-old\/gl\/experiments\/fair-r3b\/#breadcrumb\"},\"inLanguage\":\"gl-ES\",\"potentialAction\":[{\"@type\":\"ReadAction\",\"target\":[\"https:\/\/igfae.usc.es\/~igfae-old\/gl\/experiments\/fair-r3b\/\"]}]},{\"@type\":\"BreadcrumbList\",\"@id\":\"https:\/\/igfae.usc.es\/~igfae-old\/gl\/experiments\/fair-r3b\/#breadcrumb\",\"itemListElement\":[{\"@type\":\"ListItem\",\"position\":1,\"name\":\"Home\",\"item\":\"https:\/\/igfae.usc.es\/~igfae-old\/gl\/\"},{\"@type\":\"ListItem\",\"position\":2,\"name\":\"Experimentos\",\"item\":\"https:\/\/igfae.usc.es\/~igfae-old\/gl\/experiments\/\"},{\"@type\":\"ListItem\",\"position\":3,\"name\":\"FAIR R3B\"}]}]}<\/script>\n<!-- \/ Yoast SEO plugin. -->","yoast_head_json":{"title":"FAIR R3B - IGFAE","robots":{"index":"index","follow":"follow","max-snippet":"max-snippet:-1","max-image-preview":"max-image-preview:large","max-video-preview":"max-video-preview:-1"},"canonical":"https:\/\/igfae.usc.es\/~igfae-old\/gl\/experiments\/fair-r3b\/","og_locale":"gl_ES","og_type":"article","og_title":"FAIR R3B - IGFAE","og_description":"[vc_row full_width=&#8221;stretch_row&#8221; foundry_padding=&#8221;pt0 pb0&#8243; foundry_parallax=&#8221;not-parallax&#8221; css=&#8221;.vc_custom_1531310175070{background-image: url(https:\/\/igfae.usc.es\/~igfae-old\/wp-content\/uploads\/2017\/11\/fondo.jpg?id=122) !important;}&#8221;][vc_column][vc_row_inner content_placement=&#8221;top&#8221;][vc_column_inner width=&#8221;5\/12&#8243; css=&#8221;.vc_custom_1531731768121{margin-top: 0px !important;margin-bottom: 0px !important;padding-top: 0px !important;padding-bottom: 0px !important;background-image: url(https:\/\/igfae.usc.es\/~igfae-old\/wp-content\/uploads\/2018\/07\/FairR3B.jpg?id=1542) !important;background-position:...","og_url":"https:\/\/igfae.usc.es\/~igfae-old\/gl\/experiments\/fair-r3b\/","og_site_name":"IGFAE","article_modified_time":"2019-01-15T17:13:41+00:00","og_image":[{"width":1920,"height":847,"url":"https:\/\/igfae.usc.es\/~igfae-old\/wp-content\/uploads\/2017\/11\/Transicion-azul-Indicadores.png","type":"image\/png"}],"twitter_card":"summary_large_image","twitter_site":"@igfae_hep","twitter_misc":{"Tempo de lectura":"2 minutos"},"schema":{"@context":"https:\/\/schema.org","@graph":[{"@type":"WebSite","@id":"https:\/\/igfae.usc.es\/~igfae-old\/#website","url":"https:\/\/igfae.usc.es\/~igfae-old\/","name":"IGFAE","description":"Instituto Galego de F\u00edsica de Altas Enerx\u00edas","potentialAction":[{"@type":"SearchAction","target":{"@type":"EntryPoint","urlTemplate":"https:\/\/igfae.usc.es\/~igfae-old\/?s={search_term_string}"},"query-input":"required name=search_term_string"}],"inLanguage":"gl-ES"},{"@type":"ImageObject","@id":"https:\/\/igfae.usc.es\/~igfae-old\/gl\/experiments\/fair-r3b\/#primaryimage","inLanguage":"gl-ES","url":"https:\/\/igfae.usc.es\/~igfae-old\/wp-content\/uploads\/2017\/11\/Transicion-azul-Indicadores.png","contentUrl":"https:\/\/igfae.usc.es\/~igfae-old\/wp-content\/uploads\/2017\/11\/Transicion-azul-Indicadores.png","width":1920,"height":847},{"@type":"WebPage","@id":"https:\/\/igfae.usc.es\/~igfae-old\/gl\/experiments\/fair-r3b\/#webpage","url":"https:\/\/igfae.usc.es\/~igfae-old\/gl\/experiments\/fair-r3b\/","name":"FAIR R3B - IGFAE","isPartOf":{"@id":"https:\/\/igfae.usc.es\/~igfae-old\/#website"},"primaryImageOfPage":{"@id":"https:\/\/igfae.usc.es\/~igfae-old\/gl\/experiments\/fair-r3b\/#primaryimage"},"datePublished":"2018-07-03T10:01:31+00:00","dateModified":"2019-01-15T17:13:41+00:00","breadcrumb":{"@id":"https:\/\/igfae.usc.es\/~igfae-old\/gl\/experiments\/fair-r3b\/#breadcrumb"},"inLanguage":"gl-ES","potentialAction":[{"@type":"ReadAction","target":["https:\/\/igfae.usc.es\/~igfae-old\/gl\/experiments\/fair-r3b\/"]}]},{"@type":"BreadcrumbList","@id":"https:\/\/igfae.usc.es\/~igfae-old\/gl\/experiments\/fair-r3b\/#breadcrumb","itemListElement":[{"@type":"ListItem","position":1,"name":"Home","item":"https:\/\/igfae.usc.es\/~igfae-old\/gl\/"},{"@type":"ListItem","position":2,"name":"Experimentos","item":"https:\/\/igfae.usc.es\/~igfae-old\/gl\/experiments\/"},{"@type":"ListItem","position":3,"name":"FAIR R3B"}]}]}},"_links":{"self":[{"href":"https:\/\/igfae.usc.es\/~igfae-old\/gl\/wp-json\/wp\/v2\/pages\/2295"}],"collection":[{"href":"https:\/\/igfae.usc.es\/~igfae-old\/gl\/wp-json\/wp\/v2\/pages"}],"about":[{"href":"https:\/\/igfae.usc.es\/~igfae-old\/gl\/wp-json\/wp\/v2\/types\/page"}],"author":[{"embeddable":true,"href":"https:\/\/igfae.usc.es\/~igfae-old\/gl\/wp-json\/wp\/v2\/users\/1"}],"replies":[{"embeddable":true,"href":"https:\/\/igfae.usc.es\/~igfae-old\/gl\/wp-json\/wp\/v2\/comments?post=2295"}],"version-history":[{"count":6,"href":"https:\/\/igfae.usc.es\/~igfae-old\/gl\/wp-json\/wp\/v2\/pages\/2295\/revisions"}],"predecessor-version":[{"id":2429,"href":"https:\/\/igfae.usc.es\/~igfae-old\/gl\/wp-json\/wp\/v2\/pages\/2295\/revisions\/2429"}],"up":[{"embeddable":true,"href":"https:\/\/igfae.usc.es\/~igfae-old\/gl\/wp-json\/wp\/v2\/pages\/2063"}],"wp:featuredmedia":[{"embeddable":true,"href":"https:\/\/igfae.usc.es\/~igfae-old\/gl\/wp-json\/wp\/v2\/media\/1977"}],"wp:attachment":[{"href":"https:\/\/igfae.usc.es\/~igfae-old\/gl\/wp-json\/wp\/v2\/media?parent=2295"}],"curies":[{"name":"wp","href":"https:\/\/api.w.org\/{rel}","templated":true}]}}