



{"id":1884,"date":"2017-10-05T09:12:42","date_gmt":"2017-10-05T09:12:42","guid":{"rendered":"https:\/\/igfae.usc.es\/centrosingular\/"},"modified":"2025-01-08T13:56:51","modified_gmt":"2025-01-08T11:56:51","slug":"igfae-2-2-2","status":"publish","type":"page","link":"https:\/\/igfae.usc.es\/~igfae-old\/gl\/","title":{"rendered":"IGFAE"},"content":{"rendered":"<p>[vc_row full_width=&#8221;stretch_row&#8221; foundry_padding=&#8221;pt0 pb0&#8243; foundry_parallax=&#8221;not-parallax&#8221; css=&#8221;.vc_custom_1564129390591{border-bottom-width: 10px !important;border-bottom-color: #065ebe !important;border-bottom-style: solid !important;}&#8221;][vc_column css=&#8221;.vc_custom_1511375462887{margin-bottom: -36px !important;}&#8221;][rev_slider_vc alias=&#8221;1&#8243;][\/vc_column][\/vc_row][vc_row equal_height=&#8221;yes&#8221; foundry_padding=&#8221;pt0 pb0&#8243; foundry_vertical_align=&#8221;yes&#8221; css=&#8221;.vc_custom_1614682629019{padding-top: 20px !important;}&#8221;][vc_column width=&#8221;1\/5&#8243;][vc_hoverbox image=&#8221;4484&#8243; primary_title=&#8221;\u00c1reas de investigaci\u00f3n&#8221; primary_title_font_container=&#8221;font_size:20|color:%23ffffff|line_height:1&#8243; primary_title_google_fonts=&#8221;font_family:Raleway%3A100%2C200%2C300%2Cregular%2C500%2C600%2C700%2C800%2C900|font_style:900%20bold%20regular%3A900%3Anormal&#8221; hover_title=&#8221;&#8221; shape=&#8221;square&#8221; use_custom_fonts_primary_title=&#8221;true&#8221; css=&#8221;.vc_custom_1585230172815{margin-right: 2px !important;margin-left: 2px !important;}&#8221;]<\/p>\n<p style=\"text-align: center;\"><a href=\"https:\/\/igfae.usc.es\/~igfae-old\/gl\/investigacion\/\">Co\u00f1ece as \u00e1reas estrat\u00e9gicas nas que se divide a investigaci\u00f3n do IGFAE.<\/a><\/p>\n<p>[\/vc_hoverbox][\/vc_column][vc_column width=&#8221;1\/5&#8243;][vc_hoverbox image=&#8221;4472&#8243; primary_title=&#8221;Conferencias&#8221; primary_title_font_container=&#8221;font_size:20|color:%23ffffff|line_height:1&#8243; primary_title_google_fonts=&#8221;font_family:Raleway%3A100%2C200%2C300%2Cregular%2C500%2C600%2C700%2C800%2C900|font_style:900%20bold%20regular%3A900%3Anormal&#8221; hover_title=&#8221;&#8221; shape=&#8221;square&#8221; use_custom_fonts_primary_title=&#8221;true&#8221; css=&#8221;.vc_custom_1585230134526{margin-right: 2px !important;margin-left: 2px !important;}&#8221;]<\/p>\n<p style=\"text-align: center;\"><a href=\"https:\/\/indico.cern.ch\/category\/10863\/\">Pr\u00f3ximas reuni\u00f3ns cient\u00edficas organizadas polo IGFAE<\/a><\/p>\n<p>[\/vc_hoverbox][\/vc_column][vc_column width=&#8221;1\/5&#8243;][vc_hoverbox image=&#8221;4475&#8243; primary_title=&#8221;Experimentos&#8221; primary_title_font_container=&#8221;font_size:20|color:%23ffffff|line_height:1&#8243; primary_title_google_fonts=&#8221;font_family:Raleway%3A100%2C200%2C300%2Cregular%2C500%2C600%2C700%2C800%2C900|font_style:900%20bold%20regular%3A900%3Anormal&#8221; hover_title=&#8221;&#8221; shape=&#8221;square&#8221; use_custom_fonts_primary_title=&#8221;true&#8221; css=&#8221;.vc_custom_1585230226851{margin-right: 2px !important;margin-left: 2px !important;}&#8221;]<\/p>\n<p style=\"text-align: center;\"><a href=\"https:\/\/igfae.usc.es\/~igfae-old\/gl\/experimentos\/\" target=\"_blank\" rel=\"noopener noreferrer\">O IGFAE colabora con experimentos de alcance internacional como LIGO, LHCb, LaserPET o Auger<\/a><\/p>\n<p>[\/vc_hoverbox][\/vc_column][vc_column width=&#8221;1\/5&#8243;][vc_hoverbox image=&#8221;4478&#8243; primary_title=&#8221;Publicaci\u00f3ns cient\u00edficas&#8221; primary_title_font_container=&#8221;font_size:20|color:%23ffffff|line_height:1&#8243; primary_title_google_fonts=&#8221;font_family:Raleway%3A100%2C200%2C300%2Cregular%2C500%2C600%2C700%2C800%2C900|font_style:900%20bold%20regular%3A900%3Anormal&#8221; hover_title=&#8221;&#8221; shape=&#8221;square&#8221; use_custom_fonts_primary_title=&#8221;true&#8221; css=&#8221;.vc_custom_1603449677998{margin-right: 2px !important;margin-left: 2px !important;}&#8221;]<\/p>\n<p style=\"text-align: center;\"><a href=\"https:\/\/igfae.usc.es\/~igfae-old\/gl\/investigacion\/publicaciones\/\">Informate dos nosos \u00faltmos resultados cient\u00edficos.<\/a><\/p>\n<p>[\/vc_hoverbox][\/vc_column][\/vc_row][vc_row foundry_padding=&#8221;pt0 pb0&#8243; css=&#8221;.vc_custom_1585237270335{padding-top: 20px !important;}&#8221;][vc_column width=&#8221;2\/3&#8243;][vc_column_text css=&#8221;.vc_custom_1585230432295{border-left-width: 25px !important;padding-left: 10px !important;border-left-color: #065ebe !important;border-left-style: solid !important;}&#8221;]<\/p>\n<h4 style=\"color: #333333;\"><strong>\u00daltimas novas<\/strong><\/h4>\n<p>[\/vc_column_text][vc_basic_grid post_type=&#8221;post&#8221; max_items=&#8221;20&#8243; style=&#8221;load-more&#8221; items_per_page=&#8221;8&#8243; element_width=&#8221;6&#8243; gap=&#8221;20&#8243; item=&#8221;286&#8243; btn_title=&#8221;CARGAR M\u00c1IS&#8221; btn_style=&#8221;custom&#8221; btn_custom_background=&#8221;#065ebe&#8221; btn_custom_text=&#8221;#ffffff&#8221; btn_shape=&#8221;square&#8221; btn_align=&#8221;center&#8221; btn_button_block=&#8221;true&#8221; grid_id=&#8221;vc_gid:1736337398466-dd49ab80-0987-2&#8243;][\/vc_column][vc_column width=&#8221;1\/3&#8243;][vc_column_text css=&#8221;.vc_custom_1736337407825{border-left-width: 25px !important;padding-left: 10px !important;border-left-color: #065ebe !important;border-left-style: solid !important;}&#8221;]<\/p>\n<h4 style=\"color: #333333;\"><a href=\"https:\/\/igfae.usc.es\/~igfae-old\/gl\/emprego\/\"><strong>Emprego<\/strong><\/a><\/h4>\n<p>[\/vc_column_text][vc_basic_grid post_type=&#8221;job-offer&#8221; max_items=&#8221;10&#8243; element_width=&#8221;12&#8243; gap=&#8221;20&#8243; item=&#8221;2335&#8243; grid_id=&#8221;vc_gid:1736337398467-de8136a5-e00b-3&#8243; taxonomies=&#8221;20&#8243;][vc_column_text]\r\n<div id=\"igfae-calendar-view\">\r\n\t<div class=\"row\">\r\n\t\t<div class=\"col-xs-12\">\r\n\t\t\t<div id=\"igfae-events-calendar\"><\/div>\r\n\t\t<\/div>\r\n\t<\/div>\r\n<\/div>\r\n[\/vc_column_text][vc_column_text]<div class=\"igfae-events-list\">\r\n\t<div class=\"container-title\">\r\n\t\t<h3 class=\"\">\r\n\t\t\t<strong>Pr\u00f3ximos eventos<\/strong>\r\n\t\t<\/h3>\r\n\t<\/div>\r\n\t<div class=\"row\">\r\n\t\t\r\n<div class=\"col-xs-12\">\r\n\t<a href=\"https:\/\/igfae.usc.es\/~igfae-old\/gl\/outreach-event\/2255\/ \">\r\n\t\t<div class=\"panel panel-default calendar-list-item\">\r\n\t\t\t<div class=\"panel-body\">\r\n\r\n\t\t\t\t<h5> Xornada de portas abertas para estudantes do grao de F\u00edsica <\/h5>\r\n\t\t\t\t<ul class=\"list-unstyled\">\r\n\t\t\t\t\t\t\t\t\t\t<li>\r\n\t\t\t\t\t\t<strong>Data<\/strong>: \r\n\t\t\t\t\t\t\r\n\t\t\t\t\t\t09\/04\/2026 15:30:00\r\n\t\t\t\t\t\t\t\t\t\t\t<\/li>\r\n\t\t\t\t\t\r\n\t\t\t\t\t\r\n\t\t\t\t\t\t\t\t\t<\/ul>\r\n\t\t\t<\/div>\r\n\t\t<\/div>\r\n\t<\/a>\r\n<\/div>\r\n<div class=\"col-xs-12\">\r\n\t<a href=\"https:\/\/igfae.usc.es\/~igfae-old\/gl\/outreach-event\/2251\/ \">\r\n\t\t<div class=\"panel panel-default calendar-list-item\">\r\n\t\t\t<div class=\"panel-body\">\r\n\r\n\t\t\t\t<h5> Visita do CPR Liceo La Paz (A Coru\u00f1a) <\/h5>\r\n\t\t\t\t<ul class=\"list-unstyled\">\r\n\t\t\t\t\t\t\t\t\t\t<li>\r\n\t\t\t\t\t\t<strong>Data<\/strong>: \r\n\t\t\t\t\t\t\r\n\t\t\t\t\t\t10\/04\/2026 10:00:00\r\n\t\t\t\t\t\t\t\t\t\t\t<\/li>\r\n\t\t\t\t\t\r\n\t\t\t\t\t\t\t\t\t\t<li>\r\n\t\t\t\t\t\t<strong>Lugar<\/strong>: Conference Room\t\t\t\t\t<\/li>\r\n\t\t\t\t\t\r\n\t\t\t\t\t\t\t\t\t<\/ul>\r\n\t\t\t<\/div>\r\n\t\t<\/div>\r\n\t<\/a>\r\n<\/div>\r\n<div class=\"col-xs-12\">\r\n\t<a href=\"https:\/\/igfae.usc.es\/~igfae-old\/gl\/seminar\/2257\/ \">\r\n\t\t<div class=\"panel panel-default calendar-list-item\">\r\n\t\t\t<div class=\"panel-body\">\r\n\r\n\t\t\t\t<h5> IGFAE Colloquia | A tale of many H0 <\/h5>\r\n\t\t\t\t<ul class=\"list-unstyled\">\r\n\t\t\t\t\t\t\t\t\t\t<li>\r\n\t\t\t\t\t\t<strong>Data<\/strong>: \r\n\t\t\t\t\t\t\r\n\t\t\t\t\t\t14\/04\/2026 10:00:00\r\n\t\t\t\t\t\t\t\t\t\t\t<\/li>\r\n\t\t\t\t\t\r\n\t\t\t\t\t\t\t\t\t\t<li>\r\n\t\t\t\t\t\t<strong>Lugar<\/strong>: Conference Room\t\t\t\t\t<\/li>\r\n\t\t\t\t\t\r\n\t\t\t\t\t\t\t\t\t\t<li>\r\n\t\t\t\t\t\t<strong>Orador<\/strong>: Licia Verde\t\t\t\t\t<\/li>\r\n\t\t\t\t\t\t\t\t\t<\/ul>\r\n\t\t\t<\/div>\r\n\t\t<\/div>\r\n\t<\/a>\r\n<\/div>\t<\/div>\r\n<\/div>\r\n[\/vc_column_text][vc_raw_html]JTNDJTIxLS0lMjBCZWdpbiUyME1haWxjaGltcCUyMFNpZ251cCUyMEZvcm0lMjAtLSUzRSUwQSUzQ2xpbmslMjBocmVmJTNEJTIyJTJGJTJGY2RuLWltYWdlcy5tYWlsY2hpbXAuY29tJTJGZW1iZWRjb2RlJTJGaG9yaXpvbnRhbC1zbGltLTEwXzcuY3NzJTIyJTIwcmVsJTNEJTIyc3R5bGVzaGVldCUyMiUyMHR5cGUlM0QlMjJ0ZXh0JTJGY3NzJTIyJTNFJTBBJTNDc3R5bGUlMjB0eXBlJTNEJTIydGV4dCUyRmNzcyUyMiUzRSUwQSUwOSUyM21jX2VtYmVkX3NpZ251cCU3QmJhY2tncm91bmQlM0ElMjNmZmYlM0IlMjBjbGVhciUzQWxlZnQlM0IlMjBmb250JTNBMTRweCUyMEhlbHZldGljYSUyQ0FyaWFsJTJDc2Fucy1zZXJpZiUzQiUyMHdpZHRoJTNBMTAwJTI1JTNCJTdEJTBBJTA5JTJGJTJBJTIwQWRkJTIweW91ciUyMG93biUyME1haWxjaGltcCUyMGZvcm0lMjBzdHlsZSUyMG92ZXJyaWRlcyUyMGluJTIweW91ciUyMHNpdGUlMjBzdHlsZXNoZWV0JTIwb3IlMjBpbiUyMHRoaXMlMjBzdHlsZSUyMGJsb2NrLiUwQSUwOSUyMCUyMCUyMFdlJTIwcmVjb21tZW5kJTIwbW92aW5nJTIwdGhpcyUyMGJsb2NrJTIwYW5kJTIwdGhlJTIwcHJlY2VkaW5nJTIwQ1NTJTIwbGluayUyMHRvJTIwdGhlJTIwSEVBRCUyMG9mJTIweW91ciUyMEhUTUwlMjBmaWxlLiUyMCUyQSUyRiUwQSUzQyUyRnN0eWxlJTNFJTBBJTNDZGl2JTIwaWQlM0QlMjJtY19lbWJlZF9zaWdudXAlMjIlM0UlMEElM0Nmb3JtJTIwYWN0aW9uJTNEJTIyaHR0cHMlM0ElMkYlMkZ1c2MudXMzLmxpc3QtbWFuYWdlLmNvbSUyRnN1YnNjcmliZSUyRnBvc3QlM0Z1JTNEM2FlZjcwMjU2OGUzZWM0MGY3YTE0OGQzZSUyNmFtcCUzQmlkJTNENzIwNDM1MmEzOCUyMiUyMG1ldGhvZCUzRCUyMnBvc3QlMjIlMjBpZCUzRCUyMm1jLWVtYmVkZGVkLXN1YnNjcmliZS1mb3JtJTIyJTIwbmFtZSUzRCUyMm1jLWVtYmVkZGVkLXN1YnNjcmliZS1mb3JtJTIyJTIwY2xhc3MlM0QlMjJ2YWxpZGF0ZSUyMiUyMHRhcmdldCUzRCUyMl9ibGFuayUyMiUyMG5vdmFsaWRhdGUlM0UlMEElMjAlMjAlMjAlMjAlM0NkaXYlMjBpZCUzRCUyMm1jX2VtYmVkX3NpZ251cF9zY3JvbGwlMjIlM0UlMEElMDklM0NsYWJlbCUyMGZvciUzRCUyMm1jZS1FTUFJTCUyMiUzRSUyMFN1YnNjciVDMyVBRGJldGUlMjAlQzMlQTElMjBub3NhJTIwbmV3c2xldHRlciUyMSUzQyUyRmxhYmVsJTNFJTBBJTA5JTNDaW5wdXQlMjB0eXBlJTNEJTIyZW1haWwlMjIlMjB2YWx1ZSUzRCUyMiUyMiUyMG5hbWUlM0QlMjJFTUFJTCUyMiUyMGNsYXNzJTNEJTIyZW1haWwlMjIlMjBpZCUzRCUyMm1jZS1FTUFJTCUyMiUyMHBsYWNlaG9sZGVyJTNEJTIyZW1haWwlMjBhZGRyZXNzJTIyJTIwcmVxdWlyZWQlM0UlMEElMjAlMjAlMjAlMjAlM0MlMjEtLSUyMHJlYWwlMjBwZW9wbGUlMjBzaG91bGQlMjBub3QlMjBmaWxsJTIwdGhpcyUyMGluJTIwYW5kJTIwZXhwZWN0JTIwZ29vZCUyMHRoaW5ncyUyMC0lMjBkbyUyMG5vdCUyMHJlbW92ZSUyMHRoaXMlMjBvciUyMHJpc2slMjBmb3JtJTIwYm90JTIwc2lnbnVwcy0tJTNFJTBBJTIwJTIwJTIwJTIwJTNDZGl2JTIwc3R5bGUlM0QlMjJwb3NpdGlvbiUzQSUyMGFic29sdXRlJTNCJTIwbGVmdCUzQSUyMC01MDAwcHglM0IlMjIlMjBhcmlhLWhpZGRlbiUzRCUyMnRydWUlMjIlM0UlM0NpbnB1dCUyMHR5cGUlM0QlMjJ0ZXh0JTIyJTIwbmFtZSUzRCUyMmJfM2FlZjcwMjU2OGUzZWM0MGY3YTE0OGQzZV83MjA0MzUyYTM4JTIyJTIwdGFiaW5kZXglM0QlMjItMSUyMiUyMHZhbHVlJTNEJTIyJTIyJTNFJTNDJTJGZGl2JTNFJTBBJTIwJTIwJTIwJTIwJTNDZGl2JTIwY2xhc3MlM0QlMjJjbGVhciUyMiUzRSUzQ2lucHV0JTIwdHlwZSUzRCUyMnN1Ym1pdCUyMiUyMHZhbHVlJTNEJTIyU3Vic2NyaWJpciUyMiUyMG5hbWUlM0QlMjJzdWJzY3JpYmUlMjIlMjBpZCUzRCUyMm1jLWVtYmVkZGVkLXN1YnNjcmliZSUyMiUyMGNsYXNzJTNEJTIyYnV0dG9uJTIyJTNFJTNDJTJGZGl2JTNFJTBBJTIwJTIwJTIwJTIwJTNDJTJGZGl2JTNFJTBBJTNDJTJGZm9ybSUzRSUwQSUzQyUyRmRpdiUzRSUwQSUwQSUzQyUyMS0tRW5kJTIwbWNfZW1iZWRfc2lnbnVwLS0lM0UlMEE=[\/vc_raw_html][vc_raw_html]JTNDc2NyaXB0JTIwYXN5bmMlMjBzcmMlM0QlMjJodHRwcyUzQSUyRiUyRnBsYXRmb3JtLnR3aXR0ZXIuY29tJTJGd2lkZ2V0cy5qcyUyMiUyMGNoYXJzZXQlM0QlMjJ1dGYtOCUyMiUzRSUzQyUyRnNjcmlwdCUzRSUwQSUzQ2ElMjBjbGFzcyUzRCUyMnR3aXR0ZXItdGltZWxpbmUlMjIlMEElMjAlMjBocmVmJTNEJTIyaHR0cHMlM0ElMkYlMkZ0d2l0dGVyLmNvbSUyRmlnZmFlX2hlcCUyMiUwQSUyMCUyMGRhdGEtdHdlZXQtbGltaXQlM0QlMjIzJTIyJTNFJTBBJTNDJTJGYSUzRQ==[\/vc_raw_html][\/vc_column][\/vc_row][vc_row foundry_padding=&#8221;pt0 pb0&#8243; foundry_parallax=&#8221;not-parallax&#8221;][vc_column][vc_column_text css=&#8221;.vc_custom_1585230567254{margin-top: 10px !important;border-left-width: 25px !important;padding-left: 10px !important;border-left-color: #065ebe !important;border-left-style: solid !important;}&#8221;]<\/p>\n<h4 style=\"color: #333333;\"><strong>Socios, colaboradores e redes de investigaci\u00f3n<\/strong><\/h4>\n<p>[\/vc_column_text][vc_images_carousel images=&#8221;384,385,386,387,388,389,3411,3417,4292,4289,13823&#8243; img_size=&#8221;full&#8221; onclick=&#8221;custom_link&#8221; speed=&#8221;1000&#8243; slides_per_view=&#8221;5&#8243; autoplay=&#8221;yes&#8221; hide_pagination_control=&#8221;yes&#8221; wrap=&#8221;yes&#8221; custom_links=&#8221;#E-8_aHR0cHMlM0ElMkYlMkZpZ2ZhZS51c2MuZXMlMkZjZW50cm9zaW5ndWxhciUyRnBhcnRuZXJzLWNvbGxhYm9yYXRvcnMtbmV0d29ya3MlMkY=&#8221;][\/vc_column][\/vc_row]<\/p>\n","protected":false},"excerpt":{"rendered":"<p>[vc_row full_width=&#8221;stretch_row&#8221; foundry_padding=&#8221;pt0 pb0&#8243; foundry_parallax=&#8221;not-parallax&#8221; css=&#8221;.vc_custom_1564129390591{border-bottom-width: 10px !important;border-bottom-color: #065ebe !important;border-bottom-style: solid !important;}&#8221;][vc_column css=&#8221;.vc_custom_1511375462887{margin-bottom: -36px !important;}&#8221;][rev_slider_vc alias=&#8221;1&#8243;][\/vc_column][\/vc_row][vc_row equal_height=&#8221;yes&#8221; foundry_padding=&#8221;pt0 pb0&#8243; foundry_vertical_align=&#8221;yes&#8221; css=&#8221;.vc_custom_1614682629019{padding-top:&#8230;<\/p>\n","protected":false},"author":1,"featured_media":0,"parent":0,"menu_order":0,"comment_status":"closed","ping_status":"closed","template":"","meta":{"om_disable_all_campaigns":false,"_monsterinsights_skip_tracking":false,"_monsterinsights_sitenote_active":false,"_monsterinsights_sitenote_note":"","_monsterinsights_sitenote_category":0},"aioseo_notices":[],"yoast_head":"<!-- This site is optimized with the Yoast SEO plugin v18.4.1 - https:\/\/yoast.com\/wordpress\/plugins\/seo\/ -->\n<title>IGFAE - IGFAE<\/title>\n<meta name=\"robots\" content=\"index, follow, max-snippet:-1, max-image-preview:large, max-video-preview:-1\" \/>\n<link rel=\"canonical\" href=\"https:\/\/igfae.usc.es\/~igfae-old\/gl\/\" \/>\n<meta property=\"og:locale\" content=\"gl_ES\" \/>\n<meta property=\"og:type\" content=\"article\" \/>\n<meta property=\"og:title\" content=\"IGFAE - IGFAE\" \/>\n<meta property=\"og:description\" content=\"[vc_row full_width=&#8221;stretch_row&#8221; foundry_padding=&#8221;pt0 pb0&#8243; foundry_parallax=&#8221;not-parallax&#8221; css=&#8221;.vc_custom_1564129390591{border-bottom-width: 10px !important;border-bottom-color: #065ebe !important;border-bottom-style: solid !important;}&#8221;][vc_column css=&#8221;.vc_custom_1511375462887{margin-bottom: -36px !important;}&#8221;][rev_slider_vc alias=&#8221;1&#8243;][\/vc_column][\/vc_row][vc_row equal_height=&#8221;yes&#8221; foundry_padding=&#8221;pt0 pb0&#8243; foundry_vertical_align=&#8221;yes&#8221; css=&#8221;.vc_custom_1614682629019{padding-top:...\" \/>\n<meta property=\"og:url\" content=\"https:\/\/igfae.usc.es\/~igfae-old\/gl\/\" \/>\n<meta property=\"og:site_name\" content=\"IGFAE\" \/>\n<meta property=\"article:modified_time\" content=\"2025-01-08T11:56:51+00:00\" \/>\n<meta name=\"twitter:card\" content=\"summary_large_image\" \/>\n<meta name=\"twitter:site\" content=\"@igfae_hep\" \/>\n<meta name=\"twitter:label1\" content=\"Tempo de lectura\" \/>\n\t<meta name=\"twitter:data1\" content=\"1 minuto\" \/>\n<script type=\"application\/ld+json\" class=\"yoast-schema-graph\">{\"@context\":\"https:\/\/schema.org\",\"@graph\":[{\"@type\":\"WebSite\",\"@id\":\"https:\/\/igfae.usc.es\/~igfae-old\/#website\",\"url\":\"https:\/\/igfae.usc.es\/~igfae-old\/\",\"name\":\"IGFAE\",\"description\":\"Instituto Galego de F\u00edsica de Altas Enerx\u00edas\",\"potentialAction\":[{\"@type\":\"SearchAction\",\"target\":{\"@type\":\"EntryPoint\",\"urlTemplate\":\"https:\/\/igfae.usc.es\/~igfae-old\/?s={search_term_string}\"},\"query-input\":\"required name=search_term_string\"}],\"inLanguage\":\"gl-ES\"},{\"@type\":\"WebPage\",\"@id\":\"https:\/\/igfae.usc.es\/~igfae-old\/gl\/#webpage\",\"url\":\"https:\/\/igfae.usc.es\/~igfae-old\/gl\/\",\"name\":\"IGFAE - IGFAE\",\"isPartOf\":{\"@id\":\"https:\/\/igfae.usc.es\/~igfae-old\/#website\"},\"datePublished\":\"2017-10-05T09:12:42+00:00\",\"dateModified\":\"2025-01-08T11:56:51+00:00\",\"breadcrumb\":{\"@id\":\"https:\/\/igfae.usc.es\/~igfae-old\/gl\/#breadcrumb\"},\"inLanguage\":\"gl-ES\",\"potentialAction\":[{\"@type\":\"ReadAction\",\"target\":[\"https:\/\/igfae.usc.es\/~igfae-old\/gl\/\"]}]},{\"@type\":\"BreadcrumbList\",\"@id\":\"https:\/\/igfae.usc.es\/~igfae-old\/gl\/#breadcrumb\",\"itemListElement\":[{\"@type\":\"ListItem\",\"position\":1,\"name\":\"Home\",\"item\":\"https:\/\/igfae.usc.es\/~igfae-old\/gl\/\"},{\"@type\":\"ListItem\",\"position\":2,\"name\":\"IGFAE\"}]}]}<\/script>\n<!-- \/ Yoast SEO plugin. -->","yoast_head_json":{"title":"IGFAE - IGFAE","robots":{"index":"index","follow":"follow","max-snippet":"max-snippet:-1","max-image-preview":"max-image-preview:large","max-video-preview":"max-video-preview:-1"},"canonical":"https:\/\/igfae.usc.es\/~igfae-old\/gl\/","og_locale":"gl_ES","og_type":"article","og_title":"IGFAE - IGFAE","og_description":"[vc_row full_width=&#8221;stretch_row&#8221; foundry_padding=&#8221;pt0 pb0&#8243; foundry_parallax=&#8221;not-parallax&#8221; css=&#8221;.vc_custom_1564129390591{border-bottom-width: 10px !important;border-bottom-color: #065ebe !important;border-bottom-style: solid !important;}&#8221;][vc_column css=&#8221;.vc_custom_1511375462887{margin-bottom: -36px !important;}&#8221;][rev_slider_vc alias=&#8221;1&#8243;][\/vc_column][\/vc_row][vc_row equal_height=&#8221;yes&#8221; foundry_padding=&#8221;pt0 pb0&#8243; foundry_vertical_align=&#8221;yes&#8221; css=&#8221;.vc_custom_1614682629019{padding-top:...","og_url":"https:\/\/igfae.usc.es\/~igfae-old\/gl\/","og_site_name":"IGFAE","article_modified_time":"2025-01-08T11:56:51+00:00","twitter_card":"summary_large_image","twitter_site":"@igfae_hep","twitter_misc":{"Tempo de lectura":"1 minuto"},"schema":{"@context":"https:\/\/schema.org","@graph":[{"@type":"WebSite","@id":"https:\/\/igfae.usc.es\/~igfae-old\/#website","url":"https:\/\/igfae.usc.es\/~igfae-old\/","name":"IGFAE","description":"Instituto Galego de F\u00edsica de Altas Enerx\u00edas","potentialAction":[{"@type":"SearchAction","target":{"@type":"EntryPoint","urlTemplate":"https:\/\/igfae.usc.es\/~igfae-old\/?s={search_term_string}"},"query-input":"required name=search_term_string"}],"inLanguage":"gl-ES"},{"@type":"WebPage","@id":"https:\/\/igfae.usc.es\/~igfae-old\/gl\/#webpage","url":"https:\/\/igfae.usc.es\/~igfae-old\/gl\/","name":"IGFAE - IGFAE","isPartOf":{"@id":"https:\/\/igfae.usc.es\/~igfae-old\/#website"},"datePublished":"2017-10-05T09:12:42+00:00","dateModified":"2025-01-08T11:56:51+00:00","breadcrumb":{"@id":"https:\/\/igfae.usc.es\/~igfae-old\/gl\/#breadcrumb"},"inLanguage":"gl-ES","potentialAction":[{"@type":"ReadAction","target":["https:\/\/igfae.usc.es\/~igfae-old\/gl\/"]}]},{"@type":"BreadcrumbList","@id":"https:\/\/igfae.usc.es\/~igfae-old\/gl\/#breadcrumb","itemListElement":[{"@type":"ListItem","position":1,"name":"Home","item":"https:\/\/igfae.usc.es\/~igfae-old\/gl\/"},{"@type":"ListItem","position":2,"name":"IGFAE"}]}]}},"_links":{"self":[{"href":"https:\/\/igfae.usc.es\/~igfae-old\/gl\/wp-json\/wp\/v2\/pages\/1884"}],"collection":[{"href":"https:\/\/igfae.usc.es\/~igfae-old\/gl\/wp-json\/wp\/v2\/pages"}],"about":[{"href":"https:\/\/igfae.usc.es\/~igfae-old\/gl\/wp-json\/wp\/v2\/types\/page"}],"author":[{"embeddable":true,"href":"https:\/\/igfae.usc.es\/~igfae-old\/gl\/wp-json\/wp\/v2\/users\/1"}],"replies":[{"embeddable":true,"href":"https:\/\/igfae.usc.es\/~igfae-old\/gl\/wp-json\/wp\/v2\/comments?post=1884"}],"version-history":[{"count":122,"href":"https:\/\/igfae.usc.es\/~igfae-old\/gl\/wp-json\/wp\/v2\/pages\/1884\/revisions"}],"predecessor-version":[{"id":17209,"href":"https:\/\/igfae.usc.es\/~igfae-old\/gl\/wp-json\/wp\/v2\/pages\/1884\/revisions\/17209"}],"wp:attachment":[{"href":"https:\/\/igfae.usc.es\/~igfae-old\/gl\/wp-json\/wp\/v2\/media?parent=1884"}],"curies":[{"name":"wp","href":"https:\/\/api.w.org\/{rel}","templated":true}]}}