



{"id":12718,"date":"2023-01-18T20:01:52","date_gmt":"2023-01-18T18:01:52","guid":{"rendered":"https:\/\/igfae.usc.es\/~igfae-old\/?page_id=12718"},"modified":"2025-01-17T14:20:53","modified_gmt":"2025-01-17T12:20:53","slug":"visitas","status":"publish","type":"page","link":"https:\/\/igfae.usc.es\/~igfae-old\/gl\/divulgacion-2\/visitas\/","title":{"rendered":"Visitas ao IGFAE"},"content":{"rendered":"<p>[vc_row full_width=&#8221;stretch_row&#8221; foundry_padding=&#8221;pt0 pb0&#8243; foundry_parallax=&#8221;not-parallax&#8221; css=&#8221;.vc_custom_1674063804658{padding-right: 30px !important;padding-bottom: 30px !important;padding-left: 30px !important;background-image: url(https:\/\/igfae.usc.es\/~igfae-old\/wp-content\/uploads\/2017\/11\/fondo.jpg?id=122) !important;}&#8221;][vc_column][vc_row_inner css=&#8221;.vc_custom_1674064562496{padding-top: 30px !important;padding-right: 30px !important;}&#8221;][vc_column_inner width=&#8221;1\/2&#8243;][vc_gallery interval=&#8221;3&#8243; images=&#8221;17094,13678,13684,17100,12728,17112,17103,17097&#8243; img_size=&#8221;large&#8221; css=&#8221;.vc_custom_1734021230884{padding-right: 30px !important;padding-left: 30px !important;}&#8221;][\/vc_column_inner][vc_column_inner width=&#8221;1\/2&#8243;][vc_column_text css=&#8221;.vc_custom_1737116448377{margin-top: 0px !important;padding-top: 0px !important;padding-right: 30px !important;padding-left: 30px !important;}&#8221;]<\/p>\n<p class=\"lead\">Seguindo co compromiso de divulgar a nosa actividade investigadora e achegarnos \u00e1 sociedade, o IGFAE ofrece visitas guiadas polas s\u00faas instalaci\u00f3ns a diversos tipos de p\u00fablico, como centros educativos, asociaci\u00f3ns e calquera outro colectivo interesado en co\u00f1ecer o noso labor.<\/p>\n<p class=\"lead\">Da man do persoal investigador poder\u00e1s co\u00f1ecer as nosas novas instalaci\u00f3ns e laboratorios, e as \u00e1reas de investigaci\u00f3n nas que traballamos, con explicaci\u00f3ns adaptadas a todo tipo de grupos.<\/p>\n<p class=\"lead\">Se queres saber como estudamos desde Santiago de Compostela o universo e as leis que o gobernan, e cales son as aplicaci\u00f3ns das nosas investigaci\u00f3ns, experimentos e tecnolox\u00edas, esta \u00e9 a t\u00faa oportunidade!<\/p>\n<p class=\"lead\"><strong>As visitas ter\u00e1n lugar preferiblemente os venres, en horario de ma\u00f1\u00e1, para grupos reducidos dun m\u00e1ximo de 25 persoas, cunha duraci\u00f3n de 2 horas aproximadamente.<\/strong><\/p>\n<p>[\/vc_column_text]<noscript class=\"ninja-forms-noscript-message\">\n\tNotice: JavaScript is required for this content.<\/noscript>\nThis form is currently undergoing maintenance. Please try again later.[\/vc_column_inner][\/vc_row_inner][vc_row_inner][vc_column_inner width=&#8221;1\/3&#8243;][\/vc_column_inner][vc_column_inner width=&#8221;1\/3&#8243;][\/vc_column_inner][vc_column_inner width=&#8221;1\/3&#8243;][\/vc_column_inner][\/vc_row_inner][\/vc_column][\/vc_row]<\/p>\n","protected":false},"excerpt":{"rendered":"<p>[vc_row full_width=&#8221;stretch_row&#8221; foundry_padding=&#8221;pt0 pb0&#8243; foundry_parallax=&#8221;not-parallax&#8221; css=&#8221;.vc_custom_1674063804658{padding-right: 30px !important;padding-bottom: 30px !important;padding-left: 30px !important;background-image: url(https:\/\/igfae.usc.es\/~igfae-old\/wp-content\/uploads\/2017\/11\/fondo.jpg?id=122) !important;}&#8221;][vc_column][vc_row_inner css=&#8221;.vc_custom_1674064562496{padding-top: 30px !important;padding-right: 30px !important;}&#8221;][vc_column_inner width=&#8221;1\/2&#8243;][vc_gallery interval=&#8221;3&#8243;&#8230;<\/p>\n","protected":false},"author":21,"featured_media":0,"parent":2313,"menu_order":0,"comment_status":"closed","ping_status":"closed","template":"","meta":{"om_disable_all_campaigns":false,"_monsterinsights_skip_tracking":false,"_monsterinsights_sitenote_active":false,"_monsterinsights_sitenote_note":"","_monsterinsights_sitenote_category":0},"aioseo_notices":[],"yoast_head":"<!-- This site is optimized with the Yoast SEO plugin v18.4.1 - https:\/\/yoast.com\/wordpress\/plugins\/seo\/ -->\n<title>{:es}Visitas de centros de ensino ao IGFAE{:}<\/title>\n<meta name=\"robots\" content=\"index, follow, max-snippet:-1, max-image-preview:large, max-video-preview:-1\" \/>\n<link rel=\"canonical\" href=\"https:\/\/igfae.usc.es\/~igfae-old\/gl\/divulgacion-2\/visitas\/\" \/>\n<meta property=\"og:locale\" content=\"gl_ES\" \/>\n<meta property=\"og:type\" content=\"article\" \/>\n<meta property=\"og:title\" content=\"Visitas ao IGFAE\" \/>\n<meta property=\"og:description\" content=\"[vc_row full_width=&#8221;stretch_row&#8221; foundry_padding=&#8221;pt0 pb0&#8243; foundry_parallax=&#8221;not-parallax&#8221; css=&#8221;.vc_custom_1674063804658{padding-right: 30px !important;padding-bottom: 30px !important;padding-left: 30px !important;background-image: url(https:\/\/igfae.usc.es\/~igfae-old\/wp-content\/uploads\/2017\/11\/fondo.jpg?id=122) !important;}&#8221;][vc_column][vc_row_inner css=&#8221;.vc_custom_1674064562496{padding-top: 30px !important;padding-right: 30px !important;}&#8221;][vc_column_inner width=&#8221;1\/2&#8243;][vc_gallery interval=&#8221;3&#8243;...\" \/>\n<meta property=\"og:url\" content=\"https:\/\/igfae.usc.es\/~igfae-old\/gl\/divulgacion-2\/visitas\/\" \/>\n<meta property=\"og:site_name\" content=\"IGFAE\" \/>\n<meta property=\"article:modified_time\" content=\"2025-01-17T12:20:53+00:00\" \/>\n<meta property=\"og:image\" content=\"https:\/\/igfae.usc.es\/~igfae-old\/wp-content\/uploads\/2023\/01\/p1000567.jpg\" \/>\n\t<meta property=\"og:image:width\" content=\"2000\" \/>\n\t<meta property=\"og:image:height\" content=\"1336\" \/>\n\t<meta property=\"og:image:type\" content=\"image\/jpeg\" \/>\n<meta name=\"twitter:card\" content=\"summary_large_image\" \/>\n<meta name=\"twitter:title\" content=\"Visitas ao IGFAE\" \/>\n<meta name=\"twitter:image\" content=\"https:\/\/igfae.usc.es\/~igfae-old\/wp-content\/uploads\/2023\/01\/p1000567.jpg\" \/>\n<meta name=\"twitter:site\" content=\"@igfae_hep\" \/>\n<meta name=\"twitter:label1\" content=\"Tempo de lectura\" \/>\n\t<meta name=\"twitter:data1\" content=\"1 minuto\" \/>\n<script type=\"application\/ld+json\" class=\"yoast-schema-graph\">{\"@context\":\"https:\/\/schema.org\",\"@graph\":[{\"@type\":\"WebSite\",\"@id\":\"https:\/\/igfae.usc.es\/~igfae-old\/#website\",\"url\":\"https:\/\/igfae.usc.es\/~igfae-old\/\",\"name\":\"IGFAE\",\"description\":\"Instituto Galego de F\u00edsica de Altas Enerx\u00edas\",\"potentialAction\":[{\"@type\":\"SearchAction\",\"target\":{\"@type\":\"EntryPoint\",\"urlTemplate\":\"https:\/\/igfae.usc.es\/~igfae-old\/?s={search_term_string}\"},\"query-input\":\"required name=search_term_string\"}],\"inLanguage\":\"gl-ES\"},{\"@type\":\"ImageObject\",\"@id\":\"https:\/\/igfae.usc.es\/~igfae-old\/gl\/divulgacion-2\/visitas\/#primaryimage\",\"inLanguage\":\"gl-ES\",\"url\":\"https:\/\/igfae.usc.es\/~igfae-old\/wp-content\/uploads\/2023\/01\/p1000567.jpg\",\"contentUrl\":\"https:\/\/igfae.usc.es\/~igfae-old\/wp-content\/uploads\/2023\/01\/p1000567.jpg\",\"width\":2000,\"height\":1336},{\"@type\":\"WebPage\",\"@id\":\"https:\/\/igfae.usc.es\/~igfae-old\/gl\/divulgacion-2\/visitas\/#webpage\",\"url\":\"https:\/\/igfae.usc.es\/~igfae-old\/gl\/divulgacion-2\/visitas\/\",\"name\":\"{:es}Visitas de centros de ensino ao IGFAE{:}\",\"isPartOf\":{\"@id\":\"https:\/\/igfae.usc.es\/~igfae-old\/#website\"},\"datePublished\":\"2023-01-18T18:01:52+00:00\",\"dateModified\":\"2025-01-17T12:20:53+00:00\",\"breadcrumb\":{\"@id\":\"https:\/\/igfae.usc.es\/~igfae-old\/gl\/divulgacion-2\/visitas\/#breadcrumb\"},\"inLanguage\":\"gl-ES\",\"potentialAction\":[{\"@type\":\"ReadAction\",\"target\":[\"https:\/\/igfae.usc.es\/~igfae-old\/gl\/divulgacion-2\/visitas\/\"]}]},{\"@type\":\"BreadcrumbList\",\"@id\":\"https:\/\/igfae.usc.es\/~igfae-old\/gl\/divulgacion-2\/visitas\/#breadcrumb\",\"itemListElement\":[{\"@type\":\"ListItem\",\"position\":1,\"name\":\"Home\",\"item\":\"https:\/\/igfae.usc.es\/~igfae-old\/gl\/\"},{\"@type\":\"ListItem\",\"position\":2,\"name\":\"Divulgaci\u00f3n\",\"item\":\"https:\/\/igfae.usc.es\/~igfae-old\/gl\/divulgacion-2\/\"},{\"@type\":\"ListItem\",\"position\":3,\"name\":\"Visitas ao IGFAE\"}]}]}<\/script>\n<!-- \/ Yoast SEO plugin. -->","yoast_head_json":{"title":"{:es}Visitas de centros de ensino ao IGFAE{:}","robots":{"index":"index","follow":"follow","max-snippet":"max-snippet:-1","max-image-preview":"max-image-preview:large","max-video-preview":"max-video-preview:-1"},"canonical":"https:\/\/igfae.usc.es\/~igfae-old\/gl\/divulgacion-2\/visitas\/","og_locale":"gl_ES","og_type":"article","og_title":"Visitas ao IGFAE","og_description":"[vc_row full_width=&#8221;stretch_row&#8221; foundry_padding=&#8221;pt0 pb0&#8243; foundry_parallax=&#8221;not-parallax&#8221; css=&#8221;.vc_custom_1674063804658{padding-right: 30px !important;padding-bottom: 30px !important;padding-left: 30px !important;background-image: url(https:\/\/igfae.usc.es\/~igfae-old\/wp-content\/uploads\/2017\/11\/fondo.jpg?id=122) !important;}&#8221;][vc_column][vc_row_inner css=&#8221;.vc_custom_1674064562496{padding-top: 30px !important;padding-right: 30px !important;}&#8221;][vc_column_inner width=&#8221;1\/2&#8243;][vc_gallery interval=&#8221;3&#8243;...","og_url":"https:\/\/igfae.usc.es\/~igfae-old\/gl\/divulgacion-2\/visitas\/","og_site_name":"IGFAE","article_modified_time":"2025-01-17T12:20:53+00:00","og_image":[{"width":2000,"height":1336,"url":"https:\/\/igfae.usc.es\/~igfae-old\/wp-content\/uploads\/2023\/01\/p1000567.jpg","type":"image\/jpeg"}],"twitter_card":"summary_large_image","twitter_title":"Visitas ao IGFAE","twitter_image":"https:\/\/igfae.usc.es\/~igfae-old\/wp-content\/uploads\/2023\/01\/p1000567.jpg","twitter_site":"@igfae_hep","twitter_misc":{"Tempo de lectura":"1 minuto"},"schema":{"@context":"https:\/\/schema.org","@graph":[{"@type":"WebSite","@id":"https:\/\/igfae.usc.es\/~igfae-old\/#website","url":"https:\/\/igfae.usc.es\/~igfae-old\/","name":"IGFAE","description":"Instituto Galego de F\u00edsica de Altas Enerx\u00edas","potentialAction":[{"@type":"SearchAction","target":{"@type":"EntryPoint","urlTemplate":"https:\/\/igfae.usc.es\/~igfae-old\/?s={search_term_string}"},"query-input":"required name=search_term_string"}],"inLanguage":"gl-ES"},{"@type":"ImageObject","@id":"https:\/\/igfae.usc.es\/~igfae-old\/gl\/divulgacion-2\/visitas\/#primaryimage","inLanguage":"gl-ES","url":"https:\/\/igfae.usc.es\/~igfae-old\/wp-content\/uploads\/2023\/01\/p1000567.jpg","contentUrl":"https:\/\/igfae.usc.es\/~igfae-old\/wp-content\/uploads\/2023\/01\/p1000567.jpg","width":2000,"height":1336},{"@type":"WebPage","@id":"https:\/\/igfae.usc.es\/~igfae-old\/gl\/divulgacion-2\/visitas\/#webpage","url":"https:\/\/igfae.usc.es\/~igfae-old\/gl\/divulgacion-2\/visitas\/","name":"{:es}Visitas de centros de ensino ao IGFAE{:}","isPartOf":{"@id":"https:\/\/igfae.usc.es\/~igfae-old\/#website"},"datePublished":"2023-01-18T18:01:52+00:00","dateModified":"2025-01-17T12:20:53+00:00","breadcrumb":{"@id":"https:\/\/igfae.usc.es\/~igfae-old\/gl\/divulgacion-2\/visitas\/#breadcrumb"},"inLanguage":"gl-ES","potentialAction":[{"@type":"ReadAction","target":["https:\/\/igfae.usc.es\/~igfae-old\/gl\/divulgacion-2\/visitas\/"]}]},{"@type":"BreadcrumbList","@id":"https:\/\/igfae.usc.es\/~igfae-old\/gl\/divulgacion-2\/visitas\/#breadcrumb","itemListElement":[{"@type":"ListItem","position":1,"name":"Home","item":"https:\/\/igfae.usc.es\/~igfae-old\/gl\/"},{"@type":"ListItem","position":2,"name":"Divulgaci\u00f3n","item":"https:\/\/igfae.usc.es\/~igfae-old\/gl\/divulgacion-2\/"},{"@type":"ListItem","position":3,"name":"Visitas ao IGFAE"}]}]}},"_links":{"self":[{"href":"https:\/\/igfae.usc.es\/~igfae-old\/gl\/wp-json\/wp\/v2\/pages\/12718"}],"collection":[{"href":"https:\/\/igfae.usc.es\/~igfae-old\/gl\/wp-json\/wp\/v2\/pages"}],"about":[{"href":"https:\/\/igfae.usc.es\/~igfae-old\/gl\/wp-json\/wp\/v2\/types\/page"}],"author":[{"embeddable":true,"href":"https:\/\/igfae.usc.es\/~igfae-old\/gl\/wp-json\/wp\/v2\/users\/21"}],"replies":[{"embeddable":true,"href":"https:\/\/igfae.usc.es\/~igfae-old\/gl\/wp-json\/wp\/v2\/comments?post=12718"}],"version-history":[{"count":21,"href":"https:\/\/igfae.usc.es\/~igfae-old\/gl\/wp-json\/wp\/v2\/pages\/12718\/revisions"}],"predecessor-version":[{"id":17271,"href":"https:\/\/igfae.usc.es\/~igfae-old\/gl\/wp-json\/wp\/v2\/pages\/12718\/revisions\/17271"}],"up":[{"embeddable":true,"href":"https:\/\/igfae.usc.es\/~igfae-old\/gl\/wp-json\/wp\/v2\/pages\/2313"}],"wp:attachment":[{"href":"https:\/\/igfae.usc.es\/~igfae-old\/gl\/wp-json\/wp\/v2\/media?parent=12718"}],"curies":[{"name":"wp","href":"https:\/\/api.w.org\/{rel}","templated":true}]}}