



{"id":10084,"date":"2021-09-20T09:48:02","date_gmt":"2021-09-20T07:48:02","guid":{"rendered":"https:\/\/igfae.usc.es\/~igfae-old\/?page_id=10084"},"modified":"2024-09-30T14:14:09","modified_gmt":"2024-09-30T12:14:09","slug":"obradoiro-camara-neboa","status":"publish","type":"page","link":"https:\/\/igfae.usc.es\/~igfae-old\/gl\/obradoiro-camara-neboa\/","title":{"rendered":"Obradoiro: c\u00e1mara de n\u00e9boa"},"content":{"rendered":"<p>[vc_row full_width=&#8221;stretch_row&#8221; foundry_padding=&#8221;pt0 pb0&#8243; foundry_parallax=&#8221;not-parallax&#8221; css=&#8221;.vc_custom_1632250120015{margin-top: 5px !important;margin-left: 5px !important;background-image: url(https:\/\/igfae.usc.es\/~igfae-old\/wp-content\/uploads\/2017\/11\/fondo.jpg?id=122) !important;}&#8221;][vc_column][vc_row_inner][vc_column_inner width=&#8221;1\/2&#8243; css=&#8221;.vc_custom_1632250100845{margin-top: 40px !important;margin-bottom: 0px !important;padding-bottom: 0px !important;}&#8221;][vc_column_text css=&#8221;.vc_custom_1727698444351{margin-top: 0px !important;padding-top: 0px !important;}&#8221;]<\/p>\n<p class=\"lead\">Seguindo co compromiso de divulgar a nosa actividade investigadora \u00e1 sociedade, o Instituto Galego de F\u00edsica de Altas Enerx\u00edas (IGFAE), a trav\u00e9s do seu laboratorio educativo EduLab, ofrece un obradoiro de construci\u00f3n de c\u00e1maras de n\u00e9boa para profesorado de secundaria e bacharelato.<\/p>\n<p class=\"lead\">Os raios c\u00f3smicos son part\u00edculas subat\u00f3micas de alta enerx\u00eda que bombardean constantemente a Terra desde o espazo exterior. Miles destas part\u00edculas atravesan o noso planeta e a n\u00f3s mesmos cada segundo. Esta radiaci\u00f3n natural \u00e9 inofensiva e invisible, pero as pegadas que deixan as part\u00edculas poden verse utilizando unha c\u00e1mara de n\u00e9boa. Inventada a principios do s\u00e9culo XX, \u00e9 un dos primeiros e m\u00e1is sinxelos detectores de part\u00edculas subat\u00f3micas que se poden constru\u00edr. Coa colaboraci\u00f3n de MakerGal, o programa EduLab do IGFAE dese\u00f1ou un prototipo a partir do cal constru\u00edr estes detectores cun orzamento reducido e con materiais que non requiren dun mantemento nin manexo complexos.<\/p>\n<p class=\"lead\">Nesta actividade, impartiremos un obradoiro para profesorado de secundaria e bacharelato no que se ensinar\u00e1 o funcionamento b\u00e1sico destes dispositivos e o procedemento para montalos a partir dun kit de montaxe e de materiais proporcionado polo IGFAE. Unha vez finalizado o obradoiro, o detector entregarase aos centros educativos dos docentes con obxecto de que poida ser utilizado como recurso educativo.<\/p>\n<p class=\"lead\"><strong>Data:<\/strong> S\u00e1bado 9 de outubro de 2021.<br \/>\n<strong>Hora:<\/strong> 9:00 \u2013 13:00 h aproximadamente.<br \/>\n<strong>Lugar:<\/strong> Aula C (IGFAE).<\/p>\n<p class=\"lead\"><strong>Se queres participar neste obradoiro inscr\u00edbete no formulario ata o venres 1 de outubro. As prazas son limitadas.<\/strong><\/p>\n<p><a href=\"https:\/\/igfae.usc.es\/~igfae-old\/wp-content\/uploads\/2021\/09\/poster-camara-de-neboa-1.png\"><img loading=\"lazy\" class=\"alignnone size-full wp-image-10172\" src=\"https:\/\/igfae.usc.es\/~igfae-old\/wp-content\/uploads\/2021\/09\/poster-camara-de-neboa-1.png\" alt=\"\" width=\"1749\" height=\"2473\" srcset=\"https:\/\/igfae.usc.es\/~igfae-old\/wp-content\/uploads\/2021\/09\/poster-camara-de-neboa-1.png 1749w, https:\/\/igfae.usc.es\/~igfae-old\/wp-content\/uploads\/2021\/09\/poster-camara-de-neboa-1-212x300.png 212w, https:\/\/igfae.usc.es\/~igfae-old\/wp-content\/uploads\/2021\/09\/poster-camara-de-neboa-1-724x1024.png 724w, https:\/\/igfae.usc.es\/~igfae-old\/wp-content\/uploads\/2021\/09\/poster-camara-de-neboa-1-768x1086.png 768w, https:\/\/igfae.usc.es\/~igfae-old\/wp-content\/uploads\/2021\/09\/poster-camara-de-neboa-1-1086x1536.png 1086w, https:\/\/igfae.usc.es\/~igfae-old\/wp-content\/uploads\/2021\/09\/poster-camara-de-neboa-1-1448x2048.png 1448w\" sizes=\"(max-width: 1749px) 100vw, 1749px\" \/><\/a>[\/vc_column_text][vc_column_text css=&#8221;.vc_custom_1632249982030{margin-top: 0px !important;padding-top: 0px !important;}&#8221;]<\/p>\n<p class=\"lead\">Este proxecto foi cofinanciado con cargo ao Programa Operativo FEDER Galicia 2014-2020.<\/p>\n<p>[\/vc_column_text][\/vc_column_inner][vc_column_inner width=&#8221;1\/2&#8243;]<noscript class=\"ninja-forms-noscript-message\">\n\tNotice: JavaScript is required for this content.<\/noscript>\nThis form is currently undergoing maintenance. Please try again later.[\/vc_column_inner][\/vc_row_inner][\/vc_column][\/vc_row]<\/p>\n","protected":false},"excerpt":{"rendered":"<p>[vc_row full_width=&#8221;stretch_row&#8221; foundry_padding=&#8221;pt0 pb0&#8243; foundry_parallax=&#8221;not-parallax&#8221; css=&#8221;.vc_custom_1632250120015{margin-top: 5px !important;margin-left: 5px !important;background-image: url(https:\/\/igfae.usc.es\/~igfae-old\/wp-content\/uploads\/2017\/11\/fondo.jpg?id=122) !important;}&#8221;][vc_column][vc_row_inner][vc_column_inner width=&#8221;1\/2&#8243; css=&#8221;.vc_custom_1632250100845{margin-top: 40px !important;margin-bottom: 0px !important;padding-bottom: 0px !important;}&#8221;][vc_column_text css=&#8221;.vc_custom_1727698444351{margin-top:&#8230;<\/p>\n","protected":false},"author":21,"featured_media":1977,"parent":0,"menu_order":0,"comment_status":"closed","ping_status":"closed","template":"","meta":{"om_disable_all_campaigns":false,"_monsterinsights_skip_tracking":false,"_monsterinsights_sitenote_active":false,"_monsterinsights_sitenote_note":"","_monsterinsights_sitenote_category":0},"aioseo_notices":[],"yoast_head":"<!-- This site is optimized with the Yoast SEO plugin v18.4.1 - https:\/\/yoast.com\/wordpress\/plugins\/seo\/ -->\n<title>Obradoiro: c\u00e1mara de n\u00e9boa - IGFAE<\/title>\n<meta name=\"robots\" content=\"index, follow, max-snippet:-1, max-image-preview:large, max-video-preview:-1\" \/>\n<link rel=\"canonical\" href=\"https:\/\/igfae.usc.es\/~igfae-old\/gl\/obradoiro-camara-neboa\/\" \/>\n<meta property=\"og:locale\" content=\"gl_ES\" \/>\n<meta property=\"og:type\" content=\"article\" \/>\n<meta property=\"og:title\" content=\"O EduLab do IGFAE lanza un obradoiro de construci\u00f3n de c\u00e1maras de n\u00e9boa\" \/>\n<meta property=\"og:description\" content=\"[vc_row full_width=&#8221;stretch_row&#8221; foundry_padding=&#8221;pt0 pb0&#8243; foundry_parallax=&#8221;not-parallax&#8221; css=&#8221;.vc_custom_1632250120015{margin-top: 5px !important;margin-left: 5px !important;background-image: url(https:\/\/igfae.usc.es\/~igfae-old\/wp-content\/uploads\/2017\/11\/fondo.jpg?id=122) !important;}&#8221;][vc_column][vc_row_inner][vc_column_inner width=&#8221;1\/2&#8243; css=&#8221;.vc_custom_1632250100845{margin-top: 40px !important;margin-bottom: 0px !important;padding-bottom: 0px !important;}&#8221;][vc_column_text css=&#8221;.vc_custom_1727698444351{margin-top:...\" \/>\n<meta property=\"og:url\" content=\"https:\/\/igfae.usc.es\/~igfae-old\/gl\/obradoiro-camara-neboa\/\" \/>\n<meta property=\"og:site_name\" content=\"IGFAE\" \/>\n<meta property=\"article:modified_time\" content=\"2024-09-30T12:14:09+00:00\" \/>\n<meta property=\"og:image\" content=\"https:\/\/igfae.usc.es\/~igfae-old\/wp-content\/uploads\/2021\/09\/poster-camara-de-neboa-card.png\" \/>\n\t<meta property=\"og:image:width\" content=\"1739\" \/>\n\t<meta property=\"og:image:height\" content=\"978\" \/>\n\t<meta property=\"og:image:type\" content=\"image\/png\" \/>\n<meta name=\"twitter:card\" content=\"summary_large_image\" \/>\n<meta name=\"twitter:title\" content=\"O EduLab do IGFAE lanza un obradoiro de construci\u00f3n de c\u00e1maras de n\u00e9boa\" \/>\n<meta name=\"twitter:image\" content=\"https:\/\/igfae.usc.es\/~igfae-old\/wp-content\/uploads\/2021\/09\/poster-camara-de-neboa-card.png\" \/>\n<meta name=\"twitter:site\" content=\"@igfae_hep\" \/>\n<meta name=\"twitter:label1\" content=\"Tempo de lectura\" \/>\n\t<meta name=\"twitter:data1\" content=\"2 minutos\" \/>\n<script type=\"application\/ld+json\" class=\"yoast-schema-graph\">{\"@context\":\"https:\/\/schema.org\",\"@graph\":[{\"@type\":\"WebSite\",\"@id\":\"https:\/\/igfae.usc.es\/~igfae-old\/#website\",\"url\":\"https:\/\/igfae.usc.es\/~igfae-old\/\",\"name\":\"IGFAE\",\"description\":\"Instituto Galego de F\u00edsica de Altas Enerx\u00edas\",\"potentialAction\":[{\"@type\":\"SearchAction\",\"target\":{\"@type\":\"EntryPoint\",\"urlTemplate\":\"https:\/\/igfae.usc.es\/~igfae-old\/?s={search_term_string}\"},\"query-input\":\"required name=search_term_string\"}],\"inLanguage\":\"gl-ES\"},{\"@type\":\"ImageObject\",\"@id\":\"https:\/\/igfae.usc.es\/~igfae-old\/gl\/obradoiro-camara-neboa\/#primaryimage\",\"inLanguage\":\"gl-ES\",\"url\":\"https:\/\/igfae.usc.es\/~igfae-old\/wp-content\/uploads\/2021\/09\/poster-camara-de-neboa-card.png\",\"contentUrl\":\"https:\/\/igfae.usc.es\/~igfae-old\/wp-content\/uploads\/2021\/09\/poster-camara-de-neboa-card.png\",\"width\":1739,\"height\":978},{\"@type\":\"WebPage\",\"@id\":\"https:\/\/igfae.usc.es\/~igfae-old\/gl\/obradoiro-camara-neboa\/#webpage\",\"url\":\"https:\/\/igfae.usc.es\/~igfae-old\/gl\/obradoiro-camara-neboa\/\",\"name\":\"Obradoiro: c\u00e1mara de n\u00e9boa - IGFAE\",\"isPartOf\":{\"@id\":\"https:\/\/igfae.usc.es\/~igfae-old\/#website\"},\"primaryImageOfPage\":{\"@id\":\"https:\/\/igfae.usc.es\/~igfae-old\/gl\/obradoiro-camara-neboa\/#primaryimage\"},\"datePublished\":\"2021-09-20T07:48:02+00:00\",\"dateModified\":\"2024-09-30T12:14:09+00:00\",\"breadcrumb\":{\"@id\":\"https:\/\/igfae.usc.es\/~igfae-old\/gl\/obradoiro-camara-neboa\/#breadcrumb\"},\"inLanguage\":\"gl-ES\",\"potentialAction\":[{\"@type\":\"ReadAction\",\"target\":[\"https:\/\/igfae.usc.es\/~igfae-old\/gl\/obradoiro-camara-neboa\/\"]}]},{\"@type\":\"BreadcrumbList\",\"@id\":\"https:\/\/igfae.usc.es\/~igfae-old\/gl\/obradoiro-camara-neboa\/#breadcrumb\",\"itemListElement\":[{\"@type\":\"ListItem\",\"position\":1,\"name\":\"Home\",\"item\":\"https:\/\/igfae.usc.es\/~igfae-old\/gl\/\"},{\"@type\":\"ListItem\",\"position\":2,\"name\":\"Obradoiro: c\u00e1mara de n\u00e9boa\"}]}]}<\/script>\n<!-- \/ Yoast SEO plugin. -->","yoast_head_json":{"title":"Obradoiro: c\u00e1mara de n\u00e9boa - IGFAE","robots":{"index":"index","follow":"follow","max-snippet":"max-snippet:-1","max-image-preview":"max-image-preview:large","max-video-preview":"max-video-preview:-1"},"canonical":"https:\/\/igfae.usc.es\/~igfae-old\/gl\/obradoiro-camara-neboa\/","og_locale":"gl_ES","og_type":"article","og_title":"O EduLab do IGFAE lanza un obradoiro de construci\u00f3n de c\u00e1maras de n\u00e9boa","og_description":"[vc_row full_width=&#8221;stretch_row&#8221; foundry_padding=&#8221;pt0 pb0&#8243; foundry_parallax=&#8221;not-parallax&#8221; css=&#8221;.vc_custom_1632250120015{margin-top: 5px !important;margin-left: 5px !important;background-image: url(https:\/\/igfae.usc.es\/~igfae-old\/wp-content\/uploads\/2017\/11\/fondo.jpg?id=122) !important;}&#8221;][vc_column][vc_row_inner][vc_column_inner width=&#8221;1\/2&#8243; css=&#8221;.vc_custom_1632250100845{margin-top: 40px !important;margin-bottom: 0px !important;padding-bottom: 0px !important;}&#8221;][vc_column_text css=&#8221;.vc_custom_1727698444351{margin-top:...","og_url":"https:\/\/igfae.usc.es\/~igfae-old\/gl\/obradoiro-camara-neboa\/","og_site_name":"IGFAE","article_modified_time":"2024-09-30T12:14:09+00:00","og_image":[{"width":1739,"height":978,"url":"https:\/\/igfae.usc.es\/~igfae-old\/wp-content\/uploads\/2021\/09\/poster-camara-de-neboa-card.png","type":"image\/png"}],"twitter_card":"summary_large_image","twitter_title":"O EduLab do IGFAE lanza un obradoiro de construci\u00f3n de c\u00e1maras de n\u00e9boa","twitter_image":"https:\/\/igfae.usc.es\/~igfae-old\/wp-content\/uploads\/2021\/09\/poster-camara-de-neboa-card.png","twitter_site":"@igfae_hep","twitter_misc":{"Tempo de lectura":"2 minutos"},"schema":{"@context":"https:\/\/schema.org","@graph":[{"@type":"WebSite","@id":"https:\/\/igfae.usc.es\/~igfae-old\/#website","url":"https:\/\/igfae.usc.es\/~igfae-old\/","name":"IGFAE","description":"Instituto Galego de F\u00edsica de Altas Enerx\u00edas","potentialAction":[{"@type":"SearchAction","target":{"@type":"EntryPoint","urlTemplate":"https:\/\/igfae.usc.es\/~igfae-old\/?s={search_term_string}"},"query-input":"required name=search_term_string"}],"inLanguage":"gl-ES"},{"@type":"ImageObject","@id":"https:\/\/igfae.usc.es\/~igfae-old\/gl\/obradoiro-camara-neboa\/#primaryimage","inLanguage":"gl-ES","url":"https:\/\/igfae.usc.es\/~igfae-old\/wp-content\/uploads\/2021\/09\/poster-camara-de-neboa-card.png","contentUrl":"https:\/\/igfae.usc.es\/~igfae-old\/wp-content\/uploads\/2021\/09\/poster-camara-de-neboa-card.png","width":1739,"height":978},{"@type":"WebPage","@id":"https:\/\/igfae.usc.es\/~igfae-old\/gl\/obradoiro-camara-neboa\/#webpage","url":"https:\/\/igfae.usc.es\/~igfae-old\/gl\/obradoiro-camara-neboa\/","name":"Obradoiro: c\u00e1mara de n\u00e9boa - IGFAE","isPartOf":{"@id":"https:\/\/igfae.usc.es\/~igfae-old\/#website"},"primaryImageOfPage":{"@id":"https:\/\/igfae.usc.es\/~igfae-old\/gl\/obradoiro-camara-neboa\/#primaryimage"},"datePublished":"2021-09-20T07:48:02+00:00","dateModified":"2024-09-30T12:14:09+00:00","breadcrumb":{"@id":"https:\/\/igfae.usc.es\/~igfae-old\/gl\/obradoiro-camara-neboa\/#breadcrumb"},"inLanguage":"gl-ES","potentialAction":[{"@type":"ReadAction","target":["https:\/\/igfae.usc.es\/~igfae-old\/gl\/obradoiro-camara-neboa\/"]}]},{"@type":"BreadcrumbList","@id":"https:\/\/igfae.usc.es\/~igfae-old\/gl\/obradoiro-camara-neboa\/#breadcrumb","itemListElement":[{"@type":"ListItem","position":1,"name":"Home","item":"https:\/\/igfae.usc.es\/~igfae-old\/gl\/"},{"@type":"ListItem","position":2,"name":"Obradoiro: c\u00e1mara de n\u00e9boa"}]}]}},"_links":{"self":[{"href":"https:\/\/igfae.usc.es\/~igfae-old\/gl\/wp-json\/wp\/v2\/pages\/10084"}],"collection":[{"href":"https:\/\/igfae.usc.es\/~igfae-old\/gl\/wp-json\/wp\/v2\/pages"}],"about":[{"href":"https:\/\/igfae.usc.es\/~igfae-old\/gl\/wp-json\/wp\/v2\/types\/page"}],"author":[{"embeddable":true,"href":"https:\/\/igfae.usc.es\/~igfae-old\/gl\/wp-json\/wp\/v2\/users\/21"}],"replies":[{"embeddable":true,"href":"https:\/\/igfae.usc.es\/~igfae-old\/gl\/wp-json\/wp\/v2\/comments?post=10084"}],"version-history":[{"count":13,"href":"https:\/\/igfae.usc.es\/~igfae-old\/gl\/wp-json\/wp\/v2\/pages\/10084\/revisions"}],"predecessor-version":[{"id":16367,"href":"https:\/\/igfae.usc.es\/~igfae-old\/gl\/wp-json\/wp\/v2\/pages\/10084\/revisions\/16367"}],"wp:featuredmedia":[{"embeddable":true,"href":"https:\/\/igfae.usc.es\/~igfae-old\/gl\/wp-json\/wp\/v2\/media\/1977"}],"wp:attachment":[{"href":"https:\/\/igfae.usc.es\/~igfae-old\/gl\/wp-json\/wp\/v2\/media?parent=10084"}],"curies":[{"name":"wp","href":"https:\/\/api.w.org\/{rel}","templated":true}]}}