



{"id":9882,"date":"2021-09-14T13:39:26","date_gmt":"2021-09-14T11:39:26","guid":{"rendered":"https:\/\/igfae.usc.es\/~igfae-old\/?page_id=9882"},"modified":"2023-06-09T11:01:25","modified_gmt":"2023-06-09T09:01:25","slug":"igfae-labs","status":"publish","type":"page","link":"https:\/\/igfae.usc.es\/~igfae-old\/es\/igfae-labs\/","title":{"rendered":"IGFAE Labs"},"content":{"rendered":"<p>[vc_row foundry_background_style=\u00bbbg-secondary\u00bb][vc_column css=\u00bb.vc_custom_1565621136979{margin-top: 40px !important;}\u00bb][vc_row_inner][vc_column_inner][vc_column_text]<\/p>\n<p class=\"lead\">Los Labs del IGFAE son espacios de nueva creaci\u00f3n para dirigir y estructurar nuestra investigaci\u00f3n hacia una investigaci\u00f3n e innovaci\u00f3n (RRI, Responsible Research &amp; Innovation) m\u00e1s responsable con la sociedad y su entorno inmediato.<\/p>\n<p class=\"lead\">Esta nueva estrategia de compromiso industrial y social divide sus actividades en tres laboratorios que sirven como espacios para discutir nuevas iniciativas con actores externos y colaboradores del IGFAE seg\u00fan tres \u00e1reas tem\u00e1ticas:<\/p>\n<p>[\/vc_column_text][vc_column_text css=\u00bb.vc_custom_1631618331609{border-left-width: 25px !important;padding-left: 10px !important;border-left-color: #055dbe !important;border-left-style: solid !important;}\u00bb]<\/p>\n<h4><span style=\"color: #055dbe;\"><strong>ArtLab<\/strong><\/span><\/h4>\n<p>[\/vc_column_text][vc_column_text]<\/p>\n<p class=\"lead\">ArtLab, un espacio de di\u00e1logo entre arte y ciencia compuesto por personal investigador del IGFAE y colaboradores externos que proponen y desarrollan nuevas ideas para fomentar las conversaciones entre las dos disciplinas.<\/p>\n<p class=\"lead\"><a href=\"https:\/\/igfae.usc.es\/labs\/area\/artlab\/\" target=\"_blank\" rel=\"noopener\">Lea m\u00e1s sobre las iniciativas de ArtLab.<\/a><\/p>\n<p>[\/vc_column_text][vc_column_text css=\u00bb.vc_custom_1631618384308{border-left-width: 25px !important;padding-left: 10px !important;border-left-color: #055dbe !important;border-left-style: solid !important;}\u00bb]<\/p>\n<h4><span style=\"color: #055dbe;\"><strong>EduLab<\/strong><\/span><\/h4>\n<p>[\/vc_column_text][vc_column_text]<\/p>\n<p class=\"lead\">EduLab, un foro de intercambio y co-creaci\u00f3n con la comunidad educativa donde el personal cient\u00edfico del IGFAE y miembros de la comunidad educativa (profesorado, estudiantes) se unen para poner en marcha nuevos proyectos colaborativos.<\/p>\n<p class=\"lead\"><a href=\"https:\/\/igfae.usc.es\/labs\/area\/edulab\/\" target=\"_blank\" rel=\"noopener\">Lea m\u00e1s sobre las iniciativas de EduLab.<\/a><\/p>\n<p>[\/vc_column_text][vc_column_text css=\u00bb.vc_custom_1631618398422{border-left-width: 25px !important;padding-left: 10px !important;border-left-color: #055dbe !important;border-left-style: solid !important;}\u00bb]<\/p>\n<h4><span style=\"color: #055dbe;\"><strong>TechLab<\/strong><\/span><\/h4>\n<p>[\/vc_column_text][vc_column_text]<\/p>\n<p class=\"lead\">TechLab, una serie de talleres e intercambios con la industria para estimular la innovaci\u00f3n colaborativa y la explotaci\u00f3n del conocimiento y los resultados de IGFAE, as\u00ed como una herramienta para que el personal investigador del IGFAE explore oportunidades profesionales en el sector industrial.<\/p>\n<p class=\"lead\"><a href=\"https:\/\/igfae.usc.es\/labs\/area\/techlab\/\" target=\"_blank\" rel=\"noopener\">Lea m\u00e1s sobre las iniciativas de TechLab.<\/a><\/p>\n<p>[\/vc_column_text][\/vc_column_inner][\/vc_row_inner][\/vc_column][\/vc_row]<\/p>\n","protected":false},"excerpt":{"rendered":"<p>[vc_row foundry_background_style=\u00bbbg-secondary\u00bb][vc_column css=\u00bb.vc_custom_1565621136979{margin-top: 40px !important;}\u00bb][vc_row_inner][vc_column_inner][vc_column_text] Los Labs del IGFAE son espacios de nueva creaci\u00f3n para dirigir y estructurar nuestra investigaci\u00f3n hacia&#8230;<\/p>\n","protected":false},"author":21,"featured_media":1892,"parent":0,"menu_order":0,"comment_status":"closed","ping_status":"closed","template":"","meta":{"om_disable_all_campaigns":false,"_monsterinsights_skip_tracking":false,"_monsterinsights_sitenote_active":false,"_monsterinsights_sitenote_note":"","_monsterinsights_sitenote_category":0},"aioseo_notices":[],"yoast_head":"<!-- This site is optimized with the Yoast SEO plugin v18.4.1 - https:\/\/yoast.com\/wordpress\/plugins\/seo\/ -->\n<title>IGFAE Labs - IGFAE<\/title>\n<meta name=\"robots\" content=\"index, follow, max-snippet:-1, max-image-preview:large, max-video-preview:-1\" \/>\n<link rel=\"canonical\" href=\"https:\/\/igfae.usc.es\/~igfae-old\/es\/igfae-labs\/\" \/>\n<meta property=\"og:locale\" content=\"es_ES\" \/>\n<meta property=\"og:type\" content=\"article\" \/>\n<meta property=\"og:title\" content=\"IGFAE Labs - IGFAE\" \/>\n<meta property=\"og:description\" content=\"[vc_row foundry_background_style=\u00bbbg-secondary\u00bb][vc_column css=\u00bb.vc_custom_1565621136979{margin-top: 40px !important;}\u00bb][vc_row_inner][vc_column_inner][vc_column_text] Los Labs del IGFAE son espacios de nueva creaci\u00f3n para dirigir y estructurar nuestra investigaci\u00f3n hacia...\" \/>\n<meta property=\"og:url\" content=\"https:\/\/igfae.usc.es\/~igfae-old\/es\/igfae-labs\/\" \/>\n<meta property=\"og:site_name\" content=\"IGFAE\" \/>\n<meta property=\"article:modified_time\" content=\"2023-06-09T09:01:25+00:00\" \/>\n<meta property=\"og:image\" content=\"https:\/\/igfae.usc.es\/~igfae-old\/wp-content\/uploads\/2017\/11\/Transicion-azul-Indicadores.png\" \/>\n\t<meta property=\"og:image:width\" content=\"1920\" \/>\n\t<meta property=\"og:image:height\" content=\"847\" \/>\n\t<meta property=\"og:image:type\" content=\"image\/png\" \/>\n<meta name=\"twitter:card\" content=\"summary_large_image\" \/>\n<meta name=\"twitter:site\" content=\"@igfae_hep\" \/>\n<meta name=\"twitter:label1\" content=\"Tiempo de lectura\" \/>\n\t<meta name=\"twitter:data1\" content=\"2 minutos\" \/>\n<script type=\"application\/ld+json\" class=\"yoast-schema-graph\">{\"@context\":\"https:\/\/schema.org\",\"@graph\":[{\"@type\":\"WebSite\",\"@id\":\"https:\/\/igfae.usc.es\/~igfae-old\/#website\",\"url\":\"https:\/\/igfae.usc.es\/~igfae-old\/\",\"name\":\"IGFAE\",\"description\":\"Instituto Galego de F\u00edsica de Altas Enerx\u00edas\",\"potentialAction\":[{\"@type\":\"SearchAction\",\"target\":{\"@type\":\"EntryPoint\",\"urlTemplate\":\"https:\/\/igfae.usc.es\/~igfae-old\/?s={search_term_string}\"},\"query-input\":\"required name=search_term_string\"}],\"inLanguage\":\"es\"},{\"@type\":\"ImageObject\",\"@id\":\"https:\/\/igfae.usc.es\/~igfae-old\/es\/igfae-labs\/#primaryimage\",\"inLanguage\":\"es\",\"url\":\"https:\/\/igfae.usc.es\/~igfae-old\/wp-content\/uploads\/2017\/11\/Transicion-azul-Indicadores.png\",\"contentUrl\":\"https:\/\/igfae.usc.es\/~igfae-old\/wp-content\/uploads\/2017\/11\/Transicion-azul-Indicadores.png\",\"width\":1920,\"height\":847},{\"@type\":\"WebPage\",\"@id\":\"https:\/\/igfae.usc.es\/~igfae-old\/es\/igfae-labs\/#webpage\",\"url\":\"https:\/\/igfae.usc.es\/~igfae-old\/es\/igfae-labs\/\",\"name\":\"IGFAE Labs - IGFAE\",\"isPartOf\":{\"@id\":\"https:\/\/igfae.usc.es\/~igfae-old\/#website\"},\"primaryImageOfPage\":{\"@id\":\"https:\/\/igfae.usc.es\/~igfae-old\/es\/igfae-labs\/#primaryimage\"},\"datePublished\":\"2021-09-14T11:39:26+00:00\",\"dateModified\":\"2023-06-09T09:01:25+00:00\",\"breadcrumb\":{\"@id\":\"https:\/\/igfae.usc.es\/~igfae-old\/es\/igfae-labs\/#breadcrumb\"},\"inLanguage\":\"es\",\"potentialAction\":[{\"@type\":\"ReadAction\",\"target\":[\"https:\/\/igfae.usc.es\/~igfae-old\/es\/igfae-labs\/\"]}]},{\"@type\":\"BreadcrumbList\",\"@id\":\"https:\/\/igfae.usc.es\/~igfae-old\/es\/igfae-labs\/#breadcrumb\",\"itemListElement\":[{\"@type\":\"ListItem\",\"position\":1,\"name\":\"Home\",\"item\":\"https:\/\/igfae.usc.es\/~igfae-old\/es\/\"},{\"@type\":\"ListItem\",\"position\":2,\"name\":\"IGFAE Labs\"}]}]}<\/script>\n<!-- \/ Yoast SEO plugin. -->","yoast_head_json":{"title":"IGFAE Labs - IGFAE","robots":{"index":"index","follow":"follow","max-snippet":"max-snippet:-1","max-image-preview":"max-image-preview:large","max-video-preview":"max-video-preview:-1"},"canonical":"https:\/\/igfae.usc.es\/~igfae-old\/es\/igfae-labs\/","og_locale":"es_ES","og_type":"article","og_title":"IGFAE Labs - IGFAE","og_description":"[vc_row foundry_background_style=\u00bbbg-secondary\u00bb][vc_column css=\u00bb.vc_custom_1565621136979{margin-top: 40px !important;}\u00bb][vc_row_inner][vc_column_inner][vc_column_text] Los Labs del IGFAE son espacios de nueva creaci\u00f3n para dirigir y estructurar nuestra investigaci\u00f3n hacia...","og_url":"https:\/\/igfae.usc.es\/~igfae-old\/es\/igfae-labs\/","og_site_name":"IGFAE","article_modified_time":"2023-06-09T09:01:25+00:00","og_image":[{"width":1920,"height":847,"url":"https:\/\/igfae.usc.es\/~igfae-old\/wp-content\/uploads\/2017\/11\/Transicion-azul-Indicadores.png","type":"image\/png"}],"twitter_card":"summary_large_image","twitter_site":"@igfae_hep","twitter_misc":{"Tiempo de lectura":"2 minutos"},"schema":{"@context":"https:\/\/schema.org","@graph":[{"@type":"WebSite","@id":"https:\/\/igfae.usc.es\/~igfae-old\/#website","url":"https:\/\/igfae.usc.es\/~igfae-old\/","name":"IGFAE","description":"Instituto Galego de F\u00edsica de Altas Enerx\u00edas","potentialAction":[{"@type":"SearchAction","target":{"@type":"EntryPoint","urlTemplate":"https:\/\/igfae.usc.es\/~igfae-old\/?s={search_term_string}"},"query-input":"required name=search_term_string"}],"inLanguage":"es"},{"@type":"ImageObject","@id":"https:\/\/igfae.usc.es\/~igfae-old\/es\/igfae-labs\/#primaryimage","inLanguage":"es","url":"https:\/\/igfae.usc.es\/~igfae-old\/wp-content\/uploads\/2017\/11\/Transicion-azul-Indicadores.png","contentUrl":"https:\/\/igfae.usc.es\/~igfae-old\/wp-content\/uploads\/2017\/11\/Transicion-azul-Indicadores.png","width":1920,"height":847},{"@type":"WebPage","@id":"https:\/\/igfae.usc.es\/~igfae-old\/es\/igfae-labs\/#webpage","url":"https:\/\/igfae.usc.es\/~igfae-old\/es\/igfae-labs\/","name":"IGFAE Labs - IGFAE","isPartOf":{"@id":"https:\/\/igfae.usc.es\/~igfae-old\/#website"},"primaryImageOfPage":{"@id":"https:\/\/igfae.usc.es\/~igfae-old\/es\/igfae-labs\/#primaryimage"},"datePublished":"2021-09-14T11:39:26+00:00","dateModified":"2023-06-09T09:01:25+00:00","breadcrumb":{"@id":"https:\/\/igfae.usc.es\/~igfae-old\/es\/igfae-labs\/#breadcrumb"},"inLanguage":"es","potentialAction":[{"@type":"ReadAction","target":["https:\/\/igfae.usc.es\/~igfae-old\/es\/igfae-labs\/"]}]},{"@type":"BreadcrumbList","@id":"https:\/\/igfae.usc.es\/~igfae-old\/es\/igfae-labs\/#breadcrumb","itemListElement":[{"@type":"ListItem","position":1,"name":"Home","item":"https:\/\/igfae.usc.es\/~igfae-old\/es\/"},{"@type":"ListItem","position":2,"name":"IGFAE Labs"}]}]}},"_links":{"self":[{"href":"https:\/\/igfae.usc.es\/~igfae-old\/es\/wp-json\/wp\/v2\/pages\/9882"}],"collection":[{"href":"https:\/\/igfae.usc.es\/~igfae-old\/es\/wp-json\/wp\/v2\/pages"}],"about":[{"href":"https:\/\/igfae.usc.es\/~igfae-old\/es\/wp-json\/wp\/v2\/types\/page"}],"author":[{"embeddable":true,"href":"https:\/\/igfae.usc.es\/~igfae-old\/es\/wp-json\/wp\/v2\/users\/21"}],"replies":[{"embeddable":true,"href":"https:\/\/igfae.usc.es\/~igfae-old\/es\/wp-json\/wp\/v2\/comments?post=9882"}],"version-history":[{"count":10,"href":"https:\/\/igfae.usc.es\/~igfae-old\/es\/wp-json\/wp\/v2\/pages\/9882\/revisions"}],"predecessor-version":[{"id":13482,"href":"https:\/\/igfae.usc.es\/~igfae-old\/es\/wp-json\/wp\/v2\/pages\/9882\/revisions\/13482"}],"wp:featuredmedia":[{"embeddable":true,"href":"https:\/\/igfae.usc.es\/~igfae-old\/es\/wp-json\/wp\/v2\/media\/1892"}],"wp:attachment":[{"href":"https:\/\/igfae.usc.es\/~igfae-old\/es\/wp-json\/wp\/v2\/media?parent=9882"}],"curies":[{"name":"wp","href":"https:\/\/api.w.org\/{rel}","templated":true}]}}