



{"id":6477,"date":"2020-06-26T12:08:53","date_gmt":"2020-06-26T10:08:53","guid":{"rendered":"https:\/\/igfae.usc.es\/~igfae-old\/?page_id=6477"},"modified":"2022-06-21T11:30:27","modified_gmt":"2022-06-21T09:30:27","slug":"transfronteirizas","status":"publish","type":"page","link":"https:\/\/igfae.usc.es\/~igfae-old\/es\/transfronteirizas\/","title":{"rendered":"Transfronteirizas: conversas de arte e ciencia"},"content":{"rendered":"<p>[vc_row foundry_background_style=\u00bbbg-secondary\u00bb css=\u00bb.vc_custom_1589187503952{background-color: #ffffff !important;}\u00bb][vc_column css=\u00bb.vc_custom_1565621136979{margin-top: 40px !important;}\u00bb][vc_column_text]<\/p>\n<p class=\"lead\"><span style=\"color: #333333;\">Organizado por el Instituto Galego de F\u00edsica de Altas Enerx\u00edas (IGFAE) de la Universidad de Santiago de Compostela (USC) y la Xunta de Galicia, \u201cTransfronteirizas, conversas de arte e ciencia\u201d es un ciclo de di\u00e1logos virtuales emitidos en <a href=\"https:\/\/www.youtube.com\/playlist?list=PLBq1bmlryLC5fw_XnD1MjDmmHQDmfja8s\">Youtube<\/a> en el que invitamos a figuras del \u00e1mbito cultural a explorar las intersecciones entre el arte y la ciencia con nuestro personal investigador, buscando un enfoque interdisciplinar. Esta iniciativa se inserta dentro del programa ArtLAB, que pretende tender puentes y fomentar la participaci\u00f3n entre la sociedad y la comunidad investigadora a trav\u00e9s de distintas expresiones art\u00edsticas.<\/span><\/p>\n<p>[\/vc_column_text][vc_row_inner][vc_column_inner width=\u00bb1\/3&#8243;][vc_video link=\u00bbhttps:\/\/youtu.be\/V5jwOcNQgzA\u00bb][vc_raw_html]JTNDaWZyYW1lJTIwd2lkdGglM0QlMjIzNTAlMjIlMjBoZWlnaHQlM0QlMjIyMDAlMjIlMjBzcmMlM0QlMjJodHRwcyUzQSUyRiUyRnd3dy55b3V0dWJlLmNvbSUyRmVtYmVkJTJGQ2tjZ0hOSG1ybEklMjIlMjB0aXRsZSUzRCUyMllvdVR1YmUlMjB2aWRlbyUyMHBsYXllciUyMiUyMGZyYW1lYm9yZGVyJTNEJTIyMCUyMiUyMGFsbG93JTNEJTIyYWNjZWxlcm9tZXRlciUzQiUyMGF1dG9wbGF5JTNCJTIwY2xpcGJvYXJkLXdyaXRlJTNCJTIwZW5jcnlwdGVkLW1lZGlhJTNCJTIwZ3lyb3Njb3BlJTNCJTIwcGljdHVyZS1pbi1waWN0dXJlJTIyJTIwYWxsb3dmdWxsc2NyZWVuJTNFJTNDJTJGaWZyYW1lJTNF[\/vc_raw_html][vc_video link=\u00bbhttps:\/\/youtu.be\/PyxCOp1fbz0&#8243;][vc_video link=\u00bbhttps:\/\/www.youtube.com\/watch?v=K-Aze6XDSqM\u00bb][\/vc_column_inner][vc_column_inner width=\u00bb1\/3&#8243;][vc_video link=\u00bbhttps:\/\/www.youtube.com\/watch?v=6FICjLY29oU\u00bb][vc_video link=\u00bbhttps:\/\/youtu.be\/yy9X6DvvRAQ\u00bb][vc_video link=\u00bbhttps:\/\/www.youtube.com\/watch?v=wMc3Ueoj7rY\u00bb][\/vc_column_inner][vc_column_inner width=\u00bb1\/3&#8243;][vc_video link=\u00bbhttps:\/\/youtu.be\/fm7xjQWIGBQ\u00bb][vc_video link=\u00bbhttps:\/\/youtu.be\/NFLx2RMjreo\u00bb][vc_video link=\u00bbhttps:\/\/youtu.be\/Wp0dGQYp2NE?t=1&#8243;][\/vc_column_inner][\/vc_row_inner][\/vc_column][\/vc_row]<\/p>\n","protected":false},"excerpt":{"rendered":"<p>[vc_row foundry_background_style=\u00bbbg-secondary\u00bb css=\u00bb.vc_custom_1589187503952{background-color: #ffffff !important;}\u00bb][vc_column css=\u00bb.vc_custom_1565621136979{margin-top: 40px !important;}\u00bb][vc_column_text] Organizado por el Instituto Galego de F\u00edsica de Altas Enerx\u00edas (IGFAE) de la&#8230;<\/p>\n","protected":false},"author":8,"featured_media":1892,"parent":0,"menu_order":0,"comment_status":"closed","ping_status":"closed","template":"","meta":{"om_disable_all_campaigns":false,"_monsterinsights_skip_tracking":false,"_monsterinsights_sitenote_active":false,"_monsterinsights_sitenote_note":"","_monsterinsights_sitenote_category":0},"aioseo_notices":[],"yoast_head":"<!-- This site is optimized with the Yoast SEO plugin v18.4.1 - https:\/\/yoast.com\/wordpress\/plugins\/seo\/ -->\n<title>Transfronteirizas: conversas de arte e ciencia - IGFAE<\/title>\n<meta name=\"robots\" content=\"index, follow, max-snippet:-1, max-image-preview:large, max-video-preview:-1\" \/>\n<link rel=\"canonical\" href=\"https:\/\/igfae.usc.es\/~igfae-old\/es\/transfronteirizas\/\" \/>\n<meta property=\"og:locale\" content=\"es_ES\" \/>\n<meta property=\"og:type\" content=\"article\" \/>\n<meta property=\"og:title\" content=\"Transfronteirizas: conversas de arte e ciencia - IGFAE\" \/>\n<meta property=\"og:description\" content=\"[vc_row foundry_background_style=\u00bbbg-secondary\u00bb css=\u00bb.vc_custom_1589187503952{background-color: #ffffff !important;}\u00bb][vc_column css=\u00bb.vc_custom_1565621136979{margin-top: 40px !important;}\u00bb][vc_column_text] Organizado por el Instituto Galego de F\u00edsica de Altas Enerx\u00edas (IGFAE) de la...\" \/>\n<meta property=\"og:url\" content=\"https:\/\/igfae.usc.es\/~igfae-old\/es\/transfronteirizas\/\" \/>\n<meta property=\"og:site_name\" content=\"IGFAE\" \/>\n<meta property=\"article:modified_time\" content=\"2022-06-21T09:30:27+00:00\" \/>\n<meta property=\"og:image\" content=\"https:\/\/igfae.usc.es\/~igfae-old\/wp-content\/uploads\/2017\/11\/Transicion-azul-Indicadores.png\" \/>\n\t<meta property=\"og:image:width\" content=\"1920\" \/>\n\t<meta property=\"og:image:height\" content=\"847\" \/>\n\t<meta property=\"og:image:type\" content=\"image\/png\" \/>\n<meta name=\"twitter:card\" content=\"summary_large_image\" \/>\n<meta name=\"twitter:site\" content=\"@igfae_hep\" \/>\n<meta name=\"twitter:label1\" content=\"Tiempo de lectura\" \/>\n\t<meta name=\"twitter:data1\" content=\"1 minuto\" \/>\n<script type=\"application\/ld+json\" class=\"yoast-schema-graph\">{\"@context\":\"https:\/\/schema.org\",\"@graph\":[{\"@type\":\"WebSite\",\"@id\":\"https:\/\/igfae.usc.es\/~igfae-old\/#website\",\"url\":\"https:\/\/igfae.usc.es\/~igfae-old\/\",\"name\":\"IGFAE\",\"description\":\"Instituto Galego de F\u00edsica de Altas Enerx\u00edas\",\"potentialAction\":[{\"@type\":\"SearchAction\",\"target\":{\"@type\":\"EntryPoint\",\"urlTemplate\":\"https:\/\/igfae.usc.es\/~igfae-old\/?s={search_term_string}\"},\"query-input\":\"required name=search_term_string\"}],\"inLanguage\":\"es\"},{\"@type\":\"ImageObject\",\"@id\":\"https:\/\/igfae.usc.es\/~igfae-old\/es\/transfronteirizas\/#primaryimage\",\"inLanguage\":\"es\",\"url\":\"https:\/\/igfae.usc.es\/~igfae-old\/wp-content\/uploads\/2017\/11\/Transicion-azul-Indicadores.png\",\"contentUrl\":\"https:\/\/igfae.usc.es\/~igfae-old\/wp-content\/uploads\/2017\/11\/Transicion-azul-Indicadores.png\",\"width\":1920,\"height\":847},{\"@type\":\"WebPage\",\"@id\":\"https:\/\/igfae.usc.es\/~igfae-old\/es\/transfronteirizas\/#webpage\",\"url\":\"https:\/\/igfae.usc.es\/~igfae-old\/es\/transfronteirizas\/\",\"name\":\"Transfronteirizas: conversas de arte e ciencia - IGFAE\",\"isPartOf\":{\"@id\":\"https:\/\/igfae.usc.es\/~igfae-old\/#website\"},\"primaryImageOfPage\":{\"@id\":\"https:\/\/igfae.usc.es\/~igfae-old\/es\/transfronteirizas\/#primaryimage\"},\"datePublished\":\"2020-06-26T10:08:53+00:00\",\"dateModified\":\"2022-06-21T09:30:27+00:00\",\"breadcrumb\":{\"@id\":\"https:\/\/igfae.usc.es\/~igfae-old\/es\/transfronteirizas\/#breadcrumb\"},\"inLanguage\":\"es\",\"potentialAction\":[{\"@type\":\"ReadAction\",\"target\":[\"https:\/\/igfae.usc.es\/~igfae-old\/es\/transfronteirizas\/\"]}]},{\"@type\":\"BreadcrumbList\",\"@id\":\"https:\/\/igfae.usc.es\/~igfae-old\/es\/transfronteirizas\/#breadcrumb\",\"itemListElement\":[{\"@type\":\"ListItem\",\"position\":1,\"name\":\"Home\",\"item\":\"https:\/\/igfae.usc.es\/~igfae-old\/es\/\"},{\"@type\":\"ListItem\",\"position\":2,\"name\":\"Transfronteirizas: conversas de arte e ciencia\"}]}]}<\/script>\n<!-- \/ Yoast SEO plugin. -->","yoast_head_json":{"title":"Transfronteirizas: conversas de arte e ciencia - IGFAE","robots":{"index":"index","follow":"follow","max-snippet":"max-snippet:-1","max-image-preview":"max-image-preview:large","max-video-preview":"max-video-preview:-1"},"canonical":"https:\/\/igfae.usc.es\/~igfae-old\/es\/transfronteirizas\/","og_locale":"es_ES","og_type":"article","og_title":"Transfronteirizas: conversas de arte e ciencia - IGFAE","og_description":"[vc_row foundry_background_style=\u00bbbg-secondary\u00bb css=\u00bb.vc_custom_1589187503952{background-color: #ffffff !important;}\u00bb][vc_column css=\u00bb.vc_custom_1565621136979{margin-top: 40px !important;}\u00bb][vc_column_text] Organizado por el Instituto Galego de F\u00edsica de Altas Enerx\u00edas (IGFAE) de la...","og_url":"https:\/\/igfae.usc.es\/~igfae-old\/es\/transfronteirizas\/","og_site_name":"IGFAE","article_modified_time":"2022-06-21T09:30:27+00:00","og_image":[{"width":1920,"height":847,"url":"https:\/\/igfae.usc.es\/~igfae-old\/wp-content\/uploads\/2017\/11\/Transicion-azul-Indicadores.png","type":"image\/png"}],"twitter_card":"summary_large_image","twitter_site":"@igfae_hep","twitter_misc":{"Tiempo de lectura":"1 minuto"},"schema":{"@context":"https:\/\/schema.org","@graph":[{"@type":"WebSite","@id":"https:\/\/igfae.usc.es\/~igfae-old\/#website","url":"https:\/\/igfae.usc.es\/~igfae-old\/","name":"IGFAE","description":"Instituto Galego de F\u00edsica de Altas Enerx\u00edas","potentialAction":[{"@type":"SearchAction","target":{"@type":"EntryPoint","urlTemplate":"https:\/\/igfae.usc.es\/~igfae-old\/?s={search_term_string}"},"query-input":"required name=search_term_string"}],"inLanguage":"es"},{"@type":"ImageObject","@id":"https:\/\/igfae.usc.es\/~igfae-old\/es\/transfronteirizas\/#primaryimage","inLanguage":"es","url":"https:\/\/igfae.usc.es\/~igfae-old\/wp-content\/uploads\/2017\/11\/Transicion-azul-Indicadores.png","contentUrl":"https:\/\/igfae.usc.es\/~igfae-old\/wp-content\/uploads\/2017\/11\/Transicion-azul-Indicadores.png","width":1920,"height":847},{"@type":"WebPage","@id":"https:\/\/igfae.usc.es\/~igfae-old\/es\/transfronteirizas\/#webpage","url":"https:\/\/igfae.usc.es\/~igfae-old\/es\/transfronteirizas\/","name":"Transfronteirizas: conversas de arte e ciencia - IGFAE","isPartOf":{"@id":"https:\/\/igfae.usc.es\/~igfae-old\/#website"},"primaryImageOfPage":{"@id":"https:\/\/igfae.usc.es\/~igfae-old\/es\/transfronteirizas\/#primaryimage"},"datePublished":"2020-06-26T10:08:53+00:00","dateModified":"2022-06-21T09:30:27+00:00","breadcrumb":{"@id":"https:\/\/igfae.usc.es\/~igfae-old\/es\/transfronteirizas\/#breadcrumb"},"inLanguage":"es","potentialAction":[{"@type":"ReadAction","target":["https:\/\/igfae.usc.es\/~igfae-old\/es\/transfronteirizas\/"]}]},{"@type":"BreadcrumbList","@id":"https:\/\/igfae.usc.es\/~igfae-old\/es\/transfronteirizas\/#breadcrumb","itemListElement":[{"@type":"ListItem","position":1,"name":"Home","item":"https:\/\/igfae.usc.es\/~igfae-old\/es\/"},{"@type":"ListItem","position":2,"name":"Transfronteirizas: conversas de arte e ciencia"}]}]}},"_links":{"self":[{"href":"https:\/\/igfae.usc.es\/~igfae-old\/es\/wp-json\/wp\/v2\/pages\/6477"}],"collection":[{"href":"https:\/\/igfae.usc.es\/~igfae-old\/es\/wp-json\/wp\/v2\/pages"}],"about":[{"href":"https:\/\/igfae.usc.es\/~igfae-old\/es\/wp-json\/wp\/v2\/types\/page"}],"author":[{"embeddable":true,"href":"https:\/\/igfae.usc.es\/~igfae-old\/es\/wp-json\/wp\/v2\/users\/8"}],"replies":[{"embeddable":true,"href":"https:\/\/igfae.usc.es\/~igfae-old\/es\/wp-json\/wp\/v2\/comments?post=6477"}],"version-history":[{"count":13,"href":"https:\/\/igfae.usc.es\/~igfae-old\/es\/wp-json\/wp\/v2\/pages\/6477\/revisions"}],"predecessor-version":[{"id":11633,"href":"https:\/\/igfae.usc.es\/~igfae-old\/es\/wp-json\/wp\/v2\/pages\/6477\/revisions\/11633"}],"wp:featuredmedia":[{"embeddable":true,"href":"https:\/\/igfae.usc.es\/~igfae-old\/es\/wp-json\/wp\/v2\/media\/1892"}],"wp:attachment":[{"href":"https:\/\/igfae.usc.es\/~igfae-old\/es\/wp-json\/wp\/v2\/media?parent=6477"}],"curies":[{"name":"wp","href":"https:\/\/api.w.org\/{rel}","templated":true}]}}