



{"id":4164,"date":"2019-09-13T09:41:13","date_gmt":"2019-09-13T07:41:13","guid":{"rendered":"https:\/\/igfae.usc.es\/centrosingular\/?page_id=4164"},"modified":"2024-12-18T19:22:38","modified_gmt":"2024-12-18T17:22:38","slug":"transparencia","status":"publish","type":"page","link":"https:\/\/igfae.usc.es\/~igfae-old\/es\/transparencia\/","title":{"rendered":"Transparencia"},"content":{"rendered":"<p>[vc_row foundry_parallax=\u00bbnot-parallax\u00bb css=\u00bb.vc_custom_1571151771808{background-color: rgba(249,249,249,0.52) !important;*background-color: rgb(249,249,249) !important;}\u00bb][vc_column][vc_tta_tour style=\u00bbflat\u00bb shape=\u00bbsquare\u00bb color=\u00bbsky\u00bb spacing=\u00bb\u00bb active_section=\u00bb1&#8243; no_fill_content_area=\u00bbtrue\u00bb][vc_tta_section i_icon_fontawesome=\u00bbfa fa-plus\u00bb add_icon=\u00bbtrue\u00bb title=\u00bbIntroducci\u00f3n\u00bb tab_id=\u00bb1571067827576-a74a7881-9d68&#8243;][vc_column_text]<\/p>\n<p class=\"lead\">El IGFAE es un centro de investigaci\u00f3n mixto de la Universidad de Santiago de Compostela y la Xunta de Galicia, creado oficialmente el 2 de julio de 1999. Desde entonces, su misi\u00f3n se basa en la coordinaci\u00f3n y la promoci\u00f3n de la investigaci\u00f3n cient\u00edfica y t\u00e9cnica en varios campos: F\u00edsica de Altas Energ\u00edas, F\u00edsica de Part\u00edculas y Nuclear y \u00e1reas relacionadas como Astrof\u00edsica, F\u00edsica M\u00e9dica e Instrumentaci\u00f3n.<\/p>\n<p class=\"lead\">Los valores del centro se explican por el desempe\u00f1o eficiente en t\u00e9rminos de producci\u00f3n cient\u00edfica, adquisici\u00f3n de talento y recaudaci\u00f3n de fondos, la puesta en marcha de un nueva organizaci\u00f3n de la investigaci\u00f3n en \u00c1reas Estrat\u00e9gicas (SA) y, finalmente, una importante actividad internacional, espec\u00edficamente dentro de grandes colaboraciones experimentales como el LHC, GSI \/ FAIR, el Observatorio Pierre Auger y LIGO.<\/p>\n<p class=\"lead\">Asimismo, la planificaci\u00f3n y difusi\u00f3n de las relaciones y la colaboraci\u00f3n con grandes instalaciones experimentales son de gran importancia para el instituto.<\/p>\n<p class=\"lead\">Los objetivos de IGFAE incluyen aumentar la eficiencia de las instalaciones de investigaci\u00f3n y las capacidades tecnol\u00f3gicas, implementar una estrategia de investigaci\u00f3n responsable y adaptar la gesti\u00f3n a las mejores pr\u00e1cticas internacionales, entre otros.<\/p>\n<p class=\"lead\">Para cumplir con la visi\u00f3n, misi\u00f3n y valores del IGFAE, el instituto ha elaborado un C\u00f3digo de Conducta para atender, en caso necesario, situaciones delicadas que cuestionen su integridad cient\u00edfica o gestionar conflictos internos.<\/p>\n<p class=\"lead\">Pues consultar aqu\u00ed el C\u00f3digo de conducta del IGFAE (<a href=\"https:\/\/igfae.usc.es\/~igfae-old\/wp-content\/uploads\/2023\/08\/1_Codigo-de-conduta-IGFAE_GAL_final.pdf\" target=\"_blank\" rel=\"noopener\">versi\u00f3n en gallego<\/a> \/ <a href=\"https:\/\/igfae.usc.es\/~igfae-old\/wp-content\/uploads\/2023\/08\/1_Code-of-conduct-IGFAE_EN.pdf\" target=\"_blank\" rel=\"noopener\">versi\u00f3n en ingl\u00e9s<\/a>).<\/p>\n<p class=\"lead\">En esta secci\u00f3n de la web, el IGFAE ofrece a la ciudadan\u00eda acceso a la informaci\u00f3n p\u00fablica de conformidad con la <a href=\"https:\/\/www.boe.es\/eli\/es-ga\/l\/2016\/01\/18\/1\/con\">Ley 1\/2016, sobre Transparencia y Buen Gobierno<\/a> y <a href=\"http:\/\/www.usc.es\/gl\/transparencia\/index.html\">Transparencia de la USC.<\/a><\/p>\n<p>[\/vc_column_text][\/vc_tta_section][vc_tta_section i_icon_fontawesome=\u00bbfa fa-sitemap\u00bb add_icon=\u00bbtrue\u00bb title=\u00bbGobernanza\u00bb tab_id=\u00bb1571067827600-7cb371c2-66ee\u00bb][vc_column_text]<\/p>\n<p class=\"lead\">De acuerdo con el <a href=\"https:\/\/igfae.usc.es\/~igfae-old\/wp-content\/uploads\/2019\/10\/IGFAE_RegulamentoInternoAprobado.pdf\">Reglamento Interno del IGFAE<\/a> aprobado en el Consello de Goberno del 20 de marzo de 2018, la gobernanza del Instituto se basa en:<\/p>\n<p class=\"lead\">&#8211; Una <strong>Junta de Gobierno<\/strong>, compuesta por representantes de la Xunta de Galicia y la Universidad de Santiago de Compostela (USC) como instituto mixto, presidido por Antonio L\u00f3pez D\u00edaz, actual Rector de la USC.<\/p>\n<p class=\"lead\">&#8211; Un <strong>Consejo Cient\u00edfico Asesor<\/strong> <strong>(SAB)<\/strong>, que asume la tarea principal de llevar a cabo evaluaciones peri\u00f3dicas del Instituto y sus miembros. Sus miembros actuales son:<\/p>\n<p class=\"lead\" style=\"padding-left: 40px;\">&#8211; Sergio Bertolucci (U. Bolonia): Director de investigaci\u00f3n del CERN 2009-2016.<br \/>\n&#8211; Paolo GIubelino: Director Cient\u00edfico de GSI, Darmstadt.<br \/>\n&#8211; Gabriela Gonz\u00e1lez (Universidad Estatal de Lousiana): portavoz de LIGO en 2011-2017.<br \/>\n&#8211; Francis Halzen (U. Wisconsin): portavoz del Observatorio de Neutrinos IceCube, Ant\u00e1rtida.<br \/>\n&#8211; Larry McLerran: Director del Instituto de Teor\u00eda Nuclear, Seattle.<br \/>\n&#8211; Giula Zanderighi: Divisi\u00f3n de Teor\u00eda del CERN y Universidad T\u00e9cnica de Munich.<\/p>\n<p class=\"lead\">&#8211; Una <strong>Direcci\u00f3n Ejecutiva<\/strong> encabezada por Carlos Alberto Salgado y una <strong>Direcci\u00f3n Asociada<\/strong>, encabezada por Abraham Antonio Gallas.<\/p>\n<p class=\"lead\">&#8211; Un <strong>Comit\u00e9 Cient\u00edfico (SC)<\/strong>, compuesto por:<\/p>\n<p class=\"lead\" style=\"padding-left: 40px;\">\u2013 Jaime \u00c1lvarez Mu\u00f1iz<br \/>\n\u2013 N\u00e9stor Armesto P\u00e9rez<br \/>\n\u2013 Xabier Cid Vidal<br \/>\n\u2013 Beatriz Fern\u00e1ndez Dom\u00ednguez<br \/>\n\u2013 Abraham Gallas Torreira<br \/>\n\u2013 Elena Gonz\u00e1lez Ferreiro<br \/>\n\u2013 Jos\u00e9 \u00c1ngel Hernando Morata<br \/>\n\u2013 Jos\u00e9 Luis Miramontes Antas<br \/>\n\u2013 Juan Jos\u00e9 Saborido Silva<br \/>\n\u2013 Carlos A. Salgado L\u00f3pez<br \/>\n\u2013 Enrique Zas Arregui<\/p>\n<p class=\"lead\">&#8211; Una <strong>Junta Ejecutiva (EB)<\/strong>, compuesta por:<\/p>\n<p class=\"lead\" style=\"padding-left: 40px;\">\u2013 Jaime \u00c1lvarez<br \/>\n\u2013 Nestor Armesto<br \/>\n\u2013 Beatriz Fern\u00e1ndez<br \/>\n\u2013 Abraham Antonio Gallas<br \/>\n\u2013 Elena Gonz\u00e1lez<br \/>\n\u2013 Carlos Alberto Salgado<\/p>\n<p class=\"lead\">&#8211; Una <strong>Unidad de Gesti\u00f3n (MU)<\/strong>, formada por:<\/p>\n<p class=\"lead\" style=\"padding-left: 40px;\">&#8211; Berta Mari\u00f1o, responsable de gesti\u00f3n de proyectos.<br \/>\n&#8211; Manuel Rey, responsable de comunicaci\u00f3n.<br \/>\n&#8211; Ricardo Julio Rodr\u00edguez, director de la Unidad de Gesti\u00f3n.<br \/>\n&#8211; Marcos Antonio Seco, responsable del sistema de informaci\u00f3n.<br \/>\n&#8211; Sonia del R\u00edo, responsable de Asuntos Econ\u00f3micos.<br \/>\n&#8211; Alba Mart\u00ednez, personal de Administraci\u00f3n y Gesti\u00f3n.<\/p>\n<p class=\"lead\">&#8211; Tres <strong>\u00e1reas estrat\u00e9gicas (SA)<\/strong> y una <strong>l\u00ednea horizontal (HL)<\/strong> que apoya la investigaci\u00f3n cient\u00edfica:<\/p>\n<p class=\"lead\" style=\"padding-left: 40px;\">1. El modelo est\u00e1ndar hasta los l\u00edmites<br \/>\n2. Part\u00edculas C\u00f3smicas y F\u00edsica Fundamental<br \/>\n3. F\u00edsica nuclear del laboratorio para mejorar la salud de las personas<br \/>\n4. Estrategias para nuevas instalaciones<\/p>\n<p class=\"lead\"><strong>Evaluaciones de calidad<\/strong><\/p>\n<p class=\"lead\">El IGFAE, como centro de investigaci\u00f3n perteneciente a la Universidad de Santiago de Compostela, forma parte de su <a href=\"http:\/\/www.usc.es\/en\/servizos\/calidade\/certificados.html\">\u00c1rea de Mejora de Calidad y Procedimientos.<\/a><\/p>\n<p>[\/vc_column_text][\/vc_tta_section][vc_tta_section i_icon_fontawesome=\u00bbfa fa-users\u00bb add_icon=\u00bbtrue\u00bb title=\u00bbPersonal\u00bb tab_id=\u00bb1571071155332-dd9f0615-d08b\u00bb][vc_column_text]<\/p>\n<p class=\"lead\">El personal del IGFAE estaba compuesto por 117 personas, organizadas de la siguiente manera:<\/p>\n<p class=\"lead\">&#8211; Por g\u00e9nero: 90 hombres y 27 mujeres.<br \/>\n&#8211; Por colectivo:<\/p>\n<p class=\"lead\" style=\"padding-left: 40px;\">&#8211; 45 estudiantes de doctorado.<br \/>\n&#8211; 33 personal cient\u00edfico.<br \/>\n&#8211; 22 investigadores postdoctorales.<br \/>\n&#8211; 18 personal t\u00e9cnico y administrativo.<br \/>\n&#8211; 1 profesor em\u00e9rito.<br \/>\n&#8211; 1 colaborador.<\/p>\n<p class=\"lead\"><a href=\"https:\/\/igfae.usc.es\/~igfae-old\/es\/el-instituto\/organizacion\/\">En este enlace puede acceder al organigrama del instituto<\/a>.<\/p>\n<p>[\/vc_column_text][\/vc_tta_section][vc_tta_section i_icon_fontawesome=\u00bbfa fa-handshake-o\u00bb add_icon=\u00bbtrue\u00bb title=\u00bbAcuerdos\u00bb tab_id=\u00bb1571071812685-d806e51e-b37c\u00bb][vc_column_text]<\/p>\n<p class=\"lead\">El IGFAE desarrolla su actividad en colaboraci\u00f3n con instituciones nacionales e internacionales en el marco de memorandos de entendimiento o acuerdos espec\u00edficos. En esta secci\u00f3n, encontrar\u00e1 la lista de acuerdos participados por el IGFAE:<\/p>\n<p class=\"lead\">&#8211; Acuerdo con el CERN: el IGFAE alberga un tier de segundo nivel (nivel 2) del sistema inform\u00e1tico global del experimento LHCb del Gran Colisionador de Hadrones, que representa el 60% de los recursos inform\u00e1ticos a nivel estatal.<\/p>\n<p class=\"lead\">&#8211; Acuerdo con el Observatorio Pierre Auger: el centro colabora en la investigaci\u00f3n de un conjunto gigante de cascadas de aire en Argentina, propuesto por el premio nobel Jim Croninel y el profesor Alan Watson.<\/p>\n<p class=\"lead\">&#8211; Acuerdo con LIGO (Observatorio de ondas gravitacionales por interferometr\u00eda l\u00e1ser): el instituto ayuda en la investigaci\u00f3n sobre la detecci\u00f3n directa de ondas gravitacionales.<\/p>\n<p class=\"lead\">&#8211; GSI<\/p>\n<p>[\/vc_column_text][\/vc_tta_section][vc_tta_section i_icon_fontawesome=\u00bbfa fa-book\u00bb add_icon=\u00bbtrue\u00bb title=\u00bbMemorias anuales\u00bb tab_id=\u00bb1571071838920-69df2dd2-e1d0&#8243;][vc_column_text]<\/p>\n<p class=\"lead\">Desde 2017, todos los miembros de IGFAE contribuyen a la redacci\u00f3n de la memoria anual, proporcionando un resumen de las actividades que desarrollaron ese a\u00f1o. Est\u00e1n disponibles en los siguientes enlaces:<\/p>\n<ul>\n<li style=\"list-style-type: none;\">\n<ul>\n<li class=\"lead\"><a href=\"https:\/\/igfae.usc.es\/~igfae-old\/wp-content\/uploads\/2019\/09\/AnnualReport2017.pdf\">Memoria anual IGFAE (2017)<\/a><\/li>\n<li class=\"lead\"><a href=\"https:\/\/igfae.usc.es\/~igfae-old\/wp-content\/uploads\/2019\/09\/AnnualReport2018.pdf\">Memoria anual IGFAE (2018)<\/a><\/li>\n<li class=\"lead\"><a href=\"https:\/\/igfae.usc.es\/~igfae-old\/wp-content\/uploads\/2021\/05\/AnnualReport2019_200705.pdf\">Memoria anual IGFAE (2019)<\/a><\/li>\n<li class=\"lead\"><a href=\"https:\/\/igfae.usc.es\/~igfae-old\/wp-content\/uploads\/2022\/01\/AnnualReport2020_approved.pdf\">Memoria anual IGFAE (2020)<\/a><\/li>\n<li class=\"lead\"><a href=\"https:\/\/igfae.usc.es\/~igfae-old\/wp-content\/uploads\/2022\/04\/AnnualReport2021_Cast_V01.pdf\">Memoria anual IGFAE (2021)<\/a><\/li>\n<li class=\"lead\"><a href=\"https:\/\/igfae.usc.es\/~igfae-old\/wp-content\/uploads\/2023\/07\/AnnualReport2022_V02.pdf\" target=\"_blank\" rel=\"noopener\">Memoria anual IGFAE (2022)<\/a><\/li>\n<\/ul>\n<\/li>\n<\/ul>\n<p>[\/vc_column_text][\/vc_tta_section][vc_tta_section i_icon_fontawesome=\u00bbfa fa-info\u00bb add_icon=\u00bbtrue\u00bb title=\u00bbSolicitud de informaci\u00f3n\u00bb tab_id=\u00bb1571073798950-fd362b06-476b\u00bb][vc_column_text]<\/p>\n<p class=\"lead\">Puede enviar solicitudes para acceder a informaci\u00f3n p\u00fablica de conformidad con la <a href=\"https:\/\/www.boe.es\/eli\/es-ga\/l\/2016\/01\/18\/1\/con\">Ley 1\/2016, sobre Transparencia y buen gobierno<\/a> y <a href=\"http:\/\/www.usc.es\/gl\/transparencia\/index.html\">transparencia de la USC<\/a>. Puede ejercer esto directamente a trav\u00e9s del correo electr\u00f3nico <a href=\"mailto:igfae@usc.es\">igfae@usc.es<\/a>.<\/p>\n<p>[\/vc_column_text][\/vc_tta_section][\/vc_tta_tour][\/vc_column][\/vc_row]<\/p>\n","protected":false},"excerpt":{"rendered":"<p>[vc_row foundry_parallax=\u00bbnot-parallax\u00bb css=\u00bb.vc_custom_1571151771808{background-color: rgba(249,249,249,0.52) !important;*background-color: rgb(249,249,249) !important;}\u00bb][vc_column][vc_tta_tour style=\u00bbflat\u00bb shape=\u00bbsquare\u00bb color=\u00bbsky\u00bb spacing=\u00bb\u00bb active_section=\u00bb1&#8243; no_fill_content_area=\u00bbtrue\u00bb][vc_tta_section i_icon_fontawesome=\u00bbfa fa-plus\u00bb add_icon=\u00bbtrue\u00bb title=\u00bbIntroducci\u00f3n\u00bb tab_id=\u00bb1571067827576-a74a7881-9d68&#8243;][vc_column_text] El IGFAE es&#8230;<\/p>\n","protected":false},"author":23,"featured_media":1892,"parent":0,"menu_order":0,"comment_status":"closed","ping_status":"closed","template":"","meta":{"om_disable_all_campaigns":false,"_monsterinsights_skip_tracking":false,"_monsterinsights_sitenote_active":false,"_monsterinsights_sitenote_note":"","_monsterinsights_sitenote_category":0},"aioseo_notices":[],"yoast_head":"<!-- This site is optimized with the Yoast SEO plugin v18.4.1 - https:\/\/yoast.com\/wordpress\/plugins\/seo\/ -->\n<title>Transparencia - IGFAE<\/title>\n<meta name=\"robots\" content=\"index, follow, max-snippet:-1, max-image-preview:large, max-video-preview:-1\" \/>\n<link rel=\"canonical\" href=\"https:\/\/igfae.usc.es\/~igfae-old\/es\/transparencia\/\" \/>\n<meta property=\"og:locale\" content=\"es_ES\" \/>\n<meta property=\"og:type\" content=\"article\" \/>\n<meta property=\"og:title\" content=\"Transparencia - IGFAE\" \/>\n<meta property=\"og:description\" content=\"[vc_row foundry_parallax=\u00bbnot-parallax\u00bb css=\u00bb.vc_custom_1571151771808{background-color: rgba(249,249,249,0.52) !important;*background-color: rgb(249,249,249) !important;}\u00bb][vc_column][vc_tta_tour style=\u00bbflat\u00bb shape=\u00bbsquare\u00bb color=\u00bbsky\u00bb spacing=\u00bb\u00bb active_section=\u00bb1&#8243; no_fill_content_area=\u00bbtrue\u00bb][vc_tta_section i_icon_fontawesome=\u00bbfa fa-plus\u00bb add_icon=\u00bbtrue\u00bb title=\u00bbIntroducci\u00f3n\u00bb tab_id=\u00bb1571067827576-a74a7881-9d68&#8243;][vc_column_text] El IGFAE es...\" \/>\n<meta property=\"og:url\" content=\"https:\/\/igfae.usc.es\/~igfae-old\/es\/transparencia\/\" \/>\n<meta property=\"og:site_name\" content=\"IGFAE\" \/>\n<meta property=\"article:modified_time\" content=\"2024-12-18T17:22:38+00:00\" \/>\n<meta property=\"og:image\" content=\"https:\/\/igfae.usc.es\/~igfae-old\/wp-content\/uploads\/2017\/11\/Transicion-azul-Indicadores.png\" \/>\n\t<meta property=\"og:image:width\" content=\"1920\" \/>\n\t<meta property=\"og:image:height\" content=\"847\" \/>\n\t<meta property=\"og:image:type\" content=\"image\/png\" \/>\n<meta name=\"twitter:card\" content=\"summary_large_image\" \/>\n<meta name=\"twitter:site\" content=\"@igfae_hep\" \/>\n<meta name=\"twitter:label1\" content=\"Tiempo de lectura\" \/>\n\t<meta name=\"twitter:data1\" content=\"5 minutos\" \/>\n<script type=\"application\/ld+json\" class=\"yoast-schema-graph\">{\"@context\":\"https:\/\/schema.org\",\"@graph\":[{\"@type\":\"WebSite\",\"@id\":\"https:\/\/igfae.usc.es\/~igfae-old\/#website\",\"url\":\"https:\/\/igfae.usc.es\/~igfae-old\/\",\"name\":\"IGFAE\",\"description\":\"Instituto Galego de F\u00edsica de Altas Enerx\u00edas\",\"potentialAction\":[{\"@type\":\"SearchAction\",\"target\":{\"@type\":\"EntryPoint\",\"urlTemplate\":\"https:\/\/igfae.usc.es\/~igfae-old\/?s={search_term_string}\"},\"query-input\":\"required name=search_term_string\"}],\"inLanguage\":\"es\"},{\"@type\":\"ImageObject\",\"@id\":\"https:\/\/igfae.usc.es\/~igfae-old\/es\/transparencia\/#primaryimage\",\"inLanguage\":\"es\",\"url\":\"https:\/\/igfae.usc.es\/~igfae-old\/wp-content\/uploads\/2017\/11\/Transicion-azul-Indicadores.png\",\"contentUrl\":\"https:\/\/igfae.usc.es\/~igfae-old\/wp-content\/uploads\/2017\/11\/Transicion-azul-Indicadores.png\",\"width\":1920,\"height\":847},{\"@type\":\"WebPage\",\"@id\":\"https:\/\/igfae.usc.es\/~igfae-old\/es\/transparencia\/#webpage\",\"url\":\"https:\/\/igfae.usc.es\/~igfae-old\/es\/transparencia\/\",\"name\":\"Transparencia - IGFAE\",\"isPartOf\":{\"@id\":\"https:\/\/igfae.usc.es\/~igfae-old\/#website\"},\"primaryImageOfPage\":{\"@id\":\"https:\/\/igfae.usc.es\/~igfae-old\/es\/transparencia\/#primaryimage\"},\"datePublished\":\"2019-09-13T07:41:13+00:00\",\"dateModified\":\"2024-12-18T17:22:38+00:00\",\"breadcrumb\":{\"@id\":\"https:\/\/igfae.usc.es\/~igfae-old\/es\/transparencia\/#breadcrumb\"},\"inLanguage\":\"es\",\"potentialAction\":[{\"@type\":\"ReadAction\",\"target\":[\"https:\/\/igfae.usc.es\/~igfae-old\/es\/transparencia\/\"]}]},{\"@type\":\"BreadcrumbList\",\"@id\":\"https:\/\/igfae.usc.es\/~igfae-old\/es\/transparencia\/#breadcrumb\",\"itemListElement\":[{\"@type\":\"ListItem\",\"position\":1,\"name\":\"Home\",\"item\":\"https:\/\/igfae.usc.es\/~igfae-old\/es\/\"},{\"@type\":\"ListItem\",\"position\":2,\"name\":\"Transparencia\"}]}]}<\/script>\n<!-- \/ Yoast SEO plugin. -->","yoast_head_json":{"title":"Transparencia - IGFAE","robots":{"index":"index","follow":"follow","max-snippet":"max-snippet:-1","max-image-preview":"max-image-preview:large","max-video-preview":"max-video-preview:-1"},"canonical":"https:\/\/igfae.usc.es\/~igfae-old\/es\/transparencia\/","og_locale":"es_ES","og_type":"article","og_title":"Transparencia - IGFAE","og_description":"[vc_row foundry_parallax=\u00bbnot-parallax\u00bb css=\u00bb.vc_custom_1571151771808{background-color: rgba(249,249,249,0.52) !important;*background-color: rgb(249,249,249) !important;}\u00bb][vc_column][vc_tta_tour style=\u00bbflat\u00bb shape=\u00bbsquare\u00bb color=\u00bbsky\u00bb spacing=\u00bb\u00bb active_section=\u00bb1&#8243; no_fill_content_area=\u00bbtrue\u00bb][vc_tta_section i_icon_fontawesome=\u00bbfa fa-plus\u00bb add_icon=\u00bbtrue\u00bb title=\u00bbIntroducci\u00f3n\u00bb tab_id=\u00bb1571067827576-a74a7881-9d68&#8243;][vc_column_text] El IGFAE es...","og_url":"https:\/\/igfae.usc.es\/~igfae-old\/es\/transparencia\/","og_site_name":"IGFAE","article_modified_time":"2024-12-18T17:22:38+00:00","og_image":[{"width":1920,"height":847,"url":"https:\/\/igfae.usc.es\/~igfae-old\/wp-content\/uploads\/2017\/11\/Transicion-azul-Indicadores.png","type":"image\/png"}],"twitter_card":"summary_large_image","twitter_site":"@igfae_hep","twitter_misc":{"Tiempo de lectura":"5 minutos"},"schema":{"@context":"https:\/\/schema.org","@graph":[{"@type":"WebSite","@id":"https:\/\/igfae.usc.es\/~igfae-old\/#website","url":"https:\/\/igfae.usc.es\/~igfae-old\/","name":"IGFAE","description":"Instituto Galego de F\u00edsica de Altas Enerx\u00edas","potentialAction":[{"@type":"SearchAction","target":{"@type":"EntryPoint","urlTemplate":"https:\/\/igfae.usc.es\/~igfae-old\/?s={search_term_string}"},"query-input":"required name=search_term_string"}],"inLanguage":"es"},{"@type":"ImageObject","@id":"https:\/\/igfae.usc.es\/~igfae-old\/es\/transparencia\/#primaryimage","inLanguage":"es","url":"https:\/\/igfae.usc.es\/~igfae-old\/wp-content\/uploads\/2017\/11\/Transicion-azul-Indicadores.png","contentUrl":"https:\/\/igfae.usc.es\/~igfae-old\/wp-content\/uploads\/2017\/11\/Transicion-azul-Indicadores.png","width":1920,"height":847},{"@type":"WebPage","@id":"https:\/\/igfae.usc.es\/~igfae-old\/es\/transparencia\/#webpage","url":"https:\/\/igfae.usc.es\/~igfae-old\/es\/transparencia\/","name":"Transparencia - IGFAE","isPartOf":{"@id":"https:\/\/igfae.usc.es\/~igfae-old\/#website"},"primaryImageOfPage":{"@id":"https:\/\/igfae.usc.es\/~igfae-old\/es\/transparencia\/#primaryimage"},"datePublished":"2019-09-13T07:41:13+00:00","dateModified":"2024-12-18T17:22:38+00:00","breadcrumb":{"@id":"https:\/\/igfae.usc.es\/~igfae-old\/es\/transparencia\/#breadcrumb"},"inLanguage":"es","potentialAction":[{"@type":"ReadAction","target":["https:\/\/igfae.usc.es\/~igfae-old\/es\/transparencia\/"]}]},{"@type":"BreadcrumbList","@id":"https:\/\/igfae.usc.es\/~igfae-old\/es\/transparencia\/#breadcrumb","itemListElement":[{"@type":"ListItem","position":1,"name":"Home","item":"https:\/\/igfae.usc.es\/~igfae-old\/es\/"},{"@type":"ListItem","position":2,"name":"Transparencia"}]}]}},"_links":{"self":[{"href":"https:\/\/igfae.usc.es\/~igfae-old\/es\/wp-json\/wp\/v2\/pages\/4164"}],"collection":[{"href":"https:\/\/igfae.usc.es\/~igfae-old\/es\/wp-json\/wp\/v2\/pages"}],"about":[{"href":"https:\/\/igfae.usc.es\/~igfae-old\/es\/wp-json\/wp\/v2\/types\/page"}],"author":[{"embeddable":true,"href":"https:\/\/igfae.usc.es\/~igfae-old\/es\/wp-json\/wp\/v2\/users\/23"}],"replies":[{"embeddable":true,"href":"https:\/\/igfae.usc.es\/~igfae-old\/es\/wp-json\/wp\/v2\/comments?post=4164"}],"version-history":[{"count":25,"href":"https:\/\/igfae.usc.es\/~igfae-old\/es\/wp-json\/wp\/v2\/pages\/4164\/revisions"}],"predecessor-version":[{"id":17194,"href":"https:\/\/igfae.usc.es\/~igfae-old\/es\/wp-json\/wp\/v2\/pages\/4164\/revisions\/17194"}],"wp:featuredmedia":[{"embeddable":true,"href":"https:\/\/igfae.usc.es\/~igfae-old\/es\/wp-json\/wp\/v2\/media\/1892"}],"wp:attachment":[{"href":"https:\/\/igfae.usc.es\/~igfae-old\/es\/wp-json\/wp\/v2\/media?parent=4164"}],"curies":[{"name":"wp","href":"https:\/\/api.w.org\/{rel}","templated":true}]}}