



{"id":3842,"date":"2019-10-23T00:51:53","date_gmt":"2019-10-22T22:51:53","guid":{"rendered":"https:\/\/igfae.usc.es\/centrosingular\/?page_id=3842"},"modified":"2020-01-22T17:48:17","modified_gmt":"2020-01-22T15:48:17","slug":"eventos","status":"publish","type":"page","link":"https:\/\/igfae.usc.es\/~igfae-old\/es\/eventos\/","title":{"rendered":"Eventos"},"content":{"rendered":"<p>[vc_row foundry_background_style=\u00bbbg-secondary\u00bb][vc_column css=\u00bb.vc_custom_1565621136979{margin-top: 40px !important;}\u00bb][vc_column_text css=\u00bb.vc_custom_1565616296727{border-left-width: 25px !important;padding-left: 10px !important;border-left-color: #055dbe !important;border-left-style: solid !important;}\u00bb]<\/p>\n<h4><span style=\"color: #055dbe;\"><strong>Eventos<\/strong><\/span><\/h4>\n<p>[\/vc_column_text][vc_column_text]<\/p>\n<p class=\"lead\"><span style=\"color: #333333;\">Desde eventos de divulgaci\u00f3n hasta las conferencias m\u00e1s importantes en su campo, el IGFAE frecuentemente acoge y organiza varias reuniones internacionales, conferencias o seminarios durante el a\u00f1o.<\/span><\/p>\n<p>[\/vc_column_text][vc_row_inner][vc_column_inner width=\u00bb2\/3&#8243; css=\u00bb.vc_custom_1530097449062{padding-right: 10px !important;padding-left: 10px !important;}\u00bb][vc_masonry_media_grid style=\u00bblazy\u00bb items_per_page=\u00bb4&#8243; grid_id=\u00bbvc_gid:1579708088868-837f9559-2324-6&#8243; include=\u00bb3847,3868,3862,3859,3865,3856,3853,3601,3850,3106&#8243;][\/vc_column_inner][vc_column_inner width=\u00bb1\/3&#8243;][vc_column_text css=\u00bb.vc_custom_1565617799882{border-left-width: 25px !important;padding-left: 10px !important;border-left-color: #154074 !important;border-left-style: solid !important;}\u00bb]<\/p>\n<h4><a href=\"https:\/\/igfae.usc.es\/~igfae-old\/es\/calendario-de-eventos\/\"><span style=\"color: #154074;\"><strong>Calendar<\/strong><\/span><\/a><\/h4>\n<p>[\/vc_column_text][vc_column_text]<\/p>\n<p class=\"lead\">Calendario de actividades del IGFAE, organizadas por fecha.<\/p>\n<p>[\/vc_column_text][vc_column_text css=\u00bb.vc_custom_1565617672527{border-left-width: 25px !important;padding-left: 10px !important;border-left-color: #154074 !important;border-left-style: solid !important;}\u00bb]<\/p>\n<h4><a href=\"https:\/\/indico.cern.ch\/category\/10863\/\"><span style=\"color: #154074;\"><strong>IGFAE en INDICO<\/strong><\/span><\/a><\/h4>\n<p>[\/vc_column_text][vc_column_text]<\/p>\n<p class=\"lead\"><a href=\"http:\/\/indico.cern.ch\">Indico<\/a>\u00a0(Integrated Digital Conference) es un sistema de gesti\u00f3n de congresos multiplataforma desarrollado por el CERN en el que las instituciones cient\u00edficas como IGFAE pueden crear y gestionar sus eventos f\u00e1cilmente.<\/p>\n<p>[\/vc_column_text][vc_column_text css=\u00bb.vc_custom_1565616702512{border-left-width: 25px !important;padding-left: 10px !important;border-left-color: #154074 !important;border-left-style: solid !important;}\u00bb]<\/p>\n<h4><a href=\"https:\/\/igfae.usc.es\/~igfae-old\/events__trashed\/events-list\/\"><span style=\"color: #154074;\"><strong>Search<\/strong><\/span><\/a><\/h4>\n<p>[\/vc_column_text][vc_column_text]<\/p>\n<p class=\"lead\">\u00bfBuscas un congreso, curso, tema o ponente espec\u00edfico? Usa nuestro buscador.<\/p>\n<p>[\/vc_column_text][\/vc_column_inner][\/vc_row_inner][\/vc_column][vc_column][\/vc_column][\/vc_row][vc_row foundry_background_style=\u00bbbg-secondary\u00bb][vc_column][vc_row_inner][vc_column_inner width=\u00bb1\/4&#8243; css=\u00bb.vc_custom_1530097449062{padding-right: 10px !important;padding-left: 10px !important;}\u00bb][\/vc_column_inner][vc_column_inner width=\u00bb1\/4&#8243;][\/vc_column_inner][vc_column_inner width=\u00bb1\/4&#8243;][\/vc_column_inner][vc_column_inner width=\u00bb1\/4&#8243;][\/vc_column_inner][\/vc_row_inner][\/vc_column][\/vc_row]<\/p>\n","protected":false},"excerpt":{"rendered":"<p>[vc_row foundry_background_style=\u00bbbg-secondary\u00bb][vc_column css=\u00bb.vc_custom_1565621136979{margin-top: 40px !important;}\u00bb][vc_column_text css=\u00bb.vc_custom_1565616296727{border-left-width: 25px !important;padding-left: 10px !important;border-left-color: #055dbe !important;border-left-style: solid !important;}\u00bb] Eventos [\/vc_column_text][vc_column_text] Desde eventos de divulgaci\u00f3n hasta&#8230;<\/p>\n","protected":false},"author":21,"featured_media":1892,"parent":0,"menu_order":0,"comment_status":"closed","ping_status":"closed","template":"","meta":{"om_disable_all_campaigns":false,"_monsterinsights_skip_tracking":false,"_monsterinsights_sitenote_active":false,"_monsterinsights_sitenote_note":"","_monsterinsights_sitenote_category":0},"aioseo_notices":[],"yoast_head":"<!-- This site is optimized with the Yoast SEO plugin v18.4.1 - https:\/\/yoast.com\/wordpress\/plugins\/seo\/ -->\n<title>Eventos - IGFAE<\/title>\n<meta name=\"robots\" content=\"index, follow, max-snippet:-1, max-image-preview:large, max-video-preview:-1\" \/>\n<link rel=\"canonical\" href=\"https:\/\/igfae.usc.es\/~igfae-old\/es\/eventos\/\" \/>\n<meta property=\"og:locale\" content=\"es_ES\" \/>\n<meta property=\"og:type\" content=\"article\" \/>\n<meta property=\"og:title\" content=\"Eventos - IGFAE\" \/>\n<meta property=\"og:description\" content=\"[vc_row foundry_background_style=\u00bbbg-secondary\u00bb][vc_column css=\u00bb.vc_custom_1565621136979{margin-top: 40px !important;}\u00bb][vc_column_text css=\u00bb.vc_custom_1565616296727{border-left-width: 25px !important;padding-left: 10px !important;border-left-color: #055dbe !important;border-left-style: solid !important;}\u00bb] Eventos [\/vc_column_text][vc_column_text] Desde eventos de divulgaci\u00f3n hasta...\" \/>\n<meta property=\"og:url\" content=\"https:\/\/igfae.usc.es\/~igfae-old\/es\/eventos\/\" \/>\n<meta property=\"og:site_name\" content=\"IGFAE\" \/>\n<meta property=\"article:modified_time\" content=\"2020-01-22T15:48:17+00:00\" \/>\n<meta property=\"og:image\" content=\"https:\/\/igfae.usc.es\/~igfae-old\/wp-content\/uploads\/2017\/11\/Transicion-azul-Indicadores.png\" \/>\n\t<meta property=\"og:image:width\" content=\"1920\" \/>\n\t<meta property=\"og:image:height\" content=\"847\" \/>\n\t<meta property=\"og:image:type\" content=\"image\/png\" \/>\n<meta name=\"twitter:card\" content=\"summary_large_image\" \/>\n<meta name=\"twitter:site\" content=\"@igfae_hep\" \/>\n<meta name=\"twitter:label1\" content=\"Tiempo de lectura\" \/>\n\t<meta name=\"twitter:data1\" content=\"2 minutos\" \/>\n<script type=\"application\/ld+json\" class=\"yoast-schema-graph\">{\"@context\":\"https:\/\/schema.org\",\"@graph\":[{\"@type\":\"WebSite\",\"@id\":\"https:\/\/igfae.usc.es\/~igfae-old\/#website\",\"url\":\"https:\/\/igfae.usc.es\/~igfae-old\/\",\"name\":\"IGFAE\",\"description\":\"Instituto Galego de F\u00edsica de Altas Enerx\u00edas\",\"potentialAction\":[{\"@type\":\"SearchAction\",\"target\":{\"@type\":\"EntryPoint\",\"urlTemplate\":\"https:\/\/igfae.usc.es\/~igfae-old\/?s={search_term_string}\"},\"query-input\":\"required name=search_term_string\"}],\"inLanguage\":\"es\"},{\"@type\":\"ImageObject\",\"@id\":\"https:\/\/igfae.usc.es\/~igfae-old\/es\/eventos\/#primaryimage\",\"inLanguage\":\"es\",\"url\":\"https:\/\/igfae.usc.es\/~igfae-old\/wp-content\/uploads\/2017\/11\/Transicion-azul-Indicadores.png\",\"contentUrl\":\"https:\/\/igfae.usc.es\/~igfae-old\/wp-content\/uploads\/2017\/11\/Transicion-azul-Indicadores.png\",\"width\":1920,\"height\":847},{\"@type\":\"WebPage\",\"@id\":\"https:\/\/igfae.usc.es\/~igfae-old\/es\/eventos\/#webpage\",\"url\":\"https:\/\/igfae.usc.es\/~igfae-old\/es\/eventos\/\",\"name\":\"Eventos - IGFAE\",\"isPartOf\":{\"@id\":\"https:\/\/igfae.usc.es\/~igfae-old\/#website\"},\"primaryImageOfPage\":{\"@id\":\"https:\/\/igfae.usc.es\/~igfae-old\/es\/eventos\/#primaryimage\"},\"datePublished\":\"2019-10-22T22:51:53+00:00\",\"dateModified\":\"2020-01-22T15:48:17+00:00\",\"breadcrumb\":{\"@id\":\"https:\/\/igfae.usc.es\/~igfae-old\/es\/eventos\/#breadcrumb\"},\"inLanguage\":\"es\",\"potentialAction\":[{\"@type\":\"ReadAction\",\"target\":[\"https:\/\/igfae.usc.es\/~igfae-old\/es\/eventos\/\"]}]},{\"@type\":\"BreadcrumbList\",\"@id\":\"https:\/\/igfae.usc.es\/~igfae-old\/es\/eventos\/#breadcrumb\",\"itemListElement\":[{\"@type\":\"ListItem\",\"position\":1,\"name\":\"Home\",\"item\":\"https:\/\/igfae.usc.es\/~igfae-old\/es\/\"},{\"@type\":\"ListItem\",\"position\":2,\"name\":\"Eventos\"}]}]}<\/script>\n<!-- \/ Yoast SEO plugin. -->","yoast_head_json":{"title":"Eventos - IGFAE","robots":{"index":"index","follow":"follow","max-snippet":"max-snippet:-1","max-image-preview":"max-image-preview:large","max-video-preview":"max-video-preview:-1"},"canonical":"https:\/\/igfae.usc.es\/~igfae-old\/es\/eventos\/","og_locale":"es_ES","og_type":"article","og_title":"Eventos - IGFAE","og_description":"[vc_row foundry_background_style=\u00bbbg-secondary\u00bb][vc_column css=\u00bb.vc_custom_1565621136979{margin-top: 40px !important;}\u00bb][vc_column_text css=\u00bb.vc_custom_1565616296727{border-left-width: 25px !important;padding-left: 10px !important;border-left-color: #055dbe !important;border-left-style: solid !important;}\u00bb] Eventos [\/vc_column_text][vc_column_text] Desde eventos de divulgaci\u00f3n hasta...","og_url":"https:\/\/igfae.usc.es\/~igfae-old\/es\/eventos\/","og_site_name":"IGFAE","article_modified_time":"2020-01-22T15:48:17+00:00","og_image":[{"width":1920,"height":847,"url":"https:\/\/igfae.usc.es\/~igfae-old\/wp-content\/uploads\/2017\/11\/Transicion-azul-Indicadores.png","type":"image\/png"}],"twitter_card":"summary_large_image","twitter_site":"@igfae_hep","twitter_misc":{"Tiempo de lectura":"2 minutos"},"schema":{"@context":"https:\/\/schema.org","@graph":[{"@type":"WebSite","@id":"https:\/\/igfae.usc.es\/~igfae-old\/#website","url":"https:\/\/igfae.usc.es\/~igfae-old\/","name":"IGFAE","description":"Instituto Galego de F\u00edsica de Altas Enerx\u00edas","potentialAction":[{"@type":"SearchAction","target":{"@type":"EntryPoint","urlTemplate":"https:\/\/igfae.usc.es\/~igfae-old\/?s={search_term_string}"},"query-input":"required name=search_term_string"}],"inLanguage":"es"},{"@type":"ImageObject","@id":"https:\/\/igfae.usc.es\/~igfae-old\/es\/eventos\/#primaryimage","inLanguage":"es","url":"https:\/\/igfae.usc.es\/~igfae-old\/wp-content\/uploads\/2017\/11\/Transicion-azul-Indicadores.png","contentUrl":"https:\/\/igfae.usc.es\/~igfae-old\/wp-content\/uploads\/2017\/11\/Transicion-azul-Indicadores.png","width":1920,"height":847},{"@type":"WebPage","@id":"https:\/\/igfae.usc.es\/~igfae-old\/es\/eventos\/#webpage","url":"https:\/\/igfae.usc.es\/~igfae-old\/es\/eventos\/","name":"Eventos - IGFAE","isPartOf":{"@id":"https:\/\/igfae.usc.es\/~igfae-old\/#website"},"primaryImageOfPage":{"@id":"https:\/\/igfae.usc.es\/~igfae-old\/es\/eventos\/#primaryimage"},"datePublished":"2019-10-22T22:51:53+00:00","dateModified":"2020-01-22T15:48:17+00:00","breadcrumb":{"@id":"https:\/\/igfae.usc.es\/~igfae-old\/es\/eventos\/#breadcrumb"},"inLanguage":"es","potentialAction":[{"@type":"ReadAction","target":["https:\/\/igfae.usc.es\/~igfae-old\/es\/eventos\/"]}]},{"@type":"BreadcrumbList","@id":"https:\/\/igfae.usc.es\/~igfae-old\/es\/eventos\/#breadcrumb","itemListElement":[{"@type":"ListItem","position":1,"name":"Home","item":"https:\/\/igfae.usc.es\/~igfae-old\/es\/"},{"@type":"ListItem","position":2,"name":"Eventos"}]}]}},"_links":{"self":[{"href":"https:\/\/igfae.usc.es\/~igfae-old\/es\/wp-json\/wp\/v2\/pages\/3842"}],"collection":[{"href":"https:\/\/igfae.usc.es\/~igfae-old\/es\/wp-json\/wp\/v2\/pages"}],"about":[{"href":"https:\/\/igfae.usc.es\/~igfae-old\/es\/wp-json\/wp\/v2\/types\/page"}],"author":[{"embeddable":true,"href":"https:\/\/igfae.usc.es\/~igfae-old\/es\/wp-json\/wp\/v2\/users\/21"}],"replies":[{"embeddable":true,"href":"https:\/\/igfae.usc.es\/~igfae-old\/es\/wp-json\/wp\/v2\/comments?post=3842"}],"version-history":[{"count":4,"href":"https:\/\/igfae.usc.es\/~igfae-old\/es\/wp-json\/wp\/v2\/pages\/3842\/revisions"}],"predecessor-version":[{"id":5238,"href":"https:\/\/igfae.usc.es\/~igfae-old\/es\/wp-json\/wp\/v2\/pages\/3842\/revisions\/5238"}],"wp:featuredmedia":[{"embeddable":true,"href":"https:\/\/igfae.usc.es\/~igfae-old\/es\/wp-json\/wp\/v2\/media\/1892"}],"wp:attachment":[{"href":"https:\/\/igfae.usc.es\/~igfae-old\/es\/wp-json\/wp\/v2\/media?parent=3842"}],"curies":[{"name":"wp","href":"https:\/\/api.w.org\/{rel}","templated":true}]}}