



{"id":3802,"date":"2019-10-15T16:24:31","date_gmt":"2019-10-15T14:24:31","guid":{"rendered":"https:\/\/igfae.usc.es\/centrosingular\/?page_id=3802"},"modified":"2021-07-30T13:36:54","modified_gmt":"2021-07-30T11:36:54","slug":"programa-doctorado-internacional","status":"publish","type":"page","link":"https:\/\/igfae.usc.es\/~igfae-old\/es\/programa-doctorado-internacional\/","title":{"rendered":"Programa de doctorado internacional"},"content":{"rendered":"<p>[vc_row full_width=\u00bbstretch_row\u00bb foundry_padding=\u00bbpt0 pb0&#8243; foundry_parallax=\u00bbnot-parallax\u00bb css=\u00bb.vc_custom_1529688996618{background-image: url(https:\/\/igfae.usc.es\/~igfae-old\/wp-content\/uploads\/2017\/11\/fondo.jpg?id=122) !important;}\u00bb][vc_column][vc_row_inner][vc_column_inner width=\u00bb5\/12&#8243; css=\u00bb.vc_custom_1511969894880{margin-bottom: 0px !important;padding-bottom: 0px !important;}\u00bb][vc_single_image image=\u00bb5913&#8243; img_size=\u00bbfull\u00bb][\/vc_column_inner][vc_column_inner width=\u00bb5\/12&#8243; offset=\u00bbvc_col-lg-offset-1&#8243; css=\u00bb.vc_custom_1536316171685{margin-bottom: 0px !important;padding-top: 60px !important;padding-bottom: 0px !important;}\u00bb][vc_column_text css=\u00bb.vc_custom_1627642456587{margin-top: 0px !important;padding-top: 0px !important;}\u00bb]La formaci\u00f3n en F\u00edsica de Altas Energ\u00edas, F\u00edsica de Astropart\u00edculas y Cosmolog\u00eda o F\u00edsica Nuclear, con un fuerte \u00e9nfasis en la dimensi\u00f3n internacional, ha sido siempre una actividad clave en el Instituto. Nuestro programa de doctorado en F\u00edsica de Part\u00edculas y Nuclear ofrece una formaci\u00f3n de primer nivel a j\u00f3venes licenciados en F\u00edsica y \u00e1reas afines interesados en iniciar una carrera cient\u00edfica en alguno de los temas incluidos en nuestros Programas de Investigaci\u00f3n.<\/p>\n<p>El acceso al programa de doctorado sigue las normas de la Universidad de Santiago de Compostela (<a href=\"https:\/\/www.usc.gal\/es\/estudios\/doctorados\">https:\/\/www.usc.gal\/es\/estudios\/doctorados<\/a>). Invitamos a todos los candidatos interesados a que se pongan en contacto con nosotros para informarse en <a href=\"mailto:phd_program@igfae.usc.es\">phd_program@igfae.usc.es<\/a>. Algunos temas espec\u00edficos para las tesis son:[\/vc_column_text][\/vc_column_inner][\/vc_row_inner][\/vc_column][\/vc_row][vc_row foundry_background_style=\u00bbbg-secondary\u00bb foundry_padding=\u00bbpt64 pb64&#8243; css=\u00bb.vc_custom_1529946170895{background-image: url(https:\/\/igfae.usc.es\/~igfae-old\/wp-content\/uploads\/2017\/11\/Transicion-azul-Indicadores.png?id=120) !important;background-position: center !important;background-repeat: no-repeat !important;background-size: cover !important;}\u00bb][vc_column][vc_row_inner css=\u00bb.vc_custom_1585916755393{margin-top: 10px !important;}\u00bb][vc_column_inner width=\u00bb1\/2&#8243;][vc_column_text]<\/p>\n<h4><strong>F\u00edsica de altas energ\u00edas<\/strong><\/h4>\n<h5><strong><a href=\"https:\/\/igfae.usc.es\/~igfae-old\/es\/investigacion\/el-modelo-estandar-hasta-sus-ultimas-consecuencias\/\">SA1: El Modelo Est\u00e1ndar hasta los l\u00edmites<\/a><\/strong><\/h5>\n<ul>\n<li style=\"list-style-type: none;\">\n<ul>\n<li>Detectores de p\u00edxeles de silicio resistentes a la radiaci\u00f3n con capacidad de temporizaci\u00f3n<\/li>\n<li>Desarrollo de sistemas de lectura para detectores de p\u00edxeles de silicio<\/li>\n<li>Mediciones de observables que violan el CP en el LHCb<\/li>\n<li>Exploraci\u00f3n de los sectores oscuros con el experimento LHCb en el CERN<\/li>\n<li>Pruebas de universalidad del sabor del lept\u00f3n en el experimento LHCb<\/li>\n<li>B\u00fasqueda de nueva f\u00edsica en el LHCb<\/li>\n<li>Estudio de las colisiones de iones pesados en el LHCb<\/li>\n<\/ul>\n<\/li>\n<\/ul>\n<p>[\/vc_column_text][\/vc_column_inner][vc_column_inner width=\u00bb1\/2&#8243;][vc_column_text]<\/p>\n<h4><strong>F\u00edsica te\u00f3rica<\/strong><\/h4>\n<h5><strong><a href=\"https:\/\/igfae.usc.es\/~igfae-old\/es\/investigacion\/el-modelo-estandar-hasta-sus-ultimas-consecuencias\/\">SA1: El Modelo Est\u00e1ndar hasta los l\u00edmites<\/a><\/strong><\/h5>\n<ul>\n<li>Establecimiento del r\u00e9gimen no lineal de la QCD en el LHC y en futuros colisionadores<\/li>\n<li>Im\u00e1genes en yoctosegundos de la colectividad QCD<\/li>\n<li>La estructura de las estrellas de neutrones en las teor\u00edas de campo efectivo y los observables de ondas gravitacionales<\/li>\n<li>Estudios en la dualidad gauge\/gravedad, integrabilidad y Teor\u00eda de Cuerdas<\/li>\n<li>Informaci\u00f3n cu\u00e1ntica<\/li>\n<li>Fenomenolog\u00eda de la f\u00edsica del modelo est\u00e1ndar y m\u00e1s all\u00e1 del modelo est\u00e1ndar<\/li>\n<\/ul>\n<p>[\/vc_column_text][\/vc_column_inner][\/vc_row_inner][vc_row_inner css=\u00bb.vc_custom_1529945870708{padding-top: 25px !important;}\u00bb][vc_column_inner width=\u00bb1\/2&#8243;][vc_column_text]<\/p>\n<h4><strong>Part\u00edculas C\u00f3smicas y F\u00edsica Fundamental<\/strong><\/h4>\n<h5><a href=\"https:\/\/igfae.usc.es\/~igfae-old\/es\/investigacion\/particulas-cosmicas-y-fisica-fundamental\/\"><strong>SA2: Part\u00edculas c\u00f3smicas y f\u00edsica fundamental<\/strong><\/a><\/h5>\n<ul>\n<li>Detecci\u00f3n de rayos c\u00f3smicos de ultra alta energ\u00eda y de neutrinos en la f\u00edsica de las astropart\u00edculas<\/li>\n<li>B\u00fasqueda de la naturaleza de los neutrinos con el detector NEXT-100 en el Laboratorio Subterr\u00e1neo de Canfranc<\/li>\n<li>Ondas gravitacionales y astronom\u00eda multimensajero<\/li>\n<li>I+D en TPC \u00f3pticos para experimentos con neutrinos y materia oscura<\/li>\n<\/ul>\n<p>[\/vc_column_text][\/vc_column_inner][vc_column_inner width=\u00bb1\/2&#8243;][vc_column_text]<\/p>\n<h4><strong>F\u00edsica nuclear y aplicaciones<\/strong><\/h4>\n<h5><strong><a href=\"https:\/\/igfae.usc.es\/~igfae-old\/es\/investigacion\/fisica-nuclear-desde-el-laboratorio-para-mejorar-la-salud-de-las-personas\/\">SA3: F\u00edsica nuclear desde el laboratorio hasta mejorar la salud de las personas<\/a><\/strong><\/h5>\n<ul>\n<li>Aceleraci\u00f3n de part\u00edculas inducidas por l\u00e1ser y aplicaciones m\u00e9dicas en L2A2<\/li>\n<li>Reacciones para la estructura nuclear, la din\u00e1mica y los estudios astrof\u00edsicos con haces de iones relativistas raros en R3B<\/li>\n<li>Estructura y din\u00e1mica de n\u00facleos ex\u00f3ticos en instalaciones RIB de baja energ\u00eda<\/li>\n<li>Desarrollo de la instrumentaci\u00f3n nuclear desde los experimentos hasta las aplicaciones<\/li>\n<\/ul>\n<p>[\/vc_column_text][\/vc_column_inner][\/vc_row_inner][vc_row_inner][vc_column_inner width=\u00bb1\/6&#8243;][\/vc_column_inner][vc_column_inner width=\u00bb2\/3&#8243;][vc_cta h2=\u00bb\u00bb style=\u00bbcustom\u00bb custom_text=\u00bb#3a3a3a\u00bb]<\/p>\n<h5 style=\"text-align: center;\"><strong><span style=\"color: #333333;\">El programa de doctorado incluye estancias en centros de investigaci\u00f3n internacionales como el CERN, GSI\/FAIR, Pierre Auger, LIGO, LSC, etc., un programa de tutor\u00eda, cursos de formaci\u00f3n y escuelas. El Instituto proporciona ayuda con los tr\u00e1mites burocr\u00e1ticos y un paquete de bienvenida para los estudiantes internacionales.<br \/>\nSi est\u00e1 interesado en realizar un doctorado en uno de los temas mencionados, env\u00ede su expresi\u00f3n de inter\u00e9s a trav\u00e9s de<\/span><\/strong><\/h5>\n<h5 style=\"text-align: center;\"><strong><span style=\"color: #333333;\"><span style=\"color: #0000ff;\"><a style=\"color: #0000ff;\" href=\"https:\/\/igfae.usc.es\/~igfae-old\/job-offer\/open-call-phd-program-2021\/\">https:\/\/igfae.usc.es\/~igfae-old\/job-offer\/open-call-phd-program-2021\/<\/a><\/span><\/span><\/strong><\/h5>\n<h5 style=\"text-align: center;\"><strong><span style=\"color: #333333;\">Trabajamos en la definici\u00f3n de doctorados industriales en colaboraci\u00f3n con empresas externas &#8211; los candidatos interesados en esta posibilidad deben hacer claramente esta declaraci\u00f3n en su Carta de Motivaci\u00f3n<br \/>\nIGFAE es un empleador con igualdad de oportunidades. IGFAE se compromete a aumentar la diversidad de su personal y agradece especialmente las solicitudes de mujeres, minor\u00edas y personas con discapacidad.<\/span><\/strong><\/h5>\n<p>[\/vc_cta][\/vc_column_inner][vc_column_inner width=\u00bb1\/6&#8243;][\/vc_column_inner][\/vc_row_inner][\/vc_column][\/vc_row]<\/p>\n","protected":false},"excerpt":{"rendered":"<p>[vc_row full_width=\u00bbstretch_row\u00bb foundry_padding=\u00bbpt0 pb0&#8243; foundry_parallax=\u00bbnot-parallax\u00bb css=\u00bb.vc_custom_1529688996618{background-image: url(https:\/\/igfae.usc.es\/~igfae-old\/wp-content\/uploads\/2017\/11\/fondo.jpg?id=122) !important;}\u00bb][vc_column][vc_row_inner][vc_column_inner width=\u00bb5\/12&#8243; css=\u00bb.vc_custom_1511969894880{margin-bottom: 0px !important;padding-bottom: 0px !important;}\u00bb][vc_single_image image=\u00bb5913&#8243; img_size=\u00bbfull\u00bb][\/vc_column_inner][vc_column_inner width=\u00bb5\/12&#8243; offset=\u00bbvc_col-lg-offset-1&#8243; css=\u00bb.vc_custom_1536316171685{margin-bottom: 0px !important;padding-top:&#8230;<\/p>\n","protected":false},"author":21,"featured_media":1892,"parent":0,"menu_order":0,"comment_status":"closed","ping_status":"closed","template":"","meta":{"om_disable_all_campaigns":false,"_monsterinsights_skip_tracking":false,"_monsterinsights_sitenote_active":false,"_monsterinsights_sitenote_note":"","_monsterinsights_sitenote_category":0},"aioseo_notices":[],"yoast_head":"<!-- This site is optimized with the Yoast SEO plugin v18.4.1 - https:\/\/yoast.com\/wordpress\/plugins\/seo\/ -->\n<title>Programa de doctorado internacional - IGFAE<\/title>\n<meta name=\"robots\" content=\"index, follow, max-snippet:-1, max-image-preview:large, max-video-preview:-1\" \/>\n<link rel=\"canonical\" href=\"https:\/\/igfae.usc.es\/~igfae-old\/es\/programa-doctorado-internacional\/\" \/>\n<meta property=\"og:locale\" content=\"es_ES\" \/>\n<meta property=\"og:type\" content=\"article\" \/>\n<meta property=\"og:title\" content=\"Programa de doctorado internacional - IGFAE\" \/>\n<meta property=\"og:description\" content=\"[vc_row full_width=\u00bbstretch_row\u00bb foundry_padding=\u00bbpt0 pb0&#8243; foundry_parallax=\u00bbnot-parallax\u00bb css=\u00bb.vc_custom_1529688996618{background-image: url(https:\/\/igfae.usc.es\/~igfae-old\/wp-content\/uploads\/2017\/11\/fondo.jpg?id=122) !important;}\u00bb][vc_column][vc_row_inner][vc_column_inner width=\u00bb5\/12&#8243; css=\u00bb.vc_custom_1511969894880{margin-bottom: 0px !important;padding-bottom: 0px !important;}\u00bb][vc_single_image image=\u00bb5913&#8243; img_size=\u00bbfull\u00bb][\/vc_column_inner][vc_column_inner width=\u00bb5\/12&#8243; offset=\u00bbvc_col-lg-offset-1&#8243; css=\u00bb.vc_custom_1536316171685{margin-bottom: 0px !important;padding-top:...\" \/>\n<meta property=\"og:url\" content=\"https:\/\/igfae.usc.es\/~igfae-old\/es\/programa-doctorado-internacional\/\" \/>\n<meta property=\"og:site_name\" content=\"IGFAE\" \/>\n<meta property=\"article:modified_time\" content=\"2021-07-30T11:36:54+00:00\" \/>\n<meta property=\"og:image\" content=\"https:\/\/igfae.usc.es\/~igfae-old\/wp-content\/uploads\/2017\/11\/Transicion-azul-Indicadores.png\" \/>\n\t<meta property=\"og:image:width\" content=\"1920\" \/>\n\t<meta property=\"og:image:height\" content=\"847\" \/>\n\t<meta property=\"og:image:type\" content=\"image\/png\" \/>\n<meta name=\"twitter:card\" content=\"summary_large_image\" \/>\n<meta name=\"twitter:site\" content=\"@igfae_hep\" \/>\n<meta name=\"twitter:label1\" content=\"Tiempo de lectura\" \/>\n\t<meta name=\"twitter:data1\" content=\"3 minutos\" \/>\n<script type=\"application\/ld+json\" class=\"yoast-schema-graph\">{\"@context\":\"https:\/\/schema.org\",\"@graph\":[{\"@type\":\"WebSite\",\"@id\":\"https:\/\/igfae.usc.es\/~igfae-old\/#website\",\"url\":\"https:\/\/igfae.usc.es\/~igfae-old\/\",\"name\":\"IGFAE\",\"description\":\"Instituto Galego de F\u00edsica de Altas Enerx\u00edas\",\"potentialAction\":[{\"@type\":\"SearchAction\",\"target\":{\"@type\":\"EntryPoint\",\"urlTemplate\":\"https:\/\/igfae.usc.es\/~igfae-old\/?s={search_term_string}\"},\"query-input\":\"required name=search_term_string\"}],\"inLanguage\":\"es\"},{\"@type\":\"ImageObject\",\"@id\":\"https:\/\/igfae.usc.es\/~igfae-old\/es\/programa-doctorado-internacional\/#primaryimage\",\"inLanguage\":\"es\",\"url\":\"https:\/\/igfae.usc.es\/~igfae-old\/wp-content\/uploads\/2017\/11\/Transicion-azul-Indicadores.png\",\"contentUrl\":\"https:\/\/igfae.usc.es\/~igfae-old\/wp-content\/uploads\/2017\/11\/Transicion-azul-Indicadores.png\",\"width\":1920,\"height\":847},{\"@type\":\"WebPage\",\"@id\":\"https:\/\/igfae.usc.es\/~igfae-old\/es\/programa-doctorado-internacional\/#webpage\",\"url\":\"https:\/\/igfae.usc.es\/~igfae-old\/es\/programa-doctorado-internacional\/\",\"name\":\"Programa de doctorado internacional - IGFAE\",\"isPartOf\":{\"@id\":\"https:\/\/igfae.usc.es\/~igfae-old\/#website\"},\"primaryImageOfPage\":{\"@id\":\"https:\/\/igfae.usc.es\/~igfae-old\/es\/programa-doctorado-internacional\/#primaryimage\"},\"datePublished\":\"2019-10-15T14:24:31+00:00\",\"dateModified\":\"2021-07-30T11:36:54+00:00\",\"breadcrumb\":{\"@id\":\"https:\/\/igfae.usc.es\/~igfae-old\/es\/programa-doctorado-internacional\/#breadcrumb\"},\"inLanguage\":\"es\",\"potentialAction\":[{\"@type\":\"ReadAction\",\"target\":[\"https:\/\/igfae.usc.es\/~igfae-old\/es\/programa-doctorado-internacional\/\"]}]},{\"@type\":\"BreadcrumbList\",\"@id\":\"https:\/\/igfae.usc.es\/~igfae-old\/es\/programa-doctorado-internacional\/#breadcrumb\",\"itemListElement\":[{\"@type\":\"ListItem\",\"position\":1,\"name\":\"Home\",\"item\":\"https:\/\/igfae.usc.es\/~igfae-old\/es\/\"},{\"@type\":\"ListItem\",\"position\":2,\"name\":\"Programa de doctorado internacional\"}]}]}<\/script>\n<!-- \/ Yoast SEO plugin. -->","yoast_head_json":{"title":"Programa de doctorado internacional - IGFAE","robots":{"index":"index","follow":"follow","max-snippet":"max-snippet:-1","max-image-preview":"max-image-preview:large","max-video-preview":"max-video-preview:-1"},"canonical":"https:\/\/igfae.usc.es\/~igfae-old\/es\/programa-doctorado-internacional\/","og_locale":"es_ES","og_type":"article","og_title":"Programa de doctorado internacional - IGFAE","og_description":"[vc_row full_width=\u00bbstretch_row\u00bb foundry_padding=\u00bbpt0 pb0&#8243; foundry_parallax=\u00bbnot-parallax\u00bb css=\u00bb.vc_custom_1529688996618{background-image: url(https:\/\/igfae.usc.es\/~igfae-old\/wp-content\/uploads\/2017\/11\/fondo.jpg?id=122) !important;}\u00bb][vc_column][vc_row_inner][vc_column_inner width=\u00bb5\/12&#8243; css=\u00bb.vc_custom_1511969894880{margin-bottom: 0px !important;padding-bottom: 0px !important;}\u00bb][vc_single_image image=\u00bb5913&#8243; img_size=\u00bbfull\u00bb][\/vc_column_inner][vc_column_inner width=\u00bb5\/12&#8243; offset=\u00bbvc_col-lg-offset-1&#8243; css=\u00bb.vc_custom_1536316171685{margin-bottom: 0px !important;padding-top:...","og_url":"https:\/\/igfae.usc.es\/~igfae-old\/es\/programa-doctorado-internacional\/","og_site_name":"IGFAE","article_modified_time":"2021-07-30T11:36:54+00:00","og_image":[{"width":1920,"height":847,"url":"https:\/\/igfae.usc.es\/~igfae-old\/wp-content\/uploads\/2017\/11\/Transicion-azul-Indicadores.png","type":"image\/png"}],"twitter_card":"summary_large_image","twitter_site":"@igfae_hep","twitter_misc":{"Tiempo de lectura":"3 minutos"},"schema":{"@context":"https:\/\/schema.org","@graph":[{"@type":"WebSite","@id":"https:\/\/igfae.usc.es\/~igfae-old\/#website","url":"https:\/\/igfae.usc.es\/~igfae-old\/","name":"IGFAE","description":"Instituto Galego de F\u00edsica de Altas Enerx\u00edas","potentialAction":[{"@type":"SearchAction","target":{"@type":"EntryPoint","urlTemplate":"https:\/\/igfae.usc.es\/~igfae-old\/?s={search_term_string}"},"query-input":"required name=search_term_string"}],"inLanguage":"es"},{"@type":"ImageObject","@id":"https:\/\/igfae.usc.es\/~igfae-old\/es\/programa-doctorado-internacional\/#primaryimage","inLanguage":"es","url":"https:\/\/igfae.usc.es\/~igfae-old\/wp-content\/uploads\/2017\/11\/Transicion-azul-Indicadores.png","contentUrl":"https:\/\/igfae.usc.es\/~igfae-old\/wp-content\/uploads\/2017\/11\/Transicion-azul-Indicadores.png","width":1920,"height":847},{"@type":"WebPage","@id":"https:\/\/igfae.usc.es\/~igfae-old\/es\/programa-doctorado-internacional\/#webpage","url":"https:\/\/igfae.usc.es\/~igfae-old\/es\/programa-doctorado-internacional\/","name":"Programa de doctorado internacional - IGFAE","isPartOf":{"@id":"https:\/\/igfae.usc.es\/~igfae-old\/#website"},"primaryImageOfPage":{"@id":"https:\/\/igfae.usc.es\/~igfae-old\/es\/programa-doctorado-internacional\/#primaryimage"},"datePublished":"2019-10-15T14:24:31+00:00","dateModified":"2021-07-30T11:36:54+00:00","breadcrumb":{"@id":"https:\/\/igfae.usc.es\/~igfae-old\/es\/programa-doctorado-internacional\/#breadcrumb"},"inLanguage":"es","potentialAction":[{"@type":"ReadAction","target":["https:\/\/igfae.usc.es\/~igfae-old\/es\/programa-doctorado-internacional\/"]}]},{"@type":"BreadcrumbList","@id":"https:\/\/igfae.usc.es\/~igfae-old\/es\/programa-doctorado-internacional\/#breadcrumb","itemListElement":[{"@type":"ListItem","position":1,"name":"Home","item":"https:\/\/igfae.usc.es\/~igfae-old\/es\/"},{"@type":"ListItem","position":2,"name":"Programa de doctorado internacional"}]}]}},"_links":{"self":[{"href":"https:\/\/igfae.usc.es\/~igfae-old\/es\/wp-json\/wp\/v2\/pages\/3802"}],"collection":[{"href":"https:\/\/igfae.usc.es\/~igfae-old\/es\/wp-json\/wp\/v2\/pages"}],"about":[{"href":"https:\/\/igfae.usc.es\/~igfae-old\/es\/wp-json\/wp\/v2\/types\/page"}],"author":[{"embeddable":true,"href":"https:\/\/igfae.usc.es\/~igfae-old\/es\/wp-json\/wp\/v2\/users\/21"}],"replies":[{"embeddable":true,"href":"https:\/\/igfae.usc.es\/~igfae-old\/es\/wp-json\/wp\/v2\/comments?post=3802"}],"version-history":[{"count":7,"href":"https:\/\/igfae.usc.es\/~igfae-old\/es\/wp-json\/wp\/v2\/pages\/3802\/revisions"}],"predecessor-version":[{"id":9700,"href":"https:\/\/igfae.usc.es\/~igfae-old\/es\/wp-json\/wp\/v2\/pages\/3802\/revisions\/9700"}],"wp:featuredmedia":[{"embeddable":true,"href":"https:\/\/igfae.usc.es\/~igfae-old\/es\/wp-json\/wp\/v2\/media\/1892"}],"wp:attachment":[{"href":"https:\/\/igfae.usc.es\/~igfae-old\/es\/wp-json\/wp\/v2\/media?parent=3802"}],"curies":[{"name":"wp","href":"https:\/\/api.w.org\/{rel}","templated":true}]}}