



{"id":3409,"date":"2019-10-23T00:37:57","date_gmt":"2019-10-22T22:37:57","guid":{"rendered":"https:\/\/igfae.usc.es\/centrosingular\/?page_id=3409"},"modified":"2023-12-04T18:19:31","modified_gmt":"2023-12-04T16:19:31","slug":"socios-colaboradores-redes","status":"publish","type":"page","link":"https:\/\/igfae.usc.es\/~igfae-old\/es\/socios-colaboradores-redes\/","title":{"rendered":"Socios, colaboradores y redes de investigaci\u00f3n"},"content":{"rendered":"<p>[vc_row foundry_padding=\u00bbpt64 pb64&#8243;][vc_column][vc_column_text css=\u00bb.vc_custom_1563871219145{margin-top: 10px !important;border-left-width: 25px !important;padding-left: 10px !important;border-left-color: #154074 !important;border-left-style: solid !important;}\u00bb]<\/p>\n<h3 style=\"color: #333333;\"><strong>Socios &amp; colaboradores<\/strong><\/h3>\n<p>[\/vc_column_text][vc_row_inner][vc_column_inner width=\u00bb1\/4&#8243;][vc_single_image image=\u00bb384&#8243; img_size=\u00bb200&#215;151&#8243; alignment=\u00bbcenter\u00bb onclick=\u00bbcustom_link\u00bb link=\u00bbhttps:\/\/home.cern\/\u00bb][\/vc_column_inner][vc_column_inner width=\u00bb3\/4&#8243;][vc_column_text]<\/p>\n<h4><a href=\"https:\/\/home.cern\/\" target=\"_blank\" rel=\"noopener noreferrer\"><strong>CERN<\/strong><\/a><\/h4>\n<p>En el CERN, de la Organizaci\u00f3n Europea para la Investigaci\u00f3n Nuclear, se utilizan los instrumentos cient\u00edficos m\u00e1s grandes y complejos del mundo para estudiar los componentes b\u00e1sicos de la materia, las part\u00edculas fundamentales, que se hacen colisionar a una velocidad cercana a la de la luz. Este proceso da pistas sobre c\u00f3mo interact\u00faan las part\u00edculas y proporciona informaci\u00f3n sobre las leyes fundamentales de la naturaleza.[\/vc_column_text][\/vc_column_inner][\/vc_row_inner][vc_row_inner][vc_column_inner width=\u00bb1\/4&#8243;][vc_single_image image=\u00bb388&#8243; img_size=\u00bb200&#215;151&#8243; alignment=\u00bbcenter\u00bb onclick=\u00bbcustom_link\u00bb link=\u00bbhttp:\/\/gain.xunta.gal\/\u00bb][\/vc_column_inner][vc_column_inner width=\u00bb3\/4&#8243;][vc_column_text]<\/p>\n<h4><a href=\"http:\/\/gain.xunta.gal\/\" target=\"_blank\" rel=\"noopener noreferrer\"><strong>GAIN<\/strong><\/a><\/h4>\n<p>La Agencia Gallega de Innovaci\u00f3n es una agencia p\u00fablica aut\u00f3noma, adscrita al Ministerio de Econom\u00eda, Empleo e Industria del Gobierno regional gallego pero con personalidad jur\u00eddica propia, cuyo objetivo es promover y estructurar las pol\u00edticas de innovaci\u00f3n en las administraciones p\u00fablicas gallegas, y apoyar y estimular el crecimiento y competitividad de las empresas gallegas.[\/vc_column_text][\/vc_column_inner][\/vc_row_inner][vc_row_inner][vc_column_inner width=\u00bb1\/4&#8243;][vc_single_image image=\u00bb14918&#8243; img_size=\u00bb200&#215;151&#8243; alignment=\u00bbcenter\u00bb onclick=\u00bbcustom_link\u00bb link=\u00bbhttp:\/\/gain.xunta.gal\/\u00bb][\/vc_column_inner][vc_column_inner width=\u00bb3\/4&#8243;][vc_column_text]<\/p>\n<h4><a href=\"https:\/\/www.cesga.es\/gl\/inicio-gl\/\" target=\"_blank\" rel=\"noopener noreferrer\"><strong>CESGA<\/strong><\/a><\/h4>\n<p>El Centro de Supercomputaci\u00f3n de Galicia (CESGA) es un centro de c\u00e1lculo de altas prestaciones ubicado en Santiago de Compostela (Galicia). Proporciona servicios de c\u00e1lculo y comunicaciones a las comunidades investigadoras gallegas, al CSIC y a cualquier empresa o instituci\u00f3n que lo solicite. Como parte del desarrollo de las tecnolog\u00edas de computaci\u00f3n cu\u00e1ntica, el IGFAE y el CESGA han abierto una l\u00ednea de colaboraci\u00f3n en esta disciplina.[\/vc_column_text][\/vc_column_inner][\/vc_row_inner][vc_row_inner][vc_column_inner width=\u00bb1\/4&#8243;][vc_single_image image=\u00bb386&#8243; img_size=\u00bb295&#215;151&#8243; alignment=\u00bbcenter\u00bb onclick=\u00bbcustom_link\u00bb link=\u00bbhttp:\/\/www.cnm.es\/\u00bb][\/vc_column_inner][vc_column_inner width=\u00bb3\/4&#8243;][vc_column_text]<\/p>\n<h4><a href=\"http:\/\/www.imb-cnm.csic.es\/index.php\/en\/\" target=\"_blank\" rel=\"noopener noreferrer\"><strong>IMB-CNM<\/strong><\/a><\/h4>\n<p>IMB-CNM es un centro de investigaci\u00f3n ubicado en Barcelona, \u200b\u200bsede del Centro Nacional de Microelectr\u00f3nica, en el que se desarrollan tecnolog\u00edas, dispositivos y circuitos integrados. Los sensores, actuadores y microsistemas son de gran inter\u00e9s para la construcci\u00f3n de detectores y aceleradores relacionados con las l\u00edneas de investigaci\u00f3n experimental del IGFAE.[\/vc_column_text][\/vc_column_inner][\/vc_row_inner][vc_row_inner][vc_column_inner width=\u00bb1\/4&#8243;][vc_single_image image=\u00bb389&#8243; img_size=\u00bb244&#215;151&#8243; alignment=\u00bbcenter\u00bb onclick=\u00bbcustom_link\u00bb link=\u00bbhttps:\/\/tecnico.ulisboa.pt\/en\/\u00bb][\/vc_column_inner][vc_column_inner width=\u00bb3\/4&#8243;][vc_column_text]<\/p>\n<h4><a href=\"https:\/\/tecnico.ulisboa.pt\/en\/\" target=\"_blank\" rel=\"noopener noreferrer\"><strong>IFT<\/strong><\/a><\/h4>\n<p>El Instituto Superior T\u00e9cnico tiene como objetivo contribuir al desarrollo de la sociedad, promoviendo la excelencia en la educaci\u00f3n superior, en los campos de Arquitectura, Ingenier\u00eda, Ciencia y Tecnolog\u00eda mediante el desarrollo de actividades de Investigaci\u00f3n, Desarrollo e Innovaci\u00f3n (RD&amp;I).[\/vc_column_text][\/vc_column_inner][\/vc_row_inner][vc_row_inner][vc_column_inner width=\u00bb1\/4&#8243;][vc_single_image image=\u00bb385&#8243; img_size=\u00bb200&#215;151&#8243; alignment=\u00bbcenter\u00bb onclick=\u00bbcustom_link\u00bb link=\u00bbhttp:\/\/www.cmam.uam.es\/\u00bb][\/vc_column_inner][vc_column_inner width=\u00bb3\/4&#8243;][vc_column_text]<\/p>\n<h4><a href=\"https:\/\/www.cmam.uam.es\/\" target=\"_blank\" rel=\"noopener noreferrer\"><strong>CMAN<\/strong><\/a><\/h4>\n<p>El Centro de Microan\u00e1lisis de Materiales (CMAM) es un centro de investigaci\u00f3n perteneciente a la Universidad Aut\u00f3noma de Madrid (UAM) cuya principal herramienta experimental es un acelerador de iones electrost\u00e1tico con un voltaje terminal m\u00e1ximo de 5 MV, dedicado al an\u00e1lisis y modificaci\u00f3n de materiales. .[\/vc_column_text][\/vc_column_inner][\/vc_row_inner][vc_row_inner][vc_column_inner width=\u00bb1\/4&#8243;][vc_single_image image=\u00bb387&#8243; img_size=\u00bb200&#215;151&#8243; alignment=\u00bbcenter\u00bb onclick=\u00bbcustom_link\u00bb link=\u00bbhttps:\/\/fair-center.eu\u00bb][\/vc_column_inner][vc_column_inner width=\u00bb3\/4&#8243;][vc_column_text]<\/p>\n<h4><a href=\"https:\/\/fair-center.eu\/\" target=\"_blank\" rel=\"noopener noreferrer\"><strong>FAIR<\/strong><\/a><\/h4>\n<p>El\u00a0 acelerador FAIR que se construir\u00e1 en Darmstadt es uno de los mayores proyectos de investigaci\u00f3n b\u00e1sica en f\u00edsica en todo el mundo. Aproximadamente 3.000 cient\u00edficos de m\u00e1s de 50 pa\u00edses ya est\u00e1n trabajando en la planificaci\u00f3n del experimento y las instalaciones del acelerador. Un proyecto a gran escala como FAIR solo puede realizarse mediante una intensa cooperaci\u00f3n internacional. Las ventajas considerables son la reducci\u00f3n de costes y la ampliaci\u00f3n de los conocimientos y cient\u00edficos disponibles para FAIR.[\/vc_column_text][\/vc_column_inner][\/vc_row_inner][vc_row_inner][vc_column_inner width=\u00bb1\/4&#8243;][vc_single_image image=\u00bb14922&#8243; img_size=\u00bbmedium\u00bb alignment=\u00bbcenter\u00bb onclick=\u00bbcustom_link\u00bb link=\u00bbhttps:\/\/fair-center.eu\u00bb][\/vc_column_inner][vc_column_inner width=\u00bb3\/4&#8243;][vc_column_text]<\/p>\n<h4><a href=\"https:\/\/www.ganil-spiral2.eu\/\" target=\"_blank\" rel=\"noopener\"><strong>GANIL<\/strong><\/a><\/h4>\n<p>GANIL (Grand Acc\u00e9l\u00e9rateur National d\u2019Ions Lourds), ubicado en Caen (Francia), es uno de los principales laboratorios del mundo para la investigaci\u00f3n con haces de iones: f\u00edsica nuclear, at\u00f3mica, materia condensada, astrof\u00edsica, radiobiolog\u00eda, etc. Gracias al car\u00e1cter \u00fanico de sus instalaciones, est\u00e1 al servicio de la comunidad internacional, entre cuyo personal se encuentran grupos de trabajo del IGFAE.[\/vc_column_text][\/vc_column_inner][\/vc_row_inner][vc_row_inner][vc_column_inner width=\u00bb1\/4&#8243;][vc_single_image image=\u00bb4289&#8243; img_size=\u00bb200&#215;151&#8243; alignment=\u00bbcenter\u00bb onclick=\u00bbcustom_link\u00bb link=\u00bbhttps:\/\/obrasociallacaixa.org\/en\/\u00bb][\/vc_column_inner][vc_column_inner width=\u00bb3\/4&#8243;][vc_column_text]<\/p>\n<h4><a href=\"https:\/\/obrasociallacaixa.org\/en\/\"><strong>La Caixa<\/strong><\/a><\/h4>\n<p>Durante m\u00e1s de 110 a\u00f1os, la Fundaci\u00f3n \u201dla Caixa\u201d ha trabajado para contribuir al progreso de las personas, especialmente las m\u00e1s necesitadas. Tambi\u00e9n se centra en otras \u00e1reas que son vitales para promover el progreso y la igualdad de oportunidades, como la investigaci\u00f3n m\u00e9dica, la capacitaci\u00f3n de alta calidad, la cultura y la educaci\u00f3n. La Fundaci\u00f3n \u201dla Caixa\u201d otorga becas para estudios de posgrado en Europa, Am\u00e9rica del Norte y el \u00e1rea de Asia-Pac\u00edfico, y becas para estudios de doctorado y posdoctorado en Espa\u00f1a y Portugal.[\/vc_column_text][\/vc_column_inner][\/vc_row_inner][vc_row_inner][vc_column_inner width=\u00bb1\/4&#8243;][vc_single_image image=\u00bb4292&#8243; img_size=\u00bb200&#215;151&#8243; alignment=\u00bbcenter\u00bb onclick=\u00bbcustom_link\u00bb link=\u00bbhttps:\/\/www.santander.com\/csgs\/Satellite\/CFWCSancomQP01\/es_ES\/Corporativo\/Sostenibilidad\/Santander-Universidades\/Banco-Santander-comprometido-con-la-educacion-superior.html?leng=en_GB\u00bb][\/vc_column_inner][vc_column_inner width=\u00bb3\/4&#8243;][vc_column_text]<\/p>\n<h4><a href=\"https:\/\/www.santander.com\/csgs\/Satellite\/CFWCSancomQP01\/es_ES\/Corporativo\/Sostenibilidad\/Santander-Universidades\/Banco-Santander-comprometido-con-la-educacion-superior.html?leng=en_GB\"><strong>Santander Universidades<\/strong><\/a><\/h4>\n<p>A trav\u00e9s de su programa Santander Universities, Santander ha colaborado con universidades durante m\u00e1s de 20 a\u00f1os en una iniciativa global \u00fanica que lo distingue de otros bancos e instituciones financieras nacionales e internacionales. Santander Universities mantiene casi 1.000 acuerdos con universidades e instituciones de todo el mundo e ha invertido m\u00e1s de 1.500 millones de euros en apoyo a la educaci\u00f3n superior desde 2002.[\/vc_column_text][\/vc_column_inner][\/vc_row_inner][vc_column_text css=\u00bb.vc_custom_1565775380505{margin-top: 10px !important;border-left-width: 25px !important;padding-left: 10px !important;border-left-color: #154074 !important;border-left-style: solid !important;}\u00bb]<\/p>\n<h3 style=\"color: #333333;\"><strong>Redes de investigaci\u00f3n<\/strong><\/h3>\n<p>[\/vc_column_text][vc_row_inner][vc_column_inner width=\u00bb1\/4&#8243;][vc_single_image image=\u00bb3417&#8243; img_size=\u00bb200&#215;151&#8243; alignment=\u00bbcenter\u00bb onclick=\u00bbcustom_link\u00bb link=\u00bbhttp:\/\/campusvida.usc.es\/en\/singular-research-centers-network-srcn\/\u00bb][\/vc_column_inner][vc_column_inner width=\u00bb3\/4&#8243;][vc_column_text]<\/p>\n<h4><a href=\"http:\/\/campusvida.usc.es\/en\/singular-research-centers-network-srcn\/\" target=\"_blank\" rel=\"noopener noreferrer\"><strong>Red de Centros Singulares de Investigaci\u00f3n<\/strong><\/a><\/h4>\n<p>Campus Vida integra una Red de Centros Singulares de Investigaci\u00f3n (RCSI) de la Universidad de Santiago de Compostela (USC), especializada en diferentes campos complementarios de la ciencia y organizada para garantizar el equilibrio de excelencia cient\u00edfica e impacto socioecon\u00f3mico. El objetivo principal de estos centros es aumentar la capacidad y el impacto de la actividad de investigaci\u00f3n dentro de la cadena de valor conocimiento-transferencia-innovaci\u00f3n, generando as\u00ed un impacto cient\u00edfico y socioecon\u00f3mico. Adem\u00e1s del IGFAE, la RCSI est\u00e1 compuesta por el CiQUS, CiTIUS y CiMUS.[\/vc_column_text][\/vc_column_inner][\/vc_row_inner][vc_row_inner][vc_column_inner width=\u00bb1\/4&#8243;][vc_single_image image=\u00bb3411&#8243; img_size=\u00bb\u00bb alignment=\u00bbcenter\u00bb onclick=\u00bbcustom_link\u00bb link=\u00bbhttps:\/\/www.somma.es\/\u00bb][\/vc_column_inner][vc_column_inner width=\u00bb3\/4&#8243;][vc_column_text]<\/p>\n<h4><a href=\"https:\/\/www.somma.es\/\"><strong>SOMMa<\/strong><\/a><\/h4>\n<p>SOMMa es la alianza de los Centros Severo Ochoa y las Unidades de Mar\u00eda de Maeztu para promover la excelencia espa\u00f1ola en investigaci\u00f3n y mejorar su impacto social a nivel nacional e internacional. La alianza SOMMa re\u00fane a los 48 centros y unidades de investigaci\u00f3n espa\u00f1ola de mayor rendimiento y m\u00e1s competitivos en todas las disciplinas, con m\u00e1s de 7.300 investigadores.[\/vc_column_text][\/vc_column_inner][\/vc_row_inner][vc_row_inner][vc_column_inner width=\u00bb1\/4&#8243;][vc_single_image image=\u00bb14909&#8243; img_size=\u00bb\u00bb alignment=\u00bbcenter\u00bb onclick=\u00bbcustom_link\u00bb link=\u00bbhttps:\/\/www.somma.es\/\u00bb][\/vc_column_inner][vc_column_inner width=\u00bb3\/4&#8243;][vc_column_text]<\/p>\n<h4><a href=\"https:\/\/www.i-cpan.es\/es\" target=\"_blank\" rel=\"noopener\"><strong>CPAN<\/strong><\/a><\/h4>\n<p>La red Centro Nacional de F\u00edsica de Part\u00edculas, Astropart\u00edculas y Nuclear (CPAN) es una agrupaci\u00f3n cient\u00edfica cuyo objeto primordial es establecer un marco de colaboraci\u00f3n estable entre las instituciones firmantes en el campo de la investigaci\u00f3n, innovaci\u00f3n y desarrollo tecnol\u00f3gico en F\u00edsica de Part\u00edculas, Astropart\u00edculas y Nuclear.[\/vc_column_text][\/vc_column_inner][\/vc_row_inner][vc_row_inner][vc_column_inner width=\u00bb1\/4&#8243;][vc_single_image image=\u00bb14913&#8243; img_size=\u00bb\u00bb alignment=\u00bbcenter\u00bb onclick=\u00bbcustom_link\u00bb link=\u00bbhttps:\/\/www.somma.es\/\u00bb][\/vc_column_inner][vc_column_inner width=\u00bb3\/4&#8243;][vc_column_text]<\/p>\n<h4><strong><a href=\"https:\/\/genera-project.com\/index.php\" target=\"_blank\" rel=\"noopener\">GENERA<\/a><\/strong><\/h4>\n<p>El Consorcio GENERA (Gender Equality Network in the European Research Area)\u00a0se cre\u00f3 para aplicar un enfoque ascendente que mejore la igualdad de g\u00e9nero en el campo de la investigaci\u00f3n en f\u00edsica como punto de referencia para otras ciencias. La f\u00edsica es un campo de investigaci\u00f3n con una baja representaci\u00f3n de mujeres investigadoras y una imagen masculina, por lo que este campo como tal, representado por diferentes actores, es la base del an\u00e1lisis y las intervenciones de GENERA.[\/vc_column_text][\/vc_column_inner][\/vc_row_inner][\/vc_column][\/vc_row]<\/p>\n","protected":false},"excerpt":{"rendered":"<p>[vc_row foundry_padding=\u00bbpt64 pb64&#8243;][vc_column][vc_column_text css=\u00bb.vc_custom_1563871219145{margin-top: 10px !important;border-left-width: 25px !important;padding-left: 10px !important;border-left-color: #154074 !important;border-left-style: solid !important;}\u00bb] Socios &amp; colaboradores [\/vc_column_text][vc_row_inner][vc_column_inner width=\u00bb1\/4&#8243;][vc_single_image image=\u00bb384&#8243; img_size=\u00bb200&#215;151&#8243;&#8230;<\/p>\n","protected":false},"author":21,"featured_media":1892,"parent":0,"menu_order":0,"comment_status":"closed","ping_status":"closed","template":"","meta":{"om_disable_all_campaigns":false,"_monsterinsights_skip_tracking":false,"_monsterinsights_sitenote_active":false,"_monsterinsights_sitenote_note":"","_monsterinsights_sitenote_category":0},"aioseo_notices":[],"yoast_head":"<!-- This site is optimized with the Yoast SEO plugin v18.4.1 - https:\/\/yoast.com\/wordpress\/plugins\/seo\/ -->\n<title>Socios, colaboradores y redes de investigaci\u00f3n - IGFAE<\/title>\n<meta name=\"robots\" content=\"index, follow, max-snippet:-1, max-image-preview:large, max-video-preview:-1\" \/>\n<link rel=\"canonical\" href=\"https:\/\/igfae.usc.es\/~igfae-old\/es\/socios-colaboradores-redes\/\" \/>\n<meta property=\"og:locale\" content=\"es_ES\" \/>\n<meta property=\"og:type\" content=\"article\" \/>\n<meta property=\"og:title\" content=\"Socios, colaboradores y redes de investigaci\u00f3n - IGFAE\" \/>\n<meta property=\"og:description\" content=\"[vc_row foundry_padding=\u00bbpt64 pb64&#8243;][vc_column][vc_column_text css=\u00bb.vc_custom_1563871219145{margin-top: 10px !important;border-left-width: 25px !important;padding-left: 10px !important;border-left-color: #154074 !important;border-left-style: solid !important;}\u00bb] Socios &amp; colaboradores [\/vc_column_text][vc_row_inner][vc_column_inner width=\u00bb1\/4&#8243;][vc_single_image image=\u00bb384&#8243; img_size=\u00bb200&#215;151&#8243;...\" \/>\n<meta property=\"og:url\" content=\"https:\/\/igfae.usc.es\/~igfae-old\/es\/socios-colaboradores-redes\/\" \/>\n<meta property=\"og:site_name\" content=\"IGFAE\" \/>\n<meta property=\"article:modified_time\" content=\"2023-12-04T16:19:31+00:00\" \/>\n<meta property=\"og:image\" content=\"https:\/\/igfae.usc.es\/~igfae-old\/wp-content\/uploads\/2017\/11\/Transicion-azul-Indicadores.png\" \/>\n\t<meta property=\"og:image:width\" content=\"1920\" \/>\n\t<meta property=\"og:image:height\" content=\"847\" \/>\n\t<meta property=\"og:image:type\" content=\"image\/png\" \/>\n<meta name=\"twitter:card\" content=\"summary_large_image\" \/>\n<meta name=\"twitter:site\" content=\"@igfae_hep\" \/>\n<meta name=\"twitter:label1\" content=\"Tiempo de lectura\" \/>\n\t<meta name=\"twitter:data1\" content=\"8 minutos\" \/>\n<script type=\"application\/ld+json\" class=\"yoast-schema-graph\">{\"@context\":\"https:\/\/schema.org\",\"@graph\":[{\"@type\":\"WebSite\",\"@id\":\"https:\/\/igfae.usc.es\/~igfae-old\/#website\",\"url\":\"https:\/\/igfae.usc.es\/~igfae-old\/\",\"name\":\"IGFAE\",\"description\":\"Instituto Galego de F\u00edsica de Altas Enerx\u00edas\",\"potentialAction\":[{\"@type\":\"SearchAction\",\"target\":{\"@type\":\"EntryPoint\",\"urlTemplate\":\"https:\/\/igfae.usc.es\/~igfae-old\/?s={search_term_string}\"},\"query-input\":\"required name=search_term_string\"}],\"inLanguage\":\"es\"},{\"@type\":\"ImageObject\",\"@id\":\"https:\/\/igfae.usc.es\/~igfae-old\/es\/socios-colaboradores-redes\/#primaryimage\",\"inLanguage\":\"es\",\"url\":\"https:\/\/igfae.usc.es\/~igfae-old\/wp-content\/uploads\/2017\/11\/Transicion-azul-Indicadores.png\",\"contentUrl\":\"https:\/\/igfae.usc.es\/~igfae-old\/wp-content\/uploads\/2017\/11\/Transicion-azul-Indicadores.png\",\"width\":1920,\"height\":847},{\"@type\":\"WebPage\",\"@id\":\"https:\/\/igfae.usc.es\/~igfae-old\/es\/socios-colaboradores-redes\/#webpage\",\"url\":\"https:\/\/igfae.usc.es\/~igfae-old\/es\/socios-colaboradores-redes\/\",\"name\":\"Socios, colaboradores y redes de investigaci\u00f3n - IGFAE\",\"isPartOf\":{\"@id\":\"https:\/\/igfae.usc.es\/~igfae-old\/#website\"},\"primaryImageOfPage\":{\"@id\":\"https:\/\/igfae.usc.es\/~igfae-old\/es\/socios-colaboradores-redes\/#primaryimage\"},\"datePublished\":\"2019-10-22T22:37:57+00:00\",\"dateModified\":\"2023-12-04T16:19:31+00:00\",\"breadcrumb\":{\"@id\":\"https:\/\/igfae.usc.es\/~igfae-old\/es\/socios-colaboradores-redes\/#breadcrumb\"},\"inLanguage\":\"es\",\"potentialAction\":[{\"@type\":\"ReadAction\",\"target\":[\"https:\/\/igfae.usc.es\/~igfae-old\/es\/socios-colaboradores-redes\/\"]}]},{\"@type\":\"BreadcrumbList\",\"@id\":\"https:\/\/igfae.usc.es\/~igfae-old\/es\/socios-colaboradores-redes\/#breadcrumb\",\"itemListElement\":[{\"@type\":\"ListItem\",\"position\":1,\"name\":\"Home\",\"item\":\"https:\/\/igfae.usc.es\/~igfae-old\/es\/\"},{\"@type\":\"ListItem\",\"position\":2,\"name\":\"Socios, colaboradores y redes de investigaci\u00f3n\"}]}]}<\/script>\n<!-- \/ Yoast SEO plugin. -->","yoast_head_json":{"title":"Socios, colaboradores y redes de investigaci\u00f3n - IGFAE","robots":{"index":"index","follow":"follow","max-snippet":"max-snippet:-1","max-image-preview":"max-image-preview:large","max-video-preview":"max-video-preview:-1"},"canonical":"https:\/\/igfae.usc.es\/~igfae-old\/es\/socios-colaboradores-redes\/","og_locale":"es_ES","og_type":"article","og_title":"Socios, colaboradores y redes de investigaci\u00f3n - IGFAE","og_description":"[vc_row foundry_padding=\u00bbpt64 pb64&#8243;][vc_column][vc_column_text css=\u00bb.vc_custom_1563871219145{margin-top: 10px !important;border-left-width: 25px !important;padding-left: 10px !important;border-left-color: #154074 !important;border-left-style: solid !important;}\u00bb] Socios &amp; colaboradores [\/vc_column_text][vc_row_inner][vc_column_inner width=\u00bb1\/4&#8243;][vc_single_image image=\u00bb384&#8243; img_size=\u00bb200&#215;151&#8243;...","og_url":"https:\/\/igfae.usc.es\/~igfae-old\/es\/socios-colaboradores-redes\/","og_site_name":"IGFAE","article_modified_time":"2023-12-04T16:19:31+00:00","og_image":[{"width":1920,"height":847,"url":"https:\/\/igfae.usc.es\/~igfae-old\/wp-content\/uploads\/2017\/11\/Transicion-azul-Indicadores.png","type":"image\/png"}],"twitter_card":"summary_large_image","twitter_site":"@igfae_hep","twitter_misc":{"Tiempo de lectura":"8 minutos"},"schema":{"@context":"https:\/\/schema.org","@graph":[{"@type":"WebSite","@id":"https:\/\/igfae.usc.es\/~igfae-old\/#website","url":"https:\/\/igfae.usc.es\/~igfae-old\/","name":"IGFAE","description":"Instituto Galego de F\u00edsica de Altas Enerx\u00edas","potentialAction":[{"@type":"SearchAction","target":{"@type":"EntryPoint","urlTemplate":"https:\/\/igfae.usc.es\/~igfae-old\/?s={search_term_string}"},"query-input":"required name=search_term_string"}],"inLanguage":"es"},{"@type":"ImageObject","@id":"https:\/\/igfae.usc.es\/~igfae-old\/es\/socios-colaboradores-redes\/#primaryimage","inLanguage":"es","url":"https:\/\/igfae.usc.es\/~igfae-old\/wp-content\/uploads\/2017\/11\/Transicion-azul-Indicadores.png","contentUrl":"https:\/\/igfae.usc.es\/~igfae-old\/wp-content\/uploads\/2017\/11\/Transicion-azul-Indicadores.png","width":1920,"height":847},{"@type":"WebPage","@id":"https:\/\/igfae.usc.es\/~igfae-old\/es\/socios-colaboradores-redes\/#webpage","url":"https:\/\/igfae.usc.es\/~igfae-old\/es\/socios-colaboradores-redes\/","name":"Socios, colaboradores y redes de investigaci\u00f3n - IGFAE","isPartOf":{"@id":"https:\/\/igfae.usc.es\/~igfae-old\/#website"},"primaryImageOfPage":{"@id":"https:\/\/igfae.usc.es\/~igfae-old\/es\/socios-colaboradores-redes\/#primaryimage"},"datePublished":"2019-10-22T22:37:57+00:00","dateModified":"2023-12-04T16:19:31+00:00","breadcrumb":{"@id":"https:\/\/igfae.usc.es\/~igfae-old\/es\/socios-colaboradores-redes\/#breadcrumb"},"inLanguage":"es","potentialAction":[{"@type":"ReadAction","target":["https:\/\/igfae.usc.es\/~igfae-old\/es\/socios-colaboradores-redes\/"]}]},{"@type":"BreadcrumbList","@id":"https:\/\/igfae.usc.es\/~igfae-old\/es\/socios-colaboradores-redes\/#breadcrumb","itemListElement":[{"@type":"ListItem","position":1,"name":"Home","item":"https:\/\/igfae.usc.es\/~igfae-old\/es\/"},{"@type":"ListItem","position":2,"name":"Socios, colaboradores y redes de investigaci\u00f3n"}]}]}},"_links":{"self":[{"href":"https:\/\/igfae.usc.es\/~igfae-old\/es\/wp-json\/wp\/v2\/pages\/3409"}],"collection":[{"href":"https:\/\/igfae.usc.es\/~igfae-old\/es\/wp-json\/wp\/v2\/pages"}],"about":[{"href":"https:\/\/igfae.usc.es\/~igfae-old\/es\/wp-json\/wp\/v2\/types\/page"}],"author":[{"embeddable":true,"href":"https:\/\/igfae.usc.es\/~igfae-old\/es\/wp-json\/wp\/v2\/users\/21"}],"replies":[{"embeddable":true,"href":"https:\/\/igfae.usc.es\/~igfae-old\/es\/wp-json\/wp\/v2\/comments?post=3409"}],"version-history":[{"count":9,"href":"https:\/\/igfae.usc.es\/~igfae-old\/es\/wp-json\/wp\/v2\/pages\/3409\/revisions"}],"predecessor-version":[{"id":14926,"href":"https:\/\/igfae.usc.es\/~igfae-old\/es\/wp-json\/wp\/v2\/pages\/3409\/revisions\/14926"}],"wp:featuredmedia":[{"embeddable":true,"href":"https:\/\/igfae.usc.es\/~igfae-old\/es\/wp-json\/wp\/v2\/media\/1892"}],"wp:attachment":[{"href":"https:\/\/igfae.usc.es\/~igfae-old\/es\/wp-json\/wp\/v2\/media?parent=3409"}],"curies":[{"name":"wp","href":"https:\/\/api.w.org\/{rel}","templated":true}]}}