



{"id":2131,"date":"2017-12-01T16:23:47","date_gmt":"2017-12-01T16:23:47","guid":{"rendered":"https:\/\/igfae.usc.es\/centrosingular\/investigacion\/the-standard-model-to-the-limits\/"},"modified":"2023-06-12T14:57:53","modified_gmt":"2023-06-12T12:57:53","slug":"el-modelo-estandar-hasta-sus-ultimas-consecuencias","status":"publish","type":"page","link":"https:\/\/igfae.usc.es\/~igfae-old\/es\/investigacion\/el-modelo-estandar-hasta-sus-ultimas-consecuencias\/","title":{"rendered":"El modelo est\u00e1ndar hasta los l\u00edmites"},"content":{"rendered":"<p>[vc_row foundry_padding=\u00bbpt64 pb64&#8243; foundry_parallax=\u00bbnot-parallax\u00bb css=\u00bb.vc_custom_1512148050508{background-image: url(https:\/\/igfae.usc.es\/~igfae-old\/wp-content\/uploads\/2017\/11\/fondo.jpg?id=122) !important;}\u00bb][vc_column width=\u00bb1\/6&#8243; offset=\u00bbvc_col-lg-offset-1&#8243;][vc_single_image image=\u00bb126&#8243; img_size=\u00bb200&#215;200&#8243; alignment=\u00bbcenter\u00bb css=\u00bb.vc_custom_1512147013205{padding-top: 15px !important;}\u00bb][\/vc_column][vc_column width=\u00bb7\/12&#8243; offset=\u00bbvc_col-lg-offset-1&#8243;][vc_row_inner][vc_column_inner][vc_column_text css=\u00bb.vc_custom_1547546735187{border-left-width: 25px !important;padding-left: 10px !important;border-left-color: #055dbe !important;border-left-style: solid !important;}\u00bb]<\/p>\n<h4><span style=\"color: #055dbe;\"><strong>El modelo est\u00e1ndar hasta los l\u00edmites<\/strong><\/span><\/h4>\n<p>[\/vc_column_text][\/vc_column_inner][\/vc_row_inner][vc_column_text]<\/p>\n<p class=\"lead\"><span style=\"color: #333333;\">El Modelo Est\u00e1ndar (SM) es nuestra mejor construcci\u00f3n de la realidad microsc\u00f3pica en el nivel m\u00e1s fundamental. El grado de consistencia con el experimento es sorprendentemente bueno. Nuestro Instituto ha desempe\u00f1ado un papel fundamental en este amplio campo de investigaci\u00f3n. Los planes para el futuro se presentar\u00e1n m\u00e1s adelante.<\/span><\/p>\n<p>[\/vc_column_text][vc_video link=\u00bbhttps:\/\/www.youtube.com\/watch?v=moBsKohubD8&#8243; align=\u00bbcenter\u00bb][\/vc_column][\/vc_row][vc_row foundry_background_style=\u00bbbg-secondary\u00bb][vc_column][vc_column_text css=\u00bb.vc_custom_1547486408922{border-left-width: 25px !important;padding-left: 10px !important;border-left-color: #154074 !important;border-left-style: solid !important;}\u00bb]<\/p>\n<h3><span style=\"color: #154074;\"><strong>Programas de investigaci\u00f3n<\/strong><\/span><\/h3>\n<p>[\/vc_column_text][vc_row_inner][vc_column_inner width=\u00bb1\/3&#8243;][vc_column_text css=\u00bb.vc_custom_1594639539908{border-left-width: 25px !important;padding-left: 10px !important;border-left-color: #154074 !important;border-left-style: solid !important;}\u00bb]<\/p>\n<h5><span style=\"color: #154074;\">M\u00e1s all\u00e1 de las b\u00fasquedas SM con LHCb<\/span><\/h5>\n<p><a href=\"https:\/\/cordis.europa.eu\/project\/id\/639068\/es\"><span style=\"color: #999999;\">ERC -Starting Grant \u2013 Diego Mart\u00ednez: \u00abChallenging the Standard Model using an extended Physics program in LHCb\u00bb<\/span><\/a> (hasta marzo 2020).[\/vc_column_text][\/vc_column_inner][vc_column_inner width=\u00bb1\/3&#8243;][vc_column_text css=\u00bb.vc_custom_1594639523341{border-left-width: 25px !important;padding-left: 10px !important;border-left-color: #154074 !important;border-left-style: solid !important;}\u00bb]<\/p>\n<h5><strong><span style=\"color: #154074;\">QCD caliente y denso en la era del LHC y m\u00e1s all\u00e1<\/span><\/strong><\/h5>\n<p><a href=\"https:\/\/cordis.europa.eu\/project\/id\/835105\/es\"><span style=\"color: #999999;\">ERC &#8211; Advanced Grant \u2013 Carlos Salgado: \u00abYoctosecond imaging of QCD collectivity using jet observables\u00bb.<\/span><\/a>[\/vc_column_text][\/vc_column_inner][vc_column_inner width=\u00bb1\/3&#8243;][vc_column_text css=\u00bb.vc_custom_1547486466275{border-left-width: 25px !important;padding-left: 10px !important;border-left-color: #154074 !important;border-left-style: solid !important;}\u00bb]<\/p>\n<h5><strong><span style=\"color: #154074;\">Teor\u00eda de cuerdas y campos relacionados<\/span><\/strong><\/h5>\n<p>[\/vc_column_text][\/vc_column_inner][\/vc_row_inner][\/vc_column][\/vc_row]<\/p>\n","protected":false},"excerpt":{"rendered":"<p>[vc_row foundry_padding=\u00bbpt64 pb64&#8243; foundry_parallax=\u00bbnot-parallax\u00bb css=\u00bb.vc_custom_1512148050508{background-image: url(https:\/\/igfae.usc.es\/~igfae-old\/wp-content\/uploads\/2017\/11\/fondo.jpg?id=122) !important;}\u00bb][vc_column width=\u00bb1\/6&#8243; offset=\u00bbvc_col-lg-offset-1&#8243;][vc_single_image image=\u00bb126&#8243; img_size=\u00bb200&#215;200&#8243; alignment=\u00bbcenter\u00bb css=\u00bb.vc_custom_1512147013205{padding-top: 15px !important;}\u00bb][\/vc_column][vc_column width=\u00bb7\/12&#8243; offset=\u00bbvc_col-lg-offset-1&#8243;][vc_row_inner][vc_column_inner][vc_column_text css=\u00bb.vc_custom_1547546735187{border-left-width: 25px !important;padding-left: 10px&#8230;<\/p>\n","protected":false},"author":1,"featured_media":1892,"parent":2119,"menu_order":0,"comment_status":"closed","ping_status":"closed","template":"","meta":{"om_disable_all_campaigns":false,"_monsterinsights_skip_tracking":false,"_monsterinsights_sitenote_active":false,"_monsterinsights_sitenote_note":"","_monsterinsights_sitenote_category":0},"aioseo_notices":[],"yoast_head":"<!-- This site is optimized with the Yoast SEO plugin v18.4.1 - https:\/\/yoast.com\/wordpress\/plugins\/seo\/ -->\n<title>El modelo est\u00e1ndar hasta los l\u00edmites - IGFAE<\/title>\n<meta name=\"robots\" content=\"index, follow, max-snippet:-1, max-image-preview:large, max-video-preview:-1\" \/>\n<link rel=\"canonical\" href=\"https:\/\/igfae.usc.es\/~igfae-old\/es\/investigacion\/el-modelo-estandar-hasta-sus-ultimas-consecuencias\/\" \/>\n<meta property=\"og:locale\" content=\"es_ES\" \/>\n<meta property=\"og:type\" content=\"article\" \/>\n<meta property=\"og:title\" content=\"El modelo est\u00e1ndar hasta los l\u00edmites - IGFAE\" \/>\n<meta property=\"og:description\" content=\"[vc_row foundry_padding=\u00bbpt64 pb64&#8243; foundry_parallax=\u00bbnot-parallax\u00bb css=\u00bb.vc_custom_1512148050508{background-image: url(https:\/\/igfae.usc.es\/~igfae-old\/wp-content\/uploads\/2017\/11\/fondo.jpg?id=122) !important;}\u00bb][vc_column width=\u00bb1\/6&#8243; offset=\u00bbvc_col-lg-offset-1&#8243;][vc_single_image image=\u00bb126&#8243; img_size=\u00bb200&#215;200&#8243; alignment=\u00bbcenter\u00bb css=\u00bb.vc_custom_1512147013205{padding-top: 15px !important;}\u00bb][\/vc_column][vc_column width=\u00bb7\/12&#8243; offset=\u00bbvc_col-lg-offset-1&#8243;][vc_row_inner][vc_column_inner][vc_column_text css=\u00bb.vc_custom_1547546735187{border-left-width: 25px !important;padding-left: 10px...\" \/>\n<meta property=\"og:url\" content=\"https:\/\/igfae.usc.es\/~igfae-old\/es\/investigacion\/el-modelo-estandar-hasta-sus-ultimas-consecuencias\/\" \/>\n<meta property=\"og:site_name\" content=\"IGFAE\" \/>\n<meta property=\"article:modified_time\" content=\"2023-06-12T12:57:53+00:00\" \/>\n<meta property=\"og:image\" content=\"https:\/\/igfae.usc.es\/~igfae-old\/wp-content\/uploads\/2017\/11\/Transicion-azul-Indicadores.png\" \/>\n\t<meta property=\"og:image:width\" content=\"1920\" \/>\n\t<meta property=\"og:image:height\" content=\"847\" \/>\n\t<meta property=\"og:image:type\" content=\"image\/png\" \/>\n<meta name=\"twitter:card\" content=\"summary_large_image\" \/>\n<meta name=\"twitter:site\" content=\"@igfae_hep\" \/>\n<meta name=\"twitter:label1\" content=\"Tiempo de lectura\" \/>\n\t<meta name=\"twitter:data1\" content=\"2 minutos\" \/>\n<script type=\"application\/ld+json\" class=\"yoast-schema-graph\">{\"@context\":\"https:\/\/schema.org\",\"@graph\":[{\"@type\":\"WebSite\",\"@id\":\"https:\/\/igfae.usc.es\/~igfae-old\/#website\",\"url\":\"https:\/\/igfae.usc.es\/~igfae-old\/\",\"name\":\"IGFAE\",\"description\":\"Instituto Galego de F\u00edsica de Altas Enerx\u00edas\",\"potentialAction\":[{\"@type\":\"SearchAction\",\"target\":{\"@type\":\"EntryPoint\",\"urlTemplate\":\"https:\/\/igfae.usc.es\/~igfae-old\/?s={search_term_string}\"},\"query-input\":\"required name=search_term_string\"}],\"inLanguage\":\"es\"},{\"@type\":\"ImageObject\",\"@id\":\"https:\/\/igfae.usc.es\/~igfae-old\/es\/investigacion\/el-modelo-estandar-hasta-sus-ultimas-consecuencias\/#primaryimage\",\"inLanguage\":\"es\",\"url\":\"https:\/\/igfae.usc.es\/~igfae-old\/wp-content\/uploads\/2017\/11\/Transicion-azul-Indicadores.png\",\"contentUrl\":\"https:\/\/igfae.usc.es\/~igfae-old\/wp-content\/uploads\/2017\/11\/Transicion-azul-Indicadores.png\",\"width\":1920,\"height\":847},{\"@type\":\"WebPage\",\"@id\":\"https:\/\/igfae.usc.es\/~igfae-old\/es\/investigacion\/el-modelo-estandar-hasta-sus-ultimas-consecuencias\/#webpage\",\"url\":\"https:\/\/igfae.usc.es\/~igfae-old\/es\/investigacion\/el-modelo-estandar-hasta-sus-ultimas-consecuencias\/\",\"name\":\"El modelo est\u00e1ndar hasta los l\u00edmites - IGFAE\",\"isPartOf\":{\"@id\":\"https:\/\/igfae.usc.es\/~igfae-old\/#website\"},\"primaryImageOfPage\":{\"@id\":\"https:\/\/igfae.usc.es\/~igfae-old\/es\/investigacion\/el-modelo-estandar-hasta-sus-ultimas-consecuencias\/#primaryimage\"},\"datePublished\":\"2017-12-01T16:23:47+00:00\",\"dateModified\":\"2023-06-12T12:57:53+00:00\",\"breadcrumb\":{\"@id\":\"https:\/\/igfae.usc.es\/~igfae-old\/es\/investigacion\/el-modelo-estandar-hasta-sus-ultimas-consecuencias\/#breadcrumb\"},\"inLanguage\":\"es\",\"potentialAction\":[{\"@type\":\"ReadAction\",\"target\":[\"https:\/\/igfae.usc.es\/~igfae-old\/es\/investigacion\/el-modelo-estandar-hasta-sus-ultimas-consecuencias\/\"]}]},{\"@type\":\"BreadcrumbList\",\"@id\":\"https:\/\/igfae.usc.es\/~igfae-old\/es\/investigacion\/el-modelo-estandar-hasta-sus-ultimas-consecuencias\/#breadcrumb\",\"itemListElement\":[{\"@type\":\"ListItem\",\"position\":1,\"name\":\"Home\",\"item\":\"https:\/\/igfae.usc.es\/~igfae-old\/es\/\"},{\"@type\":\"ListItem\",\"position\":2,\"name\":\"Investigaci\u00f3n\",\"item\":\"https:\/\/igfae.usc.es\/~igfae-old\/es\/investigacion\/\"},{\"@type\":\"ListItem\",\"position\":3,\"name\":\"El modelo est\u00e1ndar hasta los l\u00edmites\"}]}]}<\/script>\n<!-- \/ Yoast SEO plugin. -->","yoast_head_json":{"title":"El modelo est\u00e1ndar hasta los l\u00edmites - IGFAE","robots":{"index":"index","follow":"follow","max-snippet":"max-snippet:-1","max-image-preview":"max-image-preview:large","max-video-preview":"max-video-preview:-1"},"canonical":"https:\/\/igfae.usc.es\/~igfae-old\/es\/investigacion\/el-modelo-estandar-hasta-sus-ultimas-consecuencias\/","og_locale":"es_ES","og_type":"article","og_title":"El modelo est\u00e1ndar hasta los l\u00edmites - IGFAE","og_description":"[vc_row foundry_padding=\u00bbpt64 pb64&#8243; foundry_parallax=\u00bbnot-parallax\u00bb css=\u00bb.vc_custom_1512148050508{background-image: url(https:\/\/igfae.usc.es\/~igfae-old\/wp-content\/uploads\/2017\/11\/fondo.jpg?id=122) !important;}\u00bb][vc_column width=\u00bb1\/6&#8243; offset=\u00bbvc_col-lg-offset-1&#8243;][vc_single_image image=\u00bb126&#8243; img_size=\u00bb200&#215;200&#8243; alignment=\u00bbcenter\u00bb css=\u00bb.vc_custom_1512147013205{padding-top: 15px !important;}\u00bb][\/vc_column][vc_column width=\u00bb7\/12&#8243; offset=\u00bbvc_col-lg-offset-1&#8243;][vc_row_inner][vc_column_inner][vc_column_text css=\u00bb.vc_custom_1547546735187{border-left-width: 25px !important;padding-left: 10px...","og_url":"https:\/\/igfae.usc.es\/~igfae-old\/es\/investigacion\/el-modelo-estandar-hasta-sus-ultimas-consecuencias\/","og_site_name":"IGFAE","article_modified_time":"2023-06-12T12:57:53+00:00","og_image":[{"width":1920,"height":847,"url":"https:\/\/igfae.usc.es\/~igfae-old\/wp-content\/uploads\/2017\/11\/Transicion-azul-Indicadores.png","type":"image\/png"}],"twitter_card":"summary_large_image","twitter_site":"@igfae_hep","twitter_misc":{"Tiempo de lectura":"2 minutos"},"schema":{"@context":"https:\/\/schema.org","@graph":[{"@type":"WebSite","@id":"https:\/\/igfae.usc.es\/~igfae-old\/#website","url":"https:\/\/igfae.usc.es\/~igfae-old\/","name":"IGFAE","description":"Instituto Galego de F\u00edsica de Altas Enerx\u00edas","potentialAction":[{"@type":"SearchAction","target":{"@type":"EntryPoint","urlTemplate":"https:\/\/igfae.usc.es\/~igfae-old\/?s={search_term_string}"},"query-input":"required name=search_term_string"}],"inLanguage":"es"},{"@type":"ImageObject","@id":"https:\/\/igfae.usc.es\/~igfae-old\/es\/investigacion\/el-modelo-estandar-hasta-sus-ultimas-consecuencias\/#primaryimage","inLanguage":"es","url":"https:\/\/igfae.usc.es\/~igfae-old\/wp-content\/uploads\/2017\/11\/Transicion-azul-Indicadores.png","contentUrl":"https:\/\/igfae.usc.es\/~igfae-old\/wp-content\/uploads\/2017\/11\/Transicion-azul-Indicadores.png","width":1920,"height":847},{"@type":"WebPage","@id":"https:\/\/igfae.usc.es\/~igfae-old\/es\/investigacion\/el-modelo-estandar-hasta-sus-ultimas-consecuencias\/#webpage","url":"https:\/\/igfae.usc.es\/~igfae-old\/es\/investigacion\/el-modelo-estandar-hasta-sus-ultimas-consecuencias\/","name":"El modelo est\u00e1ndar hasta los l\u00edmites - IGFAE","isPartOf":{"@id":"https:\/\/igfae.usc.es\/~igfae-old\/#website"},"primaryImageOfPage":{"@id":"https:\/\/igfae.usc.es\/~igfae-old\/es\/investigacion\/el-modelo-estandar-hasta-sus-ultimas-consecuencias\/#primaryimage"},"datePublished":"2017-12-01T16:23:47+00:00","dateModified":"2023-06-12T12:57:53+00:00","breadcrumb":{"@id":"https:\/\/igfae.usc.es\/~igfae-old\/es\/investigacion\/el-modelo-estandar-hasta-sus-ultimas-consecuencias\/#breadcrumb"},"inLanguage":"es","potentialAction":[{"@type":"ReadAction","target":["https:\/\/igfae.usc.es\/~igfae-old\/es\/investigacion\/el-modelo-estandar-hasta-sus-ultimas-consecuencias\/"]}]},{"@type":"BreadcrumbList","@id":"https:\/\/igfae.usc.es\/~igfae-old\/es\/investigacion\/el-modelo-estandar-hasta-sus-ultimas-consecuencias\/#breadcrumb","itemListElement":[{"@type":"ListItem","position":1,"name":"Home","item":"https:\/\/igfae.usc.es\/~igfae-old\/es\/"},{"@type":"ListItem","position":2,"name":"Investigaci\u00f3n","item":"https:\/\/igfae.usc.es\/~igfae-old\/es\/investigacion\/"},{"@type":"ListItem","position":3,"name":"El modelo est\u00e1ndar hasta los l\u00edmites"}]}]}},"_links":{"self":[{"href":"https:\/\/igfae.usc.es\/~igfae-old\/es\/wp-json\/wp\/v2\/pages\/2131"}],"collection":[{"href":"https:\/\/igfae.usc.es\/~igfae-old\/es\/wp-json\/wp\/v2\/pages"}],"about":[{"href":"https:\/\/igfae.usc.es\/~igfae-old\/es\/wp-json\/wp\/v2\/types\/page"}],"author":[{"embeddable":true,"href":"https:\/\/igfae.usc.es\/~igfae-old\/es\/wp-json\/wp\/v2\/users\/1"}],"replies":[{"embeddable":true,"href":"https:\/\/igfae.usc.es\/~igfae-old\/es\/wp-json\/wp\/v2\/comments?post=2131"}],"version-history":[{"count":8,"href":"https:\/\/igfae.usc.es\/~igfae-old\/es\/wp-json\/wp\/v2\/pages\/2131\/revisions"}],"predecessor-version":[{"id":13632,"href":"https:\/\/igfae.usc.es\/~igfae-old\/es\/wp-json\/wp\/v2\/pages\/2131\/revisions\/13632"}],"up":[{"embeddable":true,"href":"https:\/\/igfae.usc.es\/~igfae-old\/es\/wp-json\/wp\/v2\/pages\/2119"}],"wp:featuredmedia":[{"embeddable":true,"href":"https:\/\/igfae.usc.es\/~igfae-old\/es\/wp-json\/wp\/v2\/media\/1892"}],"wp:attachment":[{"href":"https:\/\/igfae.usc.es\/~igfae-old\/es\/wp-json\/wp\/v2\/media?parent=2131"}],"curies":[{"name":"wp","href":"https:\/\/api.w.org\/{rel}","templated":true}]}}