



{"id":2111,"date":"2017-12-12T15:29:00","date_gmt":"2017-12-12T15:29:00","guid":{"rendered":"https:\/\/igfae.usc.es\/centrosingular\/research-projects\/"},"modified":"2019-01-14T17:11:43","modified_gmt":"2019-01-14T17:11:43","slug":"proyectos-de-investigacion","status":"publish","type":"page","link":"https:\/\/igfae.usc.es\/~igfae-old\/es\/investigacion\/proyectos-de-investigacion\/","title":{"rendered":"Proyectos de investigaci\u00f3n"},"content":{"rendered":"<p>[vc_row foundry_parallax=\u00bbnot-parallax\u00bb][vc_column][vc_column_text]<div class=\"igfae-search\">\r\n    <form id=\"igfae-search-form\" method=\"post\" action=\"https:\/\/igfae.usc.es\/~igfae-old\/wp-admin\/admin-ajax.php\">\r\n    <input type=\"hidden\" name=\"action\" value=\"igfae_filter_projects\" \/>\r\n    <div class=\"row\">\r\n\r\n        \r\n        <div class=\"col-xs-12 col-sm-5 col-lg-5\">\r\n            <input type='text' name='igfae-keywords' size='50' placeholder=\"Buscar...\">\r\n        <\/div>\r\n        \r\n        <div class=\"clearfix visible-xs\"><\/div>\r\n\r\n        <div class=\"col-xs-4 col-sm-3 col-lg-3\">\r\n            <select name=\"igfae-type\">\r\n                                                            <option value=\"all\">Todos<\/option>\r\n                                                                                <option value=\"String Theory\">String Theory<\/option>\r\n                                                                                <option value=\"QCD Pheno\">QCD Pheno<\/option>\r\n                                                                                <option selected value=\"\"><\/option>\r\n                                                                                <option value=\"Nuclear Structure\">Nuclear Structure<\/option>\r\n                                                                                <option value=\"Next\">Next<\/option>\r\n                                                                                <option value=\"LHCb\">LHCb<\/option>\r\n                                                                                <option value=\"LaserPET, Nuclear Structure\">LaserPET, Nuclear Structure<\/option>\r\n                                                                                <option value=\"LaserPET\">LaserPET<\/option>\r\n                                                                                <option value=\"Instituto Galego de F\u00edsica de Altas Enerx\u00edas\">Instituto Galego de F\u00edsica de Altas Enerx\u00edas<\/option>\r\n                                                                                <option value=\"Gravitational Waves\">Gravitational Waves<\/option>\r\n                                                                                <option value=\"Astroparticle\">Astroparticle<\/option>\r\n                                                <\/select>\r\n        <\/div>\r\n\r\n        <div class=\"col-xs-4 col-sm-2 col-lg-2\">\r\n            <select name=\"igfae-type2\">\r\n                                                            <option selected value=\"all\">Todos<\/option>\r\n                                                                                <option value=\"2026\">2026<\/option>\r\n                                                                                <option value=\"2025\">2025<\/option>\r\n                                                                                <option value=\"2024\">2024<\/option>\r\n                                                                                <option value=\"2023\">2023<\/option>\r\n                                                                                <option value=\"2022\">2022<\/option>\r\n                                                                                <option value=\"2021\">2021<\/option>\r\n                                                                                <option value=\"2020\">2020<\/option>\r\n                                                                                <option value=\"2019\">2019<\/option>\r\n                                                                                <option value=\"2018\">2018<\/option>\r\n                                                                                <option value=\"2017\">2017<\/option>\r\n                                                                                <option value=\"2016\">2016<\/option>\r\n                                                                                <option value=\"2015\">2015<\/option>\r\n                                                                                <option value=\"2014\">2014<\/option>\r\n                                                                                <option value=\"2013\">2013<\/option>\r\n                                                                                <option value=\"2012\">2012<\/option>\r\n                                                                                <option value=\"2011\">2011<\/option>\r\n                                                                                <option value=\"2010\">2010<\/option>\r\n                                                                                <option value=\"2009\">2009<\/option>\r\n                                                                                <option value=\"2008\">2008<\/option>\r\n                                                                                <option value=\"2007\">2007<\/option>\r\n                                                                                <option value=\"2005\">2005<\/option>\r\n                                                                                <option value=\"\"><\/option>\r\n                                                <\/select>\r\n        <\/div>\r\n    \r\n        <div class=\"col-xs-4 col-sm-2 col-lg-2\">\r\n            <input value='Buscar' type='submit'>\r\n        <\/div>\r\n    <\/div>\r\n<\/form>\r\n    <div id=\"igfae-search-results\" class=\"igfae-search-results\">\r\n        <div class='panel-group group-projects' id='igfae-list'>\r\n\r\n    <table>\r\n        <tbody>\r\n                    <tr class=\"ifgae-table-row\">\r\n\t<td class='ifgae-table-cell info-cell'>\r\n\t\t\t\t\t\t\t\t\t<span class=\"igfae-type project-group\">QCD Pheno<\/span>\r\n\t\t\t\t\t\t\t\r\n\t\t\t\t<h4 class='igfae-show-title project-title'>\r\n\t\t\tAcci\u00f3n 2.4 Medidas complementarias de apoio aos centros GIGUS: IGFAE Convenio Acci\u00f3n I+D\t\t<\/h4>\r\n\t\t\t\t\r\n\t\t<ul class=\"list-unstyled project-info\">\r\n\t\t\t\t\t\t\t<li>\r\n\t\t\t\t\t<strong> Investigador principal:<\/strong> \r\n\t\t\t\t\tCarlos Alberto Salgado L\u00f3pez\t\t\t\t<\/li>\r\n\t\t\t\r\n\t\t\t\t\t\t<li>\r\n\t\t\t\t\t\t\t\t\t\r\n\t\t\t\t\t<strong> Fecha de inicio:<\/strong> \r\n\t\t\t\t\t2026-11-30\t\t\t\t\t\r\n\t\t\t\t\r\n\t\t\t\t\r\n\t\t\t\t\t<strong> Fecha de finalizaci\u00f3n:<\/strong> \r\n\t\t\t\t\t2025-01-01\r\n\t\t\t\t\t\t\t<\/li>\r\n\t\t\t\r\n\t\t\t\t\t\t\t<li>\r\n\t\t\t\t\t<strong> Agencia:<\/strong> \r\n\t\t\t\t\tCONSELLER\u00cdA DE EDUCACI\u00d3N, UNIVERSIDADE E FORMACI\u00d3N PROFESIONAL\t\t\t\t<\/li>\r\n\t\t\t\t\t\t\t\t\t\t<li>\r\n\t\t\t\t\t<strong> Referencia:<\/strong> \r\n\t\t\t\t\t2025-AD027\t\t\t\t<\/li>\r\n\t\t\t\t\t<\/ul>\r\n\t<\/td>\r\n<\/tr>    \t            <tr class=\"ifgae-table-row\">\r\n\t<td class='ifgae-table-cell info-cell'>\r\n\t\t\t\t\t\t\t\t\t<span class=\"igfae-type project-group\">Nuclear Structure<\/span>\r\n\t\t\t\t\t\t\t\r\n\t\t\t\t<h4 class='igfae-show-title project-title'>\r\n\t\t\tDIPOLAR fermionic SuperFluidity (DIPOLAR_SF)\t\t<\/h4>\r\n\t\t\t\t\r\n\t\t<ul class=\"list-unstyled project-info\">\r\n\t\t\t\t\t\t\t<li>\r\n\t\t\t\t\t<strong> Investigador principal:<\/strong> \r\n\t\t\t\t\tC\u00e9sar Raymundo Cabrera Cordova\t\t\t\t<\/li>\r\n\t\t\t\r\n\t\t\t\t\t\t<li>\r\n\t\t\t\t\t\t\t\t\t\r\n\t\t\t\t\t<strong> Fecha de inicio:<\/strong> \r\n\t\t\t\t\t2026-03-01\t\t\t\t\t\r\n\t\t\t\t\r\n\t\t\t\t\r\n\t\t\t\t\t<strong> Fecha de finalizaci\u00f3n:<\/strong> \r\n\t\t\t\t\t2031-02-28\r\n\t\t\t\t\t\t\t<\/li>\r\n\t\t\t\r\n\t\t\t\t\t\t\t\t\t\t<li>\r\n\t\t\t\t\t<strong> Referencia:<\/strong> \r\n\t\t\t\t\t101222586\t\t\t\t<\/li>\r\n\t\t\t\t\t<\/ul>\r\n\t<\/td>\r\n<\/tr>    \t            <tr class=\"ifgae-table-row\">\r\n\t<td class='ifgae-table-cell info-cell'>\r\n\t\t\t\t\t\t\t\t\t<span class=\"igfae-type project-group\">Gravitational Waves<\/span>\r\n\t\t\t\t\t\t\t\r\n\t\t\t\t<h4 class='igfae-show-title project-title'>\r\n\t\t\tAstrof\u00edsica, cosmolog\u00eda y f\u00edsica fundamental mediante observaciones de fusiones de objetos compac...\t\t<\/h4>\r\n\t\t\t\t\r\n\t\t<ul class=\"list-unstyled project-info\">\r\n\t\t\t\t\t\t\t<li>\r\n\t\t\t\t\t<strong> Investigador principal:<\/strong> \r\n\t\t\t\t\tJuan Calder\u00f3n Bustillo\t\t\t\t<\/li>\r\n\t\t\t\r\n\t\t\t\t\t\t<li>\r\n\t\t\t\t\t\t\t\t\t\r\n\t\t\t\t\t<strong> Fecha de inicio:<\/strong> \r\n\t\t\t\t\t2025-09-01\t\t\t\t\t\r\n\t\t\t\t\r\n\t\t\t\t\r\n\t\t\t\t\t<strong> Fecha de finalizaci\u00f3n:<\/strong> \r\n\t\t\t\t\t2028-08-31\r\n\t\t\t\t\t\t\t<\/li>\r\n\t\t\t\r\n\t\t\t\t\t\t\t<li>\r\n\t\t\t\t\t<strong> Agencia:<\/strong> \r\n\t\t\t\t\tAEI - Agencia Estatal de Investigaci\u00f3n\t\t\t\t<\/li>\r\n\t\t\t\t\t\t\t\t\t\t<li>\r\n\t\t\t\t\t<strong> Referencia:<\/strong> \r\n\t\t\t\t\tPID2024-160643NB-I00\t\t\t\t<\/li>\r\n\t\t\t\t\t<\/ul>\r\n\t<\/td>\r\n<\/tr>    \t            <tr class=\"ifgae-table-row\">\r\n\t<td class='ifgae-table-cell info-cell'>\r\n\t\t\t\t\t\t\t\t\t<span class=\"igfae-type project-group\">LHCb<\/span>\r\n\t\t\t\t\t\t\t\r\n\t\t\t\t<h4 class='igfae-show-title project-title'>\r\n\t\t\tReuni\u00f3ns Cient\u00edficas. CID VIDAL, XABIER\t\t<\/h4>\r\n\t\t\t\t\r\n\t\t<ul class=\"list-unstyled project-info\">\r\n\t\t\t\t\t\t\t<li>\r\n\t\t\t\t\t<strong> Investigador principal:<\/strong> \r\n\t\t\t\t\tXabier Cid Vidal\t\t\t\t<\/li>\r\n\t\t\t\r\n\t\t\t\t\t\t<li>\r\n\t\t\t\t\t\t\t\t\t\r\n\t\t\t\t\t<strong> Fecha de inicio:<\/strong> \r\n\t\t\t\t\t2025-06-20\t\t\t\t\t\r\n\t\t\t\t\r\n\t\t\t\t\r\n\t\t\t\t\t<strong> Fecha de finalizaci\u00f3n:<\/strong> \r\n\t\t\t\t\t2025-12-31\r\n\t\t\t\t\t\t\t<\/li>\r\n\t\t\t\r\n\t\t\t\t\t\t\t\t\t\t<li>\r\n\t\t\t\t\t<strong> Referencia:<\/strong> \r\n\t\t\t\t\t2025-RC032\t\t\t\t<\/li>\r\n\t\t\t\t\t<\/ul>\r\n\t<\/td>\r\n<\/tr>    \t            <tr class=\"ifgae-table-row\">\r\n\t<td class='ifgae-table-cell info-cell'>\r\n\t\t\t\t\t\t\t\t\t<span class=\"igfae-type project-group\">Astroparticle<\/span>\r\n\t\t\t\t\t\t\t\r\n\t\t\t\t<h4 class='igfae-show-title project-title'>\r\n\t\t\tF\u00edsica Hadr\u00f3nica a energias ultra altas con el Observatorio Pierre Auger (AugerHadronics)\t\t<\/h4>\r\n\t\t\t\t\r\n\t\t<ul class=\"list-unstyled project-info\">\r\n\t\t\t\t\t\t\t<li>\r\n\t\t\t\t\t<strong> Investigador principal:<\/strong> \r\n\t\t\t\t\tLorenzo Caz\u00f3n Boado\t\t\t\t<\/li>\r\n\t\t\t\r\n\t\t\t\t\t\t<li>\r\n\t\t\t\t\t\t\t\t\t\r\n\t\t\t\t\t<strong> Fecha de inicio:<\/strong> \r\n\t\t\t\t\t2025-04-01\t\t\t\t\t\r\n\t\t\t\t\r\n\t\t\t\t\r\n\t\t\t\t\t<strong> Fecha de finalizaci\u00f3n:<\/strong> \r\n\t\t\t\t\t2027-03-31\r\n\t\t\t\t\t\t\t<\/li>\r\n\t\t\t\r\n\t\t\t\t\t\t\t\t\t\t<li>\r\n\t\t\t\t\t<strong> Referencia:<\/strong> \r\n\t\t\t\t\tCNS2024-154676\t\t\t\t<\/li>\r\n\t\t\t\t\t<\/ul>\r\n\t<\/td>\r\n<\/tr>    \t            <tr class=\"ifgae-table-row\">\r\n\t<td class='ifgae-table-cell info-cell'>\r\n\t\t\t\t\t\t\t\t\t<span class=\"igfae-type project-group\">QCD Pheno<\/span>\r\n\t\t\t\t\t\t\t\r\n\t\t\t\t<h4 class='igfae-show-title project-title'>\r\n\t\t\tProbing nuclear parton dynamics in Heavy-Ion Collisions with Hard Probes HIC-HP\t\t<\/h4>\r\n\t\t\t\t\r\n\t\t<ul class=\"list-unstyled project-info\">\r\n\t\t\t\t\t\t\t<li>\r\n\t\t\t\t\t<strong> Investigador principal:<\/strong> \r\n\t\t\t\t\tLin Chen\t\t\t\t<\/li>\r\n\t\t\t\r\n\t\t\t\t\t\t<li>\r\n\t\t\t\t\t\t\t\t\t\r\n\t\t\t\t\t<strong> Fecha de inicio:<\/strong> \r\n\t\t\t\t\t2025-04-01\t\t\t\t\t\r\n\t\t\t\t\r\n\t\t\t\t\r\n\t\t\t\t\t<strong> Fecha de finalizaci\u00f3n:<\/strong> \r\n\t\t\t\t\t2027-03-31\r\n\t\t\t\t\t\t\t<\/li>\r\n\t\t\t\r\n\t\t\t\t\t\t\t<li>\r\n\t\t\t\t\t<strong> Agencia:<\/strong> \r\n\t\t\t\t\tEuropean Commission - Horizon 2020\t\t\t\t<\/li>\r\n\t\t\t\t\t\t\t\t\t\t<li>\r\n\t\t\t\t\t<strong> Referencia:<\/strong> \r\n\t\t\t\t\t101210595-1\t\t\t\t<\/li>\r\n\t\t\t\t\t<\/ul>\r\n\t<\/td>\r\n<\/tr>    \t            <tr class=\"ifgae-table-row\">\r\n\t<td class='ifgae-table-cell info-cell'>\r\n\t\t\t\t\t\t\t\t\t<span class=\"igfae-type project-group\">LHCb<\/span>\r\n\t\t\t\t\t\t\t\r\n\t\t\t\t<h4 class='igfae-show-title project-title'>\r\n\t\t\tReuni\u00f3ns Cient\u00edficas. GALLAS TORREIRA, ABRAHAM ANTONIO\t\t<\/h4>\r\n\t\t\t\t\r\n\t\t<ul class=\"list-unstyled project-info\">\r\n\t\t\t\t\t\t\t<li>\r\n\t\t\t\t\t<strong> Investigador principal:<\/strong> \r\n\t\t\t\t\tAbraham Antonio Gallas Torreira\t\t\t\t<\/li>\r\n\t\t\t\r\n\t\t\t\t\t\t<li>\r\n\t\t\t\t\t\t\t\t\t\r\n\t\t\t\t\t<strong> Fecha de inicio:<\/strong> \r\n\t\t\t\t\t2025-03-31\t\t\t\t\t\r\n\t\t\t\t\r\n\t\t\t\t\r\n\t\t\t\t\t<strong> Fecha de finalizaci\u00f3n:<\/strong> \r\n\t\t\t\t\t2025-12-31\r\n\t\t\t\t\t\t\t<\/li>\r\n\t\t\t\r\n\t\t\t\t\t\t\t\t\t\t<li>\r\n\t\t\t\t\t<strong> Referencia:<\/strong> \r\n\t\t\t\t\t2025-RC024\t\t\t\t<\/li>\r\n\t\t\t\t\t<\/ul>\r\n\t<\/td>\r\n<\/tr>    \t            <tr class=\"ifgae-table-row\">\r\n\t<td class='ifgae-table-cell info-cell'>\r\n\t\t\t\t\t\t\t\t\t<span class=\"igfae-type project-group\">LHCb<\/span>\r\n\t\t\t\t\t\t\t\r\n\t\t\t\t<h4 class='igfae-show-title project-title'>\r\n\t\t\tServizos Prestados I+d. GALLAS TORREIRA, ABRAHAM ANTONIO\t\t<\/h4>\r\n\t\t\t\t\r\n\t\t<ul class=\"list-unstyled project-info\">\r\n\t\t\t\t\t\t\t<li>\r\n\t\t\t\t\t<strong> Investigador principal:<\/strong> \r\n\t\t\t\t\tAbraham Antonio Gallas Torreira\t\t\t\t<\/li>\r\n\t\t\t\r\n\t\t\t\t\t\t<li>\r\n\t\t\t\t\t\t\t\t\t\r\n\t\t\t\t\t<strong> Fecha de inicio:<\/strong> \r\n\t\t\t\t\t2025-03-31\t\t\t\t\t\r\n\t\t\t\t\r\n\t\t\t\t\r\n\t\t\t\t\t<strong> Fecha de finalizaci\u00f3n:<\/strong> \r\n\t\t\t\t\t2025-12-31\r\n\t\t\t\t\t\t\t<\/li>\r\n\t\t\t\r\n\t\t\t\t\t\t\t\t\t\t<li>\r\n\t\t\t\t\t<strong> Referencia:<\/strong> \r\n\t\t\t\t\t2025-CP049\t\t\t\t<\/li>\r\n\t\t\t\t\t<\/ul>\r\n\t<\/td>\r\n<\/tr>    \t            <tr class=\"ifgae-table-row\">\r\n\t<td class='ifgae-table-cell info-cell'>\r\n\t\t\t\t\t\t\t\t\t<span class=\"igfae-type project-group\">String Theory<\/span>\r\n\t\t\t\t\t\t\t\r\n\t\t\t\t<h4 class='igfae-show-title project-title'>\r\n\t\t\tEstudo de diversos aspectos das teor\u00edas de camposconformes utilizando os m\u00e9todos bootstrap e dualidade AdS\/CFT\t\t<\/h4>\r\n\t\t\t\t\r\n\t\t<ul class=\"list-unstyled project-info\">\r\n\t\t\t\t\t\t\t<li>\r\n\t\t\t\t\t<strong> Investigador principal:<\/strong> \r\n\t\t\t\t\tKonstantinos Christos Rigatos\t\t\t\t<\/li>\r\n\t\t\t\r\n\t\t\t\t\t\t<li>\r\n\t\t\t\t\t\t\t\t\t\r\n\t\t\t\t\t<strong> Fecha de inicio:<\/strong> \r\n\t\t\t\t\t2025-01-01\t\t\t\t\t\r\n\t\t\t\t\r\n\t\t\t\t\r\n\t\t\t\t\t<strong> Fecha de finalizaci\u00f3n:<\/strong> \r\n\t\t\t\t\t2026-12-31\r\n\t\t\t\t\t\t\t<\/li>\r\n\t\t\t\r\n\t\t\t\t\t\t\t<li>\r\n\t\t\t\t\t<strong> Agencia:<\/strong> \r\n\t\t\t\t\tAEI - Agencia Estatal de Investigaci\u00f3n\t\t\t\t<\/li>\r\n\t\t\t\t\t\t\t\t\t\t<li>\r\n\t\t\t\t\t<strong> Referencia:<\/strong> \r\n\t\t\t\t\tJDC2023-052686-I\t\t\t\t<\/li>\r\n\t\t\t\t\t<\/ul>\r\n\t<\/td>\r\n<\/tr>    \t            <tr class=\"ifgae-table-row\">\r\n\t<td class='ifgae-table-cell info-cell'>\r\n\t\t\t\t\t\t\t\t\t<span class=\"igfae-type project-group\">LHCb<\/span>\r\n\t\t\t\t\t\t\t\r\n\t\t\t\t<h4 class='igfae-show-title project-title'>\r\n\t\t\tPROXECTOS DE EXCELENCIA 2025 - Li\u00f1a de reforzo de traxectorias emerxentes - Estudo de decaementos raros de mes\u00f3ns B no LHCb\t\t<\/h4>\r\n\t\t\t\t\r\n\t\t<ul class=\"list-unstyled project-info\">\r\n\t\t\t\t\t\t\t<li>\r\n\t\t\t\t\t<strong> Investigador principal:<\/strong> \r\n\t\t\t\t\tMar\u00eda Vieites D\u00edaz\t\t\t\t<\/li>\r\n\t\t\t\r\n\t\t\t\t\t\t<li>\r\n\t\t\t\t\t\t\t\t\t\r\n\t\t\t\t\t<strong> Fecha de inicio:<\/strong> \r\n\t\t\t\t\t2025-01-01\t\t\t\t\t\r\n\t\t\t\t\r\n\t\t\t\t\r\n\t\t\t\t\t<strong> Fecha de finalizaci\u00f3n:<\/strong> \r\n\t\t\t\t\t2029-11-20\r\n\t\t\t\t\t\t\t<\/li>\r\n\t\t\t\r\n\t\t\t\t\t\t\t\t\t\t<li>\r\n\t\t\t\t\t<strong> Referencia:<\/strong> \r\n\t\t\t\t\tED431F 2025\/01\t\t\t\t<\/li>\r\n\t\t\t\t\t<\/ul>\r\n\t<\/td>\r\n<\/tr>    \t        <\/tbody>\r\n    <\/table>\r\n    \r\n        <div class=\"row\">\r\n        \r\n<div class=\"col-xs-12 text-center\">\r\n    <nav id=\"igfae-pagination\" aria-label=\"igfae-pagination\">\r\n        <ul class=\"pagination\">\r\n\r\n            \r\n            \r\n                                    <li class=\"page-item disabled active\">\r\n                                    <a class=\"page-link\" data-page=\"0\" href=\"#igfae-search-form\">\r\n                        1                    <\/a>\r\n                <\/li>\r\n            \r\n                                    <li class=\"page-item\">\r\n                                    <a class=\"page-link\" data-page=\"1\" href=\"#igfae-search-form\">\r\n                        2                    <\/a>\r\n                <\/li>\r\n                        \r\n                            <li>\r\n                    <span>...<\/span>\r\n                <\/li>\r\n                <li class=\"page-item\">\r\n                    <a class=\"page-link\" data-page=\"29\" href=\"#igfae-search-form\">\r\n                        30                    <\/a>\r\n                <\/li>\r\n                    <\/ul>\r\n    <\/nav>\r\n<\/div>    <\/div>\r\n    \r\n<\/div>    <\/div>\r\n    <div id=\"loader\" class=\"hidden\"><\/div>\r\n<\/div>\r\n[\/vc_column_text][\/vc_column][\/vc_row]<\/p>\n","protected":false},"excerpt":{"rendered":"<p>[vc_row foundry_parallax=\u00bbnot-parallax\u00bb][vc_column][vc_column_text][\/vc_column_text][\/vc_column][\/vc_row]<\/p>\n","protected":false},"author":1,"featured_media":1892,"parent":2119,"menu_order":0,"comment_status":"closed","ping_status":"closed","template":"","meta":{"om_disable_all_campaigns":false,"_monsterinsights_skip_tracking":false,"_monsterinsights_sitenote_active":false,"_monsterinsights_sitenote_note":"","_monsterinsights_sitenote_category":0},"aioseo_notices":[],"yoast_head":"<!-- This site is optimized with the Yoast SEO plugin v18.4.1 - https:\/\/yoast.com\/wordpress\/plugins\/seo\/ -->\n<title>Proyectos de investigaci\u00f3n - IGFAE<\/title>\n<meta name=\"robots\" content=\"index, follow, max-snippet:-1, max-image-preview:large, max-video-preview:-1\" \/>\n<link rel=\"canonical\" href=\"https:\/\/igfae.usc.es\/~igfae-old\/es\/investigacion\/proyectos-de-investigacion\/\" \/>\n<meta property=\"og:locale\" content=\"es_ES\" \/>\n<meta property=\"og:type\" content=\"article\" \/>\n<meta property=\"og:title\" content=\"Proyectos de investigaci\u00f3n - IGFAE\" \/>\n<meta property=\"og:description\" content=\"[vc_row foundry_parallax=\u00bbnot-parallax\u00bb][vc_column][vc_column_text][\/vc_column_text][\/vc_column][\/vc_row]\" \/>\n<meta property=\"og:url\" content=\"https:\/\/igfae.usc.es\/~igfae-old\/es\/investigacion\/proyectos-de-investigacion\/\" \/>\n<meta property=\"og:site_name\" content=\"IGFAE\" \/>\n<meta property=\"article:modified_time\" content=\"2019-01-14T17:11:43+00:00\" \/>\n<meta property=\"og:image\" content=\"https:\/\/igfae.usc.es\/~igfae-old\/wp-content\/uploads\/2017\/11\/Transicion-azul-Indicadores.png\" \/>\n\t<meta property=\"og:image:width\" content=\"1920\" \/>\n\t<meta property=\"og:image:height\" content=\"847\" \/>\n\t<meta property=\"og:image:type\" content=\"image\/png\" \/>\n<meta name=\"twitter:card\" content=\"summary_large_image\" \/>\n<meta name=\"twitter:site\" content=\"@igfae_hep\" \/>\n<script type=\"application\/ld+json\" class=\"yoast-schema-graph\">{\"@context\":\"https:\/\/schema.org\",\"@graph\":[{\"@type\":\"WebSite\",\"@id\":\"https:\/\/igfae.usc.es\/~igfae-old\/#website\",\"url\":\"https:\/\/igfae.usc.es\/~igfae-old\/\",\"name\":\"IGFAE\",\"description\":\"Instituto Galego de F\u00edsica de Altas Enerx\u00edas\",\"potentialAction\":[{\"@type\":\"SearchAction\",\"target\":{\"@type\":\"EntryPoint\",\"urlTemplate\":\"https:\/\/igfae.usc.es\/~igfae-old\/?s={search_term_string}\"},\"query-input\":\"required name=search_term_string\"}],\"inLanguage\":\"es\"},{\"@type\":\"ImageObject\",\"@id\":\"https:\/\/igfae.usc.es\/~igfae-old\/es\/investigacion\/proyectos-de-investigacion\/#primaryimage\",\"inLanguage\":\"es\",\"url\":\"https:\/\/igfae.usc.es\/~igfae-old\/wp-content\/uploads\/2017\/11\/Transicion-azul-Indicadores.png\",\"contentUrl\":\"https:\/\/igfae.usc.es\/~igfae-old\/wp-content\/uploads\/2017\/11\/Transicion-azul-Indicadores.png\",\"width\":1920,\"height\":847},{\"@type\":\"WebPage\",\"@id\":\"https:\/\/igfae.usc.es\/~igfae-old\/es\/investigacion\/proyectos-de-investigacion\/#webpage\",\"url\":\"https:\/\/igfae.usc.es\/~igfae-old\/es\/investigacion\/proyectos-de-investigacion\/\",\"name\":\"Proyectos de investigaci\u00f3n - IGFAE\",\"isPartOf\":{\"@id\":\"https:\/\/igfae.usc.es\/~igfae-old\/#website\"},\"primaryImageOfPage\":{\"@id\":\"https:\/\/igfae.usc.es\/~igfae-old\/es\/investigacion\/proyectos-de-investigacion\/#primaryimage\"},\"datePublished\":\"2017-12-12T15:29:00+00:00\",\"dateModified\":\"2019-01-14T17:11:43+00:00\",\"breadcrumb\":{\"@id\":\"https:\/\/igfae.usc.es\/~igfae-old\/es\/investigacion\/proyectos-de-investigacion\/#breadcrumb\"},\"inLanguage\":\"es\",\"potentialAction\":[{\"@type\":\"ReadAction\",\"target\":[\"https:\/\/igfae.usc.es\/~igfae-old\/es\/investigacion\/proyectos-de-investigacion\/\"]}]},{\"@type\":\"BreadcrumbList\",\"@id\":\"https:\/\/igfae.usc.es\/~igfae-old\/es\/investigacion\/proyectos-de-investigacion\/#breadcrumb\",\"itemListElement\":[{\"@type\":\"ListItem\",\"position\":1,\"name\":\"Home\",\"item\":\"https:\/\/igfae.usc.es\/~igfae-old\/es\/\"},{\"@type\":\"ListItem\",\"position\":2,\"name\":\"Investigaci\u00f3n\",\"item\":\"https:\/\/igfae.usc.es\/~igfae-old\/es\/investigacion\/\"},{\"@type\":\"ListItem\",\"position\":3,\"name\":\"Proyectos de investigaci\u00f3n\"}]}]}<\/script>\n<!-- \/ Yoast SEO plugin. -->","yoast_head_json":{"title":"Proyectos de investigaci\u00f3n - IGFAE","robots":{"index":"index","follow":"follow","max-snippet":"max-snippet:-1","max-image-preview":"max-image-preview:large","max-video-preview":"max-video-preview:-1"},"canonical":"https:\/\/igfae.usc.es\/~igfae-old\/es\/investigacion\/proyectos-de-investigacion\/","og_locale":"es_ES","og_type":"article","og_title":"Proyectos de investigaci\u00f3n - IGFAE","og_description":"[vc_row foundry_parallax=\u00bbnot-parallax\u00bb][vc_column][vc_column_text][\/vc_column_text][\/vc_column][\/vc_row]","og_url":"https:\/\/igfae.usc.es\/~igfae-old\/es\/investigacion\/proyectos-de-investigacion\/","og_site_name":"IGFAE","article_modified_time":"2019-01-14T17:11:43+00:00","og_image":[{"width":1920,"height":847,"url":"https:\/\/igfae.usc.es\/~igfae-old\/wp-content\/uploads\/2017\/11\/Transicion-azul-Indicadores.png","type":"image\/png"}],"twitter_card":"summary_large_image","twitter_site":"@igfae_hep","schema":{"@context":"https:\/\/schema.org","@graph":[{"@type":"WebSite","@id":"https:\/\/igfae.usc.es\/~igfae-old\/#website","url":"https:\/\/igfae.usc.es\/~igfae-old\/","name":"IGFAE","description":"Instituto Galego de F\u00edsica de Altas Enerx\u00edas","potentialAction":[{"@type":"SearchAction","target":{"@type":"EntryPoint","urlTemplate":"https:\/\/igfae.usc.es\/~igfae-old\/?s={search_term_string}"},"query-input":"required name=search_term_string"}],"inLanguage":"es"},{"@type":"ImageObject","@id":"https:\/\/igfae.usc.es\/~igfae-old\/es\/investigacion\/proyectos-de-investigacion\/#primaryimage","inLanguage":"es","url":"https:\/\/igfae.usc.es\/~igfae-old\/wp-content\/uploads\/2017\/11\/Transicion-azul-Indicadores.png","contentUrl":"https:\/\/igfae.usc.es\/~igfae-old\/wp-content\/uploads\/2017\/11\/Transicion-azul-Indicadores.png","width":1920,"height":847},{"@type":"WebPage","@id":"https:\/\/igfae.usc.es\/~igfae-old\/es\/investigacion\/proyectos-de-investigacion\/#webpage","url":"https:\/\/igfae.usc.es\/~igfae-old\/es\/investigacion\/proyectos-de-investigacion\/","name":"Proyectos de investigaci\u00f3n - IGFAE","isPartOf":{"@id":"https:\/\/igfae.usc.es\/~igfae-old\/#website"},"primaryImageOfPage":{"@id":"https:\/\/igfae.usc.es\/~igfae-old\/es\/investigacion\/proyectos-de-investigacion\/#primaryimage"},"datePublished":"2017-12-12T15:29:00+00:00","dateModified":"2019-01-14T17:11:43+00:00","breadcrumb":{"@id":"https:\/\/igfae.usc.es\/~igfae-old\/es\/investigacion\/proyectos-de-investigacion\/#breadcrumb"},"inLanguage":"es","potentialAction":[{"@type":"ReadAction","target":["https:\/\/igfae.usc.es\/~igfae-old\/es\/investigacion\/proyectos-de-investigacion\/"]}]},{"@type":"BreadcrumbList","@id":"https:\/\/igfae.usc.es\/~igfae-old\/es\/investigacion\/proyectos-de-investigacion\/#breadcrumb","itemListElement":[{"@type":"ListItem","position":1,"name":"Home","item":"https:\/\/igfae.usc.es\/~igfae-old\/es\/"},{"@type":"ListItem","position":2,"name":"Investigaci\u00f3n","item":"https:\/\/igfae.usc.es\/~igfae-old\/es\/investigacion\/"},{"@type":"ListItem","position":3,"name":"Proyectos de investigaci\u00f3n"}]}]}},"_links":{"self":[{"href":"https:\/\/igfae.usc.es\/~igfae-old\/es\/wp-json\/wp\/v2\/pages\/2111"}],"collection":[{"href":"https:\/\/igfae.usc.es\/~igfae-old\/es\/wp-json\/wp\/v2\/pages"}],"about":[{"href":"https:\/\/igfae.usc.es\/~igfae-old\/es\/wp-json\/wp\/v2\/types\/page"}],"author":[{"embeddable":true,"href":"https:\/\/igfae.usc.es\/~igfae-old\/es\/wp-json\/wp\/v2\/users\/1"}],"replies":[{"embeddable":true,"href":"https:\/\/igfae.usc.es\/~igfae-old\/es\/wp-json\/wp\/v2\/comments?post=2111"}],"version-history":[{"count":2,"href":"https:\/\/igfae.usc.es\/~igfae-old\/es\/wp-json\/wp\/v2\/pages\/2111\/revisions"}],"predecessor-version":[{"id":2114,"href":"https:\/\/igfae.usc.es\/~igfae-old\/es\/wp-json\/wp\/v2\/pages\/2111\/revisions\/2114"}],"up":[{"embeddable":true,"href":"https:\/\/igfae.usc.es\/~igfae-old\/es\/wp-json\/wp\/v2\/pages\/2119"}],"wp:featuredmedia":[{"embeddable":true,"href":"https:\/\/igfae.usc.es\/~igfae-old\/es\/wp-json\/wp\/v2\/media\/1892"}],"wp:attachment":[{"href":"https:\/\/igfae.usc.es\/~igfae-old\/es\/wp-json\/wp\/v2\/media?parent=2111"}],"curies":[{"name":"wp","href":"https:\/\/api.w.org\/{rel}","templated":true}]}}