



{"id":2052,"date":"2018-03-16T12:25:48","date_gmt":"2018-03-16T10:25:48","guid":{"rendered":"https:\/\/igfae.usc.es\/centrosingular\/outreach-igfae\/"},"modified":"2021-04-09T12:37:56","modified_gmt":"2021-04-09T10:37:56","slug":"divulgacion","status":"publish","type":"page","link":"https:\/\/igfae.usc.es\/~igfae-old\/es\/divulgacion\/","title":{"rendered":"Divulgaci\u00f3n"},"content":{"rendered":"<p>[vc_row full_width=\u00bbstretch_row\u00bb foundry_padding=\u00bbpt0 pb0&#8243; foundry_parallax=\u00bbnot-parallax\u00bb css=\u00bb.vc_custom_1511969745245{background-image: url(https:\/\/igfae.usc.es\/~igfae-old\/wp-content\/uploads\/2017\/11\/fondo.jpg?id=122) !important;}\u00bb][vc_column][vc_row_inner][vc_column_inner width=\u00bb5\/12&#8243; css=\u00bb.vc_custom_1511969894880{margin-bottom: 0px !important;padding-bottom: 0px !important;}\u00bb][vc_single_image image=\u00bb1293&#8243; img_size=\u00bbfull\u00bb][\/vc_column_inner][vc_column_inner width=\u00bb5\/12&#8243; offset=\u00bbvc_col-lg-offset-1&#8243; css=\u00bb.vc_custom_1536316223177{margin-bottom: 0px !important;padding-top: 60px !important;padding-bottom: 0px !important;}\u00bb][vc_column_text css=\u00bb.vc_custom_1579701712927{margin-top: 0px !important;padding-top: 0px !important;}\u00bb]<\/p>\n<h2><span style=\"color: #065dc4;\"><strong>MASTERCLASS<\/strong><\/span><\/h2>\n<p class=\"lead\">IGFAE alberga una Masterclass en f\u00edsica de part\u00edculas en primavera de cada a\u00f1o. Durante esta actividad, invitamos a los estudiantes de secundaria de Galicia a participar y convertirse en f\u00edsicos de alta energ\u00eda por un d\u00eda. Los estudiantes toman un d\u00eda libre de la escuela para analizar los datos del experimento CMS en el Gran Colisionador de Hadrones (LHC) bajo la supervisi\u00f3n de los cient\u00edficos de IGFAE. Al final del d\u00eda, los estudiantes discuten los resultados obtenidos en una videoconferencia con otros cient\u00edficos en CERN o Femilab, y con otros institutos participantes de todo el mundo. Esto les brinda a los estudiantes la experiencia de trabajar en una colaboraci\u00f3n internacional, que forma parte de la vida cotidiana del CERN.<\/p>\n<p class=\"lead\">La Masterclass en IGFAE es parte de un programa anual llamado International Masterclasses. Los cient\u00edficos de aproximadamente 210 universidades y laboratorios albergan Masterclasses en sus instituciones de origen. Las clases magistrales de este a\u00f1o se organizan desde febrero hasta abril en m\u00e1s de 50 pa\u00edses en todo el mundo.<\/p>\n<p class=\"lead\">M\u00e1s informaci\u00f3n: <a href=\"http:\/\/igfae.usc.es\/masterclass\/\">http:\/\/igfae.usc.es\/masterclass\/<\/a><\/p>\n<h2><span style=\"color: #065dc4;\"><strong>MASTERCLASS \u00abD\u00eda Internacional de la Mujer y la Ni\u00f1a en la Ciencia<\/strong><\/span><\/h2>\n<p class=\"lead\">El Instituto Galego de F\u00edsica de Altas Enerx\u00edas (IGFAE) cree que es esencial promover el acceso y participaci\u00f3n pleno y equitativa de todas las personas en la ciencia. Movida por este mismo principio de equidad, la Asamblea General de las Naciones Unidas decide proclamar el 11 de febrero como el \u201cD\u00eda Internacional de la Mujer y la Ni\u00f1a en la Ciencia\u201d. Por segundo a\u00f1o consecutivo, el IGFAE se suma a esta efem\u00e9ride con un evento dirigido a las alumnas de bachillerato.<\/p>\n<p class=\"lead\">En la jornada o masterclass se llevar\u00e1n a cabo actividades relacionadas con la F\u00edsica de Part\u00edculas, en una actividad que nace como fruto de la colaboraci\u00f3n del IGFAE con el Grupo Internacional de Divulgaci\u00f3n de F\u00edsica de Part\u00edculas\u201d (promotores de la misma) y el CERN (Organizaci\u00f3n Europea para la Investigaci\u00f3n Nuclear).<\/p>\n<p class=\"lead\">M\u00e1s informaci\u00f3n: <a href=\"https:\/\/igfae.usc.es\/masterclass_women_in_science\/\">https:\/\/igfae.usc.es\/masterclass_women_in_science\/<\/a><\/p>\n<p>[\/vc_column_text][\/vc_column_inner][\/vc_row_inner][\/vc_column][\/vc_row][vc_row full_width=\u00bbstretch_row\u00bb][vc_column css=\u00bb.vc_custom_1530095549496{padding-top: 45px !important;}\u00bb][vc_row_inner content_placement=\u00bbmiddle\u00bb][vc_column_inner width=\u00bb5\/12&#8243; css=\u00bb.vc_custom_1511969894880{margin-bottom: 0px !important;padding-bottom: 0px !important;}\u00bb][vc_column_text]<iframe loading=\"lazy\" src=\"https:\/\/www.youtube.com\/embed\/I_5mnUULU-I?list=PLrNPyN_QBwXNdWqPV3lxJXB7xz26OQ1Lz\" width=\"560\" height=\"315\" frameborder=\"0\" allowfullscreen=\"allowfullscreen\"><\/iframe>[\/vc_column_text][vc_column_text]<iframe loading=\"lazy\" src=\"https:\/\/www.youtube.com\/embed\/eB5OXKND6PM?list=PLrNPyN_QBwXOcXiJd-4O7CMqmXgjeP1aq\" width=\"560\" height=\"315\" frameborder=\"0\" allowfullscreen=\"allowfullscreen\"><\/iframe>[\/vc_column_text][\/vc_column_inner][vc_column_inner width=\u00bb5\/12&#8243; offset=\u00bbvc_col-lg-offset-1&#8243; css=\u00bb.vc_custom_1512057467443{margin-bottom: 0px !important;padding-top: 25px !important;padding-bottom: 0px !important;}\u00bb][vc_column_text css=\u00bb.vc_custom_1549793126662{margin-top: 0px !important;padding-top: 0px !important;}\u00bb]<\/p>\n<h2><span style=\"color: #065dc4;\"><strong>HISTORIAS DEL TIEMPO<\/strong><\/span><\/h2>\n<p class=\"lead\">En oto\u00f1o de 2015, un equipo de la cadena de televisi\u00f3n V Televisi\u00f3n (grupo La Voz de Galicia), liderado por Xavier Fonseca, viaj\u00f3 a Ginebra, Berna y Berl\u00edn, acompa\u00f1ados por investigadores de IGFAE para grabar dos series especiales del programa de televisi\u00f3n \u00abHistorias del Tiempo\u00bb. Este programa proporciona el pron\u00f3stico del tiempo todas las noches a las 9 pm acompa\u00f1ado de un breve informe cient\u00edfico de cinco minutos. Las dos series de videos consistieron en un conjunto de diecinueve episodios para conmemorar el centenario de la Relatividad General de Einstein y un programa especial de once Programas de F\u00edsica de Part\u00edculas centrado en las actividades del CERN. Estos videos se mostraron en la televisi\u00f3n durante la primavera, el verano y el oto\u00f1o de 2016 y tambi\u00e9n se vincularon desde la p\u00e1gina web \u00abLa Voz de Galicia\u00bb, que alcanz\u00f3 decenas de miles de visiones.<\/p>\n<p class=\"lead\">La asesor\u00eda cient\u00edfica de los videos fue realizada por Jos\u00e9 Edelstein, Javier Mas y Cibr\u00e1n Santamarina (IGFAE) y el especial fue parcialmente financiado por IGFAE y la Vicerreitor\u00eda de Comunicaci\u00f3n y Coordinaci\u00f3n de la USC. Xavier Fonseca recibi\u00f3 el VII premio de divulgaci\u00f3n CPAN en la modalidad de video para la serie CERN de estos especiales. Las dos series de videos se pueden ver en su canal de YouTube.<\/p>\n<p>[\/vc_column_text][\/vc_column_inner][\/vc_row_inner][\/vc_column][\/vc_row]<\/p>\n","protected":false},"excerpt":{"rendered":"<p>[vc_row full_width=\u00bbstretch_row\u00bb foundry_padding=\u00bbpt0 pb0&#8243; foundry_parallax=\u00bbnot-parallax\u00bb css=\u00bb.vc_custom_1511969745245{background-image: url(https:\/\/igfae.usc.es\/~igfae-old\/wp-content\/uploads\/2017\/11\/fondo.jpg?id=122) !important;}\u00bb][vc_column][vc_row_inner][vc_column_inner width=\u00bb5\/12&#8243; css=\u00bb.vc_custom_1511969894880{margin-bottom: 0px !important;padding-bottom: 0px !important;}\u00bb][vc_single_image image=\u00bb1293&#8243; img_size=\u00bbfull\u00bb][\/vc_column_inner][vc_column_inner width=\u00bb5\/12&#8243; offset=\u00bbvc_col-lg-offset-1&#8243; css=\u00bb.vc_custom_1536316223177{margin-bottom: 0px !important;padding-top:&#8230;<\/p>\n","protected":false},"author":1,"featured_media":1892,"parent":0,"menu_order":0,"comment_status":"closed","ping_status":"closed","template":"","meta":{"om_disable_all_campaigns":false,"_monsterinsights_skip_tracking":false,"_monsterinsights_sitenote_active":false,"_monsterinsights_sitenote_note":"","_monsterinsights_sitenote_category":0},"aioseo_notices":[],"yoast_head":"<!-- This site is optimized with the Yoast SEO plugin v18.4.1 - https:\/\/yoast.com\/wordpress\/plugins\/seo\/ -->\n<title>Divulgaci\u00f3n - IGFAE<\/title>\n<meta name=\"robots\" content=\"index, follow, max-snippet:-1, max-image-preview:large, max-video-preview:-1\" \/>\n<link rel=\"canonical\" href=\"https:\/\/igfae.usc.es\/~igfae-old\/es\/divulgacion\/\" \/>\n<meta property=\"og:locale\" content=\"es_ES\" \/>\n<meta property=\"og:type\" content=\"article\" \/>\n<meta property=\"og:title\" content=\"Divulgaci\u00f3n - IGFAE\" \/>\n<meta property=\"og:description\" content=\"[vc_row full_width=\u00bbstretch_row\u00bb foundry_padding=\u00bbpt0 pb0&#8243; foundry_parallax=\u00bbnot-parallax\u00bb css=\u00bb.vc_custom_1511969745245{background-image: url(https:\/\/igfae.usc.es\/~igfae-old\/wp-content\/uploads\/2017\/11\/fondo.jpg?id=122) !important;}\u00bb][vc_column][vc_row_inner][vc_column_inner width=\u00bb5\/12&#8243; css=\u00bb.vc_custom_1511969894880{margin-bottom: 0px !important;padding-bottom: 0px !important;}\u00bb][vc_single_image image=\u00bb1293&#8243; img_size=\u00bbfull\u00bb][\/vc_column_inner][vc_column_inner width=\u00bb5\/12&#8243; offset=\u00bbvc_col-lg-offset-1&#8243; css=\u00bb.vc_custom_1536316223177{margin-bottom: 0px !important;padding-top:...\" \/>\n<meta property=\"og:url\" content=\"https:\/\/igfae.usc.es\/~igfae-old\/es\/divulgacion\/\" \/>\n<meta property=\"og:site_name\" content=\"IGFAE\" \/>\n<meta property=\"article:modified_time\" content=\"2021-04-09T10:37:56+00:00\" \/>\n<meta property=\"og:image\" content=\"https:\/\/igfae.usc.es\/~igfae-old\/wp-content\/uploads\/2017\/11\/Transicion-azul-Indicadores.png\" \/>\n\t<meta property=\"og:image:width\" content=\"1920\" \/>\n\t<meta property=\"og:image:height\" content=\"847\" \/>\n\t<meta property=\"og:image:type\" content=\"image\/png\" \/>\n<meta name=\"twitter:card\" content=\"summary_large_image\" \/>\n<meta name=\"twitter:site\" content=\"@igfae_hep\" \/>\n<meta name=\"twitter:label1\" content=\"Tiempo de lectura\" \/>\n\t<meta name=\"twitter:data1\" content=\"4 minutos\" \/>\n<script type=\"application\/ld+json\" class=\"yoast-schema-graph\">{\"@context\":\"https:\/\/schema.org\",\"@graph\":[{\"@type\":\"WebSite\",\"@id\":\"https:\/\/igfae.usc.es\/~igfae-old\/#website\",\"url\":\"https:\/\/igfae.usc.es\/~igfae-old\/\",\"name\":\"IGFAE\",\"description\":\"Instituto Galego de F\u00edsica de Altas Enerx\u00edas\",\"potentialAction\":[{\"@type\":\"SearchAction\",\"target\":{\"@type\":\"EntryPoint\",\"urlTemplate\":\"https:\/\/igfae.usc.es\/~igfae-old\/?s={search_term_string}\"},\"query-input\":\"required name=search_term_string\"}],\"inLanguage\":\"es\"},{\"@type\":\"ImageObject\",\"@id\":\"https:\/\/igfae.usc.es\/~igfae-old\/es\/divulgacion\/#primaryimage\",\"inLanguage\":\"es\",\"url\":\"https:\/\/igfae.usc.es\/~igfae-old\/wp-content\/uploads\/2017\/11\/Transicion-azul-Indicadores.png\",\"contentUrl\":\"https:\/\/igfae.usc.es\/~igfae-old\/wp-content\/uploads\/2017\/11\/Transicion-azul-Indicadores.png\",\"width\":1920,\"height\":847},{\"@type\":\"WebPage\",\"@id\":\"https:\/\/igfae.usc.es\/~igfae-old\/es\/divulgacion\/#webpage\",\"url\":\"https:\/\/igfae.usc.es\/~igfae-old\/es\/divulgacion\/\",\"name\":\"Divulgaci\u00f3n - IGFAE\",\"isPartOf\":{\"@id\":\"https:\/\/igfae.usc.es\/~igfae-old\/#website\"},\"primaryImageOfPage\":{\"@id\":\"https:\/\/igfae.usc.es\/~igfae-old\/es\/divulgacion\/#primaryimage\"},\"datePublished\":\"2018-03-16T10:25:48+00:00\",\"dateModified\":\"2021-04-09T10:37:56+00:00\",\"breadcrumb\":{\"@id\":\"https:\/\/igfae.usc.es\/~igfae-old\/es\/divulgacion\/#breadcrumb\"},\"inLanguage\":\"es\",\"potentialAction\":[{\"@type\":\"ReadAction\",\"target\":[\"https:\/\/igfae.usc.es\/~igfae-old\/es\/divulgacion\/\"]}]},{\"@type\":\"BreadcrumbList\",\"@id\":\"https:\/\/igfae.usc.es\/~igfae-old\/es\/divulgacion\/#breadcrumb\",\"itemListElement\":[{\"@type\":\"ListItem\",\"position\":1,\"name\":\"Home\",\"item\":\"https:\/\/igfae.usc.es\/~igfae-old\/es\/\"},{\"@type\":\"ListItem\",\"position\":2,\"name\":\"Divulgaci\u00f3n\"}]}]}<\/script>\n<!-- \/ Yoast SEO plugin. -->","yoast_head_json":{"title":"Divulgaci\u00f3n - IGFAE","robots":{"index":"index","follow":"follow","max-snippet":"max-snippet:-1","max-image-preview":"max-image-preview:large","max-video-preview":"max-video-preview:-1"},"canonical":"https:\/\/igfae.usc.es\/~igfae-old\/es\/divulgacion\/","og_locale":"es_ES","og_type":"article","og_title":"Divulgaci\u00f3n - IGFAE","og_description":"[vc_row full_width=\u00bbstretch_row\u00bb foundry_padding=\u00bbpt0 pb0&#8243; foundry_parallax=\u00bbnot-parallax\u00bb css=\u00bb.vc_custom_1511969745245{background-image: url(https:\/\/igfae.usc.es\/~igfae-old\/wp-content\/uploads\/2017\/11\/fondo.jpg?id=122) !important;}\u00bb][vc_column][vc_row_inner][vc_column_inner width=\u00bb5\/12&#8243; css=\u00bb.vc_custom_1511969894880{margin-bottom: 0px !important;padding-bottom: 0px !important;}\u00bb][vc_single_image image=\u00bb1293&#8243; img_size=\u00bbfull\u00bb][\/vc_column_inner][vc_column_inner width=\u00bb5\/12&#8243; offset=\u00bbvc_col-lg-offset-1&#8243; css=\u00bb.vc_custom_1536316223177{margin-bottom: 0px !important;padding-top:...","og_url":"https:\/\/igfae.usc.es\/~igfae-old\/es\/divulgacion\/","og_site_name":"IGFAE","article_modified_time":"2021-04-09T10:37:56+00:00","og_image":[{"width":1920,"height":847,"url":"https:\/\/igfae.usc.es\/~igfae-old\/wp-content\/uploads\/2017\/11\/Transicion-azul-Indicadores.png","type":"image\/png"}],"twitter_card":"summary_large_image","twitter_site":"@igfae_hep","twitter_misc":{"Tiempo de lectura":"4 minutos"},"schema":{"@context":"https:\/\/schema.org","@graph":[{"@type":"WebSite","@id":"https:\/\/igfae.usc.es\/~igfae-old\/#website","url":"https:\/\/igfae.usc.es\/~igfae-old\/","name":"IGFAE","description":"Instituto Galego de F\u00edsica de Altas Enerx\u00edas","potentialAction":[{"@type":"SearchAction","target":{"@type":"EntryPoint","urlTemplate":"https:\/\/igfae.usc.es\/~igfae-old\/?s={search_term_string}"},"query-input":"required name=search_term_string"}],"inLanguage":"es"},{"@type":"ImageObject","@id":"https:\/\/igfae.usc.es\/~igfae-old\/es\/divulgacion\/#primaryimage","inLanguage":"es","url":"https:\/\/igfae.usc.es\/~igfae-old\/wp-content\/uploads\/2017\/11\/Transicion-azul-Indicadores.png","contentUrl":"https:\/\/igfae.usc.es\/~igfae-old\/wp-content\/uploads\/2017\/11\/Transicion-azul-Indicadores.png","width":1920,"height":847},{"@type":"WebPage","@id":"https:\/\/igfae.usc.es\/~igfae-old\/es\/divulgacion\/#webpage","url":"https:\/\/igfae.usc.es\/~igfae-old\/es\/divulgacion\/","name":"Divulgaci\u00f3n - IGFAE","isPartOf":{"@id":"https:\/\/igfae.usc.es\/~igfae-old\/#website"},"primaryImageOfPage":{"@id":"https:\/\/igfae.usc.es\/~igfae-old\/es\/divulgacion\/#primaryimage"},"datePublished":"2018-03-16T10:25:48+00:00","dateModified":"2021-04-09T10:37:56+00:00","breadcrumb":{"@id":"https:\/\/igfae.usc.es\/~igfae-old\/es\/divulgacion\/#breadcrumb"},"inLanguage":"es","potentialAction":[{"@type":"ReadAction","target":["https:\/\/igfae.usc.es\/~igfae-old\/es\/divulgacion\/"]}]},{"@type":"BreadcrumbList","@id":"https:\/\/igfae.usc.es\/~igfae-old\/es\/divulgacion\/#breadcrumb","itemListElement":[{"@type":"ListItem","position":1,"name":"Home","item":"https:\/\/igfae.usc.es\/~igfae-old\/es\/"},{"@type":"ListItem","position":2,"name":"Divulgaci\u00f3n"}]}]}},"_links":{"self":[{"href":"https:\/\/igfae.usc.es\/~igfae-old\/es\/wp-json\/wp\/v2\/pages\/2052"}],"collection":[{"href":"https:\/\/igfae.usc.es\/~igfae-old\/es\/wp-json\/wp\/v2\/pages"}],"about":[{"href":"https:\/\/igfae.usc.es\/~igfae-old\/es\/wp-json\/wp\/v2\/types\/page"}],"author":[{"embeddable":true,"href":"https:\/\/igfae.usc.es\/~igfae-old\/es\/wp-json\/wp\/v2\/users\/1"}],"replies":[{"embeddable":true,"href":"https:\/\/igfae.usc.es\/~igfae-old\/es\/wp-json\/wp\/v2\/comments?post=2052"}],"version-history":[{"count":14,"href":"https:\/\/igfae.usc.es\/~igfae-old\/es\/wp-json\/wp\/v2\/pages\/2052\/revisions"}],"predecessor-version":[{"id":8684,"href":"https:\/\/igfae.usc.es\/~igfae-old\/es\/wp-json\/wp\/v2\/pages\/2052\/revisions\/8684"}],"wp:featuredmedia":[{"embeddable":true,"href":"https:\/\/igfae.usc.es\/~igfae-old\/es\/wp-json\/wp\/v2\/media\/1892"}],"wp:attachment":[{"href":"https:\/\/igfae.usc.es\/~igfae-old\/es\/wp-json\/wp\/v2\/media?parent=2052"}],"curies":[{"name":"wp","href":"https:\/\/api.w.org\/{rel}","templated":true}]}}