



{"id":2043,"date":"2018-07-03T09:07:47","date_gmt":"2018-07-03T09:07:47","guid":{"rendered":"https:\/\/igfae.usc.es\/centrosingular\/capacities-facilities-technologies\/"},"modified":"2023-07-19T10:15:12","modified_gmt":"2023-07-19T08:15:12","slug":"capacidades-instalaciones-y-tecnologias-2","status":"publish","type":"page","link":"https:\/\/igfae.usc.es\/~igfae-old\/es\/capacidades-instalaciones-y-tecnologias-2\/","title":{"rendered":"Capacidades, instalaciones y tecnolog\u00edas"},"content":{"rendered":"<p>[vc_row foundry_padding=\u00bbpt64 pb64&#8243; foundry_parallax=\u00bbnot-parallax\u00bb css=\u00bb.vc_custom_1530609614815{background-image: url(https:\/\/igfae.usc.es\/~igfae-old\/wp-content\/uploads\/2017\/11\/fondo.jpg?id=122) !important;}\u00bb][vc_column width=\u00bb1\/6&#8243; offset=\u00bbvc_col-lg-offset-1&#8243;][vc_single_image image=\u00bb1443&#8243; img_size=\u00bb300&#215;300&#8243; alignment=\u00bbcenter\u00bb css=\u00bb.vc_custom_1530609048021{padding-top: 15px !important;}\u00bb][\/vc_column][vc_column width=\u00bb7\/12&#8243; offset=\u00bbvc_col-lg-offset-1&#8243;][vc_row_inner][vc_column_inner][vc_column_text css=\u00bb.vc_custom_1547480710717{border-left-width: 25px !important;padding-left: 10px !important;border-left-color: #055dbe !important;border-left-style: solid !important;}\u00bb]<\/p>\n<h4><span style=\"color: #055dbe;\"><strong>Inform\u00e1tica<\/strong><\/span><\/h4>\n<p>[\/vc_column_text][\/vc_column_inner][\/vc_row_inner][vc_column_text]<\/p>\n<p class=\"lead\"><span style=\"color: #333333;\">Los experimentos actuales de f\u00edsica de part\u00edculas, en particular, aquellos instalados en el colisionador LHC, requieren inmensas cantidades de recursos de computaci\u00f3n y almacenamiento. Por ejemplo, el m\u00e1s peque\u00f1o de los 4 experimentos principales de LHC, LHCb, est\u00e1 generando alrededor de <span style=\"color: #055dc0;\"><a style=\"color: #055dc0;\" href=\"https:\/\/lhcb-public.web.cern.ch\/lhcb-public\/en\/Data%20Collection\/DataStorage-en.html\">250 GB de datos por hora<\/a><\/span>.\u00a0En un momento en que estos experimentos se llevan a cabo mediante colaboraciones internacionales, la instalaci\u00f3n de esos recursos en un solo centro de datos nunca ha sido una opci\u00f3n viable. Al ser los grupos de F\u00edsica de Alta Energ\u00eda (FAE) pioneros en el uso y desarrollo de t\u00e9cnicas de computaci\u00f3n distribuida, establecen una colaboraci\u00f3n conocida como <span style=\"color: #055dc0;\"><a style=\"color: #055dc0;\" href=\"https:\/\/en.wikipedia.org\/wiki\/Worldwide_LHC_Computing_Grid\">Worldwide LHC Computing Grid, Red Mundial de Computaci\u00f3n LHC<\/a><\/span> para abordar el desaf\u00edo. La Red es una colecci\u00f3n de recursos inform\u00e1ticos distribuidos en todo el mundo e interfaces que hacen innecesario conocer su ubicaci\u00f3n para acceder a ellos.<\/span><\/p>\n<p>[\/vc_column_text][\/vc_column][vc_column][vc_column_text]<\/p>\n<h4 class=\"lead\"><span style=\"color: #333333;\">Clasificamos los recursos inform\u00e1ticos de WLCG en cuatro niveles:<\/span><\/h4>\n<p>[\/vc_column_text][vc_row_inner][vc_column_inner width=\u00bb1\/2&#8243;][vc_column_text css=\u00bb.vc_custom_1547481186015{border-left-width: 25px !important;padding-left: 10px !important;border-left-color: #154074 !important;border-left-style: solid !important;}\u00bb]<\/p>\n<h4><span style=\"color: #154074;\"><strong>Nivel 0<\/strong><\/span><\/h4>\n<p>[\/vc_column_text][vc_column_text]<\/p>\n<p class=\"lead\"><span style=\"color: #333333;\">Ubicada en el CERN est\u00e1 a cargo de la custodia de los datos sin procesar del detector, el procesamiento de datos inicial y su posterior distribuci\u00f3n a los diferentes Nivel 1. <\/span><\/p>\n<p>[\/vc_column_text][\/vc_column_inner][vc_column_inner width=\u00bb1\/2&#8243;][vc_column_text css=\u00bb.vc_custom_1547481191314{border-left-width: 25px !important;padding-left: 10px !important;border-left-color: #154074 !important;border-left-style: solid !important;}\u00bb]<\/p>\n<h4><span style=\"color: #154074;\"><strong>Nivel 1<\/strong><\/span><\/h4>\n<p>[\/vc_column_text][vc_column_text]<\/p>\n<p class=\"lead\"><span style=\"color: #333333;\">Estos son centros de computaci\u00f3n con altas capacidades de procesamiento y almacenamiento. Deben brindar apoyo las 24 horas, los 7 d\u00edas de la semana. Su funci\u00f3n principal es la reconstrucci\u00f3n de pistas de part\u00edculas involucradas en las colisiones y la selecci\u00f3n de aquellos eventos de inter\u00e9s para el cient\u00edfico.<\/span><\/p>\n<p>[\/vc_column_text][\/vc_column_inner][\/vc_row_inner][vc_row_inner][vc_column_inner width=\u00bb1\/2&#8243;][vc_column_text css=\u00bb.vc_custom_1550494976678{border-left-width: 25px !important;padding-left: 10px !important;border-left-color: #154074 !important;border-left-style: solid !important;}\u00bb]<\/p>\n<h4><span style=\"color: #154074;\"><strong>Nivel 2<\/strong><\/span><\/h4>\n<p>[\/vc_column_text][vc_column_text]<\/p>\n<p class=\"lead\"><span style=\"color: #333333;\">Generan datos de simulaci\u00f3n y dependiendo de su tama\u00f1o, y el experimento que al que est\u00e1n dando soporte, puede realizar tareas de selecci\u00f3n y reconstrucci\u00f3n de datos. Uno o varios sitios pueden formar este Nivel.<\/span><\/p>\n<p>[\/vc_column_text][\/vc_column_inner][vc_column_inner width=\u00bb1\/2&#8243;][vc_column_text css=\u00bb.vc_custom_1550494983095{border-left-width: 25px !important;padding-left: 10px !important;border-left-color: #154074 !important;border-left-style: solid !important;}\u00bb]<\/p>\n<h4><span style=\"color: #154074;\"><strong>Nivel 3<\/strong><\/span><\/h4>\n<p>[\/vc_column_text][vc_column_text]<\/p>\n<p class=\"lead\"><span style=\"color: #333333;\">Recursos inform\u00e1ticos locales proporcionados solo a los cient\u00edficos asociados con la instituci\u00f3n anfitriona.<\/span><\/p>\n<p>[\/vc_column_text][\/vc_column_inner][\/vc_row_inner][vc_column_text]<\/p>\n<p class=\"lead\"><span style=\"color: #333333;\">En 2002, nuestro Instituto puso en funcionamiento un grupo de ordenadores para proporcionar el 60% de los recursos computacionales del centro espa\u00f1ol LHCb Nivel 2 (ES-LHCb-T2), con la Universidad de Barcelona proporcionando el 40% restante. El centro espa\u00f1ol LHCb Nivel 2 se dise\u00f1\u00f3 para ofrecer alrededor del 6% de la potencia computacional total proporcionada por todos los centros de Nivel 2 al experimento LHCb. Este objetivo ha sido alcanzado e incluso superado.<\/span><\/p>\n<p class=\"lead\"><span style=\"color: #333333;\">En la actualidad, nuestro Instituto proporciona aproximadamente 1000 n\u00facleos y 10kHS06 (una referencia de potencia inform\u00e1tica desarrollada por la comunidad HEP basada en la referencia SPEC para medir las capacidades de las CPU y adaptada para las necesidades de nuestra comunidad) al LHCb.<\/span><\/p>\n<p class=\"lead\"><span style=\"color: #333333;\">En el a\u00f1o 2008 se puso en funcionamiento un Nivel 3 para proporcionar recursos inform\u00e1ticos a los grupos Nuclear, Theory y LHCb en nuestro Instituto. Actualmente, este cl\u00faster proporciona cerca de 1000 n\u00facleos y aproximadamente 15kHS06. Tambi\u00e9n aporta alrededor de 200 TB de espacio de almacenamiento. Los usuarios pueden acceder a aproximadamente el 33% de los recursos inform\u00e1ticos de forma interactiva, mientras que el resto est\u00e1 disponible a trav\u00e9s de un sistema de cola.<\/span><\/p>\n<p>[\/vc_column_text][\/vc_column][\/vc_row][vc_row foundry_background_style=\u00bbbg-secondary\u00bb foundry_padding=\u00bbpt64 pb64&#8243; foundry_parallax=\u00bbnot-parallax\u00bb][vc_column width=\u00bb1\/6&#8243; offset=\u00bbvc_col-lg-offset-1&#8243;][vc_single_image image=\u00bb1461&#8243; img_size=\u00bb300&#215;300&#8243; alignment=\u00bbcenter\u00bb css=\u00bb.vc_custom_1530609941177{padding-top: 15px !important;}\u00bb][\/vc_column][vc_column width=\u00bb7\/12&#8243; offset=\u00bbvc_col-lg-offset-1&#8243;][vc_row_inner][vc_column_inner][vc_column_text css=\u00bb.vc_custom_1547481864490{border-left-width: 25px !important;padding-left: 10px !important;border-left-color: #154074 !important;border-left-style: solid !important;}\u00bb]<\/p>\n<h4><span style=\"color: #154074;\"><strong>Microelectr\u00f3nica<\/strong><\/span><\/h4>\n<p>[\/vc_column_text][\/vc_column_inner][\/vc_row_inner][vc_column_text]<\/p>\n<p class=\"lead\"><span style=\"color: #333333;\">Los experimentos que investigan fen\u00f3menos nuevos y part\u00edculas subat\u00f3micas desconocidas requieren detectores dedicados. Estos deben desarrollarse para configuraciones experimentales como el experimento LHCb en CERN, experimentos nucleares como R3B en FAIR y experimentos de astrof\u00edsica (materia oscura, experimentos de neutrinos).<\/span><\/p>\n<p class=\"lead\"><span style=\"color: #333333;\">Para el futuro, el Instituto est\u00e1 contribuyendo a la ejecuci\u00f3n de alta luminosidad del LHC (HL-LHC) (LHCb Upgrade phase II) y planea contribuir a la instrumentaci\u00f3n de experimentos de ondas gravitacionales.<\/span><\/p>\n<p class=\"lead\"><span style=\"color: #333333;\">En el IGFAE contamos con infraestructuras para dise\u00f1ar, crear prototipos y probar productos electr\u00f3nicos producidos para todos estos tipos de programas de investigaci\u00f3n.<\/span><\/p>\n<p class=\"lead\"><span style=\"color: #333333;\">Existe un laboratorio para la caracterizaci\u00f3n y construcci\u00f3n de detectores de silicio. Cuenta con una sala limpia (30 m<sup>2<\/sup> actualizable, clase 100.000) con una m\u00e1quina de uni\u00f3n de cu\u00f1a y diferentes equipos para probar los sensores de silicio. Un segundo laboratorio se dedica a desarrollar microelectr\u00f3nica (poblaci\u00f3n de SMD y laboratorio de reelaboraci\u00f3n) y un tercer laboratorio para el desarrollo de sistemas de lectura, equipado con sistemas DAQ de \u00faltima generaci\u00f3n y osciloscopios.<\/span><\/p>\n<p>[\/vc_column_text][\/vc_column][\/vc_row]<\/p>\n","protected":false},"excerpt":{"rendered":"<p>[vc_row foundry_padding=\u00bbpt64 pb64&#8243; foundry_parallax=\u00bbnot-parallax\u00bb css=\u00bb.vc_custom_1530609614815{background-image: url(https:\/\/igfae.usc.es\/~igfae-old\/wp-content\/uploads\/2017\/11\/fondo.jpg?id=122) !important;}\u00bb][vc_column width=\u00bb1\/6&#8243; offset=\u00bbvc_col-lg-offset-1&#8243;][vc_single_image image=\u00bb1443&#8243; img_size=\u00bb300&#215;300&#8243; alignment=\u00bbcenter\u00bb css=\u00bb.vc_custom_1530609048021{padding-top: 15px !important;}\u00bb][\/vc_column][vc_column width=\u00bb7\/12&#8243; offset=\u00bbvc_col-lg-offset-1&#8243;][vc_row_inner][vc_column_inner][vc_column_text css=\u00bb.vc_custom_1547480710717{border-left-width: 25px !important;padding-left: 10px&#8230;<\/p>\n","protected":false},"author":1,"featured_media":1892,"parent":0,"menu_order":0,"comment_status":"closed","ping_status":"closed","template":"","meta":{"om_disable_all_campaigns":false,"_monsterinsights_skip_tracking":false,"_monsterinsights_sitenote_active":false,"_monsterinsights_sitenote_note":"","_monsterinsights_sitenote_category":0},"aioseo_notices":[],"yoast_head":"<!-- This site is optimized with the Yoast SEO plugin v18.4.1 - https:\/\/yoast.com\/wordpress\/plugins\/seo\/ -->\n<title>Capacidades, instalaciones y tecnolog\u00edas - IGFAE<\/title>\n<meta name=\"robots\" content=\"index, follow, max-snippet:-1, max-image-preview:large, max-video-preview:-1\" \/>\n<link rel=\"canonical\" href=\"https:\/\/igfae.usc.es\/~igfae-old\/es\/capacidades-instalaciones-y-tecnologias-2\/\" \/>\n<meta property=\"og:locale\" content=\"es_ES\" \/>\n<meta property=\"og:type\" content=\"article\" \/>\n<meta property=\"og:title\" content=\"Capacidades, instalaciones y tecnolog\u00edas - IGFAE\" \/>\n<meta property=\"og:description\" content=\"[vc_row foundry_padding=\u00bbpt64 pb64&#8243; foundry_parallax=\u00bbnot-parallax\u00bb css=\u00bb.vc_custom_1530609614815{background-image: url(https:\/\/igfae.usc.es\/~igfae-old\/wp-content\/uploads\/2017\/11\/fondo.jpg?id=122) !important;}\u00bb][vc_column width=\u00bb1\/6&#8243; offset=\u00bbvc_col-lg-offset-1&#8243;][vc_single_image image=\u00bb1443&#8243; img_size=\u00bb300&#215;300&#8243; alignment=\u00bbcenter\u00bb css=\u00bb.vc_custom_1530609048021{padding-top: 15px !important;}\u00bb][\/vc_column][vc_column width=\u00bb7\/12&#8243; offset=\u00bbvc_col-lg-offset-1&#8243;][vc_row_inner][vc_column_inner][vc_column_text css=\u00bb.vc_custom_1547480710717{border-left-width: 25px !important;padding-left: 10px...\" \/>\n<meta property=\"og:url\" content=\"https:\/\/igfae.usc.es\/~igfae-old\/es\/capacidades-instalaciones-y-tecnologias-2\/\" \/>\n<meta property=\"og:site_name\" content=\"IGFAE\" \/>\n<meta property=\"article:modified_time\" content=\"2023-07-19T08:15:12+00:00\" \/>\n<meta property=\"og:image\" content=\"https:\/\/igfae.usc.es\/~igfae-old\/wp-content\/uploads\/2017\/11\/Transicion-azul-Indicadores.png\" \/>\n\t<meta property=\"og:image:width\" content=\"1920\" \/>\n\t<meta property=\"og:image:height\" content=\"847\" \/>\n\t<meta property=\"og:image:type\" content=\"image\/png\" \/>\n<meta name=\"twitter:card\" content=\"summary_large_image\" \/>\n<meta name=\"twitter:site\" content=\"@igfae_hep\" \/>\n<meta name=\"twitter:label1\" content=\"Tiempo de lectura\" \/>\n\t<meta name=\"twitter:data1\" content=\"5 minutos\" \/>\n<script type=\"application\/ld+json\" class=\"yoast-schema-graph\">{\"@context\":\"https:\/\/schema.org\",\"@graph\":[{\"@type\":\"WebSite\",\"@id\":\"https:\/\/igfae.usc.es\/~igfae-old\/#website\",\"url\":\"https:\/\/igfae.usc.es\/~igfae-old\/\",\"name\":\"IGFAE\",\"description\":\"Instituto Galego de F\u00edsica de Altas Enerx\u00edas\",\"potentialAction\":[{\"@type\":\"SearchAction\",\"target\":{\"@type\":\"EntryPoint\",\"urlTemplate\":\"https:\/\/igfae.usc.es\/~igfae-old\/?s={search_term_string}\"},\"query-input\":\"required name=search_term_string\"}],\"inLanguage\":\"es\"},{\"@type\":\"ImageObject\",\"@id\":\"https:\/\/igfae.usc.es\/~igfae-old\/es\/capacidades-instalaciones-y-tecnologias-2\/#primaryimage\",\"inLanguage\":\"es\",\"url\":\"https:\/\/igfae.usc.es\/~igfae-old\/wp-content\/uploads\/2017\/11\/Transicion-azul-Indicadores.png\",\"contentUrl\":\"https:\/\/igfae.usc.es\/~igfae-old\/wp-content\/uploads\/2017\/11\/Transicion-azul-Indicadores.png\",\"width\":1920,\"height\":847},{\"@type\":\"WebPage\",\"@id\":\"https:\/\/igfae.usc.es\/~igfae-old\/es\/capacidades-instalaciones-y-tecnologias-2\/#webpage\",\"url\":\"https:\/\/igfae.usc.es\/~igfae-old\/es\/capacidades-instalaciones-y-tecnologias-2\/\",\"name\":\"Capacidades, instalaciones y tecnolog\u00edas - IGFAE\",\"isPartOf\":{\"@id\":\"https:\/\/igfae.usc.es\/~igfae-old\/#website\"},\"primaryImageOfPage\":{\"@id\":\"https:\/\/igfae.usc.es\/~igfae-old\/es\/capacidades-instalaciones-y-tecnologias-2\/#primaryimage\"},\"datePublished\":\"2018-07-03T09:07:47+00:00\",\"dateModified\":\"2023-07-19T08:15:12+00:00\",\"breadcrumb\":{\"@id\":\"https:\/\/igfae.usc.es\/~igfae-old\/es\/capacidades-instalaciones-y-tecnologias-2\/#breadcrumb\"},\"inLanguage\":\"es\",\"potentialAction\":[{\"@type\":\"ReadAction\",\"target\":[\"https:\/\/igfae.usc.es\/~igfae-old\/es\/capacidades-instalaciones-y-tecnologias-2\/\"]}]},{\"@type\":\"BreadcrumbList\",\"@id\":\"https:\/\/igfae.usc.es\/~igfae-old\/es\/capacidades-instalaciones-y-tecnologias-2\/#breadcrumb\",\"itemListElement\":[{\"@type\":\"ListItem\",\"position\":1,\"name\":\"Home\",\"item\":\"https:\/\/igfae.usc.es\/~igfae-old\/es\/\"},{\"@type\":\"ListItem\",\"position\":2,\"name\":\"Capacidades, instalaciones y tecnolog\u00edas\"}]}]}<\/script>\n<!-- \/ Yoast SEO plugin. -->","yoast_head_json":{"title":"Capacidades, instalaciones y tecnolog\u00edas - IGFAE","robots":{"index":"index","follow":"follow","max-snippet":"max-snippet:-1","max-image-preview":"max-image-preview:large","max-video-preview":"max-video-preview:-1"},"canonical":"https:\/\/igfae.usc.es\/~igfae-old\/es\/capacidades-instalaciones-y-tecnologias-2\/","og_locale":"es_ES","og_type":"article","og_title":"Capacidades, instalaciones y tecnolog\u00edas - IGFAE","og_description":"[vc_row foundry_padding=\u00bbpt64 pb64&#8243; foundry_parallax=\u00bbnot-parallax\u00bb css=\u00bb.vc_custom_1530609614815{background-image: url(https:\/\/igfae.usc.es\/~igfae-old\/wp-content\/uploads\/2017\/11\/fondo.jpg?id=122) !important;}\u00bb][vc_column width=\u00bb1\/6&#8243; offset=\u00bbvc_col-lg-offset-1&#8243;][vc_single_image image=\u00bb1443&#8243; img_size=\u00bb300&#215;300&#8243; alignment=\u00bbcenter\u00bb css=\u00bb.vc_custom_1530609048021{padding-top: 15px !important;}\u00bb][\/vc_column][vc_column width=\u00bb7\/12&#8243; offset=\u00bbvc_col-lg-offset-1&#8243;][vc_row_inner][vc_column_inner][vc_column_text css=\u00bb.vc_custom_1547480710717{border-left-width: 25px !important;padding-left: 10px...","og_url":"https:\/\/igfae.usc.es\/~igfae-old\/es\/capacidades-instalaciones-y-tecnologias-2\/","og_site_name":"IGFAE","article_modified_time":"2023-07-19T08:15:12+00:00","og_image":[{"width":1920,"height":847,"url":"https:\/\/igfae.usc.es\/~igfae-old\/wp-content\/uploads\/2017\/11\/Transicion-azul-Indicadores.png","type":"image\/png"}],"twitter_card":"summary_large_image","twitter_site":"@igfae_hep","twitter_misc":{"Tiempo de lectura":"5 minutos"},"schema":{"@context":"https:\/\/schema.org","@graph":[{"@type":"WebSite","@id":"https:\/\/igfae.usc.es\/~igfae-old\/#website","url":"https:\/\/igfae.usc.es\/~igfae-old\/","name":"IGFAE","description":"Instituto Galego de F\u00edsica de Altas Enerx\u00edas","potentialAction":[{"@type":"SearchAction","target":{"@type":"EntryPoint","urlTemplate":"https:\/\/igfae.usc.es\/~igfae-old\/?s={search_term_string}"},"query-input":"required name=search_term_string"}],"inLanguage":"es"},{"@type":"ImageObject","@id":"https:\/\/igfae.usc.es\/~igfae-old\/es\/capacidades-instalaciones-y-tecnologias-2\/#primaryimage","inLanguage":"es","url":"https:\/\/igfae.usc.es\/~igfae-old\/wp-content\/uploads\/2017\/11\/Transicion-azul-Indicadores.png","contentUrl":"https:\/\/igfae.usc.es\/~igfae-old\/wp-content\/uploads\/2017\/11\/Transicion-azul-Indicadores.png","width":1920,"height":847},{"@type":"WebPage","@id":"https:\/\/igfae.usc.es\/~igfae-old\/es\/capacidades-instalaciones-y-tecnologias-2\/#webpage","url":"https:\/\/igfae.usc.es\/~igfae-old\/es\/capacidades-instalaciones-y-tecnologias-2\/","name":"Capacidades, instalaciones y tecnolog\u00edas - IGFAE","isPartOf":{"@id":"https:\/\/igfae.usc.es\/~igfae-old\/#website"},"primaryImageOfPage":{"@id":"https:\/\/igfae.usc.es\/~igfae-old\/es\/capacidades-instalaciones-y-tecnologias-2\/#primaryimage"},"datePublished":"2018-07-03T09:07:47+00:00","dateModified":"2023-07-19T08:15:12+00:00","breadcrumb":{"@id":"https:\/\/igfae.usc.es\/~igfae-old\/es\/capacidades-instalaciones-y-tecnologias-2\/#breadcrumb"},"inLanguage":"es","potentialAction":[{"@type":"ReadAction","target":["https:\/\/igfae.usc.es\/~igfae-old\/es\/capacidades-instalaciones-y-tecnologias-2\/"]}]},{"@type":"BreadcrumbList","@id":"https:\/\/igfae.usc.es\/~igfae-old\/es\/capacidades-instalaciones-y-tecnologias-2\/#breadcrumb","itemListElement":[{"@type":"ListItem","position":1,"name":"Home","item":"https:\/\/igfae.usc.es\/~igfae-old\/es\/"},{"@type":"ListItem","position":2,"name":"Capacidades, instalaciones y tecnolog\u00edas"}]}]}},"_links":{"self":[{"href":"https:\/\/igfae.usc.es\/~igfae-old\/es\/wp-json\/wp\/v2\/pages\/2043"}],"collection":[{"href":"https:\/\/igfae.usc.es\/~igfae-old\/es\/wp-json\/wp\/v2\/pages"}],"about":[{"href":"https:\/\/igfae.usc.es\/~igfae-old\/es\/wp-json\/wp\/v2\/types\/page"}],"author":[{"embeddable":true,"href":"https:\/\/igfae.usc.es\/~igfae-old\/es\/wp-json\/wp\/v2\/users\/1"}],"replies":[{"embeddable":true,"href":"https:\/\/igfae.usc.es\/~igfae-old\/es\/wp-json\/wp\/v2\/comments?post=2043"}],"version-history":[{"count":13,"href":"https:\/\/igfae.usc.es\/~igfae-old\/es\/wp-json\/wp\/v2\/pages\/2043\/revisions"}],"predecessor-version":[{"id":13946,"href":"https:\/\/igfae.usc.es\/~igfae-old\/es\/wp-json\/wp\/v2\/pages\/2043\/revisions\/13946"}],"wp:featuredmedia":[{"embeddable":true,"href":"https:\/\/igfae.usc.es\/~igfae-old\/es\/wp-json\/wp\/v2\/media\/1892"}],"wp:attachment":[{"href":"https:\/\/igfae.usc.es\/~igfae-old\/es\/wp-json\/wp\/v2\/media?parent=2043"}],"curies":[{"name":"wp","href":"https:\/\/api.w.org\/{rel}","templated":true}]}}