



{"id":2025,"date":"2018-06-22T16:50:25","date_gmt":"2018-06-22T16:50:25","guid":{"rendered":"https:\/\/igfae.usc.es\/centrosingular\/training-education-2\/"},"modified":"2019-01-14T16:52:29","modified_gmt":"2019-01-14T16:52:29","slug":"programa-de-capacitacion-postdoctoral","status":"publish","type":"page","link":"https:\/\/igfae.usc.es\/~igfae-old\/es\/programa-de-capacitacion-postdoctoral\/","title":{"rendered":"Programa de capacitaci\u00f3n postdoctoral"},"content":{"rendered":"<p>[vc_row full_width=\u00bbstretch_row\u00bb foundry_padding=\u00bbpt0 pb0&#8243; foundry_parallax=\u00bbnot-parallax\u00bb css=\u00bb.vc_custom_1529688996618{background-image: url(https:\/\/igfae.usc.es\/~igfae-old\/wp-content\/uploads\/2017\/11\/fondo.jpg?id=122) !important;}\u00bb][vc_column][vc_row_inner][vc_column_inner width=\u00bb5\/12&#8243; css=\u00bb.vc_custom_1511969894880{margin-bottom: 0px !important;padding-bottom: 0px !important;}\u00bb][vc_single_image image=\u00bb1315&#8243; img_size=\u00bbfull\u00bb][\/vc_column_inner][vc_column_inner width=\u00bb5\/12&#8243; offset=\u00bbvc_col-lg-offset-1&#8243; css=\u00bb.vc_custom_1536316171685{margin-bottom: 0px !important;padding-top: 60px !important;padding-bottom: 0px !important;}\u00bb][vc_column_text css=\u00bb.vc_custom_1547480563219{margin-top: 0px !important;padding-top: 0px !important;}\u00bb]<\/p>\n<h3><span style=\"color: #055dbe;\"><strong>Programa de capacitaci\u00f3n postdoctoral internacional y plan de desarrollo profesional: las claves para el \u00e9xito<\/strong><\/span><\/h3>\n<p class=\"lead\">Nuestra oferta como centro de formaci\u00f3n postdoctoral incluye:<\/p>\n<p>[\/vc_column_text][vc_column_text]<\/p>\n<ul class=\"training-anchor\">\n<li>Mentoring<\/li>\n<li>Visibilidad internacional<\/li>\n<li>Financiamiento discrecional<\/li>\n<li>Recaudaci\u00f3n de fondos<\/li>\n<li>Responsabilidades organizacionales<\/li>\n<\/ul>\n<p>[\/vc_column_text][\/vc_column_inner][\/vc_row_inner][\/vc_column][\/vc_row][vc_row foundry_background_style=\u00bbbg-secondary\u00bb foundry_padding=\u00bbpt64 pb64&#8243; css=\u00bb.vc_custom_1529946170895{background-image: url(https:\/\/igfae.usc.es\/~igfae-old\/wp-content\/uploads\/2017\/11\/Transicion-azul-Indicadores.png?id=120) !important;background-position: center !important;background-repeat: no-repeat !important;background-size: cover !important;}\u00bb][vc_column][vc_row_inner][vc_column_inner width=\u00bb1\/2&#8243;][vc_column_text]<\/p>\n<h3><strong>Mentoring<\/strong><\/h3>\n<p class=\"lead\">A cada postdoctorado se le asignar\u00e1 un miembro del personal docente de IGFAE como mentor. A lo largo de la estad\u00eda postdoctoral, el mentor brindar\u00e1 asesoramiento y apoyo para el desarrollo profesional del postdoctorado.<\/p>\n<p>[\/vc_column_text][\/vc_column_inner][vc_column_inner width=\u00bb1\/2&#8243;][vc_column_text]<\/p>\n<h3><strong>Visibilidad internacional<\/strong><\/h3>\n<p class=\"lead\">Se recomendar\u00e1 a los postdoctorados que asistan a escuelas avanzadas y presenten su trabajo en conferencias internacionales. Tambi\u00e9n ser\u00e1n motivados para solicitar responsabilidades de colaboraci\u00f3n en colaboraciones experimentales, redes de investigaci\u00f3n, etc.<\/p>\n<p>[\/vc_column_text][\/vc_column_inner][\/vc_row_inner][vc_row_inner css=\u00bb.vc_custom_1529945870708{padding-top: 25px !important;}\u00bb][vc_column_inner width=\u00bb1\/2&#8243;][vc_column_text]<\/p>\n<h3><strong>Financiaci\u00f3n discrecional<\/strong><\/h3>\n<p class=\"lead\">Se asignar\u00e1 una cantidad de dinero a cada postdoctorado para su uso a su propia discreci\u00f3n. Este presupuesto podr\u00eda utilizarse para comprar recursos inform\u00e1ticos, pagar tarifas de programas de capacitaci\u00f3n, cubrir gastos de colaboraci\u00f3n, etc.<\/p>\n<p>[\/vc_column_text][\/vc_column_inner][vc_column_inner width=\u00bb1\/2&#8243;][vc_column_text]<\/p>\n<h3><strong>Responsabilidades organizativas<\/strong><\/h3>\n<p class=\"lead\">Los postdoctorados ser\u00e1n incluidos en las tareas acad\u00e9micas regulares, tales como la organizaci\u00f3n de escuelas y talleres, as\u00ed como programas de seminarios. Esto mejorar\u00e1 tanto su interacci\u00f3n con los miembros senior de IGFAE como su visibilidad internacional.<\/p>\n<p>[\/vc_column_text][\/vc_column_inner][\/vc_row_inner][vc_row_inner css=\u00bb.vc_custom_1529945875310{padding-top: 25px !important;}\u00bb][vc_column_inner width=\u00bb2\/3&#8243;][vc_column_text]<\/p>\n<h3><strong>Recaudaci\u00f3n de fondos<\/strong><\/h3>\n<p class=\"lead\">Se recomendar\u00e1 encarecidamente a los postdoctorados que soliciten recursos para mejorar y fortalecer su relaci\u00f3n con IGFAE. Tambi\u00e9n recibir\u00e1n apoyo administrativo y asesoramiento de la Universidad de Santiago de Compostela (USC), la Xunta de Galicia (gobierno regional) y el personal de IGFAE, especialmente en lo que respecta a la financiaci\u00f3n de la investigaci\u00f3n europea. Se har\u00e1 especial hincapi\u00e9 en las propuestas para las becas Marie Curie y el Consejo Europeo de Investigaci\u00f3n (ERC), as\u00ed como para las posiciones posdoctorales Ram\u00f3n y Cajal y Juan de la Cierva fundadas por el Gobierno espa\u00f1ol.<\/p>\n<p>[\/vc_column_text][\/vc_column_inner][\/vc_row_inner][\/vc_column][\/vc_row]<\/p>\n","protected":false},"excerpt":{"rendered":"<p>[vc_row full_width=\u00bbstretch_row\u00bb foundry_padding=\u00bbpt0 pb0&#8243; foundry_parallax=\u00bbnot-parallax\u00bb css=\u00bb.vc_custom_1529688996618{background-image: url(https:\/\/igfae.usc.es\/~igfae-old\/wp-content\/uploads\/2017\/11\/fondo.jpg?id=122) !important;}\u00bb][vc_column][vc_row_inner][vc_column_inner width=\u00bb5\/12&#8243; css=\u00bb.vc_custom_1511969894880{margin-bottom: 0px !important;padding-bottom: 0px !important;}\u00bb][vc_single_image image=\u00bb1315&#8243; img_size=\u00bbfull\u00bb][\/vc_column_inner][vc_column_inner width=\u00bb5\/12&#8243; offset=\u00bbvc_col-lg-offset-1&#8243; css=\u00bb.vc_custom_1536316171685{margin-bottom: 0px !important;padding-top:&#8230;<\/p>\n","protected":false},"author":1,"featured_media":1892,"parent":0,"menu_order":0,"comment_status":"closed","ping_status":"closed","template":"","meta":{"om_disable_all_campaigns":false,"_monsterinsights_skip_tracking":false,"_monsterinsights_sitenote_active":false,"_monsterinsights_sitenote_note":"","_monsterinsights_sitenote_category":0},"aioseo_notices":[],"yoast_head":"<!-- This site is optimized with the Yoast SEO plugin v18.4.1 - https:\/\/yoast.com\/wordpress\/plugins\/seo\/ -->\n<title>Programa de capacitaci\u00f3n postdoctoral - IGFAE<\/title>\n<meta name=\"robots\" content=\"index, follow, max-snippet:-1, max-image-preview:large, max-video-preview:-1\" \/>\n<link rel=\"canonical\" href=\"https:\/\/igfae.usc.es\/~igfae-old\/es\/programa-de-capacitacion-postdoctoral\/\" \/>\n<meta property=\"og:locale\" content=\"es_ES\" \/>\n<meta property=\"og:type\" content=\"article\" \/>\n<meta property=\"og:title\" content=\"Programa de capacitaci\u00f3n postdoctoral - IGFAE\" \/>\n<meta property=\"og:description\" content=\"[vc_row full_width=\u00bbstretch_row\u00bb foundry_padding=\u00bbpt0 pb0&#8243; foundry_parallax=\u00bbnot-parallax\u00bb css=\u00bb.vc_custom_1529688996618{background-image: url(https:\/\/igfae.usc.es\/~igfae-old\/wp-content\/uploads\/2017\/11\/fondo.jpg?id=122) !important;}\u00bb][vc_column][vc_row_inner][vc_column_inner width=\u00bb5\/12&#8243; css=\u00bb.vc_custom_1511969894880{margin-bottom: 0px !important;padding-bottom: 0px !important;}\u00bb][vc_single_image image=\u00bb1315&#8243; img_size=\u00bbfull\u00bb][\/vc_column_inner][vc_column_inner width=\u00bb5\/12&#8243; offset=\u00bbvc_col-lg-offset-1&#8243; css=\u00bb.vc_custom_1536316171685{margin-bottom: 0px !important;padding-top:...\" \/>\n<meta property=\"og:url\" content=\"https:\/\/igfae.usc.es\/~igfae-old\/es\/programa-de-capacitacion-postdoctoral\/\" \/>\n<meta property=\"og:site_name\" content=\"IGFAE\" \/>\n<meta property=\"article:modified_time\" content=\"2019-01-14T16:52:29+00:00\" \/>\n<meta property=\"og:image\" content=\"https:\/\/igfae.usc.es\/~igfae-old\/wp-content\/uploads\/2017\/11\/Transicion-azul-Indicadores.png\" \/>\n\t<meta property=\"og:image:width\" content=\"1920\" \/>\n\t<meta property=\"og:image:height\" content=\"847\" \/>\n\t<meta property=\"og:image:type\" content=\"image\/png\" \/>\n<meta name=\"twitter:card\" content=\"summary_large_image\" \/>\n<meta name=\"twitter:site\" content=\"@igfae_hep\" \/>\n<meta name=\"twitter:label1\" content=\"Tiempo de lectura\" \/>\n\t<meta name=\"twitter:data1\" content=\"3 minutos\" \/>\n<script type=\"application\/ld+json\" class=\"yoast-schema-graph\">{\"@context\":\"https:\/\/schema.org\",\"@graph\":[{\"@type\":\"WebSite\",\"@id\":\"https:\/\/igfae.usc.es\/~igfae-old\/#website\",\"url\":\"https:\/\/igfae.usc.es\/~igfae-old\/\",\"name\":\"IGFAE\",\"description\":\"Instituto Galego de F\u00edsica de Altas Enerx\u00edas\",\"potentialAction\":[{\"@type\":\"SearchAction\",\"target\":{\"@type\":\"EntryPoint\",\"urlTemplate\":\"https:\/\/igfae.usc.es\/~igfae-old\/?s={search_term_string}\"},\"query-input\":\"required name=search_term_string\"}],\"inLanguage\":\"es\"},{\"@type\":\"ImageObject\",\"@id\":\"https:\/\/igfae.usc.es\/~igfae-old\/es\/programa-de-capacitacion-postdoctoral\/#primaryimage\",\"inLanguage\":\"es\",\"url\":\"https:\/\/igfae.usc.es\/~igfae-old\/wp-content\/uploads\/2017\/11\/Transicion-azul-Indicadores.png\",\"contentUrl\":\"https:\/\/igfae.usc.es\/~igfae-old\/wp-content\/uploads\/2017\/11\/Transicion-azul-Indicadores.png\",\"width\":1920,\"height\":847},{\"@type\":\"WebPage\",\"@id\":\"https:\/\/igfae.usc.es\/~igfae-old\/es\/programa-de-capacitacion-postdoctoral\/#webpage\",\"url\":\"https:\/\/igfae.usc.es\/~igfae-old\/es\/programa-de-capacitacion-postdoctoral\/\",\"name\":\"Programa de capacitaci\u00f3n postdoctoral - IGFAE\",\"isPartOf\":{\"@id\":\"https:\/\/igfae.usc.es\/~igfae-old\/#website\"},\"primaryImageOfPage\":{\"@id\":\"https:\/\/igfae.usc.es\/~igfae-old\/es\/programa-de-capacitacion-postdoctoral\/#primaryimage\"},\"datePublished\":\"2018-06-22T16:50:25+00:00\",\"dateModified\":\"2019-01-14T16:52:29+00:00\",\"breadcrumb\":{\"@id\":\"https:\/\/igfae.usc.es\/~igfae-old\/es\/programa-de-capacitacion-postdoctoral\/#breadcrumb\"},\"inLanguage\":\"es\",\"potentialAction\":[{\"@type\":\"ReadAction\",\"target\":[\"https:\/\/igfae.usc.es\/~igfae-old\/es\/programa-de-capacitacion-postdoctoral\/\"]}]},{\"@type\":\"BreadcrumbList\",\"@id\":\"https:\/\/igfae.usc.es\/~igfae-old\/es\/programa-de-capacitacion-postdoctoral\/#breadcrumb\",\"itemListElement\":[{\"@type\":\"ListItem\",\"position\":1,\"name\":\"Home\",\"item\":\"https:\/\/igfae.usc.es\/~igfae-old\/es\/\"},{\"@type\":\"ListItem\",\"position\":2,\"name\":\"Programa de capacitaci\u00f3n postdoctoral\"}]}]}<\/script>\n<!-- \/ Yoast SEO plugin. -->","yoast_head_json":{"title":"Programa de capacitaci\u00f3n postdoctoral - IGFAE","robots":{"index":"index","follow":"follow","max-snippet":"max-snippet:-1","max-image-preview":"max-image-preview:large","max-video-preview":"max-video-preview:-1"},"canonical":"https:\/\/igfae.usc.es\/~igfae-old\/es\/programa-de-capacitacion-postdoctoral\/","og_locale":"es_ES","og_type":"article","og_title":"Programa de capacitaci\u00f3n postdoctoral - IGFAE","og_description":"[vc_row full_width=\u00bbstretch_row\u00bb foundry_padding=\u00bbpt0 pb0&#8243; foundry_parallax=\u00bbnot-parallax\u00bb css=\u00bb.vc_custom_1529688996618{background-image: url(https:\/\/igfae.usc.es\/~igfae-old\/wp-content\/uploads\/2017\/11\/fondo.jpg?id=122) !important;}\u00bb][vc_column][vc_row_inner][vc_column_inner width=\u00bb5\/12&#8243; css=\u00bb.vc_custom_1511969894880{margin-bottom: 0px !important;padding-bottom: 0px !important;}\u00bb][vc_single_image image=\u00bb1315&#8243; img_size=\u00bbfull\u00bb][\/vc_column_inner][vc_column_inner width=\u00bb5\/12&#8243; offset=\u00bbvc_col-lg-offset-1&#8243; css=\u00bb.vc_custom_1536316171685{margin-bottom: 0px !important;padding-top:...","og_url":"https:\/\/igfae.usc.es\/~igfae-old\/es\/programa-de-capacitacion-postdoctoral\/","og_site_name":"IGFAE","article_modified_time":"2019-01-14T16:52:29+00:00","og_image":[{"width":1920,"height":847,"url":"https:\/\/igfae.usc.es\/~igfae-old\/wp-content\/uploads\/2017\/11\/Transicion-azul-Indicadores.png","type":"image\/png"}],"twitter_card":"summary_large_image","twitter_site":"@igfae_hep","twitter_misc":{"Tiempo de lectura":"3 minutos"},"schema":{"@context":"https:\/\/schema.org","@graph":[{"@type":"WebSite","@id":"https:\/\/igfae.usc.es\/~igfae-old\/#website","url":"https:\/\/igfae.usc.es\/~igfae-old\/","name":"IGFAE","description":"Instituto Galego de F\u00edsica de Altas Enerx\u00edas","potentialAction":[{"@type":"SearchAction","target":{"@type":"EntryPoint","urlTemplate":"https:\/\/igfae.usc.es\/~igfae-old\/?s={search_term_string}"},"query-input":"required name=search_term_string"}],"inLanguage":"es"},{"@type":"ImageObject","@id":"https:\/\/igfae.usc.es\/~igfae-old\/es\/programa-de-capacitacion-postdoctoral\/#primaryimage","inLanguage":"es","url":"https:\/\/igfae.usc.es\/~igfae-old\/wp-content\/uploads\/2017\/11\/Transicion-azul-Indicadores.png","contentUrl":"https:\/\/igfae.usc.es\/~igfae-old\/wp-content\/uploads\/2017\/11\/Transicion-azul-Indicadores.png","width":1920,"height":847},{"@type":"WebPage","@id":"https:\/\/igfae.usc.es\/~igfae-old\/es\/programa-de-capacitacion-postdoctoral\/#webpage","url":"https:\/\/igfae.usc.es\/~igfae-old\/es\/programa-de-capacitacion-postdoctoral\/","name":"Programa de capacitaci\u00f3n postdoctoral - IGFAE","isPartOf":{"@id":"https:\/\/igfae.usc.es\/~igfae-old\/#website"},"primaryImageOfPage":{"@id":"https:\/\/igfae.usc.es\/~igfae-old\/es\/programa-de-capacitacion-postdoctoral\/#primaryimage"},"datePublished":"2018-06-22T16:50:25+00:00","dateModified":"2019-01-14T16:52:29+00:00","breadcrumb":{"@id":"https:\/\/igfae.usc.es\/~igfae-old\/es\/programa-de-capacitacion-postdoctoral\/#breadcrumb"},"inLanguage":"es","potentialAction":[{"@type":"ReadAction","target":["https:\/\/igfae.usc.es\/~igfae-old\/es\/programa-de-capacitacion-postdoctoral\/"]}]},{"@type":"BreadcrumbList","@id":"https:\/\/igfae.usc.es\/~igfae-old\/es\/programa-de-capacitacion-postdoctoral\/#breadcrumb","itemListElement":[{"@type":"ListItem","position":1,"name":"Home","item":"https:\/\/igfae.usc.es\/~igfae-old\/es\/"},{"@type":"ListItem","position":2,"name":"Programa de capacitaci\u00f3n postdoctoral"}]}]}},"_links":{"self":[{"href":"https:\/\/igfae.usc.es\/~igfae-old\/es\/wp-json\/wp\/v2\/pages\/2025"}],"collection":[{"href":"https:\/\/igfae.usc.es\/~igfae-old\/es\/wp-json\/wp\/v2\/pages"}],"about":[{"href":"https:\/\/igfae.usc.es\/~igfae-old\/es\/wp-json\/wp\/v2\/types\/page"}],"author":[{"embeddable":true,"href":"https:\/\/igfae.usc.es\/~igfae-old\/es\/wp-json\/wp\/v2\/users\/1"}],"replies":[{"embeddable":true,"href":"https:\/\/igfae.usc.es\/~igfae-old\/es\/wp-json\/wp\/v2\/comments?post=2025"}],"version-history":[{"count":10,"href":"https:\/\/igfae.usc.es\/~igfae-old\/es\/wp-json\/wp\/v2\/pages\/2025\/revisions"}],"predecessor-version":[{"id":9666,"href":"https:\/\/igfae.usc.es\/~igfae-old\/es\/wp-json\/wp\/v2\/pages\/2025\/revisions\/9666"}],"wp:featuredmedia":[{"embeddable":true,"href":"https:\/\/igfae.usc.es\/~igfae-old\/es\/wp-json\/wp\/v2\/media\/1892"}],"wp:attachment":[{"href":"https:\/\/igfae.usc.es\/~igfae-old\/es\/wp-json\/wp\/v2\/media?parent=2025"}],"curies":[{"name":"wp","href":"https:\/\/api.w.org\/{rel}","templated":true}]}}