



{"id":2012,"date":"2018-06-27T10:46:04","date_gmt":"2018-06-27T10:46:04","guid":{"rendered":"https:\/\/igfae.usc.es\/centrosingular\/theory\/"},"modified":"2019-10-23T00:52:17","modified_gmt":"2019-10-22T22:52:17","slug":"teoria","status":"publish","type":"page","link":"https:\/\/igfae.usc.es\/~igfae-old\/es\/teoria\/","title":{"rendered":"Teor\u00eda"},"content":{"rendered":"<p>[vc_row foundry_padding=\u00bbpt64 pb64&#8243; foundry_parallax=\u00bbnot-parallax\u00bb css=\u00bb.vc_custom_1512148050508{background-image: url(https:\/\/igfae.usc.es\/~igfae-old\/wp-content\/uploads\/2017\/11\/fondo.jpg?id=122) !important;}\u00bb][vc_column width=\u00bb1\/6&#8243; offset=\u00bbvc_col-lg-offset-1&#8243;][vc_single_image image=\u00bb1397&#8243; img_size=\u00bb200&#215;200&#8243; alignment=\u00bbcenter\u00bb css=\u00bb.vc_custom_1530097187223{padding-top: 15px !important;}\u00bb][\/vc_column][vc_column width=\u00bb7\/12&#8243; offset=\u00bbvc_col-lg-offset-1&#8243;][vc_row_inner][vc_column_inner][vc_column_text css=\u00bb.vc_custom_1571154963066{border-left-width: 25px !important;padding-left: 10px !important;border-left-color: #055dbe !important;border-left-style: solid !important;}\u00bb]<\/p>\n<h4><span style=\"color: #055dbe;\"><strong>Teor\u00eda<\/strong><\/span><\/h4>\n<p>[\/vc_column_text][\/vc_column_inner][\/vc_row_inner][vc_column_text]<\/p>\n<p class=\"lead\"><span style=\"color: #333333;\">La f\u00edsica te\u00f3rica, que traduce el comportamiento de la naturaleza en lenguaje matem\u00e1tico, es una de las actividades creadas por el ser humano m\u00e1s fascinantes. Alrededor de la mitad del personal investigador del IGFAE se dedican a este campo, investigando en:<\/span><\/p>\n<p>[\/vc_column_text][\/vc_column][\/vc_row][vc_row foundry_background_style=\u00bbbg-secondary\u00bb][vc_column][vc_row_inner][vc_column_inner width=\u00bb1\/3&#8243; css=\u00bb.vc_custom_1530097449062{padding-right: 10px !important;padding-left: 10px !important;}\u00bb][vc_column_text css=\u00bb.vc_custom_1571155930864{border-left-width: 25px !important;padding-left: 10px !important;border-left-color: #154074 !important;border-left-style: solid !important;}\u00bb]<\/p>\n<h4><span style=\"color: #154074;\"><strong>QCD (Cromodin\u00e1mica cu\u00e1ntica)<\/strong><\/span><\/h4>\n<p>[\/vc_column_text][vc_column_text]<\/p>\n<p class=\"lead\">Los miembros del grupo son l\u00edderes mundiales en teor\u00eda y fenomenolog\u00eda de QCD caliente y denso, un r\u00e9gimen de interacci\u00f3n fuerte dominado finalmente por el comportamiento colectivo. Estos nuevos estados de la materia estuvieron presentes en los primeros microsegundos despu\u00e9s del Big Bang, y tambi\u00e9n podr\u00edan encontrarse en el interior de las estrellas de neutrones. Para estudiarlos, se producen en colisionadores como el LHC en el CERN o el RHIC en Brookhaven.<\/p>\n<p>[\/vc_column_text][\/vc_column_inner][vc_column_inner width=\u00bb1\/3&#8243;][vc_column_text css=\u00bb.vc_custom_1530097622268{border-left-width: 25px !important;padding-left: 10px !important;border-left-color: #154074 !important;border-left-style: solid !important;}\u00bb]<\/p>\n<h4><span style=\"color: #154074;\"><strong>Teor\u00eda de Cuerdas<\/strong><\/span><\/h4>\n<p>[\/vc_column_text][vc_column_text]<\/p>\n<p class=\"lead\">La teor\u00eda de cuerdas es una construcci\u00f3n sofisticada originada para unificar la gravedad y el mundo cu\u00e1ntico, pero que ha evolucionado en una herramienta muy poderosa para diferentes temas. La investigaci\u00f3n de este grupo abarca desde los aspectos m\u00e1s formales de la teor\u00eda hasta las aplicaciones en materia condensada de electrodin\u00e1mica y cromodin\u00e1mica cu\u00e1ntica (QED y QCD).<\/p>\n<p>[\/vc_column_text][\/vc_column_inner][vc_column_inner width=\u00bb1\/3&#8243;][vc_column_text css=\u00bb.vc_custom_1571784257862{border-left-width: 25px !important;padding-left: 10px !important;border-left-color: #154074 !important;border-left-style: solid !important;}\u00bb]<\/p>\n<h4><span style=\"color: #154074;\"><strong>F\u00edsica de Astropart\u00edculas<\/strong><\/span><\/h4>\n<p>[\/vc_column_text][vc_column_text]<\/p>\n<p class=\"lead\">Una fuerte actividad en aspectos fenomenol\u00f3gicos y experimentales de la F\u00edsica de Astropart\u00edculas (principalmente en el marco del Observatorio Pierre Auger) es el tercer pilar de nuestra investigaci\u00f3n.<\/p>\n<p>[\/vc_column_text][\/vc_column_inner][\/vc_row_inner][\/vc_column][\/vc_row]<\/p>\n","protected":false},"excerpt":{"rendered":"<p>[vc_row foundry_padding=\u00bbpt64 pb64&#8243; foundry_parallax=\u00bbnot-parallax\u00bb css=\u00bb.vc_custom_1512148050508{background-image: url(https:\/\/igfae.usc.es\/~igfae-old\/wp-content\/uploads\/2017\/11\/fondo.jpg?id=122) !important;}\u00bb][vc_column width=\u00bb1\/6&#8243; offset=\u00bbvc_col-lg-offset-1&#8243;][vc_single_image image=\u00bb1397&#8243; img_size=\u00bb200&#215;200&#8243; alignment=\u00bbcenter\u00bb css=\u00bb.vc_custom_1530097187223{padding-top: 15px !important;}\u00bb][\/vc_column][vc_column width=\u00bb7\/12&#8243; offset=\u00bbvc_col-lg-offset-1&#8243;][vc_row_inner][vc_column_inner][vc_column_text css=\u00bb.vc_custom_1571154963066{border-left-width: 25px !important;padding-left: 10px&#8230;<\/p>\n","protected":false},"author":1,"featured_media":1892,"parent":0,"menu_order":0,"comment_status":"closed","ping_status":"closed","template":"","meta":{"om_disable_all_campaigns":false,"_monsterinsights_skip_tracking":false,"_monsterinsights_sitenote_active":false,"_monsterinsights_sitenote_note":"","_monsterinsights_sitenote_category":0},"aioseo_notices":[],"yoast_head":"<!-- This site is optimized with the Yoast SEO plugin v18.4.1 - https:\/\/yoast.com\/wordpress\/plugins\/seo\/ -->\n<title>Teor\u00eda - IGFAE<\/title>\n<meta name=\"robots\" content=\"index, follow, max-snippet:-1, max-image-preview:large, max-video-preview:-1\" \/>\n<link rel=\"canonical\" href=\"https:\/\/igfae.usc.es\/~igfae-old\/es\/teoria\/\" \/>\n<meta property=\"og:locale\" content=\"es_ES\" \/>\n<meta property=\"og:type\" content=\"article\" \/>\n<meta property=\"og:title\" content=\"Teor\u00eda - IGFAE\" \/>\n<meta property=\"og:description\" content=\"[vc_row foundry_padding=\u00bbpt64 pb64&#8243; foundry_parallax=\u00bbnot-parallax\u00bb css=\u00bb.vc_custom_1512148050508{background-image: url(https:\/\/igfae.usc.es\/~igfae-old\/wp-content\/uploads\/2017\/11\/fondo.jpg?id=122) !important;}\u00bb][vc_column width=\u00bb1\/6&#8243; offset=\u00bbvc_col-lg-offset-1&#8243;][vc_single_image image=\u00bb1397&#8243; img_size=\u00bb200&#215;200&#8243; alignment=\u00bbcenter\u00bb css=\u00bb.vc_custom_1530097187223{padding-top: 15px !important;}\u00bb][\/vc_column][vc_column width=\u00bb7\/12&#8243; offset=\u00bbvc_col-lg-offset-1&#8243;][vc_row_inner][vc_column_inner][vc_column_text css=\u00bb.vc_custom_1571154963066{border-left-width: 25px !important;padding-left: 10px...\" \/>\n<meta property=\"og:url\" content=\"https:\/\/igfae.usc.es\/~igfae-old\/es\/teoria\/\" \/>\n<meta property=\"og:site_name\" content=\"IGFAE\" \/>\n<meta property=\"article:modified_time\" content=\"2019-10-22T22:52:17+00:00\" \/>\n<meta property=\"og:image\" content=\"https:\/\/igfae.usc.es\/~igfae-old\/wp-content\/uploads\/2017\/11\/Transicion-azul-Indicadores.png\" \/>\n\t<meta property=\"og:image:width\" content=\"1920\" \/>\n\t<meta property=\"og:image:height\" content=\"847\" \/>\n\t<meta property=\"og:image:type\" content=\"image\/png\" \/>\n<meta name=\"twitter:card\" content=\"summary_large_image\" \/>\n<meta name=\"twitter:site\" content=\"@igfae_hep\" \/>\n<meta name=\"twitter:label1\" content=\"Tiempo de lectura\" \/>\n\t<meta name=\"twitter:data1\" content=\"2 minutos\" \/>\n<script type=\"application\/ld+json\" class=\"yoast-schema-graph\">{\"@context\":\"https:\/\/schema.org\",\"@graph\":[{\"@type\":\"WebSite\",\"@id\":\"https:\/\/igfae.usc.es\/~igfae-old\/#website\",\"url\":\"https:\/\/igfae.usc.es\/~igfae-old\/\",\"name\":\"IGFAE\",\"description\":\"Instituto Galego de F\u00edsica de Altas Enerx\u00edas\",\"potentialAction\":[{\"@type\":\"SearchAction\",\"target\":{\"@type\":\"EntryPoint\",\"urlTemplate\":\"https:\/\/igfae.usc.es\/~igfae-old\/?s={search_term_string}\"},\"query-input\":\"required name=search_term_string\"}],\"inLanguage\":\"es\"},{\"@type\":\"ImageObject\",\"@id\":\"https:\/\/igfae.usc.es\/~igfae-old\/es\/teoria\/#primaryimage\",\"inLanguage\":\"es\",\"url\":\"https:\/\/igfae.usc.es\/~igfae-old\/wp-content\/uploads\/2017\/11\/Transicion-azul-Indicadores.png\",\"contentUrl\":\"https:\/\/igfae.usc.es\/~igfae-old\/wp-content\/uploads\/2017\/11\/Transicion-azul-Indicadores.png\",\"width\":1920,\"height\":847},{\"@type\":\"WebPage\",\"@id\":\"https:\/\/igfae.usc.es\/~igfae-old\/es\/teoria\/#webpage\",\"url\":\"https:\/\/igfae.usc.es\/~igfae-old\/es\/teoria\/\",\"name\":\"Teor\u00eda - IGFAE\",\"isPartOf\":{\"@id\":\"https:\/\/igfae.usc.es\/~igfae-old\/#website\"},\"primaryImageOfPage\":{\"@id\":\"https:\/\/igfae.usc.es\/~igfae-old\/es\/teoria\/#primaryimage\"},\"datePublished\":\"2018-06-27T10:46:04+00:00\",\"dateModified\":\"2019-10-22T22:52:17+00:00\",\"breadcrumb\":{\"@id\":\"https:\/\/igfae.usc.es\/~igfae-old\/es\/teoria\/#breadcrumb\"},\"inLanguage\":\"es\",\"potentialAction\":[{\"@type\":\"ReadAction\",\"target\":[\"https:\/\/igfae.usc.es\/~igfae-old\/es\/teoria\/\"]}]},{\"@type\":\"BreadcrumbList\",\"@id\":\"https:\/\/igfae.usc.es\/~igfae-old\/es\/teoria\/#breadcrumb\",\"itemListElement\":[{\"@type\":\"ListItem\",\"position\":1,\"name\":\"Home\",\"item\":\"https:\/\/igfae.usc.es\/~igfae-old\/es\/\"},{\"@type\":\"ListItem\",\"position\":2,\"name\":\"Teor\u00eda\"}]}]}<\/script>\n<!-- \/ Yoast SEO plugin. -->","yoast_head_json":{"title":"Teor\u00eda - IGFAE","robots":{"index":"index","follow":"follow","max-snippet":"max-snippet:-1","max-image-preview":"max-image-preview:large","max-video-preview":"max-video-preview:-1"},"canonical":"https:\/\/igfae.usc.es\/~igfae-old\/es\/teoria\/","og_locale":"es_ES","og_type":"article","og_title":"Teor\u00eda - IGFAE","og_description":"[vc_row foundry_padding=\u00bbpt64 pb64&#8243; foundry_parallax=\u00bbnot-parallax\u00bb css=\u00bb.vc_custom_1512148050508{background-image: url(https:\/\/igfae.usc.es\/~igfae-old\/wp-content\/uploads\/2017\/11\/fondo.jpg?id=122) !important;}\u00bb][vc_column width=\u00bb1\/6&#8243; offset=\u00bbvc_col-lg-offset-1&#8243;][vc_single_image image=\u00bb1397&#8243; img_size=\u00bb200&#215;200&#8243; alignment=\u00bbcenter\u00bb css=\u00bb.vc_custom_1530097187223{padding-top: 15px !important;}\u00bb][\/vc_column][vc_column width=\u00bb7\/12&#8243; offset=\u00bbvc_col-lg-offset-1&#8243;][vc_row_inner][vc_column_inner][vc_column_text css=\u00bb.vc_custom_1571154963066{border-left-width: 25px !important;padding-left: 10px...","og_url":"https:\/\/igfae.usc.es\/~igfae-old\/es\/teoria\/","og_site_name":"IGFAE","article_modified_time":"2019-10-22T22:52:17+00:00","og_image":[{"width":1920,"height":847,"url":"https:\/\/igfae.usc.es\/~igfae-old\/wp-content\/uploads\/2017\/11\/Transicion-azul-Indicadores.png","type":"image\/png"}],"twitter_card":"summary_large_image","twitter_site":"@igfae_hep","twitter_misc":{"Tiempo de lectura":"2 minutos"},"schema":{"@context":"https:\/\/schema.org","@graph":[{"@type":"WebSite","@id":"https:\/\/igfae.usc.es\/~igfae-old\/#website","url":"https:\/\/igfae.usc.es\/~igfae-old\/","name":"IGFAE","description":"Instituto Galego de F\u00edsica de Altas Enerx\u00edas","potentialAction":[{"@type":"SearchAction","target":{"@type":"EntryPoint","urlTemplate":"https:\/\/igfae.usc.es\/~igfae-old\/?s={search_term_string}"},"query-input":"required name=search_term_string"}],"inLanguage":"es"},{"@type":"ImageObject","@id":"https:\/\/igfae.usc.es\/~igfae-old\/es\/teoria\/#primaryimage","inLanguage":"es","url":"https:\/\/igfae.usc.es\/~igfae-old\/wp-content\/uploads\/2017\/11\/Transicion-azul-Indicadores.png","contentUrl":"https:\/\/igfae.usc.es\/~igfae-old\/wp-content\/uploads\/2017\/11\/Transicion-azul-Indicadores.png","width":1920,"height":847},{"@type":"WebPage","@id":"https:\/\/igfae.usc.es\/~igfae-old\/es\/teoria\/#webpage","url":"https:\/\/igfae.usc.es\/~igfae-old\/es\/teoria\/","name":"Teor\u00eda - IGFAE","isPartOf":{"@id":"https:\/\/igfae.usc.es\/~igfae-old\/#website"},"primaryImageOfPage":{"@id":"https:\/\/igfae.usc.es\/~igfae-old\/es\/teoria\/#primaryimage"},"datePublished":"2018-06-27T10:46:04+00:00","dateModified":"2019-10-22T22:52:17+00:00","breadcrumb":{"@id":"https:\/\/igfae.usc.es\/~igfae-old\/es\/teoria\/#breadcrumb"},"inLanguage":"es","potentialAction":[{"@type":"ReadAction","target":["https:\/\/igfae.usc.es\/~igfae-old\/es\/teoria\/"]}]},{"@type":"BreadcrumbList","@id":"https:\/\/igfae.usc.es\/~igfae-old\/es\/teoria\/#breadcrumb","itemListElement":[{"@type":"ListItem","position":1,"name":"Home","item":"https:\/\/igfae.usc.es\/~igfae-old\/es\/"},{"@type":"ListItem","position":2,"name":"Teor\u00eda"}]}]}},"_links":{"self":[{"href":"https:\/\/igfae.usc.es\/~igfae-old\/es\/wp-json\/wp\/v2\/pages\/2012"}],"collection":[{"href":"https:\/\/igfae.usc.es\/~igfae-old\/es\/wp-json\/wp\/v2\/pages"}],"about":[{"href":"https:\/\/igfae.usc.es\/~igfae-old\/es\/wp-json\/wp\/v2\/types\/page"}],"author":[{"embeddable":true,"href":"https:\/\/igfae.usc.es\/~igfae-old\/es\/wp-json\/wp\/v2\/users\/1"}],"replies":[{"embeddable":true,"href":"https:\/\/igfae.usc.es\/~igfae-old\/es\/wp-json\/wp\/v2\/comments?post=2012"}],"version-history":[{"count":7,"href":"https:\/\/igfae.usc.es\/~igfae-old\/es\/wp-json\/wp\/v2\/pages\/2012\/revisions"}],"predecessor-version":[{"id":4601,"href":"https:\/\/igfae.usc.es\/~igfae-old\/es\/wp-json\/wp\/v2\/pages\/2012\/revisions\/4601"}],"wp:featuredmedia":[{"embeddable":true,"href":"https:\/\/igfae.usc.es\/~igfae-old\/es\/wp-json\/wp\/v2\/media\/1892"}],"wp:attachment":[{"href":"https:\/\/igfae.usc.es\/~igfae-old\/es\/wp-json\/wp\/v2\/media?parent=2012"}],"curies":[{"name":"wp","href":"https:\/\/api.w.org\/{rel}","templated":true}]}}