



{"id":1886,"date":"2017-10-05T09:12:42","date_gmt":"2017-10-05T09:12:42","guid":{"rendered":"https:\/\/igfae.usc.es\/centrosingular\/"},"modified":"2025-01-08T13:56:24","modified_gmt":"2025-01-08T11:56:24","slug":"igfae-2-2-2","status":"publish","type":"page","link":"https:\/\/igfae.usc.es\/~igfae-old\/es\/","title":{"rendered":"IGFAE"},"content":{"rendered":"<p>[vc_row full_width=\u00bbstretch_row\u00bb foundry_padding=\u00bbpt0 pb0&#8243; foundry_parallax=\u00bbnot-parallax\u00bb css=\u00bb.vc_custom_1564129390591{border-bottom-width: 10px !important;border-bottom-color: #065ebe !important;border-bottom-style: solid !important;}\u00bb][vc_column css=\u00bb.vc_custom_1511375462887{margin-bottom: -36px !important;}\u00bb][rev_slider_vc alias=\u00bb1&#8243;][rev_slider_vc alias=\u00bbexperiments_en\u00bb el_class=\u00bbslider01&#8243;][\/vc_column][\/vc_row][vc_row equal_height=\u00bbyes\u00bb foundry_padding=\u00bbpt0 pb0&#8243; foundry_vertical_align=\u00bbyes\u00bb css=\u00bb.vc_custom_1614682664764{padding-top: 20px !important;}\u00bb][vc_column width=\u00bb1\/5&#8243;][vc_hoverbox image=\u00bb4485&#8243; primary_title=\u00bb\u00c1reas de investigaci\u00f3n\u00bb primary_title_font_container=\u00bbfont_size:20|color:%23ffffff|line_height:1&#8243; primary_title_google_fonts=\u00bbfont_family:Raleway%3A100%2C200%2C300%2Cregular%2C500%2C600%2C700%2C800%2C900|font_style:900%20bold%20regular%3A900%3Anormal\u00bb hover_title=\u00bb\u00bb shape=\u00bbsquare\u00bb use_custom_fonts_primary_title=\u00bbtrue\u00bb css=\u00bb.vc_custom_1585238749629{margin-right: 2px !important;margin-left: 2px !important;}\u00bb]<\/p>\n<p style=\"text-align: center;\"><a href=\"https:\/\/igfae.usc.es\/~igfae-old\/es\/investigacion\/\">Pr\u00f3ximas reuniones cient\u00edficas organizadas por el IGFAE.<\/a><\/p>\n<p>[\/vc_hoverbox][\/vc_column][vc_column width=\u00bb1\/5&#8243;][vc_hoverbox image=\u00bb4473&#8243; primary_title=\u00bbCongresos\u00bb primary_title_font_container=\u00bbfont_size:20|color:%23ffffff|line_height:1&#8243; primary_title_google_fonts=\u00bbfont_family:Raleway%3A100%2C200%2C300%2Cregular%2C500%2C600%2C700%2C800%2C900|font_style:900%20bold%20regular%3A900%3Anormal\u00bb hover_title=\u00bb\u00bb shape=\u00bbsquare\u00bb use_custom_fonts_primary_title=\u00bbtrue\u00bb css=\u00bb.vc_custom_1585238495777{margin-right: 2px !important;margin-left: 2px !important;}\u00bb]<\/p>\n<p style=\"text-align: center;\"><a href=\"https:\/\/indico.cern.ch\/category\/10863\/\">Pr\u00f3ximas reuniones cient\u00edficas organizadas por el IGFAE.<\/a><\/p>\n<p>[\/vc_hoverbox][\/vc_column][vc_column width=\u00bb1\/5&#8243;][vc_hoverbox image=\u00bb4476&#8243; primary_title=\u00bbExperimentos\u00bb primary_title_font_container=\u00bbfont_size:20|color:%23ffffff|line_height:1&#8243; primary_title_google_fonts=\u00bbfont_family:Raleway%3A100%2C200%2C300%2Cregular%2C500%2C600%2C700%2C800%2C900|font_style:900%20bold%20regular%3A900%3Anormal\u00bb hover_title=\u00bb\u00bb shape=\u00bbsquare\u00bb use_custom_fonts_primary_title=\u00bbtrue\u00bb css=\u00bb.vc_custom_1585238698414{margin-right: 2px !important;margin-left: 2px !important;}\u00bb]<\/p>\n<p style=\"text-align: center;\"><a href=\"https:\/\/igfae.usc.es\/~igfae-old\/es\/experimentos\/\">EL IGFAE participa en las instalaciones internacionales como LHC y LIGO. Explora el resto de colaboraciones aqu\u00ed.<\/a><\/p>\n<p>[\/vc_hoverbox][\/vc_column][vc_column width=\u00bb1\/5&#8243;][vc_hoverbox image=\u00bb4479&#8243; primary_title=\u00bbPublicaciones cient\u00edficas\u00bb primary_title_font_container=\u00bbfont_size:20|color:%23ffffff|line_height:1&#8243; primary_title_google_fonts=\u00bbfont_family:Raleway%3A100%2C200%2C300%2Cregular%2C500%2C600%2C700%2C800%2C900|font_style:900%20bold%20regular%3A900%3Anormal\u00bb hover_title=\u00bb\u00bb shape=\u00bbsquare\u00bb use_custom_fonts_primary_title=\u00bbtrue\u00bb css=\u00bb.vc_custom_1585238628226{margin-right: 2px !important;margin-left: 2px !important;}\u00bb]<\/p>\n<p style=\"text-align: center;\"><a href=\"https:\/\/igfae.usc.es\/~igfae-old\/es\/investigacion\/publicaciones\/\">Ent\u00e9rate de nuestros \u00faltimos resultados cient\u00edficos.<\/a><\/p>\n<p>[\/vc_hoverbox][\/vc_column][\/vc_row][vc_row foundry_padding=\u00bbpt0 pb0&#8243; css=\u00bb.vc_custom_1585238398545{padding-top: 20px !important;}\u00bb][vc_column width=\u00bb2\/3&#8243;][vc_column_text css=\u00bb.vc_custom_1585238008114{border-left-width: 25px !important;padding-left: 10px !important;border-left-color: #065ebe !important;border-left-style: solid !important;}\u00bb]<\/p>\n<h4 style=\"color: #333333;\"><strong>\u00daltimas noticias<\/strong><\/h4>\n<p>[\/vc_column_text][vc_basic_grid post_type=\u00bbpost\u00bb max_items=\u00bb20&#8243; style=\u00bbload-more\u00bb items_per_page=\u00bb8&#8243; element_width=\u00bb6&#8243; gap=\u00bb20&#8243; item=\u00bb286&#8243; btn_title=\u00bbCARGAR M\u00c1S\u00bb btn_style=\u00bbcustom\u00bb btn_custom_background=\u00bb#065ebe\u00bb btn_custom_text=\u00bb#ffffff\u00bb btn_shape=\u00bbsquare\u00bb btn_align=\u00bbcenter\u00bb btn_button_block=\u00bbtrue\u00bb grid_id=\u00bbvc_gid:1736337363958-292f6f5e-e184-4&#8243;][\/vc_column][vc_column width=\u00bb1\/3&#8243;][vc_column_text css=\u00bb.vc_custom_1736337380013{border-left-width: 25px !important;padding-left: 10px !important;border-left-color: #065ebe !important;border-left-style: solid !important;}\u00bb]<\/p>\n<h4 style=\"color: #333333;\"><a href=\"https:\/\/igfae.usc.es\/~igfae-old\/es\/empleo\/\"><strong>Empleo<\/strong><\/a><\/h4>\n<p>[\/vc_column_text][vc_basic_grid post_type=\u00bbjob-offer\u00bb max_items=\u00bb\u00bb style=\u00bbload-more\u00bb items_per_page=\u00bb4&#8243; element_width=\u00bb12&#8243; gap=\u00bb20&#8243; order=\u00bbASC\u00bb item=\u00bb2335&#8243; btn_title=\u00bbCARGAR M\u00c1S\u00bb btn_style=\u00bbcustom\u00bb btn_custom_background=\u00bb#065ebe\u00bb btn_custom_text=\u00bb#ffffff\u00bb btn_shape=\u00bbsquare\u00bb btn_align=\u00bbcenter\u00bb btn_button_block=\u00bbtrue\u00bb grid_id=\u00bbvc_gid:1736337363959-f27347ac-43c3-6&#8243; taxonomies=\u00bb20&#8243;][vc_column_text]\r\n<div id=\"igfae-calendar-view\">\r\n\t<div class=\"row\">\r\n\t\t<div class=\"col-xs-12\">\r\n\t\t\t<div id=\"igfae-events-calendar\"><\/div>\r\n\t\t<\/div>\r\n\t<\/div>\r\n<\/div>\r\n[\/vc_column_text][vc_column_text css=\u00bb.vc_custom_1547466128603{margin-top: 65px !important;}\u00bb]<div class=\"igfae-events-list\">\r\n\t<div class=\"container-title\">\r\n\t\t<h3 class=\"\">\r\n\t\t\t<strong>Pr\u00f3ximos eventos<\/strong>\r\n\t\t<\/h3>\r\n\t<\/div>\r\n\t<div class=\"row\">\r\n\t\t\r\n<div class=\"col-xs-12\">\r\n\t<a href=\"https:\/\/igfae.usc.es\/~igfae-old\/es\/seminar\/2253\/ \">\r\n\t\t<div class=\"panel panel-default calendar-list-item\">\r\n\t\t\t<div class=\"panel-body\">\r\n\r\n\t\t\t\t<h5> Attractors & Universality in Relativistic Boltzmann Transport: light and heavy quark sector <\/h5>\r\n\t\t\t\t<ul class=\"list-unstyled\">\r\n\t\t\t\t\t\t\t\t\t\t<li>\r\n\t\t\t\t\t\t<strong>Fecha<\/strong>: \r\n\t\t\t\t\t\t\r\n\t\t\t\t\t\t08\/04\/2026 10:00:00\r\n\t\t\t\t\t\t\t\t\t\t\t<\/li>\r\n\t\t\t\t\t\r\n\t\t\t\t\t\t\t\t\t\t<li>\r\n\t\t\t\t\t\t<strong>Lugar<\/strong>: Conference Room\t\t\t\t\t<\/li>\r\n\t\t\t\t\t\r\n\t\t\t\t\t\t\t\t\t\t<li>\r\n\t\t\t\t\t\t<strong>Ponente<\/strong>: Vincenzo Nugara\t\t\t\t\t<\/li>\r\n\t\t\t\t\t\t\t\t\t<\/ul>\r\n\t\t\t<\/div>\r\n\t\t<\/div>\r\n\t<\/a>\r\n<\/div>\r\n<div class=\"col-xs-12\">\r\n\t<a href=\"https:\/\/igfae.usc.es\/~igfae-old\/es\/seminar\/2247\/ \">\r\n\t\t<div class=\"panel panel-default calendar-list-item\">\r\n\t\t\t<div class=\"panel-body\">\r\n\r\n\t\t\t\t<h5> Gravitational Waves and Gravitational Atoms <\/h5>\r\n\t\t\t\t<ul class=\"list-unstyled\">\r\n\t\t\t\t\t\t\t\t\t\t<li>\r\n\t\t\t\t\t\t<strong>Fecha<\/strong>: \r\n\t\t\t\t\t\t\r\n\t\t\t\t\t\t08\/04\/2026 12:00:00\r\n\t\t\t\t\t\t\t\t\t\t\t<\/li>\r\n\t\t\t\t\t\r\n\t\t\t\t\t\t\t\t\t\t<li>\r\n\t\t\t\t\t\t<strong>Lugar<\/strong>: Conference Room\t\t\t\t\t<\/li>\r\n\t\t\t\t\t\r\n\t\t\t\t\t\t\t\t\t\t<li>\r\n\t\t\t\t\t\t<strong>Ponente<\/strong>: Samuel G\u00f3mez G\u00f3mez\t\t\t\t\t<\/li>\r\n\t\t\t\t\t\t\t\t\t<\/ul>\r\n\t\t\t<\/div>\r\n\t\t<\/div>\r\n\t<\/a>\r\n<\/div>\r\n<div class=\"col-xs-12\">\r\n\t<a href=\"https:\/\/igfae.usc.es\/~igfae-old\/es\/outreach-event\/2251\/ \">\r\n\t\t<div class=\"panel panel-default calendar-list-item\">\r\n\t\t\t<div class=\"panel-body\">\r\n\r\n\t\t\t\t<h5> Visita do CPR Liceo La Paz (A Coru\u00f1a) <\/h5>\r\n\t\t\t\t<ul class=\"list-unstyled\">\r\n\t\t\t\t\t\t\t\t\t\t<li>\r\n\t\t\t\t\t\t<strong>Fecha<\/strong>: \r\n\t\t\t\t\t\t\r\n\t\t\t\t\t\t10\/04\/2026 10:00:00\r\n\t\t\t\t\t\t\t\t\t\t\t<\/li>\r\n\t\t\t\t\t\r\n\t\t\t\t\t\t\t\t\t\t<li>\r\n\t\t\t\t\t\t<strong>Lugar<\/strong>: Conference Room\t\t\t\t\t<\/li>\r\n\t\t\t\t\t\r\n\t\t\t\t\t\t\t\t\t<\/ul>\r\n\t\t\t<\/div>\r\n\t\t<\/div>\r\n\t<\/a>\r\n<\/div>\t<\/div>\r\n<\/div>\r\n[\/vc_column_text][vc_raw_html]JTNDJTIxLS0lMjBCZWdpbiUyME1haWxjaGltcCUyMFNpZ251cCUyMEZvcm0lMjAtLSUzRSUwQSUzQ2xpbmslMjBocmVmJTNEJTIyJTJGJTJGY2RuLWltYWdlcy5tYWlsY2hpbXAuY29tJTJGZW1iZWRjb2RlJTJGaG9yaXpvbnRhbC1zbGltLTEwXzcuY3NzJTIyJTIwcmVsJTNEJTIyc3R5bGVzaGVldCUyMiUyMHR5cGUlM0QlMjJ0ZXh0JTJGY3NzJTIyJTNFJTBBJTNDc3R5bGUlMjB0eXBlJTNEJTIydGV4dCUyRmNzcyUyMiUzRSUwQSUwOSUyM21jX2VtYmVkX3NpZ251cCU3QmJhY2tncm91bmQlM0ElMjNmZmYlM0IlMjBjbGVhciUzQWxlZnQlM0IlMjBmb250JTNBMTRweCUyMEhlbHZldGljYSUyQ0FyaWFsJTJDc2Fucy1zZXJpZiUzQiUyMHdpZHRoJTNBMTAwJTI1JTNCJTdEJTBBJTA5JTJGJTJBJTIwQWRkJTIweW91ciUyMG93biUyME1haWxjaGltcCUyMGZvcm0lMjBzdHlsZSUyMG92ZXJyaWRlcyUyMGluJTIweW91ciUyMHNpdGUlMjBzdHlsZXNoZWV0JTIwb3IlMjBpbiUyMHRoaXMlMjBzdHlsZSUyMGJsb2NrLiUwQSUwOSUyMCUyMCUyMFdlJTIwcmVjb21tZW5kJTIwbW92aW5nJTIwdGhpcyUyMGJsb2NrJTIwYW5kJTIwdGhlJTIwcHJlY2VkaW5nJTIwQ1NTJTIwbGluayUyMHRvJTIwdGhlJTIwSEVBRCUyMG9mJTIweW91ciUyMEhUTUwlMjBmaWxlLiUyMCUyQSUyRiUwQSUzQyUyRnN0eWxlJTNFJTBBJTNDZGl2JTIwaWQlM0QlMjJtY19lbWJlZF9zaWdudXAlMjIlM0UlMEElM0Nmb3JtJTIwYWN0aW9uJTNEJTIyaHR0cHMlM0ElMkYlMkZ1c2MudXMzLmxpc3QtbWFuYWdlLmNvbSUyRnN1YnNjcmliZSUyRnBvc3QlM0Z1JTNEM2FlZjcwMjU2OGUzZWM0MGY3YTE0OGQzZSUyNmFtcCUzQmlkJTNENzIwNDM1MmEzOCUyMiUyMG1ldGhvZCUzRCUyMnBvc3QlMjIlMjBpZCUzRCUyMm1jLWVtYmVkZGVkLXN1YnNjcmliZS1mb3JtJTIyJTIwbmFtZSUzRCUyMm1jLWVtYmVkZGVkLXN1YnNjcmliZS1mb3JtJTIyJTIwY2xhc3MlM0QlMjJ2YWxpZGF0ZSUyMiUyMHRhcmdldCUzRCUyMl9ibGFuayUyMiUyMG5vdmFsaWRhdGUlM0UlMEElMjAlMjAlMjAlMjAlM0NkaXYlMjBpZCUzRCUyMm1jX2VtYmVkX3NpZ251cF9zY3JvbGwlMjIlM0UlMEElMDklM0NsYWJlbCUyMGZvciUzRCUyMm1jZS1FTUFJTCUyMiUzRSVDMiVBMVN1c2NyJUMzJUFEYmV0ZSUyMGElMjBudWVzdHJhJTIwbmV3c2xldHRlciUyMSUzQyUyRmxhYmVsJTNFJTBBJTA5JTNDaW5wdXQlMjB0eXBlJTNEJTIyZW1haWwlMjIlMjB2YWx1ZSUzRCUyMiUyMiUyMG5hbWUlM0QlMjJFTUFJTCUyMiUyMGNsYXNzJTNEJTIyZW1haWwlMjIlMjBpZCUzRCUyMm1jZS1FTUFJTCUyMiUyMHBsYWNlaG9sZGVyJTNEJTIyZW1haWwlMjBhZGRyZXNzJTIyJTIwcmVxdWlyZWQlM0UlMEElMjAlMjAlMjAlMjAlM0MlMjEtLSUyMHJlYWwlMjBwZW9wbGUlMjBzaG91bGQlMjBub3QlMjBmaWxsJTIwdGhpcyUyMGluJTIwYW5kJTIwZXhwZWN0JTIwZ29vZCUyMHRoaW5ncyUyMC0lMjBkbyUyMG5vdCUyMHJlbW92ZSUyMHRoaXMlMjBvciUyMHJpc2slMjBmb3JtJTIwYm90JTIwc2lnbnVwcy0tJTNFJTBBJTIwJTIwJTIwJTIwJTNDZGl2JTIwc3R5bGUlM0QlMjJwb3NpdGlvbiUzQSUyMGFic29sdXRlJTNCJTIwbGVmdCUzQSUyMC01MDAwcHglM0IlMjIlMjBhcmlhLWhpZGRlbiUzRCUyMnRydWUlMjIlM0UlM0NpbnB1dCUyMHR5cGUlM0QlMjJ0ZXh0JTIyJTIwbmFtZSUzRCUyMmJfM2FlZjcwMjU2OGUzZWM0MGY3YTE0OGQzZV83MjA0MzUyYTM4JTIyJTIwdGFiaW5kZXglM0QlMjItMSUyMiUyMHZhbHVlJTNEJTIyJTIyJTNFJTNDJTJGZGl2JTNFJTBBJTIwJTIwJTIwJTIwJTNDZGl2JTIwY2xhc3MlM0QlMjJjbGVhciUyMiUzRSUzQ2lucHV0JTIwdHlwZSUzRCUyMnN1Ym1pdCUyMiUyMHZhbHVlJTNEJTIyU3VzY3JpYmlyJTIyJTIwbmFtZSUzRCUyMnN1YnNjcmliZSUyMiUyMGlkJTNEJTIybWMtZW1iZWRkZWQtc3Vic2NyaWJlJTIyJTIwY2xhc3MlM0QlMjJidXR0b24lMjIlM0UlM0MlMkZkaXYlM0UlMEElMjAlMjAlMjAlMjAlM0MlMkZkaXYlM0UlMEElM0MlMkZmb3JtJTNFJTBBJTNDJTJGZGl2JTNFJTBBJTBBJTNDJTIxLS1FbmQlMjBtY19lbWJlZF9zaWdudXAtLSUzRSUwQQ==[\/vc_raw_html][vc_raw_html]JTNDc2NyaXB0JTIwYXN5bmMlMjBzcmMlM0QlMjJodHRwcyUzQSUyRiUyRnBsYXRmb3JtLnR3aXR0ZXIuY29tJTJGd2lkZ2V0cy5qcyUyMiUyMGNoYXJzZXQlM0QlMjJ1dGYtOCUyMiUzRSUzQyUyRnNjcmlwdCUzRSUwQSUzQ2ElMjBjbGFzcyUzRCUyMnR3aXR0ZXItdGltZWxpbmUlMjIlMEElMjAlMjBocmVmJTNEJTIyaHR0cHMlM0ElMkYlMkZ0d2l0dGVyLmNvbSUyRmlnZmFlX2hlcCUyMiUwQSUyMCUyMGRhdGEtdHdlZXQtbGltaXQlM0QlMjIzJTIyJTNFJTBBJTNDJTJGYSUzRQ==[\/vc_raw_html][\/vc_column][\/vc_row][vc_row foundry_padding=\u00bbpt0 pb0&#8243;][vc_column][vc_column_text css=\u00bb.vc_custom_1585238016394{border-left-width: 25px !important;padding-left: 10px !important;border-left-color: #154074 !important;border-left-style: solid !important;}\u00bb]<\/p>\n<h4><strong>Socios, colaboradores y redes de investigaci\u00f3n<\/strong><\/h4>\n<p>[\/vc_column_text][vc_images_carousel images=\u00bb384,385,386,387,388,389,3411,3417,4292,4289,13812&#8243; img_size=\u00bbfull\u00bb onclick=\u00bbcustom_link\u00bb speed=\u00bb1000&#8243; slides_per_view=\u00bb5&#8243; autoplay=\u00bbyes\u00bb hide_pagination_control=\u00bbyes\u00bb wrap=\u00bbyes\u00bb custom_links=\u00bb#E-8_aHR0cHMlM0ElMkYlMkZpZ2ZhZS51c2MuZXMlMkZjZW50cm9zaW5ndWxhciUyRnBhcnRuZXJzLWNvbGxhYm9yYXRvcnMtbmV0d29ya3MlMkY=\u00bb][\/vc_column][\/vc_row]<\/p>\n","protected":false},"excerpt":{"rendered":"<p>[vc_row full_width=\u00bbstretch_row\u00bb foundry_padding=\u00bbpt0 pb0&#8243; foundry_parallax=\u00bbnot-parallax\u00bb css=\u00bb.vc_custom_1564129390591{border-bottom-width: 10px !important;border-bottom-color: #065ebe !important;border-bottom-style: solid !important;}\u00bb][vc_column css=\u00bb.vc_custom_1511375462887{margin-bottom: -36px !important;}\u00bb][rev_slider_vc alias=\u00bb1&#8243;][rev_slider_vc alias=\u00bbexperiments_en\u00bb el_class=\u00bbslider01&#8243;][\/vc_column][\/vc_row][vc_row equal_height=\u00bbyes\u00bb foundry_padding=\u00bbpt0 pb0&#8243;&#8230;<\/p>\n","protected":false},"author":1,"featured_media":0,"parent":0,"menu_order":0,"comment_status":"closed","ping_status":"closed","template":"","meta":{"om_disable_all_campaigns":false,"_monsterinsights_skip_tracking":false,"_monsterinsights_sitenote_active":false,"_monsterinsights_sitenote_note":"","_monsterinsights_sitenote_category":0},"aioseo_notices":[],"yoast_head":"<!-- This site is optimized with the Yoast SEO plugin v18.4.1 - https:\/\/yoast.com\/wordpress\/plugins\/seo\/ -->\n<title>IGFAE - IGFAE<\/title>\n<meta name=\"robots\" content=\"index, follow, max-snippet:-1, max-image-preview:large, max-video-preview:-1\" \/>\n<link rel=\"canonical\" href=\"https:\/\/igfae.usc.es\/~igfae-old\/es\/\" \/>\n<meta property=\"og:locale\" content=\"es_ES\" \/>\n<meta property=\"og:type\" content=\"article\" \/>\n<meta property=\"og:title\" content=\"IGFAE - IGFAE\" \/>\n<meta property=\"og:description\" content=\"[vc_row full_width=\u00bbstretch_row\u00bb foundry_padding=\u00bbpt0 pb0&#8243; foundry_parallax=\u00bbnot-parallax\u00bb css=\u00bb.vc_custom_1564129390591{border-bottom-width: 10px !important;border-bottom-color: #065ebe !important;border-bottom-style: solid !important;}\u00bb][vc_column css=\u00bb.vc_custom_1511375462887{margin-bottom: -36px !important;}\u00bb][rev_slider_vc alias=\u00bb1&#8243;][rev_slider_vc alias=\u00bbexperiments_en\u00bb el_class=\u00bbslider01&#8243;][\/vc_column][\/vc_row][vc_row equal_height=\u00bbyes\u00bb foundry_padding=\u00bbpt0 pb0&#8243;...\" \/>\n<meta property=\"og:url\" content=\"https:\/\/igfae.usc.es\/~igfae-old\/es\/\" \/>\n<meta property=\"og:site_name\" content=\"IGFAE\" \/>\n<meta property=\"article:modified_time\" content=\"2025-01-08T11:56:24+00:00\" \/>\n<meta name=\"twitter:card\" content=\"summary_large_image\" \/>\n<meta name=\"twitter:site\" content=\"@igfae_hep\" \/>\n<meta name=\"twitter:label1\" content=\"Tiempo de lectura\" \/>\n\t<meta name=\"twitter:data1\" content=\"1 minuto\" \/>\n<script type=\"application\/ld+json\" class=\"yoast-schema-graph\">{\"@context\":\"https:\/\/schema.org\",\"@graph\":[{\"@type\":\"WebSite\",\"@id\":\"https:\/\/igfae.usc.es\/~igfae-old\/#website\",\"url\":\"https:\/\/igfae.usc.es\/~igfae-old\/\",\"name\":\"IGFAE\",\"description\":\"Instituto Galego de F\u00edsica de Altas Enerx\u00edas\",\"potentialAction\":[{\"@type\":\"SearchAction\",\"target\":{\"@type\":\"EntryPoint\",\"urlTemplate\":\"https:\/\/igfae.usc.es\/~igfae-old\/?s={search_term_string}\"},\"query-input\":\"required name=search_term_string\"}],\"inLanguage\":\"es\"},{\"@type\":\"WebPage\",\"@id\":\"https:\/\/igfae.usc.es\/~igfae-old\/es\/#webpage\",\"url\":\"https:\/\/igfae.usc.es\/~igfae-old\/es\/\",\"name\":\"IGFAE - IGFAE\",\"isPartOf\":{\"@id\":\"https:\/\/igfae.usc.es\/~igfae-old\/#website\"},\"datePublished\":\"2017-10-05T09:12:42+00:00\",\"dateModified\":\"2025-01-08T11:56:24+00:00\",\"breadcrumb\":{\"@id\":\"https:\/\/igfae.usc.es\/~igfae-old\/es\/#breadcrumb\"},\"inLanguage\":\"es\",\"potentialAction\":[{\"@type\":\"ReadAction\",\"target\":[\"https:\/\/igfae.usc.es\/~igfae-old\/es\/\"]}]},{\"@type\":\"BreadcrumbList\",\"@id\":\"https:\/\/igfae.usc.es\/~igfae-old\/es\/#breadcrumb\",\"itemListElement\":[{\"@type\":\"ListItem\",\"position\":1,\"name\":\"Home\",\"item\":\"https:\/\/igfae.usc.es\/~igfae-old\/es\/\"},{\"@type\":\"ListItem\",\"position\":2,\"name\":\"IGFAE\"}]}]}<\/script>\n<!-- \/ Yoast SEO plugin. -->","yoast_head_json":{"title":"IGFAE - IGFAE","robots":{"index":"index","follow":"follow","max-snippet":"max-snippet:-1","max-image-preview":"max-image-preview:large","max-video-preview":"max-video-preview:-1"},"canonical":"https:\/\/igfae.usc.es\/~igfae-old\/es\/","og_locale":"es_ES","og_type":"article","og_title":"IGFAE - IGFAE","og_description":"[vc_row full_width=\u00bbstretch_row\u00bb foundry_padding=\u00bbpt0 pb0&#8243; foundry_parallax=\u00bbnot-parallax\u00bb css=\u00bb.vc_custom_1564129390591{border-bottom-width: 10px !important;border-bottom-color: #065ebe !important;border-bottom-style: solid !important;}\u00bb][vc_column css=\u00bb.vc_custom_1511375462887{margin-bottom: -36px !important;}\u00bb][rev_slider_vc alias=\u00bb1&#8243;][rev_slider_vc alias=\u00bbexperiments_en\u00bb el_class=\u00bbslider01&#8243;][\/vc_column][\/vc_row][vc_row equal_height=\u00bbyes\u00bb foundry_padding=\u00bbpt0 pb0&#8243;...","og_url":"https:\/\/igfae.usc.es\/~igfae-old\/es\/","og_site_name":"IGFAE","article_modified_time":"2025-01-08T11:56:24+00:00","twitter_card":"summary_large_image","twitter_site":"@igfae_hep","twitter_misc":{"Tiempo de lectura":"1 minuto"},"schema":{"@context":"https:\/\/schema.org","@graph":[{"@type":"WebSite","@id":"https:\/\/igfae.usc.es\/~igfae-old\/#website","url":"https:\/\/igfae.usc.es\/~igfae-old\/","name":"IGFAE","description":"Instituto Galego de F\u00edsica de Altas Enerx\u00edas","potentialAction":[{"@type":"SearchAction","target":{"@type":"EntryPoint","urlTemplate":"https:\/\/igfae.usc.es\/~igfae-old\/?s={search_term_string}"},"query-input":"required name=search_term_string"}],"inLanguage":"es"},{"@type":"WebPage","@id":"https:\/\/igfae.usc.es\/~igfae-old\/es\/#webpage","url":"https:\/\/igfae.usc.es\/~igfae-old\/es\/","name":"IGFAE - IGFAE","isPartOf":{"@id":"https:\/\/igfae.usc.es\/~igfae-old\/#website"},"datePublished":"2017-10-05T09:12:42+00:00","dateModified":"2025-01-08T11:56:24+00:00","breadcrumb":{"@id":"https:\/\/igfae.usc.es\/~igfae-old\/es\/#breadcrumb"},"inLanguage":"es","potentialAction":[{"@type":"ReadAction","target":["https:\/\/igfae.usc.es\/~igfae-old\/es\/"]}]},{"@type":"BreadcrumbList","@id":"https:\/\/igfae.usc.es\/~igfae-old\/es\/#breadcrumb","itemListElement":[{"@type":"ListItem","position":1,"name":"Home","item":"https:\/\/igfae.usc.es\/~igfae-old\/es\/"},{"@type":"ListItem","position":2,"name":"IGFAE"}]}]}},"_links":{"self":[{"href":"https:\/\/igfae.usc.es\/~igfae-old\/es\/wp-json\/wp\/v2\/pages\/1886"}],"collection":[{"href":"https:\/\/igfae.usc.es\/~igfae-old\/es\/wp-json\/wp\/v2\/pages"}],"about":[{"href":"https:\/\/igfae.usc.es\/~igfae-old\/es\/wp-json\/wp\/v2\/types\/page"}],"author":[{"embeddable":true,"href":"https:\/\/igfae.usc.es\/~igfae-old\/es\/wp-json\/wp\/v2\/users\/1"}],"replies":[{"embeddable":true,"href":"https:\/\/igfae.usc.es\/~igfae-old\/es\/wp-json\/wp\/v2\/comments?post=1886"}],"version-history":[{"count":105,"href":"https:\/\/igfae.usc.es\/~igfae-old\/es\/wp-json\/wp\/v2\/pages\/1886\/revisions"}],"predecessor-version":[{"id":17208,"href":"https:\/\/igfae.usc.es\/~igfae-old\/es\/wp-json\/wp\/v2\/pages\/1886\/revisions\/17208"}],"wp:attachment":[{"href":"https:\/\/igfae.usc.es\/~igfae-old\/es\/wp-json\/wp\/v2\/media?parent=1886"}],"curies":[{"name":"wp","href":"https:\/\/api.w.org\/{rel}","templated":true}]}}