{"id":544,"date":"2021-06-04T03:30:04","date_gmt":"2021-06-04T03:30:04","guid":{"rendered":"http:\/\/localhost:10023\/?page_id=544"},"modified":"2021-06-04T03:30:04","modified_gmt":"2021-06-04T03:30:04","slug":"construyendo-una-imagen-de-tiempo-de-los-primeros-diez-yoctosegundos-tras-la-colision-de-particulas-elementales","status":"publish","type":"page","link":"https:\/\/igfae.usc.es\/yoctolhc\/construyendo-una-imagen-de-tiempo-de-los-primeros-diez-yoctosegundos-tras-la-colision-de-particulas-elementales\/","title":{"rendered":"CONSTRUYENDO UNA IMAGEN DE TIEMPO DE LOS PRIMEROS DIEZ YOCTOSEGUNDOS TRAS LA COLISI\u00d3N DE PART\u00cdCULAS ELEMENTALES"},"content":{"rendered":"\n<p>La luz tarda tres yoctosegundos en cruzar un prot\u00f3n. Para tener una idea de lo peque\u00f1o que es este tiempo, podemos pensar que si la edad del Universo fuera solo un segundo, este tiempo a\u00fan ser\u00eda un mill\u00f3n de veces m\u00e1s corto que un abrir y cerrar de ojos. Este peque\u00f1o tiempo aparentemente es suficiente para que, en colisiones de iones pesados en el Gran Colisionador de Hadrones (LHC) del <a href=\"https:\/\/home.cern\/\">CERN<\/a>, los quarks y gluones pierdan coherencia cu\u00e1ntica, interact\u00faen entre s\u00ed y formen el plasma de quarks y gluones que impregn\u00f3 todo el Universo microsegundos despu\u00e9s del Big Bang.<\/p>\n\n\n\n<p>El proyecto &#8220;Yoctosecond imaging of QCD collectivity using jet observables (YoctoLHC)&#8221; propone un uso novedoso de sondas espec\u00edficas, chorros de part\u00edculas de alta energ\u00eda, para construir una imagen temporal de los primeros 10 yoctosegundos de la colisi\u00f3n y desentra\u00f1ar el proceso de emergencia de complejidad de los componentes b\u00e1sicos de la naturaleza.<\/p>\n\n\n\n<figure class=\"wp-block-image size-large is-resized\"><img loading=\"lazy\" decoding=\"async\" src=\"https:\/\/igfae.usc.es\/yoctolhc\/wp-content\/uploads\/2021\/06\/logo-ce-horizontal-en-neg-nb.svg\" alt=\"\" class=\"wp-image-535\" width=\"881\" height=\"232\"\/><\/figure>\n\n\n\n<p>The project was awarded in April 2019 a 2.5 million euro Advanced Grant for a 5-year period by the <a href=\"https:\/\/erc.europa.eu\/\">European Research Council (ERC<\/a>).<\/p>\n\n\n\n<p>YoctoLHC is led by Carlos Salgado, professor of Theoretical Physics at the <a href=\"http:\/\/www.usc.es\/en\/index.html\">University of Santiago de Compostela <\/a>and director of the <a href=\"https:\/\/igfae.usc.es\/igfae\/\">Galician Institute of High Energy Physics<\/a><a href=\"https:\/\/igfae.usc.es\/igfae\/#\"> (IGFAE)<\/a>, and it is carried out by an international team with researchers from the <a href=\"http:\/\/www.lip.pt\/?section=home&amp;page=homepage&amp;lang=en\">Laboratory of Instrumentation and Experimental Particle Physics (LIP)<\/a> and the <a href=\"https:\/\/www.jyu.fi\/en\">University of Jyv\u00e4skyl\u00e4<\/a> in Finland.Carlos Salgado was previously awarded with another European Research Council Starting Grant \/ Consolidator as principal investigator in 2011, Hot and dense QCD in the LHC era (HotLHC), hosted at the Universidade de Santiago de Compostela and CERN. The project run from January 2012 to December 2017 and it can be visited<a href=\"http:\/\/igfae.usc.es\/hotlhc\/\"> here<\/a>.<\/p>\n\n\n\n<div style=\"height:100px\" aria-hidden=\"true\" class=\"wp-block-spacer\"><\/div>\n\n\n\n<h1 class=\"wp-block-heading\"><strong>OBJECTIVE<\/strong><\/h1>\n\n\n\n<p>QCD is the only sector of the Standard Model where the exploration of the first levels of complexity, built from fundamental interactions at the quantum level, is experimentally feasible. An outstanding example is the thermalised state of QCD matter formed when heavy atomic nuclei are smashed in particle colliders. Systematic experimental studies, carried out in the last two decades, overwhelmingly support the picture of a deconfined state of matter, which behaves as a nearly perfect fluid, formed in a very short time, less than 5 yoctoseconds. The mechanism that so efficiently brings the initial out-of-equilibrium state into a thermalised system is, however, largely unknown.&nbsp;<\/p>\n\n\n\n<p>Most surprisingly, LHC experiments have found that collisions of small systems, i.e. proton-proton or proton-lead, seem to indicate the presence of a tiny drop of this fluid in events with a large number of produced particles. These systems have sizes of 1 fm or less, or time-scales of less than 3 ys. To add to the puzzle, jet quenching, the modifications of jet properties due to interactions with the medium, has not been observed in these small systems, while jet quenching and thermalisation are expected to be controlled by the same dynamics.&nbsp;<\/p>\n\n\n\n<p>Present experimental tools have limited sensitivity to the actual process of thermalisation. To solve these long-standing questions we propose, as a completely novel strategy, using jet observables to directly access the first yoctoseconds of the collision.<\/p>\n\n\n\n<div style=\"height:100px\" aria-hidden=\"true\" class=\"wp-block-spacer\"><\/div>\n\n\n\n<h1 class=\"wp-block-heading\">SUBJECTS<\/h1>\n\n\n\n<p>This strategy needs developments well beyond the state-of-the-art in three subjects:&nbsp;<\/p>\n\n\n\n<ol class=\"wp-block-list\" type=\"i\"><li>novel theoretical descriptions of the initial stages of the collision \u2014 the first 5 ys;&nbsp;<\/li><li>jet quenching theory for yoctosecond precision, with new techniques to couple the jet to the surrounding matter and novel parton shower evolution; and<\/li><li>jet quenching tools for the 2020\u2019s, where completely novel jet observables will be devised with a focus on determining the initial stages of the collision.<\/li><\/ol>\n\n\n\n<div style=\"height:100px\" aria-hidden=\"true\" class=\"wp-block-spacer\"><\/div>\n\n\n\n<h1 class=\"wp-block-heading\">PARTNERSHIPS<\/h1>\n\n\n\n<h3 class=\"wp-block-heading\"><strong>IGFAE<\/strong><\/h3>\n\n\n\n<figure class=\"wp-block-image size-large is-resized\"><img loading=\"lazy\" decoding=\"async\" src=\"https:\/\/igfae.usc.es\/yoctolhc\/wp-content\/uploads\/2021\/06\/IGFAE-USC-XUNTAGALICIA_sinborde-1024x131.png\" alt=\"\" class=\"wp-image-539\" width=\"652\" height=\"83\" srcset=\"https:\/\/igfae.usc.es\/yoctolhc\/wp-content\/uploads\/2021\/06\/IGFAE-USC-XUNTAGALICIA_sinborde-1024x131.png 1024w, https:\/\/igfae.usc.es\/yoctolhc\/wp-content\/uploads\/2021\/06\/IGFAE-USC-XUNTAGALICIA_sinborde-300x38.png 300w, https:\/\/igfae.usc.es\/yoctolhc\/wp-content\/uploads\/2021\/06\/IGFAE-USC-XUNTAGALICIA_sinborde-768x98.png 768w, https:\/\/igfae.usc.es\/yoctolhc\/wp-content\/uploads\/2021\/06\/IGFAE-USC-XUNTAGALICIA_sinborde-1536x196.png 1536w, https:\/\/igfae.usc.es\/yoctolhc\/wp-content\/uploads\/2021\/06\/IGFAE-USC-XUNTAGALICIA_sinborde-2048x261.png 2048w\" sizes=\"auto, (max-width: 652px) 100vw, 652px\" \/><\/figure>\n\n\n\n<p>The Galician Institute for High Energy Physics (IGFAE) at the Universidade de Santiago de Compostela (USC) is a research institute accredited as Mar\u00eda de Maeztu Unit of Excellence by the Spanish Ministry of Science. It hosts around 100 researchers, including more than 20 postdocs, 40 PhD students and two ERC grantees.<\/p>\n\n\n\n<p>Puedes conocer el equipo que conforma este proyecto (aqu\u00ed) y nuestras vacantes abiertas en la investigaci\u00f3n (aqu\u00ed).&nbsp;<\/p>\n\n\n\n<h3 class=\"wp-block-heading\">LIP<\/h3>\n\n\n\n<figure class=\"wp-block-image size-large is-resized\"><img loading=\"lazy\" decoding=\"async\" src=\"https:\/\/igfae.usc.es\/yoctolhc\/wp-content\/uploads\/2021\/06\/logo-lip-neg.png\" alt=\"\" class=\"wp-image-537\" width=\"565\" height=\"128\" srcset=\"https:\/\/igfae.usc.es\/yoctolhc\/wp-content\/uploads\/2021\/06\/logo-lip-neg.png 716w, https:\/\/igfae.usc.es\/yoctolhc\/wp-content\/uploads\/2021\/06\/logo-lip-neg-300x68.png 300w\" sizes=\"auto, (max-width: 565px) 100vw, 565px\" \/><\/figure>\n\n\n\n<h3 class=\"wp-block-heading\">UNIVERSITY OF JVYASKYLA <\/h3>\n\n\n\n<figure class=\"wp-block-image size-large is-resized\"><img loading=\"lazy\" decoding=\"async\" src=\"https:\/\/igfae.usc.es\/yoctolhc\/wp-content\/uploads\/2021\/06\/logo-jyu-neg.svg\" alt=\"\" class=\"wp-image-538\" width=\"497\" height=\"198\"\/><\/figure>\n\n\n\n<h2 class=\"wp-block-heading\"><strong>LANGUAGES<\/strong><\/h2>\n\n\n\n<ul class=\"wp-block-list\"><li>The project in Galician <\/li><li>The project in Portuguese<\/li><li>The project in Finnish <\/li><\/ul>\n\n\n\n<p>Program:&nbsp;<a href=\"https:\/\/cordis.europa.eu\/programme\/id\/H2020-EU.1.1.\/es\">H2020-EU.1.1. \u2013 EXCELLENT SCIENCE \u2013 European Research Council (ERC)<\/a>Reference:&nbsp;<a href=\"https:\/\/cordis.europa.eu\/programme\/id\/H2020_ERC-2018-ADG\/en\">ERC-2018-ADG \u2013 ERC Advanced Grant<\/a><\/p>\n","protected":false},"excerpt":{"rendered":"<p>El proyecto YoctoLHC, un apodo para &#8220;Yoctosecond imaging of QCD collectivity using jet observables&#8221;, es una subvenci\u00f3n avanzada del European Research Council, dirigida por el investigador espa\u00f1ol Carlos A. Salgado. Est\u00e1 alojado por IGFAE -Instituto Gallego de F\u00edsica de Altas Energ\u00edas (Santiago de Compostela-Espa\u00f1a), LIP-Laboratorio de Instrumentaci\u00f3n y F\u00edsica Experimental de Part\u00edculas (Lisboa, Portugal) y JYVASKYLAN YLIOPISTO (Finlandia).<\/p>\n","protected":false},"author":1,"featured_media":191,"parent":0,"menu_order":0,"comment_status":"closed","ping_status":"closed","template":"templates\/page-logos.php","meta":{"footnotes":""},"class_list":["post-544","page","type-page","status-publish","has-post-thumbnail","hentry"],"_links":{"self":[{"href":"https:\/\/igfae.usc.es\/yoctolhc\/wp-json\/wp\/v2\/pages\/544","targetHints":{"allow":["GET"]}}],"collection":[{"href":"https:\/\/igfae.usc.es\/yoctolhc\/wp-json\/wp\/v2\/pages"}],"about":[{"href":"https:\/\/igfae.usc.es\/yoctolhc\/wp-json\/wp\/v2\/types\/page"}],"author":[{"embeddable":true,"href":"https:\/\/igfae.usc.es\/yoctolhc\/wp-json\/wp\/v2\/users\/1"}],"replies":[{"embeddable":true,"href":"https:\/\/igfae.usc.es\/yoctolhc\/wp-json\/wp\/v2\/comments?post=544"}],"version-history":[{"count":1,"href":"https:\/\/igfae.usc.es\/yoctolhc\/wp-json\/wp\/v2\/pages\/544\/revisions"}],"predecessor-version":[{"id":547,"href":"https:\/\/igfae.usc.es\/yoctolhc\/wp-json\/wp\/v2\/pages\/544\/revisions\/547"}],"wp:featuredmedia":[{"embeddable":true,"href":"https:\/\/igfae.usc.es\/yoctolhc\/wp-json\/wp\/v2\/media\/191"}],"wp:attachment":[{"href":"https:\/\/igfae.usc.es\/yoctolhc\/wp-json\/wp\/v2\/media?parent=544"}],"curies":[{"name":"wp","href":"https:\/\/api.w.org\/{rel}","templated":true}]}}