{"id":48,"date":"2022-05-16T16:47:24","date_gmt":"2022-05-16T16:47:24","guid":{"rendered":"http:\/\/igfae.local\/?page_id=48"},"modified":"2022-07-05T15:41:44","modified_gmt":"2022-07-05T15:41:44","slug":"igfae-labs","status":"publish","type":"page","link":"https:\/\/igfae.usc.es\/labs\/igfae-labs\/","title":{"rendered":"Labs"},"content":{"rendered":"\n<p>Os Labs do IGFAE son espazos de nova creaci\u00f3n para dirixir e estruturar a nosa investigaci\u00f3n cara a unha investigaci\u00f3n e innovaci\u00f3n (RRI, Responsible Research &amp; Innovation) m\u00e1is responsable coa sociedade e a s\u00faa contorna inmediata.<\/p>\n\n\n\n<p>Esta nova estratexia de compromiso industrial e social divide as s\u00faas actividades en laboratorios que serven como espazos para discutir novas iniciativas con actores externos e colaboradores do IGFAE segundo \u00e1reas tem\u00e1ticas<\/p>\n","protected":false},"excerpt":{"rendered":"<p>Os Labs do IGFAE son espazos de nova creaci\u00f3n para dirixir e estruturar a nosa investigaci\u00f3n cara a unha investigaci\u00f3n e innovaci\u00f3n (RRI, Responsible Research &amp; Innovation) m\u00e1is responsable coa sociedade e a s\u00faa contorna inmediata. Esta nova estratexia de compromiso industrial e social divide as s\u00faas actividades en laboratorios que serven como espazos para [&hellip;]<\/p>\n","protected":false},"author":1,"featured_media":0,"parent":0,"menu_order":0,"comment_status":"closed","ping_status":"closed","template":"template-labs.php","meta":{"_acf_changed":false,"footnotes":""},"class_list":["post-48","page","type-page","status-publish","hentry"],"acf":[],"_links":{"self":[{"href":"https:\/\/igfae.usc.es\/labs\/wp-json\/wp\/v2\/pages\/48","targetHints":{"allow":["GET"]}}],"collection":[{"href":"https:\/\/igfae.usc.es\/labs\/wp-json\/wp\/v2\/pages"}],"about":[{"href":"https:\/\/igfae.usc.es\/labs\/wp-json\/wp\/v2\/types\/page"}],"author":[{"embeddable":true,"href":"https:\/\/igfae.usc.es\/labs\/wp-json\/wp\/v2\/users\/1"}],"replies":[{"embeddable":true,"href":"https:\/\/igfae.usc.es\/labs\/wp-json\/wp\/v2\/comments?post=48"}],"version-history":[{"count":0,"href":"https:\/\/igfae.usc.es\/labs\/wp-json\/wp\/v2\/pages\/48\/revisions"}],"wp:attachment":[{"href":"https:\/\/igfae.usc.es\/labs\/wp-json\/wp\/v2\/media?parent=48"}],"curies":[{"name":"wp","href":"https:\/\/api.w.org\/{rel}","templated":true}]}}