



{"id":6154,"date":"2020-05-20T14:32:20","date_gmt":"2020-05-20T12:32:20","guid":{"rendered":"https:\/\/igfae.usc.es\/igfaedb\/?page_id=6154"},"modified":"2023-07-19T10:10:15","modified_gmt":"2023-07-19T08:10:15","slug":"sab-3","status":"publish","type":"page","link":"https:\/\/igfae.usc.es\/igfaedb\/gl\/sab-3\/","title":{"rendered":"Comit\u00e9 Cient\u00edfico Asesor (SAB)"},"content":{"rendered":"<p>[vc_row full_width=&#8221;stretch_row_content_no_spaces&#8221; foundry_parallax=&#8221;not-parallax&#8221; css=&#8221;.vc_custom_1589977056061{background-color: rgba(249,249,249,0.52) !important;*background-color: rgb(249,249,249) !important;}&#8221;][vc_column][vc_row_inner][vc_column_inner][vc_column_text]<\/p>\n<p class=\"lead\">O Comit\u00e9 Cient\u00edfico Asesor (Scientific Advisory Board &#8211; SAB) \u00e9 un comit\u00e9 externo composto por persoas expertas e reco\u00f1ecidas internacionalmente en diferentes campos da f\u00edsica. O SAB monitoriza a evoluci\u00f3n dos obxectivos cient\u00edficos e clasifica o rendemento de IGFAE, os programas cient\u00edficos e o personal investigador cada catro anos, as\u00ed como as novas afiliaci\u00f3ns.<\/p>\n<p>[\/vc_column_text][\/vc_column_inner][\/vc_row_inner][vc_row_inner equal_height=&#8221;yes&#8221;][vc_column_inner width=&#8221;1\/4&#8243;][vc_single_image image=&#8221;7284&#8243; img_size=&#8221;200&#215;300&#8243; style=&#8221;vc_box_shadow&#8221;][vc_column_text]<\/p>\n<p class=\"lead\"><strong>Sergio Bertolucci<br \/>\n<\/strong>(U. Bologna)<br \/>\nCERN Director de investigaci\u00f3n 2009-2016.<\/p>\n<p>[\/vc_column_text][\/vc_column_inner][vc_column_inner width=&#8221;1\/4&#8243;][vc_single_image image=&#8221;7287&#8243; img_size=&#8221;200&#215;300&#8243; style=&#8221;vc_box_shadow&#8221;][vc_column_text]<\/p>\n<p class=\"lead\"><strong>Barbara Erazmus<br \/>\n<\/strong>(SUBATECH Nantes)<br \/>\nVoceira adxunta de ALICE e coordinadora de STRONG-2020.<\/p>\n<p>[\/vc_column_text][\/vc_column_inner][vc_column_inner width=&#8221;1\/4&#8243;][vc_single_image image=&#8221;7305&#8243; img_size=&#8221;200&#215;300&#8243; style=&#8221;vc_box_shadow&#8221;][vc_column_text]<\/p>\n<p class=\"lead\"><strong>Paolo Giubelino<br \/>\n<\/strong>(INFN Torino)<br \/>\nDirector cient\u00edfico GSI\/FAIR.<\/p>\n<p>[\/vc_column_text][\/vc_column_inner][vc_column_inner width=&#8221;1\/4&#8243;][vc_single_image image=&#8221;7290&#8243; img_size=&#8221;200&#215;300&#8243; style=&#8221;vc_box_shadow&#8221;][vc_column_text]<\/p>\n<p class=\"lead\"><strong>Gabriela Gonz\u00e1lez<\/strong><br \/>\n(Louisiana State University)<br \/>\nPortavoz de LIGO 2011-2017.<\/p>\n<p>[\/vc_column_text][\/vc_column_inner][\/vc_row_inner][vc_row_inner][vc_column_inner width=&#8221;1\/3&#8243;][vc_single_image image=&#8221;7294&#8243; img_size=&#8221;200&#215;300&#8243; style=&#8221;vc_box_shadow&#8221;][vc_column_text]<\/p>\n<p class=\"lead\"><strong>Francis Halzen<br \/>\n<\/strong>(Univers. Wisconsin)<strong><br \/>\n<\/strong>Portavoz de IceCube.<\/p>\n<p>[\/vc_column_text][\/vc_column_inner][vc_column_inner width=&#8221;1\/3&#8243;][vc_single_image image=&#8221;7302&#8243; img_size=&#8221;200&#215;300&#8243; style=&#8221;vc_box_shadow&#8221;][vc_column_text]<\/p>\n<p class=\"lead\"><strong>Larry McLerran<br \/>\n<\/strong>Director &#8211; Institute for Nuclear Theory (Seattle).[\/vc_column_text][\/vc_column_inner][vc_column_inner width=&#8221;1\/3&#8243;][vc_single_image image=&#8221;7298&#8243; img_size=&#8221;200&#215;300&#8243; style=&#8221;vc_box_shadow&#8221;][vc_column_text]<\/p>\n<p class=\"lead\"><strong>Giulia Zanderighi<br \/>\n<\/strong>CERN &amp; Max Planck Institut f\u00fcr Physik (M\u00fcnchen).<strong><br \/>\n<\/strong><\/p>\n<p>[\/vc_column_text][\/vc_column_inner][\/vc_row_inner][\/vc_column][\/vc_row]<\/p>\n","protected":false},"excerpt":{"rendered":"<p>[vc_row full_width=&#8221;stretch_row_content_no_spaces&#8221; foundry_parallax=&#8221;not-parallax&#8221; css=&#8221;.vc_custom_1589977056061{background-color: rgba(249,249,249,0.52) !important;*background-color: rgb(249,249,249) !important;}&#8221;][vc_column][vc_row_inner][vc_column_inner][vc_column_text] O Comit\u00e9 Cient\u00edfico Asesor (Scientific Advisory Board &#8211; SAB) \u00e9 un comit\u00e9 externo&#8230;<\/p>\n","protected":false},"author":8,"featured_media":1977,"parent":0,"menu_order":0,"comment_status":"closed","ping_status":"closed","template":"","meta":{"om_disable_all_campaigns":false,"_monsterinsights_skip_tracking":false,"_monsterinsights_sitenote_active":false,"_monsterinsights_sitenote_note":"","_monsterinsights_sitenote_category":0},"aioseo_notices":[],"yoast_head":"<!-- This site is optimized with the Yoast SEO plugin v18.4.1 - https:\/\/yoast.com\/wordpress\/plugins\/seo\/ -->\n<title>Comit\u00e9 Cient\u00edfico Asesor (SAB) - IGFAE<\/title>\n<meta name=\"robots\" content=\"index, follow, max-snippet:-1, max-image-preview:large, max-video-preview:-1\" \/>\n<link rel=\"canonical\" href=\"https:\/\/igfae.usc.es\/igfaedb\/sab\/\" \/>\n<meta property=\"og:locale\" content=\"gl_ES\" \/>\n<meta property=\"og:type\" content=\"article\" \/>\n<meta property=\"og:title\" content=\"Comit\u00e9 Cient\u00edfico Asesor (SAB) - IGFAE\" \/>\n<meta property=\"og:description\" content=\"[vc_row full_width=&#8221;stretch_row_content_no_spaces&#8221; foundry_parallax=&#8221;not-parallax&#8221; css=&#8221;.vc_custom_1589977056061{background-color: rgba(249,249,249,0.52) !important;*background-color: rgb(249,249,249) !important;}&#8221;][vc_column][vc_row_inner][vc_column_inner][vc_column_text] O Comit\u00e9 Cient\u00edfico Asesor (Scientific Advisory Board &#8211; SAB) \u00e9 un comit\u00e9 externo...\" \/>\n<meta property=\"og:url\" content=\"https:\/\/igfae.usc.es\/igfaedb\/sab\/\" \/>\n<meta property=\"og:site_name\" content=\"IGFAE\" \/>\n<meta property=\"article:modified_time\" content=\"2023-07-19T08:10:15+00:00\" \/>\n<meta property=\"og:image\" content=\"https:\/\/igfae.usc.es\/igfaedb\/wp-content\/uploads\/2017\/11\/Transicion-azul-Indicadores.png\" \/>\n\t<meta property=\"og:image:width\" content=\"1920\" \/>\n\t<meta property=\"og:image:height\" content=\"847\" \/>\n\t<meta property=\"og:image:type\" content=\"image\/png\" \/>\n<meta name=\"twitter:card\" content=\"summary_large_image\" \/>\n<meta name=\"twitter:site\" content=\"@igfae_hep\" \/>\n<meta name=\"twitter:label1\" content=\"Tempo de lectura\" \/>\n\t<meta name=\"twitter:data1\" content=\"2 minutos\" \/>\n<script type=\"application\/ld+json\" class=\"yoast-schema-graph\">{\"@context\":\"https:\/\/schema.org\",\"@graph\":[{\"@type\":\"WebSite\",\"@id\":\"https:\/\/igfae.usc.es\/igfaedb\/#website\",\"url\":\"https:\/\/igfae.usc.es\/igfaedb\/\",\"name\":\"IGFAE\",\"description\":\"Instituto Galego de F\u00edsica de Altas Enerx\u00edas\",\"potentialAction\":[{\"@type\":\"SearchAction\",\"target\":{\"@type\":\"EntryPoint\",\"urlTemplate\":\"https:\/\/igfae.usc.es\/igfaedb\/?s={search_term_string}\"},\"query-input\":\"required name=search_term_string\"}],\"inLanguage\":\"gl-ES\"},{\"@type\":\"ImageObject\",\"@id\":\"https:\/\/igfae.usc.es\/igfaedb\/sab\/#primaryimage\",\"inLanguage\":\"gl-ES\",\"url\":\"https:\/\/igfae.usc.es\/igfaedb\/wp-content\/uploads\/2017\/11\/Transicion-azul-Indicadores.png\",\"contentUrl\":\"https:\/\/igfae.usc.es\/igfaedb\/wp-content\/uploads\/2017\/11\/Transicion-azul-Indicadores.png\",\"width\":1920,\"height\":847},{\"@type\":\"WebPage\",\"@id\":\"https:\/\/igfae.usc.es\/igfaedb\/sab\/#webpage\",\"url\":\"https:\/\/igfae.usc.es\/igfaedb\/sab\/\",\"name\":\"Comit\u00e9 Cient\u00edfico Asesor (SAB) - IGFAE\",\"isPartOf\":{\"@id\":\"https:\/\/igfae.usc.es\/igfaedb\/#website\"},\"primaryImageOfPage\":{\"@id\":\"https:\/\/igfae.usc.es\/igfaedb\/sab\/#primaryimage\"},\"datePublished\":\"2020-05-20T12:32:20+00:00\",\"dateModified\":\"2023-07-19T08:10:15+00:00\",\"breadcrumb\":{\"@id\":\"https:\/\/igfae.usc.es\/igfaedb\/sab\/#breadcrumb\"},\"inLanguage\":\"gl-ES\",\"potentialAction\":[{\"@type\":\"ReadAction\",\"target\":[\"https:\/\/igfae.usc.es\/igfaedb\/sab\/\"]}]},{\"@type\":\"BreadcrumbList\",\"@id\":\"https:\/\/igfae.usc.es\/igfaedb\/sab\/#breadcrumb\",\"itemListElement\":[{\"@type\":\"ListItem\",\"position\":1,\"name\":\"Comit\u00e9 Cient\u00edfico Asesor (SAB)\"}]}]}<\/script>\n<!-- \/ Yoast SEO plugin. -->","yoast_head_json":{"title":"Comit\u00e9 Cient\u00edfico Asesor (SAB) - IGFAE","robots":{"index":"index","follow":"follow","max-snippet":"max-snippet:-1","max-image-preview":"max-image-preview:large","max-video-preview":"max-video-preview:-1"},"canonical":"https:\/\/igfae.usc.es\/igfaedb\/sab\/","og_locale":"gl_ES","og_type":"article","og_title":"Comit\u00e9 Cient\u00edfico Asesor (SAB) - IGFAE","og_description":"[vc_row full_width=&#8221;stretch_row_content_no_spaces&#8221; foundry_parallax=&#8221;not-parallax&#8221; css=&#8221;.vc_custom_1589977056061{background-color: rgba(249,249,249,0.52) !important;*background-color: rgb(249,249,249) !important;}&#8221;][vc_column][vc_row_inner][vc_column_inner][vc_column_text] O Comit\u00e9 Cient\u00edfico Asesor (Scientific Advisory Board &#8211; SAB) \u00e9 un comit\u00e9 externo...","og_url":"https:\/\/igfae.usc.es\/igfaedb\/sab\/","og_site_name":"IGFAE","article_modified_time":"2023-07-19T08:10:15+00:00","og_image":[{"width":1920,"height":847,"url":"https:\/\/igfae.usc.es\/igfaedb\/wp-content\/uploads\/2017\/11\/Transicion-azul-Indicadores.png","type":"image\/png"}],"twitter_card":"summary_large_image","twitter_site":"@igfae_hep","twitter_misc":{"Tempo de lectura":"2 minutos"},"schema":{"@context":"https:\/\/schema.org","@graph":[{"@type":"WebSite","@id":"https:\/\/igfae.usc.es\/igfaedb\/#website","url":"https:\/\/igfae.usc.es\/igfaedb\/","name":"IGFAE","description":"Instituto Galego de F\u00edsica de Altas Enerx\u00edas","potentialAction":[{"@type":"SearchAction","target":{"@type":"EntryPoint","urlTemplate":"https:\/\/igfae.usc.es\/igfaedb\/?s={search_term_string}"},"query-input":"required name=search_term_string"}],"inLanguage":"gl-ES"},{"@type":"ImageObject","@id":"https:\/\/igfae.usc.es\/igfaedb\/sab\/#primaryimage","inLanguage":"gl-ES","url":"https:\/\/igfae.usc.es\/igfaedb\/wp-content\/uploads\/2017\/11\/Transicion-azul-Indicadores.png","contentUrl":"https:\/\/igfae.usc.es\/igfaedb\/wp-content\/uploads\/2017\/11\/Transicion-azul-Indicadores.png","width":1920,"height":847},{"@type":"WebPage","@id":"https:\/\/igfae.usc.es\/igfaedb\/sab\/#webpage","url":"https:\/\/igfae.usc.es\/igfaedb\/sab\/","name":"Comit\u00e9 Cient\u00edfico Asesor (SAB) - IGFAE","isPartOf":{"@id":"https:\/\/igfae.usc.es\/igfaedb\/#website"},"primaryImageOfPage":{"@id":"https:\/\/igfae.usc.es\/igfaedb\/sab\/#primaryimage"},"datePublished":"2020-05-20T12:32:20+00:00","dateModified":"2023-07-19T08:10:15+00:00","breadcrumb":{"@id":"https:\/\/igfae.usc.es\/igfaedb\/sab\/#breadcrumb"},"inLanguage":"gl-ES","potentialAction":[{"@type":"ReadAction","target":["https:\/\/igfae.usc.es\/igfaedb\/sab\/"]}]},{"@type":"BreadcrumbList","@id":"https:\/\/igfae.usc.es\/igfaedb\/sab\/#breadcrumb","itemListElement":[{"@type":"ListItem","position":1,"name":"Comit\u00e9 Cient\u00edfico Asesor (SAB)"}]}]}},"_links":{"self":[{"href":"https:\/\/igfae.usc.es\/igfaedb\/gl\/wp-json\/wp\/v2\/pages\/6154"}],"collection":[{"href":"https:\/\/igfae.usc.es\/igfaedb\/gl\/wp-json\/wp\/v2\/pages"}],"about":[{"href":"https:\/\/igfae.usc.es\/igfaedb\/gl\/wp-json\/wp\/v2\/types\/page"}],"author":[{"embeddable":true,"href":"https:\/\/igfae.usc.es\/igfaedb\/gl\/wp-json\/wp\/v2\/users\/8"}],"replies":[{"embeddable":true,"href":"https:\/\/igfae.usc.es\/igfaedb\/gl\/wp-json\/wp\/v2\/comments?post=6154"}],"version-history":[{"count":5,"href":"https:\/\/igfae.usc.es\/igfaedb\/gl\/wp-json\/wp\/v2\/pages\/6154\/revisions"}],"predecessor-version":[{"id":13940,"href":"https:\/\/igfae.usc.es\/igfaedb\/gl\/wp-json\/wp\/v2\/pages\/6154\/revisions\/13940"}],"wp:featuredmedia":[{"embeddable":true,"href":"https:\/\/igfae.usc.es\/igfaedb\/gl\/wp-json\/wp\/v2\/media\/1977"}],"wp:attachment":[{"href":"https:\/\/igfae.usc.es\/igfaedb\/gl\/wp-json\/wp\/v2\/media?parent=6154"}],"curies":[{"name":"wp","href":"https:\/\/api.w.org\/{rel}","templated":true}]}}