



{"id":4312,"date":"2019-10-14T17:28:46","date_gmt":"2019-10-14T15:28:46","guid":{"rendered":"https:\/\/igfae.usc.es\/centrosingular\/?page_id=4312"},"modified":"2024-04-02T10:05:57","modified_gmt":"2024-04-02T08:05:57","slug":"mariademaeztu-2","status":"publish","type":"page","link":"https:\/\/igfae.usc.es\/igfaedb\/gl\/mariademaeztu-2\/","title":{"rendered":"Unidade de Excelencia Mar\u00eda de Maeztu"},"content":{"rendered":"<p>[vc_row full_width=&#8221;stretch_row&#8221; foundry_padding=&#8221;pt0 pb0&#8243; foundry_parallax=&#8221;not-parallax&#8221; css=&#8221;.vc_custom_1511969745245{background-image: url(https:\/\/igfae.usc.es\/igfaedb\/wp-content\/uploads\/2017\/11\/fondo.jpg?id=122) !important;}&#8221;][vc_column][vc_row_inner][vc_column_inner width=&#8221;5\/12&#8243; css=&#8221;.vc_custom_1511969894880{margin-bottom: 0px !important;padding-bottom: 0px !important;}&#8221;][vc_single_image image=&#8221;4505&#8243; img_size=&#8221;600&#215;400&#8243; css=&#8221;.vc_custom_1571067154268{padding-top: 15px !important;padding-left: 300px !important;}&#8221;][\/vc_column_inner][vc_column_inner width=&#8221;5\/12&#8243; offset=&#8221;vc_col-lg-offset-1&#8243; css=&#8221;.vc_custom_1536316203759{margin-bottom: 0px !important;padding-top: 60px !important;padding-bottom: 0px !important;}&#8221;][vc_column_text css=&#8221;.vc_custom_1712045153742{margin-top: 0px !important;padding-top: 0px !important;}&#8221;]<\/p>\n<p class=\"lead\">En 2016, IGFAE integrou por primeira vez os Centros Espa\u00f1ois \u00abSevero Ochoa\u00bb e as Unidades de Excelencia \u00abMar\u00eda de Maeztu\u00bb, a alianza <a href=\"https:\/\/www.somma.es\/\" target=\"_blank\" rel=\"noopener noreferrer\">SOMMa<\/a>. Este programa do Ministerio de Ciencia, Innovaci\u00f3n e Universidades de Espa\u00f1a identifica e promove a excelencia nos centros e unidades de investigaci\u00f3n de vangarda existentes e ap\u00f3iaos para mellorar o seu impacto, o seu liderado cient\u00edfico internacional e a s\u00faa competitividade. O primeiro selo MdM foi unha oportunidade importante para impulsar o rendemento cient\u00edfico de IGFAE na busca dalgunhas das cuesti\u00f3ns m\u00e1is fundamentais en F\u00edsica. A subvenci\u00f3n, financiada cun total de 2 mill\u00f3ns de euros, \u00e9 por un per\u00edodo de 4 anos (renovable) e permite o acceso a convocatorias de financiamento dedicadas tanto aos recursos humanos como ao apoio das infraestruturas.<\/p>\n<p class=\"lead\"><a href=\"https:\/\/igfae.usc.es\/igfaedb\/gl\/o-igfae-acreditado-como-unidade-de-excelencia-maria-de-maeztu\/\" target=\"_blank\" rel=\"noopener\">En marzo de 2024, o IGFAE acadou por 2\u00aa vez o selo como Unidade de Excelencia Mar\u00eda de Maeztu.<\/a> A distinci\u00f3n permitir\u00e1 desenvolver o proxecto estrat\u00e9xico do Instituto durante os vindeiros anos, e continuar coa evoluci\u00f3n iniciada durante o anterior per\u00edodo de acreditaci\u00f3n. O IGFAE \u00e9, ata o momento, o \u00fanico centro galego en recibir este reco\u00f1ecemento de excelencia.<\/p>\n<p>&nbsp;[\/vc_column_text][\/vc_column_inner][\/vc_row_inner][\/vc_column][\/vc_row][vc_row foundry_background_style=&#8221;bg-secondary&#8221; foundry_padding=&#8221;pt64 pb64&#8243; css=&#8221;.vc_custom_1511973566439{border-top-width: 5px !important;border-top-color: #055dbe !important;border-top-style: solid !important;}&#8221;][vc_column][vc_column_text]<\/p>\n<h3><span style=\"color: #055dbe;\"><strong>O proxecto estrat\u00e9xico de investigaci\u00f3n bas\u00e9ase nos seguintes obxectivos:<\/strong><\/span><\/h3>\n<p>[\/vc_column_text][vc_row_inner][vc_column_inner width=&#8221;1\/2&#8243; offset=&#8221;vc_col-lg-offset-0&#8243;][vc_column_text css=&#8221;.vc_custom_1571063944377{border-left-width: 25px !important;padding-left: 10px !important;border-left-color: #055dbe !important;border-left-style: solid !important;}&#8221;]<\/p>\n<h4>Mellorar o rendimento cient\u00edfico<\/h4>\n<p>[\/vc_column_text][vc_column_text css=&#8221;.vc_custom_1571063956557{border-left-width: 25px !important;padding-left: 10px !important;border-left-color: #055dbe !important;border-left-style: solid !important;}&#8221;]<\/p>\n<h4 style=\"text-align: left;\">Explorar posibles sinerxias entre os grupos do IGFAE e con outros equipos de investigaci\u00f3n<\/h4>\n<p>[\/vc_column_text][vc_column_text css=&#8221;.vc_custom_1571063966701{border-left-width: 25px !important;padding-left: 10px !important;border-left-color: #055dbe !important;border-left-style: solid !important;}&#8221;]<\/p>\n<h4>Aumentar a eficiencia das instalaci\u00f3ns de investigaci\u00f3n e as capacidades tecnol\u00f3xicas<\/h4>\n<p>[\/vc_column_text][\/vc_column_inner][vc_column_inner width=&#8221;1\/2&#8243;][vc_column_text css=&#8221;.vc_custom_1571063976166{border-left-width: 25px !important;padding-left: 10px !important;border-left-color: #055dbe !important;border-left-style: solid !important;}&#8221;]<\/p>\n<h4>Crear unha estratexia de Investigaci\u00f3n e Innovaci\u00f3n Responsable (RRI)<\/h4>\n<p>[\/vc_column_text][vc_column_text css=&#8221;.vc_custom_1571063983622{border-left-width: 25px !important;padding-left: 10px !important;border-left-color: #055dbe !important;border-left-style: solid !important;}&#8221;]<\/p>\n<h4>Adaptar a xesti\u00f3n \u00e1s mellores pr\u00e1cticas internacionais<\/h4>\n<p>[\/vc_column_text][\/vc_column_inner][\/vc_row_inner][\/vc_column][\/vc_row]<\/p>\n","protected":false},"excerpt":{"rendered":"<p>[vc_row full_width=&#8221;stretch_row&#8221; foundry_padding=&#8221;pt0 pb0&#8243; foundry_parallax=&#8221;not-parallax&#8221; css=&#8221;.vc_custom_1511969745245{background-image: url(https:\/\/igfae.usc.es\/igfaedb\/wp-content\/uploads\/2017\/11\/fondo.jpg?id=122) !important;}&#8221;][vc_column][vc_row_inner][vc_column_inner width=&#8221;5\/12&#8243; css=&#8221;.vc_custom_1511969894880{margin-bottom: 0px !important;padding-bottom: 0px !important;}&#8221;][vc_single_image image=&#8221;4505&#8243; img_size=&#8221;600&#215;400&#8243; css=&#8221;.vc_custom_1571067154268{padding-top: 15px !important;padding-left: 300px !important;}&#8221;][\/vc_column_inner][vc_column_inner&#8230;<\/p>\n","protected":false},"author":21,"featured_media":1977,"parent":0,"menu_order":0,"comment_status":"closed","ping_status":"closed","template":"","meta":{"om_disable_all_campaigns":false,"_monsterinsights_skip_tracking":false,"_monsterinsights_sitenote_active":false,"_monsterinsights_sitenote_note":"","_monsterinsights_sitenote_category":0},"aioseo_notices":[],"yoast_head":"<!-- This site is optimized with the Yoast SEO plugin v18.4.1 - https:\/\/yoast.com\/wordpress\/plugins\/seo\/ -->\n<title>Unidade de Excelencia Mar\u00eda de Maeztu - IGFAE<\/title>\n<meta name=\"robots\" content=\"index, follow, max-snippet:-1, max-image-preview:large, max-video-preview:-1\" \/>\n<link rel=\"canonical\" href=\"https:\/\/igfae.usc.es\/igfaedb\/gl\/mariademaeztu-2\/\" \/>\n<meta property=\"og:locale\" content=\"gl_ES\" \/>\n<meta property=\"og:type\" content=\"article\" \/>\n<meta property=\"og:title\" content=\"Unidade de Excelencia Mar\u00eda de Maeztu - IGFAE\" \/>\n<meta property=\"og:description\" content=\"[vc_row full_width=&#8221;stretch_row&#8221; foundry_padding=&#8221;pt0 pb0&#8243; foundry_parallax=&#8221;not-parallax&#8221; css=&#8221;.vc_custom_1511969745245{background-image: url(https:\/\/igfae.usc.es\/igfaedb\/wp-content\/uploads\/2017\/11\/fondo.jpg?id=122) !important;}&#8221;][vc_column][vc_row_inner][vc_column_inner width=&#8221;5\/12&#8243; css=&#8221;.vc_custom_1511969894880{margin-bottom: 0px !important;padding-bottom: 0px !important;}&#8221;][vc_single_image image=&#8221;4505&#8243; img_size=&#8221;600&#215;400&#8243; css=&#8221;.vc_custom_1571067154268{padding-top: 15px !important;padding-left: 300px !important;}&#8221;][\/vc_column_inner][vc_column_inner...\" \/>\n<meta property=\"og:url\" content=\"https:\/\/igfae.usc.es\/igfaedb\/gl\/mariademaeztu-2\/\" \/>\n<meta property=\"og:site_name\" content=\"IGFAE\" \/>\n<meta property=\"article:modified_time\" content=\"2024-04-02T08:05:57+00:00\" \/>\n<meta property=\"og:image\" content=\"https:\/\/igfae.usc.es\/igfaedb\/wp-content\/uploads\/2017\/11\/Transicion-azul-Indicadores.png\" \/>\n\t<meta property=\"og:image:width\" content=\"1920\" \/>\n\t<meta property=\"og:image:height\" content=\"847\" \/>\n\t<meta property=\"og:image:type\" content=\"image\/png\" \/>\n<meta name=\"twitter:card\" content=\"summary_large_image\" \/>\n<meta name=\"twitter:site\" content=\"@igfae_hep\" \/>\n<meta name=\"twitter:label1\" content=\"Tempo de lectura\" \/>\n\t<meta name=\"twitter:data1\" content=\"2 minutos\" \/>\n<script type=\"application\/ld+json\" class=\"yoast-schema-graph\">{\"@context\":\"https:\/\/schema.org\",\"@graph\":[{\"@type\":\"WebSite\",\"@id\":\"https:\/\/igfae.usc.es\/igfaedb\/#website\",\"url\":\"https:\/\/igfae.usc.es\/igfaedb\/\",\"name\":\"IGFAE\",\"description\":\"Instituto Galego de F\u00edsica de Altas Enerx\u00edas\",\"potentialAction\":[{\"@type\":\"SearchAction\",\"target\":{\"@type\":\"EntryPoint\",\"urlTemplate\":\"https:\/\/igfae.usc.es\/igfaedb\/?s={search_term_string}\"},\"query-input\":\"required name=search_term_string\"}],\"inLanguage\":\"gl-ES\"},{\"@type\":\"ImageObject\",\"@id\":\"https:\/\/igfae.usc.es\/igfaedb\/gl\/mariademaeztu-2\/#primaryimage\",\"inLanguage\":\"gl-ES\",\"url\":\"https:\/\/igfae.usc.es\/igfaedb\/wp-content\/uploads\/2017\/11\/Transicion-azul-Indicadores.png\",\"contentUrl\":\"https:\/\/igfae.usc.es\/igfaedb\/wp-content\/uploads\/2017\/11\/Transicion-azul-Indicadores.png\",\"width\":1920,\"height\":847},{\"@type\":\"WebPage\",\"@id\":\"https:\/\/igfae.usc.es\/igfaedb\/gl\/mariademaeztu-2\/#webpage\",\"url\":\"https:\/\/igfae.usc.es\/igfaedb\/gl\/mariademaeztu-2\/\",\"name\":\"Unidade de Excelencia Mar\u00eda de Maeztu - IGFAE\",\"isPartOf\":{\"@id\":\"https:\/\/igfae.usc.es\/igfaedb\/#website\"},\"primaryImageOfPage\":{\"@id\":\"https:\/\/igfae.usc.es\/igfaedb\/gl\/mariademaeztu-2\/#primaryimage\"},\"datePublished\":\"2019-10-14T15:28:46+00:00\",\"dateModified\":\"2024-04-02T08:05:57+00:00\",\"breadcrumb\":{\"@id\":\"https:\/\/igfae.usc.es\/igfaedb\/gl\/mariademaeztu-2\/#breadcrumb\"},\"inLanguage\":\"gl-ES\",\"potentialAction\":[{\"@type\":\"ReadAction\",\"target\":[\"https:\/\/igfae.usc.es\/igfaedb\/gl\/mariademaeztu-2\/\"]}]},{\"@type\":\"BreadcrumbList\",\"@id\":\"https:\/\/igfae.usc.es\/igfaedb\/gl\/mariademaeztu-2\/#breadcrumb\",\"itemListElement\":[{\"@type\":\"ListItem\",\"position\":1,\"name\":\"Unidade de Excelencia Mar\u00eda de Maeztu\"}]}]}<\/script>\n<!-- \/ Yoast SEO plugin. -->","yoast_head_json":{"title":"Unidade de Excelencia Mar\u00eda de Maeztu - IGFAE","robots":{"index":"index","follow":"follow","max-snippet":"max-snippet:-1","max-image-preview":"max-image-preview:large","max-video-preview":"max-video-preview:-1"},"canonical":"https:\/\/igfae.usc.es\/igfaedb\/gl\/mariademaeztu-2\/","og_locale":"gl_ES","og_type":"article","og_title":"Unidade de Excelencia Mar\u00eda de Maeztu - IGFAE","og_description":"[vc_row full_width=&#8221;stretch_row&#8221; foundry_padding=&#8221;pt0 pb0&#8243; foundry_parallax=&#8221;not-parallax&#8221; css=&#8221;.vc_custom_1511969745245{background-image: url(https:\/\/igfae.usc.es\/igfaedb\/wp-content\/uploads\/2017\/11\/fondo.jpg?id=122) !important;}&#8221;][vc_column][vc_row_inner][vc_column_inner width=&#8221;5\/12&#8243; css=&#8221;.vc_custom_1511969894880{margin-bottom: 0px !important;padding-bottom: 0px !important;}&#8221;][vc_single_image image=&#8221;4505&#8243; img_size=&#8221;600&#215;400&#8243; css=&#8221;.vc_custom_1571067154268{padding-top: 15px !important;padding-left: 300px !important;}&#8221;][\/vc_column_inner][vc_column_inner...","og_url":"https:\/\/igfae.usc.es\/igfaedb\/gl\/mariademaeztu-2\/","og_site_name":"IGFAE","article_modified_time":"2024-04-02T08:05:57+00:00","og_image":[{"width":1920,"height":847,"url":"https:\/\/igfae.usc.es\/igfaedb\/wp-content\/uploads\/2017\/11\/Transicion-azul-Indicadores.png","type":"image\/png"}],"twitter_card":"summary_large_image","twitter_site":"@igfae_hep","twitter_misc":{"Tempo de lectura":"2 minutos"},"schema":{"@context":"https:\/\/schema.org","@graph":[{"@type":"WebSite","@id":"https:\/\/igfae.usc.es\/igfaedb\/#website","url":"https:\/\/igfae.usc.es\/igfaedb\/","name":"IGFAE","description":"Instituto Galego de F\u00edsica de Altas Enerx\u00edas","potentialAction":[{"@type":"SearchAction","target":{"@type":"EntryPoint","urlTemplate":"https:\/\/igfae.usc.es\/igfaedb\/?s={search_term_string}"},"query-input":"required name=search_term_string"}],"inLanguage":"gl-ES"},{"@type":"ImageObject","@id":"https:\/\/igfae.usc.es\/igfaedb\/gl\/mariademaeztu-2\/#primaryimage","inLanguage":"gl-ES","url":"https:\/\/igfae.usc.es\/igfaedb\/wp-content\/uploads\/2017\/11\/Transicion-azul-Indicadores.png","contentUrl":"https:\/\/igfae.usc.es\/igfaedb\/wp-content\/uploads\/2017\/11\/Transicion-azul-Indicadores.png","width":1920,"height":847},{"@type":"WebPage","@id":"https:\/\/igfae.usc.es\/igfaedb\/gl\/mariademaeztu-2\/#webpage","url":"https:\/\/igfae.usc.es\/igfaedb\/gl\/mariademaeztu-2\/","name":"Unidade de Excelencia Mar\u00eda de Maeztu - IGFAE","isPartOf":{"@id":"https:\/\/igfae.usc.es\/igfaedb\/#website"},"primaryImageOfPage":{"@id":"https:\/\/igfae.usc.es\/igfaedb\/gl\/mariademaeztu-2\/#primaryimage"},"datePublished":"2019-10-14T15:28:46+00:00","dateModified":"2024-04-02T08:05:57+00:00","breadcrumb":{"@id":"https:\/\/igfae.usc.es\/igfaedb\/gl\/mariademaeztu-2\/#breadcrumb"},"inLanguage":"gl-ES","potentialAction":[{"@type":"ReadAction","target":["https:\/\/igfae.usc.es\/igfaedb\/gl\/mariademaeztu-2\/"]}]},{"@type":"BreadcrumbList","@id":"https:\/\/igfae.usc.es\/igfaedb\/gl\/mariademaeztu-2\/#breadcrumb","itemListElement":[{"@type":"ListItem","position":1,"name":"Unidade de Excelencia Mar\u00eda de Maeztu"}]}]}},"_links":{"self":[{"href":"https:\/\/igfae.usc.es\/igfaedb\/gl\/wp-json\/wp\/v2\/pages\/4312"}],"collection":[{"href":"https:\/\/igfae.usc.es\/igfaedb\/gl\/wp-json\/wp\/v2\/pages"}],"about":[{"href":"https:\/\/igfae.usc.es\/igfaedb\/gl\/wp-json\/wp\/v2\/types\/page"}],"author":[{"embeddable":true,"href":"https:\/\/igfae.usc.es\/igfaedb\/gl\/wp-json\/wp\/v2\/users\/21"}],"replies":[{"embeddable":true,"href":"https:\/\/igfae.usc.es\/igfaedb\/gl\/wp-json\/wp\/v2\/comments?post=4312"}],"version-history":[{"count":8,"href":"https:\/\/igfae.usc.es\/igfaedb\/gl\/wp-json\/wp\/v2\/pages\/4312\/revisions"}],"predecessor-version":[{"id":15360,"href":"https:\/\/igfae.usc.es\/igfaedb\/gl\/wp-json\/wp\/v2\/pages\/4312\/revisions\/15360"}],"wp:featuredmedia":[{"embeddable":true,"href":"https:\/\/igfae.usc.es\/igfaedb\/gl\/wp-json\/wp\/v2\/media\/1977"}],"wp:attachment":[{"href":"https:\/\/igfae.usc.es\/igfaedb\/gl\/wp-json\/wp\/v2\/media?parent=4312"}],"curies":[{"name":"wp","href":"https:\/\/api.w.org\/{rel}","templated":true}]}}