



{"id":2317,"date":"2018-06-27T10:46:04","date_gmt":"2018-06-27T08:46:04","guid":{"rendered":"https:\/\/igfae.usc.es\/centrosingular\/theory\/"},"modified":"2019-10-23T01:20:52","modified_gmt":"2019-10-22T23:20:52","slug":"teoria","status":"publish","type":"page","link":"https:\/\/igfae.usc.es\/igfaedb\/gl\/teoria\/","title":{"rendered":"Teor\u00eda"},"content":{"rendered":"<p>[vc_row foundry_padding=&#8221;pt64 pb64&#8243; foundry_parallax=&#8221;not-parallax&#8221; css=&#8221;.vc_custom_1512148050508{background-image: url(https:\/\/igfae.usc.es\/igfaedb\/wp-content\/uploads\/2017\/11\/fondo.jpg?id=122) !important;}&#8221;][vc_column width=&#8221;1\/6&#8243; offset=&#8221;vc_col-lg-offset-1&#8243;][vc_single_image image=&#8221;1397&#8243; img_size=&#8221;200&#215;200&#8243; alignment=&#8221;center&#8221; css=&#8221;.vc_custom_1530097187223{padding-top: 15px !important;}&#8221;][\/vc_column][vc_column width=&#8221;7\/12&#8243; offset=&#8221;vc_col-lg-offset-1&#8243;][vc_row_inner][vc_column_inner][vc_column_text css=&#8221;.vc_custom_1530096099565{border-left-width: 25px !important;padding-left: 10px !important;border-left-color: #055dbe !important;border-left-style: solid !important;}&#8221;]<\/p>\n<h4><span style=\"color: #055dbe;\"><strong>Teor\u00eda<\/strong><\/span><\/h4>\n<p>[\/vc_column_text][\/vc_column_inner][\/vc_row_inner][vc_column_text]<\/p>\n<p class=\"lead\"><span style=\"color: #333333;\">A f\u00edsica te\u00f3rica, que traduce o comportamento da natureza a unha lingua matem\u00e1tica, \u00e9 unha das actividades m\u00e1is fascinantes inventadas polo ser humano. Ao redor da mitade dos membros de IGFAE son dedicados a f\u00edsica te\u00f3rica, procurando en:<\/span><\/p>\n<p>[\/vc_column_text][\/vc_column][\/vc_row][vc_row foundry_background_style=&#8221;bg-secondary&#8221;][vc_column][vc_row_inner][vc_column_inner width=&#8221;1\/3&#8243; css=&#8221;.vc_custom_1530097449062{padding-right: 10px !important;padding-left: 10px !important;}&#8221;][vc_column_text css=&#8221;.vc_custom_1530097592603{border-left-width: 25px !important;padding-left: 10px !important;border-left-color: #154074 !important;border-left-style: solid !important;}&#8221;]<\/p>\n<h4><span style=\"color: #154074;\"><strong>QCD (Cromodin\u00e1mica cu\u00e1ntica)<\/strong><\/span><\/h4>\n<p>[\/vc_column_text][vc_column_text]<\/p>\n<p class=\"lead\">Os membros do grupo son l\u00edderes mundiais en teor\u00eda e fenomenolog\u00eda de QCD quente e denso, un r\u00e9xime de interacci\u00f3n forte dominado finalmente polo comportamento colectivo. Estes novos estados da materia estiveron presentes nos primeiros microsegundos despois do Big Bang, e tam\u00e9n poder\u00edan atoparse no interior das estrelas de neutr\u00f3ns. Para estudalos, prod\u00facense en colisionadores como o LHC no CERN ou o RHIC en Brookhaven.<\/p>\n<p>[\/vc_column_text][\/vc_column_inner][vc_column_inner width=&#8221;1\/3&#8243;][vc_column_text css=&#8221;.vc_custom_1530097622268{border-left-width: 25px !important;padding-left: 10px !important;border-left-color: #154074 !important;border-left-style: solid !important;}&#8221;]<\/p>\n<h4><span style=\"color: #154074;\"><strong>Teor\u00eda de cordas<\/strong><\/span><\/h4>\n<p>[\/vc_column_text][vc_column_text]<\/p>\n<p class=\"lead\">A teor\u00eda de cordas \u00e9 unha construci\u00f3n sofisticada orixinada para unificar a gravidade e o mundo cu\u00e1ntico, pero que evolucionou nunha ferramenta moi poderosa para diferentes temas. A investigaci\u00f3n deste grupo abarca desde os aspectos m\u00e1is formais da teor\u00eda ata as aplicaci\u00f3ns en materia condensada de electrodin\u00e1mica e cromodin\u00e1mica cu\u00e1ntica (QED e QCD).<\/p>\n<p>[\/vc_column_text][\/vc_column_inner][vc_column_inner width=&#8221;1\/3&#8243;][vc_column_text css=&#8221;.vc_custom_1530097674120{border-left-width: 25px !important;padding-left: 10px !important;border-left-color: #154074 !important;border-left-style: solid !important;}&#8221;]<\/p>\n<h4><span style=\"color: #154074;\"><strong>F\u00edsica de Astropart\u00edculas<\/strong><\/span><\/h4>\n<p>[\/vc_column_text][vc_column_text]<\/p>\n<p class=\"lead\">Unha forte actividade en aspectos fenomenol\u00f3gicos e experimentais da F\u00edsica de Astropart\u00edculas (principalmente no marco do Observatorio Pierre Auger) \u00e9 o terceiro piar da nosa investigaci\u00f3n.<\/p>\n<p>[\/vc_column_text][\/vc_column_inner][\/vc_row_inner][\/vc_column][\/vc_row]<\/p>\n","protected":false},"excerpt":{"rendered":"<p>[vc_row foundry_padding=&#8221;pt64 pb64&#8243; foundry_parallax=&#8221;not-parallax&#8221; css=&#8221;.vc_custom_1512148050508{background-image: url(https:\/\/igfae.usc.es\/igfaedb\/wp-content\/uploads\/2017\/11\/fondo.jpg?id=122) !important;}&#8221;][vc_column width=&#8221;1\/6&#8243; offset=&#8221;vc_col-lg-offset-1&#8243;][vc_single_image image=&#8221;1397&#8243; img_size=&#8221;200&#215;200&#8243; alignment=&#8221;center&#8221; css=&#8221;.vc_custom_1530097187223{padding-top: 15px !important;}&#8221;][\/vc_column][vc_column width=&#8221;7\/12&#8243; offset=&#8221;vc_col-lg-offset-1&#8243;][vc_row_inner][vc_column_inner][vc_column_text css=&#8221;.vc_custom_1530096099565{border-left-width: 25px !important;padding-left: 10px&#8230;<\/p>\n","protected":false},"author":1,"featured_media":1977,"parent":0,"menu_order":0,"comment_status":"closed","ping_status":"closed","template":"","meta":{"om_disable_all_campaigns":false,"_monsterinsights_skip_tracking":false,"_monsterinsights_sitenote_active":false,"_monsterinsights_sitenote_note":"","_monsterinsights_sitenote_category":0},"aioseo_notices":[],"yoast_head":"<!-- This site is optimized with the Yoast SEO plugin v18.4.1 - https:\/\/yoast.com\/wordpress\/plugins\/seo\/ -->\n<title>Teor\u00eda - IGFAE<\/title>\n<meta name=\"robots\" content=\"index, follow, max-snippet:-1, max-image-preview:large, max-video-preview:-1\" \/>\n<link rel=\"canonical\" href=\"https:\/\/igfae.usc.es\/igfaedb\/gl\/teoria\/\" \/>\n<meta property=\"og:locale\" content=\"gl_ES\" \/>\n<meta property=\"og:type\" content=\"article\" \/>\n<meta property=\"og:title\" content=\"Teor\u00eda - IGFAE\" \/>\n<meta property=\"og:description\" content=\"[vc_row foundry_padding=&#8221;pt64 pb64&#8243; foundry_parallax=&#8221;not-parallax&#8221; css=&#8221;.vc_custom_1512148050508{background-image: url(https:\/\/igfae.usc.es\/igfaedb\/wp-content\/uploads\/2017\/11\/fondo.jpg?id=122) !important;}&#8221;][vc_column width=&#8221;1\/6&#8243; offset=&#8221;vc_col-lg-offset-1&#8243;][vc_single_image image=&#8221;1397&#8243; img_size=&#8221;200&#215;200&#8243; alignment=&#8221;center&#8221; css=&#8221;.vc_custom_1530097187223{padding-top: 15px !important;}&#8221;][\/vc_column][vc_column width=&#8221;7\/12&#8243; offset=&#8221;vc_col-lg-offset-1&#8243;][vc_row_inner][vc_column_inner][vc_column_text css=&#8221;.vc_custom_1530096099565{border-left-width: 25px !important;padding-left: 10px...\" \/>\n<meta property=\"og:url\" content=\"https:\/\/igfae.usc.es\/igfaedb\/gl\/teoria\/\" \/>\n<meta property=\"og:site_name\" content=\"IGFAE\" \/>\n<meta property=\"article:modified_time\" content=\"2019-10-22T23:20:52+00:00\" \/>\n<meta property=\"og:image\" content=\"https:\/\/igfae.usc.es\/igfaedb\/wp-content\/uploads\/2017\/11\/Transicion-azul-Indicadores.png\" \/>\n\t<meta property=\"og:image:width\" content=\"1920\" \/>\n\t<meta property=\"og:image:height\" content=\"847\" \/>\n\t<meta property=\"og:image:type\" content=\"image\/png\" \/>\n<meta name=\"twitter:card\" content=\"summary_large_image\" \/>\n<meta name=\"twitter:site\" content=\"@igfae_hep\" \/>\n<meta name=\"twitter:label1\" content=\"Tempo de lectura\" \/>\n\t<meta name=\"twitter:data1\" content=\"2 minutos\" \/>\n<script type=\"application\/ld+json\" class=\"yoast-schema-graph\">{\"@context\":\"https:\/\/schema.org\",\"@graph\":[{\"@type\":\"WebSite\",\"@id\":\"https:\/\/igfae.usc.es\/igfaedb\/#website\",\"url\":\"https:\/\/igfae.usc.es\/igfaedb\/\",\"name\":\"IGFAE\",\"description\":\"Instituto Galego de F\u00edsica de Altas Enerx\u00edas\",\"potentialAction\":[{\"@type\":\"SearchAction\",\"target\":{\"@type\":\"EntryPoint\",\"urlTemplate\":\"https:\/\/igfae.usc.es\/igfaedb\/?s={search_term_string}\"},\"query-input\":\"required name=search_term_string\"}],\"inLanguage\":\"gl-ES\"},{\"@type\":\"ImageObject\",\"@id\":\"https:\/\/igfae.usc.es\/igfaedb\/gl\/teoria\/#primaryimage\",\"inLanguage\":\"gl-ES\",\"url\":\"https:\/\/igfae.usc.es\/igfaedb\/wp-content\/uploads\/2017\/11\/Transicion-azul-Indicadores.png\",\"contentUrl\":\"https:\/\/igfae.usc.es\/igfaedb\/wp-content\/uploads\/2017\/11\/Transicion-azul-Indicadores.png\",\"width\":1920,\"height\":847},{\"@type\":\"WebPage\",\"@id\":\"https:\/\/igfae.usc.es\/igfaedb\/gl\/teoria\/#webpage\",\"url\":\"https:\/\/igfae.usc.es\/igfaedb\/gl\/teoria\/\",\"name\":\"Teor\u00eda - IGFAE\",\"isPartOf\":{\"@id\":\"https:\/\/igfae.usc.es\/igfaedb\/#website\"},\"primaryImageOfPage\":{\"@id\":\"https:\/\/igfae.usc.es\/igfaedb\/gl\/teoria\/#primaryimage\"},\"datePublished\":\"2018-06-27T08:46:04+00:00\",\"dateModified\":\"2019-10-22T23:20:52+00:00\",\"breadcrumb\":{\"@id\":\"https:\/\/igfae.usc.es\/igfaedb\/gl\/teoria\/#breadcrumb\"},\"inLanguage\":\"gl-ES\",\"potentialAction\":[{\"@type\":\"ReadAction\",\"target\":[\"https:\/\/igfae.usc.es\/igfaedb\/gl\/teoria\/\"]}]},{\"@type\":\"BreadcrumbList\",\"@id\":\"https:\/\/igfae.usc.es\/igfaedb\/gl\/teoria\/#breadcrumb\",\"itemListElement\":[{\"@type\":\"ListItem\",\"position\":1,\"name\":\"Teor\u00eda\"}]}]}<\/script>\n<!-- \/ Yoast SEO plugin. -->","yoast_head_json":{"title":"Teor\u00eda - IGFAE","robots":{"index":"index","follow":"follow","max-snippet":"max-snippet:-1","max-image-preview":"max-image-preview:large","max-video-preview":"max-video-preview:-1"},"canonical":"https:\/\/igfae.usc.es\/igfaedb\/gl\/teoria\/","og_locale":"gl_ES","og_type":"article","og_title":"Teor\u00eda - IGFAE","og_description":"[vc_row foundry_padding=&#8221;pt64 pb64&#8243; foundry_parallax=&#8221;not-parallax&#8221; css=&#8221;.vc_custom_1512148050508{background-image: url(https:\/\/igfae.usc.es\/igfaedb\/wp-content\/uploads\/2017\/11\/fondo.jpg?id=122) !important;}&#8221;][vc_column width=&#8221;1\/6&#8243; offset=&#8221;vc_col-lg-offset-1&#8243;][vc_single_image image=&#8221;1397&#8243; img_size=&#8221;200&#215;200&#8243; alignment=&#8221;center&#8221; css=&#8221;.vc_custom_1530097187223{padding-top: 15px !important;}&#8221;][\/vc_column][vc_column width=&#8221;7\/12&#8243; offset=&#8221;vc_col-lg-offset-1&#8243;][vc_row_inner][vc_column_inner][vc_column_text css=&#8221;.vc_custom_1530096099565{border-left-width: 25px !important;padding-left: 10px...","og_url":"https:\/\/igfae.usc.es\/igfaedb\/gl\/teoria\/","og_site_name":"IGFAE","article_modified_time":"2019-10-22T23:20:52+00:00","og_image":[{"width":1920,"height":847,"url":"https:\/\/igfae.usc.es\/igfaedb\/wp-content\/uploads\/2017\/11\/Transicion-azul-Indicadores.png","type":"image\/png"}],"twitter_card":"summary_large_image","twitter_site":"@igfae_hep","twitter_misc":{"Tempo de lectura":"2 minutos"},"schema":{"@context":"https:\/\/schema.org","@graph":[{"@type":"WebSite","@id":"https:\/\/igfae.usc.es\/igfaedb\/#website","url":"https:\/\/igfae.usc.es\/igfaedb\/","name":"IGFAE","description":"Instituto Galego de F\u00edsica de Altas Enerx\u00edas","potentialAction":[{"@type":"SearchAction","target":{"@type":"EntryPoint","urlTemplate":"https:\/\/igfae.usc.es\/igfaedb\/?s={search_term_string}"},"query-input":"required name=search_term_string"}],"inLanguage":"gl-ES"},{"@type":"ImageObject","@id":"https:\/\/igfae.usc.es\/igfaedb\/gl\/teoria\/#primaryimage","inLanguage":"gl-ES","url":"https:\/\/igfae.usc.es\/igfaedb\/wp-content\/uploads\/2017\/11\/Transicion-azul-Indicadores.png","contentUrl":"https:\/\/igfae.usc.es\/igfaedb\/wp-content\/uploads\/2017\/11\/Transicion-azul-Indicadores.png","width":1920,"height":847},{"@type":"WebPage","@id":"https:\/\/igfae.usc.es\/igfaedb\/gl\/teoria\/#webpage","url":"https:\/\/igfae.usc.es\/igfaedb\/gl\/teoria\/","name":"Teor\u00eda - IGFAE","isPartOf":{"@id":"https:\/\/igfae.usc.es\/igfaedb\/#website"},"primaryImageOfPage":{"@id":"https:\/\/igfae.usc.es\/igfaedb\/gl\/teoria\/#primaryimage"},"datePublished":"2018-06-27T08:46:04+00:00","dateModified":"2019-10-22T23:20:52+00:00","breadcrumb":{"@id":"https:\/\/igfae.usc.es\/igfaedb\/gl\/teoria\/#breadcrumb"},"inLanguage":"gl-ES","potentialAction":[{"@type":"ReadAction","target":["https:\/\/igfae.usc.es\/igfaedb\/gl\/teoria\/"]}]},{"@type":"BreadcrumbList","@id":"https:\/\/igfae.usc.es\/igfaedb\/gl\/teoria\/#breadcrumb","itemListElement":[{"@type":"ListItem","position":1,"name":"Teor\u00eda"}]}]}},"_links":{"self":[{"href":"https:\/\/igfae.usc.es\/igfaedb\/gl\/wp-json\/wp\/v2\/pages\/2317"}],"collection":[{"href":"https:\/\/igfae.usc.es\/igfaedb\/gl\/wp-json\/wp\/v2\/pages"}],"about":[{"href":"https:\/\/igfae.usc.es\/igfaedb\/gl\/wp-json\/wp\/v2\/types\/page"}],"author":[{"embeddable":true,"href":"https:\/\/igfae.usc.es\/igfaedb\/gl\/wp-json\/wp\/v2\/users\/1"}],"replies":[{"embeddable":true,"href":"https:\/\/igfae.usc.es\/igfaedb\/gl\/wp-json\/wp\/v2\/comments?post=2317"}],"version-history":[{"count":6,"href":"https:\/\/igfae.usc.es\/igfaedb\/gl\/wp-json\/wp\/v2\/pages\/2317\/revisions"}],"predecessor-version":[{"id":4570,"href":"https:\/\/igfae.usc.es\/igfaedb\/gl\/wp-json\/wp\/v2\/pages\/2317\/revisions\/4570"}],"wp:featuredmedia":[{"embeddable":true,"href":"https:\/\/igfae.usc.es\/igfaedb\/gl\/wp-json\/wp\/v2\/media\/1977"}],"wp:attachment":[{"href":"https:\/\/igfae.usc.es\/igfaedb\/gl\/wp-json\/wp\/v2\/media?parent=2317"}],"curies":[{"name":"wp","href":"https:\/\/api.w.org\/{rel}","templated":true}]}}