



{"id":2269,"date":"2017-12-01T17:31:10","date_gmt":"2017-12-01T17:31:10","guid":{"rendered":"https:\/\/igfae.usc.es\/centrosingular\/research\/cosmic-particles-and-fundamental-physics\/"},"modified":"2023-06-12T14:53:45","modified_gmt":"2023-06-12T12:53:45","slug":"particulas-cosmicas-e-fisica-fundamental","status":"publish","type":"page","link":"https:\/\/igfae.usc.es\/igfaedb\/gl\/investigacion\/particulas-cosmicas-e-fisica-fundamental\/","title":{"rendered":"Part\u00edculas C\u00f3smicas e F\u00edsica Fundamental"},"content":{"rendered":"<p>[vc_row foundry_padding=&#8221;pt64 pb64&#8243; foundry_parallax=&#8221;not-parallax&#8221; css=&#8221;.vc_custom_1512148050508{background-image: url(https:\/\/igfae.usc.es\/igfaedb\/wp-content\/uploads\/2017\/11\/fondo.jpg?id=122) !important;}&#8221;][vc_column width=&#8221;1\/6&#8243; offset=&#8221;vc_col-lg-offset-1&#8243;][vc_single_image image=&#8221;127&#8243; img_size=&#8221;200&#215;200&#8243; alignment=&#8221;center&#8221; css=&#8221;.vc_custom_1512149492907{padding-top: 15px !important;}&#8221;][\/vc_column][vc_column width=&#8221;7\/12&#8243; offset=&#8221;vc_col-lg-offset-1&#8243;][vc_row_inner][vc_column_inner][vc_column_text css=&#8221;.vc_custom_1547562674989{border-left-width: 25px !important;padding-left: 10px !important;border-left-color: #055dbe !important;border-left-style: solid !important;}&#8221;]<\/p>\n<h4><span style=\"color: #055dbe;\"><strong>Part\u00edculas C\u00f3smicas e F\u00edsica Fundamental<\/strong><\/span><\/h4>\n<p>[\/vc_column_text][\/vc_column_inner][\/vc_row_inner][vc_column_text]<\/p>\n<p class=\"lead\"><span style=\"color: #333333;\">A F\u00edsica de astropart\u00edculas, as\u00ed como as conexi\u00f3ns entre F\u00edsica de Part\u00edculas e Cosmolox\u00eda, est\u00e1n a experimentar unha nova idade de ouro. O noso Instituto foi un dos pioneiros no Observatorio Pierre Auger, un conxunto xigante de cataratas de aire en Arxentina proposto polo Premio Nobel Prof. Jim Cronin e polo Prof. Alan Watson, ambolos dous colaboradores pr\u00f3ximos do Instituto. O grupo tam\u00e9n est\u00e1 a iniciar novas li\u00f1as en materia escura e astrof\u00edsica de neutrinos (experimento NEXT).<\/span><\/p>\n<p>[\/vc_column_text][vc_video link=&#8221;https:\/\/www.youtube.com\/watch?v=BhUIB2NojIE&#8221; align=&#8221;center&#8221;][\/vc_column][\/vc_row][vc_row foundry_background_style=&#8221;bg-secondary&#8221;][vc_column][vc_column_text css=&#8221;.vc_custom_1547562705678{border-left-width: 25px !important;padding-left: 10px !important;border-left-color: #154074 !important;border-left-style: solid !important;}&#8221;]<\/p>\n<h3><span style=\"color: #154074;\"><strong>Programas de investigaci\u00f3n<\/strong><\/span><\/h3>\n<p>[\/vc_column_text][vc_row_inner][vc_column_inner width=&#8221;1\/3&#8243;][vc_column_text css=&#8221;.vc_custom_1547653166021{border-left-width: 25px !important;padding-left: 10px !important;border-left-color: #154074 !important;border-left-style: solid !important;}&#8221;]<\/p>\n<h5><span style=\"color: #154074;\">Raios c\u00f3smicos e neutrinos extremadamente enerx\u00e9ticos &#8211; Experimentos de grandes exposici\u00f3ns<\/span><\/h5>\n<p>[\/vc_column_text][\/vc_column_inner][vc_column_inner width=&#8221;1\/3&#8243;][vc_column_text css=&#8221;.vc_custom_1547562818813{border-left-width: 25px !important;padding-left: 10px !important;border-left-color: #154074 !important;border-left-style: solid !important;}&#8221;]<\/p>\n<h5><strong><span style=\"color: #154074;\">A materia escura e a natureza dos neutrinos<\/span><\/strong><\/h5>\n<p>[\/vc_column_text][\/vc_column_inner][vc_column_inner width=&#8221;1\/3&#8243;][vc_column_text css=&#8221;.vc_custom_1547562829186{border-left-width: 25px !important;padding-left: 10px !important;border-left-color: #154074 !important;border-left-style: solid !important;}&#8221;]<\/p>\n<h5><strong><span style=\"color: #154074;\">Ondas Gravitacionais<\/span><\/strong><\/h5>\n<p>[\/vc_column_text][\/vc_column_inner][\/vc_row_inner][\/vc_column][\/vc_row]<\/p>\n","protected":false},"excerpt":{"rendered":"<p>[vc_row foundry_padding=&#8221;pt64 pb64&#8243; foundry_parallax=&#8221;not-parallax&#8221; css=&#8221;.vc_custom_1512148050508{background-image: url(https:\/\/igfae.usc.es\/igfaedb\/wp-content\/uploads\/2017\/11\/fondo.jpg?id=122) !important;}&#8221;][vc_column width=&#8221;1\/6&#8243; offset=&#8221;vc_col-lg-offset-1&#8243;][vc_single_image image=&#8221;127&#8243; img_size=&#8221;200&#215;200&#8243; alignment=&#8221;center&#8221; css=&#8221;.vc_custom_1512149492907{padding-top: 15px !important;}&#8221;][\/vc_column][vc_column width=&#8221;7\/12&#8243; offset=&#8221;vc_col-lg-offset-1&#8243;][vc_row_inner][vc_column_inner][vc_column_text css=&#8221;.vc_custom_1547562674989{border-left-width: 25px !important;padding-left: 10px&#8230;<\/p>\n","protected":false},"author":1,"featured_media":1977,"parent":2118,"menu_order":0,"comment_status":"closed","ping_status":"closed","template":"","meta":{"om_disable_all_campaigns":false,"_monsterinsights_skip_tracking":false,"_monsterinsights_sitenote_active":false,"_monsterinsights_sitenote_note":"","_monsterinsights_sitenote_category":0},"aioseo_notices":[],"yoast_head":"<!-- This site is optimized with the Yoast SEO plugin v18.4.1 - https:\/\/yoast.com\/wordpress\/plugins\/seo\/ -->\n<title>Part\u00edculas C\u00f3smicas e F\u00edsica Fundamental - IGFAE<\/title>\n<meta name=\"robots\" content=\"index, follow, max-snippet:-1, max-image-preview:large, max-video-preview:-1\" \/>\n<link rel=\"canonical\" href=\"https:\/\/igfae.usc.es\/igfaedb\/research\/cosmic-particles-and-fundamental-physics\/\" \/>\n<meta property=\"og:locale\" content=\"gl_ES\" \/>\n<meta property=\"og:type\" content=\"article\" \/>\n<meta property=\"og:title\" content=\"Part\u00edculas C\u00f3smicas e F\u00edsica Fundamental - IGFAE\" \/>\n<meta property=\"og:description\" content=\"[vc_row foundry_padding=&#8221;pt64 pb64&#8243; foundry_parallax=&#8221;not-parallax&#8221; css=&#8221;.vc_custom_1512148050508{background-image: url(https:\/\/igfae.usc.es\/igfaedb\/wp-content\/uploads\/2017\/11\/fondo.jpg?id=122) !important;}&#8221;][vc_column width=&#8221;1\/6&#8243; offset=&#8221;vc_col-lg-offset-1&#8243;][vc_single_image image=&#8221;127&#8243; img_size=&#8221;200&#215;200&#8243; alignment=&#8221;center&#8221; css=&#8221;.vc_custom_1512149492907{padding-top: 15px !important;}&#8221;][\/vc_column][vc_column width=&#8221;7\/12&#8243; offset=&#8221;vc_col-lg-offset-1&#8243;][vc_row_inner][vc_column_inner][vc_column_text css=&#8221;.vc_custom_1547562674989{border-left-width: 25px !important;padding-left: 10px...\" \/>\n<meta property=\"og:url\" content=\"https:\/\/igfae.usc.es\/igfaedb\/research\/cosmic-particles-and-fundamental-physics\/\" \/>\n<meta property=\"og:site_name\" content=\"IGFAE\" \/>\n<meta property=\"article:modified_time\" content=\"2023-06-12T12:53:45+00:00\" \/>\n<meta property=\"og:image\" content=\"https:\/\/igfae.usc.es\/igfaedb\/wp-content\/uploads\/2017\/11\/Transicion-azul-Indicadores.png\" \/>\n\t<meta property=\"og:image:width\" content=\"1920\" \/>\n\t<meta property=\"og:image:height\" content=\"847\" \/>\n\t<meta property=\"og:image:type\" content=\"image\/png\" \/>\n<meta name=\"twitter:card\" content=\"summary_large_image\" \/>\n<meta name=\"twitter:site\" content=\"@igfae_hep\" \/>\n<meta name=\"twitter:label1\" content=\"Tempo de lectura\" \/>\n\t<meta name=\"twitter:data1\" content=\"2 minutos\" \/>\n<script type=\"application\/ld+json\" class=\"yoast-schema-graph\">{\"@context\":\"https:\/\/schema.org\",\"@graph\":[{\"@type\":\"WebSite\",\"@id\":\"https:\/\/igfae.usc.es\/igfaedb\/#website\",\"url\":\"https:\/\/igfae.usc.es\/igfaedb\/\",\"name\":\"IGFAE\",\"description\":\"Instituto Galego de F\u00edsica de Altas Enerx\u00edas\",\"potentialAction\":[{\"@type\":\"SearchAction\",\"target\":{\"@type\":\"EntryPoint\",\"urlTemplate\":\"https:\/\/igfae.usc.es\/igfaedb\/?s={search_term_string}\"},\"query-input\":\"required name=search_term_string\"}],\"inLanguage\":\"gl-ES\"},{\"@type\":\"ImageObject\",\"@id\":\"https:\/\/igfae.usc.es\/igfaedb\/research\/cosmic-particles-and-fundamental-physics\/#primaryimage\",\"inLanguage\":\"gl-ES\",\"url\":\"https:\/\/igfae.usc.es\/igfaedb\/wp-content\/uploads\/2017\/11\/Transicion-azul-Indicadores.png\",\"contentUrl\":\"https:\/\/igfae.usc.es\/igfaedb\/wp-content\/uploads\/2017\/11\/Transicion-azul-Indicadores.png\",\"width\":1920,\"height\":847},{\"@type\":\"WebPage\",\"@id\":\"https:\/\/igfae.usc.es\/igfaedb\/research\/cosmic-particles-and-fundamental-physics\/#webpage\",\"url\":\"https:\/\/igfae.usc.es\/igfaedb\/research\/cosmic-particles-and-fundamental-physics\/\",\"name\":\"Part\u00edculas C\u00f3smicas e F\u00edsica Fundamental - IGFAE\",\"isPartOf\":{\"@id\":\"https:\/\/igfae.usc.es\/igfaedb\/#website\"},\"primaryImageOfPage\":{\"@id\":\"https:\/\/igfae.usc.es\/igfaedb\/research\/cosmic-particles-and-fundamental-physics\/#primaryimage\"},\"datePublished\":\"2017-12-01T17:31:10+00:00\",\"dateModified\":\"2023-06-12T12:53:45+00:00\",\"breadcrumb\":{\"@id\":\"https:\/\/igfae.usc.es\/igfaedb\/research\/cosmic-particles-and-fundamental-physics\/#breadcrumb\"},\"inLanguage\":\"gl-ES\",\"potentialAction\":[{\"@type\":\"ReadAction\",\"target\":[\"https:\/\/igfae.usc.es\/igfaedb\/research\/cosmic-particles-and-fundamental-physics\/\"]}]},{\"@type\":\"BreadcrumbList\",\"@id\":\"https:\/\/igfae.usc.es\/igfaedb\/research\/cosmic-particles-and-fundamental-physics\/#breadcrumb\",\"itemListElement\":[{\"@type\":\"ListItem\",\"position\":1,\"name\":\"Investigaci\u00f3n\",\"item\":\"https:\/\/igfae.usc.es\/igfaedb\/research\/\"},{\"@type\":\"ListItem\",\"position\":2,\"name\":\"Part\u00edculas C\u00f3smicas e F\u00edsica Fundamental\"}]}]}<\/script>\n<!-- \/ Yoast SEO plugin. -->","yoast_head_json":{"title":"Part\u00edculas C\u00f3smicas e F\u00edsica Fundamental - IGFAE","robots":{"index":"index","follow":"follow","max-snippet":"max-snippet:-1","max-image-preview":"max-image-preview:large","max-video-preview":"max-video-preview:-1"},"canonical":"https:\/\/igfae.usc.es\/igfaedb\/research\/cosmic-particles-and-fundamental-physics\/","og_locale":"gl_ES","og_type":"article","og_title":"Part\u00edculas C\u00f3smicas e F\u00edsica Fundamental - IGFAE","og_description":"[vc_row foundry_padding=&#8221;pt64 pb64&#8243; foundry_parallax=&#8221;not-parallax&#8221; css=&#8221;.vc_custom_1512148050508{background-image: url(https:\/\/igfae.usc.es\/igfaedb\/wp-content\/uploads\/2017\/11\/fondo.jpg?id=122) !important;}&#8221;][vc_column width=&#8221;1\/6&#8243; offset=&#8221;vc_col-lg-offset-1&#8243;][vc_single_image image=&#8221;127&#8243; img_size=&#8221;200&#215;200&#8243; alignment=&#8221;center&#8221; css=&#8221;.vc_custom_1512149492907{padding-top: 15px !important;}&#8221;][\/vc_column][vc_column width=&#8221;7\/12&#8243; offset=&#8221;vc_col-lg-offset-1&#8243;][vc_row_inner][vc_column_inner][vc_column_text css=&#8221;.vc_custom_1547562674989{border-left-width: 25px !important;padding-left: 10px...","og_url":"https:\/\/igfae.usc.es\/igfaedb\/research\/cosmic-particles-and-fundamental-physics\/","og_site_name":"IGFAE","article_modified_time":"2023-06-12T12:53:45+00:00","og_image":[{"width":1920,"height":847,"url":"https:\/\/igfae.usc.es\/igfaedb\/wp-content\/uploads\/2017\/11\/Transicion-azul-Indicadores.png","type":"image\/png"}],"twitter_card":"summary_large_image","twitter_site":"@igfae_hep","twitter_misc":{"Tempo de lectura":"2 minutos"},"schema":{"@context":"https:\/\/schema.org","@graph":[{"@type":"WebSite","@id":"https:\/\/igfae.usc.es\/igfaedb\/#website","url":"https:\/\/igfae.usc.es\/igfaedb\/","name":"IGFAE","description":"Instituto Galego de F\u00edsica de Altas Enerx\u00edas","potentialAction":[{"@type":"SearchAction","target":{"@type":"EntryPoint","urlTemplate":"https:\/\/igfae.usc.es\/igfaedb\/?s={search_term_string}"},"query-input":"required name=search_term_string"}],"inLanguage":"gl-ES"},{"@type":"ImageObject","@id":"https:\/\/igfae.usc.es\/igfaedb\/research\/cosmic-particles-and-fundamental-physics\/#primaryimage","inLanguage":"gl-ES","url":"https:\/\/igfae.usc.es\/igfaedb\/wp-content\/uploads\/2017\/11\/Transicion-azul-Indicadores.png","contentUrl":"https:\/\/igfae.usc.es\/igfaedb\/wp-content\/uploads\/2017\/11\/Transicion-azul-Indicadores.png","width":1920,"height":847},{"@type":"WebPage","@id":"https:\/\/igfae.usc.es\/igfaedb\/research\/cosmic-particles-and-fundamental-physics\/#webpage","url":"https:\/\/igfae.usc.es\/igfaedb\/research\/cosmic-particles-and-fundamental-physics\/","name":"Part\u00edculas C\u00f3smicas e F\u00edsica Fundamental - IGFAE","isPartOf":{"@id":"https:\/\/igfae.usc.es\/igfaedb\/#website"},"primaryImageOfPage":{"@id":"https:\/\/igfae.usc.es\/igfaedb\/research\/cosmic-particles-and-fundamental-physics\/#primaryimage"},"datePublished":"2017-12-01T17:31:10+00:00","dateModified":"2023-06-12T12:53:45+00:00","breadcrumb":{"@id":"https:\/\/igfae.usc.es\/igfaedb\/research\/cosmic-particles-and-fundamental-physics\/#breadcrumb"},"inLanguage":"gl-ES","potentialAction":[{"@type":"ReadAction","target":["https:\/\/igfae.usc.es\/igfaedb\/research\/cosmic-particles-and-fundamental-physics\/"]}]},{"@type":"BreadcrumbList","@id":"https:\/\/igfae.usc.es\/igfaedb\/research\/cosmic-particles-and-fundamental-physics\/#breadcrumb","itemListElement":[{"@type":"ListItem","position":1,"name":"Investigaci\u00f3n","item":"https:\/\/igfae.usc.es\/igfaedb\/research\/"},{"@type":"ListItem","position":2,"name":"Part\u00edculas C\u00f3smicas e F\u00edsica Fundamental"}]}]}},"_links":{"self":[{"href":"https:\/\/igfae.usc.es\/igfaedb\/gl\/wp-json\/wp\/v2\/pages\/2269"}],"collection":[{"href":"https:\/\/igfae.usc.es\/igfaedb\/gl\/wp-json\/wp\/v2\/pages"}],"about":[{"href":"https:\/\/igfae.usc.es\/igfaedb\/gl\/wp-json\/wp\/v2\/types\/page"}],"author":[{"embeddable":true,"href":"https:\/\/igfae.usc.es\/igfaedb\/gl\/wp-json\/wp\/v2\/users\/1"}],"replies":[{"embeddable":true,"href":"https:\/\/igfae.usc.es\/igfaedb\/gl\/wp-json\/wp\/v2\/comments?post=2269"}],"version-history":[{"count":6,"href":"https:\/\/igfae.usc.es\/igfaedb\/gl\/wp-json\/wp\/v2\/pages\/2269\/revisions"}],"predecessor-version":[{"id":13617,"href":"https:\/\/igfae.usc.es\/igfaedb\/gl\/wp-json\/wp\/v2\/pages\/2269\/revisions\/13617"}],"up":[{"embeddable":true,"href":"https:\/\/igfae.usc.es\/igfaedb\/gl\/wp-json\/wp\/v2\/pages\/2118"}],"wp:featuredmedia":[{"embeddable":true,"href":"https:\/\/igfae.usc.es\/igfaedb\/gl\/wp-json\/wp\/v2\/media\/1977"}],"wp:attachment":[{"href":"https:\/\/igfae.usc.es\/igfaedb\/gl\/wp-json\/wp\/v2\/media?parent=2269"}],"curies":[{"name":"wp","href":"https:\/\/api.w.org\/{rel}","templated":true}]}}