



{"id":2118,"date":"2017-11-30T10:45:18","date_gmt":"2017-11-30T10:45:18","guid":{"rendered":"https:\/\/igfae.usc.es\/centrosingular\/research-areas\/"},"modified":"2023-07-14T09:41:19","modified_gmt":"2023-07-14T07:41:19","slug":"investigacion","status":"publish","type":"page","link":"https:\/\/igfae.usc.es\/igfaedb\/gl\/investigacion\/","title":{"rendered":"Investigaci\u00f3n"},"content":{"rendered":"<p>[vc_row foundry_padding=&#8221;pt64 pb64&#8243; css=&#8221;.vc_custom_1571158772211{border-right-width: 0px !important;border-bottom-width: 0px !important;border-left-width: 0px !important;}&#8221;][vc_column][vc_row_inner content_placement=&#8221;top&#8221; css=&#8221;.vc_custom_1571158857854{background-image: url(https:\/\/igfae.usc.es\/igfaedb\/wp-content\/uploads\/2017\/11\/fondo.jpg?id=122) !important;}&#8221;][vc_column_inner][vc_column_text css=&#8221;.vc_custom_1689320416677{margin-bottom: -8px !important;padding-right: 25px !important;padding-left: 25px !important;}&#8221;]<\/p>\n<h4 style=\"text-align: center;\"><strong>\u00c1REAS ESTRAT\u00c9XICAS DE INVESTIGACI\u00d3N<\/strong><\/h4>\n<hr \/>\n<p class=\"lead\" style=\"text-align: center;\">A investigaci\u00f3n do Instituto organ\u00edzase ao redor de tres \u00c1reas Estrat\u00e9xicas (SA) que son a base da planificaci\u00f3n cient\u00edfica. Nos \u00faltimos anos creouse unha li\u00f1a transversal para debater a estratexia fronte a novas oportunidades vinculadas a instalaci\u00f3ns internacionais. Ademais, a actividade do IGFAE div\u00eddese nunha secci\u00f3n experimental e outra de teor\u00eda.<\/p>\n<p>[\/vc_column_text][\/vc_column_inner][\/vc_row_inner][vc_row_inner content_placement=&#8221;top&#8221; css=&#8221;.vc_custom_1571158829466{padding-top: 15px !important;background-image: url(https:\/\/igfae.usc.es\/igfaedb\/wp-content\/uploads\/2017\/11\/fondo.jpg?id=122) !important;}&#8221;][vc_column_inner el_class=&#8221;cuadro-areas&#8221; width=&#8221;1\/3&#8243;][vc_single_image image=&#8221;126&#8243; img_size=&#8221;120&#215;120&#8243; alignment=&#8221;center&#8221; onclick=&#8221;custom_link&#8221; link=&#8221;https:\/\/igfae.usc.es\/igfaedb\/research\/the-standard-model-to-the-limits\/&#8221;][vc_column_text css=&#8221;.vc_custom_1571161011926{margin-bottom: -8px !important;padding-right: 25px !important;padding-left: 25px !important;}&#8221;]<\/p>\n<h5><a href=\"https:\/\/igfae.usc.es\/igfaedb\/gl\/investigacion\/o-modelo-estandar-ata-os-limites\/\">O MODELO EST\u00c1NDAR ATA OS L\u00cdMITES<\/a><\/h5>\n<h5><\/h5>\n<p>[\/vc_column_text][\/vc_column_inner][vc_column_inner el_class=&#8221;cuadro-areas&#8221; width=&#8221;1\/3&#8243;][vc_single_image image=&#8221;127&#8243; img_size=&#8221;120&#215;120&#8243; alignment=&#8221;center&#8221; onclick=&#8221;custom_link&#8221; link=&#8221;https:\/\/igfae.usc.es\/igfaedb\/research\/cosmic-particles-and-fundamental-physics\/&#8221;][vc_column_text css=&#8221;.vc_custom_1571161049851{margin-bottom: -8px !important;padding-right: 25px !important;padding-left: 25px !important;}&#8221;]<\/p>\n<h5><a href=\"https:\/\/igfae.usc.es\/igfaedb\/gl\/investigacion\/particulas-cosmicas-e-fisica-fundamental\/\">PART\u00cdCULAS C\u00d3SMICAS E F\u00cdSICA FUNDAMENTAL<\/a><\/h5>\n<p>[\/vc_column_text][\/vc_column_inner][vc_column_inner el_class=&#8221;cuadro-areas&#8221; width=&#8221;1\/3&#8243;][vc_single_image image=&#8221;128&#8243; img_size=&#8221;120&#215;120&#8243; alignment=&#8221;center&#8221; onclick=&#8221;custom_link&#8221; link=&#8221;https:\/\/igfae.usc.es\/igfaedb\/research\/nuclear-physics-from-the-lab-to-improve-peoples-health\/&#8221;][vc_column_text css=&#8221;.vc_custom_1571161079201{margin-bottom: -8px !important;padding-right: 25px !important;padding-left: 25px !important;}&#8221;]<\/p>\n<h5><a href=\"https:\/\/igfae.usc.es\/igfaedb\/gl\/investigacion\/fisica-nuclear-desde-o-laboratorio-ata-mellorar-a-saude-das-persoas\/\">F\u00cdSICA NUCLEAR DESDE O LABORATORIO PARA MELLORAR A SA\u00daDE DAS PERSOAS<\/a><\/h5>\n<p>[\/vc_column_text][\/vc_column_inner][\/vc_row_inner][vc_row_inner content_placement=&#8221;top&#8221; css=&#8221;.vc_custom_1571158857854{background-image: url(https:\/\/igfae.usc.es\/igfaedb\/wp-content\/uploads\/2017\/11\/fondo.jpg?id=122) !important;}&#8221;][vc_column_inner css=&#8221;.vc_custom_1571158693302{border-top-width: 5px !important;border-top-color: #022675 !important;border-top-style: solid !important;}&#8221;][vc_column_text css=&#8221;.vc_custom_1686560762801{margin-bottom: -8px !important;padding-right: 25px !important;padding-left: 25px !important;}&#8221;]<\/p>\n<h5 style=\"text-align: center;\"><strong>ESTRATEXIAS PARA NOVAS INSTALACI\u00d3NS<\/strong><\/h5>\n<p class=\"lead\" style=\"text-align: center;\">O instituto necesita avaliar continuamente o estado das instalaci\u00f3ns internacionais, como o Gran Colisionador de Hadr\u00f3ns e Electr\u00f3ns (LHeC), o Colisionador Lineal Internacional (ILC) e FAIR, buscando novas oportunidades f\u00edsicas e tomando decisi\u00f3ns estrat\u00e9xicas. Esta li\u00f1a horizontal ten como obxectivo proporcionar as bases do debate para decidir a estratexia cara a estas novas oportunidades.<\/p>\n<p>[\/vc_column_text][\/vc_column_inner][\/vc_row_inner][vc_row_inner content_placement=&#8221;top&#8221; css=&#8221;.vc_custom_1571158857854{background-image: url(https:\/\/igfae.usc.es\/igfaedb\/wp-content\/uploads\/2017\/11\/fondo.jpg?id=122) !important;}&#8221;][vc_column_inner css=&#8221;.vc_custom_1571159825263{border-top-width: 5px !important;border-top-color: #022675 !important;border-top-style: solid !important;}&#8221;][vc_column_text css=&#8221;.vc_custom_1686560829301{margin-bottom: -8px !important;padding-right: 25px !important;padding-left: 25px !important;}&#8221;]<\/p>\n<h5 style=\"text-align: center;\"><strong><a href=\"https:\/\/igfae.usc.es\/igfaedb\/gl\/teoria\/\">TEOR\u00cdA<\/a><\/strong><\/h5>\n<p class=\"lead\" style=\"text-align: left;\">A f\u00edsica te\u00f3rica, que traduce o comportamento da natureza a unha linguaxe matem\u00e1tica, \u00e9 unha das actividades m\u00e1is fascinantes inventadas polo ser humano. Ao redor da mitade dos membros de IGFAE ded\u00edcanse \u00e1 f\u00edsica te\u00f3rica.<\/p>\n<p>[\/vc_column_text][\/vc_column_inner][\/vc_row_inner][vc_row_inner content_placement=&#8221;top&#8221; css=&#8221;.vc_custom_1571158857854{background-image: url(https:\/\/igfae.usc.es\/igfaedb\/wp-content\/uploads\/2017\/11\/fondo.jpg?id=122) !important;}&#8221;][vc_column_inner css=&#8221;.vc_custom_1571158693302{border-top-width: 5px !important;border-top-color: #022675 !important;border-top-style: solid !important;}&#8221;][vc_column_text css=&#8221;.vc_custom_1571163620178{margin-bottom: -8px !important;padding-right: 25px !important;padding-left: 25px !important;}&#8221;]<\/p>\n<h5 style=\"text-align: center;\"><a href=\"https:\/\/igfae.usc.es\/igfaedb\/gl\/experiments\/\"><strong>EXPERIMENTOS<\/strong><\/a><\/h5>\n<p class=\"lead\" style=\"text-align: center;\">Desde a s\u00faa fundaci\u00f3n, O IGFAE participa nas principais instalaci\u00f3ns internacionais e contin\u00faa colaborando nos experimentos m\u00e1is avanzados do mundo.<\/p>\n<p>\n<table id=\"tablepress-10\" class=\"tablepress tablepress-id-10\">\n<tbody>\n<tr class=\"row-1\">\n\t<td class=\"column-1\"><a href=\"https:\/\/igfae.usc.es\/igfaedb\/experiments\/lhcb\/\">LHCb<\/a><\/td><td class=\"column-2\"><a href=\"https:\/\/igfae.usc.es\/igfaedb\/experiments\/auger\/\">Pierre Auger Observatory<\/a><\/td><td class=\"column-3\"><a href=\"https:\/\/igfae.usc.es\/igfaedb\/experiments\/next\/\">NEXT<\/a><\/td><td class=\"column-4\"><a href=\"https:\/\/igfae.usc.es\/igfaedb\/experiments\/ganil-actar-tpc\/\">GANIL - ACTAR TPC<\/a><\/td><td class=\"column-5\"><a href=\"https:\/\/igfae.usc.es\/igfaedb\/experiments\/fair-r3b\/\">FAIR - R3B<\/a><\/td><td class=\"column-6\"><a href=\"https:\/\/igfae.usc.es\/igfaedb\/experiments\/laserpet\/\">LaserPET<\/a><\/td><td class=\"column-7\"><a href=\"https:\/\/igfae.usc.es\/igfaedb\/experiments\/ligo\/\">LIGO<\/a><\/td>\n<\/tr>\n<\/tbody>\n<\/table>\n<!-- #tablepress-10 from cache -->[\/vc_column_text][\/vc_column_inner][\/vc_row_inner][\/vc_column][\/vc_row]<\/p>\n","protected":false},"excerpt":{"rendered":"<p>[vc_row foundry_padding=&#8221;pt64 pb64&#8243; css=&#8221;.vc_custom_1571158772211{border-right-width: 0px !important;border-bottom-width: 0px !important;border-left-width: 0px !important;}&#8221;][vc_column][vc_row_inner content_placement=&#8221;top&#8221; css=&#8221;.vc_custom_1571158857854{background-image: url(https:\/\/igfae.usc.es\/igfaedb\/wp-content\/uploads\/2017\/11\/fondo.jpg?id=122) !important;}&#8221;][vc_column_inner][vc_column_text css=&#8221;.vc_custom_1689320416677{margin-bottom: -8px !important;padding-right: 25px !important;padding-left: 25px !important;}&#8221;]&#8230;<\/p>\n","protected":false},"author":1,"featured_media":1977,"parent":0,"menu_order":0,"comment_status":"closed","ping_status":"closed","template":"","meta":{"om_disable_all_campaigns":false,"_monsterinsights_skip_tracking":false,"_monsterinsights_sitenote_active":false,"_monsterinsights_sitenote_note":"","_monsterinsights_sitenote_category":0},"aioseo_notices":[],"yoast_head":"<!-- This site is optimized with the Yoast SEO plugin v18.4.1 - https:\/\/yoast.com\/wordpress\/plugins\/seo\/ -->\n<title>Investigaci\u00f3n - IGFAE<\/title>\n<meta name=\"robots\" content=\"index, follow, max-snippet:-1, max-image-preview:large, max-video-preview:-1\" \/>\n<link rel=\"canonical\" href=\"https:\/\/igfae.usc.es\/igfaedb\/research\/\" \/>\n<meta property=\"og:locale\" content=\"gl_ES\" \/>\n<meta property=\"og:type\" content=\"article\" \/>\n<meta property=\"og:title\" content=\"Investigaci\u00f3n - IGFAE\" \/>\n<meta property=\"og:description\" content=\"[vc_row foundry_padding=&#8221;pt64 pb64&#8243; css=&#8221;.vc_custom_1571158772211{border-right-width: 0px !important;border-bottom-width: 0px !important;border-left-width: 0px !important;}&#8221;][vc_column][vc_row_inner content_placement=&#8221;top&#8221; css=&#8221;.vc_custom_1571158857854{background-image: url(https:\/\/igfae.usc.es\/igfaedb\/wp-content\/uploads\/2017\/11\/fondo.jpg?id=122) !important;}&#8221;][vc_column_inner][vc_column_text css=&#8221;.vc_custom_1689320416677{margin-bottom: -8px !important;padding-right: 25px !important;padding-left: 25px !important;}&#8221;]...\" \/>\n<meta property=\"og:url\" content=\"https:\/\/igfae.usc.es\/igfaedb\/research\/\" \/>\n<meta property=\"og:site_name\" content=\"IGFAE\" \/>\n<meta property=\"article:modified_time\" content=\"2023-07-14T07:41:19+00:00\" \/>\n<meta property=\"og:image\" content=\"https:\/\/igfae.usc.es\/igfaedb\/wp-content\/uploads\/2017\/11\/Transicion-azul-Indicadores.png\" \/>\n\t<meta property=\"og:image:width\" content=\"1920\" \/>\n\t<meta property=\"og:image:height\" content=\"847\" \/>\n\t<meta property=\"og:image:type\" content=\"image\/png\" \/>\n<meta name=\"twitter:card\" content=\"summary_large_image\" \/>\n<meta name=\"twitter:site\" content=\"@igfae_hep\" \/>\n<meta name=\"twitter:label1\" content=\"Tempo de lectura\" \/>\n\t<meta name=\"twitter:data1\" content=\"3 minutos\" \/>\n<script type=\"application\/ld+json\" class=\"yoast-schema-graph\">{\"@context\":\"https:\/\/schema.org\",\"@graph\":[{\"@type\":\"WebSite\",\"@id\":\"https:\/\/igfae.usc.es\/igfaedb\/#website\",\"url\":\"https:\/\/igfae.usc.es\/igfaedb\/\",\"name\":\"IGFAE\",\"description\":\"Instituto Galego de F\u00edsica de Altas Enerx\u00edas\",\"potentialAction\":[{\"@type\":\"SearchAction\",\"target\":{\"@type\":\"EntryPoint\",\"urlTemplate\":\"https:\/\/igfae.usc.es\/igfaedb\/?s={search_term_string}\"},\"query-input\":\"required name=search_term_string\"}],\"inLanguage\":\"gl-ES\"},{\"@type\":\"ImageObject\",\"@id\":\"https:\/\/igfae.usc.es\/igfaedb\/research\/#primaryimage\",\"inLanguage\":\"gl-ES\",\"url\":\"https:\/\/igfae.usc.es\/igfaedb\/wp-content\/uploads\/2017\/11\/Transicion-azul-Indicadores.png\",\"contentUrl\":\"https:\/\/igfae.usc.es\/igfaedb\/wp-content\/uploads\/2017\/11\/Transicion-azul-Indicadores.png\",\"width\":1920,\"height\":847},{\"@type\":\"WebPage\",\"@id\":\"https:\/\/igfae.usc.es\/igfaedb\/research\/#webpage\",\"url\":\"https:\/\/igfae.usc.es\/igfaedb\/research\/\",\"name\":\"Investigaci\u00f3n - IGFAE\",\"isPartOf\":{\"@id\":\"https:\/\/igfae.usc.es\/igfaedb\/#website\"},\"primaryImageOfPage\":{\"@id\":\"https:\/\/igfae.usc.es\/igfaedb\/research\/#primaryimage\"},\"datePublished\":\"2017-11-30T10:45:18+00:00\",\"dateModified\":\"2023-07-14T07:41:19+00:00\",\"breadcrumb\":{\"@id\":\"https:\/\/igfae.usc.es\/igfaedb\/research\/#breadcrumb\"},\"inLanguage\":\"gl-ES\",\"potentialAction\":[{\"@type\":\"ReadAction\",\"target\":[\"https:\/\/igfae.usc.es\/igfaedb\/research\/\"]}]},{\"@type\":\"BreadcrumbList\",\"@id\":\"https:\/\/igfae.usc.es\/igfaedb\/research\/#breadcrumb\",\"itemListElement\":[{\"@type\":\"ListItem\",\"position\":1,\"name\":\"Investigaci\u00f3n\"}]}]}<\/script>\n<!-- \/ Yoast SEO plugin. -->","yoast_head_json":{"title":"Investigaci\u00f3n - IGFAE","robots":{"index":"index","follow":"follow","max-snippet":"max-snippet:-1","max-image-preview":"max-image-preview:large","max-video-preview":"max-video-preview:-1"},"canonical":"https:\/\/igfae.usc.es\/igfaedb\/research\/","og_locale":"gl_ES","og_type":"article","og_title":"Investigaci\u00f3n - IGFAE","og_description":"[vc_row foundry_padding=&#8221;pt64 pb64&#8243; css=&#8221;.vc_custom_1571158772211{border-right-width: 0px !important;border-bottom-width: 0px !important;border-left-width: 0px !important;}&#8221;][vc_column][vc_row_inner content_placement=&#8221;top&#8221; css=&#8221;.vc_custom_1571158857854{background-image: url(https:\/\/igfae.usc.es\/igfaedb\/wp-content\/uploads\/2017\/11\/fondo.jpg?id=122) !important;}&#8221;][vc_column_inner][vc_column_text css=&#8221;.vc_custom_1689320416677{margin-bottom: -8px !important;padding-right: 25px !important;padding-left: 25px !important;}&#8221;]...","og_url":"https:\/\/igfae.usc.es\/igfaedb\/research\/","og_site_name":"IGFAE","article_modified_time":"2023-07-14T07:41:19+00:00","og_image":[{"width":1920,"height":847,"url":"https:\/\/igfae.usc.es\/igfaedb\/wp-content\/uploads\/2017\/11\/Transicion-azul-Indicadores.png","type":"image\/png"}],"twitter_card":"summary_large_image","twitter_site":"@igfae_hep","twitter_misc":{"Tempo de lectura":"3 minutos"},"schema":{"@context":"https:\/\/schema.org","@graph":[{"@type":"WebSite","@id":"https:\/\/igfae.usc.es\/igfaedb\/#website","url":"https:\/\/igfae.usc.es\/igfaedb\/","name":"IGFAE","description":"Instituto Galego de F\u00edsica de Altas Enerx\u00edas","potentialAction":[{"@type":"SearchAction","target":{"@type":"EntryPoint","urlTemplate":"https:\/\/igfae.usc.es\/igfaedb\/?s={search_term_string}"},"query-input":"required name=search_term_string"}],"inLanguage":"gl-ES"},{"@type":"ImageObject","@id":"https:\/\/igfae.usc.es\/igfaedb\/research\/#primaryimage","inLanguage":"gl-ES","url":"https:\/\/igfae.usc.es\/igfaedb\/wp-content\/uploads\/2017\/11\/Transicion-azul-Indicadores.png","contentUrl":"https:\/\/igfae.usc.es\/igfaedb\/wp-content\/uploads\/2017\/11\/Transicion-azul-Indicadores.png","width":1920,"height":847},{"@type":"WebPage","@id":"https:\/\/igfae.usc.es\/igfaedb\/research\/#webpage","url":"https:\/\/igfae.usc.es\/igfaedb\/research\/","name":"Investigaci\u00f3n - IGFAE","isPartOf":{"@id":"https:\/\/igfae.usc.es\/igfaedb\/#website"},"primaryImageOfPage":{"@id":"https:\/\/igfae.usc.es\/igfaedb\/research\/#primaryimage"},"datePublished":"2017-11-30T10:45:18+00:00","dateModified":"2023-07-14T07:41:19+00:00","breadcrumb":{"@id":"https:\/\/igfae.usc.es\/igfaedb\/research\/#breadcrumb"},"inLanguage":"gl-ES","potentialAction":[{"@type":"ReadAction","target":["https:\/\/igfae.usc.es\/igfaedb\/research\/"]}]},{"@type":"BreadcrumbList","@id":"https:\/\/igfae.usc.es\/igfaedb\/research\/#breadcrumb","itemListElement":[{"@type":"ListItem","position":1,"name":"Investigaci\u00f3n"}]}]}},"_links":{"self":[{"href":"https:\/\/igfae.usc.es\/igfaedb\/gl\/wp-json\/wp\/v2\/pages\/2118"}],"collection":[{"href":"https:\/\/igfae.usc.es\/igfaedb\/gl\/wp-json\/wp\/v2\/pages"}],"about":[{"href":"https:\/\/igfae.usc.es\/igfaedb\/gl\/wp-json\/wp\/v2\/types\/page"}],"author":[{"embeddable":true,"href":"https:\/\/igfae.usc.es\/igfaedb\/gl\/wp-json\/wp\/v2\/users\/1"}],"replies":[{"embeddable":true,"href":"https:\/\/igfae.usc.es\/igfaedb\/gl\/wp-json\/wp\/v2\/comments?post=2118"}],"version-history":[{"count":17,"href":"https:\/\/igfae.usc.es\/igfaedb\/gl\/wp-json\/wp\/v2\/pages\/2118\/revisions"}],"predecessor-version":[{"id":13856,"href":"https:\/\/igfae.usc.es\/igfaedb\/gl\/wp-json\/wp\/v2\/pages\/2118\/revisions\/13856"}],"wp:featuredmedia":[{"embeddable":true,"href":"https:\/\/igfae.usc.es\/igfaedb\/gl\/wp-json\/wp\/v2\/media\/1977"}],"wp:attachment":[{"href":"https:\/\/igfae.usc.es\/igfaedb\/gl\/wp-json\/wp\/v2\/media?parent=2118"}],"curies":[{"name":"wp","href":"https:\/\/api.w.org\/{rel}","templated":true}]}}