



{"id":16143,"date":"2024-09-04T19:02:47","date_gmt":"2024-09-04T17:02:47","guid":{"rendered":"https:\/\/igfae.usc.es\/igfaedb\/?page_id=16143"},"modified":"2024-09-04T19:02:47","modified_gmt":"2024-09-04T17:02:47","slug":"dune","status":"publish","type":"page","link":"https:\/\/igfae.usc.es\/igfaedb\/gl\/experiments\/dune\/","title":{"rendered":"DUNE"},"content":{"rendered":"<p>[vc_row full_width=&#8221;stretch_row&#8221; foundry_padding=&#8221;pt0 pb0&#8243; foundry_parallax=&#8221;not-parallax&#8221; css=&#8221;.vc_custom_1511969745245{background-image: url(https:\/\/igfae.usc.es\/igfaedb\/wp-content\/uploads\/2017\/11\/fondo.jpg?id=122) !important;}&#8221;][vc_column][vc_row_inner content_placement=&#8221;top&#8221;][vc_column_inner width=&#8221;5\/12&#8243; css=&#8221;.vc_custom_1543710957781{margin-top: 0px !important;margin-bottom: 0px !important;padding-top: 0px !important;padding-bottom: 0px !important;background-image: url(https:\/\/igfae.usc.es\/igfaedb\/wp-content\/uploads\/2018\/12\/DetectionSlide.jpg?id=1799) !important;background-position: center !important;background-repeat: no-repeat !important;background-size: cover !important;}&#8221;][vc_empty_space height=&#8221;500&#8243; css=&#8221;.vc_custom_1725468411558{padding-top: 20px !important;background-image: url(https:\/\/igfae.usc.es\/igfaedb\/wp-content\/uploads\/2024\/02\/dune-igfae-web.jpg?id=15167) !important;background-position: center !important;background-repeat: no-repeat !important;background-size: cover !important;}&#8221;][\/vc_column_inner][vc_column_inner width=&#8221;5\/12&#8243; offset=&#8221;vc_col-lg-offset-1&#8243; css=&#8221;.vc_custom_1531310250965{margin-bottom: 0px !important;padding-top: 25px !important;padding-right: 15px !important;padding-bottom: 0px !important;padding-left: 15px !important;}&#8221;][vc_column_text css=&#8221;.vc_custom_1725467682489{margin-top: 0px !important;padding-top: 0px !important;}&#8221;]<\/p>\n<h3><span style=\"color: #055dbe;\"><strong>DUNE<\/strong><\/span><\/h3>\n<p class=\"lead\">Entre Chicago e Sanford, Dakota do Sur (Estados Unidos), estase a constru\u00edr un dos experimentos cient\u00edficos m\u00e1is espectaculares xamais realizados pola humanidade. O Deep Underground Neutrino Experiment (DUNE) pretende mellorar a nosa comprensi\u00f3n dos neutrinos, as fuxid\u00edas part\u00edculas que poden dar resposta a algunhas das preguntas esenciais sobre a orixe do universo.<\/p>\n<p class=\"lead\">Os feixes de neutrinos m\u00e1is potentes xamais creados dispararanse desde o acelerador do Fermilab de Chicago. Viaxar\u00e1n 1.300 quil\u00f3metros baixo terra para chegar aos detectores do Sanford Underground Research Facility. Para isto escavouse unha enorme cavidade, dunha superficie equivalente a oito campos de f\u00fatbol, na que se recrear\u00e1n as condici\u00f3ns ideais para detectar e analizar neutrinos.<\/p>\n<p class=\"lead\">O IGFAE contrib\u00fae a este proxecto, que re\u00fane a m\u00e1is de 1 400 persoas e 200 instituci\u00f3ns de 36 pa\u00edses, co dese\u00f1o dun dos dous detectores \u00abpr\u00f3ximos\u00bb, o ND-GAr (Near Detector &#8211; Gaseous Argon). Este dispositivo instalarase nos pr\u00f3ximos anos no Fermilab de Chicago, preto do punto de emisi\u00f3n do feixe de neutrinos.<\/p>\n<p class=\"lead\">Este detector consiste nunha c\u00e1mara de proxecci\u00f3n temporal (TPC) de 100 m3, que combina campos el\u00e9ctricos e magn\u00e9ticos con gases ricos en argon no caso de DUNE, o que permite reconstru\u00edr a traxectoria das part\u00edculas producidas nas interacci\u00f3ns de neutrinos.<\/p>\n<p class=\"lead\">O equipo IGFAE de DUNE traballa nunha proposta baseada no uso de c\u00e1maras \u00f3pticas ultrarr\u00e1pidas (2 milmillon\u00e9simas de segundo por imaxe) a 10 atmosferas de presi\u00f3n en argon dopado con tetrafluorometano. Esta tecnolox\u00eda, in\u00e9dita ata a data, permitir\u00e1 rexistrar con precisi\u00f3n milim\u00e9trica as imaxes de part\u00edculas procedentes da interacci\u00f3n de neutrinos nunha rexi\u00f3n de 20 m2, precisando o instante da s\u00faa interacci\u00f3n en pouco m\u00e1is dunha milmillon\u00e9sima de segundo.<\/p>\n<p class=\"lead\">O IGFAE lidera o proxecto, en estreita colaboraci\u00f3n coa Universidade de Vigo e o IFIC de Valencia. O obxectivo \u00e9 completar unha proposta t\u00e9cnica para o dese\u00f1o do TPC ND-GAr a mediados de 2025.<\/p>\n<p>[\/vc_column_text][\/vc_column_inner][\/vc_row_inner][\/vc_column][\/vc_row]<\/p>\n","protected":false},"excerpt":{"rendered":"<p>[vc_row full_width=&#8221;stretch_row&#8221; foundry_padding=&#8221;pt0 pb0&#8243; foundry_parallax=&#8221;not-parallax&#8221; css=&#8221;.vc_custom_1511969745245{background-image: url(https:\/\/igfae.usc.es\/igfaedb\/wp-content\/uploads\/2017\/11\/fondo.jpg?id=122) !important;}&#8221;][vc_column][vc_row_inner content_placement=&#8221;top&#8221;][vc_column_inner width=&#8221;5\/12&#8243; css=&#8221;.vc_custom_1543710957781{margin-top: 0px !important;margin-bottom: 0px !important;padding-top: 0px !important;padding-bottom: 0px !important;background-image: url(https:\/\/igfae.usc.es\/igfaedb\/wp-content\/uploads\/2018\/12\/DetectionSlide.jpg?id=1799) !important;background-position:&#8230;<\/p>\n","protected":false},"author":123489,"featured_media":1977,"parent":2063,"menu_order":0,"comment_status":"closed","ping_status":"closed","template":"","meta":{"om_disable_all_campaigns":false,"_monsterinsights_skip_tracking":false,"_monsterinsights_sitenote_active":false,"_monsterinsights_sitenote_note":"","_monsterinsights_sitenote_category":0},"aioseo_notices":[],"yoast_head":"<!-- This site is optimized with the Yoast SEO plugin v18.4.1 - https:\/\/yoast.com\/wordpress\/plugins\/seo\/ -->\n<title>DUNE - IGFAE<\/title>\n<meta name=\"robots\" content=\"index, follow, max-snippet:-1, max-image-preview:large, max-video-preview:-1\" \/>\n<link rel=\"canonical\" href=\"https:\/\/igfae.usc.es\/igfaedb\/gl\/experiments\/dune\/\" \/>\n<meta property=\"og:locale\" content=\"gl_ES\" \/>\n<meta property=\"og:type\" content=\"article\" \/>\n<meta property=\"og:title\" content=\"DUNE - IGFAE\" \/>\n<meta property=\"og:description\" content=\"[vc_row full_width=&#8221;stretch_row&#8221; foundry_padding=&#8221;pt0 pb0&#8243; foundry_parallax=&#8221;not-parallax&#8221; css=&#8221;.vc_custom_1511969745245{background-image: url(https:\/\/igfae.usc.es\/igfaedb\/wp-content\/uploads\/2017\/11\/fondo.jpg?id=122) !important;}&#8221;][vc_column][vc_row_inner content_placement=&#8221;top&#8221;][vc_column_inner width=&#8221;5\/12&#8243; css=&#8221;.vc_custom_1543710957781{margin-top: 0px !important;margin-bottom: 0px !important;padding-top: 0px !important;padding-bottom: 0px !important;background-image: url(https:\/\/igfae.usc.es\/igfaedb\/wp-content\/uploads\/2018\/12\/DetectionSlide.jpg?id=1799) !important;background-position:...\" \/>\n<meta property=\"og:url\" content=\"https:\/\/igfae.usc.es\/igfaedb\/gl\/experiments\/dune\/\" \/>\n<meta property=\"og:site_name\" content=\"IGFAE\" \/>\n<meta property=\"og:image\" content=\"https:\/\/igfae.usc.es\/igfaedb\/wp-content\/uploads\/2017\/11\/Transicion-azul-Indicadores.png\" \/>\n\t<meta property=\"og:image:width\" content=\"1920\" \/>\n\t<meta property=\"og:image:height\" content=\"847\" \/>\n\t<meta property=\"og:image:type\" content=\"image\/png\" \/>\n<meta name=\"twitter:card\" content=\"summary_large_image\" \/>\n<meta name=\"twitter:site\" content=\"@igfae_hep\" \/>\n<meta name=\"twitter:label1\" content=\"Tempo de lectura\" \/>\n\t<meta name=\"twitter:data1\" content=\"3 minutos\" \/>\n<script type=\"application\/ld+json\" class=\"yoast-schema-graph\">{\"@context\":\"https:\/\/schema.org\",\"@graph\":[{\"@type\":\"WebSite\",\"@id\":\"https:\/\/igfae.usc.es\/igfaedb\/#website\",\"url\":\"https:\/\/igfae.usc.es\/igfaedb\/\",\"name\":\"IGFAE\",\"description\":\"Instituto Galego de F\u00edsica de Altas Enerx\u00edas\",\"potentialAction\":[{\"@type\":\"SearchAction\",\"target\":{\"@type\":\"EntryPoint\",\"urlTemplate\":\"https:\/\/igfae.usc.es\/igfaedb\/?s={search_term_string}\"},\"query-input\":\"required name=search_term_string\"}],\"inLanguage\":\"gl-ES\"},{\"@type\":\"ImageObject\",\"@id\":\"https:\/\/igfae.usc.es\/igfaedb\/gl\/experiments\/dune\/#primaryimage\",\"inLanguage\":\"gl-ES\",\"url\":\"https:\/\/igfae.usc.es\/igfaedb\/wp-content\/uploads\/2017\/11\/Transicion-azul-Indicadores.png\",\"contentUrl\":\"https:\/\/igfae.usc.es\/igfaedb\/wp-content\/uploads\/2017\/11\/Transicion-azul-Indicadores.png\",\"width\":1920,\"height\":847},{\"@type\":\"WebPage\",\"@id\":\"https:\/\/igfae.usc.es\/igfaedb\/gl\/experiments\/dune\/#webpage\",\"url\":\"https:\/\/igfae.usc.es\/igfaedb\/gl\/experiments\/dune\/\",\"name\":\"DUNE - IGFAE\",\"isPartOf\":{\"@id\":\"https:\/\/igfae.usc.es\/igfaedb\/#website\"},\"primaryImageOfPage\":{\"@id\":\"https:\/\/igfae.usc.es\/igfaedb\/gl\/experiments\/dune\/#primaryimage\"},\"datePublished\":\"2024-09-04T17:02:47+00:00\",\"dateModified\":\"2024-09-04T17:02:47+00:00\",\"breadcrumb\":{\"@id\":\"https:\/\/igfae.usc.es\/igfaedb\/gl\/experiments\/dune\/#breadcrumb\"},\"inLanguage\":\"gl-ES\",\"potentialAction\":[{\"@type\":\"ReadAction\",\"target\":[\"https:\/\/igfae.usc.es\/igfaedb\/gl\/experiments\/dune\/\"]}]},{\"@type\":\"BreadcrumbList\",\"@id\":\"https:\/\/igfae.usc.es\/igfaedb\/gl\/experiments\/dune\/#breadcrumb\",\"itemListElement\":[{\"@type\":\"ListItem\",\"position\":1,\"name\":\"Experimentos\",\"item\":\"https:\/\/igfae.usc.es\/igfaedb\/gl\/experiments\/\"},{\"@type\":\"ListItem\",\"position\":2,\"name\":\"DUNE\"}]}]}<\/script>\n<!-- \/ Yoast SEO plugin. -->","yoast_head_json":{"title":"DUNE - IGFAE","robots":{"index":"index","follow":"follow","max-snippet":"max-snippet:-1","max-image-preview":"max-image-preview:large","max-video-preview":"max-video-preview:-1"},"canonical":"https:\/\/igfae.usc.es\/igfaedb\/gl\/experiments\/dune\/","og_locale":"gl_ES","og_type":"article","og_title":"DUNE - IGFAE","og_description":"[vc_row full_width=&#8221;stretch_row&#8221; foundry_padding=&#8221;pt0 pb0&#8243; foundry_parallax=&#8221;not-parallax&#8221; css=&#8221;.vc_custom_1511969745245{background-image: url(https:\/\/igfae.usc.es\/igfaedb\/wp-content\/uploads\/2017\/11\/fondo.jpg?id=122) !important;}&#8221;][vc_column][vc_row_inner content_placement=&#8221;top&#8221;][vc_column_inner width=&#8221;5\/12&#8243; css=&#8221;.vc_custom_1543710957781{margin-top: 0px !important;margin-bottom: 0px !important;padding-top: 0px !important;padding-bottom: 0px !important;background-image: url(https:\/\/igfae.usc.es\/igfaedb\/wp-content\/uploads\/2018\/12\/DetectionSlide.jpg?id=1799) !important;background-position:...","og_url":"https:\/\/igfae.usc.es\/igfaedb\/gl\/experiments\/dune\/","og_site_name":"IGFAE","og_image":[{"width":1920,"height":847,"url":"https:\/\/igfae.usc.es\/igfaedb\/wp-content\/uploads\/2017\/11\/Transicion-azul-Indicadores.png","type":"image\/png"}],"twitter_card":"summary_large_image","twitter_site":"@igfae_hep","twitter_misc":{"Tempo de lectura":"3 minutos"},"schema":{"@context":"https:\/\/schema.org","@graph":[{"@type":"WebSite","@id":"https:\/\/igfae.usc.es\/igfaedb\/#website","url":"https:\/\/igfae.usc.es\/igfaedb\/","name":"IGFAE","description":"Instituto Galego de F\u00edsica de Altas Enerx\u00edas","potentialAction":[{"@type":"SearchAction","target":{"@type":"EntryPoint","urlTemplate":"https:\/\/igfae.usc.es\/igfaedb\/?s={search_term_string}"},"query-input":"required name=search_term_string"}],"inLanguage":"gl-ES"},{"@type":"ImageObject","@id":"https:\/\/igfae.usc.es\/igfaedb\/gl\/experiments\/dune\/#primaryimage","inLanguage":"gl-ES","url":"https:\/\/igfae.usc.es\/igfaedb\/wp-content\/uploads\/2017\/11\/Transicion-azul-Indicadores.png","contentUrl":"https:\/\/igfae.usc.es\/igfaedb\/wp-content\/uploads\/2017\/11\/Transicion-azul-Indicadores.png","width":1920,"height":847},{"@type":"WebPage","@id":"https:\/\/igfae.usc.es\/igfaedb\/gl\/experiments\/dune\/#webpage","url":"https:\/\/igfae.usc.es\/igfaedb\/gl\/experiments\/dune\/","name":"DUNE - IGFAE","isPartOf":{"@id":"https:\/\/igfae.usc.es\/igfaedb\/#website"},"primaryImageOfPage":{"@id":"https:\/\/igfae.usc.es\/igfaedb\/gl\/experiments\/dune\/#primaryimage"},"datePublished":"2024-09-04T17:02:47+00:00","dateModified":"2024-09-04T17:02:47+00:00","breadcrumb":{"@id":"https:\/\/igfae.usc.es\/igfaedb\/gl\/experiments\/dune\/#breadcrumb"},"inLanguage":"gl-ES","potentialAction":[{"@type":"ReadAction","target":["https:\/\/igfae.usc.es\/igfaedb\/gl\/experiments\/dune\/"]}]},{"@type":"BreadcrumbList","@id":"https:\/\/igfae.usc.es\/igfaedb\/gl\/experiments\/dune\/#breadcrumb","itemListElement":[{"@type":"ListItem","position":1,"name":"Experimentos","item":"https:\/\/igfae.usc.es\/igfaedb\/gl\/experiments\/"},{"@type":"ListItem","position":2,"name":"DUNE"}]}]}},"_links":{"self":[{"href":"https:\/\/igfae.usc.es\/igfaedb\/gl\/wp-json\/wp\/v2\/pages\/16143"}],"collection":[{"href":"https:\/\/igfae.usc.es\/igfaedb\/gl\/wp-json\/wp\/v2\/pages"}],"about":[{"href":"https:\/\/igfae.usc.es\/igfaedb\/gl\/wp-json\/wp\/v2\/types\/page"}],"author":[{"embeddable":true,"href":"https:\/\/igfae.usc.es\/igfaedb\/gl\/wp-json\/wp\/v2\/users\/123489"}],"replies":[{"embeddable":true,"href":"https:\/\/igfae.usc.es\/igfaedb\/gl\/wp-json\/wp\/v2\/comments?post=16143"}],"version-history":[{"count":7,"href":"https:\/\/igfae.usc.es\/igfaedb\/gl\/wp-json\/wp\/v2\/pages\/16143\/revisions"}],"predecessor-version":[{"id":16179,"href":"https:\/\/igfae.usc.es\/igfaedb\/gl\/wp-json\/wp\/v2\/pages\/16143\/revisions\/16179"}],"up":[{"embeddable":true,"href":"https:\/\/igfae.usc.es\/igfaedb\/gl\/wp-json\/wp\/v2\/pages\/2063"}],"wp:featuredmedia":[{"embeddable":true,"href":"https:\/\/igfae.usc.es\/igfaedb\/gl\/wp-json\/wp\/v2\/media\/1977"}],"wp:attachment":[{"href":"https:\/\/igfae.usc.es\/igfaedb\/gl\/wp-json\/wp\/v2\/media?parent=16143"}],"curies":[{"name":"wp","href":"https:\/\/api.w.org\/{rel}","templated":true}]}}