



{"id":10307,"date":"2021-12-17T11:06:32","date_gmt":"2021-12-17T09:06:32","guid":{"rendered":"https:\/\/igfae.usc.es\/igfaedb\/?page_id=10307"},"modified":"2024-05-24T16:49:56","modified_gmt":"2024-05-24T14:49:56","slug":"transferencia-tecnoloxia-conecemento","status":"publish","type":"page","link":"https:\/\/igfae.usc.es\/igfaedb\/gl\/transferencia-tecnoloxia-conecemento\/","title":{"rendered":"Innovaci\u00f3n, Co\u00f1ecemento e transferencia de tecnolox\u00eda"},"content":{"rendered":"<p>[vc_row full_width=&#8221;stretch_row&#8221; foundry_padding=&#8221;pt0 pb0&#8243; foundry_parallax=&#8221;not-parallax&#8221; css=&#8221;.vc_custom_1511969745245{background-image: url(https:\/\/igfae.usc.es\/igfaedb\/wp-content\/uploads\/2017\/11\/fondo.jpg?id=122) !important;}&#8221;][vc_column][vc_row_inner][vc_column_inner width=&#8221;5\/12&#8243; css=&#8221;.vc_custom_1511973380091{margin-bottom: 0px !important;padding-bottom: 0px !important;}&#8221;][vc_single_image image=&#8221;10299&#8243; img_size=&#8221;full&#8221;][\/vc_column_inner][vc_column_inner width=&#8221;5\/12&#8243; offset=&#8221;vc_col-lg-offset-1&#8243; css=&#8221;.vc_custom_1634114147355{margin-bottom: 0px !important;padding-top: 30px !important;padding-right: 10px !important;padding-left: 10px !important;}&#8221;][vc_column_text css=&#8221;.vc_custom_1716562171668{margin-top: 0px !important;padding-top: 25px !important;}&#8221;]<\/p>\n<h3><span style=\"color: #055dbe;\"><strong>INNOVACI\u00d3N, CO\u00d1ECEMENTO E TRANSFERENCIA DE TECNOLOX\u00cdA <\/strong><\/span><\/h3>\n<p class=\"lead\">O IGFAE \u00e9 un centro de investigaci\u00f3n de referencia que favorece a conciliaci\u00f3n da vida laboral e familiar, a promoci\u00f3n, a formaci\u00f3n e o desenvolvemento profesional, inclu\u00edndo as acci\u00f3ns de innovaci\u00f3n, co\u00f1ecemento e transferencia de tecnolox\u00eda. Para este \u00faltimo obxectivo, a Unidade KTT do IGFAE asegura que calquera investigador ou investigadora que se incorpore ao noso equipo ter\u00e1 todos os recursos ao seu alcance. A Unidade KTT apoia ao persoal investigador do IGFAE na procura de conexi\u00f3ns coa industria, acci\u00f3ns de protecci\u00f3n intelectual ou creaci\u00f3n de spin-offs ou start-ups. Temos un compromiso coa Innovaci\u00f3n, a Transferencia de Tecnolox\u00eda e o Emprendemento como unha das principais v\u00edas de formaci\u00f3n profesional da comunidade universitaria.<\/p>\n<p class=\"lead\">O equipo da Unidade KTT est\u00e1 capacitado para identificar resultados de investigaci\u00f3n transferibles, avaliar o potencial comercial, a propiedade intelectual, xestionar os contratos de transferencia de resultados, apoiar e asesorar as iniciativas industriais, a formaci\u00f3n de executivos, e tam\u00e9n proporcionar formaci\u00f3n relacionada con KTT. Ademais, a nosa Unidade de KTT mant\u00e9n unha estreita colaboraci\u00f3n coa \u00e1rea de Valorizaci\u00f3n, Transferencia e Emprendemento da USC, que \u00e9 o servizo encargado da difusi\u00f3n e promoci\u00f3n da cultura KTT entre a comunidade universitaria, entre outros.<\/p>\n<p class=\"lead\" style=\"text-align: center;\"><strong><a class=\"btn btn-rounded\" href=\"https:\/\/igfae.usc.es\/igfaedb\/wp-content\/uploads\/2023\/12\/General_Innovation_and_Transfer_Plan.pdf\" target=\"_blank\" rel=\"noopener\">Descarga aqu\u00ed o plan inicial de Innovaci\u00f3n e Transferencia do IGFAE<\/a><\/strong><\/p>\n<p class=\"lead\">Para consultas de KTT, contacta ao responsable da Unidade de Innovaci\u00f3n, Co\u00f1ecemetnto e Transferencia de Tecnolox\u00eda, Pablo Cabanelas, en:<\/p>\n<p class=\"lead\">Email: <a href=\"mailto:pablo.cabanelas@usc.es\">pablo.cabanelas@usc.es<\/a><br \/>\nTel: +34881813636<\/p>\n<p>[\/vc_column_text][\/vc_column_inner][\/vc_row_inner][\/vc_column][\/vc_row][vc_row full_width=&#8221;stretch_row&#8221; foundry_padding=&#8221;pt0 pb0&#8243; foundry_parallax=&#8221;not-parallax&#8221; css=&#8221;.vc_custom_1511969745245{background-image: url(https:\/\/igfae.usc.es\/igfaedb\/wp-content\/uploads\/2017\/11\/fondo.jpg?id=122) !important;}&#8221;][vc_column width=&#8221;1\/6&#8243;][\/vc_column][vc_column width=&#8221;2\/3&#8243;][vc_btn title=&#8221;Quere co\u00f1ecer as nosas instalaci\u00f3ns, equipos, capacidades e laboratorios? Descargue o noso Cat\u00e1logo de Servizos en Transferencia de Co\u00f1ecemento e Tecnolox\u00eda&#8221; style=&#8221;outline&#8221; shape=&#8221;square&#8221; color=&#8221;sky&#8221; align=&#8221;center&#8221; button_block=&#8221;true&#8221; link=&#8221;url:https%3A%2F%2Figfae.usc.es%2Figfae%2Fwp-content%2Fuploads%2F2023%2F07%2FIGFAE_Catalogo_de_Servizos_2022.pdf|target:_blank&#8221;][vc_basic_grid post_type=&#8221;post&#8221; max_items=&#8221;&#8221; style=&#8221;pagination&#8221; items_per_page=&#8221;3&#8243; arrows_design=&#8221;vc_arrow-icon-arrow_01_left&#8221; arrows_position=&#8221;outside&#8221; paging_color=&#8221;blue&#8221; loop=&#8221;yes&#8221; grid_id=&#8221;vc_gid:1716562151111-b11d374e2a610f2d81b4fc91d70d4943-7&#8243; taxonomies=&#8221;129&#8243;][\/vc_column][vc_column width=&#8221;1\/6&#8243;][\/vc_column][\/vc_row]<\/p>\n","protected":false},"excerpt":{"rendered":"<p>[vc_row full_width=&#8221;stretch_row&#8221; foundry_padding=&#8221;pt0 pb0&#8243; foundry_parallax=&#8221;not-parallax&#8221; css=&#8221;.vc_custom_1511969745245{background-image: url(https:\/\/igfae.usc.es\/igfaedb\/wp-content\/uploads\/2017\/11\/fondo.jpg?id=122) !important;}&#8221;][vc_column][vc_row_inner][vc_column_inner width=&#8221;5\/12&#8243; css=&#8221;.vc_custom_1511973380091{margin-bottom: 0px !important;padding-bottom: 0px !important;}&#8221;][vc_single_image image=&#8221;10299&#8243; img_size=&#8221;full&#8221;][\/vc_column_inner][vc_column_inner width=&#8221;5\/12&#8243; offset=&#8221;vc_col-lg-offset-1&#8243; css=&#8221;.vc_custom_1634114147355{margin-bottom: 0px !important;padding-top:&#8230;<\/p>\n","protected":false},"author":21,"featured_media":1977,"parent":0,"menu_order":0,"comment_status":"closed","ping_status":"closed","template":"","meta":{"om_disable_all_campaigns":false,"_monsterinsights_skip_tracking":false,"_monsterinsights_sitenote_active":false,"_monsterinsights_sitenote_note":"","_monsterinsights_sitenote_category":0},"aioseo_notices":[],"yoast_head":"<!-- This site is optimized with the Yoast SEO plugin v18.4.1 - https:\/\/yoast.com\/wordpress\/plugins\/seo\/ -->\n<title>Innovaci\u00f3n, Co\u00f1ecemento e transferencia de tecnolox\u00eda - IGFAE<\/title>\n<meta name=\"robots\" content=\"index, follow, max-snippet:-1, max-image-preview:large, max-video-preview:-1\" \/>\n<link rel=\"canonical\" href=\"https:\/\/igfae.usc.es\/igfaedb\/es\/transferencia-tecnologia-conocimiento\/\" \/>\n<meta property=\"og:locale\" content=\"gl_ES\" \/>\n<meta property=\"og:type\" content=\"article\" \/>\n<meta property=\"og:title\" content=\"Innovaci\u00f3n, Co\u00f1ecemento e transferencia de tecnolox\u00eda - IGFAE\" \/>\n<meta property=\"og:description\" content=\"[vc_row full_width=&#8221;stretch_row&#8221; foundry_padding=&#8221;pt0 pb0&#8243; foundry_parallax=&#8221;not-parallax&#8221; css=&#8221;.vc_custom_1511969745245{background-image: url(https:\/\/igfae.usc.es\/igfaedb\/wp-content\/uploads\/2017\/11\/fondo.jpg?id=122) !important;}&#8221;][vc_column][vc_row_inner][vc_column_inner width=&#8221;5\/12&#8243; css=&#8221;.vc_custom_1511973380091{margin-bottom: 0px !important;padding-bottom: 0px !important;}&#8221;][vc_single_image image=&#8221;10299&#8243; img_size=&#8221;full&#8221;][\/vc_column_inner][vc_column_inner width=&#8221;5\/12&#8243; offset=&#8221;vc_col-lg-offset-1&#8243; css=&#8221;.vc_custom_1634114147355{margin-bottom: 0px !important;padding-top:...\" \/>\n<meta property=\"og:url\" content=\"https:\/\/igfae.usc.es\/igfaedb\/es\/transferencia-tecnologia-conocimiento\/\" \/>\n<meta property=\"og:site_name\" content=\"IGFAE\" \/>\n<meta property=\"article:modified_time\" content=\"2024-05-24T14:49:56+00:00\" \/>\n<meta property=\"og:image\" content=\"https:\/\/igfae.usc.es\/igfaedb\/wp-content\/uploads\/2017\/11\/Transicion-azul-Indicadores.png\" \/>\n\t<meta property=\"og:image:width\" content=\"1920\" \/>\n\t<meta property=\"og:image:height\" content=\"847\" \/>\n\t<meta property=\"og:image:type\" content=\"image\/png\" \/>\n<meta name=\"twitter:card\" content=\"summary_large_image\" \/>\n<meta name=\"twitter:site\" content=\"@igfae_hep\" \/>\n<meta name=\"twitter:label1\" content=\"Tempo de lectura\" \/>\n\t<meta name=\"twitter:data1\" content=\"2 minutos\" \/>\n<script type=\"application\/ld+json\" class=\"yoast-schema-graph\">{\"@context\":\"https:\/\/schema.org\",\"@graph\":[{\"@type\":\"WebSite\",\"@id\":\"https:\/\/igfae.usc.es\/igfaedb\/#website\",\"url\":\"https:\/\/igfae.usc.es\/igfaedb\/\",\"name\":\"IGFAE\",\"description\":\"Instituto Galego de F\u00edsica de Altas Enerx\u00edas\",\"potentialAction\":[{\"@type\":\"SearchAction\",\"target\":{\"@type\":\"EntryPoint\",\"urlTemplate\":\"https:\/\/igfae.usc.es\/igfaedb\/?s={search_term_string}\"},\"query-input\":\"required name=search_term_string\"}],\"inLanguage\":\"gl-ES\"},{\"@type\":\"ImageObject\",\"@id\":\"https:\/\/igfae.usc.es\/igfaedb\/es\/transferencia-tecnologia-conocimiento\/#primaryimage\",\"inLanguage\":\"gl-ES\",\"url\":\"https:\/\/igfae.usc.es\/igfaedb\/wp-content\/uploads\/2017\/11\/Transicion-azul-Indicadores.png\",\"contentUrl\":\"https:\/\/igfae.usc.es\/igfaedb\/wp-content\/uploads\/2017\/11\/Transicion-azul-Indicadores.png\",\"width\":1920,\"height\":847},{\"@type\":\"WebPage\",\"@id\":\"https:\/\/igfae.usc.es\/igfaedb\/es\/transferencia-tecnologia-conocimiento\/#webpage\",\"url\":\"https:\/\/igfae.usc.es\/igfaedb\/es\/transferencia-tecnologia-conocimiento\/\",\"name\":\"Innovaci\u00f3n, Co\u00f1ecemento e transferencia de tecnolox\u00eda - IGFAE\",\"isPartOf\":{\"@id\":\"https:\/\/igfae.usc.es\/igfaedb\/#website\"},\"primaryImageOfPage\":{\"@id\":\"https:\/\/igfae.usc.es\/igfaedb\/es\/transferencia-tecnologia-conocimiento\/#primaryimage\"},\"datePublished\":\"2021-12-17T09:06:32+00:00\",\"dateModified\":\"2024-05-24T14:49:56+00:00\",\"breadcrumb\":{\"@id\":\"https:\/\/igfae.usc.es\/igfaedb\/es\/transferencia-tecnologia-conocimiento\/#breadcrumb\"},\"inLanguage\":\"gl-ES\",\"potentialAction\":[{\"@type\":\"ReadAction\",\"target\":[\"https:\/\/igfae.usc.es\/igfaedb\/es\/transferencia-tecnologia-conocimiento\/\"]}]},{\"@type\":\"BreadcrumbList\",\"@id\":\"https:\/\/igfae.usc.es\/igfaedb\/es\/transferencia-tecnologia-conocimiento\/#breadcrumb\",\"itemListElement\":[{\"@type\":\"ListItem\",\"position\":1,\"name\":\"Innovaci\u00f3n, Co\u00f1ecemento e transferencia de tecnolox\u00eda\"}]}]}<\/script>\n<!-- \/ Yoast SEO plugin. -->","yoast_head_json":{"title":"Innovaci\u00f3n, Co\u00f1ecemento e transferencia de tecnolox\u00eda - IGFAE","robots":{"index":"index","follow":"follow","max-snippet":"max-snippet:-1","max-image-preview":"max-image-preview:large","max-video-preview":"max-video-preview:-1"},"canonical":"https:\/\/igfae.usc.es\/igfaedb\/es\/transferencia-tecnologia-conocimiento\/","og_locale":"gl_ES","og_type":"article","og_title":"Innovaci\u00f3n, Co\u00f1ecemento e transferencia de tecnolox\u00eda - IGFAE","og_description":"[vc_row full_width=&#8221;stretch_row&#8221; foundry_padding=&#8221;pt0 pb0&#8243; foundry_parallax=&#8221;not-parallax&#8221; css=&#8221;.vc_custom_1511969745245{background-image: url(https:\/\/igfae.usc.es\/igfaedb\/wp-content\/uploads\/2017\/11\/fondo.jpg?id=122) !important;}&#8221;][vc_column][vc_row_inner][vc_column_inner width=&#8221;5\/12&#8243; css=&#8221;.vc_custom_1511973380091{margin-bottom: 0px !important;padding-bottom: 0px !important;}&#8221;][vc_single_image image=&#8221;10299&#8243; img_size=&#8221;full&#8221;][\/vc_column_inner][vc_column_inner width=&#8221;5\/12&#8243; offset=&#8221;vc_col-lg-offset-1&#8243; css=&#8221;.vc_custom_1634114147355{margin-bottom: 0px !important;padding-top:...","og_url":"https:\/\/igfae.usc.es\/igfaedb\/es\/transferencia-tecnologia-conocimiento\/","og_site_name":"IGFAE","article_modified_time":"2024-05-24T14:49:56+00:00","og_image":[{"width":1920,"height":847,"url":"https:\/\/igfae.usc.es\/igfaedb\/wp-content\/uploads\/2017\/11\/Transicion-azul-Indicadores.png","type":"image\/png"}],"twitter_card":"summary_large_image","twitter_site":"@igfae_hep","twitter_misc":{"Tempo de lectura":"2 minutos"},"schema":{"@context":"https:\/\/schema.org","@graph":[{"@type":"WebSite","@id":"https:\/\/igfae.usc.es\/igfaedb\/#website","url":"https:\/\/igfae.usc.es\/igfaedb\/","name":"IGFAE","description":"Instituto Galego de F\u00edsica de Altas Enerx\u00edas","potentialAction":[{"@type":"SearchAction","target":{"@type":"EntryPoint","urlTemplate":"https:\/\/igfae.usc.es\/igfaedb\/?s={search_term_string}"},"query-input":"required name=search_term_string"}],"inLanguage":"gl-ES"},{"@type":"ImageObject","@id":"https:\/\/igfae.usc.es\/igfaedb\/es\/transferencia-tecnologia-conocimiento\/#primaryimage","inLanguage":"gl-ES","url":"https:\/\/igfae.usc.es\/igfaedb\/wp-content\/uploads\/2017\/11\/Transicion-azul-Indicadores.png","contentUrl":"https:\/\/igfae.usc.es\/igfaedb\/wp-content\/uploads\/2017\/11\/Transicion-azul-Indicadores.png","width":1920,"height":847},{"@type":"WebPage","@id":"https:\/\/igfae.usc.es\/igfaedb\/es\/transferencia-tecnologia-conocimiento\/#webpage","url":"https:\/\/igfae.usc.es\/igfaedb\/es\/transferencia-tecnologia-conocimiento\/","name":"Innovaci\u00f3n, Co\u00f1ecemento e transferencia de tecnolox\u00eda - IGFAE","isPartOf":{"@id":"https:\/\/igfae.usc.es\/igfaedb\/#website"},"primaryImageOfPage":{"@id":"https:\/\/igfae.usc.es\/igfaedb\/es\/transferencia-tecnologia-conocimiento\/#primaryimage"},"datePublished":"2021-12-17T09:06:32+00:00","dateModified":"2024-05-24T14:49:56+00:00","breadcrumb":{"@id":"https:\/\/igfae.usc.es\/igfaedb\/es\/transferencia-tecnologia-conocimiento\/#breadcrumb"},"inLanguage":"gl-ES","potentialAction":[{"@type":"ReadAction","target":["https:\/\/igfae.usc.es\/igfaedb\/es\/transferencia-tecnologia-conocimiento\/"]}]},{"@type":"BreadcrumbList","@id":"https:\/\/igfae.usc.es\/igfaedb\/es\/transferencia-tecnologia-conocimiento\/#breadcrumb","itemListElement":[{"@type":"ListItem","position":1,"name":"Innovaci\u00f3n, Co\u00f1ecemento e transferencia de tecnolox\u00eda"}]}]}},"_links":{"self":[{"href":"https:\/\/igfae.usc.es\/igfaedb\/gl\/wp-json\/wp\/v2\/pages\/10307"}],"collection":[{"href":"https:\/\/igfae.usc.es\/igfaedb\/gl\/wp-json\/wp\/v2\/pages"}],"about":[{"href":"https:\/\/igfae.usc.es\/igfaedb\/gl\/wp-json\/wp\/v2\/types\/page"}],"author":[{"embeddable":true,"href":"https:\/\/igfae.usc.es\/igfaedb\/gl\/wp-json\/wp\/v2\/users\/21"}],"replies":[{"embeddable":true,"href":"https:\/\/igfae.usc.es\/igfaedb\/gl\/wp-json\/wp\/v2\/comments?post=10307"}],"version-history":[{"count":13,"href":"https:\/\/igfae.usc.es\/igfaedb\/gl\/wp-json\/wp\/v2\/pages\/10307\/revisions"}],"predecessor-version":[{"id":15571,"href":"https:\/\/igfae.usc.es\/igfaedb\/gl\/wp-json\/wp\/v2\/pages\/10307\/revisions\/15571"}],"wp:featuredmedia":[{"embeddable":true,"href":"https:\/\/igfae.usc.es\/igfaedb\/gl\/wp-json\/wp\/v2\/media\/1977"}],"wp:attachment":[{"href":"https:\/\/igfae.usc.es\/igfaedb\/gl\/wp-json\/wp\/v2\/media?parent=10307"}],"curies":[{"name":"wp","href":"https:\/\/api.w.org\/{rel}","templated":true}]}}