



{"id":4311,"date":"2019-09-13T09:49:44","date_gmt":"2019-09-13T07:49:44","guid":{"rendered":"https:\/\/igfae.usc.es\/centrosingular\/?page_id=4311"},"modified":"2024-04-02T10:10:30","modified_gmt":"2024-04-02T08:10:30","slug":"mariademaeztu-2","status":"publish","type":"page","link":"https:\/\/igfae.usc.es\/igfaedb\/es\/mariademaeztu-2\/","title":{"rendered":"Unidad de Excelencia Mar\u00eda de Maeztu"},"content":{"rendered":"<p>[vc_row full_width=\u00bbstretch_row\u00bb foundry_padding=\u00bbpt0 pb0&#8243; foundry_parallax=\u00bbnot-parallax\u00bb css=\u00bb.vc_custom_1511969745245{background-image: url(https:\/\/igfae.usc.es\/igfaedb\/wp-content\/uploads\/2017\/11\/fondo.jpg?id=122) !important;}\u00bb][vc_column][vc_row_inner][vc_column_inner width=\u00bb5\/12&#8243; css=\u00bb.vc_custom_1571782591738{margin-bottom: 0px !important;padding-top: 75px !important;padding-bottom: 0px !important;padding-left: 300px !important;}\u00bb][vc_single_image image=\u00bb4503&#8243; img_size=\u00bblarge\u00bb][\/vc_column_inner][vc_column_inner width=\u00bb5\/12&#8243; offset=\u00bbvc_col-lg-offset-1&#8243; css=\u00bb.vc_custom_1536316203759{margin-bottom: 0px !important;padding-top: 60px !important;padding-bottom: 0px !important;}\u00bb][vc_column_text css=\u00bb.vc_custom_1712045428349{margin-top: 0px !important;padding-top: 0px !important;}\u00bb]<\/p>\n<p class=\"lead\">En 2016, el IGFAE fue acreditado Unidad de Excelencia \u00abMar\u00eda de Maeztu\u00bb, integrando la alianza de centros Severo Ochoa y Mar\u00eda de Maeztu <a href=\"https:\/\/www.somma.es\/\">(SOMMa)<\/a>. Este programa del Ministerio de Ciencia, Innovaci\u00f3n y Universidades identifica y promueve la excelencia en centros punteros de investigaci\u00f3n, y los apoya a mejorar su impacto, liderazgo internacional y competitividad.<\/p>\n<p class=\"lead\">La acreditaci\u00f3n Mar\u00eda de Maeztu se conforma como una gran oportunidad para impulsar el rendimiento cient\u00edfico del IGFAE en la b\u00fasqueda de algunas de las preguntas m\u00e1s fundamentales en F\u00edsica. La ayuda, comprendida en 2 millones de euros, tiene una duraci\u00f3n de 4 a\u00f1os (renovables tras una evaluaci\u00f3n) y permite acceder a convocatorias de financiaci\u00f3n espec\u00edfica, tanto para recursos humanos como para apoyo a infraestructuras.<\/p>\n<p class=\"lead\"><a href=\"https:\/\/igfae.usc.es\/igfaedb\/es\/el-igfae-acreditado-como-unidad-de-excelencia-maria-de-maeztu\/\" target=\"_blank\" rel=\"noopener\">En marzo de 2024, el IGFAE obtuvo por segunda vez el sello como Unidad de Excelencia Mar\u00eda de Maeztu<\/a>. La distinci\u00f3n permitir\u00e1 desarrollar el proyecto estrat\u00e9gico del Instituto durante los pr\u00f3ximos a\u00f1os, y continuar con la evoluci\u00f3n iniciada durante el anterior per\u00edodo de acreditaci\u00f3n. El IGFAE es, hasta el momento, el \u00fanico centro gallego en recibir este reconocimiento de excelencia.<\/p>\n<p>[\/vc_column_text][\/vc_column_inner][\/vc_row_inner][\/vc_column][\/vc_row][vc_row foundry_background_style=\u00bbbg-secondary\u00bb foundry_padding=\u00bbpt64 pb64&#8243; css=\u00bb.vc_custom_1511973566439{border-top-width: 5px !important;border-top-color: #055dbe !important;border-top-style: solid !important;}\u00bb][vc_column][vc_column_text]<\/p>\n<h3><span style=\"color: #055dbe;\"><strong>El <a href=\"https:\/\/igfae.usc.es\/igfaedb\/wp-content\/uploads\/2019\/10\/8IGFAE_PlanAccion_2017.pdf\">proyecto estrat\u00e9gico<\/a> de investigaci\u00f3n se basa en los siguientes objetivos:<\/strong><\/span><\/h3>\n<p>[\/vc_column_text][vc_row_inner][vc_column_inner width=\u00bb1\/2&#8243; offset=\u00bbvc_col-lg-offset-0&#8243;][vc_column_text css=\u00bb.vc_custom_1571063944377{border-left-width: 25px !important;padding-left: 10px !important;border-left-color: #055dbe !important;border-left-style: solid !important;}\u00bb]<\/p>\n<h4>Mejorar el rendimiento cient\u00edfico<\/h4>\n<p>[\/vc_column_text][vc_column_text css=\u00bb.vc_custom_1571063956557{border-left-width: 25px !important;padding-left: 10px !important;border-left-color: #055dbe !important;border-left-style: solid !important;}\u00bb]<\/p>\n<h4 style=\"text-align: left;\">Explorar posibles sinergias entre los grupos del IGFAE y con otros equipos de investigaci\u00f3n<\/h4>\n<p>[\/vc_column_text][vc_column_text css=\u00bb.vc_custom_1571063966701{border-left-width: 25px !important;padding-left: 10px !important;border-left-color: #055dbe !important;border-left-style: solid !important;}\u00bb]<\/p>\n<h4>Aumentar la eficiencia de las instalaciones de investigaci\u00f3n y las capacidades tecnol\u00f3gicas.<\/h4>\n<p>[\/vc_column_text][\/vc_column_inner][vc_column_inner width=\u00bb1\/2&#8243;][vc_column_text css=\u00bb.vc_custom_1571063976166{border-left-width: 25px !important;padding-left: 10px !important;border-left-color: #055dbe !important;border-left-style: solid !important;}\u00bb]<\/p>\n<h4>Crear una estrategia de Investigaci\u00f3n e Innovaci\u00f3n Responsable (RRI).<\/h4>\n<p>[\/vc_column_text][vc_column_text css=\u00bb.vc_custom_1571063983622{border-left-width: 25px !important;padding-left: 10px !important;border-left-color: #055dbe !important;border-left-style: solid !important;}\u00bb]<\/p>\n<h4>Adaptar la gesti\u00f3n a las mejores pr\u00e1cticas internacionales.<\/h4>\n<p>[\/vc_column_text][\/vc_column_inner][\/vc_row_inner][\/vc_column][\/vc_row]<\/p>\n","protected":false},"excerpt":{"rendered":"<p>[vc_row full_width=\u00bbstretch_row\u00bb foundry_padding=\u00bbpt0 pb0&#8243; foundry_parallax=\u00bbnot-parallax\u00bb css=\u00bb.vc_custom_1511969745245{background-image: url(https:\/\/igfae.usc.es\/igfaedb\/wp-content\/uploads\/2017\/11\/fondo.jpg?id=122) !important;}\u00bb][vc_column][vc_row_inner][vc_column_inner width=\u00bb5\/12&#8243; css=\u00bb.vc_custom_1571782591738{margin-bottom: 0px !important;padding-top: 75px !important;padding-bottom: 0px !important;padding-left: 300px !important;}\u00bb][vc_single_image image=\u00bb4503&#8243; img_size=\u00bblarge\u00bb][\/vc_column_inner][vc_column_inner width=\u00bb5\/12&#8243;&#8230;<\/p>\n","protected":false},"author":21,"featured_media":1892,"parent":0,"menu_order":0,"comment_status":"closed","ping_status":"closed","template":"","meta":{"om_disable_all_campaigns":false,"_monsterinsights_skip_tracking":false,"_monsterinsights_sitenote_active":false,"_monsterinsights_sitenote_note":"","_monsterinsights_sitenote_category":0},"aioseo_notices":[],"yoast_head":"<!-- This site is optimized with the Yoast SEO plugin v18.4.1 - https:\/\/yoast.com\/wordpress\/plugins\/seo\/ -->\n<title>Unidad de Excelencia Mar\u00eda de Maeztu - IGFAE<\/title>\n<meta name=\"robots\" content=\"index, follow, max-snippet:-1, max-image-preview:large, max-video-preview:-1\" \/>\n<link rel=\"canonical\" href=\"https:\/\/igfae.usc.es\/igfaedb\/mariademaeztu\/\" \/>\n<meta property=\"og:locale\" content=\"es_ES\" \/>\n<meta property=\"og:type\" content=\"article\" \/>\n<meta property=\"og:title\" content=\"Unidad de Excelencia Mar\u00eda de Maeztu - IGFAE\" \/>\n<meta property=\"og:description\" content=\"[vc_row full_width=\u00bbstretch_row\u00bb foundry_padding=\u00bbpt0 pb0&#8243; foundry_parallax=\u00bbnot-parallax\u00bb css=\u00bb.vc_custom_1511969745245{background-image: url(https:\/\/igfae.usc.es\/igfaedb\/wp-content\/uploads\/2017\/11\/fondo.jpg?id=122) !important;}\u00bb][vc_column][vc_row_inner][vc_column_inner width=\u00bb5\/12&#8243; css=\u00bb.vc_custom_1571782591738{margin-bottom: 0px !important;padding-top: 75px !important;padding-bottom: 0px !important;padding-left: 300px !important;}\u00bb][vc_single_image image=\u00bb4503&#8243; img_size=\u00bblarge\u00bb][\/vc_column_inner][vc_column_inner width=\u00bb5\/12&#8243;...\" \/>\n<meta property=\"og:url\" content=\"https:\/\/igfae.usc.es\/igfaedb\/mariademaeztu\/\" \/>\n<meta property=\"og:site_name\" content=\"IGFAE\" \/>\n<meta property=\"article:modified_time\" content=\"2024-04-02T08:10:30+00:00\" \/>\n<meta property=\"og:image\" content=\"https:\/\/igfae.usc.es\/igfaedb\/wp-content\/uploads\/2017\/11\/Transicion-azul-Indicadores.png\" \/>\n\t<meta property=\"og:image:width\" content=\"1920\" \/>\n\t<meta property=\"og:image:height\" content=\"847\" \/>\n\t<meta property=\"og:image:type\" content=\"image\/png\" \/>\n<meta name=\"twitter:card\" content=\"summary_large_image\" \/>\n<meta name=\"twitter:site\" content=\"@igfae_hep\" \/>\n<meta name=\"twitter:label1\" content=\"Tiempo de lectura\" \/>\n\t<meta name=\"twitter:data1\" content=\"3 minutos\" \/>\n<script type=\"application\/ld+json\" class=\"yoast-schema-graph\">{\"@context\":\"https:\/\/schema.org\",\"@graph\":[{\"@type\":\"WebSite\",\"@id\":\"https:\/\/igfae.usc.es\/igfaedb\/#website\",\"url\":\"https:\/\/igfae.usc.es\/igfaedb\/\",\"name\":\"IGFAE\",\"description\":\"Instituto Galego de F\u00edsica de Altas Enerx\u00edas\",\"potentialAction\":[{\"@type\":\"SearchAction\",\"target\":{\"@type\":\"EntryPoint\",\"urlTemplate\":\"https:\/\/igfae.usc.es\/igfaedb\/?s={search_term_string}\"},\"query-input\":\"required name=search_term_string\"}],\"inLanguage\":\"es\"},{\"@type\":\"ImageObject\",\"@id\":\"https:\/\/igfae.usc.es\/igfaedb\/mariademaeztu\/#primaryimage\",\"inLanguage\":\"es\",\"url\":\"https:\/\/igfae.usc.es\/igfaedb\/wp-content\/uploads\/2017\/11\/Transicion-azul-Indicadores.png\",\"contentUrl\":\"https:\/\/igfae.usc.es\/igfaedb\/wp-content\/uploads\/2017\/11\/Transicion-azul-Indicadores.png\",\"width\":1920,\"height\":847},{\"@type\":\"WebPage\",\"@id\":\"https:\/\/igfae.usc.es\/igfaedb\/mariademaeztu\/#webpage\",\"url\":\"https:\/\/igfae.usc.es\/igfaedb\/mariademaeztu\/\",\"name\":\"Unidad de Excelencia Mar\u00eda de Maeztu - IGFAE\",\"isPartOf\":{\"@id\":\"https:\/\/igfae.usc.es\/igfaedb\/#website\"},\"primaryImageOfPage\":{\"@id\":\"https:\/\/igfae.usc.es\/igfaedb\/mariademaeztu\/#primaryimage\"},\"datePublished\":\"2019-09-13T07:49:44+00:00\",\"dateModified\":\"2024-04-02T08:10:30+00:00\",\"breadcrumb\":{\"@id\":\"https:\/\/igfae.usc.es\/igfaedb\/mariademaeztu\/#breadcrumb\"},\"inLanguage\":\"es\",\"potentialAction\":[{\"@type\":\"ReadAction\",\"target\":[\"https:\/\/igfae.usc.es\/igfaedb\/mariademaeztu\/\"]}]},{\"@type\":\"BreadcrumbList\",\"@id\":\"https:\/\/igfae.usc.es\/igfaedb\/mariademaeztu\/#breadcrumb\",\"itemListElement\":[{\"@type\":\"ListItem\",\"position\":1,\"name\":\"Unidad de Excelencia Mar\u00eda de Maeztu\"}]}]}<\/script>\n<!-- \/ Yoast SEO plugin. -->","yoast_head_json":{"title":"Unidad de Excelencia Mar\u00eda de Maeztu - IGFAE","robots":{"index":"index","follow":"follow","max-snippet":"max-snippet:-1","max-image-preview":"max-image-preview:large","max-video-preview":"max-video-preview:-1"},"canonical":"https:\/\/igfae.usc.es\/igfaedb\/mariademaeztu\/","og_locale":"es_ES","og_type":"article","og_title":"Unidad de Excelencia Mar\u00eda de Maeztu - IGFAE","og_description":"[vc_row full_width=\u00bbstretch_row\u00bb foundry_padding=\u00bbpt0 pb0&#8243; foundry_parallax=\u00bbnot-parallax\u00bb css=\u00bb.vc_custom_1511969745245{background-image: url(https:\/\/igfae.usc.es\/igfaedb\/wp-content\/uploads\/2017\/11\/fondo.jpg?id=122) !important;}\u00bb][vc_column][vc_row_inner][vc_column_inner width=\u00bb5\/12&#8243; css=\u00bb.vc_custom_1571782591738{margin-bottom: 0px !important;padding-top: 75px !important;padding-bottom: 0px !important;padding-left: 300px !important;}\u00bb][vc_single_image image=\u00bb4503&#8243; img_size=\u00bblarge\u00bb][\/vc_column_inner][vc_column_inner width=\u00bb5\/12&#8243;...","og_url":"https:\/\/igfae.usc.es\/igfaedb\/mariademaeztu\/","og_site_name":"IGFAE","article_modified_time":"2024-04-02T08:10:30+00:00","og_image":[{"width":1920,"height":847,"url":"https:\/\/igfae.usc.es\/igfaedb\/wp-content\/uploads\/2017\/11\/Transicion-azul-Indicadores.png","type":"image\/png"}],"twitter_card":"summary_large_image","twitter_site":"@igfae_hep","twitter_misc":{"Tiempo de lectura":"3 minutos"},"schema":{"@context":"https:\/\/schema.org","@graph":[{"@type":"WebSite","@id":"https:\/\/igfae.usc.es\/igfaedb\/#website","url":"https:\/\/igfae.usc.es\/igfaedb\/","name":"IGFAE","description":"Instituto Galego de F\u00edsica de Altas Enerx\u00edas","potentialAction":[{"@type":"SearchAction","target":{"@type":"EntryPoint","urlTemplate":"https:\/\/igfae.usc.es\/igfaedb\/?s={search_term_string}"},"query-input":"required name=search_term_string"}],"inLanguage":"es"},{"@type":"ImageObject","@id":"https:\/\/igfae.usc.es\/igfaedb\/mariademaeztu\/#primaryimage","inLanguage":"es","url":"https:\/\/igfae.usc.es\/igfaedb\/wp-content\/uploads\/2017\/11\/Transicion-azul-Indicadores.png","contentUrl":"https:\/\/igfae.usc.es\/igfaedb\/wp-content\/uploads\/2017\/11\/Transicion-azul-Indicadores.png","width":1920,"height":847},{"@type":"WebPage","@id":"https:\/\/igfae.usc.es\/igfaedb\/mariademaeztu\/#webpage","url":"https:\/\/igfae.usc.es\/igfaedb\/mariademaeztu\/","name":"Unidad de Excelencia Mar\u00eda de Maeztu - IGFAE","isPartOf":{"@id":"https:\/\/igfae.usc.es\/igfaedb\/#website"},"primaryImageOfPage":{"@id":"https:\/\/igfae.usc.es\/igfaedb\/mariademaeztu\/#primaryimage"},"datePublished":"2019-09-13T07:49:44+00:00","dateModified":"2024-04-02T08:10:30+00:00","breadcrumb":{"@id":"https:\/\/igfae.usc.es\/igfaedb\/mariademaeztu\/#breadcrumb"},"inLanguage":"es","potentialAction":[{"@type":"ReadAction","target":["https:\/\/igfae.usc.es\/igfaedb\/mariademaeztu\/"]}]},{"@type":"BreadcrumbList","@id":"https:\/\/igfae.usc.es\/igfaedb\/mariademaeztu\/#breadcrumb","itemListElement":[{"@type":"ListItem","position":1,"name":"Unidad de Excelencia Mar\u00eda de Maeztu"}]}]}},"_links":{"self":[{"href":"https:\/\/igfae.usc.es\/igfaedb\/es\/wp-json\/wp\/v2\/pages\/4311"}],"collection":[{"href":"https:\/\/igfae.usc.es\/igfaedb\/es\/wp-json\/wp\/v2\/pages"}],"about":[{"href":"https:\/\/igfae.usc.es\/igfaedb\/es\/wp-json\/wp\/v2\/types\/page"}],"author":[{"embeddable":true,"href":"https:\/\/igfae.usc.es\/igfaedb\/es\/wp-json\/wp\/v2\/users\/21"}],"replies":[{"embeddable":true,"href":"https:\/\/igfae.usc.es\/igfaedb\/es\/wp-json\/wp\/v2\/comments?post=4311"}],"version-history":[{"count":13,"href":"https:\/\/igfae.usc.es\/igfaedb\/es\/wp-json\/wp\/v2\/pages\/4311\/revisions"}],"predecessor-version":[{"id":15364,"href":"https:\/\/igfae.usc.es\/igfaedb\/es\/wp-json\/wp\/v2\/pages\/4311\/revisions\/15364"}],"wp:featuredmedia":[{"embeddable":true,"href":"https:\/\/igfae.usc.es\/igfaedb\/es\/wp-json\/wp\/v2\/media\/1892"}],"wp:attachment":[{"href":"https:\/\/igfae.usc.es\/igfaedb\/es\/wp-json\/wp\/v2\/media?parent=4311"}],"curies":[{"name":"wp","href":"https:\/\/api.w.org\/{rel}","templated":true}]}}