



{"id":2119,"date":"2017-11-30T10:45:18","date_gmt":"2017-11-30T10:45:18","guid":{"rendered":"https:\/\/igfae.usc.es\/centrosingular\/research-areas\/"},"modified":"2023-06-12T11:08:37","modified_gmt":"2023-06-12T09:08:37","slug":"investigacion","status":"publish","type":"page","link":"https:\/\/igfae.usc.es\/igfaedb\/es\/investigacion\/","title":{"rendered":"Investigaci\u00f3n"},"content":{"rendered":"<p>[vc_row foundry_padding=\u00bbpt64 pb64&#8243; css=\u00bb.vc_custom_1571158772211{border-right-width: 0px !important;border-bottom-width: 0px !important;border-left-width: 0px !important;}\u00bb][vc_column][vc_row_inner content_placement=\u00bbtop\u00bb css=\u00bb.vc_custom_1571158857854{background-image: url(https:\/\/igfae.usc.es\/igfaedb\/wp-content\/uploads\/2017\/11\/fondo.jpg?id=122) !important;}\u00bb][vc_column_inner][vc_column_text css=\u00bb.vc_custom_1571160492084{margin-bottom: -8px !important;padding-right: 25px !important;padding-left: 25px !important;}\u00bb]<\/p>\n<h4 style=\"text-align: center;\"><strong>\u00c1REAS ESTRAT\u00c9GICAS DE INVESTIGACI\u00d3N<\/strong><\/h4>\n<hr \/>\n<p class=\"lead\" style=\"text-align: center;\">La investigaci\u00f3n cient\u00edfica del Instituto se organiza en torno a tres \u00c1reas Estrat\u00e9gicas (SA) que son la base de la planificaci\u00f3n. Recientemente se ha creado una l\u00ednea transversal para debatir la estrategia a seguir ante nuevas oportunidades en instalaciones internacionales. Adem\u00e1s, la actividad IGFAE se divide en una secci\u00f3n experimental y una te\u00f3rica.<\/p>\n<p>[\/vc_column_text][\/vc_column_inner][\/vc_row_inner][vc_row_inner content_placement=\u00bbtop\u00bb css=\u00bb.vc_custom_1571158829466{padding-top: 15px !important;background-image: url(https:\/\/igfae.usc.es\/igfaedb\/wp-content\/uploads\/2017\/11\/fondo.jpg?id=122) !important;}\u00bb][vc_column_inner el_class=\u00bbcuadro-areas\u00bb width=\u00bb1\/3&#8243;][vc_single_image image=\u00bb126&#8243; img_size=\u00bb120&#215;120&#8243; alignment=\u00bbcenter\u00bb onclick=\u00bbcustom_link\u00bb link=\u00bbhttps:\/\/igfae.usc.es\/igfaedb\/research\/the-standard-model-to-the-limits\/\u00bb][vc_column_text css=\u00bb.vc_custom_1571161011926{margin-bottom: -8px !important;padding-right: 25px !important;padding-left: 25px !important;}\u00bb]<\/p>\n<h5><a href=\"https:\/\/igfae.usc.es\/igfaedb\/es\/investigacion\/el-modelo-estandar-hasta-sus-ultimas-consecuencias\/\">EL MODELO EST\u00c1NDAR<br \/>\nHASTA LOS L\u00cdMITES<\/a><\/h5>\n<p>[\/vc_column_text][\/vc_column_inner][vc_column_inner el_class=\u00bbcuadro-areas\u00bb width=\u00bb1\/3&#8243;][vc_single_image image=\u00bb127&#8243; img_size=\u00bb120&#215;120&#8243; alignment=\u00bbcenter\u00bb onclick=\u00bbcustom_link\u00bb link=\u00bbhttps:\/\/igfae.usc.es\/igfaedb\/research\/cosmic-particles-and-fundamental-physics\/\u00bb][vc_column_text css=\u00bb.vc_custom_1571161049851{margin-bottom: -8px !important;padding-right: 25px !important;padding-left: 25px !important;}\u00bb]<\/p>\n<h5><a href=\"https:\/\/igfae.usc.es\/igfaedb\/es\/investigacion\/particulas-cosmicas-y-fisica-fundamental\/\">PART\u00cdCULAS C\u00d3SMICAS Y<\/a><br \/>\n<a href=\"https:\/\/igfae.usc.es\/igfaedb\/es\/investigacion\/particulas-cosmicas-y-fisica-fundamental\/\">F\u00cdSICA FUNDAMENTAL<\/a><\/h5>\n<p>[\/vc_column_text][\/vc_column_inner][vc_column_inner el_class=\u00bbcuadro-areas\u00bb width=\u00bb1\/3&#8243;][vc_single_image image=\u00bb128&#8243; img_size=\u00bb120&#215;120&#8243; alignment=\u00bbcenter\u00bb onclick=\u00bbcustom_link\u00bb link=\u00bbhttps:\/\/igfae.usc.es\/igfaedb\/research\/nuclear-physics-from-the-lab-to-improve-peoples-health\/\u00bb][vc_column_text css=\u00bb.vc_custom_1571161079201{margin-bottom: -8px !important;padding-right: 25px !important;padding-left: 25px !important;}\u00bb]<\/p>\n<h5><a href=\"https:\/\/igfae.usc.es\/igfaedb\/es\/investigacion\/fisica-nuclear-desde-el-laboratorio-para-mejorar-la-salud-de-las-personas\/\">F\u00cdSICA NUCLEAR DESDE EL LABORATORIO PARA MEJORAR LA SALUD DE LAS PERSONAS<\/a><\/h5>\n<p>[\/vc_column_text][\/vc_column_inner][\/vc_row_inner][vc_row_inner content_placement=\u00bbtop\u00bb css=\u00bb.vc_custom_1571158857854{background-image: url(https:\/\/igfae.usc.es\/igfaedb\/wp-content\/uploads\/2017\/11\/fondo.jpg?id=122) !important;}\u00bb][vc_column_inner css=\u00bb.vc_custom_1571158693302{border-top-width: 5px !important;border-top-color: #022675 !important;border-top-style: solid !important;}\u00bb][vc_column_text css=\u00bb.vc_custom_1686560888142{margin-bottom: -8px !important;padding-right: 25px !important;padding-left: 25px !important;}\u00bb]<\/p>\n<h5 style=\"text-align: center;\"><strong>ESTRATEGIAS PARA NUEVAS INSTALACIONES<\/strong><\/h5>\n<p class=\"lead\" style=\"text-align: center;\">El instituto necesita evaluar continuamente el estado de las instalaciones internacionales, como el Gran Colisionador de Hadrones y Electrones (LHeC), el Colisionador Lineal Internacional (ILC) y FAIR, buscando nuevas oportunidades f\u00edsicas y tomando decisiones estrat\u00e9gicas. Esta l\u00ednea horizontal tiene como objetivo proporcionar las bases del debate para decidir la estrategia para estas nuevas oportunidades.<\/p>\n<p>[\/vc_column_text][\/vc_column_inner][\/vc_row_inner][vc_row_inner content_placement=\u00bbtop\u00bb css=\u00bb.vc_custom_1571158857854{background-image: url(https:\/\/igfae.usc.es\/igfaedb\/wp-content\/uploads\/2017\/11\/fondo.jpg?id=122) !important;}\u00bb][vc_column_inner css=\u00bb.vc_custom_1571159825263{border-top-width: 5px !important;border-top-color: #022675 !important;border-top-style: solid !important;}\u00bb][vc_column_text css=\u00bb.vc_custom_1571912736793{margin-bottom: -8px !important;padding-right: 25px !important;padding-left: 25px !important;}\u00bb]<\/p>\n<h5 style=\"text-align: center;\"><a href=\"https:\/\/igfae.usc.es\/igfaedb\/es\/teoria\/\"><strong>TEOR\u00cdA<\/strong><\/a><\/h5>\n<p class=\"lead\" style=\"text-align: left;\">La f\u00edsica te\u00f3rica, que traduce el comportamiento de la naturaleza en un lenguaje matem\u00e1tico, es una de las actividades m\u00e1s fascinantes inventadas por la humanidad. Alrededor de la mitad de los miembros de IGFAE se dedican a la f\u00edsica te\u00f3rica.<\/p>\n<p>[\/vc_column_text][\/vc_column_inner][\/vc_row_inner][vc_row_inner content_placement=\u00bbtop\u00bb css=\u00bb.vc_custom_1571158857854{background-image: url(https:\/\/igfae.usc.es\/igfaedb\/wp-content\/uploads\/2017\/11\/fondo.jpg?id=122) !important;}\u00bb][vc_column_inner css=\u00bb.vc_custom_1571158693302{border-top-width: 5px !important;border-top-color: #022675 !important;border-top-style: solid !important;}\u00bb][vc_column_text css=\u00bb.vc_custom_1571163620178{margin-bottom: -8px !important;padding-right: 25px !important;padding-left: 25px !important;}\u00bb]<\/p>\n<h5 style=\"text-align: center;\"><a href=\"https:\/\/igfae.usc.es\/igfaedb\/es\/experimentos\/\"><strong>EXPERIMENTOS<\/strong><\/a><\/h5>\n<p class=\"lead\" style=\"text-align: center;\">Desde su fundaci\u00f3n, EL IGFAE participa en las principales instalaciones internacionales y contin\u00faa colaborando en los experimentos m\u00e1s avanzados del mundo.<\/p>\n<p>\n<table id=\"tablepress-10\" class=\"tablepress tablepress-id-10\">\n<tbody>\n<tr class=\"row-1\">\n\t<td class=\"column-1\"><a href=\"https:\/\/igfae.usc.es\/igfaedb\/experiments\/lhcb\/\">LHCb<\/a><\/td><td class=\"column-2\"><a href=\"https:\/\/igfae.usc.es\/igfaedb\/experiments\/auger\/\">Pierre Auger Observatory<\/a><\/td><td class=\"column-3\"><a href=\"https:\/\/igfae.usc.es\/igfaedb\/experiments\/next\/\">NEXT<\/a><\/td><td class=\"column-4\"><a href=\"https:\/\/igfae.usc.es\/igfaedb\/experiments\/ganil-actar-tpc\/\">GANIL - ACTAR TPC<\/a><\/td><td class=\"column-5\"><a href=\"https:\/\/igfae.usc.es\/igfaedb\/experiments\/fair-r3b\/\">FAIR - R3B<\/a><\/td><td class=\"column-6\"><a href=\"https:\/\/igfae.usc.es\/igfaedb\/experiments\/laserpet\/\">LaserPET<\/a><\/td><td class=\"column-7\"><a href=\"https:\/\/igfae.usc.es\/igfaedb\/experiments\/ligo\/\">LIGO<\/a><\/td>\n<\/tr>\n<\/tbody>\n<\/table>\n<!-- #tablepress-10 from cache -->[\/vc_column_text][\/vc_column_inner][\/vc_row_inner][\/vc_column][\/vc_row]<\/p>\n","protected":false},"excerpt":{"rendered":"<p>[vc_row foundry_padding=\u00bbpt64 pb64&#8243; css=\u00bb.vc_custom_1571158772211{border-right-width: 0px !important;border-bottom-width: 0px !important;border-left-width: 0px !important;}\u00bb][vc_column][vc_row_inner content_placement=\u00bbtop\u00bb css=\u00bb.vc_custom_1571158857854{background-image: url(https:\/\/igfae.usc.es\/igfaedb\/wp-content\/uploads\/2017\/11\/fondo.jpg?id=122) !important;}\u00bb][vc_column_inner][vc_column_text css=\u00bb.vc_custom_1571160492084{margin-bottom: -8px !important;padding-right: 25px !important;padding-left: 25px !important;}\u00bb]&#8230;<\/p>\n","protected":false},"author":1,"featured_media":1892,"parent":0,"menu_order":0,"comment_status":"closed","ping_status":"closed","template":"","meta":{"om_disable_all_campaigns":false,"_monsterinsights_skip_tracking":false,"_monsterinsights_sitenote_active":false,"_monsterinsights_sitenote_note":"","_monsterinsights_sitenote_category":0},"aioseo_notices":[],"yoast_head":"<!-- This site is optimized with the Yoast SEO plugin v18.4.1 - https:\/\/yoast.com\/wordpress\/plugins\/seo\/ -->\n<title>Investigaci\u00f3n - IGFAE<\/title>\n<meta name=\"robots\" content=\"index, follow, max-snippet:-1, max-image-preview:large, max-video-preview:-1\" \/>\n<link rel=\"canonical\" href=\"https:\/\/igfae.usc.es\/igfaedb\/es\/investigacion\/\" \/>\n<meta property=\"og:locale\" content=\"es_ES\" \/>\n<meta property=\"og:type\" content=\"article\" \/>\n<meta property=\"og:title\" content=\"Investigaci\u00f3n - IGFAE\" \/>\n<meta property=\"og:description\" content=\"[vc_row foundry_padding=\u00bbpt64 pb64&#8243; css=\u00bb.vc_custom_1571158772211{border-right-width: 0px !important;border-bottom-width: 0px !important;border-left-width: 0px !important;}\u00bb][vc_column][vc_row_inner content_placement=\u00bbtop\u00bb css=\u00bb.vc_custom_1571158857854{background-image: url(https:\/\/igfae.usc.es\/igfaedb\/wp-content\/uploads\/2017\/11\/fondo.jpg?id=122) !important;}\u00bb][vc_column_inner][vc_column_text css=\u00bb.vc_custom_1571160492084{margin-bottom: -8px !important;padding-right: 25px !important;padding-left: 25px !important;}\u00bb]...\" \/>\n<meta property=\"og:url\" content=\"https:\/\/igfae.usc.es\/igfaedb\/es\/investigacion\/\" \/>\n<meta property=\"og:site_name\" content=\"IGFAE\" \/>\n<meta property=\"article:modified_time\" content=\"2023-06-12T09:08:37+00:00\" \/>\n<meta property=\"og:image\" content=\"https:\/\/igfae.usc.es\/igfaedb\/wp-content\/uploads\/2017\/11\/Transicion-azul-Indicadores.png\" \/>\n\t<meta property=\"og:image:width\" content=\"1920\" \/>\n\t<meta property=\"og:image:height\" content=\"847\" \/>\n\t<meta property=\"og:image:type\" content=\"image\/png\" \/>\n<meta name=\"twitter:card\" content=\"summary_large_image\" \/>\n<meta name=\"twitter:site\" content=\"@igfae_hep\" \/>\n<meta name=\"twitter:label1\" content=\"Tiempo de lectura\" \/>\n\t<meta name=\"twitter:data1\" content=\"3 minutos\" \/>\n<script type=\"application\/ld+json\" class=\"yoast-schema-graph\">{\"@context\":\"https:\/\/schema.org\",\"@graph\":[{\"@type\":\"WebSite\",\"@id\":\"https:\/\/igfae.usc.es\/igfaedb\/#website\",\"url\":\"https:\/\/igfae.usc.es\/igfaedb\/\",\"name\":\"IGFAE\",\"description\":\"Instituto Galego de F\u00edsica de Altas Enerx\u00edas\",\"potentialAction\":[{\"@type\":\"SearchAction\",\"target\":{\"@type\":\"EntryPoint\",\"urlTemplate\":\"https:\/\/igfae.usc.es\/igfaedb\/?s={search_term_string}\"},\"query-input\":\"required name=search_term_string\"}],\"inLanguage\":\"es\"},{\"@type\":\"ImageObject\",\"@id\":\"https:\/\/igfae.usc.es\/igfaedb\/es\/investigacion\/#primaryimage\",\"inLanguage\":\"es\",\"url\":\"https:\/\/igfae.usc.es\/igfaedb\/wp-content\/uploads\/2017\/11\/Transicion-azul-Indicadores.png\",\"contentUrl\":\"https:\/\/igfae.usc.es\/igfaedb\/wp-content\/uploads\/2017\/11\/Transicion-azul-Indicadores.png\",\"width\":1920,\"height\":847},{\"@type\":\"WebPage\",\"@id\":\"https:\/\/igfae.usc.es\/igfaedb\/es\/investigacion\/#webpage\",\"url\":\"https:\/\/igfae.usc.es\/igfaedb\/es\/investigacion\/\",\"name\":\"Investigaci\u00f3n - IGFAE\",\"isPartOf\":{\"@id\":\"https:\/\/igfae.usc.es\/igfaedb\/#website\"},\"primaryImageOfPage\":{\"@id\":\"https:\/\/igfae.usc.es\/igfaedb\/es\/investigacion\/#primaryimage\"},\"datePublished\":\"2017-11-30T10:45:18+00:00\",\"dateModified\":\"2023-06-12T09:08:37+00:00\",\"breadcrumb\":{\"@id\":\"https:\/\/igfae.usc.es\/igfaedb\/es\/investigacion\/#breadcrumb\"},\"inLanguage\":\"es\",\"potentialAction\":[{\"@type\":\"ReadAction\",\"target\":[\"https:\/\/igfae.usc.es\/igfaedb\/es\/investigacion\/\"]}]},{\"@type\":\"BreadcrumbList\",\"@id\":\"https:\/\/igfae.usc.es\/igfaedb\/es\/investigacion\/#breadcrumb\",\"itemListElement\":[{\"@type\":\"ListItem\",\"position\":1,\"name\":\"Investigaci\u00f3n\"}]}]}<\/script>\n<!-- \/ Yoast SEO plugin. -->","yoast_head_json":{"title":"Investigaci\u00f3n - IGFAE","robots":{"index":"index","follow":"follow","max-snippet":"max-snippet:-1","max-image-preview":"max-image-preview:large","max-video-preview":"max-video-preview:-1"},"canonical":"https:\/\/igfae.usc.es\/igfaedb\/es\/investigacion\/","og_locale":"es_ES","og_type":"article","og_title":"Investigaci\u00f3n - IGFAE","og_description":"[vc_row foundry_padding=\u00bbpt64 pb64&#8243; css=\u00bb.vc_custom_1571158772211{border-right-width: 0px !important;border-bottom-width: 0px !important;border-left-width: 0px !important;}\u00bb][vc_column][vc_row_inner content_placement=\u00bbtop\u00bb css=\u00bb.vc_custom_1571158857854{background-image: url(https:\/\/igfae.usc.es\/igfaedb\/wp-content\/uploads\/2017\/11\/fondo.jpg?id=122) !important;}\u00bb][vc_column_inner][vc_column_text css=\u00bb.vc_custom_1571160492084{margin-bottom: -8px !important;padding-right: 25px !important;padding-left: 25px !important;}\u00bb]...","og_url":"https:\/\/igfae.usc.es\/igfaedb\/es\/investigacion\/","og_site_name":"IGFAE","article_modified_time":"2023-06-12T09:08:37+00:00","og_image":[{"width":1920,"height":847,"url":"https:\/\/igfae.usc.es\/igfaedb\/wp-content\/uploads\/2017\/11\/Transicion-azul-Indicadores.png","type":"image\/png"}],"twitter_card":"summary_large_image","twitter_site":"@igfae_hep","twitter_misc":{"Tiempo de lectura":"3 minutos"},"schema":{"@context":"https:\/\/schema.org","@graph":[{"@type":"WebSite","@id":"https:\/\/igfae.usc.es\/igfaedb\/#website","url":"https:\/\/igfae.usc.es\/igfaedb\/","name":"IGFAE","description":"Instituto Galego de F\u00edsica de Altas Enerx\u00edas","potentialAction":[{"@type":"SearchAction","target":{"@type":"EntryPoint","urlTemplate":"https:\/\/igfae.usc.es\/igfaedb\/?s={search_term_string}"},"query-input":"required name=search_term_string"}],"inLanguage":"es"},{"@type":"ImageObject","@id":"https:\/\/igfae.usc.es\/igfaedb\/es\/investigacion\/#primaryimage","inLanguage":"es","url":"https:\/\/igfae.usc.es\/igfaedb\/wp-content\/uploads\/2017\/11\/Transicion-azul-Indicadores.png","contentUrl":"https:\/\/igfae.usc.es\/igfaedb\/wp-content\/uploads\/2017\/11\/Transicion-azul-Indicadores.png","width":1920,"height":847},{"@type":"WebPage","@id":"https:\/\/igfae.usc.es\/igfaedb\/es\/investigacion\/#webpage","url":"https:\/\/igfae.usc.es\/igfaedb\/es\/investigacion\/","name":"Investigaci\u00f3n - IGFAE","isPartOf":{"@id":"https:\/\/igfae.usc.es\/igfaedb\/#website"},"primaryImageOfPage":{"@id":"https:\/\/igfae.usc.es\/igfaedb\/es\/investigacion\/#primaryimage"},"datePublished":"2017-11-30T10:45:18+00:00","dateModified":"2023-06-12T09:08:37+00:00","breadcrumb":{"@id":"https:\/\/igfae.usc.es\/igfaedb\/es\/investigacion\/#breadcrumb"},"inLanguage":"es","potentialAction":[{"@type":"ReadAction","target":["https:\/\/igfae.usc.es\/igfaedb\/es\/investigacion\/"]}]},{"@type":"BreadcrumbList","@id":"https:\/\/igfae.usc.es\/igfaedb\/es\/investigacion\/#breadcrumb","itemListElement":[{"@type":"ListItem","position":1,"name":"Investigaci\u00f3n"}]}]}},"_links":{"self":[{"href":"https:\/\/igfae.usc.es\/igfaedb\/es\/wp-json\/wp\/v2\/pages\/2119"}],"collection":[{"href":"https:\/\/igfae.usc.es\/igfaedb\/es\/wp-json\/wp\/v2\/pages"}],"about":[{"href":"https:\/\/igfae.usc.es\/igfaedb\/es\/wp-json\/wp\/v2\/types\/page"}],"author":[{"embeddable":true,"href":"https:\/\/igfae.usc.es\/igfaedb\/es\/wp-json\/wp\/v2\/users\/1"}],"replies":[{"embeddable":true,"href":"https:\/\/igfae.usc.es\/igfaedb\/es\/wp-json\/wp\/v2\/comments?post=2119"}],"version-history":[{"count":12,"href":"https:\/\/igfae.usc.es\/igfaedb\/es\/wp-json\/wp\/v2\/pages\/2119\/revisions"}],"predecessor-version":[{"id":13598,"href":"https:\/\/igfae.usc.es\/igfaedb\/es\/wp-json\/wp\/v2\/pages\/2119\/revisions\/13598"}],"wp:featuredmedia":[{"embeddable":true,"href":"https:\/\/igfae.usc.es\/igfaedb\/es\/wp-json\/wp\/v2\/media\/1892"}],"wp:attachment":[{"href":"https:\/\/igfae.usc.es\/igfaedb\/es\/wp-json\/wp\/v2\/media?parent=2119"}],"curies":[{"name":"wp","href":"https:\/\/api.w.org\/{rel}","templated":true}]}}