



{"id":10306,"date":"2021-12-17T11:00:58","date_gmt":"2021-12-17T09:00:58","guid":{"rendered":"https:\/\/igfae.usc.es\/igfaedb\/?page_id=10306"},"modified":"2024-05-24T16:49:55","modified_gmt":"2024-05-24T14:49:55","slug":"transferencia-tecnologia-conocimiento","status":"publish","type":"page","link":"https:\/\/igfae.usc.es\/igfaedb\/es\/transferencia-tecnologia-conocimiento\/","title":{"rendered":"Innovaci\u00f3n, Conocimiento y Transferencia de Tecnolog\u00eda"},"content":{"rendered":"<p>[vc_row full_width=\u00bbstretch_row\u00bb foundry_padding=\u00bbpt0 pb0&#8243; foundry_parallax=\u00bbnot-parallax\u00bb css=\u00bb.vc_custom_1511969745245{background-image: url(https:\/\/igfae.usc.es\/igfaedb\/wp-content\/uploads\/2017\/11\/fondo.jpg?id=122) !important;}\u00bb][vc_column][vc_row_inner][vc_column_inner width=\u00bb5\/12&#8243; css=\u00bb.vc_custom_1511973380091{margin-bottom: 0px !important;padding-bottom: 0px !important;}\u00bb][vc_single_image image=\u00bb10299&#8243; img_size=\u00bbfull\u00bb][\/vc_column_inner][vc_column_inner width=\u00bb5\/12&#8243; offset=\u00bbvc_col-lg-offset-1&#8243; css=\u00bb.vc_custom_1634114147355{margin-bottom: 0px !important;padding-top: 30px !important;padding-right: 10px !important;padding-left: 10px !important;}\u00bb][vc_column_text css=\u00bb.vc_custom_1716562193743{margin-top: 0px !important;padding-top: 25px !important;}\u00bb]<\/p>\n<h3><span style=\"color: #055dbe;\"><strong>Innovaci\u00f3n, Conocimiento y Transferencia de Tecnolog\u00eda <\/strong><\/span><\/h3>\n<p class=\"lead\">El IGFAE es un centro de investigaci\u00f3n de referencia que favorece la conciliaci\u00f3n de la vida laboral y familiar, la promoci\u00f3n, la formaci\u00f3n y el desarrollo profesional, incluyendo acciones de transferencia de innovaci\u00f3n, conocimiento y tecnolog\u00eda. Para ello, la Unidad KTT del IGFAE asegura que cualquier investigador o investigadora que se incorpore a nuestro equipo tendr\u00e1 todos los recursos a mano. La unidad apoya las investigaciones de IGFAE en la b\u00fasqueda de conexiones con la industria, acciones de protecci\u00f3n intelectual o creaci\u00f3n de spin-off\/start-ups. Tenemos un compromiso con la innovaci\u00f3n, la transferencia de tecnolog\u00eda y el emprendimiento como una de las principales v\u00edas de formaci\u00f3n profesional de la comunidad universitaria.<\/p>\n<p class=\"lead\">El equipo de la Unidad KTT est\u00e1 capacitado para identificar resultados de investigaci\u00f3n transferibles, evaluar el potencial comercial, la PI, administrar contratos para resultados de transferencia, apoyar y asesorar sobre iniciativas industriales, formaci\u00f3n de ejecutivos y tambi\u00e9n proporcionar capacitaci\u00f3n relacionada con KTT. Adicionalmente, nuestra Unidad KTT cuenta con una estrecha colaboraci\u00f3n con el \u00c1rea de Valoraci\u00f3n, Transferencia y Emprendimiento de la USC, que es el servicio encargado de la difusi\u00f3n y promoci\u00f3n de la cultura KTT entre la comunidad universitaria, entre otros.<\/p>\n<p class=\"lead\" style=\"text-align: center;\"><strong><a class=\"btn btn-rounded\" href=\"https:\/\/igfae.usc.es\/igfaedb\/wp-content\/uploads\/2023\/12\/General_Innovation_and_Transfer_Plan.pdf\" target=\"_blank\" rel=\"noopener\">Descarga aqu\u00ed el plan inicial de Innovaci\u00f3n y Transferencia del IGFAE<\/a><\/strong><\/p>\n<p class=\"lead\">Para consultas de KTT, contacta al responsable de la Unidad de Innovaci\u00f3n, Conocimiento y Transferencia de Tecnolog\u00eda, Pablo Cabanelas, en:<\/p>\n<p class=\"lead\">Email: <a href=\"mailto:pablo.cabanelas@usc.es\">pablo.cabanelas@usc.es<\/a><br \/>\nTel: +34881813636<\/p>\n<p>[\/vc_column_text][\/vc_column_inner][\/vc_row_inner][\/vc_column][\/vc_row][vc_row full_width=\u00bbstretch_row\u00bb foundry_padding=\u00bbpt0 pb0&#8243; foundry_parallax=\u00bbnot-parallax\u00bb css=\u00bb.vc_custom_1511969745245{background-image: url(https:\/\/igfae.usc.es\/igfaedb\/wp-content\/uploads\/2017\/11\/fondo.jpg?id=122) !important;}\u00bb][vc_column width=\u00bb1\/6&#8243;][\/vc_column][vc_column width=\u00bb2\/3&#8243;][vc_btn title=\u00bb\u00bfQuiere conocer nuestras instalaciones, equipos, capacidades y laboratorios? Descargue nuestro Cat\u00e1logo de Servicios en Transferencia de Conocimiento y Tecnolog\u00eda\u00bb style=\u00bboutline\u00bb shape=\u00bbsquare\u00bb color=\u00bbsky\u00bb align=\u00bbcenter\u00bb button_block=\u00bbtrue\u00bb link=\u00bburl:https%3A%2F%2Figfae.usc.es%2Figfae%2Fwp-content%2Fuploads%2F2022%2F12%2FIGFAE_Catalogo_de_Servicios_2022.pdf|target:_blank\u00bb][vc_basic_grid post_type=\u00bbpost\u00bb max_items=\u00bb\u00bb style=\u00bbpagination\u00bb items_per_page=\u00bb3&#8243; arrows_design=\u00bbvc_arrow-icon-arrow_01_left\u00bb arrows_position=\u00bboutside\u00bb paging_color=\u00bbblue\u00bb loop=\u00bbyes\u00bb grid_id=\u00bbvc_gid:1716562156862-ec7431cb88e410ad623dc91d7b8a6231-1&#8243; taxonomies=\u00bb198, 130&#8243;][\/vc_column][vc_column width=\u00bb1\/6&#8243;][\/vc_column][\/vc_row]<\/p>\n","protected":false},"excerpt":{"rendered":"<p>[vc_row full_width=\u00bbstretch_row\u00bb foundry_padding=\u00bbpt0 pb0&#8243; foundry_parallax=\u00bbnot-parallax\u00bb css=\u00bb.vc_custom_1511969745245{background-image: url(https:\/\/igfae.usc.es\/igfaedb\/wp-content\/uploads\/2017\/11\/fondo.jpg?id=122) !important;}\u00bb][vc_column][vc_row_inner][vc_column_inner width=\u00bb5\/12&#8243; css=\u00bb.vc_custom_1511973380091{margin-bottom: 0px !important;padding-bottom: 0px !important;}\u00bb][vc_single_image image=\u00bb10299&#8243; img_size=\u00bbfull\u00bb][\/vc_column_inner][vc_column_inner width=\u00bb5\/12&#8243; offset=\u00bbvc_col-lg-offset-1&#8243; css=\u00bb.vc_custom_1634114147355{margin-bottom: 0px !important;padding-top:&#8230;<\/p>\n","protected":false},"author":21,"featured_media":1892,"parent":0,"menu_order":0,"comment_status":"closed","ping_status":"closed","template":"","meta":{"om_disable_all_campaigns":false,"_monsterinsights_skip_tracking":false,"_monsterinsights_sitenote_active":false,"_monsterinsights_sitenote_note":"","_monsterinsights_sitenote_category":0},"aioseo_notices":[],"yoast_head":"<!-- This site is optimized with the Yoast SEO plugin v18.4.1 - https:\/\/yoast.com\/wordpress\/plugins\/seo\/ -->\n<title>Innovaci\u00f3n, Conocimiento y Transferencia de Tecnolog\u00eda - IGFAE<\/title>\n<meta name=\"robots\" content=\"index, follow, max-snippet:-1, max-image-preview:large, max-video-preview:-1\" \/>\n<link rel=\"canonical\" href=\"https:\/\/igfae.usc.es\/igfaedb\/es\/transferencia-tecnologia-conocimiento\/\" \/>\n<meta property=\"og:locale\" content=\"es_ES\" \/>\n<meta property=\"og:type\" content=\"article\" \/>\n<meta property=\"og:title\" content=\"Innovaci\u00f3n, Conocimiento y Transferencia de Tecnolog\u00eda - IGFAE\" \/>\n<meta property=\"og:description\" content=\"[vc_row full_width=\u00bbstretch_row\u00bb foundry_padding=\u00bbpt0 pb0&#8243; foundry_parallax=\u00bbnot-parallax\u00bb css=\u00bb.vc_custom_1511969745245{background-image: url(https:\/\/igfae.usc.es\/igfaedb\/wp-content\/uploads\/2017\/11\/fondo.jpg?id=122) !important;}\u00bb][vc_column][vc_row_inner][vc_column_inner width=\u00bb5\/12&#8243; css=\u00bb.vc_custom_1511973380091{margin-bottom: 0px !important;padding-bottom: 0px !important;}\u00bb][vc_single_image image=\u00bb10299&#8243; img_size=\u00bbfull\u00bb][\/vc_column_inner][vc_column_inner width=\u00bb5\/12&#8243; offset=\u00bbvc_col-lg-offset-1&#8243; css=\u00bb.vc_custom_1634114147355{margin-bottom: 0px !important;padding-top:...\" \/>\n<meta property=\"og:url\" content=\"https:\/\/igfae.usc.es\/igfaedb\/es\/transferencia-tecnologia-conocimiento\/\" \/>\n<meta property=\"og:site_name\" content=\"IGFAE\" \/>\n<meta property=\"article:modified_time\" content=\"2024-05-24T14:49:55+00:00\" \/>\n<meta property=\"og:image\" content=\"https:\/\/igfae.usc.es\/igfaedb\/wp-content\/uploads\/2017\/11\/Transicion-azul-Indicadores.png\" \/>\n\t<meta property=\"og:image:width\" content=\"1920\" \/>\n\t<meta property=\"og:image:height\" content=\"847\" \/>\n\t<meta property=\"og:image:type\" content=\"image\/png\" \/>\n<meta name=\"twitter:card\" content=\"summary_large_image\" \/>\n<meta name=\"twitter:site\" content=\"@igfae_hep\" \/>\n<meta name=\"twitter:label1\" content=\"Tiempo de lectura\" \/>\n\t<meta name=\"twitter:data1\" content=\"2 minutos\" \/>\n<script type=\"application\/ld+json\" class=\"yoast-schema-graph\">{\"@context\":\"https:\/\/schema.org\",\"@graph\":[{\"@type\":\"WebSite\",\"@id\":\"https:\/\/igfae.usc.es\/igfaedb\/#website\",\"url\":\"https:\/\/igfae.usc.es\/igfaedb\/\",\"name\":\"IGFAE\",\"description\":\"Instituto Galego de F\u00edsica de Altas Enerx\u00edas\",\"potentialAction\":[{\"@type\":\"SearchAction\",\"target\":{\"@type\":\"EntryPoint\",\"urlTemplate\":\"https:\/\/igfae.usc.es\/igfaedb\/?s={search_term_string}\"},\"query-input\":\"required name=search_term_string\"}],\"inLanguage\":\"es\"},{\"@type\":\"ImageObject\",\"@id\":\"https:\/\/igfae.usc.es\/igfaedb\/es\/transferencia-tecnologia-conocimiento\/#primaryimage\",\"inLanguage\":\"es\",\"url\":\"https:\/\/igfae.usc.es\/igfaedb\/wp-content\/uploads\/2017\/11\/Transicion-azul-Indicadores.png\",\"contentUrl\":\"https:\/\/igfae.usc.es\/igfaedb\/wp-content\/uploads\/2017\/11\/Transicion-azul-Indicadores.png\",\"width\":1920,\"height\":847},{\"@type\":\"WebPage\",\"@id\":\"https:\/\/igfae.usc.es\/igfaedb\/es\/transferencia-tecnologia-conocimiento\/#webpage\",\"url\":\"https:\/\/igfae.usc.es\/igfaedb\/es\/transferencia-tecnologia-conocimiento\/\",\"name\":\"Innovaci\u00f3n, Conocimiento y Transferencia de Tecnolog\u00eda - IGFAE\",\"isPartOf\":{\"@id\":\"https:\/\/igfae.usc.es\/igfaedb\/#website\"},\"primaryImageOfPage\":{\"@id\":\"https:\/\/igfae.usc.es\/igfaedb\/es\/transferencia-tecnologia-conocimiento\/#primaryimage\"},\"datePublished\":\"2021-12-17T09:00:58+00:00\",\"dateModified\":\"2024-05-24T14:49:55+00:00\",\"breadcrumb\":{\"@id\":\"https:\/\/igfae.usc.es\/igfaedb\/es\/transferencia-tecnologia-conocimiento\/#breadcrumb\"},\"inLanguage\":\"es\",\"potentialAction\":[{\"@type\":\"ReadAction\",\"target\":[\"https:\/\/igfae.usc.es\/igfaedb\/es\/transferencia-tecnologia-conocimiento\/\"]}]},{\"@type\":\"BreadcrumbList\",\"@id\":\"https:\/\/igfae.usc.es\/igfaedb\/es\/transferencia-tecnologia-conocimiento\/#breadcrumb\",\"itemListElement\":[{\"@type\":\"ListItem\",\"position\":1,\"name\":\"Innovaci\u00f3n, Conocimiento y Transferencia de Tecnolog\u00eda\"}]}]}<\/script>\n<!-- \/ Yoast SEO plugin. -->","yoast_head_json":{"title":"Innovaci\u00f3n, Conocimiento y Transferencia de Tecnolog\u00eda - IGFAE","robots":{"index":"index","follow":"follow","max-snippet":"max-snippet:-1","max-image-preview":"max-image-preview:large","max-video-preview":"max-video-preview:-1"},"canonical":"https:\/\/igfae.usc.es\/igfaedb\/es\/transferencia-tecnologia-conocimiento\/","og_locale":"es_ES","og_type":"article","og_title":"Innovaci\u00f3n, Conocimiento y Transferencia de Tecnolog\u00eda - IGFAE","og_description":"[vc_row full_width=\u00bbstretch_row\u00bb foundry_padding=\u00bbpt0 pb0&#8243; foundry_parallax=\u00bbnot-parallax\u00bb css=\u00bb.vc_custom_1511969745245{background-image: url(https:\/\/igfae.usc.es\/igfaedb\/wp-content\/uploads\/2017\/11\/fondo.jpg?id=122) !important;}\u00bb][vc_column][vc_row_inner][vc_column_inner width=\u00bb5\/12&#8243; css=\u00bb.vc_custom_1511973380091{margin-bottom: 0px !important;padding-bottom: 0px !important;}\u00bb][vc_single_image image=\u00bb10299&#8243; img_size=\u00bbfull\u00bb][\/vc_column_inner][vc_column_inner width=\u00bb5\/12&#8243; offset=\u00bbvc_col-lg-offset-1&#8243; css=\u00bb.vc_custom_1634114147355{margin-bottom: 0px !important;padding-top:...","og_url":"https:\/\/igfae.usc.es\/igfaedb\/es\/transferencia-tecnologia-conocimiento\/","og_site_name":"IGFAE","article_modified_time":"2024-05-24T14:49:55+00:00","og_image":[{"width":1920,"height":847,"url":"https:\/\/igfae.usc.es\/igfaedb\/wp-content\/uploads\/2017\/11\/Transicion-azul-Indicadores.png","type":"image\/png"}],"twitter_card":"summary_large_image","twitter_site":"@igfae_hep","twitter_misc":{"Tiempo de lectura":"2 minutos"},"schema":{"@context":"https:\/\/schema.org","@graph":[{"@type":"WebSite","@id":"https:\/\/igfae.usc.es\/igfaedb\/#website","url":"https:\/\/igfae.usc.es\/igfaedb\/","name":"IGFAE","description":"Instituto Galego de F\u00edsica de Altas Enerx\u00edas","potentialAction":[{"@type":"SearchAction","target":{"@type":"EntryPoint","urlTemplate":"https:\/\/igfae.usc.es\/igfaedb\/?s={search_term_string}"},"query-input":"required name=search_term_string"}],"inLanguage":"es"},{"@type":"ImageObject","@id":"https:\/\/igfae.usc.es\/igfaedb\/es\/transferencia-tecnologia-conocimiento\/#primaryimage","inLanguage":"es","url":"https:\/\/igfae.usc.es\/igfaedb\/wp-content\/uploads\/2017\/11\/Transicion-azul-Indicadores.png","contentUrl":"https:\/\/igfae.usc.es\/igfaedb\/wp-content\/uploads\/2017\/11\/Transicion-azul-Indicadores.png","width":1920,"height":847},{"@type":"WebPage","@id":"https:\/\/igfae.usc.es\/igfaedb\/es\/transferencia-tecnologia-conocimiento\/#webpage","url":"https:\/\/igfae.usc.es\/igfaedb\/es\/transferencia-tecnologia-conocimiento\/","name":"Innovaci\u00f3n, Conocimiento y Transferencia de Tecnolog\u00eda - IGFAE","isPartOf":{"@id":"https:\/\/igfae.usc.es\/igfaedb\/#website"},"primaryImageOfPage":{"@id":"https:\/\/igfae.usc.es\/igfaedb\/es\/transferencia-tecnologia-conocimiento\/#primaryimage"},"datePublished":"2021-12-17T09:00:58+00:00","dateModified":"2024-05-24T14:49:55+00:00","breadcrumb":{"@id":"https:\/\/igfae.usc.es\/igfaedb\/es\/transferencia-tecnologia-conocimiento\/#breadcrumb"},"inLanguage":"es","potentialAction":[{"@type":"ReadAction","target":["https:\/\/igfae.usc.es\/igfaedb\/es\/transferencia-tecnologia-conocimiento\/"]}]},{"@type":"BreadcrumbList","@id":"https:\/\/igfae.usc.es\/igfaedb\/es\/transferencia-tecnologia-conocimiento\/#breadcrumb","itemListElement":[{"@type":"ListItem","position":1,"name":"Innovaci\u00f3n, Conocimiento y Transferencia de Tecnolog\u00eda"}]}]}},"_links":{"self":[{"href":"https:\/\/igfae.usc.es\/igfaedb\/es\/wp-json\/wp\/v2\/pages\/10306"}],"collection":[{"href":"https:\/\/igfae.usc.es\/igfaedb\/es\/wp-json\/wp\/v2\/pages"}],"about":[{"href":"https:\/\/igfae.usc.es\/igfaedb\/es\/wp-json\/wp\/v2\/types\/page"}],"author":[{"embeddable":true,"href":"https:\/\/igfae.usc.es\/igfaedb\/es\/wp-json\/wp\/v2\/users\/21"}],"replies":[{"embeddable":true,"href":"https:\/\/igfae.usc.es\/igfaedb\/es\/wp-json\/wp\/v2\/comments?post=10306"}],"version-history":[{"count":14,"href":"https:\/\/igfae.usc.es\/igfaedb\/es\/wp-json\/wp\/v2\/pages\/10306\/revisions"}],"predecessor-version":[{"id":14933,"href":"https:\/\/igfae.usc.es\/igfaedb\/es\/wp-json\/wp\/v2\/pages\/10306\/revisions\/14933"}],"wp:featuredmedia":[{"embeddable":true,"href":"https:\/\/igfae.usc.es\/igfaedb\/es\/wp-json\/wp\/v2\/media\/1892"}],"wp:attachment":[{"href":"https:\/\/igfae.usc.es\/igfaedb\/es\/wp-json\/wp\/v2\/media?parent=10306"}],"curies":[{"name":"wp","href":"https:\/\/api.w.org\/{rel}","templated":true}]}}