{"id":27,"date":"2024-02-01T17:11:15","date_gmt":"2024-02-01T17:11:15","guid":{"rendered":"https:\/\/igfae.usc.es\/datascience2024\/?page_id=27"},"modified":"2024-06-05T12:20:27","modified_gmt":"2024-06-05T12:20:27","slug":"school","status":"publish","type":"page","link":"https:\/\/igfae.usc.es\/datascience2024\/school\/","title":{"rendered":"School"},"content":{"rendered":"\n<h2 class=\"wp-block-heading alignwide has-text-align-center\" style=\"font-size:50px;line-height:1.1\">SCHOOL | <strong>3-4-5 June 2024<\/strong><\/h2>\n\n\n\n<h2 class=\"wp-block-heading alignwide has-text-align-center has-large-font-size\" style=\"line-height:1.1\"> <strong>Data Science in Fundamental Physics<\/strong><\/h2>\n\n\n\n<p class=\"has-text-align-center has-accent-1-color has-text-color has-link-color has-normal-font-size wp-elements-4e59938068227451a6fa054fb32b37b7\"><\/p>\n\n\n\n<p class=\"has-text-align-center has-accent-1-color has-text-color has-background has-link-color has-large-font-size wp-elements-ab567fe27ada4f61e47a9f64c0eb856f\" style=\"background-color:#8e8e8e\"><strong><a href=\"https:\/\/indico.cern.ch\/event\/1398900\/timetable\/#20240603\">Indico Link to talks &amp; materials<\/a><\/strong><\/p>\n\n\n\n<h2 class=\"wp-block-heading alignwide has-text-align-center has-accent-1-color has-text-color has-link-color wp-elements-c6f02d2bc5dbae4e2f486c69eb6b2ca4\" style=\"font-size:42px;font-style:normal;font-weight:700\"><\/h2>\n\n\n\n<hr class=\"wp-block-separator has-text-color has-accent-1-color has-alpha-channel-opacity has-accent-1-background-color has-background is-style-wide\"\/>\n\n\n\n<h2 class=\"wp-block-heading has-accent-1-color has-text-color has-link-color wp-elements-1119c2ec29d761dbffa3c3871034e6d1\" style=\"font-size:34px\"><strong>SPEAKERS<\/strong><\/h2>\n\n\n\n<div class=\"wp-block-columns is-layout-flex wp-container-core-columns-is-layout-9d6595d7 wp-block-columns-is-layout-flex\">\n<div class=\"wp-block-column is-layout-flow wp-block-column-is-layout-flow\">\n<div class=\"wp-block-media-text is-stacked-on-mobile is-vertically-aligned-top\" style=\"grid-template-columns:25% auto\"><figure class=\"wp-block-media-text__media\"><img loading=\"lazy\" decoding=\"async\" width=\"354\" height=\"472\" src=\"https:\/\/igfae.usc.es\/datascience2024\/wp-content\/uploads\/2024\/03\/glen-cowan.jpg\" alt=\"\" class=\"wp-image-771 size-full\" srcset=\"https:\/\/igfae.usc.es\/datascience2024\/wp-content\/uploads\/2024\/03\/glen-cowan.jpg 354w, https:\/\/igfae.usc.es\/datascience2024\/wp-content\/uploads\/2024\/03\/glen-cowan-225x300.jpg 225w\" sizes=\"auto, (max-width: 354px) 100vw, 354px\" \/><\/figure><div class=\"wp-block-media-text__content\">\n<p class=\"has-accent-1-color has-text-color has-link-color wp-elements-97ba2583b9eff793a9e506abe73211db\" style=\"font-size:30px\"><strong>Glen Cowan<\/strong><\/p>\n\n\n\n<p class=\"has-accent-1-color has-sitetext-background-color has-text-color has-background has-link-color wp-elements-da2e02d0b559bf879658c16b1c8d4a87\">Professor of Physics at Royal Holloway, University of London. Coordinator and developer of statistical methods in ATLAS experiment at CERN.<br>Author of the book &#8220;Statistical Data Analysis&#8221;. His current research is focused on analyzing data currently being collected by the ATLAS Experiment. Specifically, he is involved in coordinating and developing statistical methods and software for use by many studies carried out with ATLAS data.<\/p>\n\n\n\n<h2 class=\"wp-block-heading has-accent-1-color has-text-color has-link-color wp-elements-3d48b6e749450c2d6301a3373e13eccb\"><\/h2>\n\n\n\n<h2 class=\"wp-block-heading\"><\/h2>\n<\/div><\/div>\n<\/div>\n\n\n\n<div class=\"wp-block-column is-layout-flow wp-block-column-is-layout-flow\">\n<div class=\"wp-block-media-text is-stacked-on-mobile is-vertically-aligned-top\" style=\"grid-template-columns:25% auto\"><figure class=\"wp-block-media-text__media\"><img loading=\"lazy\" decoding=\"async\" width=\"355\" height=\"471\" src=\"https:\/\/igfae.usc.es\/datascience2024\/wp-content\/uploads\/2024\/03\/pietro-vischia-web.jpg\" alt=\"\" class=\"wp-image-776 size-full\" srcset=\"https:\/\/igfae.usc.es\/datascience2024\/wp-content\/uploads\/2024\/03\/pietro-vischia-web.jpg 355w, https:\/\/igfae.usc.es\/datascience2024\/wp-content\/uploads\/2024\/03\/pietro-vischia-web-226x300.jpg 226w\" sizes=\"auto, (max-width: 355px) 100vw, 355px\" \/><\/figure><div class=\"wp-block-media-text__content\">\n<p class=\"has-accent-1-color has-text-color has-link-color wp-elements-1767c53738d5dae805c16a748f751e93\" style=\"font-size:30px\"><strong>Pietro Vischia<\/strong><\/p>\n\n\n\n<p class=\"has-accent-1-color has-sitetext-background-color has-text-color has-background has-link-color wp-elements-4bb8833fcc5cd2661d52906373c72dfd\">Ram\u00f3n y Cajal senior researcher at the Universidad de Oviedo and ICTEA. <br>Machine Learning coordinador of the CMS Experiment at CERN.<br>Specialist in Machine Learning applied to High Energy Physics. Researcher in high-dimensional spaces via gradient descent, eventually powered by quantum algorithms, and on the extension of machine learning methods to realistic neurons with spiking networks, to be then implemented in neuromorphic hardware devices.<\/p>\n<\/div><\/div>\n<\/div>\n<\/div>\n\n\n\n<p class=\"has-text-align-center has-accent-1-color has-text-color has-link-color has-large-font-size wp-elements-a4c3a4cd50b2ae4a5a46e35ba280fed9\"><strong>Assistants<\/strong>: Lidia Carcedo, Imanol Corredoira, Carlos Herv\u00e9s, Miguel Martins, Mart\u00edn P\u00e9rez Maneiro, Felix Riehn, Emilio Xos\u00e9 Rodr\u00edguez, Sara Sellam<\/p>\n\n\n\n<div class=\"wp-block-columns alignwide are-vertically-aligned-center is-layout-flex wp-container-core-columns-is-layout-9d6595d7 wp-block-columns-is-layout-flex\">\n<div class=\"wp-block-column is-vertically-aligned-center is-layout-flow wp-block-column-is-layout-flow\" style=\"flex-basis:15%\">\n<div style=\"height:20px\" aria-hidden=\"true\" class=\"wp-block-spacer\"><\/div>\n\n\n\n<p class=\"has-text-align-center has-accent-1-color has-text-color has-background has-link-color has-normal-font-size wp-elements-d3898ec382fba90c3d1e84bcfa4a2899\" style=\"background-color:#9b9b9b\"><strong>TIME<\/strong><\/p>\n\n\n\n<div style=\"height:20px\" aria-hidden=\"true\" class=\"wp-block-spacer\"><\/div>\n\n\n\n<p class=\"has-text-align-right has-accent-1-color has-text-color has-background has-link-color has-normal-font-size wp-elements-f72f222335168ffaf4ba1b770d6cb00d\" style=\"background-color:#9b9b9b\"><strong>9:30 &#8211; 11:15<\/strong><\/p>\n\n\n\n<div style=\"height:20px\" aria-hidden=\"true\" class=\"wp-block-spacer\"><\/div>\n\n\n\n<p class=\"has-text-align-right has-accent-1-color has-text-color has-background has-link-color has-normal-font-size wp-elements-28de1b16018d6be20b0ec5084ce17a56\" style=\"background-color:#9b9b9b\"><strong>11:15  &#8211; 11:45<\/strong><\/p>\n\n\n\n<div style=\"height:20px\" aria-hidden=\"true\" class=\"wp-block-spacer\"><\/div>\n\n\n\n<p class=\"has-text-align-right has-accent-1-color has-text-color has-background has-link-color has-normal-font-size wp-elements-3fd63abee929b697c38f042cc515cdae\" style=\"background-color:#9b9b9b\"><strong>11:45 &#8211; 13:30<\/strong><\/p>\n\n\n\n<div style=\"height:20px\" aria-hidden=\"true\" class=\"wp-block-spacer\"><\/div>\n\n\n\n<p class=\"has-text-align-right has-accent-1-color has-text-color has-background has-link-color has-normal-font-size wp-elements-58e8685fe11099967a17c1a3538061e2\" style=\"background-color:#9b9b9b\"><strong>13:30 &#8211; 14:00<\/strong><\/p>\n\n\n\n<div style=\"height:20px\" aria-hidden=\"true\" class=\"wp-block-spacer\"><\/div>\n\n\n\n<p class=\"has-text-align-right has-accent-1-color has-text-color has-background has-link-color has-normal-font-size wp-elements-72b421a9d34e603352a08bf7765a3ec6\" style=\"background-color:#9b9b9b\"><strong>14:00 &#8211; 15:30<\/strong><\/p>\n\n\n\n<div style=\"height:20px\" aria-hidden=\"true\" class=\"wp-block-spacer\"><\/div>\n\n\n\n<p class=\"has-text-align-right has-accent-1-color has-text-color has-background has-link-color has-normal-font-size wp-elements-6ec3cfb6d43503ae2b3b0bc7d417852e\" style=\"background-color:#9b9b9b\"><strong>15:30 &#8211; 17:00<\/strong><\/p>\n\n\n\n<div style=\"height:20px\" aria-hidden=\"true\" class=\"wp-block-spacer\"><\/div>\n\n\n\n<p class=\"has-text-align-right has-accent-1-color has-text-color has-background has-link-color has-normal-font-size wp-elements-8367bd7ee274373be9cfc9af3fac5eb8\" style=\"background-color:#9b9b9b\"><strong>17:00 &#8211; 17:30<\/strong><\/p>\n\n\n\n<div style=\"height:20px\" aria-hidden=\"true\" class=\"wp-block-spacer\"><\/div>\n\n\n\n<p class=\"has-text-align-right has-accent-1-color has-text-color has-background has-link-color has-normal-font-size wp-elements-bfb5d8e36a21fd41f9c7866967bfad89\" style=\"background-color:#9b9b9b\"><strong>17:30 &#8211; 19:00<\/strong><\/p>\n\n\n\n<div style=\"height:20px\" aria-hidden=\"true\" class=\"wp-block-spacer\"><\/div>\n<\/div>\n\n\n\n<div class=\"wp-block-column is-vertically-aligned-center is-layout-flow wp-block-column-is-layout-flow\" style=\"flex-basis:80%\">\n<div class=\"wp-block-columns is-layout-flex wp-container-core-columns-is-layout-9d6595d7 wp-block-columns-is-layout-flex\">\n<div class=\"wp-block-column is-layout-flow wp-block-column-is-layout-flow\">\n<h3 class=\"wp-block-heading alignwide has-text-align-center has-accent-1-color has-text-color has-background has-link-color has-normal-font-size wp-elements-307970a020f75c01707373ca79e050ce\" style=\"background-color:#9b9b9b\"><strong>Monday 3<\/strong><\/h3>\n<\/div>\n\n\n\n<div class=\"wp-block-column is-layout-flow wp-block-column-is-layout-flow\">\n<h3 class=\"wp-block-heading has-text-align-center has-accent-1-color has-text-color has-background has-link-color has-normal-font-size wp-elements-6bd4b5cdb352957bf3a6a09c1b0ed070\" style=\"background-color:#9b9b9b\"><strong>Tuesday 4<\/strong><\/h3>\n<\/div>\n\n\n\n<div class=\"wp-block-column is-layout-flow wp-block-column-is-layout-flow\">\n<h3 class=\"wp-block-heading has-text-align-center has-accent-1-color has-text-color has-background has-link-color has-normal-font-size wp-elements-9d73e62fda0e53507b9eaf25bee6b58f\" style=\"background-color:#9b9b9b\"><strong>Wednesday 5<\/strong><\/h3>\n<\/div>\n<\/div>\n\n\n\n<h4 class=\"wp-block-heading has-text-align-center has-background has-normal-font-size\" style=\"background-color:#9b9b9b;font-style:normal;font-weight:400\"><strong>Probability &amp; Statistics<\/strong> &#8211;<strong> <\/strong>Glen Cowan (15 minutes break included)<\/h4>\n\n\n\n<h4 class=\"wp-block-heading has-text-align-center has-background has-normal-font-size\" style=\"background-color:#564900;font-style:normal;font-weight:400\">Coffee break<\/h4>\n\n\n\n<div style=\"height:1px\" aria-hidden=\"true\" class=\"wp-block-spacer\"><\/div>\n\n\n\n<h4 class=\"wp-block-heading has-text-align-center has-background has-normal-font-size\" style=\"background-color:#9b9b9b;font-style:normal;font-weight:400\"><strong>Machine Learning<\/strong> &#8211; Pietro Vischia (15 minutes break included)<\/h4>\n\n\n\n<div style=\"height:3px\" aria-hidden=\"true\" class=\"wp-block-spacer\"><\/div>\n\n\n\n<h4 class=\"wp-block-heading has-text-align-center has-background has-normal-font-size\" style=\"background-color:#080020;font-style:normal;font-weight:400\">Buffer time | 8 min walk to the <a href=\"https:\/\/cafeterialasso.gal\/\">lunch venue (Auditorio de Galicia)<\/a><\/h4>\n\n\n\n<h4 class=\"wp-block-heading has-text-align-center has-background has-normal-font-size\" style=\"background-color:#001e5d;font-style:normal;font-weight:400\">Lunch<\/h4>\n\n\n\n<h4 class=\"wp-block-heading has-text-align-center has-background has-normal-font-size\" style=\"background-color:#9b9b9b;font-style:normal;font-weight:400\">Hands on!<\/h4>\n\n\n\n<div style=\"height:1px\" aria-hidden=\"true\" class=\"wp-block-spacer\"><\/div>\n\n\n\n<h4 class=\"wp-block-heading has-text-align-center has-background has-normal-font-size\" style=\"background-color:#564900;font-style:normal;font-weight:400\">Coffee break<\/h4>\n\n\n\n<div style=\"height:1px\" aria-hidden=\"true\" class=\"wp-block-spacer\"><\/div>\n\n\n\n<h4 class=\"wp-block-heading has-text-align-center has-background has-normal-font-size\" style=\"background-color:#9b9b9b;font-style:normal;font-weight:400\">Hands on!<\/h4>\n<\/div>\n<\/div>\n\n\n\n<div class=\"wp-block-columns is-layout-flex wp-container-core-columns-is-layout-9d6595d7 wp-block-columns-is-layout-flex\">\n<div class=\"wp-block-column is-layout-flow wp-block-column-is-layout-flow\">\n<h2 class=\"wp-block-heading has-text-align-center has-background has-large-font-size\" style=\"background-color:#9b9b9b;font-style:normal;font-weight:400\"><strong>Probability &amp; Statistics<\/strong> &#8211; Glen Cowan<\/h2>\n\n\n\n<p class=\"has-text-align-center has-accent-1-color has-text-color has-background has-link-color wp-elements-f190cb0a0b84ea3fdfc685fc80f9b9b3\" style=\"background-color:#8e8e8e;font-size:18px\"><strong>1st Lecture<br><\/strong>Probability, Bayes vs. Frequentist | Frequentist parameter estimation | Hypothesis tests<\/p>\n\n\n\n<p class=\"has-text-align-center has-accent-1-color has-text-color has-background has-link-color wp-elements-dd0b41233a947d57270c8024cf7a606f\" style=\"background-color:#8e8e8e;font-size:18px\"><strong>2nd Lecture<br><\/strong>p-values | Confidence limits | Systematic uncertainties | Bayesian parameter estimation<\/p>\n\n\n\n<p class=\"has-text-align-center has-accent-1-color has-text-color has-background has-link-color wp-elements-ac8f6052fcfedf3fa441f0595dbbcd16\" style=\"background-color:#8e8e8e;font-size:18px\"><strong>3rd Lecture<br><\/strong>&nbsp;Significance, sensitivity | Bayes factors | Models for anomalies<\/p>\n<\/div>\n\n\n\n<div class=\"wp-block-column is-layout-flow wp-block-column-is-layout-flow\">\n<h2 class=\"wp-block-heading has-text-align-center has-background has-large-font-size\" style=\"background-color:#9b9b9b;font-style:normal;font-weight:400\"><strong>Machine Learning<\/strong> &#8211; Pietro Vischia<\/h2>\n\n\n\n<p class=\"has-text-align-center has-accent-1-color has-text-color has-background has-link-color wp-elements-d698f1f4b6bf3d5968cbad1d4f959047\" style=\"background-color:#8e8e8e;font-size:18px\"><strong>1st Lecture<br><\/strong>Mathematical foundations of ML | Vapnik&#8217;s theory of statistical learning | Early methods from statistics to ML: PCA, SVM, decision trees<\/p>\n\n\n\n<p class=\"has-text-align-center has-accent-1-color has-text-color has-background has-link-color wp-elements-d428b2ed04f684305ec7169823a6297d\" style=\"background-color:#8e8e8e;font-size:18px\"><strong>2nd Lecture<br><\/strong>Supervised learning: neural networks, gradient descent | Technical foundations: automatic differentiation | Hardware foundations: from CPUs to GPUs, TPUs, FPGAs, ASIC, neuromorphic circuits | Practical techniques (e.g. hyperparameters optimization, regularization)<\/p>\n\n\n\n<p class=\"has-text-align-center has-accent-1-color has-text-color has-background has-link-color wp-elements-e2f9d1a9549010f1aae6fc326cac61de\" style=\"background-color:#8e8e8e;font-size:18px\"><strong>3rd Lecture<br><\/strong>Transformers, large (language models) | Spiking networks | Unsupervised learning | Quantum machine learning<\/p>\n<\/div>\n<\/div>\n","protected":false},"excerpt":{"rendered":"<p>SCHOOL | 3-4-5 June 2024 Data Science in Fundamental Physics Indico Link to talks &amp; materials SPEAKERS Glen Cowan Professor of Physics at Royal Holloway, &hellip;<\/p>\n","protected":false},"author":1,"featured_media":0,"parent":0,"menu_order":0,"comment_status":"closed","ping_status":"closed","template":"","meta":{"footnotes":""},"class_list":["post-27","page","type-page","status-publish","hentry"],"yoast_head":"<!-- This site is optimized with the Yoast SEO plugin v24.5 - https:\/\/yoast.com\/wordpress\/plugins\/seo\/ -->\n<title>School - Data Science 2024<\/title>\n<meta name=\"robots\" content=\"index, follow, max-snippet:-1, max-image-preview:large, max-video-preview:-1\" \/>\n<link rel=\"canonical\" href=\"https:\/\/igfae.usc.es\/datascience2024\/school\/\" \/>\n<meta property=\"og:locale\" content=\"en_US\" \/>\n<meta property=\"og:type\" content=\"article\" \/>\n<meta property=\"og:title\" content=\"School - Data Science 2024\" \/>\n<meta property=\"og:description\" content=\"SCHOOL | 3-4-5 June 2024 Data Science in Fundamental Physics Indico Link to talks &amp; materials SPEAKERS Glen Cowan Professor of Physics at Royal Holloway, &hellip;\" \/>\n<meta property=\"og:url\" content=\"https:\/\/igfae.usc.es\/datascience2024\/school\/\" \/>\n<meta property=\"og:site_name\" content=\"Data Science in Fundamental Physics and the bridge to industry\" \/>\n<meta property=\"article:modified_time\" content=\"2024-06-05T12:20:27+00:00\" \/>\n<meta property=\"og:image\" content=\"https:\/\/igfae.usc.es\/datascience2024\/wp-content\/uploads\/2024\/03\/glen-cowan.jpg\" \/>\n<meta name=\"twitter:card\" content=\"summary_large_image\" \/>\n<meta name=\"twitter:label1\" content=\"Est. reading time\" \/>\n\t<meta name=\"twitter:data1\" content=\"2 minutes\" \/>\n<script type=\"application\/ld+json\" class=\"yoast-schema-graph\">{\"@context\":\"https:\/\/schema.org\",\"@graph\":[{\"@type\":\"WebPage\",\"@id\":\"https:\/\/igfae.usc.es\/datascience2024\/school\/\",\"url\":\"https:\/\/igfae.usc.es\/datascience2024\/school\/\",\"name\":\"School - Data Science 2024\",\"isPartOf\":{\"@id\":\"https:\/\/igfae.usc.es\/datascience2024\/#website\"},\"primaryImageOfPage\":{\"@id\":\"https:\/\/igfae.usc.es\/datascience2024\/school\/#primaryimage\"},\"image\":{\"@id\":\"https:\/\/igfae.usc.es\/datascience2024\/school\/#primaryimage\"},\"thumbnailUrl\":\"https:\/\/igfae.usc.es\/datascience2024\/wp-content\/uploads\/2024\/03\/glen-cowan.jpg\",\"datePublished\":\"2024-02-01T17:11:15+00:00\",\"dateModified\":\"2024-06-05T12:20:27+00:00\",\"inLanguage\":\"en-US\",\"potentialAction\":[{\"@type\":\"ReadAction\",\"target\":[\"https:\/\/igfae.usc.es\/datascience2024\/school\/\"]}]},{\"@type\":\"ImageObject\",\"inLanguage\":\"en-US\",\"@id\":\"https:\/\/igfae.usc.es\/datascience2024\/school\/#primaryimage\",\"url\":\"https:\/\/igfae.usc.es\/datascience2024\/wp-content\/uploads\/2024\/03\/glen-cowan.jpg\",\"contentUrl\":\"https:\/\/igfae.usc.es\/datascience2024\/wp-content\/uploads\/2024\/03\/glen-cowan.jpg\",\"width\":354,\"height\":472},{\"@type\":\"WebSite\",\"@id\":\"https:\/\/igfae.usc.es\/datascience2024\/#website\",\"url\":\"https:\/\/igfae.usc.es\/datascience2024\/\",\"name\":\"Data Science in Fundamental Physics and the bridge to industry\",\"description\":\"Santiago de Compostela, Galicia, Spain 3-7 June 2024\",\"potentialAction\":[{\"@type\":\"SearchAction\",\"target\":{\"@type\":\"EntryPoint\",\"urlTemplate\":\"https:\/\/igfae.usc.es\/datascience2024\/?s={search_term_string}\"},\"query-input\":{\"@type\":\"PropertyValueSpecification\",\"valueRequired\":true,\"valueName\":\"search_term_string\"}}],\"inLanguage\":\"en-US\"}]}<\/script>\n<!-- \/ Yoast SEO plugin. -->","yoast_head_json":{"title":"School - Data Science 2024","robots":{"index":"index","follow":"follow","max-snippet":"max-snippet:-1","max-image-preview":"max-image-preview:large","max-video-preview":"max-video-preview:-1"},"canonical":"https:\/\/igfae.usc.es\/datascience2024\/school\/","og_locale":"en_US","og_type":"article","og_title":"School - Data Science 2024","og_description":"SCHOOL | 3-4-5 June 2024 Data Science in Fundamental Physics Indico Link to talks &amp; materials SPEAKERS Glen Cowan Professor of Physics at Royal Holloway, &hellip;","og_url":"https:\/\/igfae.usc.es\/datascience2024\/school\/","og_site_name":"Data Science in Fundamental Physics and the bridge to industry","article_modified_time":"2024-06-05T12:20:27+00:00","og_image":[{"url":"https:\/\/igfae.usc.es\/datascience2024\/wp-content\/uploads\/2024\/03\/glen-cowan.jpg","type":"","width":"","height":""}],"twitter_card":"summary_large_image","twitter_misc":{"Est. reading time":"2 minutes"},"schema":{"@context":"https:\/\/schema.org","@graph":[{"@type":"WebPage","@id":"https:\/\/igfae.usc.es\/datascience2024\/school\/","url":"https:\/\/igfae.usc.es\/datascience2024\/school\/","name":"School - Data Science 2024","isPartOf":{"@id":"https:\/\/igfae.usc.es\/datascience2024\/#website"},"primaryImageOfPage":{"@id":"https:\/\/igfae.usc.es\/datascience2024\/school\/#primaryimage"},"image":{"@id":"https:\/\/igfae.usc.es\/datascience2024\/school\/#primaryimage"},"thumbnailUrl":"https:\/\/igfae.usc.es\/datascience2024\/wp-content\/uploads\/2024\/03\/glen-cowan.jpg","datePublished":"2024-02-01T17:11:15+00:00","dateModified":"2024-06-05T12:20:27+00:00","inLanguage":"en-US","potentialAction":[{"@type":"ReadAction","target":["https:\/\/igfae.usc.es\/datascience2024\/school\/"]}]},{"@type":"ImageObject","inLanguage":"en-US","@id":"https:\/\/igfae.usc.es\/datascience2024\/school\/#primaryimage","url":"https:\/\/igfae.usc.es\/datascience2024\/wp-content\/uploads\/2024\/03\/glen-cowan.jpg","contentUrl":"https:\/\/igfae.usc.es\/datascience2024\/wp-content\/uploads\/2024\/03\/glen-cowan.jpg","width":354,"height":472},{"@type":"WebSite","@id":"https:\/\/igfae.usc.es\/datascience2024\/#website","url":"https:\/\/igfae.usc.es\/datascience2024\/","name":"Data Science in Fundamental Physics and the bridge to industry","description":"Santiago de Compostela, Galicia, Spain 3-7 June 2024","potentialAction":[{"@type":"SearchAction","target":{"@type":"EntryPoint","urlTemplate":"https:\/\/igfae.usc.es\/datascience2024\/?s={search_term_string}"},"query-input":{"@type":"PropertyValueSpecification","valueRequired":true,"valueName":"search_term_string"}}],"inLanguage":"en-US"}]}},"_links":{"self":[{"href":"https:\/\/igfae.usc.es\/datascience2024\/wp-json\/wp\/v2\/pages\/27","targetHints":{"allow":["GET"]}}],"collection":[{"href":"https:\/\/igfae.usc.es\/datascience2024\/wp-json\/wp\/v2\/pages"}],"about":[{"href":"https:\/\/igfae.usc.es\/datascience2024\/wp-json\/wp\/v2\/types\/page"}],"author":[{"embeddable":true,"href":"https:\/\/igfae.usc.es\/datascience2024\/wp-json\/wp\/v2\/users\/1"}],"replies":[{"embeddable":true,"href":"https:\/\/igfae.usc.es\/datascience2024\/wp-json\/wp\/v2\/comments?post=27"}],"version-history":[{"count":123,"href":"https:\/\/igfae.usc.es\/datascience2024\/wp-json\/wp\/v2\/pages\/27\/revisions"}],"predecessor-version":[{"id":1114,"href":"https:\/\/igfae.usc.es\/datascience2024\/wp-json\/wp\/v2\/pages\/27\/revisions\/1114"}],"wp:attachment":[{"href":"https:\/\/igfae.usc.es\/datascience2024\/wp-json\/wp\/v2\/media?parent=27"}],"curies":[{"name":"wp","href":"https:\/\/api.w.org\/{rel}","templated":true}]}}