{"id":87,"date":"2021-06-14T11:49:50","date_gmt":"2021-06-14T11:49:50","guid":{"rendered":"https:\/\/igfae.usc.es\/100xciencia.5\/?page_id=87"},"modified":"2021-12-01T12:25:07","modified_gmt":"2021-12-01T12:25:07","slug":"press-room","status":"publish","type":"page","link":"https:\/\/igfae.usc.es\/100xciencia.5\/index.php\/press-room\/","title":{"rendered":"Press room"},"content":{"rendered":"<ul class=\"wp-block-latest-posts__list has-dates wp-block-latest-posts\"><li><a href=\"https:\/\/igfae.usc.es\/100xciencia.5\/index.php\/2021\/11\/26\/comienza-100xciencia-5-con-mas-de-120-asistentes-entre-personal-cientifico-directivo-y-comunicadores-de-la-red-somma\/\">Comienza 100xCiencia.5 con m\u00e1s de 120 asistentes entre personal cient\u00edfico, directivo y comunicadores de la red SOMMa<\/a><time datetime=\"2021-11-26T12:23:00+00:00\" class=\"wp-block-latest-posts__post-date\">November 26, 2021<\/time><div class=\"wp-block-latest-posts__post-excerpt\">El encuentro cient\u00edfico de la alianza SOMMa, la red de Centros Severo Ochoa\u2013Unidades Mar\u00eda de Maeztu, \u2018100 xCiencia.5: International dimension of science\u2019 ech\u00f3 a andar este viernes en la Ciudad de la Cultura de Santiago de Compostela con m\u00e1s de 120 personas inscritas entre &hellip; <p class=\"link-more\"><a href=\"https:\/\/igfae.usc.es\/100xciencia.5\/index.php\/2021\/11\/26\/comienza-100xciencia-5-con-mas-de-120-asistentes-entre-personal-cientifico-directivo-y-comunicadores-de-la-red-somma\/\" class=\"more-link\">Continue reading<span class=\"screen-reader-text\"> &#8220;Comienza 100xCiencia.5 con m\u00e1s de 120 asistentes entre personal cient\u00edfico, directivo y comunicadores de la red SOMMa&#8221;<\/span><\/a><\/p><\/div><\/li>\n<li><a href=\"https:\/\/igfae.usc.es\/100xciencia.5\/index.php\/2021\/11\/23\/100xciencia-5-en-santiago-de-compostela\/\">100xCiencia.5 re\u00fane a los centros y unidades de excelencia el 26 y 27 de noviembre en Santiago de Compostela<\/a><time datetime=\"2021-11-23T17:43:11+00:00\" class=\"wp-block-latest-posts__post-date\">November 23, 2021<\/time><div class=\"wp-block-latest-posts__post-excerpt\">La dimensi\u00f3n internacional de la ciencia ser\u00e1 el tema central de este encuentro destinado a personal investigador de la red SOMMa y comunicadores cient\u00edficos, con un foco en el papel esencial de las grandes infraestructuras internacionales, la cooperaci\u00f3n y el intercambio fluido de informaci\u00f3n &hellip; <p class=\"link-more\"><a href=\"https:\/\/igfae.usc.es\/100xciencia.5\/index.php\/2021\/11\/23\/100xciencia-5-en-santiago-de-compostela\/\" class=\"more-link\">Continue reading<span class=\"screen-reader-text\"> &#8220;100xCiencia.5 re\u00fane a los centros y unidades de excelencia el 26 y 27 de noviembre en Santiago de Compostela&#8221;<\/span><\/a><\/p><\/div><\/li>\n<\/ul>\n\n\n<p><\/p>\n","protected":false},"excerpt":{"rendered":"","protected":false},"author":1,"featured_media":0,"parent":0,"menu_order":0,"comment_status":"closed","ping_status":"closed","template":"","meta":[],"_links":{"self":[{"href":"https:\/\/igfae.usc.es\/100xciencia.5\/index.php\/wp-json\/wp\/v2\/pages\/87"}],"collection":[{"href":"https:\/\/igfae.usc.es\/100xciencia.5\/index.php\/wp-json\/wp\/v2\/pages"}],"about":[{"href":"https:\/\/igfae.usc.es\/100xciencia.5\/index.php\/wp-json\/wp\/v2\/types\/page"}],"author":[{"embeddable":true,"href":"https:\/\/igfae.usc.es\/100xciencia.5\/index.php\/wp-json\/wp\/v2\/users\/1"}],"replies":[{"embeddable":true,"href":"https:\/\/igfae.usc.es\/100xciencia.5\/index.php\/wp-json\/wp\/v2\/comments?post=87"}],"version-history":[{"count":3,"href":"https:\/\/igfae.usc.es\/100xciencia.5\/index.php\/wp-json\/wp\/v2\/pages\/87\/revisions"}],"predecessor-version":[{"id":634,"href":"https:\/\/igfae.usc.es\/100xciencia.5\/index.php\/wp-json\/wp\/v2\/pages\/87\/revisions\/634"}],"wp:attachment":[{"href":"https:\/\/igfae.usc.es\/100xciencia.5\/index.php\/wp-json\/wp\/v2\/media?parent=87"}],"curies":[{"name":"wp","href":"https:\/\/api.w.org\/{rel}","templated":true}]}}