{"id":83,"date":"2021-06-14T11:49:18","date_gmt":"2021-06-14T11:49:18","guid":{"rendered":"https:\/\/igfae.usc.es\/100xciencia.5\/?page_id=83"},"modified":"2021-11-17T13:17:39","modified_gmt":"2021-11-17T13:17:39","slug":"committees","status":"publish","type":"page","link":"https:\/\/igfae.usc.es\/100xciencia.5\/index.php\/committees\/","title":{"rendered":"Committees"},"content":{"rendered":"\n<p><strong>Local Organizing and Program Committee<\/strong><\/p>\n\n\n\n<p>Carlos A. Salgado (Director \u2013 chair)<br>N\u00e9stor Armesto (Associate Executive Director \u2013 co-chair)<br>Abraham Gallas (Associate Scientific Director \u2013 co-chair)<br>Jaime \u00c1lvarez (Executive Board member)<br>Dolores Cortina (Executive Board member)<br>Elena G. Ferreiro (Executive Board member)<br>Ricardo Rodr\u00edguez (Management Unit)<br>Berta Mar\u00eda Mari\u00f1o (Management Unit)<br>Elena Mora (Communication Officer)<br>Jos\u00e9 Edelstein (Outreach Working Group)<\/p>\n\n\n\n<p><strong>Scientific Advisory Committee<\/strong><\/p>\n\n\n\n<figure class=\"wp-block-table\"><table><tbody><tr><td>Jos\u00e9 M Mato<\/td><td>Asociaci\u00f3n Centro de Investigaci\u00f3n Coop en Biociencias (CIC bioGUNE)<\/td><\/tr><tr><td>Jos\u00e9 M. Mato<\/td><td>Asociaci\u00f3n Centro de Investigaci\u00f3n Cooperativa en Biomateriales (CIC biomaGUNE)<\/td><\/tr><tr><td>Jose M. Pitarke<\/td><td>Asociaci\u00f3n CIC nanoGUNE<\/td><\/tr><tr><td>Teresa Garc\u00eda-Mil\u00e0<\/td><td>Barcelona School of Economics (BSE)<\/td><\/tr><tr><td>Mateo Valero<\/td><td>Barcelona Supercomputing Center (BSC-CNS)<\/td><\/tr><tr><td>Luis Vega; Jos\u00e9 A. Lozano<\/td><td>Luis Vega; Jos\u00e9 A. Lozano Basque Center for Applied Mathematics (BCAM)<\/td><\/tr><tr><td>Manuel Carreiras<\/td><td>Basque Center on Cognition Brain and Language (BCBL)<\/td><\/tr><tr><td>Mar\u00eda Jos\u00e9 Sanz<\/td><td>Basque Centre for Climate Change (BC3)&nbsp;<\/td><\/tr><tr><td>Jose Luis Riechmann<\/td><td>Centre de Recerca en Agrigen\u00f3mica (CRAG)<\/td><\/tr><tr><td>Luis Serrano<\/td><td>Centre de Regulaci\u00f3 Gen\u00f2mica (CRG)<\/td><\/tr><tr><td>Eugenio&nbsp;O\u00f1ate&nbsp;Ib\u00e1\u00f1ez De Navarra<\/td><td>Centre Internacional de M\u00e8todes Num\u00e8rics a l\u2019Enginyeria (CIMNE)<\/td><\/tr><tr><td>V\u00edctor Parro<\/td><td>Centro de Astrobiolog\u00eda (CAB)<\/td><\/tr><tr><td>Antonio Molina<\/td><td>Centro de Biotecnolog\u00eda y Gen\u00f3mica de Plantas (CBGP)<\/td><\/tr><tr><td>Francisco Jos\u00e9 Garc\u00eda Vidal<\/td><td>Centro de Investigaci\u00f3n de F\u00edsica de la Materia Condensada (IFIMAC)<\/td><\/tr><tr><td>&nbsp;Llu\u00eds Alsed\u00e0&nbsp;i Soler<\/td><td>Centre de Recerca Matem\u00e0tica (CRM)<\/td><\/tr><tr><td>Joan Pino Vilalta<\/td><td>Centro de Investigaci\u00f3n Ecol\u00f3gica y Aplicaciones Forestales CCT (CREAF)<\/td><\/tr><tr><td>Nicanor Colino<\/td><td>Centro de Investigaciones Energ\u00e9ticas, Medioambientales y Tecnol\u00f3gicas &#8211; F\u00edsica de Part\u00edculas (CIEMAT)<\/td><\/tr><tr><td>Mario Mellado<\/td><td>Centro Nacional de Biotecnolog\u00eda (CNB)<\/td><\/tr><tr><td>Mar\u00eda Blasco<\/td><td>Centro Nacional de Investigaciones Oncol\u00f3gicas (CNIO)<\/td><\/tr><tr><td>Rafael Repullo<\/td><td>Centros de Estudios Monetarios y Financieros (CEMFI)<\/td><\/tr><tr><td>Emilio Camacho Poyato<\/td><td>Departamento de Agronom\u00eda, Universidad de C\u00f3rdoba (DAUCO)<\/td><\/tr><tr><td>James Castelli-Gair Hombr\u00eda<\/td><td>Departamento de Regulaci\u00f3n G\u00e9nica y Morfog\u00e9nesis (GEM)<\/td><\/tr><tr><td>Adriano Camps<\/td><td>Departamento Teor\u00eda de la Se\u00f1al y las Comunicaciones (COMMSENSLAB)<\/td><\/tr><tr><td>Ricardo Diez Mui\u00f1o; Juan Jose G\u00f3mez Cadenas<\/td><td>Fundaci\u00f3n Donostia International Physics Center (DIPC)<\/td><\/tr><tr><td>Ignacio Romero Olleros<\/td><td>Fundaci\u00f3n IMDEA Materiales (IMDEA Materiales)<\/td><\/tr><tr><td>Robert Sala Ramos<\/td><td>Institut Catal\u00e0 de Paleoecologia Humana i Evoluci\u00f3 Social (IPHES)<\/td><\/tr><tr><td>Ramon Miquel<\/td><td>Institut d&#8217; Fisica d Altes Energies (IFAE)<\/td><\/tr><tr><td>Josep Samitier<\/td><td>Institute for Bioengineering of Catalonia (IBEC)<\/td><\/tr><tr><td>Esteve Corbera, Xavier Gabarrell<\/td><td>Institut de Ciencia i Tecnologia Ambientals (ICTA)<\/td><\/tr><tr><td>Jordi Miralda<\/td><td>Institut de Ci\u00e8ncies del Cosmos (ICCUB)<\/td><\/tr><tr><td>Josep Llu\u00eds Pelegri; Josep Mar\u00eda Gasol<\/td><td>Institut de Ci\u00e8ncies del Mar (ICM &#8211; CSIC)<\/td><\/tr><tr><td>Jordi Alberch<\/td><td>Institut de Neuroci\u00e9ncies de la Universidad de Barcelona (UBNEURO)<\/td><\/tr><tr><td>Eliseo Ruiz Sabin<\/td><td>Institut de Qu\u00edmica Te\u00f2rica i Computacional (IQTCUB)<\/td><\/tr><tr><td>Francesc Posas<\/td><td>Institute for Research in Biomedicine (IRB Barcelona)<\/td><\/tr><tr><td>Emilio Palomares, Antonio M. Echavarren<\/td><td>Instituto Catal\u00e1n de Investigaci\u00f3n Qu\u00edmica (ICIQ)<\/td><\/tr><tr><td>Pablo Ordej\u00f3n<\/td><td>Instituto Catal\u00e1n de Nanociencia y Nanotecnolog\u00eda (ICN2)<\/td><\/tr><tr><td>Antxon Alberdi; Isabel M\u00e1rquez (SO scientific director)<\/td><td>Instituto de Astrof\u00edsica de Andaluc\u00eda (IAA)<\/td><\/tr><tr><td>Rafael Rebolo<\/td><td>Instituto de Astrof\u00edsica de Canarias (IAC)<\/td><\/tr><tr><td>Xavier Obradors<\/td><td>Instituto de Ciencia de Materiales de Barcelona (ICMAB)<\/td><\/tr><tr><td>Eugenio Coronado<\/td><td>Instituto de Ciencia Molecular (ICMOL)<\/td><\/tr><tr><td>Jos\u00e9 Mar\u00eda Martell Berrocal<\/td><td>Instituto de Ciencias Matem\u00e1ticas (ICMAT)<\/td><\/tr><tr><td>Joaqu\u00edn P\u00e9rez<\/td><td>Instituto de Ciencias Matem\u00e1ticas  de la Universidad de Granada (IMAG)<\/td><\/tr><tr><td>Lluis Torner<\/td><td>Instituto de Ciencias Fot\u00f3nicas (ICFO)<\/td><\/tr><tr><td>Teresa Moreno<\/td><td>Instituto de Diagn\u00f3stico Ambiental y Estudios del Agua (IDAEA)<\/td><\/tr><tr><td>Pilar Hern\u00e1ndez<\/td><td>Instituto de F\u00edsica Corpuscular (IFIC)<\/td><\/tr><tr><td>Jos\u00e9 Manuel Guti\u00e9rrez Llorente<\/td><td>Instituto de F\u00edsica de Cantabria (IFCA)<\/td><\/tr><tr><td>Emilio Hern\u00e1ndez-Garc\u00eda<\/td><td>Instituto de F\u00edsica Interdisciplinar y Sistemas Complejos (IFISC)<\/td><\/tr><tr><td>\u00c1ngel M. Uranga<\/td><td>Instituto de Fisica Teorica (IFT)<\/td><\/tr><tr><td>Angel Barco, Juan Lerma<\/td><td>Instituto de Neurociencias de Alicante (IN)<\/td><\/tr><tr><td>Juan Andrade; Alberto Sanfeliu Cortes<\/td><td>Instituto de Rob\u00f3tica e Inform\u00e1tica Industrial (IRI)<\/td><\/tr><tr><td>Manolis Kogevinas<\/td><td>Instituto de Salud Global de Barcelona (ISGlobal)<\/td><\/tr><tr><td>Avelino Corma Can\u00f3s; Fernando Rey Garc\u00eda<\/td><td>Instituto de Tecnolog\u00eda Qu\u00edmica (UPV-CSIC)<\/td><\/tr><tr><td>David Serrano<\/td><td>Instituto Madrile\u00f1o de Estudios Avanzados en Energ\u00eda (IMDEA Energ\u00eda)<\/td><\/tr><tr><td>Rodolfo Miranda<\/td><td>Instituto Madrile\u00f1o de Estudios Avanzados en Nanociencia (IMDEA)<\/td><\/tr><tr><td>Nuria Verdaguer<\/td><td>Unidad de Biolog\u00eda Estructural (SBU)<\/td><\/tr><tr><td>Carlos Velasco<\/td><td>Universidad Carlos III de Madrid &#8211; Departamento de Econom\u00eda (ECO-UC3M)<\/td><\/tr><tr><td>David Comas<\/td><td>Universitat Pompeu Fabra &#8211; Departamento de Ciencias Experimentales y de la Salud (DCEXS-UPF)<\/td><\/tr><tr><td>Carmen Buisan, \u00c1ngel Lozano<\/td><td>Universitat Pompeu Fabra &#8211; Departamento Tecnolog\u00edas de la Informaci\u00f3n y las Comunicaciones (DTIC-UPF)<\/td><\/tr><\/tbody><\/table><\/figure>\n","protected":false},"excerpt":{"rendered":"<p>Local Organizing and Program Committee Carlos A. Salgado (Director \u2013 chair)N\u00e9stor Armesto (Associate Executive Director \u2013 co-chair)Abraham Gallas (Associate Scientific Director \u2013 co-chair)Jaime \u00c1lvarez (Executive Board member)Dolores Cortina (Executive Board member)Elena G. Ferreiro (Executive Board member)Ricardo Rodr\u00edguez (Management Unit)Berta Mar\u00eda Mari\u00f1o (Management Unit)Elena Mora (Communication Officer)Jos\u00e9 Edelstein (Outreach Working Group) Scientific Advisory Committee Jos\u00e9 M &hellip; <\/p>\n<p class=\"link-more\"><a href=\"https:\/\/igfae.usc.es\/100xciencia.5\/index.php\/committees\/\" class=\"more-link\">Continue reading<span class=\"screen-reader-text\"> &#8220;Committees&#8221;<\/span><\/a><\/p>\n","protected":false},"author":1,"featured_media":0,"parent":0,"menu_order":0,"comment_status":"closed","ping_status":"closed","template":"","meta":[],"_links":{"self":[{"href":"https:\/\/igfae.usc.es\/100xciencia.5\/index.php\/wp-json\/wp\/v2\/pages\/83"}],"collection":[{"href":"https:\/\/igfae.usc.es\/100xciencia.5\/index.php\/wp-json\/wp\/v2\/pages"}],"about":[{"href":"https:\/\/igfae.usc.es\/100xciencia.5\/index.php\/wp-json\/wp\/v2\/types\/page"}],"author":[{"embeddable":true,"href":"https:\/\/igfae.usc.es\/100xciencia.5\/index.php\/wp-json\/wp\/v2\/users\/1"}],"replies":[{"embeddable":true,"href":"https:\/\/igfae.usc.es\/100xciencia.5\/index.php\/wp-json\/wp\/v2\/comments?post=83"}],"version-history":[{"count":14,"href":"https:\/\/igfae.usc.es\/100xciencia.5\/index.php\/wp-json\/wp\/v2\/pages\/83\/revisions"}],"predecessor-version":[{"id":539,"href":"https:\/\/igfae.usc.es\/100xciencia.5\/index.php\/wp-json\/wp\/v2\/pages\/83\/revisions\/539"}],"wp:attachment":[{"href":"https:\/\/igfae.usc.es\/100xciencia.5\/index.php\/wp-json\/wp\/v2\/media?parent=83"}],"curies":[{"name":"wp","href":"https:\/\/api.w.org\/{rel}","templated":true}]}}